{"id":80509,"date":"2023-08-29T15:36:33","date_gmt":"2023-08-29T15:36:33","guid":{"rendered":"https:\/\/bobimarket.pl\/index.php\/produkt\/krazek-scierny-papier-rzep-klingspor-gr-220-10szt\/"},"modified":"2025-02-27T13:31:40","modified_gmt":"2025-02-27T13:31:40","slug":"krazek-scierny-papier-rzep-klingspor-gr-220-10szt","status":"publish","type":"product","link":"https:\/\/bobimarket.pl\/index.php\/produkt\/krazek-scierny-papier-rzep-klingspor-gr-220-10szt\/","title":{"rendered":"KR\u0104\u017bEK \u015aCIERNY PAPIER RZEP KLINGSPOR GR 220 10szt."},"content":{"rendered":"<section class=\"section\">\n<div class=\"item item-6\">\n<section class=\"image-item\">\n            <img decoding=\"async\" src=\"https:\/\/upload.cdn.baselinker.com\/products\/14476\/a2a03047e81dca6083b73ae9c3d43e15.jpg\" \/><br \/>\n        <\/section>\n<\/p><\/div>\n<div class=\"item item-6\">\n<section class=\"text-item\">\n<h2>Kr\u0105\u017cek na rzep Klingspor 125 mm P220 10szt.<\/h2>\n<p>Informacje og\u00f3lne:<\/p>\n<ul>\n<li>Marka: <b>Klingspor<\/b><\/li>\n<li>Gradacja <b>220<\/b><\/li>\n<li>\u015arednica <b>125 mm<\/b><\/li>\n<li>Dobrej jako\u015bci papier \u015bcierny<\/li>\n<li>Wytrzyma\u0142y podk\u0142ad i welur<\/li>\n<li>Ziarno \u015bcierne o dobrej ostro\u015bci<\/li>\n<li><b>1 KOMPLET to 10 SZTUK<\/b><\/li>\n<\/ul>\n<p>\u00a0<b>NA INNYCH AUKCJACH INNE GRADACJE<\/b><\/p>\n<p>\u00a0<\/p>\n<\/section><\/div>\n<\/section>\n<section class=\"section\">\n<div class=\"item item-6\">\n<section class=\"image-item\">\n            <img decoding=\"async\" src=\"https:\/\/upload.cdn.baselinker.com\/products\/14476\/72de0a45b5ba436bdd5d36ec48dd65a3.jpg\" \/><br \/>\n        <\/section>\n<\/p><\/div>\n<div class=\"item item-6\">\n<section class=\"text-item\">\n<h2>\u2705 Zastosowanie:<\/h2>\n<p>Praktyczny kr\u0105\u017cek na rzep mo\u017ce Ci pos\u0142u\u017cy\u0107 do pracy w profesjonalnym lub przydomowym warsztacie. Wykorzystasz go jako idealne uzupe\u0142nienie Twojej szlifierki, zapewniaj\u0105c jej wydajniejsz\u0105 prac\u0119.<\/p>\n<ul>\n<li>Wykonany z<b> elektrokorundu<\/b> element wykazuje trwa\u0142o\u015b\u0107 \u2013 mo\u017ce by\u0107 zatem u\u017cywany przez d\u0142u\u017cszy czas, bez obawy o utrat\u0119 swojej funkcjonalno\u015bci.<\/li>\n<li>Produkt pozwoli Ci <b>przygotowa\u0107 \u015bcian\u0119 na malowanie<\/b> \u2013 dzi\u0119ki niemu usuniesz z niej zabrudzenia oraz wyr\u00f3wnasz j\u0105 tak, by aplikowana farba wch\u0142ania\u0142a si\u0119 r\u00f3wnomiernie.<\/li>\n<li>Kr\u0105\u017cek umo\u017cliwi Ci tak\u017ce <b>usuni\u0119cie pozosta\u0142o\u015bci farby lub rdzy z metalowych powierzchni.<\/b><\/li>\n<\/ul>\n<p>Mo\u017cemy Ci r\u00f3wnie\u017c zaproponowa\u0107 inne kr\u0105\u017cki szlifierskie, kt\u00f3re pomog\u0105 Ci wykona\u0107 prac\u0119. Bez trudu wybierzesz zatem w\u0142a\u015bciwy element.<\/p>\n<\/section><\/div>\n<\/section>\n<section class=\"section\">\n<div class=\"item item-6\">\n<section class=\"image-item\">\n            <img decoding=\"async\" src=\"https:\/\/upload.cdn.baselinker.com\/products\/14476\/64527e0f388daf4177b0577acb4c9877.jpg\" \/><br \/>\n        <\/section>\n<\/p><\/div>\n<div class=\"item item-6\">\n<section class=\"image-item\">\n            <img decoding=\"async\" src=\"https:\/\/upload.cdn.baselinker.com\/products\/14476\/27af45dedd112d44ad1bae28b40990ce.jpg\" \/><br \/>\n        <\/section>\n<\/p><\/div>\n<\/section>\n","protected":false},"excerpt":{"rendered":"<p>Kr\u0105\u017cek na rzep Klingspor 125 mm P220 10szt. Informacje og\u00f3lne: Marka: Klingspor Gradacja 220 \u015arednica 125 mm Dobrej jako\u015bci papier \u015bcierny Wytrzyma\u0142y podk\u0142ad i welur Ziarno \u015bcierne o dobrej ostro\u015bci 1 KOMPLET to 10 SZTUK \u00a0NA INNYCH AUKCJACH INNE GRADACJE \u00a0 \u2705 Zastosowanie: Praktyczny kr\u0105\u017cek na rzep mo\u017ce Ci pos\u0142u\u017cy\u0107 do pracy w profesjonalnym lub<br \/><a class=\"more-link\" href=\"https:\/\/bobimarket.pl\/index.php\/produkt\/krazek-scierny-papier-rzep-klingspor-gr-220-10szt\/\"><br \/>\n        Czytaj wi\u0119cej<span class=\"screen-reader-text\"> &#8222;KR\u0104\u017bEK \u015aCIERNY PAPIER RZEP KLINGSPOR GR 220 10szt.&#8221;<\/span><\/a><\/p>\n","protected":false},"featured_media":80505,"template":"","meta":[],"product_cat":[8135],"product_tag":[],"yoast_head":"<!-- This site is optimized with the Yoast SEO plugin v21.0 - https:\/\/yoast.com\/wordpress\/plugins\/seo\/ -->\n<title>KR\u0104\u017bEK \u015aCIERNY PAPIER RZEP KLINGSPOR GR 220 10szt. - BOBIMARKET.pl - Remontuj i urz\u0105dzaj z nami<\/title>\n<meta name=\"robots\" content=\"index, follow, max-snippet:-1, max-image-preview:large, max-video-preview:-1\" \/>\n<link rel=\"canonical\" href=\"https:\/\/bobimarket.pl\/index.php\/produkt\/krazek-scierny-papier-rzep-klingspor-gr-220-10szt\/\" \/>\n<meta property=\"og:locale\" content=\"pl_PL\" \/>\n<meta property=\"og:type\" content=\"article\" \/>\n<meta property=\"og:title\" content=\"KR\u0104\u017bEK \u015aCIERNY PAPIER RZEP KLINGSPOR GR 220 10szt. - BOBIMARKET.pl - Remontuj i urz\u0105dzaj z nami\" \/>\n<meta property=\"og:description\" content=\"Kr\u0105\u017cek na rzep Klingspor 125 mm P220 10szt. Informacje og\u00f3lne: Marka: Klingspor Gradacja 220 \u015arednica 125 mm Dobrej jako\u015bci papier \u015bcierny Wytrzyma\u0142y podk\u0142ad i welur Ziarno \u015bcierne o dobrej ostro\u015bci 1 KOMPLET to 10 SZTUK \u00a0NA INNYCH AUKCJACH INNE GRADACJE \u00a0 \u2705 Zastosowanie: Praktyczny kr\u0105\u017cek na rzep mo\u017ce Ci pos\u0142u\u017cy\u0107 do pracy w profesjonalnym lub     Czytaj wi\u0119cej &quot;KR\u0104\u017bEK \u015aCIERNY PAPIER RZEP KLINGSPOR GR 220 10szt.&quot;\" \/>\n<meta property=\"og:url\" content=\"https:\/\/bobimarket.pl\/index.php\/produkt\/krazek-scierny-papier-rzep-klingspor-gr-220-10szt\/\" \/>\n<meta property=\"og:site_name\" content=\"BOBIMARKET.pl - Remontuj i urz\u0105dzaj z nami\" \/>\n<meta property=\"article:modified_time\" content=\"2025-02-27T13:31:40+00:00\" \/>\n<meta property=\"og:image\" content=\"https:\/\/upload.cdn.baselinker.com\/products\/14476\/a2a03047e81dca6083b73ae9c3d43e15.jpg\" \/>\n<meta name=\"twitter:card\" content=\"summary_large_image\" \/>\n<meta name=\"twitter:label1\" content=\"Szacowany czas czytania\" \/>\n\t<meta name=\"twitter:data1\" content=\"1 minuta\" \/>\n<script type=\"application\/ld+json\" class=\"yoast-schema-graph\">{\"@context\":\"https:\/\/schema.org\",\"@graph\":[{\"@type\":\"WebPage\",\"@id\":\"https:\/\/bobimarket.pl\/index.php\/produkt\/krazek-scierny-papier-rzep-klingspor-gr-220-10szt\/\",\"url\":\"https:\/\/bobimarket.pl\/index.php\/produkt\/krazek-scierny-papier-rzep-klingspor-gr-220-10szt\/\",\"name\":\"KR\u0104\u017bEK \u015aCIERNY PAPIER RZEP KLINGSPOR GR 220 10szt. - BOBIMARKET.pl - Remontuj i urz\u0105dzaj z nami\",\"isPartOf\":{\"@id\":\"https:\/\/bobimarket.pl\/#website\"},\"datePublished\":\"2023-08-29T15:36:33+00:00\",\"dateModified\":\"2025-02-27T13:31:40+00:00\",\"breadcrumb\":{\"@id\":\"https:\/\/bobimarket.pl\/index.php\/produkt\/krazek-scierny-papier-rzep-klingspor-gr-220-10szt\/#breadcrumb\"},\"inLanguage\":\"pl-PL\",\"potentialAction\":[{\"@type\":\"ReadAction\",\"target\":[\"https:\/\/bobimarket.pl\/index.php\/produkt\/krazek-scierny-papier-rzep-klingspor-gr-220-10szt\/\"]}]},{\"@type\":\"BreadcrumbList\",\"@id\":\"https:\/\/bobimarket.pl\/index.php\/produkt\/krazek-scierny-papier-rzep-klingspor-gr-220-10szt\/#breadcrumb\",\"itemListElement\":[{\"@type\":\"ListItem\",\"position\":1,\"name\":\"Strona g\u0142\u00f3wna\",\"item\":\"https:\/\/bobimarket.pl\/\"},{\"@type\":\"ListItem\",\"position\":2,\"name\":\"Sklep\",\"item\":\"https:\/\/bobimarket.pl\/index.php\/shop\/\"},{\"@type\":\"ListItem\",\"position\":3,\"name\":\"KR\u0104\u017bEK \u015aCIERNY PAPIER RZEP KLINGSPOR GR 220 10szt.\"}]},{\"@type\":\"WebSite\",\"@id\":\"https:\/\/bobimarket.pl\/#website\",\"url\":\"https:\/\/bobimarket.pl\/\",\"name\":\"BOBIMARKET.pl - Remontuj i urz\u0105dzaj z nami\",\"description\":\"Remontuj i urz\u0105dzaj z nami\",\"publisher\":{\"@id\":\"https:\/\/bobimarket.pl\/#organization\"},\"potentialAction\":[{\"@type\":\"SearchAction\",\"target\":{\"@type\":\"EntryPoint\",\"urlTemplate\":\"https:\/\/bobimarket.pl\/?s={search_term_string}\"},\"query-input\":\"required name=search_term_string\"}],\"inLanguage\":\"pl-PL\"},{\"@type\":\"Organization\",\"@id\":\"https:\/\/bobimarket.pl\/#organization\",\"name\":\"BOBIMARKET.pl\",\"url\":\"https:\/\/bobimarket.pl\/\",\"logo\":{\"@type\":\"ImageObject\",\"inLanguage\":\"pl-PL\",\"@id\":\"https:\/\/bobimarket.pl\/#\/schema\/logo\/image\/\",\"url\":\"https:\/\/bobimarket.pl\/wp-content\/uploads\/2021\/11\/slogan.png\",\"contentUrl\":\"https:\/\/bobimarket.pl\/wp-content\/uploads\/2021\/11\/slogan.png\",\"width\":2000,\"height\":384,\"caption\":\"BOBIMARKET.pl\"},\"image\":{\"@id\":\"https:\/\/bobimarket.pl\/#\/schema\/logo\/image\/\"}}]}<\/script>\n<!-- \/ Yoast SEO plugin. -->","yoast_head_json":{"title":"KR\u0104\u017bEK \u015aCIERNY PAPIER RZEP KLINGSPOR GR 220 10szt. - BOBIMARKET.pl - Remontuj i urz\u0105dzaj z nami","robots":{"index":"index","follow":"follow","max-snippet":"max-snippet:-1","max-image-preview":"max-image-preview:large","max-video-preview":"max-video-preview:-1"},"canonical":"https:\/\/bobimarket.pl\/index.php\/produkt\/krazek-scierny-papier-rzep-klingspor-gr-220-10szt\/","og_locale":"pl_PL","og_type":"article","og_title":"KR\u0104\u017bEK \u015aCIERNY PAPIER RZEP KLINGSPOR GR 220 10szt. - BOBIMARKET.pl - Remontuj i urz\u0105dzaj z nami","og_description":"Kr\u0105\u017cek na rzep Klingspor 125 mm P220 10szt. Informacje og\u00f3lne: Marka: Klingspor Gradacja 220 \u015arednica 125 mm Dobrej jako\u015bci papier \u015bcierny Wytrzyma\u0142y podk\u0142ad i welur Ziarno \u015bcierne o dobrej ostro\u015bci 1 KOMPLET to 10 SZTUK \u00a0NA INNYCH AUKCJACH INNE GRADACJE \u00a0 \u2705 Zastosowanie: Praktyczny kr\u0105\u017cek na rzep mo\u017ce Ci pos\u0142u\u017cy\u0107 do pracy w profesjonalnym lub     Czytaj wi\u0119cej \"KR\u0104\u017bEK \u015aCIERNY PAPIER RZEP KLINGSPOR GR 220 10szt.\"","og_url":"https:\/\/bobimarket.pl\/index.php\/produkt\/krazek-scierny-papier-rzep-klingspor-gr-220-10szt\/","og_site_name":"BOBIMARKET.pl - Remontuj i urz\u0105dzaj z nami","article_modified_time":"2025-02-27T13:31:40+00:00","og_image":[{"url":"https:\/\/upload.cdn.baselinker.com\/products\/14476\/a2a03047e81dca6083b73ae9c3d43e15.jpg"}],"twitter_card":"summary_large_image","twitter_misc":{"Szacowany czas czytania":"1 minuta"},"schema":{"@context":"https:\/\/schema.org","@graph":[{"@type":"WebPage","@id":"https:\/\/bobimarket.pl\/index.php\/produkt\/krazek-scierny-papier-rzep-klingspor-gr-220-10szt\/","url":"https:\/\/bobimarket.pl\/index.php\/produkt\/krazek-scierny-papier-rzep-klingspor-gr-220-10szt\/","name":"KR\u0104\u017bEK \u015aCIERNY PAPIER RZEP KLINGSPOR GR 220 10szt. - BOBIMARKET.pl - Remontuj i urz\u0105dzaj z nami","isPartOf":{"@id":"https:\/\/bobimarket.pl\/#website"},"datePublished":"2023-08-29T15:36:33+00:00","dateModified":"2025-02-27T13:31:40+00:00","breadcrumb":{"@id":"https:\/\/bobimarket.pl\/index.php\/produkt\/krazek-scierny-papier-rzep-klingspor-gr-220-10szt\/#breadcrumb"},"inLanguage":"pl-PL","potentialAction":[{"@type":"ReadAction","target":["https:\/\/bobimarket.pl\/index.php\/produkt\/krazek-scierny-papier-rzep-klingspor-gr-220-10szt\/"]}]},{"@type":"BreadcrumbList","@id":"https:\/\/bobimarket.pl\/index.php\/produkt\/krazek-scierny-papier-rzep-klingspor-gr-220-10szt\/#breadcrumb","itemListElement":[{"@type":"ListItem","position":1,"name":"Strona g\u0142\u00f3wna","item":"https:\/\/bobimarket.pl\/"},{"@type":"ListItem","position":2,"name":"Sklep","item":"https:\/\/bobimarket.pl\/index.php\/shop\/"},{"@type":"ListItem","position":3,"name":"KR\u0104\u017bEK \u015aCIERNY PAPIER RZEP KLINGSPOR GR 220 10szt."}]},{"@type":"WebSite","@id":"https:\/\/bobimarket.pl\/#website","url":"https:\/\/bobimarket.pl\/","name":"BOBIMARKET.pl - Remontuj i urz\u0105dzaj z nami","description":"Remontuj i urz\u0105dzaj z nami","publisher":{"@id":"https:\/\/bobimarket.pl\/#organization"},"potentialAction":[{"@type":"SearchAction","target":{"@type":"EntryPoint","urlTemplate":"https:\/\/bobimarket.pl\/?s={search_term_string}"},"query-input":"required name=search_term_string"}],"inLanguage":"pl-PL"},{"@type":"Organization","@id":"https:\/\/bobimarket.pl\/#organization","name":"BOBIMARKET.pl","url":"https:\/\/bobimarket.pl\/","logo":{"@type":"ImageObject","inLanguage":"pl-PL","@id":"https:\/\/bobimarket.pl\/#\/schema\/logo\/image\/","url":"https:\/\/bobimarket.pl\/wp-content\/uploads\/2021\/11\/slogan.png","contentUrl":"https:\/\/bobimarket.pl\/wp-content\/uploads\/2021\/11\/slogan.png","width":2000,"height":384,"caption":"BOBIMARKET.pl"},"image":{"@id":"https:\/\/bobimarket.pl\/#\/schema\/logo\/image\/"}}]}},"_links":{"self":[{"href":"https:\/\/bobimarket.pl\/index.php\/wp-json\/wp\/v2\/product\/80509"}],"collection":[{"href":"https:\/\/bobimarket.pl\/index.php\/wp-json\/wp\/v2\/product"}],"about":[{"href":"https:\/\/bobimarket.pl\/index.php\/wp-json\/wp\/v2\/types\/product"}],"wp:featuredmedia":[{"embeddable":true,"href":"https:\/\/bobimarket.pl\/index.php\/wp-json\/wp\/v2\/media\/80505"}],"wp:attachment":[{"href":"https:\/\/bobimarket.pl\/index.php\/wp-json\/wp\/v2\/media?parent=80509"}],"wp:term":[{"taxonomy":"product_cat","embeddable":true,"href":"https:\/\/bobimarket.pl\/index.php\/wp-json\/wp\/v2\/product_cat?post=80509"},{"taxonomy":"product_tag","embeddable":true,"href":"https:\/\/bobimarket.pl\/index.php\/wp-json\/wp\/v2\/product_tag?post=80509"}],"curies":[{"name":"wp","href":"https:\/\/api.w.org\/{rel}","templated":true}]}}