{"id":80517,"date":"2023-08-29T15:37:21","date_gmt":"2023-08-29T15:37:21","guid":{"rendered":"https:\/\/bobimarket.pl\/index.php\/produkt\/papier-scierny-plotno-scierne-klingspor-gr-40\/"},"modified":"2025-02-27T13:31:48","modified_gmt":"2025-02-27T13:31:48","slug":"papier-scierny-plotno-scierne-klingspor-gr-40","status":"publish","type":"product","link":"https:\/\/bobimarket.pl\/index.php\/produkt\/papier-scierny-plotno-scierne-klingspor-gr-40\/","title":{"rendered":"PAPIER \u015aCIERNY P\u0141\u00d3TNO \u015aCIERNE KLINGSPOR GR.40"},"content":{"rendered":"<section class=\"section\">\n<div class=\"item item-6\">\n<section class=\"image-item\">\n            <img decoding=\"async\" src=\"https:\/\/upload.cdn.baselinker.com\/products\/14476\/d6b3ef0ef3cfee449db51f5046882cbc.jpg\" \/><br \/>\n        <\/section>\n<\/p><\/div>\n<div class=\"item item-6\">\n<section class=\"text-item\">\n<h1>PAPIER \u015aCIERNY P\u0141\u00d3TNO \u015aCIERNE KLINGSPOR<\/h1>\n<p><b>Dane techniczne:<\/b><\/p>\n<ul>\n<li>Wymiary: <b>230&#215;280 mm<\/b><\/li>\n<li>Granulacja: <b>40<\/b><\/li>\n<li>Ziarno:<b> elektrokorund zwyk\u0142y<\/b><\/li>\n<li>Nasyp: <b>pe\u0142en<\/b><\/li>\n<li>Spoiwo:<b> klej organiczny\/syntetyczny<\/b><\/li>\n<li>Pod\u0142o\u017ce: <b>p\u0142\u00f3tno<\/b><\/li>\n<\/ul>\n<\/section><\/div>\n<\/section>\n<section class=\"section\">\n<div class=\"item item-6\">\n<section class=\"image-item\">\n            <img decoding=\"async\" src=\"https:\/\/upload.cdn.baselinker.com\/products\/14476\/285edc0b20e0e6a64e074594a669035e.jpg\" \/><br \/>\n        <\/section>\n<\/p><\/div>\n<div class=\"item item-6\">\n<section class=\"text-item\">\n<p><b>ZASTOSOWANIE:<\/b><\/p>\n<p>Szlifowanie i wyg\u0142adzanie powierzchni stalowych i innych wymagaj\u0105cych precyzyjnego wyko\u0144czenia.<\/p>\n<\/section><\/div>\n<\/section>\n","protected":false},"excerpt":{"rendered":"<p>PAPIER \u015aCIERNY P\u0141\u00d3TNO \u015aCIERNE KLINGSPOR Dane techniczne: Wymiary: 230&#215;280 mm Granulacja: 40 Ziarno: elektrokorund zwyk\u0142y Nasyp: pe\u0142en Spoiwo: klej organiczny\/syntetyczny Pod\u0142o\u017ce: p\u0142\u00f3tno ZASTOSOWANIE: Szlifowanie i wyg\u0142adzanie powierzchni stalowych i innych wymagaj\u0105cych precyzyjnego wyko\u0144czenia.<\/p>\n","protected":false},"featured_media":80514,"template":"","meta":[],"product_cat":[8138],"product_tag":[],"yoast_head":"<!-- This site is optimized with the Yoast SEO plugin v21.0 - https:\/\/yoast.com\/wordpress\/plugins\/seo\/ -->\n<title>PAPIER \u015aCIERNY P\u0141\u00d3TNO \u015aCIERNE KLINGSPOR GR.40 - BOBIMARKET.pl - Remontuj i urz\u0105dzaj z nami<\/title>\n<meta name=\"robots\" content=\"index, follow, max-snippet:-1, max-image-preview:large, max-video-preview:-1\" \/>\n<link rel=\"canonical\" href=\"https:\/\/bobimarket.pl\/index.php\/produkt\/papier-scierny-plotno-scierne-klingspor-gr-40\/\" \/>\n<meta property=\"og:locale\" content=\"pl_PL\" \/>\n<meta property=\"og:type\" content=\"article\" \/>\n<meta property=\"og:title\" content=\"PAPIER \u015aCIERNY P\u0141\u00d3TNO \u015aCIERNE KLINGSPOR GR.40 - BOBIMARKET.pl - Remontuj i urz\u0105dzaj z nami\" \/>\n<meta property=\"og:description\" content=\"PAPIER \u015aCIERNY P\u0141\u00d3TNO \u015aCIERNE KLINGSPOR Dane techniczne: Wymiary: 230&#215;280 mm Granulacja: 40 Ziarno: elektrokorund zwyk\u0142y Nasyp: pe\u0142en Spoiwo: klej organiczny\/syntetyczny Pod\u0142o\u017ce: p\u0142\u00f3tno ZASTOSOWANIE: Szlifowanie i wyg\u0142adzanie powierzchni stalowych i innych wymagaj\u0105cych precyzyjnego wyko\u0144czenia.\" \/>\n<meta property=\"og:url\" content=\"https:\/\/bobimarket.pl\/index.php\/produkt\/papier-scierny-plotno-scierne-klingspor-gr-40\/\" \/>\n<meta property=\"og:site_name\" content=\"BOBIMARKET.pl - Remontuj i urz\u0105dzaj z nami\" \/>\n<meta property=\"article:modified_time\" content=\"2025-02-27T13:31:48+00:00\" \/>\n<meta property=\"og:image\" content=\"https:\/\/upload.cdn.baselinker.com\/products\/14476\/d6b3ef0ef3cfee449db51f5046882cbc.jpg\" \/>\n<meta name=\"twitter:card\" content=\"summary_large_image\" \/>\n<script type=\"application\/ld+json\" class=\"yoast-schema-graph\">{\"@context\":\"https:\/\/schema.org\",\"@graph\":[{\"@type\":\"WebPage\",\"@id\":\"https:\/\/bobimarket.pl\/index.php\/produkt\/papier-scierny-plotno-scierne-klingspor-gr-40\/\",\"url\":\"https:\/\/bobimarket.pl\/index.php\/produkt\/papier-scierny-plotno-scierne-klingspor-gr-40\/\",\"name\":\"PAPIER \u015aCIERNY P\u0141\u00d3TNO \u015aCIERNE KLINGSPOR GR.40 - BOBIMARKET.pl - Remontuj i urz\u0105dzaj z nami\",\"isPartOf\":{\"@id\":\"https:\/\/bobimarket.pl\/#website\"},\"datePublished\":\"2023-08-29T15:37:21+00:00\",\"dateModified\":\"2025-02-27T13:31:48+00:00\",\"breadcrumb\":{\"@id\":\"https:\/\/bobimarket.pl\/index.php\/produkt\/papier-scierny-plotno-scierne-klingspor-gr-40\/#breadcrumb\"},\"inLanguage\":\"pl-PL\",\"potentialAction\":[{\"@type\":\"ReadAction\",\"target\":[\"https:\/\/bobimarket.pl\/index.php\/produkt\/papier-scierny-plotno-scierne-klingspor-gr-40\/\"]}]},{\"@type\":\"BreadcrumbList\",\"@id\":\"https:\/\/bobimarket.pl\/index.php\/produkt\/papier-scierny-plotno-scierne-klingspor-gr-40\/#breadcrumb\",\"itemListElement\":[{\"@type\":\"ListItem\",\"position\":1,\"name\":\"Strona g\u0142\u00f3wna\",\"item\":\"https:\/\/bobimarket.pl\/\"},{\"@type\":\"ListItem\",\"position\":2,\"name\":\"Sklep\",\"item\":\"https:\/\/bobimarket.pl\/index.php\/shop\/\"},{\"@type\":\"ListItem\",\"position\":3,\"name\":\"PAPIER \u015aCIERNY P\u0141\u00d3TNO \u015aCIERNE KLINGSPOR GR.40\"}]},{\"@type\":\"WebSite\",\"@id\":\"https:\/\/bobimarket.pl\/#website\",\"url\":\"https:\/\/bobimarket.pl\/\",\"name\":\"BOBIMARKET.pl - Remontuj i urz\u0105dzaj z nami\",\"description\":\"Remontuj i urz\u0105dzaj z nami\",\"publisher\":{\"@id\":\"https:\/\/bobimarket.pl\/#organization\"},\"potentialAction\":[{\"@type\":\"SearchAction\",\"target\":{\"@type\":\"EntryPoint\",\"urlTemplate\":\"https:\/\/bobimarket.pl\/?s={search_term_string}\"},\"query-input\":\"required name=search_term_string\"}],\"inLanguage\":\"pl-PL\"},{\"@type\":\"Organization\",\"@id\":\"https:\/\/bobimarket.pl\/#organization\",\"name\":\"BOBIMARKET.pl\",\"url\":\"https:\/\/bobimarket.pl\/\",\"logo\":{\"@type\":\"ImageObject\",\"inLanguage\":\"pl-PL\",\"@id\":\"https:\/\/bobimarket.pl\/#\/schema\/logo\/image\/\",\"url\":\"https:\/\/bobimarket.pl\/wp-content\/uploads\/2021\/11\/slogan.png\",\"contentUrl\":\"https:\/\/bobimarket.pl\/wp-content\/uploads\/2021\/11\/slogan.png\",\"width\":2000,\"height\":384,\"caption\":\"BOBIMARKET.pl\"},\"image\":{\"@id\":\"https:\/\/bobimarket.pl\/#\/schema\/logo\/image\/\"}}]}<\/script>\n<!-- \/ Yoast SEO plugin. -->","yoast_head_json":{"title":"PAPIER \u015aCIERNY P\u0141\u00d3TNO \u015aCIERNE KLINGSPOR GR.40 - BOBIMARKET.pl - Remontuj i urz\u0105dzaj z nami","robots":{"index":"index","follow":"follow","max-snippet":"max-snippet:-1","max-image-preview":"max-image-preview:large","max-video-preview":"max-video-preview:-1"},"canonical":"https:\/\/bobimarket.pl\/index.php\/produkt\/papier-scierny-plotno-scierne-klingspor-gr-40\/","og_locale":"pl_PL","og_type":"article","og_title":"PAPIER \u015aCIERNY P\u0141\u00d3TNO \u015aCIERNE KLINGSPOR GR.40 - BOBIMARKET.pl - Remontuj i urz\u0105dzaj z nami","og_description":"PAPIER \u015aCIERNY P\u0141\u00d3TNO \u015aCIERNE KLINGSPOR Dane techniczne: Wymiary: 230&#215;280 mm Granulacja: 40 Ziarno: elektrokorund zwyk\u0142y Nasyp: pe\u0142en Spoiwo: klej organiczny\/syntetyczny Pod\u0142o\u017ce: p\u0142\u00f3tno ZASTOSOWANIE: Szlifowanie i wyg\u0142adzanie powierzchni stalowych i innych wymagaj\u0105cych precyzyjnego wyko\u0144czenia.","og_url":"https:\/\/bobimarket.pl\/index.php\/produkt\/papier-scierny-plotno-scierne-klingspor-gr-40\/","og_site_name":"BOBIMARKET.pl - Remontuj i urz\u0105dzaj z nami","article_modified_time":"2025-02-27T13:31:48+00:00","og_image":[{"url":"https:\/\/upload.cdn.baselinker.com\/products\/14476\/d6b3ef0ef3cfee449db51f5046882cbc.jpg"}],"twitter_card":"summary_large_image","schema":{"@context":"https:\/\/schema.org","@graph":[{"@type":"WebPage","@id":"https:\/\/bobimarket.pl\/index.php\/produkt\/papier-scierny-plotno-scierne-klingspor-gr-40\/","url":"https:\/\/bobimarket.pl\/index.php\/produkt\/papier-scierny-plotno-scierne-klingspor-gr-40\/","name":"PAPIER \u015aCIERNY P\u0141\u00d3TNO \u015aCIERNE KLINGSPOR GR.40 - BOBIMARKET.pl - Remontuj i urz\u0105dzaj z nami","isPartOf":{"@id":"https:\/\/bobimarket.pl\/#website"},"datePublished":"2023-08-29T15:37:21+00:00","dateModified":"2025-02-27T13:31:48+00:00","breadcrumb":{"@id":"https:\/\/bobimarket.pl\/index.php\/produkt\/papier-scierny-plotno-scierne-klingspor-gr-40\/#breadcrumb"},"inLanguage":"pl-PL","potentialAction":[{"@type":"ReadAction","target":["https:\/\/bobimarket.pl\/index.php\/produkt\/papier-scierny-plotno-scierne-klingspor-gr-40\/"]}]},{"@type":"BreadcrumbList","@id":"https:\/\/bobimarket.pl\/index.php\/produkt\/papier-scierny-plotno-scierne-klingspor-gr-40\/#breadcrumb","itemListElement":[{"@type":"ListItem","position":1,"name":"Strona g\u0142\u00f3wna","item":"https:\/\/bobimarket.pl\/"},{"@type":"ListItem","position":2,"name":"Sklep","item":"https:\/\/bobimarket.pl\/index.php\/shop\/"},{"@type":"ListItem","position":3,"name":"PAPIER \u015aCIERNY P\u0141\u00d3TNO \u015aCIERNE KLINGSPOR GR.40"}]},{"@type":"WebSite","@id":"https:\/\/bobimarket.pl\/#website","url":"https:\/\/bobimarket.pl\/","name":"BOBIMARKET.pl - Remontuj i urz\u0105dzaj z nami","description":"Remontuj i urz\u0105dzaj z nami","publisher":{"@id":"https:\/\/bobimarket.pl\/#organization"},"potentialAction":[{"@type":"SearchAction","target":{"@type":"EntryPoint","urlTemplate":"https:\/\/bobimarket.pl\/?s={search_term_string}"},"query-input":"required name=search_term_string"}],"inLanguage":"pl-PL"},{"@type":"Organization","@id":"https:\/\/bobimarket.pl\/#organization","name":"BOBIMARKET.pl","url":"https:\/\/bobimarket.pl\/","logo":{"@type":"ImageObject","inLanguage":"pl-PL","@id":"https:\/\/bobimarket.pl\/#\/schema\/logo\/image\/","url":"https:\/\/bobimarket.pl\/wp-content\/uploads\/2021\/11\/slogan.png","contentUrl":"https:\/\/bobimarket.pl\/wp-content\/uploads\/2021\/11\/slogan.png","width":2000,"height":384,"caption":"BOBIMARKET.pl"},"image":{"@id":"https:\/\/bobimarket.pl\/#\/schema\/logo\/image\/"}}]}},"_links":{"self":[{"href":"https:\/\/bobimarket.pl\/index.php\/wp-json\/wp\/v2\/product\/80517"}],"collection":[{"href":"https:\/\/bobimarket.pl\/index.php\/wp-json\/wp\/v2\/product"}],"about":[{"href":"https:\/\/bobimarket.pl\/index.php\/wp-json\/wp\/v2\/types\/product"}],"wp:featuredmedia":[{"embeddable":true,"href":"https:\/\/bobimarket.pl\/index.php\/wp-json\/wp\/v2\/media\/80514"}],"wp:attachment":[{"href":"https:\/\/bobimarket.pl\/index.php\/wp-json\/wp\/v2\/media?parent=80517"}],"wp:term":[{"taxonomy":"product_cat","embeddable":true,"href":"https:\/\/bobimarket.pl\/index.php\/wp-json\/wp\/v2\/product_cat?post=80517"},{"taxonomy":"product_tag","embeddable":true,"href":"https:\/\/bobimarket.pl\/index.php\/wp-json\/wp\/v2\/product_tag?post=80517"}],"curies":[{"name":"wp","href":"https:\/\/api.w.org\/{rel}","templated":true}]}}