{"id":80555,"date":"2023-08-29T15:40:32","date_gmt":"2023-08-29T15:40:32","guid":{"rendered":"https:\/\/bobimarket.pl\/index.php\/produkt\/pojemnik-na-zywnosc-organizer-pudelko-12l-zestaw\/"},"modified":"2025-02-27T13:32:18","modified_gmt":"2025-02-27T13:32:18","slug":"pojemnik-na-zywnosc-organizer-pudelko-12l-zestaw","status":"publish","type":"product","link":"https:\/\/bobimarket.pl\/index.php\/produkt\/pojemnik-na-zywnosc-organizer-pudelko-12l-zestaw\/","title":{"rendered":"POJEMNIK NA \u017bYWNO\u015a\u0106 ORGANIZER PUDE\u0141KO 1,2L ZESTAW"},"content":{"rendered":"<section class=\"section\">\n<div class=\"item item-6\">\n<section class=\"image-item\">\n            <img decoding=\"async\" src=\"https:\/\/upload.cdn.baselinker.com\/products\/14476\/a531dfeaaadd082fee13bb9b6c365117.jpg\" \/><br \/>\n        <\/section>\n<\/p><\/div>\n<div class=\"item item-6\">\n<section class=\"text-item\">\n<h2>POJEMNIK PLASTIKOWY NA \u017bYWNO\u015a\u0106 ZESTAW 3 szt. 1,2l<\/h2>\n<p><b>Dane techniczne:<\/b><\/p>\n<ul>\n<li>Pojemno\u015b\u0107:<b> 1,2 L<\/b><\/li>\n<li>Wymiar ca\u0142kowity: <b>21 cm x 14 cm<\/b><\/li>\n<li>Wysoko\u015b\u0107: <b>6 cm<\/b><\/li>\n<li>Materia\u0142: <b>tworzywo<\/b><\/li>\n<li>Kolor klamerek: <b>szary<\/b><\/li>\n<li>Nie zawiera Bisfenolu (<b>BPA FREE<\/b>)!!!<\/li>\n<\/ul>\n<h2>W ZESTAWIE TANIEJ! Komplet zawiera 3 pojemniki o pojemno\u015bci 1,2 L!<\/h2>\n<\/section><\/div>\n<\/section>\n<section class=\"section\">\n<div class=\"item item-6\">\n<section class=\"image-item\">\n            <img decoding=\"async\" src=\"https:\/\/upload.cdn.baselinker.com\/products\/14476\/a37e0ac0ea0bac8cfc104da4920da91b.jpg\" \/><br \/>\n        <\/section>\n<\/p><\/div>\n<div class=\"item item-6\">\n<section class=\"text-item\">\n<h2>Dobra organizacja to podstawa! Zam\u00f3w zestaw pojemnik\u00f3w do przechowywania \u017cywno\u015bci i ciesz si\u0119 porz\u0105dkiem!<\/h2>\n<p>Wielofunkcyjne pojemniki, kt\u00f3rych nie mo\u017ce zabrakn\u0105\u0107 w Twoim domu! Bardzo praktyczne pojemniki<b> o wszechstronnym zastosowaniu.<\/b> Wykonane z wysokiej jako\u015bci tworzywa, co b\u0119dzie owocowa\u0142o d\u0142ugim okresem u\u017cytkowania.<\/p>\n<p><b>\u2705 <\/b>Z powodzeniem mog\u0105 by\u0107\u00a0<b>u\u017cywane do przechowywania \u017cywno\u015bc<\/b>i (posiadaj\u0105 odpowiednie atesty do kontaktu z \u017cywno\u015bci\u0105). Ponadto wykonano je z tworzywa niezawieraj\u0105cego szkodliwych zwi\u0105zk\u00f3w BPA <b>( bez BPA).<\/b><\/p>\n<\/section><\/div>\n<\/section>\n<section class=\"section\">\n<div class=\"item item-6\">\n<section class=\"image-item\">\n            <img decoding=\"async\" src=\"https:\/\/upload.cdn.baselinker.com\/products\/14476\/3ac39ab80f61ac3acbbfeb719ffebbf8.jpg\" \/><br \/>\n        <\/section>\n<\/p><\/div>\n<div class=\"item item-6\">\n<section class=\"text-item\">\n<h2>\u2705 Nie obawiaj si\u0119, \u017ce pojemnik b\u0119dzie sta\u0142 bezu\u017cytecznie.<\/h2>\n<p>Mo\u017ce s\u0142u\u017cy\u0107 jako organizer <b>do przechowywania drobiazg\u00f3w<\/b>. Minimalistyczny design sprawi, \u017ce pude\u0142ko b\u0119dzie si\u0119 \u0142adnie prezentowa\u0142o na biurku czy regale. \u015awietnie nadaje si\u0119 <b>do r\u00f3\u017cnego rodzaju artyku\u0142\u00f3w spo\u017cywczych:<\/b><\/p>\n<ul>\n<li>ser\u00f3w i w\u0119dlin<\/li>\n<li>kaszy i p\u0142at\u00f3w<\/li>\n<li>warzyw i owoc\u00f3w<\/li>\n<li>do przechowywania sa\u0142atek<\/li>\n<li>r\u00f3\u017cnego rodzaju przek\u0105sek i ciastek<\/li>\n<li>produkt\u00f3w sypkich np. m\u0105ki, cukru, soli<\/li>\n<li>i innych drobiazg\u00f3w np. kredek, klock\u00f3w, zabawek itp.<\/li>\n<\/ul>\n<\/section><\/div>\n<\/section>\n<section class=\"section\">\n<div class=\"item item-6\">\n<section class=\"image-item\">\n            <img decoding=\"async\" src=\"https:\/\/upload.cdn.baselinker.com\/products\/14476\/b880e8ec0dd62cd60f87649780060cbe.jpg\" \/><br \/>\n        <\/section>\n<\/p><\/div>\n<div class=\"item item-6\">\n<section class=\"text-item\">\n<h2>\u2705 W \u0142atwy spos\u00f3b uporz\u0105dkuj przestrze\u0144 w kuchni i nie tylko!<\/h2>\n<p>Proste i funkcjonalne rozwi\u0105zanie do Twojego domu! Pojemniki pozwol\u0105 Ci w \u0142atwy spos\u00f3b zadba\u0107 o porz\u0105dek w kuchni i innych pomieszczeniach w domu.<\/p>\n<ul>\n<li><b>Pojemniki s\u0105 prze\u017aroczyste,<\/b> z \u0142atwo\u015bci\u0105 zobaczysz co znajduje si\u0119 w \u015brodku ka\u017cdego z nich.\u00a0 Pozwoli Ci to na bie\u017c\u0105co kontrolowa\u0107 ilo\u015b\u0107 posiadanych zapas\u00f3w.<\/li>\n<li><b>Wygodne i szczelne zapi\u0119cie<\/b>\u00a0na pokrywie gwarantuje komfortowe u\u017cytkowanie pojemnika!<\/li>\n<li>Na pokrywce organizera mo\u017cna <b>umie\u015bci\u0107 naklejk\u0119 z nazw\u0105 <\/b>produktu znajduj\u0105cego si\u0119 wewn\u0105trz pojemnika lub samodzielnie podpisa\u0107 pojemnik np. markerem.<\/li>\n<\/ul>\n<\/section><\/div>\n<\/section>\n<section class=\"section\">\n<div class=\"item item-6\">\n<section class=\"image-item\">\n            <img decoding=\"async\" src=\"https:\/\/upload.cdn.baselinker.com\/products\/14476\/408c5650603b0443b7926ed5d0d03832.jpg\" \/><br \/>\n        <\/section>\n<\/p><\/div>\n<div class=\"item item-6\">\n<section class=\"text-item\">\n<h2>\u2705 Organizery to dobre rozwi\u0105zanie do ka\u017cdej kuchni!<\/h2>\n<p>Pojemniki doskonale sprawdz\u0105 si\u0119 w du\u017cych kuchniach, gdzie w \u0142atwy spos\u00f3b <b>umo\u017cliwi\u0105 uporz\u0105dkowanie przestrzeni<\/b>. W ma\u0142ych mieszkaniach pozwol\u0105 natomiast zaoszcz\u0119dzi\u0107 miejsce.<\/p>\n<ul>\n<li>Pojemniki <b>mo\u017cna umie\u015bci\u0107 w szafce kuchennej<\/b> lub wysuwanej szufladzie. Idealnie sprawdz\u0105 si\u0119 r\u00f3wnie\u017c na p\u00f3\u0142ce w spi\u017carni.<\/li>\n<li>Kilka pojemnik\u00f3w mo\u017cna u\u0142o\u017cy\u0107 na sobie pi\u0119trowo i\u00a0<b>zaoszcz\u0119dzi\u0107 miejsce<\/b>\u00a0w spi\u017carni lub na p\u00f3\u0142ce!<\/li>\n<li>Pojemniki <b>pomog\u0105 w uporz\u0105dkowaniu<\/b> drobnych przedmiot\u00f3w lub <b>u\u0142atwi\u0105 segregacj\u0119<\/b> produkt\u00f3w spo\u017cywczych.<\/li>\n<\/ul>\n<\/section><\/div>\n<\/section>\n<section class=\"section\">\n<div class=\"item item-6\">\n<section class=\"image-item\">\n            <img decoding=\"async\" src=\"https:\/\/upload.cdn.baselinker.com\/products\/14476\/09aaac269c245438163b1233bb6e3cd2.jpg\" \/><br \/>\n        <\/section>\n<\/p><\/div>\n<div class=\"item item-6\">\n<section class=\"text-item\">\n<h2>Jeden pojemnik, wiele zalet!<\/h2>\n<ul>\n<li>Lekki, por\u0119czny i wielofunkcyjny.<\/li>\n<li>Trwa\u0142y i odporny na uszkodzenia.<\/li>\n<li>\u0141atwo si\u0119 czy\u015bci, mo\u017cna go my\u0107 w zmywarce.<\/li>\n<li>Nadaje si\u0119 do przechowywania ro\u017cnego rodzaju artyku\u0142\u00f3w spo\u017cywczych.<\/li>\n<\/ul>\n<\/section><\/div>\n<\/section>\n","protected":false},"excerpt":{"rendered":"<p>POJEMNIK PLASTIKOWY NA \u017bYWNO\u015a\u0106 ZESTAW 3 szt. 1,2l Dane techniczne: Pojemno\u015b\u0107: 1,2 L Wymiar ca\u0142kowity: 21 cm x 14 cm Wysoko\u015b\u0107: 6 cm Materia\u0142: tworzywo Kolor klamerek: szary Nie zawiera Bisfenolu (BPA FREE)!!! W ZESTAWIE TANIEJ! Komplet zawiera 3 pojemniki o pojemno\u015bci 1,2 L! Dobra organizacja to podstawa! Zam\u00f3w zestaw pojemnik\u00f3w do przechowywania \u017cywno\u015bci i<br \/><a class=\"more-link\" href=\"https:\/\/bobimarket.pl\/index.php\/produkt\/pojemnik-na-zywnosc-organizer-pudelko-12l-zestaw\/\"><br \/>\n        Czytaj wi\u0119cej<span class=\"screen-reader-text\"> &#8222;POJEMNIK NA \u017bYWNO\u015a\u0106 ORGANIZER PUDE\u0141KO 1,2L ZESTAW&#8221;<\/span><\/a><\/p>\n","protected":false},"featured_media":80544,"template":"","meta":[],"product_cat":[8070],"product_tag":[],"yoast_head":"<!-- This site is optimized with the Yoast SEO plugin v21.0 - https:\/\/yoast.com\/wordpress\/plugins\/seo\/ -->\n<title>POJEMNIK NA \u017bYWNO\u015a\u0106 ORGANIZER PUDE\u0141KO 1,2L ZESTAW - BOBIMARKET.pl - Remontuj i urz\u0105dzaj z nami<\/title>\n<meta name=\"robots\" content=\"index, follow, max-snippet:-1, max-image-preview:large, max-video-preview:-1\" \/>\n<link rel=\"canonical\" href=\"https:\/\/bobimarket.pl\/index.php\/produkt\/pojemnik-na-zywnosc-organizer-pudelko-12l-zestaw\/\" \/>\n<meta property=\"og:locale\" content=\"pl_PL\" \/>\n<meta property=\"og:type\" content=\"article\" \/>\n<meta property=\"og:title\" content=\"POJEMNIK NA \u017bYWNO\u015a\u0106 ORGANIZER PUDE\u0141KO 1,2L ZESTAW - BOBIMARKET.pl - Remontuj i urz\u0105dzaj z nami\" \/>\n<meta property=\"og:description\" content=\"POJEMNIK PLASTIKOWY NA \u017bYWNO\u015a\u0106 ZESTAW 3 szt. 1,2l Dane techniczne: Pojemno\u015b\u0107: 1,2 L Wymiar ca\u0142kowity: 21 cm x 14 cm Wysoko\u015b\u0107: 6 cm Materia\u0142: tworzywo Kolor klamerek: szary Nie zawiera Bisfenolu (BPA FREE)!!! W ZESTAWIE TANIEJ! Komplet zawiera 3 pojemniki o pojemno\u015bci 1,2 L! Dobra organizacja to podstawa! Zam\u00f3w zestaw pojemnik\u00f3w do przechowywania \u017cywno\u015bci i     Czytaj wi\u0119cej &quot;POJEMNIK NA \u017bYWNO\u015a\u0106 ORGANIZER PUDE\u0141KO 1,2L ZESTAW&quot;\" \/>\n<meta property=\"og:url\" content=\"https:\/\/bobimarket.pl\/index.php\/produkt\/pojemnik-na-zywnosc-organizer-pudelko-12l-zestaw\/\" \/>\n<meta property=\"og:site_name\" content=\"BOBIMARKET.pl - Remontuj i urz\u0105dzaj z nami\" \/>\n<meta property=\"article:modified_time\" content=\"2025-02-27T13:32:18+00:00\" \/>\n<meta property=\"og:image\" content=\"https:\/\/upload.cdn.baselinker.com\/products\/14476\/a531dfeaaadd082fee13bb9b6c365117.jpg\" \/>\n<meta name=\"twitter:card\" content=\"summary_large_image\" \/>\n<meta name=\"twitter:label1\" content=\"Szacowany czas czytania\" \/>\n\t<meta name=\"twitter:data1\" content=\"2 minuty\" \/>\n<script type=\"application\/ld+json\" class=\"yoast-schema-graph\">{\"@context\":\"https:\/\/schema.org\",\"@graph\":[{\"@type\":\"WebPage\",\"@id\":\"https:\/\/bobimarket.pl\/index.php\/produkt\/pojemnik-na-zywnosc-organizer-pudelko-12l-zestaw\/\",\"url\":\"https:\/\/bobimarket.pl\/index.php\/produkt\/pojemnik-na-zywnosc-organizer-pudelko-12l-zestaw\/\",\"name\":\"POJEMNIK NA \u017bYWNO\u015a\u0106 ORGANIZER PUDE\u0141KO 1,2L ZESTAW - BOBIMARKET.pl - Remontuj i urz\u0105dzaj z nami\",\"isPartOf\":{\"@id\":\"https:\/\/bobimarket.pl\/#website\"},\"datePublished\":\"2023-08-29T15:40:32+00:00\",\"dateModified\":\"2025-02-27T13:32:18+00:00\",\"breadcrumb\":{\"@id\":\"https:\/\/bobimarket.pl\/index.php\/produkt\/pojemnik-na-zywnosc-organizer-pudelko-12l-zestaw\/#breadcrumb\"},\"inLanguage\":\"pl-PL\",\"potentialAction\":[{\"@type\":\"ReadAction\",\"target\":[\"https:\/\/bobimarket.pl\/index.php\/produkt\/pojemnik-na-zywnosc-organizer-pudelko-12l-zestaw\/\"]}]},{\"@type\":\"BreadcrumbList\",\"@id\":\"https:\/\/bobimarket.pl\/index.php\/produkt\/pojemnik-na-zywnosc-organizer-pudelko-12l-zestaw\/#breadcrumb\",\"itemListElement\":[{\"@type\":\"ListItem\",\"position\":1,\"name\":\"Strona g\u0142\u00f3wna\",\"item\":\"https:\/\/bobimarket.pl\/\"},{\"@type\":\"ListItem\",\"position\":2,\"name\":\"Sklep\",\"item\":\"https:\/\/bobimarket.pl\/index.php\/shop\/\"},{\"@type\":\"ListItem\",\"position\":3,\"name\":\"POJEMNIK NA \u017bYWNO\u015a\u0106 ORGANIZER PUDE\u0141KO 1,2L ZESTAW\"}]},{\"@type\":\"WebSite\",\"@id\":\"https:\/\/bobimarket.pl\/#website\",\"url\":\"https:\/\/bobimarket.pl\/\",\"name\":\"BOBIMARKET.pl - Remontuj i urz\u0105dzaj z nami\",\"description\":\"Remontuj i urz\u0105dzaj z nami\",\"publisher\":{\"@id\":\"https:\/\/bobimarket.pl\/#organization\"},\"potentialAction\":[{\"@type\":\"SearchAction\",\"target\":{\"@type\":\"EntryPoint\",\"urlTemplate\":\"https:\/\/bobimarket.pl\/?s={search_term_string}\"},\"query-input\":\"required name=search_term_string\"}],\"inLanguage\":\"pl-PL\"},{\"@type\":\"Organization\",\"@id\":\"https:\/\/bobimarket.pl\/#organization\",\"name\":\"BOBIMARKET.pl\",\"url\":\"https:\/\/bobimarket.pl\/\",\"logo\":{\"@type\":\"ImageObject\",\"inLanguage\":\"pl-PL\",\"@id\":\"https:\/\/bobimarket.pl\/#\/schema\/logo\/image\/\",\"url\":\"https:\/\/bobimarket.pl\/wp-content\/uploads\/2021\/11\/slogan.png\",\"contentUrl\":\"https:\/\/bobimarket.pl\/wp-content\/uploads\/2021\/11\/slogan.png\",\"width\":2000,\"height\":384,\"caption\":\"BOBIMARKET.pl\"},\"image\":{\"@id\":\"https:\/\/bobimarket.pl\/#\/schema\/logo\/image\/\"}}]}<\/script>\n<!-- \/ Yoast SEO plugin. -->","yoast_head_json":{"title":"POJEMNIK NA \u017bYWNO\u015a\u0106 ORGANIZER PUDE\u0141KO 1,2L ZESTAW - BOBIMARKET.pl - Remontuj i urz\u0105dzaj z nami","robots":{"index":"index","follow":"follow","max-snippet":"max-snippet:-1","max-image-preview":"max-image-preview:large","max-video-preview":"max-video-preview:-1"},"canonical":"https:\/\/bobimarket.pl\/index.php\/produkt\/pojemnik-na-zywnosc-organizer-pudelko-12l-zestaw\/","og_locale":"pl_PL","og_type":"article","og_title":"POJEMNIK NA \u017bYWNO\u015a\u0106 ORGANIZER PUDE\u0141KO 1,2L ZESTAW - BOBIMARKET.pl - Remontuj i urz\u0105dzaj z nami","og_description":"POJEMNIK PLASTIKOWY NA \u017bYWNO\u015a\u0106 ZESTAW 3 szt. 1,2l Dane techniczne: Pojemno\u015b\u0107: 1,2 L Wymiar ca\u0142kowity: 21 cm x 14 cm Wysoko\u015b\u0107: 6 cm Materia\u0142: tworzywo Kolor klamerek: szary Nie zawiera Bisfenolu (BPA FREE)!!! W ZESTAWIE TANIEJ! Komplet zawiera 3 pojemniki o pojemno\u015bci 1,2 L! Dobra organizacja to podstawa! Zam\u00f3w zestaw pojemnik\u00f3w do przechowywania \u017cywno\u015bci i     Czytaj wi\u0119cej \"POJEMNIK NA \u017bYWNO\u015a\u0106 ORGANIZER PUDE\u0141KO 1,2L ZESTAW\"","og_url":"https:\/\/bobimarket.pl\/index.php\/produkt\/pojemnik-na-zywnosc-organizer-pudelko-12l-zestaw\/","og_site_name":"BOBIMARKET.pl - Remontuj i urz\u0105dzaj z nami","article_modified_time":"2025-02-27T13:32:18+00:00","og_image":[{"url":"https:\/\/upload.cdn.baselinker.com\/products\/14476\/a531dfeaaadd082fee13bb9b6c365117.jpg"}],"twitter_card":"summary_large_image","twitter_misc":{"Szacowany czas czytania":"2 minuty"},"schema":{"@context":"https:\/\/schema.org","@graph":[{"@type":"WebPage","@id":"https:\/\/bobimarket.pl\/index.php\/produkt\/pojemnik-na-zywnosc-organizer-pudelko-12l-zestaw\/","url":"https:\/\/bobimarket.pl\/index.php\/produkt\/pojemnik-na-zywnosc-organizer-pudelko-12l-zestaw\/","name":"POJEMNIK NA \u017bYWNO\u015a\u0106 ORGANIZER PUDE\u0141KO 1,2L ZESTAW - BOBIMARKET.pl - Remontuj i urz\u0105dzaj z nami","isPartOf":{"@id":"https:\/\/bobimarket.pl\/#website"},"datePublished":"2023-08-29T15:40:32+00:00","dateModified":"2025-02-27T13:32:18+00:00","breadcrumb":{"@id":"https:\/\/bobimarket.pl\/index.php\/produkt\/pojemnik-na-zywnosc-organizer-pudelko-12l-zestaw\/#breadcrumb"},"inLanguage":"pl-PL","potentialAction":[{"@type":"ReadAction","target":["https:\/\/bobimarket.pl\/index.php\/produkt\/pojemnik-na-zywnosc-organizer-pudelko-12l-zestaw\/"]}]},{"@type":"BreadcrumbList","@id":"https:\/\/bobimarket.pl\/index.php\/produkt\/pojemnik-na-zywnosc-organizer-pudelko-12l-zestaw\/#breadcrumb","itemListElement":[{"@type":"ListItem","position":1,"name":"Strona g\u0142\u00f3wna","item":"https:\/\/bobimarket.pl\/"},{"@type":"ListItem","position":2,"name":"Sklep","item":"https:\/\/bobimarket.pl\/index.php\/shop\/"},{"@type":"ListItem","position":3,"name":"POJEMNIK NA \u017bYWNO\u015a\u0106 ORGANIZER PUDE\u0141KO 1,2L ZESTAW"}]},{"@type":"WebSite","@id":"https:\/\/bobimarket.pl\/#website","url":"https:\/\/bobimarket.pl\/","name":"BOBIMARKET.pl - Remontuj i urz\u0105dzaj z nami","description":"Remontuj i urz\u0105dzaj z nami","publisher":{"@id":"https:\/\/bobimarket.pl\/#organization"},"potentialAction":[{"@type":"SearchAction","target":{"@type":"EntryPoint","urlTemplate":"https:\/\/bobimarket.pl\/?s={search_term_string}"},"query-input":"required name=search_term_string"}],"inLanguage":"pl-PL"},{"@type":"Organization","@id":"https:\/\/bobimarket.pl\/#organization","name":"BOBIMARKET.pl","url":"https:\/\/bobimarket.pl\/","logo":{"@type":"ImageObject","inLanguage":"pl-PL","@id":"https:\/\/bobimarket.pl\/#\/schema\/logo\/image\/","url":"https:\/\/bobimarket.pl\/wp-content\/uploads\/2021\/11\/slogan.png","contentUrl":"https:\/\/bobimarket.pl\/wp-content\/uploads\/2021\/11\/slogan.png","width":2000,"height":384,"caption":"BOBIMARKET.pl"},"image":{"@id":"https:\/\/bobimarket.pl\/#\/schema\/logo\/image\/"}}]}},"_links":{"self":[{"href":"https:\/\/bobimarket.pl\/index.php\/wp-json\/wp\/v2\/product\/80555"}],"collection":[{"href":"https:\/\/bobimarket.pl\/index.php\/wp-json\/wp\/v2\/product"}],"about":[{"href":"https:\/\/bobimarket.pl\/index.php\/wp-json\/wp\/v2\/types\/product"}],"wp:featuredmedia":[{"embeddable":true,"href":"https:\/\/bobimarket.pl\/index.php\/wp-json\/wp\/v2\/media\/80544"}],"wp:attachment":[{"href":"https:\/\/bobimarket.pl\/index.php\/wp-json\/wp\/v2\/media?parent=80555"}],"wp:term":[{"taxonomy":"product_cat","embeddable":true,"href":"https:\/\/bobimarket.pl\/index.php\/wp-json\/wp\/v2\/product_cat?post=80555"},{"taxonomy":"product_tag","embeddable":true,"href":"https:\/\/bobimarket.pl\/index.php\/wp-json\/wp\/v2\/product_tag?post=80555"}],"curies":[{"name":"wp","href":"https:\/\/api.w.org\/{rel}","templated":true}]}}