{"id":80586,"date":"2023-08-29T15:42:22","date_gmt":"2023-08-29T15:42:22","guid":{"rendered":"https:\/\/bobimarket.pl\/index.php\/produkt\/wiadro-transparentne-z-pokrywa-i-miarka-5l\/"},"modified":"2025-02-27T13:32:33","modified_gmt":"2025-02-27T13:32:33","slug":"wiadro-transparentne-z-pokrywa-i-miarka-5l","status":"publish","type":"product","link":"https:\/\/bobimarket.pl\/index.php\/produkt\/wiadro-transparentne-z-pokrywa-i-miarka-5l\/","title":{"rendered":"WIADRO TRANSPARENTNE Z POKRYW\u0104 I MIARK\u0104 5L"},"content":{"rendered":"<section class=\"section\">\n<div class=\"item item-6\">\n<section class=\"image-item\">\n            <img decoding=\"async\" src=\"https:\/\/upload.cdn.baselinker.com\/products\/14476\/da527bab593872ee9708ed7221111597.jpg\" \/><br \/>\n        <\/section>\n<\/p><\/div>\n<div class=\"item item-6\">\n<section class=\"text-item\">\n<h2>WIADRO TRANSPARENTNE Z POKRYW\u0104 I MIARK\u0104 5L<\/h2>\n<p><b>Dane techniczne:\u00a0<\/b><\/p>\n<ul>\n<li>\u015arednica dna: <b>17 cm<\/b><\/li>\n<li>\u015arednica pokrywy: <b>22 cm<\/b><\/li>\n<li>Wysoko\u015b\u0107: <b>22 cm<\/b><\/li>\n<li>Materia\u0142: <b>tworzywo<\/b><\/li>\n<\/ul>\n<p><b>Kolor wstawek w wiaderku mo\u017ce si\u0119 r\u00f3\u017cni\u0107 w zale\u017cno\u015bci od dostawy! Aktualnie dost\u0119pne wiadra z elementami w kolorze bia\u0142ym!<\/b><\/p>\n<\/section><\/div>\n<\/section>\n<section class=\"section\">\n<div class=\"item item-6\">\n<section class=\"image-item\">\n            <img decoding=\"async\" src=\"https:\/\/upload.cdn.baselinker.com\/products\/14476\/da527bab593872ee9708ed7221111597.jpg\" \/><br \/>\n        <\/section>\n<\/p><\/div>\n<div class=\"item item-6\">\n<section class=\"text-item\">\n<p><b>Praktyczne i por\u0119czne transparentne wiadro, kt\u00f3re stanie si\u0119 niezb\u0119dnym elementem wyposa\u017cenia Twojego domu!<\/b><\/p>\n<p>Wykonane z wysokiej jako\u015bci tworzywa, co b\u0119dzie owocowa\u0142o d\u0142ugim okresem u\u017cytkowania. Z powodzeniem mo\u017ce by\u0107 u\u017cywane w kuchni, \u0142azience lub przy pracach wykonywanych w ogrodzie.<\/p>\n<p><b>\u2705\u00a0<\/b>Wiaderko posiada praktyczn\u0105 miark\u0119 oraz pokryw\u0119.<\/p>\n<\/section><\/div>\n<\/section>\n<section class=\"section\">\n<div class=\"item item-6\">\n<section class=\"image-item\">\n            <img decoding=\"async\" src=\"https:\/\/upload.cdn.baselinker.com\/products\/14476\/da527bab593872ee9708ed7221111597.jpg\" \/><br \/>\n        <\/section>\n<\/p><\/div>\n<div class=\"item item-6\">\n<section class=\"text-item\">\n<p><b>\u2705\u00a0<\/b>Wiaderko posiada wiele zalet:<\/p>\n<ul>\n<li>Nie t\u0142ucze si\u0119, jest trwa\u0142e i odporne na uszkodzenia.<\/li>\n<li>\u0141atwo si\u0119 czy\u015bci.<\/li>\n<li>Jest wielofunkcyjne, praktyczne i lekkie<\/li>\n<li>Nie ch\u0142onie wilgoci<\/li>\n<li>Jest odporne na dzia\u0142anie silnych detergent\u00f3w, kwasu i alkoholu.<\/li>\n<\/ul>\n<\/section><\/div>\n<\/section>\n","protected":false},"excerpt":{"rendered":"<p>WIADRO TRANSPARENTNE Z POKRYW\u0104 I MIARK\u0104 5L Dane techniczne:\u00a0 \u015arednica dna: 17 cm \u015arednica pokrywy: 22 cm Wysoko\u015b\u0107: 22 cm Materia\u0142: tworzywo Kolor wstawek w wiaderku mo\u017ce si\u0119 r\u00f3\u017cni\u0107 w zale\u017cno\u015bci od dostawy! Aktualnie dost\u0119pne wiadra z elementami w kolorze bia\u0142ym! Praktyczne i por\u0119czne transparentne wiadro, kt\u00f3re stanie si\u0119 niezb\u0119dnym elementem wyposa\u017cenia Twojego domu! Wykonane<br \/><a class=\"more-link\" href=\"https:\/\/bobimarket.pl\/index.php\/produkt\/wiadro-transparentne-z-pokrywa-i-miarka-5l\/\"><br \/>\n        Czytaj wi\u0119cej<span class=\"screen-reader-text\"> &#8222;WIADRO TRANSPARENTNE Z POKRYW\u0104 I MIARK\u0104 5L&#8221;<\/span><\/a><\/p>\n","protected":false},"featured_media":80584,"template":"","meta":[],"product_cat":[8070],"product_tag":[],"yoast_head":"<!-- This site is optimized with the Yoast SEO plugin v21.0 - https:\/\/yoast.com\/wordpress\/plugins\/seo\/ -->\n<title>WIADRO TRANSPARENTNE Z POKRYW\u0104 I MIARK\u0104 5L - BOBIMARKET.pl - Remontuj i urz\u0105dzaj z nami<\/title>\n<meta name=\"robots\" content=\"index, follow, max-snippet:-1, max-image-preview:large, max-video-preview:-1\" \/>\n<link rel=\"canonical\" href=\"https:\/\/bobimarket.pl\/index.php\/produkt\/wiadro-transparentne-z-pokrywa-i-miarka-5l\/\" \/>\n<meta property=\"og:locale\" content=\"pl_PL\" \/>\n<meta property=\"og:type\" content=\"article\" \/>\n<meta property=\"og:title\" content=\"WIADRO TRANSPARENTNE Z POKRYW\u0104 I MIARK\u0104 5L - BOBIMARKET.pl - Remontuj i urz\u0105dzaj z nami\" \/>\n<meta property=\"og:description\" content=\"WIADRO TRANSPARENTNE Z POKRYW\u0104 I MIARK\u0104 5L Dane techniczne:\u00a0 \u015arednica dna: 17 cm \u015arednica pokrywy: 22 cm Wysoko\u015b\u0107: 22 cm Materia\u0142: tworzywo Kolor wstawek w wiaderku mo\u017ce si\u0119 r\u00f3\u017cni\u0107 w zale\u017cno\u015bci od dostawy! Aktualnie dost\u0119pne wiadra z elementami w kolorze bia\u0142ym! Praktyczne i por\u0119czne transparentne wiadro, kt\u00f3re stanie si\u0119 niezb\u0119dnym elementem wyposa\u017cenia Twojego domu! Wykonane     Czytaj wi\u0119cej &quot;WIADRO TRANSPARENTNE Z POKRYW\u0104 I MIARK\u0104 5L&quot;\" \/>\n<meta property=\"og:url\" content=\"https:\/\/bobimarket.pl\/index.php\/produkt\/wiadro-transparentne-z-pokrywa-i-miarka-5l\/\" \/>\n<meta property=\"og:site_name\" content=\"BOBIMARKET.pl - Remontuj i urz\u0105dzaj z nami\" \/>\n<meta property=\"article:modified_time\" content=\"2025-02-27T13:32:33+00:00\" \/>\n<meta property=\"og:image\" content=\"https:\/\/upload.cdn.baselinker.com\/products\/14476\/da527bab593872ee9708ed7221111597.jpg\" \/>\n<meta name=\"twitter:card\" content=\"summary_large_image\" \/>\n<meta name=\"twitter:label1\" content=\"Szacowany czas czytania\" \/>\n\t<meta name=\"twitter:data1\" content=\"1 minuta\" \/>\n<script type=\"application\/ld+json\" class=\"yoast-schema-graph\">{\"@context\":\"https:\/\/schema.org\",\"@graph\":[{\"@type\":\"WebPage\",\"@id\":\"https:\/\/bobimarket.pl\/index.php\/produkt\/wiadro-transparentne-z-pokrywa-i-miarka-5l\/\",\"url\":\"https:\/\/bobimarket.pl\/index.php\/produkt\/wiadro-transparentne-z-pokrywa-i-miarka-5l\/\",\"name\":\"WIADRO TRANSPARENTNE Z POKRYW\u0104 I MIARK\u0104 5L - BOBIMARKET.pl - Remontuj i urz\u0105dzaj z nami\",\"isPartOf\":{\"@id\":\"https:\/\/bobimarket.pl\/#website\"},\"datePublished\":\"2023-08-29T15:42:22+00:00\",\"dateModified\":\"2025-02-27T13:32:33+00:00\",\"breadcrumb\":{\"@id\":\"https:\/\/bobimarket.pl\/index.php\/produkt\/wiadro-transparentne-z-pokrywa-i-miarka-5l\/#breadcrumb\"},\"inLanguage\":\"pl-PL\",\"potentialAction\":[{\"@type\":\"ReadAction\",\"target\":[\"https:\/\/bobimarket.pl\/index.php\/produkt\/wiadro-transparentne-z-pokrywa-i-miarka-5l\/\"]}]},{\"@type\":\"BreadcrumbList\",\"@id\":\"https:\/\/bobimarket.pl\/index.php\/produkt\/wiadro-transparentne-z-pokrywa-i-miarka-5l\/#breadcrumb\",\"itemListElement\":[{\"@type\":\"ListItem\",\"position\":1,\"name\":\"Strona g\u0142\u00f3wna\",\"item\":\"https:\/\/bobimarket.pl\/\"},{\"@type\":\"ListItem\",\"position\":2,\"name\":\"Sklep\",\"item\":\"https:\/\/bobimarket.pl\/index.php\/shop\/\"},{\"@type\":\"ListItem\",\"position\":3,\"name\":\"WIADRO TRANSPARENTNE Z POKRYW\u0104 I MIARK\u0104 5L\"}]},{\"@type\":\"WebSite\",\"@id\":\"https:\/\/bobimarket.pl\/#website\",\"url\":\"https:\/\/bobimarket.pl\/\",\"name\":\"BOBIMARKET.pl - Remontuj i urz\u0105dzaj z nami\",\"description\":\"Remontuj i urz\u0105dzaj z nami\",\"publisher\":{\"@id\":\"https:\/\/bobimarket.pl\/#organization\"},\"potentialAction\":[{\"@type\":\"SearchAction\",\"target\":{\"@type\":\"EntryPoint\",\"urlTemplate\":\"https:\/\/bobimarket.pl\/?s={search_term_string}\"},\"query-input\":\"required name=search_term_string\"}],\"inLanguage\":\"pl-PL\"},{\"@type\":\"Organization\",\"@id\":\"https:\/\/bobimarket.pl\/#organization\",\"name\":\"BOBIMARKET.pl\",\"url\":\"https:\/\/bobimarket.pl\/\",\"logo\":{\"@type\":\"ImageObject\",\"inLanguage\":\"pl-PL\",\"@id\":\"https:\/\/bobimarket.pl\/#\/schema\/logo\/image\/\",\"url\":\"https:\/\/bobimarket.pl\/wp-content\/uploads\/2021\/11\/slogan.png\",\"contentUrl\":\"https:\/\/bobimarket.pl\/wp-content\/uploads\/2021\/11\/slogan.png\",\"width\":2000,\"height\":384,\"caption\":\"BOBIMARKET.pl\"},\"image\":{\"@id\":\"https:\/\/bobimarket.pl\/#\/schema\/logo\/image\/\"}}]}<\/script>\n<!-- \/ Yoast SEO plugin. -->","yoast_head_json":{"title":"WIADRO TRANSPARENTNE Z POKRYW\u0104 I MIARK\u0104 5L - BOBIMARKET.pl - Remontuj i urz\u0105dzaj z nami","robots":{"index":"index","follow":"follow","max-snippet":"max-snippet:-1","max-image-preview":"max-image-preview:large","max-video-preview":"max-video-preview:-1"},"canonical":"https:\/\/bobimarket.pl\/index.php\/produkt\/wiadro-transparentne-z-pokrywa-i-miarka-5l\/","og_locale":"pl_PL","og_type":"article","og_title":"WIADRO TRANSPARENTNE Z POKRYW\u0104 I MIARK\u0104 5L - BOBIMARKET.pl - Remontuj i urz\u0105dzaj z nami","og_description":"WIADRO TRANSPARENTNE Z POKRYW\u0104 I MIARK\u0104 5L Dane techniczne:\u00a0 \u015arednica dna: 17 cm \u015arednica pokrywy: 22 cm Wysoko\u015b\u0107: 22 cm Materia\u0142: tworzywo Kolor wstawek w wiaderku mo\u017ce si\u0119 r\u00f3\u017cni\u0107 w zale\u017cno\u015bci od dostawy! Aktualnie dost\u0119pne wiadra z elementami w kolorze bia\u0142ym! Praktyczne i por\u0119czne transparentne wiadro, kt\u00f3re stanie si\u0119 niezb\u0119dnym elementem wyposa\u017cenia Twojego domu! Wykonane     Czytaj wi\u0119cej \"WIADRO TRANSPARENTNE Z POKRYW\u0104 I MIARK\u0104 5L\"","og_url":"https:\/\/bobimarket.pl\/index.php\/produkt\/wiadro-transparentne-z-pokrywa-i-miarka-5l\/","og_site_name":"BOBIMARKET.pl - Remontuj i urz\u0105dzaj z nami","article_modified_time":"2025-02-27T13:32:33+00:00","og_image":[{"url":"https:\/\/upload.cdn.baselinker.com\/products\/14476\/da527bab593872ee9708ed7221111597.jpg"}],"twitter_card":"summary_large_image","twitter_misc":{"Szacowany czas czytania":"1 minuta"},"schema":{"@context":"https:\/\/schema.org","@graph":[{"@type":"WebPage","@id":"https:\/\/bobimarket.pl\/index.php\/produkt\/wiadro-transparentne-z-pokrywa-i-miarka-5l\/","url":"https:\/\/bobimarket.pl\/index.php\/produkt\/wiadro-transparentne-z-pokrywa-i-miarka-5l\/","name":"WIADRO TRANSPARENTNE Z POKRYW\u0104 I MIARK\u0104 5L - BOBIMARKET.pl - Remontuj i urz\u0105dzaj z nami","isPartOf":{"@id":"https:\/\/bobimarket.pl\/#website"},"datePublished":"2023-08-29T15:42:22+00:00","dateModified":"2025-02-27T13:32:33+00:00","breadcrumb":{"@id":"https:\/\/bobimarket.pl\/index.php\/produkt\/wiadro-transparentne-z-pokrywa-i-miarka-5l\/#breadcrumb"},"inLanguage":"pl-PL","potentialAction":[{"@type":"ReadAction","target":["https:\/\/bobimarket.pl\/index.php\/produkt\/wiadro-transparentne-z-pokrywa-i-miarka-5l\/"]}]},{"@type":"BreadcrumbList","@id":"https:\/\/bobimarket.pl\/index.php\/produkt\/wiadro-transparentne-z-pokrywa-i-miarka-5l\/#breadcrumb","itemListElement":[{"@type":"ListItem","position":1,"name":"Strona g\u0142\u00f3wna","item":"https:\/\/bobimarket.pl\/"},{"@type":"ListItem","position":2,"name":"Sklep","item":"https:\/\/bobimarket.pl\/index.php\/shop\/"},{"@type":"ListItem","position":3,"name":"WIADRO TRANSPARENTNE Z POKRYW\u0104 I MIARK\u0104 5L"}]},{"@type":"WebSite","@id":"https:\/\/bobimarket.pl\/#website","url":"https:\/\/bobimarket.pl\/","name":"BOBIMARKET.pl - Remontuj i urz\u0105dzaj z nami","description":"Remontuj i urz\u0105dzaj z nami","publisher":{"@id":"https:\/\/bobimarket.pl\/#organization"},"potentialAction":[{"@type":"SearchAction","target":{"@type":"EntryPoint","urlTemplate":"https:\/\/bobimarket.pl\/?s={search_term_string}"},"query-input":"required name=search_term_string"}],"inLanguage":"pl-PL"},{"@type":"Organization","@id":"https:\/\/bobimarket.pl\/#organization","name":"BOBIMARKET.pl","url":"https:\/\/bobimarket.pl\/","logo":{"@type":"ImageObject","inLanguage":"pl-PL","@id":"https:\/\/bobimarket.pl\/#\/schema\/logo\/image\/","url":"https:\/\/bobimarket.pl\/wp-content\/uploads\/2021\/11\/slogan.png","contentUrl":"https:\/\/bobimarket.pl\/wp-content\/uploads\/2021\/11\/slogan.png","width":2000,"height":384,"caption":"BOBIMARKET.pl"},"image":{"@id":"https:\/\/bobimarket.pl\/#\/schema\/logo\/image\/"}}]}},"_links":{"self":[{"href":"https:\/\/bobimarket.pl\/index.php\/wp-json\/wp\/v2\/product\/80586"}],"collection":[{"href":"https:\/\/bobimarket.pl\/index.php\/wp-json\/wp\/v2\/product"}],"about":[{"href":"https:\/\/bobimarket.pl\/index.php\/wp-json\/wp\/v2\/types\/product"}],"wp:featuredmedia":[{"embeddable":true,"href":"https:\/\/bobimarket.pl\/index.php\/wp-json\/wp\/v2\/media\/80584"}],"wp:attachment":[{"href":"https:\/\/bobimarket.pl\/index.php\/wp-json\/wp\/v2\/media?parent=80586"}],"wp:term":[{"taxonomy":"product_cat","embeddable":true,"href":"https:\/\/bobimarket.pl\/index.php\/wp-json\/wp\/v2\/product_cat?post=80586"},{"taxonomy":"product_tag","embeddable":true,"href":"https:\/\/bobimarket.pl\/index.php\/wp-json\/wp\/v2\/product_tag?post=80586"}],"curies":[{"name":"wp","href":"https:\/\/api.w.org\/{rel}","templated":true}]}}