{"id":80601,"date":"2023-08-29T15:43:22","date_gmt":"2023-08-29T15:43:22","guid":{"rendered":"https:\/\/bobimarket.pl\/index.php\/produkt\/organizer-wiszacy-kosz-zawieszany-na-szafke\/"},"modified":"2025-02-27T13:32:40","modified_gmt":"2025-02-27T13:32:40","slug":"organizer-wiszacy-kosz-zawieszany-na-szafke","status":"publish","type":"product","link":"https:\/\/bobimarket.pl\/index.php\/produkt\/organizer-wiszacy-kosz-zawieszany-na-szafke\/","title":{"rendered":"ORGANIZER WISZ\u0104CY KOSZ ZAWIESZANY NA SZAFK\u0118"},"content":{"rendered":"<section class=\"section\">\n<div class=\"item item-6\">\n<section class=\"image-item\">\n            <img decoding=\"async\" src=\"https:\/\/upload.cdn.baselinker.com\/products\/14476\/fb9ee798366cdc4e2f9784e5ef60a5b2.jpg\" \/><br \/>\n        <\/section>\n<\/p><\/div>\n<div class=\"item item-6\">\n<section class=\"text-item\">\n<h1>ORGANIZER WISZ\u0104CY KOSZ ZAWIESZANY NA SZAFK\u0118<\/h1>\n<p><b>Dane techniczne:<\/b><\/p>\n<ul>\n<li>Wysoko\u015b\u0107:<b> 34,5 cm<\/b><\/li>\n<li>Szeroko\u015b\u0107: <b>23,5 cm<\/b><\/li>\n<li>Grubo\u015b\u0107:<b> 9 cm<\/b><\/li>\n<li>Przystosowany do mycia w zmywarce<\/li>\n<\/ul>\n<h2>kolor:grafit<\/h2>\n<\/section><\/div>\n<\/section>\n<section class=\"section\">\n<div class=\"item item-6\">\n<section class=\"image-item\">\n            <img decoding=\"async\" src=\"https:\/\/upload.cdn.baselinker.com\/products\/14476\/989df0c391fbcf0f3d24ad45eaa117f8.jpg\" \/><br \/>\n        <\/section>\n<\/p><\/div>\n<div class=\"item item-6\">\n<section class=\"text-item\">\n<p><b>Wisz\u0105cy kosz pomo\u017ce Ci w utrzymaniu porz\u0105dku w kuchni lub innych pomieszczeniach w domu!<\/b><\/p>\n<p>Wysokiej jako\u015bci, uniwersalny wisz\u0105cy organizer. Doskona\u0142y do przechowywanie \u015brodk\u00f3w czysto\u015bci i innych rozmaitych przedmiot\u00f3w. Kosz nie posiada pokrywki.<\/p>\n<ul>\n<li>Mo\u017ce zosta\u0107 wykorzystany do przechowywania\u00a0 detergent\u00f3w w kuchni. \u015awietnie nadaje si\u0119 r\u00f3wnie\u017c na kuchenne odpadki<\/li>\n<li>U\u0142atwi magazynowanie drobiazg\u00f3w lub kosmetyk\u00f3w w \u0142azience lub garderobie.<\/li>\n<\/ul>\n<\/section><\/div>\n<\/section>\n<section class=\"section\">\n<div class=\"item item-6\">\n<section class=\"image-item\">\n            <img decoding=\"async\" src=\"https:\/\/upload.cdn.baselinker.com\/products\/14476\/58498205059ebdc182d0889d55bf2bcd.jpg\" \/><br \/>\n        <\/section>\n<\/p><\/div>\n<div class=\"item item-6\">\n<section class=\"text-item\">\n<p>\u2705 Kosz znajdzie swojej zastosowanie w kuchni, spi\u017carni lub \u0142azience. Idealnie najadaje si\u0119\u00a0<b>do przechowywania\u00a0<\/b>r\u00f3\u017cnego rodzaju przedmiot\u00f3w.<\/p>\n<ul>\n<li>\u0141atwo si\u0119 zak\u0142ada i zdejmuje<\/li>\n<li>Zapewnia dodatkow\u0105 powierzchni\u0119 do przechowywania<\/li>\n<li>Mo\u017cliwo\u015b\u0107 zawieszenia od zewn\u0105trz i wewn\u0105trz szafki<\/li>\n<li>Stonowana kolorystyka sprawia, \u017ce z \u0142atwo\u015bci\u0105 b\u0119dzie komponowa\u0142 z pozosta\u0142ymi elementami\u00a0 wyposa\u017cenia.<\/li>\n<\/ul>\n<\/section><\/div>\n<\/section>\n<section class=\"section\">\n<div class=\"item item-12\">\n<section class=\"text-item\">\n<h2>Sprawd\u017a inne pojemniki dost\u0119pne w naszym sklepie!<\/h2>\n<\/section><\/div>\n<\/section>\n","protected":false},"excerpt":{"rendered":"<p>ORGANIZER WISZ\u0104CY KOSZ ZAWIESZANY NA SZAFK\u0118 Dane techniczne: Wysoko\u015b\u0107: 34,5 cm Szeroko\u015b\u0107: 23,5 cm Grubo\u015b\u0107: 9 cm Przystosowany do mycia w zmywarce kolor:grafit Wisz\u0105cy kosz pomo\u017ce Ci w utrzymaniu porz\u0105dku w kuchni lub innych pomieszczeniach w domu! Wysokiej jako\u015bci, uniwersalny wisz\u0105cy organizer. Doskona\u0142y do przechowywanie \u015brodk\u00f3w czysto\u015bci i innych rozmaitych przedmiot\u00f3w. Kosz nie posiada pokrywki.<br \/><a class=\"more-link\" href=\"https:\/\/bobimarket.pl\/index.php\/produkt\/organizer-wiszacy-kosz-zawieszany-na-szafke\/\"><br \/>\n        Czytaj wi\u0119cej<span class=\"screen-reader-text\"> &#8222;ORGANIZER WISZ\u0104CY KOSZ ZAWIESZANY NA SZAFK\u0118&#8221;<\/span><\/a><\/p>\n","protected":false},"featured_media":80597,"template":"","meta":[],"product_cat":[8070],"product_tag":[],"yoast_head":"<!-- This site is optimized with the Yoast SEO plugin v21.0 - https:\/\/yoast.com\/wordpress\/plugins\/seo\/ -->\n<title>ORGANIZER WISZ\u0104CY KOSZ ZAWIESZANY NA SZAFK\u0118 - BOBIMARKET.pl - Remontuj i urz\u0105dzaj z nami<\/title>\n<meta name=\"robots\" content=\"index, follow, max-snippet:-1, max-image-preview:large, max-video-preview:-1\" \/>\n<link rel=\"canonical\" href=\"https:\/\/bobimarket.pl\/index.php\/produkt\/organizer-wiszacy-kosz-zawieszany-na-szafke\/\" \/>\n<meta property=\"og:locale\" content=\"pl_PL\" \/>\n<meta property=\"og:type\" content=\"article\" \/>\n<meta property=\"og:title\" content=\"ORGANIZER WISZ\u0104CY KOSZ ZAWIESZANY NA SZAFK\u0118 - BOBIMARKET.pl - Remontuj i urz\u0105dzaj z nami\" \/>\n<meta property=\"og:description\" content=\"ORGANIZER WISZ\u0104CY KOSZ ZAWIESZANY NA SZAFK\u0118 Dane techniczne: Wysoko\u015b\u0107: 34,5 cm Szeroko\u015b\u0107: 23,5 cm Grubo\u015b\u0107: 9 cm Przystosowany do mycia w zmywarce kolor:grafit Wisz\u0105cy kosz pomo\u017ce Ci w utrzymaniu porz\u0105dku w kuchni lub innych pomieszczeniach w domu! Wysokiej jako\u015bci, uniwersalny wisz\u0105cy organizer. Doskona\u0142y do przechowywanie \u015brodk\u00f3w czysto\u015bci i innych rozmaitych przedmiot\u00f3w. Kosz nie posiada pokrywki.     Czytaj wi\u0119cej &quot;ORGANIZER WISZ\u0104CY KOSZ ZAWIESZANY NA SZAFK\u0118&quot;\" \/>\n<meta property=\"og:url\" content=\"https:\/\/bobimarket.pl\/index.php\/produkt\/organizer-wiszacy-kosz-zawieszany-na-szafke\/\" \/>\n<meta property=\"og:site_name\" content=\"BOBIMARKET.pl - Remontuj i urz\u0105dzaj z nami\" \/>\n<meta property=\"article:modified_time\" content=\"2025-02-27T13:32:40+00:00\" \/>\n<meta property=\"og:image\" content=\"https:\/\/upload.cdn.baselinker.com\/products\/14476\/fb9ee798366cdc4e2f9784e5ef60a5b2.jpg\" \/>\n<meta name=\"twitter:card\" content=\"summary_large_image\" \/>\n<meta name=\"twitter:label1\" content=\"Szacowany czas czytania\" \/>\n\t<meta name=\"twitter:data1\" content=\"1 minuta\" \/>\n<script type=\"application\/ld+json\" class=\"yoast-schema-graph\">{\"@context\":\"https:\/\/schema.org\",\"@graph\":[{\"@type\":\"WebPage\",\"@id\":\"https:\/\/bobimarket.pl\/index.php\/produkt\/organizer-wiszacy-kosz-zawieszany-na-szafke\/\",\"url\":\"https:\/\/bobimarket.pl\/index.php\/produkt\/organizer-wiszacy-kosz-zawieszany-na-szafke\/\",\"name\":\"ORGANIZER WISZ\u0104CY KOSZ ZAWIESZANY NA SZAFK\u0118 - BOBIMARKET.pl - Remontuj i urz\u0105dzaj z nami\",\"isPartOf\":{\"@id\":\"https:\/\/bobimarket.pl\/#website\"},\"datePublished\":\"2023-08-29T15:43:22+00:00\",\"dateModified\":\"2025-02-27T13:32:40+00:00\",\"breadcrumb\":{\"@id\":\"https:\/\/bobimarket.pl\/index.php\/produkt\/organizer-wiszacy-kosz-zawieszany-na-szafke\/#breadcrumb\"},\"inLanguage\":\"pl-PL\",\"potentialAction\":[{\"@type\":\"ReadAction\",\"target\":[\"https:\/\/bobimarket.pl\/index.php\/produkt\/organizer-wiszacy-kosz-zawieszany-na-szafke\/\"]}]},{\"@type\":\"BreadcrumbList\",\"@id\":\"https:\/\/bobimarket.pl\/index.php\/produkt\/organizer-wiszacy-kosz-zawieszany-na-szafke\/#breadcrumb\",\"itemListElement\":[{\"@type\":\"ListItem\",\"position\":1,\"name\":\"Strona g\u0142\u00f3wna\",\"item\":\"https:\/\/bobimarket.pl\/\"},{\"@type\":\"ListItem\",\"position\":2,\"name\":\"Sklep\",\"item\":\"https:\/\/bobimarket.pl\/index.php\/shop\/\"},{\"@type\":\"ListItem\",\"position\":3,\"name\":\"ORGANIZER WISZ\u0104CY KOSZ ZAWIESZANY NA SZAFK\u0118\"}]},{\"@type\":\"WebSite\",\"@id\":\"https:\/\/bobimarket.pl\/#website\",\"url\":\"https:\/\/bobimarket.pl\/\",\"name\":\"BOBIMARKET.pl - Remontuj i urz\u0105dzaj z nami\",\"description\":\"Remontuj i urz\u0105dzaj z nami\",\"publisher\":{\"@id\":\"https:\/\/bobimarket.pl\/#organization\"},\"potentialAction\":[{\"@type\":\"SearchAction\",\"target\":{\"@type\":\"EntryPoint\",\"urlTemplate\":\"https:\/\/bobimarket.pl\/?s={search_term_string}\"},\"query-input\":\"required name=search_term_string\"}],\"inLanguage\":\"pl-PL\"},{\"@type\":\"Organization\",\"@id\":\"https:\/\/bobimarket.pl\/#organization\",\"name\":\"BOBIMARKET.pl\",\"url\":\"https:\/\/bobimarket.pl\/\",\"logo\":{\"@type\":\"ImageObject\",\"inLanguage\":\"pl-PL\",\"@id\":\"https:\/\/bobimarket.pl\/#\/schema\/logo\/image\/\",\"url\":\"https:\/\/bobimarket.pl\/wp-content\/uploads\/2021\/11\/slogan.png\",\"contentUrl\":\"https:\/\/bobimarket.pl\/wp-content\/uploads\/2021\/11\/slogan.png\",\"width\":2000,\"height\":384,\"caption\":\"BOBIMARKET.pl\"},\"image\":{\"@id\":\"https:\/\/bobimarket.pl\/#\/schema\/logo\/image\/\"}}]}<\/script>\n<!-- \/ Yoast SEO plugin. -->","yoast_head_json":{"title":"ORGANIZER WISZ\u0104CY KOSZ ZAWIESZANY NA SZAFK\u0118 - BOBIMARKET.pl - Remontuj i urz\u0105dzaj z nami","robots":{"index":"index","follow":"follow","max-snippet":"max-snippet:-1","max-image-preview":"max-image-preview:large","max-video-preview":"max-video-preview:-1"},"canonical":"https:\/\/bobimarket.pl\/index.php\/produkt\/organizer-wiszacy-kosz-zawieszany-na-szafke\/","og_locale":"pl_PL","og_type":"article","og_title":"ORGANIZER WISZ\u0104CY KOSZ ZAWIESZANY NA SZAFK\u0118 - BOBIMARKET.pl - Remontuj i urz\u0105dzaj z nami","og_description":"ORGANIZER WISZ\u0104CY KOSZ ZAWIESZANY NA SZAFK\u0118 Dane techniczne: Wysoko\u015b\u0107: 34,5 cm Szeroko\u015b\u0107: 23,5 cm Grubo\u015b\u0107: 9 cm Przystosowany do mycia w zmywarce kolor:grafit Wisz\u0105cy kosz pomo\u017ce Ci w utrzymaniu porz\u0105dku w kuchni lub innych pomieszczeniach w domu! Wysokiej jako\u015bci, uniwersalny wisz\u0105cy organizer. Doskona\u0142y do przechowywanie \u015brodk\u00f3w czysto\u015bci i innych rozmaitych przedmiot\u00f3w. Kosz nie posiada pokrywki.     Czytaj wi\u0119cej \"ORGANIZER WISZ\u0104CY KOSZ ZAWIESZANY NA SZAFK\u0118\"","og_url":"https:\/\/bobimarket.pl\/index.php\/produkt\/organizer-wiszacy-kosz-zawieszany-na-szafke\/","og_site_name":"BOBIMARKET.pl - Remontuj i urz\u0105dzaj z nami","article_modified_time":"2025-02-27T13:32:40+00:00","og_image":[{"url":"https:\/\/upload.cdn.baselinker.com\/products\/14476\/fb9ee798366cdc4e2f9784e5ef60a5b2.jpg"}],"twitter_card":"summary_large_image","twitter_misc":{"Szacowany czas czytania":"1 minuta"},"schema":{"@context":"https:\/\/schema.org","@graph":[{"@type":"WebPage","@id":"https:\/\/bobimarket.pl\/index.php\/produkt\/organizer-wiszacy-kosz-zawieszany-na-szafke\/","url":"https:\/\/bobimarket.pl\/index.php\/produkt\/organizer-wiszacy-kosz-zawieszany-na-szafke\/","name":"ORGANIZER WISZ\u0104CY KOSZ ZAWIESZANY NA SZAFK\u0118 - BOBIMARKET.pl - Remontuj i urz\u0105dzaj z nami","isPartOf":{"@id":"https:\/\/bobimarket.pl\/#website"},"datePublished":"2023-08-29T15:43:22+00:00","dateModified":"2025-02-27T13:32:40+00:00","breadcrumb":{"@id":"https:\/\/bobimarket.pl\/index.php\/produkt\/organizer-wiszacy-kosz-zawieszany-na-szafke\/#breadcrumb"},"inLanguage":"pl-PL","potentialAction":[{"@type":"ReadAction","target":["https:\/\/bobimarket.pl\/index.php\/produkt\/organizer-wiszacy-kosz-zawieszany-na-szafke\/"]}]},{"@type":"BreadcrumbList","@id":"https:\/\/bobimarket.pl\/index.php\/produkt\/organizer-wiszacy-kosz-zawieszany-na-szafke\/#breadcrumb","itemListElement":[{"@type":"ListItem","position":1,"name":"Strona g\u0142\u00f3wna","item":"https:\/\/bobimarket.pl\/"},{"@type":"ListItem","position":2,"name":"Sklep","item":"https:\/\/bobimarket.pl\/index.php\/shop\/"},{"@type":"ListItem","position":3,"name":"ORGANIZER WISZ\u0104CY KOSZ ZAWIESZANY NA SZAFK\u0118"}]},{"@type":"WebSite","@id":"https:\/\/bobimarket.pl\/#website","url":"https:\/\/bobimarket.pl\/","name":"BOBIMARKET.pl - Remontuj i urz\u0105dzaj z nami","description":"Remontuj i urz\u0105dzaj z nami","publisher":{"@id":"https:\/\/bobimarket.pl\/#organization"},"potentialAction":[{"@type":"SearchAction","target":{"@type":"EntryPoint","urlTemplate":"https:\/\/bobimarket.pl\/?s={search_term_string}"},"query-input":"required name=search_term_string"}],"inLanguage":"pl-PL"},{"@type":"Organization","@id":"https:\/\/bobimarket.pl\/#organization","name":"BOBIMARKET.pl","url":"https:\/\/bobimarket.pl\/","logo":{"@type":"ImageObject","inLanguage":"pl-PL","@id":"https:\/\/bobimarket.pl\/#\/schema\/logo\/image\/","url":"https:\/\/bobimarket.pl\/wp-content\/uploads\/2021\/11\/slogan.png","contentUrl":"https:\/\/bobimarket.pl\/wp-content\/uploads\/2021\/11\/slogan.png","width":2000,"height":384,"caption":"BOBIMARKET.pl"},"image":{"@id":"https:\/\/bobimarket.pl\/#\/schema\/logo\/image\/"}}]}},"_links":{"self":[{"href":"https:\/\/bobimarket.pl\/index.php\/wp-json\/wp\/v2\/product\/80601"}],"collection":[{"href":"https:\/\/bobimarket.pl\/index.php\/wp-json\/wp\/v2\/product"}],"about":[{"href":"https:\/\/bobimarket.pl\/index.php\/wp-json\/wp\/v2\/types\/product"}],"wp:featuredmedia":[{"embeddable":true,"href":"https:\/\/bobimarket.pl\/index.php\/wp-json\/wp\/v2\/media\/80597"}],"wp:attachment":[{"href":"https:\/\/bobimarket.pl\/index.php\/wp-json\/wp\/v2\/media?parent=80601"}],"wp:term":[{"taxonomy":"product_cat","embeddable":true,"href":"https:\/\/bobimarket.pl\/index.php\/wp-json\/wp\/v2\/product_cat?post=80601"},{"taxonomy":"product_tag","embeddable":true,"href":"https:\/\/bobimarket.pl\/index.php\/wp-json\/wp\/v2\/product_tag?post=80601"}],"curies":[{"name":"wp","href":"https:\/\/api.w.org\/{rel}","templated":true}]}}