{"id":80643,"date":"2023-08-29T15:45:10","date_gmt":"2023-08-29T15:45:10","guid":{"rendered":"https:\/\/bobimarket.pl\/index.php\/produkt\/miska-kuchenna-okragla-do-lazienki-miednica-45l\/"},"modified":"2025-02-27T13:32:58","modified_gmt":"2025-02-27T13:32:58","slug":"miska-kuchenna-okragla-do-lazienki-miednica-45l","status":"publish","type":"product","link":"https:\/\/bobimarket.pl\/index.php\/produkt\/miska-kuchenna-okragla-do-lazienki-miednica-45l\/","title":{"rendered":"MISKA KUCHENNA OKR\u0104G\u0141A DO \u0141AZIENKI MIEDNICA 4,5l"},"content":{"rendered":"<section class=\"section\">\n<div class=\"item item-12\">\n<section class=\"text-item\">\n<h2>MISKA KUCHENNA\u00a0 OKR\u0104G\u0141A DO \u0141AZIENKI MIEDNICA 4,5l<\/h2>\n<p><b>Dane techniczne:<\/b><\/p>\n<ul>\n<li>Wymiary miski:<b> 24 cm<\/b><\/li>\n<li>\u015arednica dna:<b> 17 cm<\/b><\/li>\n<li>Wysoko\u015b\u0107: <b>9,5 cm<\/b><\/li>\n<li>Pojemno\u015b\u0107:<b> 4,5 l<\/b><\/li>\n<li>Materia\u0142:<b> tworzywo <\/b><\/li>\n<li>Nie zawiera Bisfenolu (BPA FREE)!!!<\/li>\n<\/ul>\n<\/section><\/div>\n<\/section>\n<section class=\"section\">\n<div class=\"item item-12\">\n<section class=\"image-item\">\n            <img decoding=\"async\" src=\"https:\/\/upload.cdn.baselinker.com\/products\/14476\/301c86437548d061ab630eec5d606c9c.jpg\" \/><br \/>\n        <\/section>\n<\/p><\/div>\n<\/section>\n<section class=\"section\">\n<div class=\"item item-12\">\n<section class=\"text-item\">\n<h2>Uniwersalna miska, kt\u00f3ra znajdzie swoje zastosowanie w kuchni, pomieszczeniu gospodarczym lub \u0142azience!<\/h2>\n<p>Okr\u0105g\u0142a miednica o pojemno\u015bci 4,5 l. Misk\u0119 wykonano z wysokiej jako\u015bci tworzywa, co b\u0119dzie owocowa\u0142o d\u0142ugim okresem u\u017cytkowania. Jest przeznaczona do kontaktu z \u017cywno\u015bci\u0105, wykonana j\u0105 z materia\u0142\u00f3w, kt\u00f3re nie zawieraj\u0105 szkodliwych zwi\u0105zk\u00f3w BPA.<\/p>\n<p><b>\u2705 Zalety miski:<\/b><\/p>\n<ul>\n<li>Jest trwa\u0142a i odporna na uszkodzenia<\/li>\n<li>Mo\u017cna j\u0105 my\u0107 w zmywarce<\/li>\n<li>Jest lekka, por\u0119czna i praktyczna<\/li>\n<\/ul>\n<\/section><\/div>\n<\/section>\n<section class=\"section\">\n<div class=\"item item-12\">\n<section class=\"image-item\">\n            <img decoding=\"async\" src=\"https:\/\/upload.cdn.baselinker.com\/products\/14476\/f3f0ded4109e167bb402d76853652c4f.jpg\" \/><br \/>\n        <\/section>\n<\/p><\/div>\n<\/section>\n<section class=\"section\">\n<div class=\"item item-12\">\n<section class=\"text-item\">\n<h2>Miska posiada wiele praktycznych zalet, kt\u00f3re sprawi\u0105, \u017ce stanie si\u0119 niezb\u0119dnym elementem wyposa\u017cenia Twojego domu!<\/h2>\n<p>\u2705 Miska jest wielofunkcyjna i mo\u017ce zosta\u0107 wykorzystana na wiele sposob\u00f3w:<\/p>\n<ul>\n<li>Mo\u017ce zosta\u0107 wykorzystana podczas przygotowywania sa\u0142atek czy innych posi\u0142k\u00f3w.<\/li>\n<li>Nadaje si\u0119 do mycia lub przechowywania warzyw i owoc\u00f3w<\/li>\n<li>Idealnie sprawdzi si\u0119 podczas wszelkich prac porz\u0105dkowych w domu.<\/li>\n<li>Mo\u017ce s\u0142u\u017cy\u0107 do r\u0119cznego prania lub przenoszenia prania.<\/li>\n<li>Nadaje si\u0119 r\u00f3wnie\u017c do przechowywania r\u00f3\u017cnego rodzaju przedmiot\u00f3w.<\/li>\n<\/ul>\n<\/section><\/div>\n<\/section>\n<section class=\"section\">\n<div class=\"item item-12\">\n<section class=\"image-item\">\n            <img decoding=\"async\" src=\"https:\/\/upload.cdn.baselinker.com\/products\/14476\/301c86437548d061ab630eec5d606c9c.jpg\" \/><br \/>\n        <\/section>\n<\/p><\/div>\n<\/section>\n","protected":false},"excerpt":{"rendered":"<p>MISKA KUCHENNA\u00a0 OKR\u0104G\u0141A DO \u0141AZIENKI MIEDNICA 4,5l Dane techniczne: Wymiary miski: 24 cm \u015arednica dna: 17 cm Wysoko\u015b\u0107: 9,5 cm Pojemno\u015b\u0107: 4,5 l Materia\u0142: tworzywo Nie zawiera Bisfenolu (BPA FREE)!!! Uniwersalna miska, kt\u00f3ra znajdzie swoje zastosowanie w kuchni, pomieszczeniu gospodarczym lub \u0142azience! Okr\u0105g\u0142a miednica o pojemno\u015bci 4,5 l. Misk\u0119 wykonano z wysokiej jako\u015bci tworzywa, co<br \/><a class=\"more-link\" href=\"https:\/\/bobimarket.pl\/index.php\/produkt\/miska-kuchenna-okragla-do-lazienki-miednica-45l\/\"><br \/>\n        Czytaj wi\u0119cej<span class=\"screen-reader-text\"> &#8222;MISKA KUCHENNA OKR\u0104G\u0141A DO \u0141AZIENKI MIEDNICA 4,5l&#8221;<\/span><\/a><\/p>\n","protected":false},"featured_media":80640,"template":"","meta":[],"product_cat":[8099],"product_tag":[],"yoast_head":"<!-- This site is optimized with the Yoast SEO plugin v21.0 - https:\/\/yoast.com\/wordpress\/plugins\/seo\/ -->\n<title>MISKA KUCHENNA OKR\u0104G\u0141A DO \u0141AZIENKI MIEDNICA 4,5l - BOBIMARKET.pl - Remontuj i urz\u0105dzaj z nami<\/title>\n<meta name=\"robots\" content=\"index, follow, max-snippet:-1, max-image-preview:large, max-video-preview:-1\" \/>\n<link rel=\"canonical\" href=\"https:\/\/bobimarket.pl\/index.php\/produkt\/miska-kuchenna-okragla-do-lazienki-miednica-45l\/\" \/>\n<meta property=\"og:locale\" content=\"pl_PL\" \/>\n<meta property=\"og:type\" content=\"article\" \/>\n<meta property=\"og:title\" content=\"MISKA KUCHENNA OKR\u0104G\u0141A DO \u0141AZIENKI MIEDNICA 4,5l - BOBIMARKET.pl - Remontuj i urz\u0105dzaj z nami\" \/>\n<meta property=\"og:description\" content=\"MISKA KUCHENNA\u00a0 OKR\u0104G\u0141A DO \u0141AZIENKI MIEDNICA 4,5l Dane techniczne: Wymiary miski: 24 cm \u015arednica dna: 17 cm Wysoko\u015b\u0107: 9,5 cm Pojemno\u015b\u0107: 4,5 l Materia\u0142: tworzywo Nie zawiera Bisfenolu (BPA FREE)!!! Uniwersalna miska, kt\u00f3ra znajdzie swoje zastosowanie w kuchni, pomieszczeniu gospodarczym lub \u0142azience! Okr\u0105g\u0142a miednica o pojemno\u015bci 4,5 l. Misk\u0119 wykonano z wysokiej jako\u015bci tworzywa, co     Czytaj wi\u0119cej &quot;MISKA KUCHENNA OKR\u0104G\u0141A DO \u0141AZIENKI MIEDNICA 4,5l&quot;\" \/>\n<meta property=\"og:url\" content=\"https:\/\/bobimarket.pl\/index.php\/produkt\/miska-kuchenna-okragla-do-lazienki-miednica-45l\/\" \/>\n<meta property=\"og:site_name\" content=\"BOBIMARKET.pl - Remontuj i urz\u0105dzaj z nami\" \/>\n<meta property=\"article:modified_time\" content=\"2025-02-27T13:32:58+00:00\" \/>\n<meta property=\"og:image\" content=\"https:\/\/upload.cdn.baselinker.com\/products\/14476\/301c86437548d061ab630eec5d606c9c.jpg\" \/>\n<meta name=\"twitter:card\" content=\"summary_large_image\" \/>\n<meta name=\"twitter:label1\" content=\"Szacowany czas czytania\" \/>\n\t<meta name=\"twitter:data1\" content=\"1 minuta\" \/>\n<script type=\"application\/ld+json\" class=\"yoast-schema-graph\">{\"@context\":\"https:\/\/schema.org\",\"@graph\":[{\"@type\":\"WebPage\",\"@id\":\"https:\/\/bobimarket.pl\/index.php\/produkt\/miska-kuchenna-okragla-do-lazienki-miednica-45l\/\",\"url\":\"https:\/\/bobimarket.pl\/index.php\/produkt\/miska-kuchenna-okragla-do-lazienki-miednica-45l\/\",\"name\":\"MISKA KUCHENNA OKR\u0104G\u0141A DO \u0141AZIENKI MIEDNICA 4,5l - BOBIMARKET.pl - Remontuj i urz\u0105dzaj z nami\",\"isPartOf\":{\"@id\":\"https:\/\/bobimarket.pl\/#website\"},\"datePublished\":\"2023-08-29T15:45:10+00:00\",\"dateModified\":\"2025-02-27T13:32:58+00:00\",\"breadcrumb\":{\"@id\":\"https:\/\/bobimarket.pl\/index.php\/produkt\/miska-kuchenna-okragla-do-lazienki-miednica-45l\/#breadcrumb\"},\"inLanguage\":\"pl-PL\",\"potentialAction\":[{\"@type\":\"ReadAction\",\"target\":[\"https:\/\/bobimarket.pl\/index.php\/produkt\/miska-kuchenna-okragla-do-lazienki-miednica-45l\/\"]}]},{\"@type\":\"BreadcrumbList\",\"@id\":\"https:\/\/bobimarket.pl\/index.php\/produkt\/miska-kuchenna-okragla-do-lazienki-miednica-45l\/#breadcrumb\",\"itemListElement\":[{\"@type\":\"ListItem\",\"position\":1,\"name\":\"Strona g\u0142\u00f3wna\",\"item\":\"https:\/\/bobimarket.pl\/\"},{\"@type\":\"ListItem\",\"position\":2,\"name\":\"Sklep\",\"item\":\"https:\/\/bobimarket.pl\/index.php\/shop\/\"},{\"@type\":\"ListItem\",\"position\":3,\"name\":\"MISKA KUCHENNA OKR\u0104G\u0141A DO \u0141AZIENKI MIEDNICA 4,5l\"}]},{\"@type\":\"WebSite\",\"@id\":\"https:\/\/bobimarket.pl\/#website\",\"url\":\"https:\/\/bobimarket.pl\/\",\"name\":\"BOBIMARKET.pl - Remontuj i urz\u0105dzaj z nami\",\"description\":\"Remontuj i urz\u0105dzaj z nami\",\"publisher\":{\"@id\":\"https:\/\/bobimarket.pl\/#organization\"},\"potentialAction\":[{\"@type\":\"SearchAction\",\"target\":{\"@type\":\"EntryPoint\",\"urlTemplate\":\"https:\/\/bobimarket.pl\/?s={search_term_string}\"},\"query-input\":\"required name=search_term_string\"}],\"inLanguage\":\"pl-PL\"},{\"@type\":\"Organization\",\"@id\":\"https:\/\/bobimarket.pl\/#organization\",\"name\":\"BOBIMARKET.pl\",\"url\":\"https:\/\/bobimarket.pl\/\",\"logo\":{\"@type\":\"ImageObject\",\"inLanguage\":\"pl-PL\",\"@id\":\"https:\/\/bobimarket.pl\/#\/schema\/logo\/image\/\",\"url\":\"https:\/\/bobimarket.pl\/wp-content\/uploads\/2021\/11\/slogan.png\",\"contentUrl\":\"https:\/\/bobimarket.pl\/wp-content\/uploads\/2021\/11\/slogan.png\",\"width\":2000,\"height\":384,\"caption\":\"BOBIMARKET.pl\"},\"image\":{\"@id\":\"https:\/\/bobimarket.pl\/#\/schema\/logo\/image\/\"}}]}<\/script>\n<!-- \/ Yoast SEO plugin. -->","yoast_head_json":{"title":"MISKA KUCHENNA OKR\u0104G\u0141A DO \u0141AZIENKI MIEDNICA 4,5l - BOBIMARKET.pl - Remontuj i urz\u0105dzaj z nami","robots":{"index":"index","follow":"follow","max-snippet":"max-snippet:-1","max-image-preview":"max-image-preview:large","max-video-preview":"max-video-preview:-1"},"canonical":"https:\/\/bobimarket.pl\/index.php\/produkt\/miska-kuchenna-okragla-do-lazienki-miednica-45l\/","og_locale":"pl_PL","og_type":"article","og_title":"MISKA KUCHENNA OKR\u0104G\u0141A DO \u0141AZIENKI MIEDNICA 4,5l - BOBIMARKET.pl - Remontuj i urz\u0105dzaj z nami","og_description":"MISKA KUCHENNA\u00a0 OKR\u0104G\u0141A DO \u0141AZIENKI MIEDNICA 4,5l Dane techniczne: Wymiary miski: 24 cm \u015arednica dna: 17 cm Wysoko\u015b\u0107: 9,5 cm Pojemno\u015b\u0107: 4,5 l Materia\u0142: tworzywo Nie zawiera Bisfenolu (BPA FREE)!!! Uniwersalna miska, kt\u00f3ra znajdzie swoje zastosowanie w kuchni, pomieszczeniu gospodarczym lub \u0142azience! Okr\u0105g\u0142a miednica o pojemno\u015bci 4,5 l. Misk\u0119 wykonano z wysokiej jako\u015bci tworzywa, co     Czytaj wi\u0119cej \"MISKA KUCHENNA OKR\u0104G\u0141A DO \u0141AZIENKI MIEDNICA 4,5l\"","og_url":"https:\/\/bobimarket.pl\/index.php\/produkt\/miska-kuchenna-okragla-do-lazienki-miednica-45l\/","og_site_name":"BOBIMARKET.pl - Remontuj i urz\u0105dzaj z nami","article_modified_time":"2025-02-27T13:32:58+00:00","og_image":[{"url":"https:\/\/upload.cdn.baselinker.com\/products\/14476\/301c86437548d061ab630eec5d606c9c.jpg"}],"twitter_card":"summary_large_image","twitter_misc":{"Szacowany czas czytania":"1 minuta"},"schema":{"@context":"https:\/\/schema.org","@graph":[{"@type":"WebPage","@id":"https:\/\/bobimarket.pl\/index.php\/produkt\/miska-kuchenna-okragla-do-lazienki-miednica-45l\/","url":"https:\/\/bobimarket.pl\/index.php\/produkt\/miska-kuchenna-okragla-do-lazienki-miednica-45l\/","name":"MISKA KUCHENNA OKR\u0104G\u0141A DO \u0141AZIENKI MIEDNICA 4,5l - BOBIMARKET.pl - Remontuj i urz\u0105dzaj z nami","isPartOf":{"@id":"https:\/\/bobimarket.pl\/#website"},"datePublished":"2023-08-29T15:45:10+00:00","dateModified":"2025-02-27T13:32:58+00:00","breadcrumb":{"@id":"https:\/\/bobimarket.pl\/index.php\/produkt\/miska-kuchenna-okragla-do-lazienki-miednica-45l\/#breadcrumb"},"inLanguage":"pl-PL","potentialAction":[{"@type":"ReadAction","target":["https:\/\/bobimarket.pl\/index.php\/produkt\/miska-kuchenna-okragla-do-lazienki-miednica-45l\/"]}]},{"@type":"BreadcrumbList","@id":"https:\/\/bobimarket.pl\/index.php\/produkt\/miska-kuchenna-okragla-do-lazienki-miednica-45l\/#breadcrumb","itemListElement":[{"@type":"ListItem","position":1,"name":"Strona g\u0142\u00f3wna","item":"https:\/\/bobimarket.pl\/"},{"@type":"ListItem","position":2,"name":"Sklep","item":"https:\/\/bobimarket.pl\/index.php\/shop\/"},{"@type":"ListItem","position":3,"name":"MISKA KUCHENNA OKR\u0104G\u0141A DO \u0141AZIENKI MIEDNICA 4,5l"}]},{"@type":"WebSite","@id":"https:\/\/bobimarket.pl\/#website","url":"https:\/\/bobimarket.pl\/","name":"BOBIMARKET.pl - Remontuj i urz\u0105dzaj z nami","description":"Remontuj i urz\u0105dzaj z nami","publisher":{"@id":"https:\/\/bobimarket.pl\/#organization"},"potentialAction":[{"@type":"SearchAction","target":{"@type":"EntryPoint","urlTemplate":"https:\/\/bobimarket.pl\/?s={search_term_string}"},"query-input":"required name=search_term_string"}],"inLanguage":"pl-PL"},{"@type":"Organization","@id":"https:\/\/bobimarket.pl\/#organization","name":"BOBIMARKET.pl","url":"https:\/\/bobimarket.pl\/","logo":{"@type":"ImageObject","inLanguage":"pl-PL","@id":"https:\/\/bobimarket.pl\/#\/schema\/logo\/image\/","url":"https:\/\/bobimarket.pl\/wp-content\/uploads\/2021\/11\/slogan.png","contentUrl":"https:\/\/bobimarket.pl\/wp-content\/uploads\/2021\/11\/slogan.png","width":2000,"height":384,"caption":"BOBIMARKET.pl"},"image":{"@id":"https:\/\/bobimarket.pl\/#\/schema\/logo\/image\/"}}]}},"_links":{"self":[{"href":"https:\/\/bobimarket.pl\/index.php\/wp-json\/wp\/v2\/product\/80643"}],"collection":[{"href":"https:\/\/bobimarket.pl\/index.php\/wp-json\/wp\/v2\/product"}],"about":[{"href":"https:\/\/bobimarket.pl\/index.php\/wp-json\/wp\/v2\/types\/product"}],"wp:featuredmedia":[{"embeddable":true,"href":"https:\/\/bobimarket.pl\/index.php\/wp-json\/wp\/v2\/media\/80640"}],"wp:attachment":[{"href":"https:\/\/bobimarket.pl\/index.php\/wp-json\/wp\/v2\/media?parent=80643"}],"wp:term":[{"taxonomy":"product_cat","embeddable":true,"href":"https:\/\/bobimarket.pl\/index.php\/wp-json\/wp\/v2\/product_cat?post=80643"},{"taxonomy":"product_tag","embeddable":true,"href":"https:\/\/bobimarket.pl\/index.php\/wp-json\/wp\/v2\/product_tag?post=80643"}],"curies":[{"name":"wp","href":"https:\/\/api.w.org\/{rel}","templated":true}]}}