{"id":80645,"date":"2023-08-29T15:45:19","date_gmt":"2023-08-29T15:45:19","guid":{"rendered":"https:\/\/bobimarket.pl\/index.php\/produkt\/kosz-na-smieci-odpady-biurowy-pojemnik-26l\/"},"modified":"2025-02-27T13:33:07","modified_gmt":"2025-02-27T13:33:07","slug":"kosz-na-smieci-odpady-biurowy-pojemnik-26l","status":"publish","type":"product","link":"https:\/\/bobimarket.pl\/index.php\/produkt\/kosz-na-smieci-odpady-biurowy-pojemnik-26l\/","title":{"rendered":"KOSZ NA \u015aMIECI ODPADY BIUROWY POJEMNIK 26L"},"content":{"rendered":"<section class=\"section\">\n<div class=\"item item-6\">\n<section class=\"image-item\">\n            <img decoding=\"async\" src=\"https:\/\/upload.cdn.baselinker.com\/products\/14476\/5542f0367e448af81362fef3798509e2.jpg\"><br \/>\n        <\/section>\n<\/p><\/div>\n<div class=\"item item-6\">\n<section class=\"text-item\">\n<h2>KOSZ NA \u015aMIECI ODPADY BIUROWY POJEMNIK 26L<\/h2>\n<p><b>Dane techniczne:<\/b><\/p>\n<ul>\n<li>Pojemno\u015b\u0107: <b>26 l<\/b><\/li>\n<li>Wysoko\u015b\u0107:<b> 50,5 cm<\/b><\/li>\n<li>D\u0142ugo\u015b\u0107: <b>33,5 cm<\/b><\/li>\n<li>Szeroko\u015b\u0107: <b>26,3 cm<\/b><\/li>\n<li>Kolor:<b> bia\u0142y <\/b><\/li>\n<li>Materia\u0142: Tworzywo<\/li>\n<\/ul>\n<\/section><\/div>\n<\/section>\n<section class=\"section\">\n<div class=\"item item-6\">\n<section class=\"image-item\">\n            <img decoding=\"async\" src=\"https:\/\/upload.cdn.baselinker.com\/products\/14476\/5542f0367e448af81362fef3798509e2.jpg\"><br \/>\n        <\/section>\n<\/p><\/div>\n<div class=\"item item-6\">\n<section class=\"text-item\">\n<h2>Prosty design i uniwersalne zastosowanie<\/h2>\n<p>Klasyczny kosz na \u015bmiecie o <b>pojemno\u015bci 26l<\/b>. Niezb\u0119dny element w ka\u017cdym domu, biurze i wielu innych pomieszczeniach.<\/p>\n<ul>\n<li><b>Uniwersalny i minimalistyczy design<\/b> oraz zastosowanie stonowanych kolor\u00f3w sprawiaj\u0105, \u017ce pojemnik z \u0142atwo\u015bci\u0105 wkomponuje si\u0119 w ka\u017cde wn\u0119trze.<\/li>\n<li>Kosz ma <b>idealny wymiary<\/b>, z \u0142atwo\u015bci\u0105 zmie\u015bci si\u0119 np. pod biurko, ale jednocze\u015bnie jest pojemny. Dodatkowo jest lekki i por\u0119czny.<\/li>\n<\/ul>\n<\/section><\/div>\n<\/section>\n<section class=\"section\">\n<div class=\"item item-6\">\n<section class=\"image-item\">\n            <img decoding=\"async\" src=\"https:\/\/upload.cdn.baselinker.com\/products\/14476\/5542f0367e448af81362fef3798509e2.jpg\"><br \/>\n        <\/section>\n<\/p><\/div>\n<div class=\"item item-6\">\n<section class=\"text-item\">\n<p><b>\u2705 Zastosowanie:<\/b><\/p>\n<p>Kosz sprawdzi si\u0119 w wielu pomieszczenia tj. kuchnia, \u0142azienka, biuro lub magazyn. Prostu i uniwersalny &#8211; pasuje do ka\u017cdego wn\u0119trza.<\/p>\n<ul>\n<li>zdejmowan\u0105<b> uchyln\u0105 pokryw<\/b> zas\u0142ania zawarto\u015b\u0107 kosza<\/li>\n<li>podnoszona przykrywka dodatkowo zabezpiecza odpady przed owadami.<\/li>\n<li><b> zaokr\u0105glone ranty <\/b>u\u0142atwiaj\u0105 czyszczenie pojemnika.<\/li>\n<\/ul>\n<\/section><\/div>\n<\/section>\n","protected":false},"excerpt":{"rendered":"<p>KOSZ NA \u015aMIECI ODPADY BIUROWY POJEMNIK 26L Dane techniczne: Pojemno\u015b\u0107: 26 l Wysoko\u015b\u0107: 50,5 cm D\u0142ugo\u015b\u0107: 33,5 cm Szeroko\u015b\u0107: 26,3 cm Kolor: bia\u0142y Materia\u0142: Tworzywo Prosty design i uniwersalne zastosowanie Klasyczny kosz na \u015bmiecie o pojemno\u015bci 26l. Niezb\u0119dny element w ka\u017cdym domu, biurze i wielu innych pomieszczeniach. Uniwersalny i minimalistyczy design oraz zastosowanie stonowanych kolor\u00f3w<br \/><a class=\"more-link\" href=\"https:\/\/bobimarket.pl\/index.php\/produkt\/kosz-na-smieci-odpady-biurowy-pojemnik-26l\/\"><br \/>\n        Czytaj wi\u0119cej<span class=\"screen-reader-text\"> &#8222;KOSZ NA \u015aMIECI ODPADY BIUROWY POJEMNIK 26L&#8221;<\/span><\/a><\/p>\n","protected":false},"featured_media":80644,"template":"","meta":[],"product_cat":[8139],"product_tag":[],"yoast_head":"<!-- This site is optimized with the Yoast SEO plugin v21.0 - https:\/\/yoast.com\/wordpress\/plugins\/seo\/ -->\n<title>KOSZ NA \u015aMIECI ODPADY BIUROWY POJEMNIK 26L - BOBIMARKET.pl - Remontuj i urz\u0105dzaj z nami<\/title>\n<meta name=\"robots\" content=\"index, follow, max-snippet:-1, max-image-preview:large, max-video-preview:-1\" \/>\n<link rel=\"canonical\" href=\"https:\/\/bobimarket.pl\/index.php\/produkt\/kosz-na-smieci-odpady-biurowy-pojemnik-26l\/\" \/>\n<meta property=\"og:locale\" content=\"pl_PL\" \/>\n<meta property=\"og:type\" content=\"article\" \/>\n<meta property=\"og:title\" content=\"KOSZ NA \u015aMIECI ODPADY BIUROWY POJEMNIK 26L - BOBIMARKET.pl - Remontuj i urz\u0105dzaj z nami\" \/>\n<meta property=\"og:description\" content=\"KOSZ NA \u015aMIECI ODPADY BIUROWY POJEMNIK 26L Dane techniczne: Pojemno\u015b\u0107: 26 l Wysoko\u015b\u0107: 50,5 cm D\u0142ugo\u015b\u0107: 33,5 cm Szeroko\u015b\u0107: 26,3 cm Kolor: bia\u0142y Materia\u0142: Tworzywo Prosty design i uniwersalne zastosowanie Klasyczny kosz na \u015bmiecie o pojemno\u015bci 26l. Niezb\u0119dny element w ka\u017cdym domu, biurze i wielu innych pomieszczeniach. Uniwersalny i minimalistyczy design oraz zastosowanie stonowanych kolor\u00f3w     Czytaj wi\u0119cej &quot;KOSZ NA \u015aMIECI ODPADY BIUROWY POJEMNIK 26L&quot;\" \/>\n<meta property=\"og:url\" content=\"https:\/\/bobimarket.pl\/index.php\/produkt\/kosz-na-smieci-odpady-biurowy-pojemnik-26l\/\" \/>\n<meta property=\"og:site_name\" content=\"BOBIMARKET.pl - Remontuj i urz\u0105dzaj z nami\" \/>\n<meta property=\"article:modified_time\" content=\"2025-02-27T13:33:07+00:00\" \/>\n<meta property=\"og:image\" content=\"https:\/\/upload.cdn.baselinker.com\/products\/14476\/5542f0367e448af81362fef3798509e2.jpg\" \/>\n<meta name=\"twitter:card\" content=\"summary_large_image\" \/>\n<meta name=\"twitter:label1\" content=\"Szacowany czas czytania\" \/>\n\t<meta name=\"twitter:data1\" content=\"1 minuta\" \/>\n<script type=\"application\/ld+json\" class=\"yoast-schema-graph\">{\"@context\":\"https:\/\/schema.org\",\"@graph\":[{\"@type\":\"WebPage\",\"@id\":\"https:\/\/bobimarket.pl\/index.php\/produkt\/kosz-na-smieci-odpady-biurowy-pojemnik-26l\/\",\"url\":\"https:\/\/bobimarket.pl\/index.php\/produkt\/kosz-na-smieci-odpady-biurowy-pojemnik-26l\/\",\"name\":\"KOSZ NA \u015aMIECI ODPADY BIUROWY POJEMNIK 26L - BOBIMARKET.pl - Remontuj i urz\u0105dzaj z nami\",\"isPartOf\":{\"@id\":\"https:\/\/bobimarket.pl\/#website\"},\"datePublished\":\"2023-08-29T15:45:19+00:00\",\"dateModified\":\"2025-02-27T13:33:07+00:00\",\"breadcrumb\":{\"@id\":\"https:\/\/bobimarket.pl\/index.php\/produkt\/kosz-na-smieci-odpady-biurowy-pojemnik-26l\/#breadcrumb\"},\"inLanguage\":\"pl-PL\",\"potentialAction\":[{\"@type\":\"ReadAction\",\"target\":[\"https:\/\/bobimarket.pl\/index.php\/produkt\/kosz-na-smieci-odpady-biurowy-pojemnik-26l\/\"]}]},{\"@type\":\"BreadcrumbList\",\"@id\":\"https:\/\/bobimarket.pl\/index.php\/produkt\/kosz-na-smieci-odpady-biurowy-pojemnik-26l\/#breadcrumb\",\"itemListElement\":[{\"@type\":\"ListItem\",\"position\":1,\"name\":\"Strona g\u0142\u00f3wna\",\"item\":\"https:\/\/bobimarket.pl\/\"},{\"@type\":\"ListItem\",\"position\":2,\"name\":\"Sklep\",\"item\":\"https:\/\/bobimarket.pl\/index.php\/shop\/\"},{\"@type\":\"ListItem\",\"position\":3,\"name\":\"KOSZ NA \u015aMIECI ODPADY BIUROWY POJEMNIK 26L\"}]},{\"@type\":\"WebSite\",\"@id\":\"https:\/\/bobimarket.pl\/#website\",\"url\":\"https:\/\/bobimarket.pl\/\",\"name\":\"BOBIMARKET.pl - Remontuj i urz\u0105dzaj z nami\",\"description\":\"Remontuj i urz\u0105dzaj z nami\",\"publisher\":{\"@id\":\"https:\/\/bobimarket.pl\/#organization\"},\"potentialAction\":[{\"@type\":\"SearchAction\",\"target\":{\"@type\":\"EntryPoint\",\"urlTemplate\":\"https:\/\/bobimarket.pl\/?s={search_term_string}\"},\"query-input\":\"required name=search_term_string\"}],\"inLanguage\":\"pl-PL\"},{\"@type\":\"Organization\",\"@id\":\"https:\/\/bobimarket.pl\/#organization\",\"name\":\"BOBIMARKET.pl\",\"url\":\"https:\/\/bobimarket.pl\/\",\"logo\":{\"@type\":\"ImageObject\",\"inLanguage\":\"pl-PL\",\"@id\":\"https:\/\/bobimarket.pl\/#\/schema\/logo\/image\/\",\"url\":\"https:\/\/bobimarket.pl\/wp-content\/uploads\/2021\/11\/slogan.png\",\"contentUrl\":\"https:\/\/bobimarket.pl\/wp-content\/uploads\/2021\/11\/slogan.png\",\"width\":2000,\"height\":384,\"caption\":\"BOBIMARKET.pl\"},\"image\":{\"@id\":\"https:\/\/bobimarket.pl\/#\/schema\/logo\/image\/\"}}]}<\/script>\n<!-- \/ Yoast SEO plugin. -->","yoast_head_json":{"title":"KOSZ NA \u015aMIECI ODPADY BIUROWY POJEMNIK 26L - BOBIMARKET.pl - Remontuj i urz\u0105dzaj z nami","robots":{"index":"index","follow":"follow","max-snippet":"max-snippet:-1","max-image-preview":"max-image-preview:large","max-video-preview":"max-video-preview:-1"},"canonical":"https:\/\/bobimarket.pl\/index.php\/produkt\/kosz-na-smieci-odpady-biurowy-pojemnik-26l\/","og_locale":"pl_PL","og_type":"article","og_title":"KOSZ NA \u015aMIECI ODPADY BIUROWY POJEMNIK 26L - BOBIMARKET.pl - Remontuj i urz\u0105dzaj z nami","og_description":"KOSZ NA \u015aMIECI ODPADY BIUROWY POJEMNIK 26L Dane techniczne: Pojemno\u015b\u0107: 26 l Wysoko\u015b\u0107: 50,5 cm D\u0142ugo\u015b\u0107: 33,5 cm Szeroko\u015b\u0107: 26,3 cm Kolor: bia\u0142y Materia\u0142: Tworzywo Prosty design i uniwersalne zastosowanie Klasyczny kosz na \u015bmiecie o pojemno\u015bci 26l. Niezb\u0119dny element w ka\u017cdym domu, biurze i wielu innych pomieszczeniach. Uniwersalny i minimalistyczy design oraz zastosowanie stonowanych kolor\u00f3w     Czytaj wi\u0119cej \"KOSZ NA \u015aMIECI ODPADY BIUROWY POJEMNIK 26L\"","og_url":"https:\/\/bobimarket.pl\/index.php\/produkt\/kosz-na-smieci-odpady-biurowy-pojemnik-26l\/","og_site_name":"BOBIMARKET.pl - Remontuj i urz\u0105dzaj z nami","article_modified_time":"2025-02-27T13:33:07+00:00","og_image":[{"url":"https:\/\/upload.cdn.baselinker.com\/products\/14476\/5542f0367e448af81362fef3798509e2.jpg"}],"twitter_card":"summary_large_image","twitter_misc":{"Szacowany czas czytania":"1 minuta"},"schema":{"@context":"https:\/\/schema.org","@graph":[{"@type":"WebPage","@id":"https:\/\/bobimarket.pl\/index.php\/produkt\/kosz-na-smieci-odpady-biurowy-pojemnik-26l\/","url":"https:\/\/bobimarket.pl\/index.php\/produkt\/kosz-na-smieci-odpady-biurowy-pojemnik-26l\/","name":"KOSZ NA \u015aMIECI ODPADY BIUROWY POJEMNIK 26L - BOBIMARKET.pl - Remontuj i urz\u0105dzaj z nami","isPartOf":{"@id":"https:\/\/bobimarket.pl\/#website"},"datePublished":"2023-08-29T15:45:19+00:00","dateModified":"2025-02-27T13:33:07+00:00","breadcrumb":{"@id":"https:\/\/bobimarket.pl\/index.php\/produkt\/kosz-na-smieci-odpady-biurowy-pojemnik-26l\/#breadcrumb"},"inLanguage":"pl-PL","potentialAction":[{"@type":"ReadAction","target":["https:\/\/bobimarket.pl\/index.php\/produkt\/kosz-na-smieci-odpady-biurowy-pojemnik-26l\/"]}]},{"@type":"BreadcrumbList","@id":"https:\/\/bobimarket.pl\/index.php\/produkt\/kosz-na-smieci-odpady-biurowy-pojemnik-26l\/#breadcrumb","itemListElement":[{"@type":"ListItem","position":1,"name":"Strona g\u0142\u00f3wna","item":"https:\/\/bobimarket.pl\/"},{"@type":"ListItem","position":2,"name":"Sklep","item":"https:\/\/bobimarket.pl\/index.php\/shop\/"},{"@type":"ListItem","position":3,"name":"KOSZ NA \u015aMIECI ODPADY BIUROWY POJEMNIK 26L"}]},{"@type":"WebSite","@id":"https:\/\/bobimarket.pl\/#website","url":"https:\/\/bobimarket.pl\/","name":"BOBIMARKET.pl - Remontuj i urz\u0105dzaj z nami","description":"Remontuj i urz\u0105dzaj z nami","publisher":{"@id":"https:\/\/bobimarket.pl\/#organization"},"potentialAction":[{"@type":"SearchAction","target":{"@type":"EntryPoint","urlTemplate":"https:\/\/bobimarket.pl\/?s={search_term_string}"},"query-input":"required name=search_term_string"}],"inLanguage":"pl-PL"},{"@type":"Organization","@id":"https:\/\/bobimarket.pl\/#organization","name":"BOBIMARKET.pl","url":"https:\/\/bobimarket.pl\/","logo":{"@type":"ImageObject","inLanguage":"pl-PL","@id":"https:\/\/bobimarket.pl\/#\/schema\/logo\/image\/","url":"https:\/\/bobimarket.pl\/wp-content\/uploads\/2021\/11\/slogan.png","contentUrl":"https:\/\/bobimarket.pl\/wp-content\/uploads\/2021\/11\/slogan.png","width":2000,"height":384,"caption":"BOBIMARKET.pl"},"image":{"@id":"https:\/\/bobimarket.pl\/#\/schema\/logo\/image\/"}}]}},"_links":{"self":[{"href":"https:\/\/bobimarket.pl\/index.php\/wp-json\/wp\/v2\/product\/80645"}],"collection":[{"href":"https:\/\/bobimarket.pl\/index.php\/wp-json\/wp\/v2\/product"}],"about":[{"href":"https:\/\/bobimarket.pl\/index.php\/wp-json\/wp\/v2\/types\/product"}],"wp:featuredmedia":[{"embeddable":true,"href":"https:\/\/bobimarket.pl\/index.php\/wp-json\/wp\/v2\/media\/80644"}],"wp:attachment":[{"href":"https:\/\/bobimarket.pl\/index.php\/wp-json\/wp\/v2\/media?parent=80645"}],"wp:term":[{"taxonomy":"product_cat","embeddable":true,"href":"https:\/\/bobimarket.pl\/index.php\/wp-json\/wp\/v2\/product_cat?post=80645"},{"taxonomy":"product_tag","embeddable":true,"href":"https:\/\/bobimarket.pl\/index.php\/wp-json\/wp\/v2\/product_tag?post=80645"}],"curies":[{"name":"wp","href":"https:\/\/api.w.org\/{rel}","templated":true}]}}