{"id":80657,"date":"2023-08-29T15:45:44","date_gmt":"2023-08-29T15:45:44","guid":{"rendered":"https:\/\/bobimarket.pl\/index.php\/produkt\/pojemnik-na-zywnosc-hermetyczny-kwadrat-23l\/"},"modified":"2025-02-27T13:33:16","modified_gmt":"2025-02-27T13:33:16","slug":"pojemnik-na-zywnosc-hermetyczny-kwadrat-23l","status":"publish","type":"product","link":"https:\/\/bobimarket.pl\/index.php\/produkt\/pojemnik-na-zywnosc-hermetyczny-kwadrat-23l\/","title":{"rendered":"POJEMNIK NA \u017bYWNO\u015a\u0106 HERMETYCZNY KWADRAT 2,3l"},"content":{"rendered":"<section class=\"section\">\n<div class=\"item item-6\">\n<section class=\"image-item\">\n            <img decoding=\"async\" src=\"https:\/\/upload.cdn.baselinker.com\/products\/14476\/5f7b253e20be4a6ef983389267d460f1.jpg\" \/><br \/>\n        <\/section>\n<\/p><\/div>\n<div class=\"item item-6\">\n<section class=\"text-item\">\n<h2>POJEMNIK NA \u017bYWNO\u015a\u0106 HERMETYCZNY KWADRAT 2,3l<\/h2>\n<p><b>Dane techniczne:<\/b><\/p>\n<ul>\n<li>Pojemno\u015b\u0107: <b>2,3L<\/b><\/li>\n<li>Wymiary:<b> 21 cm x 21 cm\u00a0 x 8,5 cm<\/b><\/li>\n<li>Wymiary wewn\u0119trzne: <b>18,5\u00a0 x 18,5 x 7,5 cm<\/b><\/li>\n<li>Materia\u0142: tworzywo<\/li>\n<li>Nie zawiera Bisfenolu (<b>BPA FREE<\/b>)!!!<\/li>\n<\/ul>\n<p><b>Uwaga!<\/b><\/p>\n<p>Aktualnie na stanie posiadamy pojemniki z uszczelkami w r\u00f3\u017cnych odcieniach niebieskiego.<\/p>\n<\/section><\/div>\n<\/section>\n<section class=\"section\">\n<div class=\"item item-6\">\n<section class=\"image-item\">\n            <img decoding=\"async\" src=\"https:\/\/upload.cdn.baselinker.com\/products\/14476\/9623c7295f64f0ac672009cb3d983d1d.jpg\" \/><br \/>\n        <\/section>\n<\/p><\/div>\n<div class=\"item item-6\">\n<section class=\"text-item\">\n<h2>Dobra organizacja to podstawa! Zam\u00f3w pojemnik do przechowywania \u017cywno\u015bci i ciesz si\u0119 porz\u0105dkiem!<\/h2>\n<p>Bardzo praktyczny pojemniki o wszechstronnym zastosowaniu. Jego ogromn\u0105 zalet\u0105 jest to, \u017ce jest wytrzyma\u0142y i funkcjonalny. Pojemnik doskonale sprawdzi si\u0119 w kuchni lub spi\u017carni.<\/p>\n<p>\u2705 <b>Nie obawiaj si\u0119, \u017ce pojemnik b\u0119dzie sta\u0142 bezu\u017cytecznie.<\/b> \u015awietnie nadaje si\u0119 do artyku\u0142\u00f3w sypkich, ale nie tylko.<\/p>\n<ul>\n<li>Pojemnik hermetyczny\u00a0 sprawdzi si\u0119 do <b>przechowywania r\u00f3\u017cnego rodzaju artuku\u0142\u00f3w spo\u017cywczych.<\/b> Mo\u017cna do niego spakowa\u0107 pe\u0142nowarto\u015bciowe drugie \u015bniadanie dla dziecka do szko\u0142y. \u015awietnie sprawdzi si\u0119 r\u00f3wnie\u017c w podr\u00f3\u017cy.<\/li>\n<li>Mo\u017cna go wykorzysta\u0107 <b>do magazynowania drobiazg\u00f3w.<\/b><\/li>\n<\/ul>\n<\/section><\/div>\n<\/section>\n<section class=\"section\">\n<div class=\"item item-6\">\n<section class=\"image-item\">\n            <img decoding=\"async\" src=\"https:\/\/upload.cdn.baselinker.com\/products\/14476\/99de2a66ff8a4c81513d2dc2390f073a.jpg\" \/><br \/>\n        <\/section>\n<\/p><\/div>\n<div class=\"item item-6\">\n<section class=\"text-item\">\n<h1>Jedzenie jeszcze bardziej \u015bwie\u017ce, dzi\u0119ki hermetycznemu zapi\u0119ciu z silikonem!!<\/h1>\n<p>Pojemnik z powodzeniem mo\u017ce by\u0107 u\u017cywany <b>do przechowywania \u017cywno\u015bci<\/b> (posiada odpowiednie atesty do kontaktu z \u017cywno\u015bci\u0105).<\/p>\n<ul>\n<li>Wykonany z wysokiej jako\u015bci tworzywa, co b\u0119dzie owocowa\u0142o d\u0142ugim okresem u\u017cytkowania. Do produkcji u\u017cyto materia\u0142\u00f3w, kt\u00f3re nie zawieraj\u0105 szkodliwych zwi\u0105zk\u00f3w chemicznych <b>( BPA FREE!)<\/b><\/li>\n<li>Wygodne i<b> szczelne zapi\u0119cie z silikonow\u0105 uszczelk\u0105<\/b>\u00a0 gwarantuje komfortowe u\u017cytkowanie pojemnika! Jedzenie zachowuje swoj\u0105 \u015bwie\u017co\u015b\u0107.<\/li>\n<\/ul>\n<\/section><\/div>\n<\/section>\n<section class=\"section\">\n<div class=\"item item-6\">\n<section class=\"image-item\">\n            <img decoding=\"async\" src=\"https:\/\/upload.cdn.baselinker.com\/products\/14476\/e24335c35db2db6fdc32936949703a09.jpg\" \/><br \/>\n        <\/section>\n<\/p><\/div>\n<div class=\"item item-6\">\n<section class=\"text-item\">\n<h2>\u2705\u00a0 W pojemniku mo\u017cesz przechowywa\u0107:<\/h2>\n<ul>\n<li>sery, w\u0119dliny<\/li>\n<li>cukierki, ciastka i inne s\u0142odko\u015bci<\/li>\n<li>bakalie, rodzynki\u00a0 oraz kandyzowane owoce\u00a0<\/li>\n<li>orzeszki, krakersy lub inne s\u0142one przek\u0105ski<\/li>\n<li>pokrojone na mniejsze kawa\u0142ki warzywa i owoce<\/li>\n<li>r\u00f3\u017cnego rodzaju pasty do smarowania chleba<\/li>\n<li>drobne przedmioty np. spinki do w\u0142os\u00f3w, pier\u015bcionki itp.<\/li>\n<\/ul>\n<\/section><\/div>\n<\/section>\n<section class=\"section\">\n<div class=\"item item-6\">\n<section class=\"image-item\">\n            <img decoding=\"async\" src=\"https:\/\/upload.cdn.baselinker.com\/products\/14476\/293e0598195c7e25a716608d62758923.jpg\" \/><br \/>\n        <\/section>\n<\/p><\/div>\n<div class=\"item item-6\">\n<section class=\"text-item\">\n<h2>\u2705 Pojemnik hermetyczny to dobre rozwi\u0105zanie do ka\u017cdego domu!<\/h2>\n<p>Pojemnik doskonale sprawdzi si\u0119 w du\u017cych domach, gdzie w \u0142atwy spos\u00f3b <b>umo\u017cliwi uporz\u0105dkowanie dostepnej przestrzeni<\/b>. W ma\u0142ych mieszkaniach pozwoli natomiast zaoszcz\u0119dzi\u0107 miejsce.<\/p>\n<ul>\n<li>Pojemnik mo\u017cna umie\u015bci\u0107 w szafce kuchennej lub wysuwanej szufladzie. Idealnie sprawdzi si\u0119 r\u00f3wnie\u017c na p\u00f3\u0142ce w spi\u017carni.<\/li>\n<li>Kilka pojemnik\u00f3w mo\u017cna u\u0142o\u017cy\u0107 na sobie pi\u0119trowo i\u00a0<b>zaoszcz\u0119dzi\u0107 miejsce<\/b>\u00a0w spi\u017carni lub na p\u00f3\u0142ce!<\/li>\n<li>Pojemnik jest prze\u017aroczysty z \u0142atwo\u015bci\u0105 mo\u017cna zobaczy\u0107 jego\u00a0 zawarto\u015b\u0107.<\/li>\n<\/ul>\n<\/section><\/div>\n<\/section>\n<section class=\"section\">\n<div class=\"item item-6\">\n<section class=\"image-item\">\n            <img decoding=\"async\" src=\"https:\/\/upload.cdn.baselinker.com\/products\/14476\/1bb7f3c834b215e7bb12a56fa6c8fe19.jpg\" \/><br \/>\n        <\/section>\n<\/p><\/div>\n<div class=\"item item-6\">\n<section class=\"text-item\">\n<p><b>\u2705 Mo\u017cesz podgrza\u0107 w nim jedzenie<\/b><\/p>\n<p>Pojemnik jest przystosowany do u\u017cywania w kuchence mikrofalowej. Je\u017celi zajdzie taka potrzeba mo\u017cesz podgrza\u0107 znajduj\u0105ce si\u0119 w nim produkty.<\/p>\n<p><b>\u2705 Mo\u017cesz umy\u0107 go w zmywarce <\/b><\/p>\n<p>Pojemnik jest \u0142atwy do utrzymania w czysto\u015bci. Mo\u017cna go my\u0107 w zmywarce i zaoszcz\u0119dzi\u0107 cenny czas.<\/p>\n<p><b>\u2705 Nadaje si\u0119 do przechowywania w zamra\u017calce<\/b><\/p>\n<p>Hermetyczny pojemnik sprawdzi si\u0119 r\u00f3wnie\u017c do przechowywania \u017cywo\u015bci w zamra\u017calce, aby jeszcze d\u0142u\u017cej zachowa\u0142y swoj\u0105 \u015bwie\u017co\u015b\u0107.<\/p>\n<\/section><\/div>\n<\/section>\n<section class=\"section\">\n<div class=\"item item-12\">\n<section class=\"text-item\">\n<h1>Sprawd\u017a inne pojemniki dost\u0119pne w naszym sklepie!<\/h1>\n<\/section><\/div>\n<\/section>\n","protected":false},"excerpt":{"rendered":"<p>POJEMNIK NA \u017bYWNO\u015a\u0106 HERMETYCZNY KWADRAT 2,3l Dane techniczne: Pojemno\u015b\u0107: 2,3L Wymiary: 21 cm x 21 cm\u00a0 x 8,5 cm Wymiary wewn\u0119trzne: 18,5\u00a0 x 18,5 x 7,5 cm Materia\u0142: tworzywo Nie zawiera Bisfenolu (BPA FREE)!!! Uwaga! Aktualnie na stanie posiadamy pojemniki z uszczelkami w r\u00f3\u017cnych odcieniach niebieskiego. Dobra organizacja to podstawa! Zam\u00f3w pojemnik do przechowywania \u017cywno\u015bci<br \/><a class=\"more-link\" href=\"https:\/\/bobimarket.pl\/index.php\/produkt\/pojemnik-na-zywnosc-hermetyczny-kwadrat-23l\/\"><br \/>\n        Czytaj wi\u0119cej<span class=\"screen-reader-text\"> &#8222;POJEMNIK NA \u017bYWNO\u015a\u0106 HERMETYCZNY KWADRAT 2,3l&#8221;<\/span><\/a><\/p>\n","protected":false},"featured_media":80646,"template":"","meta":[],"product_cat":[8070],"product_tag":[],"yoast_head":"<!-- This site is optimized with the Yoast SEO plugin v21.0 - https:\/\/yoast.com\/wordpress\/plugins\/seo\/ -->\n<title>POJEMNIK NA \u017bYWNO\u015a\u0106 HERMETYCZNY KWADRAT 2,3l - BOBIMARKET.pl - Remontuj i urz\u0105dzaj z nami<\/title>\n<meta name=\"robots\" content=\"index, follow, max-snippet:-1, max-image-preview:large, max-video-preview:-1\" \/>\n<link rel=\"canonical\" href=\"https:\/\/bobimarket.pl\/index.php\/produkt\/pojemnik-na-zywnosc-hermetyczny-kwadrat-23l\/\" \/>\n<meta property=\"og:locale\" content=\"pl_PL\" \/>\n<meta property=\"og:type\" content=\"article\" \/>\n<meta property=\"og:title\" content=\"POJEMNIK NA \u017bYWNO\u015a\u0106 HERMETYCZNY KWADRAT 2,3l - BOBIMARKET.pl - Remontuj i urz\u0105dzaj z nami\" \/>\n<meta property=\"og:description\" content=\"POJEMNIK NA \u017bYWNO\u015a\u0106 HERMETYCZNY KWADRAT 2,3l Dane techniczne: Pojemno\u015b\u0107: 2,3L Wymiary: 21 cm x 21 cm\u00a0 x 8,5 cm Wymiary wewn\u0119trzne: 18,5\u00a0 x 18,5 x 7,5 cm Materia\u0142: tworzywo Nie zawiera Bisfenolu (BPA FREE)!!! Uwaga! Aktualnie na stanie posiadamy pojemniki z uszczelkami w r\u00f3\u017cnych odcieniach niebieskiego. Dobra organizacja to podstawa! Zam\u00f3w pojemnik do przechowywania \u017cywno\u015bci     Czytaj wi\u0119cej &quot;POJEMNIK NA \u017bYWNO\u015a\u0106 HERMETYCZNY KWADRAT 2,3l&quot;\" \/>\n<meta property=\"og:url\" content=\"https:\/\/bobimarket.pl\/index.php\/produkt\/pojemnik-na-zywnosc-hermetyczny-kwadrat-23l\/\" \/>\n<meta property=\"og:site_name\" content=\"BOBIMARKET.pl - Remontuj i urz\u0105dzaj z nami\" \/>\n<meta property=\"article:modified_time\" content=\"2025-02-27T13:33:16+00:00\" \/>\n<meta property=\"og:image\" content=\"https:\/\/upload.cdn.baselinker.com\/products\/14476\/5f7b253e20be4a6ef983389267d460f1.jpg\" \/>\n<meta name=\"twitter:card\" content=\"summary_large_image\" \/>\n<meta name=\"twitter:label1\" content=\"Szacowany czas czytania\" \/>\n\t<meta name=\"twitter:data1\" content=\"2 minuty\" \/>\n<script type=\"application\/ld+json\" class=\"yoast-schema-graph\">{\"@context\":\"https:\/\/schema.org\",\"@graph\":[{\"@type\":\"WebPage\",\"@id\":\"https:\/\/bobimarket.pl\/index.php\/produkt\/pojemnik-na-zywnosc-hermetyczny-kwadrat-23l\/\",\"url\":\"https:\/\/bobimarket.pl\/index.php\/produkt\/pojemnik-na-zywnosc-hermetyczny-kwadrat-23l\/\",\"name\":\"POJEMNIK NA \u017bYWNO\u015a\u0106 HERMETYCZNY KWADRAT 2,3l - BOBIMARKET.pl - Remontuj i urz\u0105dzaj z nami\",\"isPartOf\":{\"@id\":\"https:\/\/bobimarket.pl\/#website\"},\"datePublished\":\"2023-08-29T15:45:44+00:00\",\"dateModified\":\"2025-02-27T13:33:16+00:00\",\"breadcrumb\":{\"@id\":\"https:\/\/bobimarket.pl\/index.php\/produkt\/pojemnik-na-zywnosc-hermetyczny-kwadrat-23l\/#breadcrumb\"},\"inLanguage\":\"pl-PL\",\"potentialAction\":[{\"@type\":\"ReadAction\",\"target\":[\"https:\/\/bobimarket.pl\/index.php\/produkt\/pojemnik-na-zywnosc-hermetyczny-kwadrat-23l\/\"]}]},{\"@type\":\"BreadcrumbList\",\"@id\":\"https:\/\/bobimarket.pl\/index.php\/produkt\/pojemnik-na-zywnosc-hermetyczny-kwadrat-23l\/#breadcrumb\",\"itemListElement\":[{\"@type\":\"ListItem\",\"position\":1,\"name\":\"Strona g\u0142\u00f3wna\",\"item\":\"https:\/\/bobimarket.pl\/\"},{\"@type\":\"ListItem\",\"position\":2,\"name\":\"Sklep\",\"item\":\"https:\/\/bobimarket.pl\/index.php\/shop\/\"},{\"@type\":\"ListItem\",\"position\":3,\"name\":\"POJEMNIK NA \u017bYWNO\u015a\u0106 HERMETYCZNY KWADRAT 2,3l\"}]},{\"@type\":\"WebSite\",\"@id\":\"https:\/\/bobimarket.pl\/#website\",\"url\":\"https:\/\/bobimarket.pl\/\",\"name\":\"BOBIMARKET.pl - Remontuj i urz\u0105dzaj z nami\",\"description\":\"Remontuj i urz\u0105dzaj z nami\",\"publisher\":{\"@id\":\"https:\/\/bobimarket.pl\/#organization\"},\"potentialAction\":[{\"@type\":\"SearchAction\",\"target\":{\"@type\":\"EntryPoint\",\"urlTemplate\":\"https:\/\/bobimarket.pl\/?s={search_term_string}\"},\"query-input\":\"required name=search_term_string\"}],\"inLanguage\":\"pl-PL\"},{\"@type\":\"Organization\",\"@id\":\"https:\/\/bobimarket.pl\/#organization\",\"name\":\"BOBIMARKET.pl\",\"url\":\"https:\/\/bobimarket.pl\/\",\"logo\":{\"@type\":\"ImageObject\",\"inLanguage\":\"pl-PL\",\"@id\":\"https:\/\/bobimarket.pl\/#\/schema\/logo\/image\/\",\"url\":\"https:\/\/bobimarket.pl\/wp-content\/uploads\/2021\/11\/slogan.png\",\"contentUrl\":\"https:\/\/bobimarket.pl\/wp-content\/uploads\/2021\/11\/slogan.png\",\"width\":2000,\"height\":384,\"caption\":\"BOBIMARKET.pl\"},\"image\":{\"@id\":\"https:\/\/bobimarket.pl\/#\/schema\/logo\/image\/\"}}]}<\/script>\n<!-- \/ Yoast SEO plugin. -->","yoast_head_json":{"title":"POJEMNIK NA \u017bYWNO\u015a\u0106 HERMETYCZNY KWADRAT 2,3l - BOBIMARKET.pl - Remontuj i urz\u0105dzaj z nami","robots":{"index":"index","follow":"follow","max-snippet":"max-snippet:-1","max-image-preview":"max-image-preview:large","max-video-preview":"max-video-preview:-1"},"canonical":"https:\/\/bobimarket.pl\/index.php\/produkt\/pojemnik-na-zywnosc-hermetyczny-kwadrat-23l\/","og_locale":"pl_PL","og_type":"article","og_title":"POJEMNIK NA \u017bYWNO\u015a\u0106 HERMETYCZNY KWADRAT 2,3l - BOBIMARKET.pl - Remontuj i urz\u0105dzaj z nami","og_description":"POJEMNIK NA \u017bYWNO\u015a\u0106 HERMETYCZNY KWADRAT 2,3l Dane techniczne: Pojemno\u015b\u0107: 2,3L Wymiary: 21 cm x 21 cm\u00a0 x 8,5 cm Wymiary wewn\u0119trzne: 18,5\u00a0 x 18,5 x 7,5 cm Materia\u0142: tworzywo Nie zawiera Bisfenolu (BPA FREE)!!! Uwaga! Aktualnie na stanie posiadamy pojemniki z uszczelkami w r\u00f3\u017cnych odcieniach niebieskiego. Dobra organizacja to podstawa! Zam\u00f3w pojemnik do przechowywania \u017cywno\u015bci     Czytaj wi\u0119cej \"POJEMNIK NA \u017bYWNO\u015a\u0106 HERMETYCZNY KWADRAT 2,3l\"","og_url":"https:\/\/bobimarket.pl\/index.php\/produkt\/pojemnik-na-zywnosc-hermetyczny-kwadrat-23l\/","og_site_name":"BOBIMARKET.pl - Remontuj i urz\u0105dzaj z nami","article_modified_time":"2025-02-27T13:33:16+00:00","og_image":[{"url":"https:\/\/upload.cdn.baselinker.com\/products\/14476\/5f7b253e20be4a6ef983389267d460f1.jpg"}],"twitter_card":"summary_large_image","twitter_misc":{"Szacowany czas czytania":"2 minuty"},"schema":{"@context":"https:\/\/schema.org","@graph":[{"@type":"WebPage","@id":"https:\/\/bobimarket.pl\/index.php\/produkt\/pojemnik-na-zywnosc-hermetyczny-kwadrat-23l\/","url":"https:\/\/bobimarket.pl\/index.php\/produkt\/pojemnik-na-zywnosc-hermetyczny-kwadrat-23l\/","name":"POJEMNIK NA \u017bYWNO\u015a\u0106 HERMETYCZNY KWADRAT 2,3l - BOBIMARKET.pl - Remontuj i urz\u0105dzaj z nami","isPartOf":{"@id":"https:\/\/bobimarket.pl\/#website"},"datePublished":"2023-08-29T15:45:44+00:00","dateModified":"2025-02-27T13:33:16+00:00","breadcrumb":{"@id":"https:\/\/bobimarket.pl\/index.php\/produkt\/pojemnik-na-zywnosc-hermetyczny-kwadrat-23l\/#breadcrumb"},"inLanguage":"pl-PL","potentialAction":[{"@type":"ReadAction","target":["https:\/\/bobimarket.pl\/index.php\/produkt\/pojemnik-na-zywnosc-hermetyczny-kwadrat-23l\/"]}]},{"@type":"BreadcrumbList","@id":"https:\/\/bobimarket.pl\/index.php\/produkt\/pojemnik-na-zywnosc-hermetyczny-kwadrat-23l\/#breadcrumb","itemListElement":[{"@type":"ListItem","position":1,"name":"Strona g\u0142\u00f3wna","item":"https:\/\/bobimarket.pl\/"},{"@type":"ListItem","position":2,"name":"Sklep","item":"https:\/\/bobimarket.pl\/index.php\/shop\/"},{"@type":"ListItem","position":3,"name":"POJEMNIK NA \u017bYWNO\u015a\u0106 HERMETYCZNY KWADRAT 2,3l"}]},{"@type":"WebSite","@id":"https:\/\/bobimarket.pl\/#website","url":"https:\/\/bobimarket.pl\/","name":"BOBIMARKET.pl - Remontuj i urz\u0105dzaj z nami","description":"Remontuj i urz\u0105dzaj z nami","publisher":{"@id":"https:\/\/bobimarket.pl\/#organization"},"potentialAction":[{"@type":"SearchAction","target":{"@type":"EntryPoint","urlTemplate":"https:\/\/bobimarket.pl\/?s={search_term_string}"},"query-input":"required name=search_term_string"}],"inLanguage":"pl-PL"},{"@type":"Organization","@id":"https:\/\/bobimarket.pl\/#organization","name":"BOBIMARKET.pl","url":"https:\/\/bobimarket.pl\/","logo":{"@type":"ImageObject","inLanguage":"pl-PL","@id":"https:\/\/bobimarket.pl\/#\/schema\/logo\/image\/","url":"https:\/\/bobimarket.pl\/wp-content\/uploads\/2021\/11\/slogan.png","contentUrl":"https:\/\/bobimarket.pl\/wp-content\/uploads\/2021\/11\/slogan.png","width":2000,"height":384,"caption":"BOBIMARKET.pl"},"image":{"@id":"https:\/\/bobimarket.pl\/#\/schema\/logo\/image\/"}}]}},"_links":{"self":[{"href":"https:\/\/bobimarket.pl\/index.php\/wp-json\/wp\/v2\/product\/80657"}],"collection":[{"href":"https:\/\/bobimarket.pl\/index.php\/wp-json\/wp\/v2\/product"}],"about":[{"href":"https:\/\/bobimarket.pl\/index.php\/wp-json\/wp\/v2\/types\/product"}],"wp:featuredmedia":[{"embeddable":true,"href":"https:\/\/bobimarket.pl\/index.php\/wp-json\/wp\/v2\/media\/80646"}],"wp:attachment":[{"href":"https:\/\/bobimarket.pl\/index.php\/wp-json\/wp\/v2\/media?parent=80657"}],"wp:term":[{"taxonomy":"product_cat","embeddable":true,"href":"https:\/\/bobimarket.pl\/index.php\/wp-json\/wp\/v2\/product_cat?post=80657"},{"taxonomy":"product_tag","embeddable":true,"href":"https:\/\/bobimarket.pl\/index.php\/wp-json\/wp\/v2\/product_tag?post=80657"}],"curies":[{"name":"wp","href":"https:\/\/api.w.org\/{rel}","templated":true}]}}