{"id":80665,"date":"2023-08-29T15:46:00","date_gmt":"2023-08-29T15:46:00","guid":{"rendered":"https:\/\/bobimarket.pl\/index.php\/produkt\/pojemnik-do-mrozenia-na-zywnosc-pudelko-2-l\/"},"modified":"2025-02-27T13:33:20","modified_gmt":"2025-02-27T13:33:20","slug":"pojemnik-do-mrozenia-na-zywnosc-pudelko-2-l","status":"publish","type":"product","link":"https:\/\/bobimarket.pl\/index.php\/produkt\/pojemnik-do-mrozenia-na-zywnosc-pudelko-2-l\/","title":{"rendered":"POJEMNIK DO MRO\u017bENIA NA \u017bYWNO\u015a\u0106 PUDE\u0141KO 2 L"},"content":{"rendered":"<section class=\"section\">\n<div class=\"item item-6\">\n<section class=\"image-item\">\n            <img decoding=\"async\" src=\"https:\/\/upload.cdn.baselinker.com\/products\/14476\/95491c83edad16ec7a860fd0af501562.jpg\" \/><br \/>\n        <\/section>\n<\/p><\/div>\n<div class=\"item item-6\">\n<section class=\"text-item\">\n<h2>POJEMNIK DO MRO\u017bENIA NA \u017bYWNO\u015a\u0106 PUDE\u0141KO 2 L<\/h2>\n<p><b>Informacje og\u00f3lne: <\/b><\/p>\n<ul>\n<li>Pojemno\u015b\u0107: <b>2 L<\/b><\/li>\n<li>Wymiary:<b> 15 x 26 x 6,5 cm <\/b><\/li>\n<li>Materia\u0142: tworzywo<\/li>\n<li><b>Nie zawiera Bisfenolu (BPA FREE)!!!<\/b><\/li>\n<\/ul>\n<h2>UWAGA!<\/h2>\n<p>Pojemnik wyst\u0119puje w 5 wersjach kolorystycznych. Po dokonaniu zakupu prosimy o informacj\u0119 odno\u015bnie wybranego koloru. W przypadku braku informacji wz\u00f3r zostanie wybrany losowo.<\/p>\n<p><b>Dost\u0119pne kolory:<\/b><\/p>\n<ul>\n<li>zielony<\/li>\n<li>fioletowy<\/li>\n<li>niebieski<\/li>\n<li>r\u00f3\u017cowy<\/li>\n<li>pomara\u0144czowy<\/li>\n<\/ul>\n<\/section><\/div>\n<\/section>\n<section class=\"section\">\n<div class=\"item item-6\">\n<section class=\"image-item\">\n            <img decoding=\"async\" src=\"https:\/\/upload.cdn.baselinker.com\/products\/14476\/ff520af4b1df509002b4f8597b02831d.jpg\" \/><br \/>\n        <\/section>\n<\/p><\/div>\n<div class=\"item item-6\">\n<section class=\"text-item\">\n<p><b>Przyrz\u0105d\u017a posi\u0142ek wcze\u015bniej, zamro\u017a i zaoszcz\u0119d\u017a czas z pojemnikiem NO-FROST.<\/b><\/p>\n<p>Praktyczny pojemniki do mro\u017cenia, kt\u00f3rego nie mo\u017ce zabrakn\u0105\u0107 w Twoim domu! Solidny pojemniki o wszechstronnym zastosowaniu. Wykonany z wysokiej jako\u015bci tworzywa, co b\u0119dzie owocowa\u0142o d\u0142ugim okresem u\u017cytkowania.<\/p>\n<p><b>\u2705\u00a0 <\/b>Z powodzeniem mog\u0105 by\u0107\u00a0<b>u\u017cywane do przechowywania \u017cywno\u015bc<\/b>i (posiada odpowiednie atesty do kontaktu z \u017cywno\u015bci\u0105). Ponadto wykonano jest z tworzywa niezawieraj\u0105cego szkodliwych zwi\u0105zk\u00f3w BPA <b>( bez BPA).<\/b><\/p>\n<\/section><\/div>\n<\/section>\n<section class=\"section\">\n<div class=\"item item-6\">\n<section class=\"image-item\">\n            <img decoding=\"async\" src=\"https:\/\/upload.cdn.baselinker.com\/products\/14476\/09768958e24bcac0d4d8ceb2a2689aea.jpg\" \/><br \/>\n        <\/section>\n<\/p><\/div>\n<div class=\"item item-6\">\n<section class=\"text-item\">\n<h2>Dobra organizacja to podstawa! Zam\u00f3w pojemnik do przechowywania \u017cywno\u015bci i ciesz si\u0119 porz\u0105dkiem!<\/h2>\n<p>Pojemnik pozwala na higieniczne przechowywania produkt\u00f3w spo\u017cywczych w zamra\u017calce i lod\u00f3wce. Posiada wiele praktycznych zalet, dzi\u0119ki czemu stanie si\u0119 niezb\u0119dnym elementem wyposa\u017cenia Twojego domu!<\/p>\n<ul>\n<li>Odpowiednio wyprofilowany kszta\u0142t, przeznaczony do mro\u017cenia \u017cywno\u015bci. Nie p\u0119ka, \u0142atwo wydosta\u0107 z niego zamro\u017con\u0105 \u017cywno\u015b\u0107.<\/li>\n<li>Gwiazdki na pude\u0142ku u\u0142atwiaj\u0105 rozpoznanie jego przeznaczenia.<\/li>\n<\/ul>\n<p>\u2705\u00a0<b> Nie obawiaj si\u0119, \u017ce pojemnik b\u0119dzie sta\u0142 bezu\u017cytecznie.<\/b> \u015awietnie nadaje si\u0119 do mro\u017cenia r\u00f3\u017cnego rodzaju produkt\u00f3w tj.:<\/p>\n<ul>\n<li>kalafior, fasola, marchewka i inne warzywa<\/li>\n<li>maliny, truskawki, bor\u00f3wki i pozosta\u0142e owoce<\/li>\n<li>posiekana pietruszka, koperek i inne zio\u0142a<\/li>\n<li>mi\u0119so, ryby, pieczywo lub domowe wypieki itp.<\/li>\n<\/ul>\n<\/section><\/div>\n<\/section>\n<section class=\"section\">\n<div class=\"item item-6\">\n<section class=\"image-item\">\n            <img decoding=\"async\" src=\"https:\/\/upload.cdn.baselinker.com\/products\/14476\/f1b9852ce57e2efb19773ca9fc597329.jpg\" \/><br \/>\n        <\/section>\n<\/p><\/div>\n<div class=\"item item-6\">\n<section class=\"text-item\">\n<h2>\u2705 Organizery to dobre rozwi\u0105zanie do ka\u017cdej kuchni!<\/h2>\n<p>Pojemnik doskonale sprawdzi si\u0119 w du\u017cych kuchniach, gdzie w \u0142atwy spos\u00f3b <b>umo\u017cliwi uporz\u0105dkowanie dostepnej przestrzeni.<\/b> W ma\u0142ych mieszkaniach pozwoli natomiast zaoszcz\u0119dzi\u0107 miejsce i uporz\u0105dkowa\u0107 zapas.<\/p>\n<ul>\n<li>Pojemnik mo\u017cna umie\u015bci\u0107 w du\u017cej zamra\u017calce lub mniejszych zamra\u017calkach w lod\u00f3wce.<\/li>\n<li>Kilka pojemnik\u00f3w mo\u017cna u\u0142o\u017cy\u0107 na sobie pi\u0119trowo.<\/li>\n<li>Je\u017celi akurat nic nie mrozisz pojemnik mo\u017cesz wykorzysta\u0107 do przechowywania \u017cywno\u015bci.<\/li>\n<\/ul>\n<\/section><\/div>\n<\/section>\n<section class=\"section\">\n<div class=\"item item-6\">\n<section class=\"image-item\">\n            <img decoding=\"async\" src=\"https:\/\/upload.cdn.baselinker.com\/products\/14476\/f1b9852ce57e2efb19773ca9fc597329.jpg\" \/><br \/>\n        <\/section>\n<\/p><\/div>\n<div class=\"item item-6\">\n<section class=\"text-item\">\n<h2>\u2705 W \u0142atwy spos\u00f3b uporz\u0105dkuj przestrze\u0144!<\/h2>\n<p>Proste i funkcjonalne rozwi\u0105zanie do Twojego domu! Pojemnik pozwoli Ci w \u0142atwy spos\u00f3b zadba\u0107 o porz\u0105dek w kuchni.<\/p>\n<ul>\n<li><b>Wygodne i szczelne zapi\u0119cie<\/b>\u00a0na pokrywie gwarantuje komfortowe u\u017cytkowanie pojemnika!<\/li>\n<li>Na pokrywce organizera mo\u017cna umie\u015bci\u0107 naklejk\u0119 z <b>nazw\u0105 produktu <\/b>znajduj\u0105cego si\u0119 wewn\u0105trz pojemnika lub samodzielnie podpisa\u0107 pojemnik np. markerem.<\/li>\n<li>Organizer jest lekki, por\u0119czny. \u0141atwo si\u0119 czy\u015bci ( mo\u017cna go my\u0107 w zmywarce).<\/li>\n<\/ul>\n<\/section><\/div>\n<\/section>\n<section class=\"section\">\n<div class=\"item item-6\">\n<section class=\"image-item\">\n            <img decoding=\"async\" src=\"https:\/\/upload.cdn.baselinker.com\/products\/14476\/39be5d76b82d38551be99446c3bf1368.jpg\" \/><br \/>\n        <\/section>\n<\/p><\/div>\n<div class=\"item item-6\">\n<section class=\"text-item\">\n<h1>Sprawd\u017a inne pojemniki dost\u0119pne w naszym sklepie!<\/h1>\n<\/section><\/div>\n<\/section>\n","protected":false},"excerpt":{"rendered":"<p>POJEMNIK DO MRO\u017bENIA NA \u017bYWNO\u015a\u0106 PUDE\u0141KO 2 L Informacje og\u00f3lne: Pojemno\u015b\u0107: 2 L Wymiary: 15 x 26 x 6,5 cm Materia\u0142: tworzywo Nie zawiera Bisfenolu (BPA FREE)!!! UWAGA! Pojemnik wyst\u0119puje w 5 wersjach kolorystycznych. Po dokonaniu zakupu prosimy o informacj\u0119 odno\u015bnie wybranego koloru. W przypadku braku informacji wz\u00f3r zostanie wybrany losowo. Dost\u0119pne kolory: zielony fioletowy<br \/><a class=\"more-link\" href=\"https:\/\/bobimarket.pl\/index.php\/produkt\/pojemnik-do-mrozenia-na-zywnosc-pudelko-2-l\/\"><br \/>\n        Czytaj wi\u0119cej<span class=\"screen-reader-text\"> &#8222;POJEMNIK DO MRO\u017bENIA NA \u017bYWNO\u015a\u0106 PUDE\u0141KO 2 L&#8221;<\/span><\/a><\/p>\n","protected":false},"featured_media":80658,"template":"","meta":[],"product_cat":[8070],"product_tag":[],"yoast_head":"<!-- This site is optimized with the Yoast SEO plugin v21.0 - https:\/\/yoast.com\/wordpress\/plugins\/seo\/ -->\n<title>POJEMNIK DO MRO\u017bENIA NA \u017bYWNO\u015a\u0106 PUDE\u0141KO 2 L - BOBIMARKET.pl - Remontuj i urz\u0105dzaj z nami<\/title>\n<meta name=\"robots\" content=\"index, follow, max-snippet:-1, max-image-preview:large, max-video-preview:-1\" \/>\n<link rel=\"canonical\" href=\"https:\/\/bobimarket.pl\/index.php\/produkt\/pojemnik-do-mrozenia-na-zywnosc-pudelko-2-l\/\" \/>\n<meta property=\"og:locale\" content=\"pl_PL\" \/>\n<meta property=\"og:type\" content=\"article\" \/>\n<meta property=\"og:title\" content=\"POJEMNIK DO MRO\u017bENIA NA \u017bYWNO\u015a\u0106 PUDE\u0141KO 2 L - BOBIMARKET.pl - Remontuj i urz\u0105dzaj z nami\" \/>\n<meta property=\"og:description\" content=\"POJEMNIK DO MRO\u017bENIA NA \u017bYWNO\u015a\u0106 PUDE\u0141KO 2 L Informacje og\u00f3lne: Pojemno\u015b\u0107: 2 L Wymiary: 15 x 26 x 6,5 cm Materia\u0142: tworzywo Nie zawiera Bisfenolu (BPA FREE)!!! UWAGA! Pojemnik wyst\u0119puje w 5 wersjach kolorystycznych. Po dokonaniu zakupu prosimy o informacj\u0119 odno\u015bnie wybranego koloru. W przypadku braku informacji wz\u00f3r zostanie wybrany losowo. Dost\u0119pne kolory: zielony fioletowy     Czytaj wi\u0119cej &quot;POJEMNIK DO MRO\u017bENIA NA \u017bYWNO\u015a\u0106 PUDE\u0141KO 2 L&quot;\" \/>\n<meta property=\"og:url\" content=\"https:\/\/bobimarket.pl\/index.php\/produkt\/pojemnik-do-mrozenia-na-zywnosc-pudelko-2-l\/\" \/>\n<meta property=\"og:site_name\" content=\"BOBIMARKET.pl - Remontuj i urz\u0105dzaj z nami\" \/>\n<meta property=\"article:modified_time\" content=\"2025-02-27T13:33:20+00:00\" \/>\n<meta property=\"og:image\" content=\"https:\/\/upload.cdn.baselinker.com\/products\/14476\/95491c83edad16ec7a860fd0af501562.jpg\" \/>\n<meta name=\"twitter:card\" content=\"summary_large_image\" \/>\n<meta name=\"twitter:label1\" content=\"Szacowany czas czytania\" \/>\n\t<meta name=\"twitter:data1\" content=\"2 minuty\" \/>\n<script type=\"application\/ld+json\" class=\"yoast-schema-graph\">{\"@context\":\"https:\/\/schema.org\",\"@graph\":[{\"@type\":\"WebPage\",\"@id\":\"https:\/\/bobimarket.pl\/index.php\/produkt\/pojemnik-do-mrozenia-na-zywnosc-pudelko-2-l\/\",\"url\":\"https:\/\/bobimarket.pl\/index.php\/produkt\/pojemnik-do-mrozenia-na-zywnosc-pudelko-2-l\/\",\"name\":\"POJEMNIK DO MRO\u017bENIA NA \u017bYWNO\u015a\u0106 PUDE\u0141KO 2 L - BOBIMARKET.pl - Remontuj i urz\u0105dzaj z nami\",\"isPartOf\":{\"@id\":\"https:\/\/bobimarket.pl\/#website\"},\"datePublished\":\"2023-08-29T15:46:00+00:00\",\"dateModified\":\"2025-02-27T13:33:20+00:00\",\"breadcrumb\":{\"@id\":\"https:\/\/bobimarket.pl\/index.php\/produkt\/pojemnik-do-mrozenia-na-zywnosc-pudelko-2-l\/#breadcrumb\"},\"inLanguage\":\"pl-PL\",\"potentialAction\":[{\"@type\":\"ReadAction\",\"target\":[\"https:\/\/bobimarket.pl\/index.php\/produkt\/pojemnik-do-mrozenia-na-zywnosc-pudelko-2-l\/\"]}]},{\"@type\":\"BreadcrumbList\",\"@id\":\"https:\/\/bobimarket.pl\/index.php\/produkt\/pojemnik-do-mrozenia-na-zywnosc-pudelko-2-l\/#breadcrumb\",\"itemListElement\":[{\"@type\":\"ListItem\",\"position\":1,\"name\":\"Strona g\u0142\u00f3wna\",\"item\":\"https:\/\/bobimarket.pl\/\"},{\"@type\":\"ListItem\",\"position\":2,\"name\":\"Sklep\",\"item\":\"https:\/\/bobimarket.pl\/index.php\/shop\/\"},{\"@type\":\"ListItem\",\"position\":3,\"name\":\"POJEMNIK DO MRO\u017bENIA NA \u017bYWNO\u015a\u0106 PUDE\u0141KO 2 L\"}]},{\"@type\":\"WebSite\",\"@id\":\"https:\/\/bobimarket.pl\/#website\",\"url\":\"https:\/\/bobimarket.pl\/\",\"name\":\"BOBIMARKET.pl - Remontuj i urz\u0105dzaj z nami\",\"description\":\"Remontuj i urz\u0105dzaj z nami\",\"publisher\":{\"@id\":\"https:\/\/bobimarket.pl\/#organization\"},\"potentialAction\":[{\"@type\":\"SearchAction\",\"target\":{\"@type\":\"EntryPoint\",\"urlTemplate\":\"https:\/\/bobimarket.pl\/?s={search_term_string}\"},\"query-input\":\"required name=search_term_string\"}],\"inLanguage\":\"pl-PL\"},{\"@type\":\"Organization\",\"@id\":\"https:\/\/bobimarket.pl\/#organization\",\"name\":\"BOBIMARKET.pl\",\"url\":\"https:\/\/bobimarket.pl\/\",\"logo\":{\"@type\":\"ImageObject\",\"inLanguage\":\"pl-PL\",\"@id\":\"https:\/\/bobimarket.pl\/#\/schema\/logo\/image\/\",\"url\":\"https:\/\/bobimarket.pl\/wp-content\/uploads\/2021\/11\/slogan.png\",\"contentUrl\":\"https:\/\/bobimarket.pl\/wp-content\/uploads\/2021\/11\/slogan.png\",\"width\":2000,\"height\":384,\"caption\":\"BOBIMARKET.pl\"},\"image\":{\"@id\":\"https:\/\/bobimarket.pl\/#\/schema\/logo\/image\/\"}}]}<\/script>\n<!-- \/ Yoast SEO plugin. -->","yoast_head_json":{"title":"POJEMNIK DO MRO\u017bENIA NA \u017bYWNO\u015a\u0106 PUDE\u0141KO 2 L - BOBIMARKET.pl - Remontuj i urz\u0105dzaj z nami","robots":{"index":"index","follow":"follow","max-snippet":"max-snippet:-1","max-image-preview":"max-image-preview:large","max-video-preview":"max-video-preview:-1"},"canonical":"https:\/\/bobimarket.pl\/index.php\/produkt\/pojemnik-do-mrozenia-na-zywnosc-pudelko-2-l\/","og_locale":"pl_PL","og_type":"article","og_title":"POJEMNIK DO MRO\u017bENIA NA \u017bYWNO\u015a\u0106 PUDE\u0141KO 2 L - BOBIMARKET.pl - Remontuj i urz\u0105dzaj z nami","og_description":"POJEMNIK DO MRO\u017bENIA NA \u017bYWNO\u015a\u0106 PUDE\u0141KO 2 L Informacje og\u00f3lne: Pojemno\u015b\u0107: 2 L Wymiary: 15 x 26 x 6,5 cm Materia\u0142: tworzywo Nie zawiera Bisfenolu (BPA FREE)!!! UWAGA! Pojemnik wyst\u0119puje w 5 wersjach kolorystycznych. Po dokonaniu zakupu prosimy o informacj\u0119 odno\u015bnie wybranego koloru. W przypadku braku informacji wz\u00f3r zostanie wybrany losowo. Dost\u0119pne kolory: zielony fioletowy     Czytaj wi\u0119cej \"POJEMNIK DO MRO\u017bENIA NA \u017bYWNO\u015a\u0106 PUDE\u0141KO 2 L\"","og_url":"https:\/\/bobimarket.pl\/index.php\/produkt\/pojemnik-do-mrozenia-na-zywnosc-pudelko-2-l\/","og_site_name":"BOBIMARKET.pl - Remontuj i urz\u0105dzaj z nami","article_modified_time":"2025-02-27T13:33:20+00:00","og_image":[{"url":"https:\/\/upload.cdn.baselinker.com\/products\/14476\/95491c83edad16ec7a860fd0af501562.jpg"}],"twitter_card":"summary_large_image","twitter_misc":{"Szacowany czas czytania":"2 minuty"},"schema":{"@context":"https:\/\/schema.org","@graph":[{"@type":"WebPage","@id":"https:\/\/bobimarket.pl\/index.php\/produkt\/pojemnik-do-mrozenia-na-zywnosc-pudelko-2-l\/","url":"https:\/\/bobimarket.pl\/index.php\/produkt\/pojemnik-do-mrozenia-na-zywnosc-pudelko-2-l\/","name":"POJEMNIK DO MRO\u017bENIA NA \u017bYWNO\u015a\u0106 PUDE\u0141KO 2 L - BOBIMARKET.pl - Remontuj i urz\u0105dzaj z nami","isPartOf":{"@id":"https:\/\/bobimarket.pl\/#website"},"datePublished":"2023-08-29T15:46:00+00:00","dateModified":"2025-02-27T13:33:20+00:00","breadcrumb":{"@id":"https:\/\/bobimarket.pl\/index.php\/produkt\/pojemnik-do-mrozenia-na-zywnosc-pudelko-2-l\/#breadcrumb"},"inLanguage":"pl-PL","potentialAction":[{"@type":"ReadAction","target":["https:\/\/bobimarket.pl\/index.php\/produkt\/pojemnik-do-mrozenia-na-zywnosc-pudelko-2-l\/"]}]},{"@type":"BreadcrumbList","@id":"https:\/\/bobimarket.pl\/index.php\/produkt\/pojemnik-do-mrozenia-na-zywnosc-pudelko-2-l\/#breadcrumb","itemListElement":[{"@type":"ListItem","position":1,"name":"Strona g\u0142\u00f3wna","item":"https:\/\/bobimarket.pl\/"},{"@type":"ListItem","position":2,"name":"Sklep","item":"https:\/\/bobimarket.pl\/index.php\/shop\/"},{"@type":"ListItem","position":3,"name":"POJEMNIK DO MRO\u017bENIA NA \u017bYWNO\u015a\u0106 PUDE\u0141KO 2 L"}]},{"@type":"WebSite","@id":"https:\/\/bobimarket.pl\/#website","url":"https:\/\/bobimarket.pl\/","name":"BOBIMARKET.pl - Remontuj i urz\u0105dzaj z nami","description":"Remontuj i urz\u0105dzaj z nami","publisher":{"@id":"https:\/\/bobimarket.pl\/#organization"},"potentialAction":[{"@type":"SearchAction","target":{"@type":"EntryPoint","urlTemplate":"https:\/\/bobimarket.pl\/?s={search_term_string}"},"query-input":"required name=search_term_string"}],"inLanguage":"pl-PL"},{"@type":"Organization","@id":"https:\/\/bobimarket.pl\/#organization","name":"BOBIMARKET.pl","url":"https:\/\/bobimarket.pl\/","logo":{"@type":"ImageObject","inLanguage":"pl-PL","@id":"https:\/\/bobimarket.pl\/#\/schema\/logo\/image\/","url":"https:\/\/bobimarket.pl\/wp-content\/uploads\/2021\/11\/slogan.png","contentUrl":"https:\/\/bobimarket.pl\/wp-content\/uploads\/2021\/11\/slogan.png","width":2000,"height":384,"caption":"BOBIMARKET.pl"},"image":{"@id":"https:\/\/bobimarket.pl\/#\/schema\/logo\/image\/"}}]}},"_links":{"self":[{"href":"https:\/\/bobimarket.pl\/index.php\/wp-json\/wp\/v2\/product\/80665"}],"collection":[{"href":"https:\/\/bobimarket.pl\/index.php\/wp-json\/wp\/v2\/product"}],"about":[{"href":"https:\/\/bobimarket.pl\/index.php\/wp-json\/wp\/v2\/types\/product"}],"wp:featuredmedia":[{"embeddable":true,"href":"https:\/\/bobimarket.pl\/index.php\/wp-json\/wp\/v2\/media\/80658"}],"wp:attachment":[{"href":"https:\/\/bobimarket.pl\/index.php\/wp-json\/wp\/v2\/media?parent=80665"}],"wp:term":[{"taxonomy":"product_cat","embeddable":true,"href":"https:\/\/bobimarket.pl\/index.php\/wp-json\/wp\/v2\/product_cat?post=80665"},{"taxonomy":"product_tag","embeddable":true,"href":"https:\/\/bobimarket.pl\/index.php\/wp-json\/wp\/v2\/product_tag?post=80665"}],"curies":[{"name":"wp","href":"https:\/\/api.w.org\/{rel}","templated":true}]}}