{"id":80686,"date":"2023-08-29T15:47:09","date_gmt":"2023-08-29T15:47:09","guid":{"rendered":"https:\/\/bobimarket.pl\/index.php\/produkt\/pojemnik-na-zywnosc-prostokatny-multi-box-6l\/"},"modified":"2025-02-27T13:33:27","modified_gmt":"2025-02-27T13:33:27","slug":"pojemnik-na-zywnosc-prostokatny-multi-box-6l","status":"publish","type":"product","link":"https:\/\/bobimarket.pl\/index.php\/produkt\/pojemnik-na-zywnosc-prostokatny-multi-box-6l\/","title":{"rendered":"POJEMNIK NA \u017bYWNO\u015a\u0106 PROSTOK\u0104TNY MULTI BOX 6L"},"content":{"rendered":"<section class=\"section\">\n<div class=\"item item-12\">\n<section class=\"text-item\">\n<h2>POJEMNIK NA \u017bYWNO\u015a\u0106 PROSTOK\u0104TNY MULTI BOX 6L<\/h2>\n<p><b>Dane techniczne:<\/b><\/p>\n<ul>\n<li>Pojemno\u015b\u0107: <b>6L<\/b><\/li>\n<li>Wymiary dna: <b>19,5 cm x 30 cm<\/b><\/li>\n<li>Wymiary pokrywki: <b>36,5 cm c 24 cm<\/b><\/li>\n<li>Wysoko\u015b\u0107: <b>11,5 cm<\/b><\/li>\n<li>Wysoko\u015b\u0107 z pokryw\u0105: <b>12 cm<\/b><\/li>\n<li>Materia\u0142: Tworzywo<\/li>\n<li>Nie zawiera Bisfenolu (<b>BPA FREE<\/b>)!!!<\/li>\n<\/ul>\n<\/section><\/div>\n<\/section>\n<section class=\"section\">\n<div class=\"item item-12\">\n<section class=\"image-item\">\n            <img decoding=\"async\" src=\"https:\/\/upload.cdn.baselinker.com\/products\/14476\/94545d7fcb6f8af55fabe9856d17f8c4.jpg\" \/><br \/>\n        <\/section>\n<\/p><\/div>\n<\/section>\n<section class=\"section\">\n<div class=\"item item-12\">\n<section class=\"text-item\">\n<h2>Dobra organizacja to podstawa! Zam\u00f3w pojemnik do przechowywania \u017cywno\u015bci i ciesz si\u0119 porz\u0105dkiem!<\/h2>\n<p>Wielofunkcyjny pojemnik, kt\u00f3rego nie mo\u017cna zabrakn\u0105\u0107 w Twoim domu! Bardzo praktyczny pojemniki<b> o wszechstronnym zastosowaniu.<\/b> Wykonany z wysokiej jako\u015bci tworzywa, co b\u0119dzie owocowa\u0142o d\u0142ugim okresem u\u017cytkowania.<\/p>\n<p><b>\u2705 <\/b>Z powodzeniem mo\u017ce by\u0107\u00a0<b>u\u017cywany do przechowywania \u017cywno\u015bci<\/b> (posiada odpowiednie atesty do kontaktu z \u017cywno\u015bci\u0105). Ponadto wykonano go z tworzywa nie zawieraj\u0105cego szkodliwych zwi\u0105zk\u00f3w BPA <b>(bez BPA)<\/b>.<\/p>\n<\/section><\/div>\n<\/section>\n<section class=\"section\">\n<div class=\"item item-12\">\n<section class=\"image-item\">\n            <img decoding=\"async\" src=\"https:\/\/upload.cdn.baselinker.com\/products\/14476\/5a61db4d67b6ecd15e336b438555086e.jpg\" \/><br \/>\n        <\/section>\n<\/p><\/div>\n<\/section>\n<section class=\"section\">\n<div class=\"item item-12\">\n<section class=\"text-item\">\n<h2>\u2705 W \u0142atwy spos\u00f3b uporz\u0105dkuj przestrze\u0144 w kuchni i nie tylko!<\/h2>\n<p>Proste i funkcjonalne rozwi\u0105zanie do Twojego domu! Pojemnik pozwoli Ci w \u0142atwy spos\u00f3b zadba\u0107 o porz\u0105dek w kuchni i innych pomieszczeniach w domu.<\/p>\n<ul>\n<li><b>Pojemnik jest prze\u017aroczysty,<\/b> z \u0142atwo\u015bci\u0105 zobaczysz co znajduje si\u0119 w \u015brodku ka\u017cdego z nich.\u00a0 Pozwoli Ci to na bie\u017c\u0105co kontrolowa\u0107 ilo\u015b\u0107 posiadanych zapas\u00f3w.<\/li>\n<li><b>Wygodne zapi\u0119cie<\/b>\u00a0na pokrywie gwarantuje komfortowe u\u017cytkowanie pojemnika!<\/li>\n<li>Na pokrywce organizera mo\u017cna <b>umie\u015bci\u0107 naklejk\u0119 z naw\u0105 <\/b>produktu znajduj\u0105cego si\u0119 wewn\u0105trz pojemnika lub samodzielnie podpisa\u0107 pojemnik np. markerem.<\/li>\n<\/ul>\n<\/section><\/div>\n<\/section>\n<section class=\"section\">\n<div class=\"item item-12\">\n<section class=\"image-item\">\n            <img decoding=\"async\" src=\"https:\/\/upload.cdn.baselinker.com\/products\/14476\/5a61db4d67b6ecd15e336b438555086e.jpg\" \/><br \/>\n        <\/section>\n<\/p><\/div>\n<\/section>\n<section class=\"section\">\n<div class=\"item item-12\">\n<section class=\"text-item\">\n<p><b>\u2705 Nie obawiaj si\u0119, \u017ce pojemnik b\u0119dzie sta\u0142 bezu\u017cytecznie.<\/b><\/p>\n<p>Mo\u017ce s\u0142u\u017cy\u0107 jako organizer <b>do przechowywania drobiazg\u00f3w<\/b>. Minimalistyczny design sprawi, \u017ce pude\u0142ko b\u0119dzie si\u0119 \u0142adnie prezentowa\u0142o na biurku czy regale. \u015awietnie nadaje si\u0119 <b>do r\u00f3\u017cnego rodzaju artyku\u0142\u00f3w spo\u017cywczych:<\/b><\/p>\n<ul>\n<li>ser\u00f3w i w\u0119dlin<\/li>\n<li>kaszy i p\u0142at\u00f3w<\/li>\n<li>warzyw i owoc\u00f3w<\/li>\n<li>do przechowywania sa\u0142atek<\/li>\n<li>r\u00f3\u017cnego rodzaju przek\u0105sek i ciastek<\/li>\n<li>produkt\u00f3w sypkich np. m\u0105ki, cukru, soli<\/li>\n<li>i innych drobiazg\u00f3w np. kredek, klock\u00f3w, zabawek itp.<\/li>\n<\/ul>\n<\/section><\/div>\n<\/section>\n<section class=\"section\">\n<div class=\"item item-12\">\n<section class=\"image-item\">\n            <img decoding=\"async\" src=\"https:\/\/upload.cdn.baselinker.com\/products\/14476\/0650ead9d067d67ecf5bcb241e50c6fd.jpg\" \/><br \/>\n        <\/section>\n<\/p><\/div>\n<\/section>\n<section class=\"section\">\n<div class=\"item item-12\">\n<section class=\"text-item\">\n<h2>\u2705 Organizery to dobre rozwi\u0105zanie do ka\u017cdego pomieszczenia!<\/h2>\n<p>Pojemnik doskonale sprawdz\u0105 si\u0119 w du\u017cych kuchniach, gdzie w \u0142atwy spos\u00f3b <b>pozwol uporz\u0105dkowa\u0107 dost\u0119pn\u0105 przestrze\u0144<\/b>.\u00a0 W ma\u0142ych mieszkaniach pozwoli natomiast zaoszcz\u0119dzi\u0107 miejsce.<\/p>\n<ul>\n<li>Pojemnik <b>mo\u017cna umie\u015bci\u0107 w szafce kuchennej<\/b> lub wysuwanej szufladzie. Idealnie sprawdz\u0105 si\u0119 r\u00f3wnie\u017c na p\u00f3\u0142ce w spi\u017carni.<\/li>\n<li>Kilka pojemnik\u00f3w mo\u017cna u\u0142o\u017cy\u0107 na sobie pi\u0119trowo i\u00a0<b>zaoszcz\u0119dzi\u0107 miejsce<\/b>\u00a0w spi\u017carni lub na p\u00f3\u0142ce!<\/li>\n<li>Pojemnik <b>pomo\u017ce w uporz\u0105dkowaniu<\/b> drobnych przedmiot\u00f3w lub <b>u\u0142atwi segregacj\u0119<\/b> produkt\u00f3w spo\u017cywczych.<\/li>\n<\/ul>\n<\/section><\/div>\n<\/section>\n<section class=\"section\">\n<div class=\"item item-12\">\n<section class=\"image-item\">\n            <img decoding=\"async\" src=\"https:\/\/upload.cdn.baselinker.com\/products\/14476\/5a61db4d67b6ecd15e336b438555086e.jpg\" \/><br \/>\n        <\/section>\n<\/p><\/div>\n<\/section>\n<section class=\"section\">\n<div class=\"item item-12\">\n<section class=\"text-item\">\n<h2>Jeden pojemnik, wiele zalet!<\/h2>\n<ul>\n<li>Lekki, por\u0119czny i wielofunkcyjny.<\/li>\n<li>Trwa\u0142y i odporny na uszkodzenia.<\/li>\n<li>\u0141atwo si\u0119 czy\u015bci, mo\u017cna go my\u0107 w zmywarce.<\/li>\n<li>Nadaje si\u0119 do przechowywania ro\u017cnego rodzaju artyku\u0142\u00f3w spo\u017cywczych.<\/li>\n<\/ul>\n<\/section><\/div>\n<\/section>\n<section class=\"section\">\n<div class=\"item item-12\">\n<section class=\"image-item\">\n            <img decoding=\"async\" src=\"https:\/\/upload.cdn.baselinker.com\/products\/14476\/cd272c40bc40499fad544eabc96b54a3.jpg\" \/><br \/>\n        <\/section>\n<\/p><\/div>\n<\/section>\n","protected":false},"excerpt":{"rendered":"<p>POJEMNIK NA \u017bYWNO\u015a\u0106 PROSTOK\u0104TNY MULTI BOX 6L Dane techniczne: Pojemno\u015b\u0107: 6L Wymiary dna: 19,5 cm x 30 cm Wymiary pokrywki: 36,5 cm c 24 cm Wysoko\u015b\u0107: 11,5 cm Wysoko\u015b\u0107 z pokryw\u0105: 12 cm Materia\u0142: Tworzywo Nie zawiera Bisfenolu (BPA FREE)!!! Dobra organizacja to podstawa! Zam\u00f3w pojemnik do przechowywania \u017cywno\u015bci i ciesz si\u0119 porz\u0105dkiem! Wielofunkcyjny pojemnik,<br \/><a class=\"more-link\" href=\"https:\/\/bobimarket.pl\/index.php\/produkt\/pojemnik-na-zywnosc-prostokatny-multi-box-6l\/\"><br \/>\n        Czytaj wi\u0119cej<span class=\"screen-reader-text\"> &#8222;POJEMNIK NA \u017bYWNO\u015a\u0106 PROSTOK\u0104TNY MULTI BOX 6L&#8221;<\/span><\/a><\/p>\n","protected":false},"featured_media":80681,"template":"","meta":[],"product_cat":[8070],"product_tag":[],"yoast_head":"<!-- This site is optimized with the Yoast SEO plugin v21.0 - https:\/\/yoast.com\/wordpress\/plugins\/seo\/ -->\n<title>POJEMNIK NA \u017bYWNO\u015a\u0106 PROSTOK\u0104TNY MULTI BOX 6L - BOBIMARKET.pl - Remontuj i urz\u0105dzaj z nami<\/title>\n<meta name=\"robots\" content=\"index, follow, max-snippet:-1, max-image-preview:large, max-video-preview:-1\" \/>\n<link rel=\"canonical\" href=\"https:\/\/bobimarket.pl\/index.php\/produkt\/pojemnik-na-zywnosc-prostokatny-multi-box-6l\/\" \/>\n<meta property=\"og:locale\" content=\"pl_PL\" \/>\n<meta property=\"og:type\" content=\"article\" \/>\n<meta property=\"og:title\" content=\"POJEMNIK NA \u017bYWNO\u015a\u0106 PROSTOK\u0104TNY MULTI BOX 6L - BOBIMARKET.pl - Remontuj i urz\u0105dzaj z nami\" \/>\n<meta property=\"og:description\" content=\"POJEMNIK NA \u017bYWNO\u015a\u0106 PROSTOK\u0104TNY MULTI BOX 6L Dane techniczne: Pojemno\u015b\u0107: 6L Wymiary dna: 19,5 cm x 30 cm Wymiary pokrywki: 36,5 cm c 24 cm Wysoko\u015b\u0107: 11,5 cm Wysoko\u015b\u0107 z pokryw\u0105: 12 cm Materia\u0142: Tworzywo Nie zawiera Bisfenolu (BPA FREE)!!! Dobra organizacja to podstawa! Zam\u00f3w pojemnik do przechowywania \u017cywno\u015bci i ciesz si\u0119 porz\u0105dkiem! Wielofunkcyjny pojemnik,     Czytaj wi\u0119cej &quot;POJEMNIK NA \u017bYWNO\u015a\u0106 PROSTOK\u0104TNY MULTI BOX 6L&quot;\" \/>\n<meta property=\"og:url\" content=\"https:\/\/bobimarket.pl\/index.php\/produkt\/pojemnik-na-zywnosc-prostokatny-multi-box-6l\/\" \/>\n<meta property=\"og:site_name\" content=\"BOBIMARKET.pl - Remontuj i urz\u0105dzaj z nami\" \/>\n<meta property=\"article:modified_time\" content=\"2025-02-27T13:33:27+00:00\" \/>\n<meta property=\"og:image\" content=\"https:\/\/upload.cdn.baselinker.com\/products\/14476\/94545d7fcb6f8af55fabe9856d17f8c4.jpg\" \/>\n<meta name=\"twitter:card\" content=\"summary_large_image\" \/>\n<meta name=\"twitter:label1\" content=\"Szacowany czas czytania\" \/>\n\t<meta name=\"twitter:data1\" content=\"2 minuty\" \/>\n<script type=\"application\/ld+json\" class=\"yoast-schema-graph\">{\"@context\":\"https:\/\/schema.org\",\"@graph\":[{\"@type\":\"WebPage\",\"@id\":\"https:\/\/bobimarket.pl\/index.php\/produkt\/pojemnik-na-zywnosc-prostokatny-multi-box-6l\/\",\"url\":\"https:\/\/bobimarket.pl\/index.php\/produkt\/pojemnik-na-zywnosc-prostokatny-multi-box-6l\/\",\"name\":\"POJEMNIK NA \u017bYWNO\u015a\u0106 PROSTOK\u0104TNY MULTI BOX 6L - BOBIMARKET.pl - Remontuj i urz\u0105dzaj z nami\",\"isPartOf\":{\"@id\":\"https:\/\/bobimarket.pl\/#website\"},\"datePublished\":\"2023-08-29T15:47:09+00:00\",\"dateModified\":\"2025-02-27T13:33:27+00:00\",\"breadcrumb\":{\"@id\":\"https:\/\/bobimarket.pl\/index.php\/produkt\/pojemnik-na-zywnosc-prostokatny-multi-box-6l\/#breadcrumb\"},\"inLanguage\":\"pl-PL\",\"potentialAction\":[{\"@type\":\"ReadAction\",\"target\":[\"https:\/\/bobimarket.pl\/index.php\/produkt\/pojemnik-na-zywnosc-prostokatny-multi-box-6l\/\"]}]},{\"@type\":\"BreadcrumbList\",\"@id\":\"https:\/\/bobimarket.pl\/index.php\/produkt\/pojemnik-na-zywnosc-prostokatny-multi-box-6l\/#breadcrumb\",\"itemListElement\":[{\"@type\":\"ListItem\",\"position\":1,\"name\":\"Strona g\u0142\u00f3wna\",\"item\":\"https:\/\/bobimarket.pl\/\"},{\"@type\":\"ListItem\",\"position\":2,\"name\":\"Sklep\",\"item\":\"https:\/\/bobimarket.pl\/index.php\/shop\/\"},{\"@type\":\"ListItem\",\"position\":3,\"name\":\"POJEMNIK NA \u017bYWNO\u015a\u0106 PROSTOK\u0104TNY MULTI BOX 6L\"}]},{\"@type\":\"WebSite\",\"@id\":\"https:\/\/bobimarket.pl\/#website\",\"url\":\"https:\/\/bobimarket.pl\/\",\"name\":\"BOBIMARKET.pl - Remontuj i urz\u0105dzaj z nami\",\"description\":\"Remontuj i urz\u0105dzaj z nami\",\"publisher\":{\"@id\":\"https:\/\/bobimarket.pl\/#organization\"},\"potentialAction\":[{\"@type\":\"SearchAction\",\"target\":{\"@type\":\"EntryPoint\",\"urlTemplate\":\"https:\/\/bobimarket.pl\/?s={search_term_string}\"},\"query-input\":\"required name=search_term_string\"}],\"inLanguage\":\"pl-PL\"},{\"@type\":\"Organization\",\"@id\":\"https:\/\/bobimarket.pl\/#organization\",\"name\":\"BOBIMARKET.pl\",\"url\":\"https:\/\/bobimarket.pl\/\",\"logo\":{\"@type\":\"ImageObject\",\"inLanguage\":\"pl-PL\",\"@id\":\"https:\/\/bobimarket.pl\/#\/schema\/logo\/image\/\",\"url\":\"https:\/\/bobimarket.pl\/wp-content\/uploads\/2021\/11\/slogan.png\",\"contentUrl\":\"https:\/\/bobimarket.pl\/wp-content\/uploads\/2021\/11\/slogan.png\",\"width\":2000,\"height\":384,\"caption\":\"BOBIMARKET.pl\"},\"image\":{\"@id\":\"https:\/\/bobimarket.pl\/#\/schema\/logo\/image\/\"}}]}<\/script>\n<!-- \/ Yoast SEO plugin. -->","yoast_head_json":{"title":"POJEMNIK NA \u017bYWNO\u015a\u0106 PROSTOK\u0104TNY MULTI BOX 6L - BOBIMARKET.pl - Remontuj i urz\u0105dzaj z nami","robots":{"index":"index","follow":"follow","max-snippet":"max-snippet:-1","max-image-preview":"max-image-preview:large","max-video-preview":"max-video-preview:-1"},"canonical":"https:\/\/bobimarket.pl\/index.php\/produkt\/pojemnik-na-zywnosc-prostokatny-multi-box-6l\/","og_locale":"pl_PL","og_type":"article","og_title":"POJEMNIK NA \u017bYWNO\u015a\u0106 PROSTOK\u0104TNY MULTI BOX 6L - BOBIMARKET.pl - Remontuj i urz\u0105dzaj z nami","og_description":"POJEMNIK NA \u017bYWNO\u015a\u0106 PROSTOK\u0104TNY MULTI BOX 6L Dane techniczne: Pojemno\u015b\u0107: 6L Wymiary dna: 19,5 cm x 30 cm Wymiary pokrywki: 36,5 cm c 24 cm Wysoko\u015b\u0107: 11,5 cm Wysoko\u015b\u0107 z pokryw\u0105: 12 cm Materia\u0142: Tworzywo Nie zawiera Bisfenolu (BPA FREE)!!! Dobra organizacja to podstawa! Zam\u00f3w pojemnik do przechowywania \u017cywno\u015bci i ciesz si\u0119 porz\u0105dkiem! Wielofunkcyjny pojemnik,     Czytaj wi\u0119cej \"POJEMNIK NA \u017bYWNO\u015a\u0106 PROSTOK\u0104TNY MULTI BOX 6L\"","og_url":"https:\/\/bobimarket.pl\/index.php\/produkt\/pojemnik-na-zywnosc-prostokatny-multi-box-6l\/","og_site_name":"BOBIMARKET.pl - Remontuj i urz\u0105dzaj z nami","article_modified_time":"2025-02-27T13:33:27+00:00","og_image":[{"url":"https:\/\/upload.cdn.baselinker.com\/products\/14476\/94545d7fcb6f8af55fabe9856d17f8c4.jpg"}],"twitter_card":"summary_large_image","twitter_misc":{"Szacowany czas czytania":"2 minuty"},"schema":{"@context":"https:\/\/schema.org","@graph":[{"@type":"WebPage","@id":"https:\/\/bobimarket.pl\/index.php\/produkt\/pojemnik-na-zywnosc-prostokatny-multi-box-6l\/","url":"https:\/\/bobimarket.pl\/index.php\/produkt\/pojemnik-na-zywnosc-prostokatny-multi-box-6l\/","name":"POJEMNIK NA \u017bYWNO\u015a\u0106 PROSTOK\u0104TNY MULTI BOX 6L - BOBIMARKET.pl - Remontuj i urz\u0105dzaj z nami","isPartOf":{"@id":"https:\/\/bobimarket.pl\/#website"},"datePublished":"2023-08-29T15:47:09+00:00","dateModified":"2025-02-27T13:33:27+00:00","breadcrumb":{"@id":"https:\/\/bobimarket.pl\/index.php\/produkt\/pojemnik-na-zywnosc-prostokatny-multi-box-6l\/#breadcrumb"},"inLanguage":"pl-PL","potentialAction":[{"@type":"ReadAction","target":["https:\/\/bobimarket.pl\/index.php\/produkt\/pojemnik-na-zywnosc-prostokatny-multi-box-6l\/"]}]},{"@type":"BreadcrumbList","@id":"https:\/\/bobimarket.pl\/index.php\/produkt\/pojemnik-na-zywnosc-prostokatny-multi-box-6l\/#breadcrumb","itemListElement":[{"@type":"ListItem","position":1,"name":"Strona g\u0142\u00f3wna","item":"https:\/\/bobimarket.pl\/"},{"@type":"ListItem","position":2,"name":"Sklep","item":"https:\/\/bobimarket.pl\/index.php\/shop\/"},{"@type":"ListItem","position":3,"name":"POJEMNIK NA \u017bYWNO\u015a\u0106 PROSTOK\u0104TNY MULTI BOX 6L"}]},{"@type":"WebSite","@id":"https:\/\/bobimarket.pl\/#website","url":"https:\/\/bobimarket.pl\/","name":"BOBIMARKET.pl - Remontuj i urz\u0105dzaj z nami","description":"Remontuj i urz\u0105dzaj z nami","publisher":{"@id":"https:\/\/bobimarket.pl\/#organization"},"potentialAction":[{"@type":"SearchAction","target":{"@type":"EntryPoint","urlTemplate":"https:\/\/bobimarket.pl\/?s={search_term_string}"},"query-input":"required name=search_term_string"}],"inLanguage":"pl-PL"},{"@type":"Organization","@id":"https:\/\/bobimarket.pl\/#organization","name":"BOBIMARKET.pl","url":"https:\/\/bobimarket.pl\/","logo":{"@type":"ImageObject","inLanguage":"pl-PL","@id":"https:\/\/bobimarket.pl\/#\/schema\/logo\/image\/","url":"https:\/\/bobimarket.pl\/wp-content\/uploads\/2021\/11\/slogan.png","contentUrl":"https:\/\/bobimarket.pl\/wp-content\/uploads\/2021\/11\/slogan.png","width":2000,"height":384,"caption":"BOBIMARKET.pl"},"image":{"@id":"https:\/\/bobimarket.pl\/#\/schema\/logo\/image\/"}}]}},"_links":{"self":[{"href":"https:\/\/bobimarket.pl\/index.php\/wp-json\/wp\/v2\/product\/80686"}],"collection":[{"href":"https:\/\/bobimarket.pl\/index.php\/wp-json\/wp\/v2\/product"}],"about":[{"href":"https:\/\/bobimarket.pl\/index.php\/wp-json\/wp\/v2\/types\/product"}],"wp:featuredmedia":[{"embeddable":true,"href":"https:\/\/bobimarket.pl\/index.php\/wp-json\/wp\/v2\/media\/80681"}],"wp:attachment":[{"href":"https:\/\/bobimarket.pl\/index.php\/wp-json\/wp\/v2\/media?parent=80686"}],"wp:term":[{"taxonomy":"product_cat","embeddable":true,"href":"https:\/\/bobimarket.pl\/index.php\/wp-json\/wp\/v2\/product_cat?post=80686"},{"taxonomy":"product_tag","embeddable":true,"href":"https:\/\/bobimarket.pl\/index.php\/wp-json\/wp\/v2\/product_tag?post=80686"}],"curies":[{"name":"wp","href":"https:\/\/api.w.org\/{rel}","templated":true}]}}