{"id":80729,"date":"2023-08-29T15:49:29","date_gmt":"2023-08-29T15:49:29","guid":{"rendered":"https:\/\/bobimarket.pl\/index.php\/produkt\/pojemnik-na-zywnosc-hermetyczny-dzielony-04l\/"},"modified":"2025-02-27T13:33:42","modified_gmt":"2025-02-27T13:33:42","slug":"pojemnik-na-zywnosc-hermetyczny-dzielony-04l","status":"publish","type":"product","link":"https:\/\/bobimarket.pl\/index.php\/produkt\/pojemnik-na-zywnosc-hermetyczny-dzielony-04l\/","title":{"rendered":"POJEMNIK NA \u017bYWNO\u015a\u0106 HERMETYCZNY DZIELONY 0,4L"},"content":{"rendered":"<section class=\"section\">\n<div class=\"item item-12\">\n<section class=\"text-item\">\n<h2>POJEMNIK NA \u017bYWNO\u015a\u0106 HERMETYCZNY DZIELONY 0,4L<\/h2>\n<p><b>Informacje og\u00f3lne: <\/b><\/p>\n<ul>\n<li>Pojemno\u015b\u0107: <b>0,4L<\/b><\/li>\n<li>Wymiary: <b>9,7 cm x 14,5 cm x 5,2 cm<\/b><\/li>\n<li>Materia\u0142: <b>tworzywo<\/b><\/li>\n<li>Nie zawiera Bisfenolu (<b>BPA FREE<\/b>)!!!<\/li>\n<li>Wysoka jako\u015b\u0107!!<\/li>\n<li><b>Pojemnik posiada dwie przegrody!!<\/b><\/li>\n<\/ul>\n<p><b>Uwaga!<\/b><\/p>\n<p>Pojemnik jest przeznaczony do przechowywania \u017cywno\u015bci i nie powinien by\u0107 u\u017cywany do transportowania p\u0142ynnych produkt\u00f3w spo\u017cywczych tj. zupa czy sos.<\/p>\n<p>Aktualnie na stanie posiadamy pojemniki z niebieskim kolorem uszczelki.<\/p>\n<\/section><\/div>\n<\/section>\n<section class=\"section\">\n<div class=\"item item-12\">\n<section class=\"image-item\">\n            <img decoding=\"async\" src=\"https:\/\/upload.cdn.baselinker.com\/products\/14476\/b6a7127a6b2f45483b57eb8ef7d53192.jpg\" \/><br \/>\n        <\/section>\n<\/p><\/div>\n<\/section>\n<section class=\"section\">\n<div class=\"item item-12\">\n<section class=\"text-item\">\n<h2>Dobra organizacja to podstawa! Zam\u00f3w pojemnik do przechowywania \u017cywno\u015bci i ciesz si\u0119 porz\u0105dkiem!<\/h2>\n<p>Bardzo praktyczny pojemniki o wszechstronnym zastosowaniu. Jego ogromn\u0105 zalet\u0105 s\u0105<b> dwie przegrody,<\/b> kt\u00f3re pozwalaj\u0105 na przechowywanie zbilansowanego i r\u00f3\u017cnorodnego posi\u0142ku. Pojemnik doskonale sprawdzi si\u0119 zar\u00f3wno u dzieci jak i doros\u0142ych.<\/p>\n<p>\u2705 <b>Nie obawiaj si\u0119, \u017ce pojemnik b\u0119dzie sta\u0142 bezu\u017cytecznie.<\/b> \u015awietnie nadaje si\u0119 do artyku\u0142\u00f3w sypkich, ale nie tylko.<\/p>\n<ul>\n<li>Pojemnik hermetyczny z przegrodami sprawdzi si\u0119 do <b>przechowywania r\u00f3\u017cnego rodzaju przek\u0105sek<\/b>. Mo\u017cna do niego spakowa\u0107 pe\u0142nowarto\u015bciowe drugie \u015bniadanie dla dziecka do szko\u0142y. \u015awietnie sprawdzi si\u0119 r\u00f3wnie\u017c w podr\u00f3\u017cy.<\/li>\n<li>Mo\u017cna go wykorzysta\u0107 <b>do magazynowania drobiazg\u00f3w,<\/b> przegr\u00f3dki umo\u017cliwi\u0105 segregacj\u0119 znajduj\u0105cych si\u0119 w \u015brodku przedmiot\u00f3w.<\/li>\n<\/ul>\n<\/section><\/div>\n<\/section>\n<section class=\"section\">\n<div class=\"item item-12\">\n<section class=\"image-item\">\n            <img decoding=\"async\" src=\"https:\/\/upload.cdn.baselinker.com\/products\/14476\/3bab57a6ed5495ed21d14525728c9f10.jpg\" \/><br \/>\n        <\/section>\n<\/p><\/div>\n<\/section>\n<section class=\"section\">\n<div class=\"item item-12\">\n<section class=\"text-item\">\n<h1>Jedzenie jeszcze bardziej \u015bwie\u017ce,dzi\u0119ki hermetycznemu zapi\u0119ciu z silikonem!!<\/h1>\n<p>Pojemnik z powodzeniem mo\u017ce by\u0107 u\u017cywany <b>do przechowywania \u017cywno\u015bci<\/b> (posiada odpowiednie atesty do kontaktu z \u017cywno\u015bci\u0105).<\/p>\n<ul>\n<li>Wykonany z wysokiej jako\u015bci tworzywa, co b\u0119dzie owocowa\u0142o d\u0142ugim okresem u\u017cytkowania. Do produkcji u\u017cyto materia\u0142\u00f3w, kt\u00f3re nie zawieraj\u0105 szkodliwych zwi\u0105zk\u00f3w chemicznych <b>( BPA FREE!)<\/b><\/li>\n<li>Wygodne i<b> szczelne zapi\u0119cie z silikonow\u0105 uszczelk\u0105<\/b>\u00a0 gwarantuje komfortowe u\u017cytkowanie pojemnika! Jedzenie zachowuje swoj\u0105 \u015bwie\u017co\u015b\u0107.<\/li>\n<li><b>Przegr\u00f3dki s\u0105 wyjmowane<\/b> &#8211; je\u017celi akurat nie potrzebujesz pojemnika z przegrodami mo\u017cesz je wyj\u0105\u0107 i mie\u0107 jeden du\u017cy pojemnik.<\/li>\n<\/ul>\n<\/section><\/div>\n<\/section>\n<section class=\"section\">\n<div class=\"item item-12\">\n<section class=\"image-item\">\n            <img decoding=\"async\" src=\"https:\/\/upload.cdn.baselinker.com\/products\/14476\/1bd6f61821a023229b7802e6f318d695.jpg\" \/><br \/>\n        <\/section>\n<\/p><\/div>\n<\/section>\n<section class=\"section\">\n<div class=\"item item-12\">\n<section class=\"text-item\">\n<h2>\u2705\u00a0 W pojemniku mo\u017cesz przechowywa\u0107:<\/h2>\n<ul>\n<li>cukierki, ciastka i inne s\u0142odko\u015bci<\/li>\n<li>bakalie, rodzynki\u00a0 oraz kandyzowane owoce\u00a0<\/li>\n<li>orzeszki, krakersy lub inne s\u0142one przek\u0105ski<\/li>\n<li>pokrojone na mniejsze kawa\u0142ki warzywa i owoce<\/li>\n<li>r\u00f3\u017cnego rodzaju pasty do smarowania chleba<\/li>\n<li>drobne przedmioty np. spinki do w\u0142os\u00f3w, pier\u015bcionki itp.<\/li>\n<\/ul>\n<\/section><\/div>\n<\/section>\n<section class=\"section\">\n<div class=\"item item-12\">\n<section class=\"image-item\">\n            <img decoding=\"async\" src=\"https:\/\/upload.cdn.baselinker.com\/products\/14476\/d73811417ee182b552dc209010d9b257.jpg\" \/><br \/>\n        <\/section>\n<\/p><\/div>\n<\/section>\n<section class=\"section\">\n<div class=\"item item-12\">\n<section class=\"text-item\">\n<h2>\u2705 Pojemnik hermetyczny to dobre rozwi\u0105zanie do ka\u017cdego domu!<\/h2>\n<p>Pojemnik doskonale sprawdzi si\u0119 w du\u017cych domach, gdzie w \u0142atwy spos\u00f3b <b>umo\u017cliwi uporz\u0105dkowanie dostepnej przestrzeni<\/b>. W ma\u0142ych mieszkaniach pozwoli natomiast zaoszcz\u0119dzi\u0107 miejsce.<\/p>\n<ul>\n<li>Pojemnik mo\u017cna umie\u015bci\u0107 w szafce kuchennej lub wysuwanej szufladzie. Idealnie sprawdzi si\u0119 r\u00f3wnie\u017c na p\u00f3\u0142ce w spi\u017carni.<\/li>\n<li>Kilka pojemnik\u00f3w mo\u017cna u\u0142o\u017cy\u0107 na sobie pi\u0119trowo i\u00a0<b>zaoszcz\u0119dzi\u0107 miejsce<\/b>\u00a0w spi\u017carni lub na p\u00f3\u0142ce!<\/li>\n<li>Pojemnik jest prze\u017aroczysty z \u0142atwo\u015bci\u0105 mo\u017cna zobaczy\u0107 jego\u00a0 zawarto\u015b\u0107.<\/li>\n<\/ul>\n<\/section><\/div>\n<\/section>\n<section class=\"section\">\n<div class=\"item item-12\">\n<section class=\"image-item\">\n            <img decoding=\"async\" src=\"https:\/\/upload.cdn.baselinker.com\/products\/14476\/94bffee06ee41d21884643c7e4413e47.jpg\" \/><br \/>\n        <\/section>\n<\/p><\/div>\n<\/section>\n<section class=\"section\">\n<div class=\"item item-12\">\n<section class=\"text-item\">\n<p><b>\u2705 Mo\u017cesz podgrza\u0107 w nim jedzenie<\/b><\/p>\n<p>Pojemnik jest przystosowany do u\u017cywania w kuchence mikrofalowej. Je\u017celi zajdzie taka potrzeba mo\u017cesz podgrza\u0107 znajduj\u0105ce si\u0119 w nim produkty.<\/p>\n<p><b>\u2705 Mo\u017cesz umy\u0107 go w zmywarce <\/b><\/p>\n<p>Pojemnik jest \u0142atwy do utrzymania w czysto\u015bci. Mo\u017cna go my\u0107 w zmywarce i zaoszcz\u0119dzi\u0107 cenny czas.<\/p>\n<p><b>\u2705 Nadaje si\u0119 do przechowywania w zamra\u017calce<\/b><\/p>\n<p>Hermetyczny pojemnik sprawdzi si\u0119 r\u00f3wnie\u017c do przechowywania \u017cywo\u015bci w zamra\u017calce, aby jeszcze d\u0142u\u017cej zachowa\u0142y swoj\u0105 \u015bwie\u017co\u015b\u0107.<\/p>\n<\/section><\/div>\n<\/section>\n<section class=\"section\">\n<div class=\"item item-12\">\n<section class=\"image-item\">\n            <img decoding=\"async\" src=\"https:\/\/upload.cdn.baselinker.com\/products\/14476\/d73811417ee182b552dc209010d9b257.jpg\" \/><br \/>\n        <\/section>\n<\/p><\/div>\n<\/section>\n<section class=\"section\">\n<div class=\"item item-12\">\n<section class=\"text-item\">\n<h2>Sprawd\u017a inne pojemniki dost\u0119pne w naszym sklepie!<\/h2>\n<\/section><\/div>\n<\/section>\n<section class=\"section\">\n<div class=\"item item-12\">\n<section class=\"image-item\">\n            <img decoding=\"async\" src=\"https:\/\/upload.cdn.baselinker.com\/products\/14476\/3bce2f20b850c9b3fe5c8b7b4e8ae6bc.jpg\" \/><br \/>\n        <\/section>\n<\/p><\/div>\n<\/section>\n","protected":false},"excerpt":{"rendered":"<p>POJEMNIK NA \u017bYWNO\u015a\u0106 HERMETYCZNY DZIELONY 0,4L Informacje og\u00f3lne: Pojemno\u015b\u0107: 0,4L Wymiary: 9,7 cm x 14,5 cm x 5,2 cm Materia\u0142: tworzywo Nie zawiera Bisfenolu (BPA FREE)!!! Wysoka jako\u015b\u0107!! Pojemnik posiada dwie przegrody!! Uwaga! Pojemnik jest przeznaczony do przechowywania \u017cywno\u015bci i nie powinien by\u0107 u\u017cywany do transportowania p\u0142ynnych produkt\u00f3w spo\u017cywczych tj. zupa czy sos. Aktualnie na<br \/><a class=\"more-link\" href=\"https:\/\/bobimarket.pl\/index.php\/produkt\/pojemnik-na-zywnosc-hermetyczny-dzielony-04l\/\"><br \/>\n        Czytaj wi\u0119cej<span class=\"screen-reader-text\"> &#8222;POJEMNIK NA \u017bYWNO\u015a\u0106 HERMETYCZNY DZIELONY 0,4L&#8221;<\/span><\/a><\/p>\n","protected":false},"featured_media":80722,"template":"","meta":[],"product_cat":[8070],"product_tag":[],"yoast_head":"<!-- This site is optimized with the Yoast SEO plugin v21.0 - https:\/\/yoast.com\/wordpress\/plugins\/seo\/ -->\n<title>POJEMNIK NA \u017bYWNO\u015a\u0106 HERMETYCZNY DZIELONY 0,4L - BOBIMARKET.pl - Remontuj i urz\u0105dzaj z nami<\/title>\n<meta name=\"robots\" content=\"index, follow, max-snippet:-1, max-image-preview:large, max-video-preview:-1\" \/>\n<link rel=\"canonical\" href=\"https:\/\/bobimarket.pl\/index.php\/produkt\/pojemnik-na-zywnosc-hermetyczny-dzielony-04l\/\" \/>\n<meta property=\"og:locale\" content=\"pl_PL\" \/>\n<meta property=\"og:type\" content=\"article\" \/>\n<meta property=\"og:title\" content=\"POJEMNIK NA \u017bYWNO\u015a\u0106 HERMETYCZNY DZIELONY 0,4L - BOBIMARKET.pl - Remontuj i urz\u0105dzaj z nami\" \/>\n<meta property=\"og:description\" content=\"POJEMNIK NA \u017bYWNO\u015a\u0106 HERMETYCZNY DZIELONY 0,4L Informacje og\u00f3lne: Pojemno\u015b\u0107: 0,4L Wymiary: 9,7 cm x 14,5 cm x 5,2 cm Materia\u0142: tworzywo Nie zawiera Bisfenolu (BPA FREE)!!! Wysoka jako\u015b\u0107!! Pojemnik posiada dwie przegrody!! Uwaga! Pojemnik jest przeznaczony do przechowywania \u017cywno\u015bci i nie powinien by\u0107 u\u017cywany do transportowania p\u0142ynnych produkt\u00f3w spo\u017cywczych tj. zupa czy sos. Aktualnie na     Czytaj wi\u0119cej &quot;POJEMNIK NA \u017bYWNO\u015a\u0106 HERMETYCZNY DZIELONY 0,4L&quot;\" \/>\n<meta property=\"og:url\" content=\"https:\/\/bobimarket.pl\/index.php\/produkt\/pojemnik-na-zywnosc-hermetyczny-dzielony-04l\/\" \/>\n<meta property=\"og:site_name\" content=\"BOBIMARKET.pl - Remontuj i urz\u0105dzaj z nami\" \/>\n<meta property=\"article:modified_time\" content=\"2025-02-27T13:33:42+00:00\" \/>\n<meta property=\"og:image\" content=\"https:\/\/upload.cdn.baselinker.com\/products\/14476\/b6a7127a6b2f45483b57eb8ef7d53192.jpg\" \/>\n<meta name=\"twitter:card\" content=\"summary_large_image\" \/>\n<meta name=\"twitter:label1\" content=\"Szacowany czas czytania\" \/>\n\t<meta name=\"twitter:data1\" content=\"3 minuty\" \/>\n<script type=\"application\/ld+json\" class=\"yoast-schema-graph\">{\"@context\":\"https:\/\/schema.org\",\"@graph\":[{\"@type\":\"WebPage\",\"@id\":\"https:\/\/bobimarket.pl\/index.php\/produkt\/pojemnik-na-zywnosc-hermetyczny-dzielony-04l\/\",\"url\":\"https:\/\/bobimarket.pl\/index.php\/produkt\/pojemnik-na-zywnosc-hermetyczny-dzielony-04l\/\",\"name\":\"POJEMNIK NA \u017bYWNO\u015a\u0106 HERMETYCZNY DZIELONY 0,4L - BOBIMARKET.pl - Remontuj i urz\u0105dzaj z nami\",\"isPartOf\":{\"@id\":\"https:\/\/bobimarket.pl\/#website\"},\"datePublished\":\"2023-08-29T15:49:29+00:00\",\"dateModified\":\"2025-02-27T13:33:42+00:00\",\"breadcrumb\":{\"@id\":\"https:\/\/bobimarket.pl\/index.php\/produkt\/pojemnik-na-zywnosc-hermetyczny-dzielony-04l\/#breadcrumb\"},\"inLanguage\":\"pl-PL\",\"potentialAction\":[{\"@type\":\"ReadAction\",\"target\":[\"https:\/\/bobimarket.pl\/index.php\/produkt\/pojemnik-na-zywnosc-hermetyczny-dzielony-04l\/\"]}]},{\"@type\":\"BreadcrumbList\",\"@id\":\"https:\/\/bobimarket.pl\/index.php\/produkt\/pojemnik-na-zywnosc-hermetyczny-dzielony-04l\/#breadcrumb\",\"itemListElement\":[{\"@type\":\"ListItem\",\"position\":1,\"name\":\"Strona g\u0142\u00f3wna\",\"item\":\"https:\/\/bobimarket.pl\/\"},{\"@type\":\"ListItem\",\"position\":2,\"name\":\"Sklep\",\"item\":\"https:\/\/bobimarket.pl\/index.php\/shop\/\"},{\"@type\":\"ListItem\",\"position\":3,\"name\":\"POJEMNIK NA \u017bYWNO\u015a\u0106 HERMETYCZNY DZIELONY 0,4L\"}]},{\"@type\":\"WebSite\",\"@id\":\"https:\/\/bobimarket.pl\/#website\",\"url\":\"https:\/\/bobimarket.pl\/\",\"name\":\"BOBIMARKET.pl - Remontuj i urz\u0105dzaj z nami\",\"description\":\"Remontuj i urz\u0105dzaj z nami\",\"publisher\":{\"@id\":\"https:\/\/bobimarket.pl\/#organization\"},\"potentialAction\":[{\"@type\":\"SearchAction\",\"target\":{\"@type\":\"EntryPoint\",\"urlTemplate\":\"https:\/\/bobimarket.pl\/?s={search_term_string}\"},\"query-input\":\"required name=search_term_string\"}],\"inLanguage\":\"pl-PL\"},{\"@type\":\"Organization\",\"@id\":\"https:\/\/bobimarket.pl\/#organization\",\"name\":\"BOBIMARKET.pl\",\"url\":\"https:\/\/bobimarket.pl\/\",\"logo\":{\"@type\":\"ImageObject\",\"inLanguage\":\"pl-PL\",\"@id\":\"https:\/\/bobimarket.pl\/#\/schema\/logo\/image\/\",\"url\":\"https:\/\/bobimarket.pl\/wp-content\/uploads\/2021\/11\/slogan.png\",\"contentUrl\":\"https:\/\/bobimarket.pl\/wp-content\/uploads\/2021\/11\/slogan.png\",\"width\":2000,\"height\":384,\"caption\":\"BOBIMARKET.pl\"},\"image\":{\"@id\":\"https:\/\/bobimarket.pl\/#\/schema\/logo\/image\/\"}}]}<\/script>\n<!-- \/ Yoast SEO plugin. -->","yoast_head_json":{"title":"POJEMNIK NA \u017bYWNO\u015a\u0106 HERMETYCZNY DZIELONY 0,4L - BOBIMARKET.pl - Remontuj i urz\u0105dzaj z nami","robots":{"index":"index","follow":"follow","max-snippet":"max-snippet:-1","max-image-preview":"max-image-preview:large","max-video-preview":"max-video-preview:-1"},"canonical":"https:\/\/bobimarket.pl\/index.php\/produkt\/pojemnik-na-zywnosc-hermetyczny-dzielony-04l\/","og_locale":"pl_PL","og_type":"article","og_title":"POJEMNIK NA \u017bYWNO\u015a\u0106 HERMETYCZNY DZIELONY 0,4L - BOBIMARKET.pl - Remontuj i urz\u0105dzaj z nami","og_description":"POJEMNIK NA \u017bYWNO\u015a\u0106 HERMETYCZNY DZIELONY 0,4L Informacje og\u00f3lne: Pojemno\u015b\u0107: 0,4L Wymiary: 9,7 cm x 14,5 cm x 5,2 cm Materia\u0142: tworzywo Nie zawiera Bisfenolu (BPA FREE)!!! Wysoka jako\u015b\u0107!! Pojemnik posiada dwie przegrody!! Uwaga! Pojemnik jest przeznaczony do przechowywania \u017cywno\u015bci i nie powinien by\u0107 u\u017cywany do transportowania p\u0142ynnych produkt\u00f3w spo\u017cywczych tj. zupa czy sos. Aktualnie na     Czytaj wi\u0119cej \"POJEMNIK NA \u017bYWNO\u015a\u0106 HERMETYCZNY DZIELONY 0,4L\"","og_url":"https:\/\/bobimarket.pl\/index.php\/produkt\/pojemnik-na-zywnosc-hermetyczny-dzielony-04l\/","og_site_name":"BOBIMARKET.pl - Remontuj i urz\u0105dzaj z nami","article_modified_time":"2025-02-27T13:33:42+00:00","og_image":[{"url":"https:\/\/upload.cdn.baselinker.com\/products\/14476\/b6a7127a6b2f45483b57eb8ef7d53192.jpg"}],"twitter_card":"summary_large_image","twitter_misc":{"Szacowany czas czytania":"3 minuty"},"schema":{"@context":"https:\/\/schema.org","@graph":[{"@type":"WebPage","@id":"https:\/\/bobimarket.pl\/index.php\/produkt\/pojemnik-na-zywnosc-hermetyczny-dzielony-04l\/","url":"https:\/\/bobimarket.pl\/index.php\/produkt\/pojemnik-na-zywnosc-hermetyczny-dzielony-04l\/","name":"POJEMNIK NA \u017bYWNO\u015a\u0106 HERMETYCZNY DZIELONY 0,4L - BOBIMARKET.pl - Remontuj i urz\u0105dzaj z nami","isPartOf":{"@id":"https:\/\/bobimarket.pl\/#website"},"datePublished":"2023-08-29T15:49:29+00:00","dateModified":"2025-02-27T13:33:42+00:00","breadcrumb":{"@id":"https:\/\/bobimarket.pl\/index.php\/produkt\/pojemnik-na-zywnosc-hermetyczny-dzielony-04l\/#breadcrumb"},"inLanguage":"pl-PL","potentialAction":[{"@type":"ReadAction","target":["https:\/\/bobimarket.pl\/index.php\/produkt\/pojemnik-na-zywnosc-hermetyczny-dzielony-04l\/"]}]},{"@type":"BreadcrumbList","@id":"https:\/\/bobimarket.pl\/index.php\/produkt\/pojemnik-na-zywnosc-hermetyczny-dzielony-04l\/#breadcrumb","itemListElement":[{"@type":"ListItem","position":1,"name":"Strona g\u0142\u00f3wna","item":"https:\/\/bobimarket.pl\/"},{"@type":"ListItem","position":2,"name":"Sklep","item":"https:\/\/bobimarket.pl\/index.php\/shop\/"},{"@type":"ListItem","position":3,"name":"POJEMNIK NA \u017bYWNO\u015a\u0106 HERMETYCZNY DZIELONY 0,4L"}]},{"@type":"WebSite","@id":"https:\/\/bobimarket.pl\/#website","url":"https:\/\/bobimarket.pl\/","name":"BOBIMARKET.pl - Remontuj i urz\u0105dzaj z nami","description":"Remontuj i urz\u0105dzaj z nami","publisher":{"@id":"https:\/\/bobimarket.pl\/#organization"},"potentialAction":[{"@type":"SearchAction","target":{"@type":"EntryPoint","urlTemplate":"https:\/\/bobimarket.pl\/?s={search_term_string}"},"query-input":"required name=search_term_string"}],"inLanguage":"pl-PL"},{"@type":"Organization","@id":"https:\/\/bobimarket.pl\/#organization","name":"BOBIMARKET.pl","url":"https:\/\/bobimarket.pl\/","logo":{"@type":"ImageObject","inLanguage":"pl-PL","@id":"https:\/\/bobimarket.pl\/#\/schema\/logo\/image\/","url":"https:\/\/bobimarket.pl\/wp-content\/uploads\/2021\/11\/slogan.png","contentUrl":"https:\/\/bobimarket.pl\/wp-content\/uploads\/2021\/11\/slogan.png","width":2000,"height":384,"caption":"BOBIMARKET.pl"},"image":{"@id":"https:\/\/bobimarket.pl\/#\/schema\/logo\/image\/"}}]}},"_links":{"self":[{"href":"https:\/\/bobimarket.pl\/index.php\/wp-json\/wp\/v2\/product\/80729"}],"collection":[{"href":"https:\/\/bobimarket.pl\/index.php\/wp-json\/wp\/v2\/product"}],"about":[{"href":"https:\/\/bobimarket.pl\/index.php\/wp-json\/wp\/v2\/types\/product"}],"wp:featuredmedia":[{"embeddable":true,"href":"https:\/\/bobimarket.pl\/index.php\/wp-json\/wp\/v2\/media\/80722"}],"wp:attachment":[{"href":"https:\/\/bobimarket.pl\/index.php\/wp-json\/wp\/v2\/media?parent=80729"}],"wp:term":[{"taxonomy":"product_cat","embeddable":true,"href":"https:\/\/bobimarket.pl\/index.php\/wp-json\/wp\/v2\/product_cat?post=80729"},{"taxonomy":"product_tag","embeddable":true,"href":"https:\/\/bobimarket.pl\/index.php\/wp-json\/wp\/v2\/product_tag?post=80729"}],"curies":[{"name":"wp","href":"https:\/\/api.w.org\/{rel}","templated":true}]}}