{"id":80760,"date":"2023-08-29T15:50:47","date_gmt":"2023-08-29T15:50:47","guid":{"rendered":"https:\/\/bobimarket.pl\/index.php\/produkt\/pojemnik-na-wedliny-hermetyczny-plastikowy-26l\/"},"modified":"2025-12-08T12:15:50","modified_gmt":"2025-12-08T12:15:50","slug":"pojemnik-na-wedliny-hermetyczny-plastikowy-26l","status":"publish","type":"product","link":"https:\/\/bobimarket.pl\/index.php\/produkt\/pojemnik-na-wedliny-hermetyczny-plastikowy-26l\/","title":{"rendered":"POJEMNIK NA W\u0118DLINY HERMETYCZNY PLASTIKOWY 2,6L"},"content":{"rendered":"<section class=\"section\">\n<div class=\"item item-6\">\n<section class=\"image-item\">\n            <img decoding=\"async\" src=\"https:\/\/upload.cdn.baselinker.com\/products\/14476\/70f39efdefaa25e9e0769f04ba0df942.jpg\" \/><br \/>\n        <\/section>\n<\/p><\/div>\n<div class=\"item item-6\">\n<section class=\"text-item\">\n<h2>POJEMNIK NA W\u0118DLINY HERMETYCZNY PLASTIKOWY 2,6L<\/h2>\n<p><b>Dane techniczne:<\/b><\/p>\n<ul>\n<li>Pojemno\u015b\u0107: <b>2,6L<\/b><\/li>\n<li>Wymiary: +\/- 18,5 x 26,1 x 8,4 cm<\/li>\n<li>Kolor uszczelki: niebieski<\/li>\n<li>Materia\u0142: tworzywo<\/li>\n<li>Nie zawiera Bisfenolu (<b>BPA FREE<\/b>)!!!<\/li>\n<\/ul>\n<h2>Pojemnik hermetyczny z ociekaczem!<\/h2>\n<p><b>Uwaga!<\/b><\/p>\n<p>Aktualnie na stanie posiadamy pojemniki z niebieskim kolorem uszczelki.<\/p>\n<\/section><\/div>\n<\/section>\n<section class=\"section\">\n<div class=\"item item-6\">\n<section class=\"image-item\">\n            <img decoding=\"async\" src=\"https:\/\/upload.cdn.baselinker.com\/products\/14476\/e659fa9f1cb06b1b7ccb58e58a8b5f6a.jpg\" \/><br \/>\n        <\/section>\n<\/p><\/div>\n<div class=\"item item-6\">\n<section class=\"text-item\">\n<h2>Dobra organizacja to podstawa! Zam\u00f3w pojemnik do przechowywania \u017cywno\u015bci i ciesz si\u0119 porz\u0105dkiem!<\/h2>\n<p>Bardzo praktyczny pojemniki o wszechstronnym zastosowaniu. Jego ogromn\u0105 zalet\u0105 jest to, \u017ce posiada funkcjonalny ocieczkacz, Pojemnik doskonale sprawdzi si\u0119 w kuchni lub spi\u017carni.<\/p>\n<p>\u2705 <b>Nie obawiaj si\u0119, \u017ce pojemnik b\u0119dzie sta\u0142 bezu\u017cytecznie.<\/b> \u015awietnie nadaje si\u0119 do artyku\u0142\u00f3w sypkich, ale nie tylko.<\/p>\n<ul>\n<li>Pojemnik hermetyczny\u00a0 sprawdzi si\u0119 do <b>przechowywania r\u00f3\u017cnego rodzaju artuku\u0142\u00f3w spo\u017cywczych.<\/b> Mo\u017cna do niego spakowa\u0107 pe\u0142nowarto\u015bciowe drugie \u015bniadanie dla dziecka do szko\u0142y. \u015awietnie sprawdzi si\u0119 r\u00f3wnie\u017c w podr\u00f3\u017cy.<\/li>\n<li>Mo\u017cna go wykorzysta\u0107 <b>do magazynowania drobiazg\u00f3w,<\/b> przegr\u00f3dki umo\u017cliwi\u0105 segregacj\u0119 znajduj\u0105cych si\u0119 w \u015brodku przedmiot\u00f3w.<\/li>\n<\/ul>\n<\/section><\/div>\n<\/section>\n<section class=\"section\">\n<div class=\"item item-6\">\n<section class=\"image-item\">\n            <img decoding=\"async\" src=\"https:\/\/upload.cdn.baselinker.com\/products\/14476\/67607878714176014abfc0e6314b27f2.jpg\" \/><br \/>\n        <\/section>\n<\/p><\/div>\n<div class=\"item item-6\">\n<section class=\"text-item\">\n<h1>Jedzenie jeszcze bardziej \u015bwie\u017ce, dzi\u0119ki hermetycznemu zapi\u0119ciu z silikonem!!<\/h1>\n<p>Pojemnik z powodzeniem mo\u017ce by\u0107 u\u017cywany <b>do przechowywania \u017cywno\u015bci<\/b> (posiada odpowiednie atesty do kontaktu z \u017cywno\u015bci\u0105).<\/p>\n<ul>\n<li>Wykonany z wysokiej jako\u015bci tworzywa, co b\u0119dzie owocowa\u0142o d\u0142ugim okresem u\u017cytkowania. Do produkcji u\u017cyto materia\u0142\u00f3w, kt\u00f3re nie zawieraj\u0105 szkodliwych zwi\u0105zk\u00f3w chemicznych <b>( BPA FREE!)<\/b><\/li>\n<li>Wygodne i<b> szczelne zapi\u0119cie z silikonow\u0105 uszczelk\u0105<\/b>\u00a0 gwarantuje komfortowe u\u017cytkowanie pojemnika! Jedzenie zachowuje swoj\u0105 \u015bwie\u017co\u015b\u0107.<\/li>\n<li>Dodatkowo pojemnik zosta\u0142 wyposa\u017cony w<b> podstawk\u0119 kt\u00f3ra odseparowuje \u017cywno\u015b\u0107 od dna pojemnika,<\/b> co przyczynia si\u0119 do wyd\u0142u\u017cenia \u015bwie\u017co\u015bci przechowywanych produkt\u00f3w.<\/li>\n<\/ul>\n<\/section><\/div>\n<\/section>\n<section class=\"section\">\n<div class=\"item item-6\">\n<section class=\"image-item\">\n            <img decoding=\"async\" src=\"https:\/\/upload.cdn.baselinker.com\/products\/14476\/10d9ae6ae5bafd531ff45f1215438d81.jpg\" \/><br \/>\n        <\/section>\n<\/p><\/div>\n<div class=\"item item-6\">\n<section class=\"text-item\">\n<h2>\u2705\u00a0 W pojemniku mo\u017cesz przechowywa\u0107:<\/h2>\n<ul>\n<li>sery, w\u0119dliny, kie\u0142bas\u0119<\/li>\n<li>cukierki, ciastka i inne s\u0142odko\u015bci<\/li>\n<li>bakalie, rodzynki\u00a0 oraz kandyzowane owoce\u00a0<\/li>\n<li>orzeszki, krakersy lub inne s\u0142one przek\u0105ski<\/li>\n<li>owoce i warzywa ( pokrojona na kawa\u0142ki lub w ca\u0142o\u015bci)<\/li>\n<li>r\u00f3\u017cnego rodzaju pasty do smarowania chleba<\/li>\n<li>drobne przedmioty np. spinki do w\u0142os\u00f3w, pier\u015bcionki itp.<\/li>\n<\/ul>\n<\/section><\/div>\n<\/section>\n<section class=\"section\">\n<div class=\"item item-6\">\n<section class=\"image-item\">\n            <img decoding=\"async\" src=\"https:\/\/upload.cdn.baselinker.com\/products\/14476\/02f2e8d7e608e95578af50f150f97b6a.jpg\" \/><br \/>\n        <\/section>\n<\/p><\/div>\n<div class=\"item item-6\">\n<section class=\"text-item\">\n<h2>\u2705 Pojemnik hermetyczny to dobre rozwi\u0105zanie do ka\u017cdego domu!<\/h2>\n<p>Pojemnik doskonale sprawdzi si\u0119 w du\u017cych domach, gdzie w \u0142atwy spos\u00f3b <b>umo\u017cliwi uporz\u0105dkowanie dostepnej przestrzeni<\/b>. W ma\u0142ych mieszkaniach pozwoli natomiast zaoszcz\u0119dzi\u0107 miejsce.<\/p>\n<ul>\n<li>Pojemnik mo\u017cna umie\u015bci\u0107 w szafce kuchennej lub wysuwanej szufladzie. Idealnie sprawdzi si\u0119 r\u00f3wnie\u017c na p\u00f3\u0142ce w spi\u017carni.<\/li>\n<li>Kilka pojemnik\u00f3w mo\u017cna u\u0142o\u017cy\u0107 na sobie pi\u0119trowo i\u00a0<b>zaoszcz\u0119dzi\u0107 miejsce<\/b>\u00a0w spi\u017carni lub na p\u00f3\u0142ce!<\/li>\n<li>Pojemnik jest prze\u017aroczysty z \u0142atwo\u015bci\u0105 mo\u017cna zobaczy\u0107 jego\u00a0 zawarto\u015b\u0107.<\/li>\n<\/ul>\n<\/section><\/div>\n<\/section>\n<section class=\"section\">\n<div class=\"item item-6\">\n<section class=\"image-item\">\n            <img decoding=\"async\" src=\"https:\/\/upload.cdn.baselinker.com\/products\/14476\/4dd780fa176b8b4b563ce3ecf208b641.jpg\" \/><br \/>\n        <\/section>\n<\/p><\/div>\n<div class=\"item item-6\">\n<section class=\"text-item\">\n<p><b>\u2705 Mo\u017cesz podgrza\u0107 w nim jedzenie<\/b><\/p>\n<p>Pojemnik jest przystosowany do u\u017cywania w kuchence mikrofalowej. Je\u017celi zajdzie taka potrzeba mo\u017cesz podgrza\u0107 znajduj\u0105ce si\u0119 w nim produkty.<\/p>\n<p><b>\u2705 Mo\u017cesz umy\u0107 go w zmywarce <\/b><\/p>\n<p>Pojemnik jest \u0142atwy do utrzymania w czysto\u015bci. Mo\u017cna go my\u0107 w zmywarce i zaoszcz\u0119dzi\u0107 cenny czas.<\/p>\n<p><b>\u2705 Nadaje si\u0119 do przechowywania w zamra\u017calce<\/b><\/p>\n<p>Hermetyczny pojemnik sprawdzi si\u0119 r\u00f3wnie\u017c do przechowywania \u017cywo\u015bci w zamra\u017calce, aby jeszcze d\u0142u\u017cej zachowa\u0142y swoj\u0105 \u015bwie\u017co\u015b\u0107.<\/p>\n<\/section><\/div>\n<\/section>\n<section class=\"section\">\n<div class=\"item item-12\">\n<section class=\"text-item\">\n<h1>Sprawd\u017a inne pojemniki dost\u0119pne w naszym sklepie!<\/h1>\n<\/section><\/div>\n<\/section>\n<section class=\"section\">\n<div class=\"item item-12\">\n<section class=\"image-item\">\n            <img decoding=\"async\" src=\"https:\/\/upload.cdn.baselinker.com\/products\/14476\/8664c93f52ea0a579c3ae35cab7e9f9d.jpg\" \/><br \/>\n        <\/section>\n<\/p><\/div>\n<\/section>\n","protected":false},"excerpt":{"rendered":"<p>POJEMNIK NA W\u0118DLINY HERMETYCZNY PLASTIKOWY 2,6L Dane techniczne: Pojemno\u015b\u0107: 2,6L Wymiary: +\/- 18,5 x 26,1 x 8,4 cm Kolor uszczelki: niebieski Materia\u0142: tworzywo Nie zawiera Bisfenolu (BPA FREE)!!! Pojemnik hermetyczny z ociekaczem! Uwaga! Aktualnie na stanie posiadamy pojemniki z niebieskim kolorem uszczelki. Dobra organizacja to podstawa! Zam\u00f3w pojemnik do przechowywania \u017cywno\u015bci i ciesz si\u0119 porz\u0105dkiem!<br \/><a class=\"more-link\" href=\"https:\/\/bobimarket.pl\/index.php\/produkt\/pojemnik-na-wedliny-hermetyczny-plastikowy-26l\/\"><br \/>\n        Czytaj wi\u0119cej<span class=\"screen-reader-text\"> &#8222;POJEMNIK NA W\u0118DLINY HERMETYCZNY PLASTIKOWY 2,6L&#8221;<\/span><\/a><\/p>\n","protected":false},"featured_media":80751,"template":"","meta":[],"product_cat":[8070],"product_tag":[],"yoast_head":"<!-- This site is optimized with the Yoast SEO plugin v21.0 - https:\/\/yoast.com\/wordpress\/plugins\/seo\/ -->\n<title>POJEMNIK NA W\u0118DLINY HERMETYCZNY PLASTIKOWY 2,6L - BOBIMARKET.pl - Remontuj i urz\u0105dzaj z nami<\/title>\n<meta name=\"robots\" content=\"index, follow, max-snippet:-1, max-image-preview:large, max-video-preview:-1\" \/>\n<link rel=\"canonical\" href=\"https:\/\/bobimarket.pl\/index.php\/produkt\/pojemnik-na-wedliny-hermetyczny-plastikowy-26l\/\" \/>\n<meta property=\"og:locale\" content=\"pl_PL\" \/>\n<meta property=\"og:type\" content=\"article\" \/>\n<meta property=\"og:title\" content=\"POJEMNIK NA W\u0118DLINY HERMETYCZNY PLASTIKOWY 2,6L - BOBIMARKET.pl - Remontuj i urz\u0105dzaj z nami\" \/>\n<meta property=\"og:description\" content=\"POJEMNIK NA W\u0118DLINY HERMETYCZNY PLASTIKOWY 2,6L Dane techniczne: Pojemno\u015b\u0107: 2,6L Wymiary: +\/- 18,5 x 26,1 x 8,4 cm Kolor uszczelki: niebieski Materia\u0142: tworzywo Nie zawiera Bisfenolu (BPA FREE)!!! Pojemnik hermetyczny z ociekaczem! Uwaga! Aktualnie na stanie posiadamy pojemniki z niebieskim kolorem uszczelki. Dobra organizacja to podstawa! Zam\u00f3w pojemnik do przechowywania \u017cywno\u015bci i ciesz si\u0119 porz\u0105dkiem!     Czytaj wi\u0119cej &quot;POJEMNIK NA W\u0118DLINY HERMETYCZNY PLASTIKOWY 2,6L&quot;\" \/>\n<meta property=\"og:url\" content=\"https:\/\/bobimarket.pl\/index.php\/produkt\/pojemnik-na-wedliny-hermetyczny-plastikowy-26l\/\" \/>\n<meta property=\"og:site_name\" content=\"BOBIMARKET.pl - Remontuj i urz\u0105dzaj z nami\" \/>\n<meta property=\"article:modified_time\" content=\"2025-12-08T12:15:50+00:00\" \/>\n<meta property=\"og:image\" content=\"https:\/\/upload.cdn.baselinker.com\/products\/14476\/70f39efdefaa25e9e0769f04ba0df942.jpg\" \/>\n<meta name=\"twitter:card\" content=\"summary_large_image\" \/>\n<meta name=\"twitter:label1\" content=\"Szacowany czas czytania\" \/>\n\t<meta name=\"twitter:data1\" content=\"3 minuty\" \/>\n<script type=\"application\/ld+json\" class=\"yoast-schema-graph\">{\"@context\":\"https:\/\/schema.org\",\"@graph\":[{\"@type\":\"WebPage\",\"@id\":\"https:\/\/bobimarket.pl\/index.php\/produkt\/pojemnik-na-wedliny-hermetyczny-plastikowy-26l\/\",\"url\":\"https:\/\/bobimarket.pl\/index.php\/produkt\/pojemnik-na-wedliny-hermetyczny-plastikowy-26l\/\",\"name\":\"POJEMNIK NA W\u0118DLINY HERMETYCZNY PLASTIKOWY 2,6L - BOBIMARKET.pl - Remontuj i urz\u0105dzaj z nami\",\"isPartOf\":{\"@id\":\"https:\/\/bobimarket.pl\/#website\"},\"datePublished\":\"2023-08-29T15:50:47+00:00\",\"dateModified\":\"2025-12-08T12:15:50+00:00\",\"breadcrumb\":{\"@id\":\"https:\/\/bobimarket.pl\/index.php\/produkt\/pojemnik-na-wedliny-hermetyczny-plastikowy-26l\/#breadcrumb\"},\"inLanguage\":\"pl-PL\",\"potentialAction\":[{\"@type\":\"ReadAction\",\"target\":[\"https:\/\/bobimarket.pl\/index.php\/produkt\/pojemnik-na-wedliny-hermetyczny-plastikowy-26l\/\"]}]},{\"@type\":\"BreadcrumbList\",\"@id\":\"https:\/\/bobimarket.pl\/index.php\/produkt\/pojemnik-na-wedliny-hermetyczny-plastikowy-26l\/#breadcrumb\",\"itemListElement\":[{\"@type\":\"ListItem\",\"position\":1,\"name\":\"Strona g\u0142\u00f3wna\",\"item\":\"https:\/\/bobimarket.pl\/\"},{\"@type\":\"ListItem\",\"position\":2,\"name\":\"Sklep\",\"item\":\"https:\/\/bobimarket.pl\/index.php\/shop\/\"},{\"@type\":\"ListItem\",\"position\":3,\"name\":\"POJEMNIK NA W\u0118DLINY HERMETYCZNY PLASTIKOWY 2,6L\"}]},{\"@type\":\"WebSite\",\"@id\":\"https:\/\/bobimarket.pl\/#website\",\"url\":\"https:\/\/bobimarket.pl\/\",\"name\":\"BOBIMARKET.pl - Remontuj i urz\u0105dzaj z nami\",\"description\":\"Remontuj i urz\u0105dzaj z nami\",\"publisher\":{\"@id\":\"https:\/\/bobimarket.pl\/#organization\"},\"potentialAction\":[{\"@type\":\"SearchAction\",\"target\":{\"@type\":\"EntryPoint\",\"urlTemplate\":\"https:\/\/bobimarket.pl\/?s={search_term_string}\"},\"query-input\":\"required name=search_term_string\"}],\"inLanguage\":\"pl-PL\"},{\"@type\":\"Organization\",\"@id\":\"https:\/\/bobimarket.pl\/#organization\",\"name\":\"BOBIMARKET.pl\",\"url\":\"https:\/\/bobimarket.pl\/\",\"logo\":{\"@type\":\"ImageObject\",\"inLanguage\":\"pl-PL\",\"@id\":\"https:\/\/bobimarket.pl\/#\/schema\/logo\/image\/\",\"url\":\"https:\/\/bobimarket.pl\/wp-content\/uploads\/2021\/11\/slogan.png\",\"contentUrl\":\"https:\/\/bobimarket.pl\/wp-content\/uploads\/2021\/11\/slogan.png\",\"width\":2000,\"height\":384,\"caption\":\"BOBIMARKET.pl\"},\"image\":{\"@id\":\"https:\/\/bobimarket.pl\/#\/schema\/logo\/image\/\"}}]}<\/script>\n<!-- \/ Yoast SEO plugin. -->","yoast_head_json":{"title":"POJEMNIK NA W\u0118DLINY HERMETYCZNY PLASTIKOWY 2,6L - BOBIMARKET.pl - Remontuj i urz\u0105dzaj z nami","robots":{"index":"index","follow":"follow","max-snippet":"max-snippet:-1","max-image-preview":"max-image-preview:large","max-video-preview":"max-video-preview:-1"},"canonical":"https:\/\/bobimarket.pl\/index.php\/produkt\/pojemnik-na-wedliny-hermetyczny-plastikowy-26l\/","og_locale":"pl_PL","og_type":"article","og_title":"POJEMNIK NA W\u0118DLINY HERMETYCZNY PLASTIKOWY 2,6L - BOBIMARKET.pl - Remontuj i urz\u0105dzaj z nami","og_description":"POJEMNIK NA W\u0118DLINY HERMETYCZNY PLASTIKOWY 2,6L Dane techniczne: Pojemno\u015b\u0107: 2,6L Wymiary: +\/- 18,5 x 26,1 x 8,4 cm Kolor uszczelki: niebieski Materia\u0142: tworzywo Nie zawiera Bisfenolu (BPA FREE)!!! Pojemnik hermetyczny z ociekaczem! Uwaga! Aktualnie na stanie posiadamy pojemniki z niebieskim kolorem uszczelki. Dobra organizacja to podstawa! Zam\u00f3w pojemnik do przechowywania \u017cywno\u015bci i ciesz si\u0119 porz\u0105dkiem!     Czytaj wi\u0119cej \"POJEMNIK NA W\u0118DLINY HERMETYCZNY PLASTIKOWY 2,6L\"","og_url":"https:\/\/bobimarket.pl\/index.php\/produkt\/pojemnik-na-wedliny-hermetyczny-plastikowy-26l\/","og_site_name":"BOBIMARKET.pl - Remontuj i urz\u0105dzaj z nami","article_modified_time":"2025-12-08T12:15:50+00:00","og_image":[{"url":"https:\/\/upload.cdn.baselinker.com\/products\/14476\/70f39efdefaa25e9e0769f04ba0df942.jpg"}],"twitter_card":"summary_large_image","twitter_misc":{"Szacowany czas czytania":"3 minuty"},"schema":{"@context":"https:\/\/schema.org","@graph":[{"@type":"WebPage","@id":"https:\/\/bobimarket.pl\/index.php\/produkt\/pojemnik-na-wedliny-hermetyczny-plastikowy-26l\/","url":"https:\/\/bobimarket.pl\/index.php\/produkt\/pojemnik-na-wedliny-hermetyczny-plastikowy-26l\/","name":"POJEMNIK NA W\u0118DLINY HERMETYCZNY PLASTIKOWY 2,6L - BOBIMARKET.pl - Remontuj i urz\u0105dzaj z nami","isPartOf":{"@id":"https:\/\/bobimarket.pl\/#website"},"datePublished":"2023-08-29T15:50:47+00:00","dateModified":"2025-12-08T12:15:50+00:00","breadcrumb":{"@id":"https:\/\/bobimarket.pl\/index.php\/produkt\/pojemnik-na-wedliny-hermetyczny-plastikowy-26l\/#breadcrumb"},"inLanguage":"pl-PL","potentialAction":[{"@type":"ReadAction","target":["https:\/\/bobimarket.pl\/index.php\/produkt\/pojemnik-na-wedliny-hermetyczny-plastikowy-26l\/"]}]},{"@type":"BreadcrumbList","@id":"https:\/\/bobimarket.pl\/index.php\/produkt\/pojemnik-na-wedliny-hermetyczny-plastikowy-26l\/#breadcrumb","itemListElement":[{"@type":"ListItem","position":1,"name":"Strona g\u0142\u00f3wna","item":"https:\/\/bobimarket.pl\/"},{"@type":"ListItem","position":2,"name":"Sklep","item":"https:\/\/bobimarket.pl\/index.php\/shop\/"},{"@type":"ListItem","position":3,"name":"POJEMNIK NA W\u0118DLINY HERMETYCZNY PLASTIKOWY 2,6L"}]},{"@type":"WebSite","@id":"https:\/\/bobimarket.pl\/#website","url":"https:\/\/bobimarket.pl\/","name":"BOBIMARKET.pl - Remontuj i urz\u0105dzaj z nami","description":"Remontuj i urz\u0105dzaj z nami","publisher":{"@id":"https:\/\/bobimarket.pl\/#organization"},"potentialAction":[{"@type":"SearchAction","target":{"@type":"EntryPoint","urlTemplate":"https:\/\/bobimarket.pl\/?s={search_term_string}"},"query-input":"required name=search_term_string"}],"inLanguage":"pl-PL"},{"@type":"Organization","@id":"https:\/\/bobimarket.pl\/#organization","name":"BOBIMARKET.pl","url":"https:\/\/bobimarket.pl\/","logo":{"@type":"ImageObject","inLanguage":"pl-PL","@id":"https:\/\/bobimarket.pl\/#\/schema\/logo\/image\/","url":"https:\/\/bobimarket.pl\/wp-content\/uploads\/2021\/11\/slogan.png","contentUrl":"https:\/\/bobimarket.pl\/wp-content\/uploads\/2021\/11\/slogan.png","width":2000,"height":384,"caption":"BOBIMARKET.pl"},"image":{"@id":"https:\/\/bobimarket.pl\/#\/schema\/logo\/image\/"}}]}},"_links":{"self":[{"href":"https:\/\/bobimarket.pl\/index.php\/wp-json\/wp\/v2\/product\/80760"}],"collection":[{"href":"https:\/\/bobimarket.pl\/index.php\/wp-json\/wp\/v2\/product"}],"about":[{"href":"https:\/\/bobimarket.pl\/index.php\/wp-json\/wp\/v2\/types\/product"}],"wp:featuredmedia":[{"embeddable":true,"href":"https:\/\/bobimarket.pl\/index.php\/wp-json\/wp\/v2\/media\/80751"}],"wp:attachment":[{"href":"https:\/\/bobimarket.pl\/index.php\/wp-json\/wp\/v2\/media?parent=80760"}],"wp:term":[{"taxonomy":"product_cat","embeddable":true,"href":"https:\/\/bobimarket.pl\/index.php\/wp-json\/wp\/v2\/product_cat?post=80760"},{"taxonomy":"product_tag","embeddable":true,"href":"https:\/\/bobimarket.pl\/index.php\/wp-json\/wp\/v2\/product_tag?post=80760"}],"curies":[{"name":"wp","href":"https:\/\/api.w.org\/{rel}","templated":true}]}}