{"id":80784,"date":"2023-08-29T15:51:54","date_gmt":"2023-08-29T15:51:54","guid":{"rendered":"https:\/\/bobimarket.pl\/index.php\/produkt\/pojemnik-na-zywnosc-dzielony-lunchbox-075l\/"},"modified":"2025-02-27T13:34:00","modified_gmt":"2025-02-27T13:34:00","slug":"pojemnik-na-zywnosc-dzielony-lunchbox-075l","status":"publish","type":"product","link":"https:\/\/bobimarket.pl\/index.php\/produkt\/pojemnik-na-zywnosc-dzielony-lunchbox-075l\/","title":{"rendered":"POJEMNIK NA \u017bYWNO\u015a\u0106 DZIELONY LUNCHBOX 0,75L"},"content":{"rendered":"<section class=\"section\">\n<div class=\"item item-6\">\n<section class=\"image-item\">\n            <img decoding=\"async\" src=\"https:\/\/upload.cdn.baselinker.com\/products\/14476\/c2a92e6a719f93614a5e189da3e70100.jpg\" \/><br \/>\n        <\/section>\n<\/p><\/div>\n<div class=\"item item-6\">\n<section class=\"text-item\">\n<h2>POJEMNIK NA \u017bYWNO\u015a\u0106 DZIELONY LUNCHBOX 0,75L JAKO\u015a\u0106<\/h2>\n<p><b>Dane techniczne:<\/b><\/p>\n<ul>\n<li>Pojemno\u015b\u0107:<b> 0,75L<\/b><\/li>\n<li>Wysoko\u015b\u0107: <b>5,3 cm<\/b><\/li>\n<li>D\u0142ugo\u015b\u0107: <b>18,5 cm<\/b><\/li>\n<li>Szeroko\u015b\u0107: <b>13,5 cm<\/b><\/li>\n<li>Materia\u0142: Tworzywo<\/li>\n<li>Nie zawiera Bisfenolu (<b>BPA FREE<\/b>)!!!<\/li>\n<li>Wysoka Jako\u015b\u0107!!!<\/li>\n<\/ul>\n<h2>UWAGA!<\/h2>\n<p>Pojemnik wyst\u0119puje w 5 wersjach kolorystycznych. Po dokonaniu zakupu prosimy o informacj\u0119 odno\u015bnie wybranego koloru. W przypadku braku informacji wz\u00f3r zostanie wybrany losowo.<\/p>\n<ul>\n<li>Pudrowy r\u00f3\u017cowy<\/li>\n<li>Fioletowy<\/li>\n<li>Bia\u0142y<\/li>\n<li>Morski<\/li>\n<li>Grafitowy<\/li>\n<li>Szary<\/li>\n<\/ul>\n<\/section><\/div>\n<\/section>\n<section class=\"section\">\n<div class=\"item item-12\">\n<section class=\"text-item\">\n<h2>Dobra organizacja to podstawa! Zam\u00f3w pojemnik do przechowywania \u017cywno\u015bci i ciesz si\u0119 porz\u0105dkiem!<\/h2>\n<p>Bardzo praktyczny pojemniki o wszechstronnym zastosowaniu. Jego ogromn\u0105 zalet\u0105 s\u0105<b> dwie przegrody,<\/b> kt\u00f3re pozwalaj\u0105 na przechowywanie zbilansowanego i r\u00f3\u017cnorodnego posi\u0142ku. Pojemnik doskonale sprawdzi si\u0119 zar\u00f3wno u dzieci jak i doros\u0142ych.<\/p>\n<p>\u2705 <b>Nie obawiaj si\u0119, \u017ce pojemnik b\u0119dzie sta\u0142 bezu\u017cytecznie.<\/b> \u015awietnie nadaje si\u0119 do artyku\u0142\u00f3w sypkich, ale nie tylko.<\/p>\n<ul>\n<li>Pojemnik z przegrodami sprawdzi si\u0119 do <b>przechowywania r\u00f3\u017cnego rodzaju przek\u0105sek<\/b>. Mo\u017cna do niego spakowa\u0107 pe\u0142nowarto\u015bciowe drugie \u015bniadanie dla dziecka do szko\u0142y. \u015awietnie sprawdzi si\u0119 r\u00f3wnie\u017c w podr\u00f3\u017cy.<\/li>\n<li>Mo\u017cna go wykorzysta\u0107 <b>do magazynowania drobiazg\u00f3w,<\/b> przegr\u00f3dki umo\u017cliwi\u0105 segregacj\u0119 znajduj\u0105cych si\u0119 w \u015brodku przedmiot\u00f3w.<\/li>\n<\/ul>\n<\/section><\/div>\n<\/section>\n<section class=\"section\">\n<div class=\"item item-12\">\n<section class=\"image-item\">\n            <img decoding=\"async\" src=\"https:\/\/upload.cdn.baselinker.com\/products\/14476\/29513c57b9e661a3779c5f23ec33fd28.jpg\" \/><br \/>\n        <\/section>\n<\/p><\/div>\n<\/section>\n<section class=\"section\">\n<div class=\"item item-12\">\n<section class=\"text-item\">\n<p>\u2705 Pude\u0142ko posiada <b>2 wydzielony przegrody<\/b>, kt\u00f3re pozwalaj\u0105 na przechowywanie zbilansowanego i r\u00f3\u017cnorodnego posi\u0142ku. Pojemnik doskonale sprawdzi si\u0119 zar\u00f3wno u dzieci jak i doros\u0142ych. <b>Wygodne i szczelne zapi\u0119cie<\/b>\u00a0na pokrywie gwarantuje komfortowe u\u017cytkowanie pojemnika!<\/p>\n<p><b>Mo\u017cna do ze sob\u0105 zabra\u0107 do:<\/b><\/p>\n<ul>\n<li>szko\u0142y<\/li>\n<li>pracy<\/li>\n<li>na uczelni\u0119<\/li>\n<li>na wycieczk\u0119<\/li>\n<\/ul>\n<\/section><\/div>\n<\/section>\n<section class=\"section\">\n<div class=\"item item-12\">\n<section class=\"image-item\">\n            <img decoding=\"async\" src=\"https:\/\/upload.cdn.baselinker.com\/products\/14476\/fbd7022ccac318ed111e1da2fbd42cc3.jpg\" \/><br \/>\n        <\/section>\n<\/p><\/div>\n<\/section>\n<section class=\"section\">\n<div class=\"item item-12\">\n<section class=\"text-item\">\n<h2>\u2705\u00a0 W pojemniku mo\u017cesz przechowywa\u0107:<\/h2>\n<ul>\n<li>cukierki, ciastka i inne s\u0142odko\u015bci<\/li>\n<li>bakalie, rodzynki\u00a0 oraz kandyzowane owoce\u00a0<\/li>\n<li>orzeszki, krakersy lub inne s\u0142one przek\u0105ski<\/li>\n<li>pokrojone na mniejsze kawa\u0142ki warzywa i owoce<\/li>\n<li>r\u00f3\u017cnego rodzaju pasty do smarowania chleba<\/li>\n<li>drobne przedmioty np. spinki do w\u0142os\u00f3w, pier\u015bcionki itp.<\/li>\n<\/ul>\n<\/section><\/div>\n<\/section>\n<section class=\"section\">\n<div class=\"item item-12\">\n<section class=\"image-item\">\n            <img decoding=\"async\" src=\"https:\/\/upload.cdn.baselinker.com\/products\/14476\/d65877eadd69980e7e6e7491bec5d8e3.jpg\" \/><br \/>\n        <\/section>\n<\/p><\/div>\n<\/section>\n<section class=\"section\">\n<div class=\"item item-12\">\n<section class=\"text-item\">\n<p><b>\u2705 Mo\u017cesz podgrza\u0107 w nim jedzenie<\/b><\/p>\n<p>Pojemnik jest przystosowany do u\u017cywania w kuchence mikrofalowej. Je\u017celi zajdzie taka potrzeba mo\u017cesz podgrza\u0107 znajduj\u0105ce si\u0119 w nim produkty.<\/p>\n<p><b>\u2705 Mo\u017cesz umy\u0107 go w zmywarce <\/b><\/p>\n<p>Pojemnik jest \u0142atwy do utrzymania w czysto\u015bci. Mo\u017cna go my\u0107 w zmywarce i zaoszcz\u0119dzi\u0107 cenny czas.<\/p>\n<p><b>\u2705 Nadaje si\u0119 do przechowywania w zamra\u017calce<\/b><\/p>\n<p>Hermetyczny pojemnik sprawdzi si\u0119 r\u00f3wnie\u017c do przechowywania \u017cywo\u015bci w zamra\u017calce, aby jeszcze d\u0142u\u017cej zachowa\u0142y swoj\u0105 \u015bwie\u017co\u015b\u0107.<\/p>\n<\/section><\/div>\n<\/section>\n<section class=\"section\">\n<div class=\"item item-12\">\n<section class=\"image-item\">\n            <img decoding=\"async\" src=\"https:\/\/upload.cdn.baselinker.com\/products\/14476\/29513c57b9e661a3779c5f23ec33fd28.jpg\" \/><br \/>\n        <\/section>\n<\/p><\/div>\n<\/section>\n","protected":false},"excerpt":{"rendered":"<p>POJEMNIK NA \u017bYWNO\u015a\u0106 DZIELONY LUNCHBOX 0,75L JAKO\u015a\u0106 Dane techniczne: Pojemno\u015b\u0107: 0,75L Wysoko\u015b\u0107: 5,3 cm D\u0142ugo\u015b\u0107: 18,5 cm Szeroko\u015b\u0107: 13,5 cm Materia\u0142: Tworzywo Nie zawiera Bisfenolu (BPA FREE)!!! Wysoka Jako\u015b\u0107!!! UWAGA! Pojemnik wyst\u0119puje w 5 wersjach kolorystycznych. Po dokonaniu zakupu prosimy o informacj\u0119 odno\u015bnie wybranego koloru. W przypadku braku informacji wz\u00f3r zostanie wybrany losowo. Pudrowy r\u00f3\u017cowy<br \/><a class=\"more-link\" href=\"https:\/\/bobimarket.pl\/index.php\/produkt\/pojemnik-na-zywnosc-dzielony-lunchbox-075l\/\"><br \/>\n        Czytaj wi\u0119cej<span class=\"screen-reader-text\"> &#8222;POJEMNIK NA \u017bYWNO\u015a\u0106 DZIELONY LUNCHBOX 0,75L&#8221;<\/span><\/a><\/p>\n","protected":false},"featured_media":80776,"template":"","meta":[],"product_cat":[8070],"product_tag":[],"yoast_head":"<!-- This site is optimized with the Yoast SEO plugin v21.0 - https:\/\/yoast.com\/wordpress\/plugins\/seo\/ -->\n<title>POJEMNIK NA \u017bYWNO\u015a\u0106 DZIELONY LUNCHBOX 0,75L - BOBIMARKET.pl - Remontuj i urz\u0105dzaj z nami<\/title>\n<meta name=\"robots\" content=\"index, follow, max-snippet:-1, max-image-preview:large, max-video-preview:-1\" \/>\n<link rel=\"canonical\" href=\"https:\/\/bobimarket.pl\/index.php\/produkt\/pojemnik-na-zywnosc-dzielony-lunchbox-075l\/\" \/>\n<meta property=\"og:locale\" content=\"pl_PL\" \/>\n<meta property=\"og:type\" content=\"article\" \/>\n<meta property=\"og:title\" content=\"POJEMNIK NA \u017bYWNO\u015a\u0106 DZIELONY LUNCHBOX 0,75L - BOBIMARKET.pl - Remontuj i urz\u0105dzaj z nami\" \/>\n<meta property=\"og:description\" content=\"POJEMNIK NA \u017bYWNO\u015a\u0106 DZIELONY LUNCHBOX 0,75L JAKO\u015a\u0106 Dane techniczne: Pojemno\u015b\u0107: 0,75L Wysoko\u015b\u0107: 5,3 cm D\u0142ugo\u015b\u0107: 18,5 cm Szeroko\u015b\u0107: 13,5 cm Materia\u0142: Tworzywo Nie zawiera Bisfenolu (BPA FREE)!!! Wysoka Jako\u015b\u0107!!! UWAGA! Pojemnik wyst\u0119puje w 5 wersjach kolorystycznych. Po dokonaniu zakupu prosimy o informacj\u0119 odno\u015bnie wybranego koloru. W przypadku braku informacji wz\u00f3r zostanie wybrany losowo. Pudrowy r\u00f3\u017cowy     Czytaj wi\u0119cej &quot;POJEMNIK NA \u017bYWNO\u015a\u0106 DZIELONY LUNCHBOX 0,75L&quot;\" \/>\n<meta property=\"og:url\" content=\"https:\/\/bobimarket.pl\/index.php\/produkt\/pojemnik-na-zywnosc-dzielony-lunchbox-075l\/\" \/>\n<meta property=\"og:site_name\" content=\"BOBIMARKET.pl - Remontuj i urz\u0105dzaj z nami\" \/>\n<meta property=\"article:modified_time\" content=\"2025-02-27T13:34:00+00:00\" \/>\n<meta property=\"og:image\" content=\"https:\/\/upload.cdn.baselinker.com\/products\/14476\/c2a92e6a719f93614a5e189da3e70100.jpg\" \/>\n<meta name=\"twitter:card\" content=\"summary_large_image\" \/>\n<meta name=\"twitter:label1\" content=\"Szacowany czas czytania\" \/>\n\t<meta name=\"twitter:data1\" content=\"2 minuty\" \/>\n<script type=\"application\/ld+json\" class=\"yoast-schema-graph\">{\"@context\":\"https:\/\/schema.org\",\"@graph\":[{\"@type\":\"WebPage\",\"@id\":\"https:\/\/bobimarket.pl\/index.php\/produkt\/pojemnik-na-zywnosc-dzielony-lunchbox-075l\/\",\"url\":\"https:\/\/bobimarket.pl\/index.php\/produkt\/pojemnik-na-zywnosc-dzielony-lunchbox-075l\/\",\"name\":\"POJEMNIK NA \u017bYWNO\u015a\u0106 DZIELONY LUNCHBOX 0,75L - BOBIMARKET.pl - Remontuj i urz\u0105dzaj z nami\",\"isPartOf\":{\"@id\":\"https:\/\/bobimarket.pl\/#website\"},\"datePublished\":\"2023-08-29T15:51:54+00:00\",\"dateModified\":\"2025-02-27T13:34:00+00:00\",\"breadcrumb\":{\"@id\":\"https:\/\/bobimarket.pl\/index.php\/produkt\/pojemnik-na-zywnosc-dzielony-lunchbox-075l\/#breadcrumb\"},\"inLanguage\":\"pl-PL\",\"potentialAction\":[{\"@type\":\"ReadAction\",\"target\":[\"https:\/\/bobimarket.pl\/index.php\/produkt\/pojemnik-na-zywnosc-dzielony-lunchbox-075l\/\"]}]},{\"@type\":\"BreadcrumbList\",\"@id\":\"https:\/\/bobimarket.pl\/index.php\/produkt\/pojemnik-na-zywnosc-dzielony-lunchbox-075l\/#breadcrumb\",\"itemListElement\":[{\"@type\":\"ListItem\",\"position\":1,\"name\":\"Strona g\u0142\u00f3wna\",\"item\":\"https:\/\/bobimarket.pl\/\"},{\"@type\":\"ListItem\",\"position\":2,\"name\":\"Sklep\",\"item\":\"https:\/\/bobimarket.pl\/index.php\/shop\/\"},{\"@type\":\"ListItem\",\"position\":3,\"name\":\"POJEMNIK NA \u017bYWNO\u015a\u0106 DZIELONY LUNCHBOX 0,75L\"}]},{\"@type\":\"WebSite\",\"@id\":\"https:\/\/bobimarket.pl\/#website\",\"url\":\"https:\/\/bobimarket.pl\/\",\"name\":\"BOBIMARKET.pl - Remontuj i urz\u0105dzaj z nami\",\"description\":\"Remontuj i urz\u0105dzaj z nami\",\"publisher\":{\"@id\":\"https:\/\/bobimarket.pl\/#organization\"},\"potentialAction\":[{\"@type\":\"SearchAction\",\"target\":{\"@type\":\"EntryPoint\",\"urlTemplate\":\"https:\/\/bobimarket.pl\/?s={search_term_string}\"},\"query-input\":\"required name=search_term_string\"}],\"inLanguage\":\"pl-PL\"},{\"@type\":\"Organization\",\"@id\":\"https:\/\/bobimarket.pl\/#organization\",\"name\":\"BOBIMARKET.pl\",\"url\":\"https:\/\/bobimarket.pl\/\",\"logo\":{\"@type\":\"ImageObject\",\"inLanguage\":\"pl-PL\",\"@id\":\"https:\/\/bobimarket.pl\/#\/schema\/logo\/image\/\",\"url\":\"https:\/\/bobimarket.pl\/wp-content\/uploads\/2021\/11\/slogan.png\",\"contentUrl\":\"https:\/\/bobimarket.pl\/wp-content\/uploads\/2021\/11\/slogan.png\",\"width\":2000,\"height\":384,\"caption\":\"BOBIMARKET.pl\"},\"image\":{\"@id\":\"https:\/\/bobimarket.pl\/#\/schema\/logo\/image\/\"}}]}<\/script>\n<!-- \/ Yoast SEO plugin. -->","yoast_head_json":{"title":"POJEMNIK NA \u017bYWNO\u015a\u0106 DZIELONY LUNCHBOX 0,75L - BOBIMARKET.pl - Remontuj i urz\u0105dzaj z nami","robots":{"index":"index","follow":"follow","max-snippet":"max-snippet:-1","max-image-preview":"max-image-preview:large","max-video-preview":"max-video-preview:-1"},"canonical":"https:\/\/bobimarket.pl\/index.php\/produkt\/pojemnik-na-zywnosc-dzielony-lunchbox-075l\/","og_locale":"pl_PL","og_type":"article","og_title":"POJEMNIK NA \u017bYWNO\u015a\u0106 DZIELONY LUNCHBOX 0,75L - BOBIMARKET.pl - Remontuj i urz\u0105dzaj z nami","og_description":"POJEMNIK NA \u017bYWNO\u015a\u0106 DZIELONY LUNCHBOX 0,75L JAKO\u015a\u0106 Dane techniczne: Pojemno\u015b\u0107: 0,75L Wysoko\u015b\u0107: 5,3 cm D\u0142ugo\u015b\u0107: 18,5 cm Szeroko\u015b\u0107: 13,5 cm Materia\u0142: Tworzywo Nie zawiera Bisfenolu (BPA FREE)!!! Wysoka Jako\u015b\u0107!!! UWAGA! Pojemnik wyst\u0119puje w 5 wersjach kolorystycznych. Po dokonaniu zakupu prosimy o informacj\u0119 odno\u015bnie wybranego koloru. W przypadku braku informacji wz\u00f3r zostanie wybrany losowo. Pudrowy r\u00f3\u017cowy     Czytaj wi\u0119cej \"POJEMNIK NA \u017bYWNO\u015a\u0106 DZIELONY LUNCHBOX 0,75L\"","og_url":"https:\/\/bobimarket.pl\/index.php\/produkt\/pojemnik-na-zywnosc-dzielony-lunchbox-075l\/","og_site_name":"BOBIMARKET.pl - Remontuj i urz\u0105dzaj z nami","article_modified_time":"2025-02-27T13:34:00+00:00","og_image":[{"url":"https:\/\/upload.cdn.baselinker.com\/products\/14476\/c2a92e6a719f93614a5e189da3e70100.jpg"}],"twitter_card":"summary_large_image","twitter_misc":{"Szacowany czas czytania":"2 minuty"},"schema":{"@context":"https:\/\/schema.org","@graph":[{"@type":"WebPage","@id":"https:\/\/bobimarket.pl\/index.php\/produkt\/pojemnik-na-zywnosc-dzielony-lunchbox-075l\/","url":"https:\/\/bobimarket.pl\/index.php\/produkt\/pojemnik-na-zywnosc-dzielony-lunchbox-075l\/","name":"POJEMNIK NA \u017bYWNO\u015a\u0106 DZIELONY LUNCHBOX 0,75L - BOBIMARKET.pl - Remontuj i urz\u0105dzaj z nami","isPartOf":{"@id":"https:\/\/bobimarket.pl\/#website"},"datePublished":"2023-08-29T15:51:54+00:00","dateModified":"2025-02-27T13:34:00+00:00","breadcrumb":{"@id":"https:\/\/bobimarket.pl\/index.php\/produkt\/pojemnik-na-zywnosc-dzielony-lunchbox-075l\/#breadcrumb"},"inLanguage":"pl-PL","potentialAction":[{"@type":"ReadAction","target":["https:\/\/bobimarket.pl\/index.php\/produkt\/pojemnik-na-zywnosc-dzielony-lunchbox-075l\/"]}]},{"@type":"BreadcrumbList","@id":"https:\/\/bobimarket.pl\/index.php\/produkt\/pojemnik-na-zywnosc-dzielony-lunchbox-075l\/#breadcrumb","itemListElement":[{"@type":"ListItem","position":1,"name":"Strona g\u0142\u00f3wna","item":"https:\/\/bobimarket.pl\/"},{"@type":"ListItem","position":2,"name":"Sklep","item":"https:\/\/bobimarket.pl\/index.php\/shop\/"},{"@type":"ListItem","position":3,"name":"POJEMNIK NA \u017bYWNO\u015a\u0106 DZIELONY LUNCHBOX 0,75L"}]},{"@type":"WebSite","@id":"https:\/\/bobimarket.pl\/#website","url":"https:\/\/bobimarket.pl\/","name":"BOBIMARKET.pl - Remontuj i urz\u0105dzaj z nami","description":"Remontuj i urz\u0105dzaj z nami","publisher":{"@id":"https:\/\/bobimarket.pl\/#organization"},"potentialAction":[{"@type":"SearchAction","target":{"@type":"EntryPoint","urlTemplate":"https:\/\/bobimarket.pl\/?s={search_term_string}"},"query-input":"required name=search_term_string"}],"inLanguage":"pl-PL"},{"@type":"Organization","@id":"https:\/\/bobimarket.pl\/#organization","name":"BOBIMARKET.pl","url":"https:\/\/bobimarket.pl\/","logo":{"@type":"ImageObject","inLanguage":"pl-PL","@id":"https:\/\/bobimarket.pl\/#\/schema\/logo\/image\/","url":"https:\/\/bobimarket.pl\/wp-content\/uploads\/2021\/11\/slogan.png","contentUrl":"https:\/\/bobimarket.pl\/wp-content\/uploads\/2021\/11\/slogan.png","width":2000,"height":384,"caption":"BOBIMARKET.pl"},"image":{"@id":"https:\/\/bobimarket.pl\/#\/schema\/logo\/image\/"}}]}},"_links":{"self":[{"href":"https:\/\/bobimarket.pl\/index.php\/wp-json\/wp\/v2\/product\/80784"}],"collection":[{"href":"https:\/\/bobimarket.pl\/index.php\/wp-json\/wp\/v2\/product"}],"about":[{"href":"https:\/\/bobimarket.pl\/index.php\/wp-json\/wp\/v2\/types\/product"}],"wp:featuredmedia":[{"embeddable":true,"href":"https:\/\/bobimarket.pl\/index.php\/wp-json\/wp\/v2\/media\/80776"}],"wp:attachment":[{"href":"https:\/\/bobimarket.pl\/index.php\/wp-json\/wp\/v2\/media?parent=80784"}],"wp:term":[{"taxonomy":"product_cat","embeddable":true,"href":"https:\/\/bobimarket.pl\/index.php\/wp-json\/wp\/v2\/product_cat?post=80784"},{"taxonomy":"product_tag","embeddable":true,"href":"https:\/\/bobimarket.pl\/index.php\/wp-json\/wp\/v2\/product_tag?post=80784"}],"curies":[{"name":"wp","href":"https:\/\/api.w.org\/{rel}","templated":true}]}}