{"id":80861,"date":"2023-08-29T15:55:56","date_gmt":"2023-08-29T15:55:56","guid":{"rendered":"https:\/\/bobimarket.pl\/index.php\/produkt\/pojemnik-pudelko-na-jajka-do-lodowki-na-12szt\/"},"modified":"2025-02-27T13:34:38","modified_gmt":"2025-02-27T13:34:38","slug":"pojemnik-pudelko-na-jajka-do-lodowki-na-12szt","status":"publish","type":"product","link":"https:\/\/bobimarket.pl\/index.php\/produkt\/pojemnik-pudelko-na-jajka-do-lodowki-na-12szt\/","title":{"rendered":"POJEMNIK PUDE\u0141KO NA JAJKA DO LOD\u00d3WKI na 12szt"},"content":{"rendered":"<section class=\"section\">\n<div class=\"item item-6\">\n<section class=\"image-item\"><img decoding=\"async\" src=\"https:\/\/upload.cdn.baselinker.com\/products\/14476\/688fa6a5b06f819387ce7db480a282e8.jpg\" \/><\/section>\n<\/div>\n<div class=\"item item-6\">\n<section class=\"text-item\">\n<h2>POJEMNIK PUDE\u0141KO NA JAJKA DO LOD\u00d3WKI na 12szt<\/h2>\n<p><b>Dane techniczne:<\/b><\/p>\n<ul>\n<li>Pojemno\u015b\u0107: <b>3,5L<\/b><\/li>\n<li>Pojemnik pomie\u015bci<b> 12 jaj.<\/b><\/li>\n<li>Wymiary: <b>36,5 x 14 x 9 cm<\/b><\/li>\n<li>Materia\u0142: Tworzywo<\/li>\n<li>Nie zawiera Bisfenolu (<b>BPA FREE<\/b>)!!!<\/li>\n<li>Wysoka Jako\u015b\u0107!!<\/li>\n<\/ul>\n<p><b>Uwaga!<\/b> W zale\u017cno\u015bci od dostawy pojemniki moja r\u00f3\u017cne kolory klamerek. Aktualnie na stanie dost\u0119pne pojemniki z bia\u0142ymi klamrami.<\/p>\n<\/section>\n<\/div>\n<\/section>\n<section class=\"section\">\n<div class=\"item item-6\">\n<section class=\"image-item\"><img decoding=\"async\" src=\"https:\/\/upload.cdn.baselinker.com\/products\/14476\/efcf4c3871410a26636fad4a06695580.jpg\" \/><\/section>\n<\/div>\n<div class=\"item item-6\">\n<section class=\"text-item\">\n<h2>Dobra organizacja to podstawa! Zam\u00f3w pojemnik na jajka i ciesz si\u0119 porz\u0105dkiem!<\/h2>\n<p>Bardzo praktyczny pojemniki o wszechstronnym zastosowaniu. Jego ogromn\u0105 zalet\u0105 jest to, \u017ce jest bardzo funkcjonalny. Pojemnik doskonale sprawdzi si\u0119 w kuchni lub spi\u017carni.<\/p>\n<ul>\n<li>Specjalnie zaprojektowana konstrukcja zapewni <b>bezpieczne oraz higieniczne przechowanie jaj.<\/b><\/li>\n<li>Po <b>wyj\u0119ciu wk\u0142adki<\/b> mo\u017cna go wykorzysta\u0107 do przechowywania \u017cywno\u015bci lub innych drobiazg\u00f3w.<\/li>\n<\/ul>\n<p><b>\u2705 <\/b>Wykonany z wysokiej jako\u015bci tworzywa, co b\u0119dzie owocowa\u0142o d\u0142ugim okresem u\u017cytkowania. Do produkcji u\u017cyto materia\u0142\u00f3w, kt\u00f3re nie zawieraj\u0105 szkodliwych zwi\u0105zk\u00f3w chemicznych <b>( BPA FREE!)<\/b><\/p>\n<\/section>\n<\/div>\n<\/section>\n<section class=\"section\">\n<div class=\"item item-6\">\n<section class=\"image-item\"><img decoding=\"async\" src=\"https:\/\/upload.cdn.baselinker.com\/products\/14476\/5fe40a56decf35331eceba328b7123bd.jpg\" \/><\/section>\n<\/div>\n<div class=\"item item-6\">\n<section class=\"text-item\">\n<h2>\u2705 Jeszcze wi\u0119cej mo\u017cliwo\u015bci:<\/h2>\n<p>Pojemnik jest uniwersalny. Po wyj\u0119ciu wk\u0142adki otrzymujemy pojemnik kt\u00f3ry z powodzeniem mo\u017ce by\u0107 u\u017cywany <b>do przechowywania \u017cywno\u015bci<\/b> (posiada odpowiednie atesty do kontaktu z \u017cywno\u015bci\u0105).<\/p>\n<p><b>Nie obawiaj si\u0119, \u017ce pojemnik b\u0119dzie sta\u0142 bezu\u017cytecznie.<\/b>\u00a0\u015awietnie nadaje si\u0119 do r\u00f3\u017cnego rodzaju artyku\u0142\u00f3w spo\u017cywczych:<\/p>\n<ul>\n<li>ser\u00f3w i w\u0119dlin<\/li>\n<li>kaszy i p\u0142at\u00f3w<\/li>\n<li>warzyw i owoc\u00f3w<\/li>\n<li>do przechowywania sa\u0142atek<\/li>\n<li>r\u00f3\u017cnego rodzaju przek\u0105sek i ciastek<\/li>\n<\/ul>\n<\/section>\n<\/div>\n<\/section>\n<section class=\"section\">\n<div class=\"item item-12\">\n<section class=\"image-item\"><img decoding=\"async\" src=\"https:\/\/upload.cdn.baselinker.com\/products\/14476\/efcf4c3871410a26636fad4a06695580.jpg\" \/><\/section>\n<\/div>\n<\/section>\n","protected":false},"excerpt":{"rendered":"<p>POJEMNIK PUDE\u0141KO NA JAJKA DO LOD\u00d3WKI na 12szt Dane techniczne: Pojemno\u015b\u0107: 3,5L Pojemnik pomie\u015bci 12 jaj. Wymiary: 36,5 x 14 x 9 cm Materia\u0142: Tworzywo Nie zawiera Bisfenolu (BPA FREE)!!! Wysoka Jako\u015b\u0107!! Uwaga! W zale\u017cno\u015bci od dostawy pojemniki moja r\u00f3\u017cne kolory klamerek. Aktualnie na stanie dost\u0119pne pojemniki z bia\u0142ymi klamrami. Dobra organizacja to podstawa! Zam\u00f3w<br \/><a class=\"more-link\" href=\"https:\/\/bobimarket.pl\/index.php\/produkt\/pojemnik-pudelko-na-jajka-do-lodowki-na-12szt\/\"><br \/>\n        Czytaj wi\u0119cej<span class=\"screen-reader-text\"> &#8222;POJEMNIK PUDE\u0141KO NA JAJKA DO LOD\u00d3WKI na 12szt&#8221;<\/span><\/a><\/p>\n","protected":false},"featured_media":80857,"template":"","meta":[],"product_cat":[8070],"product_tag":[],"yoast_head":"<!-- This site is optimized with the Yoast SEO plugin v21.0 - https:\/\/yoast.com\/wordpress\/plugins\/seo\/ -->\n<title>POJEMNIK PUDE\u0141KO NA JAJKA DO LOD\u00d3WKI na 12szt - BOBIMARKET.pl - Remontuj i urz\u0105dzaj z nami<\/title>\n<meta name=\"robots\" content=\"index, follow, max-snippet:-1, max-image-preview:large, max-video-preview:-1\" \/>\n<link rel=\"canonical\" href=\"https:\/\/bobimarket.pl\/index.php\/produkt\/pojemnik-pudelko-na-jajka-do-lodowki-na-12szt\/\" \/>\n<meta property=\"og:locale\" content=\"pl_PL\" \/>\n<meta property=\"og:type\" content=\"article\" \/>\n<meta property=\"og:title\" content=\"POJEMNIK PUDE\u0141KO NA JAJKA DO LOD\u00d3WKI na 12szt - BOBIMARKET.pl - Remontuj i urz\u0105dzaj z nami\" \/>\n<meta property=\"og:description\" content=\"POJEMNIK PUDE\u0141KO NA JAJKA DO LOD\u00d3WKI na 12szt Dane techniczne: Pojemno\u015b\u0107: 3,5L Pojemnik pomie\u015bci 12 jaj. Wymiary: 36,5 x 14 x 9 cm Materia\u0142: Tworzywo Nie zawiera Bisfenolu (BPA FREE)!!! Wysoka Jako\u015b\u0107!! Uwaga! W zale\u017cno\u015bci od dostawy pojemniki moja r\u00f3\u017cne kolory klamerek. Aktualnie na stanie dost\u0119pne pojemniki z bia\u0142ymi klamrami. Dobra organizacja to podstawa! Zam\u00f3w     Czytaj wi\u0119cej &quot;POJEMNIK PUDE\u0141KO NA JAJKA DO LOD\u00d3WKI na 12szt&quot;\" \/>\n<meta property=\"og:url\" content=\"https:\/\/bobimarket.pl\/index.php\/produkt\/pojemnik-pudelko-na-jajka-do-lodowki-na-12szt\/\" \/>\n<meta property=\"og:site_name\" content=\"BOBIMARKET.pl - Remontuj i urz\u0105dzaj z nami\" \/>\n<meta property=\"article:modified_time\" content=\"2025-02-27T13:34:38+00:00\" \/>\n<meta property=\"og:image\" content=\"https:\/\/bobimarket.pl\/wp-content\/uploads\/2023\/08\/efcf4c3871410a26636fad4a06695580.jpg\" \/>\n\t<meta property=\"og:image:width\" content=\"657\" \/>\n\t<meta property=\"og:image:height\" content=\"657\" \/>\n\t<meta property=\"og:image:type\" content=\"image\/jpeg\" \/>\n<meta name=\"twitter:card\" content=\"summary_large_image\" \/>\n<meta name=\"twitter:label1\" content=\"Szacowany czas czytania\" \/>\n\t<meta name=\"twitter:data1\" content=\"2 minuty\" \/>\n<script type=\"application\/ld+json\" class=\"yoast-schema-graph\">{\"@context\":\"https:\/\/schema.org\",\"@graph\":[{\"@type\":\"WebPage\",\"@id\":\"https:\/\/bobimarket.pl\/index.php\/produkt\/pojemnik-pudelko-na-jajka-do-lodowki-na-12szt\/\",\"url\":\"https:\/\/bobimarket.pl\/index.php\/produkt\/pojemnik-pudelko-na-jajka-do-lodowki-na-12szt\/\",\"name\":\"POJEMNIK PUDE\u0141KO NA JAJKA DO LOD\u00d3WKI na 12szt - BOBIMARKET.pl - Remontuj i urz\u0105dzaj z nami\",\"isPartOf\":{\"@id\":\"https:\/\/bobimarket.pl\/#website\"},\"datePublished\":\"2023-08-29T15:55:56+00:00\",\"dateModified\":\"2025-02-27T13:34:38+00:00\",\"breadcrumb\":{\"@id\":\"https:\/\/bobimarket.pl\/index.php\/produkt\/pojemnik-pudelko-na-jajka-do-lodowki-na-12szt\/#breadcrumb\"},\"inLanguage\":\"pl-PL\",\"potentialAction\":[{\"@type\":\"ReadAction\",\"target\":[\"https:\/\/bobimarket.pl\/index.php\/produkt\/pojemnik-pudelko-na-jajka-do-lodowki-na-12szt\/\"]}]},{\"@type\":\"BreadcrumbList\",\"@id\":\"https:\/\/bobimarket.pl\/index.php\/produkt\/pojemnik-pudelko-na-jajka-do-lodowki-na-12szt\/#breadcrumb\",\"itemListElement\":[{\"@type\":\"ListItem\",\"position\":1,\"name\":\"Strona g\u0142\u00f3wna\",\"item\":\"https:\/\/bobimarket.pl\/\"},{\"@type\":\"ListItem\",\"position\":2,\"name\":\"Sklep\",\"item\":\"https:\/\/bobimarket.pl\/index.php\/shop\/\"},{\"@type\":\"ListItem\",\"position\":3,\"name\":\"POJEMNIK PUDE\u0141KO NA JAJKA DO LOD\u00d3WKI na 12szt\"}]},{\"@type\":\"WebSite\",\"@id\":\"https:\/\/bobimarket.pl\/#website\",\"url\":\"https:\/\/bobimarket.pl\/\",\"name\":\"BOBIMARKET.pl - Remontuj i urz\u0105dzaj z nami\",\"description\":\"Remontuj i urz\u0105dzaj z nami\",\"publisher\":{\"@id\":\"https:\/\/bobimarket.pl\/#organization\"},\"potentialAction\":[{\"@type\":\"SearchAction\",\"target\":{\"@type\":\"EntryPoint\",\"urlTemplate\":\"https:\/\/bobimarket.pl\/?s={search_term_string}\"},\"query-input\":\"required name=search_term_string\"}],\"inLanguage\":\"pl-PL\"},{\"@type\":\"Organization\",\"@id\":\"https:\/\/bobimarket.pl\/#organization\",\"name\":\"BOBIMARKET.pl\",\"url\":\"https:\/\/bobimarket.pl\/\",\"logo\":{\"@type\":\"ImageObject\",\"inLanguage\":\"pl-PL\",\"@id\":\"https:\/\/bobimarket.pl\/#\/schema\/logo\/image\/\",\"url\":\"https:\/\/bobimarket.pl\/wp-content\/uploads\/2021\/11\/slogan.png\",\"contentUrl\":\"https:\/\/bobimarket.pl\/wp-content\/uploads\/2021\/11\/slogan.png\",\"width\":2000,\"height\":384,\"caption\":\"BOBIMARKET.pl\"},\"image\":{\"@id\":\"https:\/\/bobimarket.pl\/#\/schema\/logo\/image\/\"}}]}<\/script>\n<!-- \/ Yoast SEO plugin. -->","yoast_head_json":{"title":"POJEMNIK PUDE\u0141KO NA JAJKA DO LOD\u00d3WKI na 12szt - BOBIMARKET.pl - Remontuj i urz\u0105dzaj z nami","robots":{"index":"index","follow":"follow","max-snippet":"max-snippet:-1","max-image-preview":"max-image-preview:large","max-video-preview":"max-video-preview:-1"},"canonical":"https:\/\/bobimarket.pl\/index.php\/produkt\/pojemnik-pudelko-na-jajka-do-lodowki-na-12szt\/","og_locale":"pl_PL","og_type":"article","og_title":"POJEMNIK PUDE\u0141KO NA JAJKA DO LOD\u00d3WKI na 12szt - BOBIMARKET.pl - Remontuj i urz\u0105dzaj z nami","og_description":"POJEMNIK PUDE\u0141KO NA JAJKA DO LOD\u00d3WKI na 12szt Dane techniczne: Pojemno\u015b\u0107: 3,5L Pojemnik pomie\u015bci 12 jaj. Wymiary: 36,5 x 14 x 9 cm Materia\u0142: Tworzywo Nie zawiera Bisfenolu (BPA FREE)!!! Wysoka Jako\u015b\u0107!! Uwaga! W zale\u017cno\u015bci od dostawy pojemniki moja r\u00f3\u017cne kolory klamerek. Aktualnie na stanie dost\u0119pne pojemniki z bia\u0142ymi klamrami. Dobra organizacja to podstawa! Zam\u00f3w     Czytaj wi\u0119cej \"POJEMNIK PUDE\u0141KO NA JAJKA DO LOD\u00d3WKI na 12szt\"","og_url":"https:\/\/bobimarket.pl\/index.php\/produkt\/pojemnik-pudelko-na-jajka-do-lodowki-na-12szt\/","og_site_name":"BOBIMARKET.pl - Remontuj i urz\u0105dzaj z nami","article_modified_time":"2025-02-27T13:34:38+00:00","og_image":[{"width":657,"height":657,"url":"https:\/\/bobimarket.pl\/wp-content\/uploads\/2023\/08\/efcf4c3871410a26636fad4a06695580.jpg","type":"image\/jpeg"}],"twitter_card":"summary_large_image","twitter_misc":{"Szacowany czas czytania":"2 minuty"},"schema":{"@context":"https:\/\/schema.org","@graph":[{"@type":"WebPage","@id":"https:\/\/bobimarket.pl\/index.php\/produkt\/pojemnik-pudelko-na-jajka-do-lodowki-na-12szt\/","url":"https:\/\/bobimarket.pl\/index.php\/produkt\/pojemnik-pudelko-na-jajka-do-lodowki-na-12szt\/","name":"POJEMNIK PUDE\u0141KO NA JAJKA DO LOD\u00d3WKI na 12szt - BOBIMARKET.pl - Remontuj i urz\u0105dzaj z nami","isPartOf":{"@id":"https:\/\/bobimarket.pl\/#website"},"datePublished":"2023-08-29T15:55:56+00:00","dateModified":"2025-02-27T13:34:38+00:00","breadcrumb":{"@id":"https:\/\/bobimarket.pl\/index.php\/produkt\/pojemnik-pudelko-na-jajka-do-lodowki-na-12szt\/#breadcrumb"},"inLanguage":"pl-PL","potentialAction":[{"@type":"ReadAction","target":["https:\/\/bobimarket.pl\/index.php\/produkt\/pojemnik-pudelko-na-jajka-do-lodowki-na-12szt\/"]}]},{"@type":"BreadcrumbList","@id":"https:\/\/bobimarket.pl\/index.php\/produkt\/pojemnik-pudelko-na-jajka-do-lodowki-na-12szt\/#breadcrumb","itemListElement":[{"@type":"ListItem","position":1,"name":"Strona g\u0142\u00f3wna","item":"https:\/\/bobimarket.pl\/"},{"@type":"ListItem","position":2,"name":"Sklep","item":"https:\/\/bobimarket.pl\/index.php\/shop\/"},{"@type":"ListItem","position":3,"name":"POJEMNIK PUDE\u0141KO NA JAJKA DO LOD\u00d3WKI na 12szt"}]},{"@type":"WebSite","@id":"https:\/\/bobimarket.pl\/#website","url":"https:\/\/bobimarket.pl\/","name":"BOBIMARKET.pl - Remontuj i urz\u0105dzaj z nami","description":"Remontuj i urz\u0105dzaj z nami","publisher":{"@id":"https:\/\/bobimarket.pl\/#organization"},"potentialAction":[{"@type":"SearchAction","target":{"@type":"EntryPoint","urlTemplate":"https:\/\/bobimarket.pl\/?s={search_term_string}"},"query-input":"required name=search_term_string"}],"inLanguage":"pl-PL"},{"@type":"Organization","@id":"https:\/\/bobimarket.pl\/#organization","name":"BOBIMARKET.pl","url":"https:\/\/bobimarket.pl\/","logo":{"@type":"ImageObject","inLanguage":"pl-PL","@id":"https:\/\/bobimarket.pl\/#\/schema\/logo\/image\/","url":"https:\/\/bobimarket.pl\/wp-content\/uploads\/2021\/11\/slogan.png","contentUrl":"https:\/\/bobimarket.pl\/wp-content\/uploads\/2021\/11\/slogan.png","width":2000,"height":384,"caption":"BOBIMARKET.pl"},"image":{"@id":"https:\/\/bobimarket.pl\/#\/schema\/logo\/image\/"}}]}},"_links":{"self":[{"href":"https:\/\/bobimarket.pl\/index.php\/wp-json\/wp\/v2\/product\/80861"}],"collection":[{"href":"https:\/\/bobimarket.pl\/index.php\/wp-json\/wp\/v2\/product"}],"about":[{"href":"https:\/\/bobimarket.pl\/index.php\/wp-json\/wp\/v2\/types\/product"}],"wp:featuredmedia":[{"embeddable":true,"href":"https:\/\/bobimarket.pl\/index.php\/wp-json\/wp\/v2\/media\/80857"}],"wp:attachment":[{"href":"https:\/\/bobimarket.pl\/index.php\/wp-json\/wp\/v2\/media?parent=80861"}],"wp:term":[{"taxonomy":"product_cat","embeddable":true,"href":"https:\/\/bobimarket.pl\/index.php\/wp-json\/wp\/v2\/product_cat?post=80861"},{"taxonomy":"product_tag","embeddable":true,"href":"https:\/\/bobimarket.pl\/index.php\/wp-json\/wp\/v2\/product_tag?post=80861"}],"curies":[{"name":"wp","href":"https:\/\/api.w.org\/{rel}","templated":true}]}}