{"id":80899,"date":"2023-08-29T15:58:02","date_gmt":"2023-08-29T15:58:02","guid":{"rendered":"https:\/\/bobimarket.pl\/index.php\/produkt\/cedzak-z-miska-sitko-durszlak-25-cm-zestaw-2-w-1\/"},"modified":"2025-02-27T13:34:54","modified_gmt":"2025-02-27T13:34:54","slug":"cedzak-z-miska-sitko-durszlak-25-cm-zestaw-2-w-1","status":"publish","type":"product","link":"https:\/\/bobimarket.pl\/index.php\/produkt\/cedzak-z-miska-sitko-durszlak-25-cm-zestaw-2-w-1\/","title":{"rendered":"CEDZAK Z MISK\u0104 SITKO DURSZLAK 25 cm ZESTAW 2 w 1"},"content":{"rendered":"<section class=\"section\">\n<div class=\"item item-6\">\n<section class=\"image-item\">\n                <img decoding=\"async\" src=\"https:\/\/upload.cdn.baselinker.com\/products\/14476\/bca8796f403c758fa42f97e62d1f8e7e.jpg\" \/><br \/>\n            <\/section>\n<\/p><\/div>\n<div class=\"item item-6\">\n<section class=\"text-item\">\n<h2>CEDZAK Z MISK\u0104 SITKO DURSZLAK 25 cm ZESTAW 2 w 1<\/h2>\n<p><b>Dane techniczne:<\/b><\/p>\n<ul>\n<li>\u015arednica cedzaka:<b> 22cm<\/b><\/li>\n<li>\u015arednica miski:<b> 23cm<\/b><\/li>\n<li><b>Wysoko\u015b\u0107: 12,5cm<\/b><\/li>\n<li>Materia\u0142: Tworzywo<\/li>\n<li>Nie zawiera Bisfenolu (<b>BPA FREE<\/b>)!!!<\/li>\n<\/ul>\n<p>Kolory wybieramy losowow!<\/p>\n<\/section><\/div>\n<\/section>\n<section class=\"section\">\n<div class=\"item item-6\">\n<section class=\"image-item\">\n                <img decoding=\"async\" src=\"https:\/\/upload.cdn.baselinker.com\/products\/14476\/1bc1083c2e36159975d1fba603238408.jpg\" \/><br \/>\n            <\/section>\n<\/p><\/div>\n<div class=\"item item-6\">\n<section class=\"text-item\">\n<p><b>Praktyczna i funkcjonalna miska z cedzakim!<\/b><\/p>\n<p>Bedzak zosta\u0142 wykonany z wysokiej jako\u015bci twozrywa sztucznego, co b\u0119dzie owocowa\u0142o d\u0142ugim okresem uzytkowania. Jest bardzo praktyczny i ma wszechstronne zastosowanie.<\/p>\n<p>\u2705\u00a0 Miska i ociekacz tworz\u0105 idealne po\u0142\u0105czenie. Doskonale sprawdz\u0105 si\u0119 w kucgni i u\u0142atwi\u0105 wykonywaniue wielu czynno\u015bci.<\/p>\n<ul>\n<li>Cedzak z powodzeniem mo\u017ce by\u0107 u\u017cywany do odcedzania wszelkiego rodzaju makaron\u00f3w, ziemniak\u00f3w, pierog\u00f3w.<\/li>\n<li>Idealnie u\u0142atwi prace podczas p\u0142ukania warzyw i owoc\u00f3w.<\/li>\n<li>Przyda si\u0119 r\u00f3wnie\u017c podczas przygotowywania potraw, sa\u0142atek itp.<\/li>\n<\/ul>\n<\/section><\/div>\n<\/section>\n<section class=\"section\">\n<div class=\"item item-6\">\n<section class=\"image-item\">\n                <img decoding=\"async\" src=\"https:\/\/upload.cdn.baselinker.com\/products\/14476\/e469bd3a6e034e89e65355e3f8a8e2d1.jpg\" \/><br \/>\n            <\/section>\n<\/p><\/div>\n<div class=\"item item-6\">\n<section class=\"text-item\">\n<p>\u2705\u00a0 Cedzak posiada wiele praktycznych zalet, kt\u00f3re sprawi\u0105, \u017ce stanie si\u0119 <b>niezb\u0119dnym elementem wyposa\u017cenia<\/b> Twojego domu!<\/p>\n<ul>\n<li>Przeznaczony do kontaktu z \u017cywno\u015bci\u0105 (posiada odpowiednie atesty, nie zawiera szkodliwych zwi\u0105zk\u00f3w BPA).<\/li>\n<li>Jest trwa\u0142y i odporny na uszkodzenia<\/li>\n<li>\u0141atwo si\u0119 czy\u015bci, mo\u017cna go my\u0107 w zmywarce.<\/li>\n<\/ul>\n<\/section><\/div>\n<\/section>\n<section class=\"section\">\n<div class=\"item item-12\">\n<section class=\"image-item\">\n                <img decoding=\"async\" src=\"https:\/\/upload.cdn.baselinker.com\/products\/14476\/34e87ac7f688f16ab263e659d0d165c6.jpg\" \/><br \/>\n            <\/section>\n<\/p><\/div>\n<\/section>\n<section class=\"section\">\n<div class=\"item item-12\">\n<section class=\"image-item\">\n                <img decoding=\"async\" src=\"https:\/\/upload.cdn.baselinker.com\/products\/14476\/e469bd3a6e034e89e65355e3f8a8e2d1.jpg\" \/><br \/>\n            <\/section>\n<\/p><\/div>\n<\/section>\n<section class=\"section\">\n<div class=\"item item-12\">\n<section class=\"image-item\">\n                <img decoding=\"async\" src=\"https:\/\/upload.cdn.baselinker.com\/products\/14476\/1bc1083c2e36159975d1fba603238408.jpg\" \/><br \/>\n            <\/section>\n<\/p><\/div>\n<\/section>\n","protected":false},"excerpt":{"rendered":"<p>CEDZAK Z MISK\u0104 SITKO DURSZLAK 25 cm ZESTAW 2 w 1 Dane techniczne: \u015arednica cedzaka: 22cm \u015arednica miski: 23cm Wysoko\u015b\u0107: 12,5cm Materia\u0142: Tworzywo Nie zawiera Bisfenolu (BPA FREE)!!! Kolory wybieramy losowow! Praktyczna i funkcjonalna miska z cedzakim! Bedzak zosta\u0142 wykonany z wysokiej jako\u015bci twozrywa sztucznego, co b\u0119dzie owocowa\u0142o d\u0142ugim okresem uzytkowania. Jest bardzo praktyczny i<br \/><a class=\"more-link\" href=\"https:\/\/bobimarket.pl\/index.php\/produkt\/cedzak-z-miska-sitko-durszlak-25-cm-zestaw-2-w-1\/\"><br \/>\n        Czytaj wi\u0119cej<span class=\"screen-reader-text\"> &#8222;CEDZAK Z MISK\u0104 SITKO DURSZLAK 25 cm ZESTAW 2 w 1&#8221;<\/span><\/a><\/p>\n","protected":false},"featured_media":80883,"template":"","meta":[],"product_cat":[8070],"product_tag":[],"yoast_head":"<!-- This site is optimized with the Yoast SEO plugin v21.0 - https:\/\/yoast.com\/wordpress\/plugins\/seo\/ -->\n<title>CEDZAK Z MISK\u0104 SITKO DURSZLAK 25 cm ZESTAW 2 w 1 - BOBIMARKET.pl - Remontuj i urz\u0105dzaj z nami<\/title>\n<meta name=\"robots\" content=\"index, follow, max-snippet:-1, max-image-preview:large, max-video-preview:-1\" \/>\n<link rel=\"canonical\" href=\"https:\/\/bobimarket.pl\/index.php\/produkt\/cedzak-z-miska-sitko-durszlak-25-cm-zestaw-2-w-1\/\" \/>\n<meta property=\"og:locale\" content=\"pl_PL\" \/>\n<meta property=\"og:type\" content=\"article\" \/>\n<meta property=\"og:title\" content=\"CEDZAK Z MISK\u0104 SITKO DURSZLAK 25 cm ZESTAW 2 w 1 - BOBIMARKET.pl - Remontuj i urz\u0105dzaj z nami\" \/>\n<meta property=\"og:description\" content=\"CEDZAK Z MISK\u0104 SITKO DURSZLAK 25 cm ZESTAW 2 w 1 Dane techniczne: \u015arednica cedzaka: 22cm \u015arednica miski: 23cm Wysoko\u015b\u0107: 12,5cm Materia\u0142: Tworzywo Nie zawiera Bisfenolu (BPA FREE)!!! Kolory wybieramy losowow! Praktyczna i funkcjonalna miska z cedzakim! Bedzak zosta\u0142 wykonany z wysokiej jako\u015bci twozrywa sztucznego, co b\u0119dzie owocowa\u0142o d\u0142ugim okresem uzytkowania. Jest bardzo praktyczny i     Czytaj wi\u0119cej &quot;CEDZAK Z MISK\u0104 SITKO DURSZLAK 25 cm ZESTAW 2 w 1&quot;\" \/>\n<meta property=\"og:url\" content=\"https:\/\/bobimarket.pl\/index.php\/produkt\/cedzak-z-miska-sitko-durszlak-25-cm-zestaw-2-w-1\/\" \/>\n<meta property=\"og:site_name\" content=\"BOBIMARKET.pl - Remontuj i urz\u0105dzaj z nami\" \/>\n<meta property=\"article:modified_time\" content=\"2025-02-27T13:34:54+00:00\" \/>\n<meta property=\"og:image\" content=\"https:\/\/upload.cdn.baselinker.com\/products\/14476\/bca8796f403c758fa42f97e62d1f8e7e.jpg\" \/>\n<meta name=\"twitter:card\" content=\"summary_large_image\" \/>\n<meta name=\"twitter:label1\" content=\"Szacowany czas czytania\" \/>\n\t<meta name=\"twitter:data1\" content=\"1 minuta\" \/>\n<script type=\"application\/ld+json\" class=\"yoast-schema-graph\">{\"@context\":\"https:\/\/schema.org\",\"@graph\":[{\"@type\":\"WebPage\",\"@id\":\"https:\/\/bobimarket.pl\/index.php\/produkt\/cedzak-z-miska-sitko-durszlak-25-cm-zestaw-2-w-1\/\",\"url\":\"https:\/\/bobimarket.pl\/index.php\/produkt\/cedzak-z-miska-sitko-durszlak-25-cm-zestaw-2-w-1\/\",\"name\":\"CEDZAK Z MISK\u0104 SITKO DURSZLAK 25 cm ZESTAW 2 w 1 - BOBIMARKET.pl - Remontuj i urz\u0105dzaj z nami\",\"isPartOf\":{\"@id\":\"https:\/\/bobimarket.pl\/#website\"},\"datePublished\":\"2023-08-29T15:58:02+00:00\",\"dateModified\":\"2025-02-27T13:34:54+00:00\",\"breadcrumb\":{\"@id\":\"https:\/\/bobimarket.pl\/index.php\/produkt\/cedzak-z-miska-sitko-durszlak-25-cm-zestaw-2-w-1\/#breadcrumb\"},\"inLanguage\":\"pl-PL\",\"potentialAction\":[{\"@type\":\"ReadAction\",\"target\":[\"https:\/\/bobimarket.pl\/index.php\/produkt\/cedzak-z-miska-sitko-durszlak-25-cm-zestaw-2-w-1\/\"]}]},{\"@type\":\"BreadcrumbList\",\"@id\":\"https:\/\/bobimarket.pl\/index.php\/produkt\/cedzak-z-miska-sitko-durszlak-25-cm-zestaw-2-w-1\/#breadcrumb\",\"itemListElement\":[{\"@type\":\"ListItem\",\"position\":1,\"name\":\"Strona g\u0142\u00f3wna\",\"item\":\"https:\/\/bobimarket.pl\/\"},{\"@type\":\"ListItem\",\"position\":2,\"name\":\"Sklep\",\"item\":\"https:\/\/bobimarket.pl\/index.php\/shop\/\"},{\"@type\":\"ListItem\",\"position\":3,\"name\":\"CEDZAK Z MISK\u0104 SITKO DURSZLAK 25 cm ZESTAW 2 w 1\"}]},{\"@type\":\"WebSite\",\"@id\":\"https:\/\/bobimarket.pl\/#website\",\"url\":\"https:\/\/bobimarket.pl\/\",\"name\":\"BOBIMARKET.pl - Remontuj i urz\u0105dzaj z nami\",\"description\":\"Remontuj i urz\u0105dzaj z nami\",\"publisher\":{\"@id\":\"https:\/\/bobimarket.pl\/#organization\"},\"potentialAction\":[{\"@type\":\"SearchAction\",\"target\":{\"@type\":\"EntryPoint\",\"urlTemplate\":\"https:\/\/bobimarket.pl\/?s={search_term_string}\"},\"query-input\":\"required name=search_term_string\"}],\"inLanguage\":\"pl-PL\"},{\"@type\":\"Organization\",\"@id\":\"https:\/\/bobimarket.pl\/#organization\",\"name\":\"BOBIMARKET.pl\",\"url\":\"https:\/\/bobimarket.pl\/\",\"logo\":{\"@type\":\"ImageObject\",\"inLanguage\":\"pl-PL\",\"@id\":\"https:\/\/bobimarket.pl\/#\/schema\/logo\/image\/\",\"url\":\"https:\/\/bobimarket.pl\/wp-content\/uploads\/2021\/11\/slogan.png\",\"contentUrl\":\"https:\/\/bobimarket.pl\/wp-content\/uploads\/2021\/11\/slogan.png\",\"width\":2000,\"height\":384,\"caption\":\"BOBIMARKET.pl\"},\"image\":{\"@id\":\"https:\/\/bobimarket.pl\/#\/schema\/logo\/image\/\"}}]}<\/script>\n<!-- \/ Yoast SEO plugin. -->","yoast_head_json":{"title":"CEDZAK Z MISK\u0104 SITKO DURSZLAK 25 cm ZESTAW 2 w 1 - BOBIMARKET.pl - Remontuj i urz\u0105dzaj z nami","robots":{"index":"index","follow":"follow","max-snippet":"max-snippet:-1","max-image-preview":"max-image-preview:large","max-video-preview":"max-video-preview:-1"},"canonical":"https:\/\/bobimarket.pl\/index.php\/produkt\/cedzak-z-miska-sitko-durszlak-25-cm-zestaw-2-w-1\/","og_locale":"pl_PL","og_type":"article","og_title":"CEDZAK Z MISK\u0104 SITKO DURSZLAK 25 cm ZESTAW 2 w 1 - BOBIMARKET.pl - Remontuj i urz\u0105dzaj z nami","og_description":"CEDZAK Z MISK\u0104 SITKO DURSZLAK 25 cm ZESTAW 2 w 1 Dane techniczne: \u015arednica cedzaka: 22cm \u015arednica miski: 23cm Wysoko\u015b\u0107: 12,5cm Materia\u0142: Tworzywo Nie zawiera Bisfenolu (BPA FREE)!!! Kolory wybieramy losowow! Praktyczna i funkcjonalna miska z cedzakim! Bedzak zosta\u0142 wykonany z wysokiej jako\u015bci twozrywa sztucznego, co b\u0119dzie owocowa\u0142o d\u0142ugim okresem uzytkowania. Jest bardzo praktyczny i     Czytaj wi\u0119cej \"CEDZAK Z MISK\u0104 SITKO DURSZLAK 25 cm ZESTAW 2 w 1\"","og_url":"https:\/\/bobimarket.pl\/index.php\/produkt\/cedzak-z-miska-sitko-durszlak-25-cm-zestaw-2-w-1\/","og_site_name":"BOBIMARKET.pl - Remontuj i urz\u0105dzaj z nami","article_modified_time":"2025-02-27T13:34:54+00:00","og_image":[{"url":"https:\/\/upload.cdn.baselinker.com\/products\/14476\/bca8796f403c758fa42f97e62d1f8e7e.jpg"}],"twitter_card":"summary_large_image","twitter_misc":{"Szacowany czas czytania":"1 minuta"},"schema":{"@context":"https:\/\/schema.org","@graph":[{"@type":"WebPage","@id":"https:\/\/bobimarket.pl\/index.php\/produkt\/cedzak-z-miska-sitko-durszlak-25-cm-zestaw-2-w-1\/","url":"https:\/\/bobimarket.pl\/index.php\/produkt\/cedzak-z-miska-sitko-durszlak-25-cm-zestaw-2-w-1\/","name":"CEDZAK Z MISK\u0104 SITKO DURSZLAK 25 cm ZESTAW 2 w 1 - BOBIMARKET.pl - Remontuj i urz\u0105dzaj z nami","isPartOf":{"@id":"https:\/\/bobimarket.pl\/#website"},"datePublished":"2023-08-29T15:58:02+00:00","dateModified":"2025-02-27T13:34:54+00:00","breadcrumb":{"@id":"https:\/\/bobimarket.pl\/index.php\/produkt\/cedzak-z-miska-sitko-durszlak-25-cm-zestaw-2-w-1\/#breadcrumb"},"inLanguage":"pl-PL","potentialAction":[{"@type":"ReadAction","target":["https:\/\/bobimarket.pl\/index.php\/produkt\/cedzak-z-miska-sitko-durszlak-25-cm-zestaw-2-w-1\/"]}]},{"@type":"BreadcrumbList","@id":"https:\/\/bobimarket.pl\/index.php\/produkt\/cedzak-z-miska-sitko-durszlak-25-cm-zestaw-2-w-1\/#breadcrumb","itemListElement":[{"@type":"ListItem","position":1,"name":"Strona g\u0142\u00f3wna","item":"https:\/\/bobimarket.pl\/"},{"@type":"ListItem","position":2,"name":"Sklep","item":"https:\/\/bobimarket.pl\/index.php\/shop\/"},{"@type":"ListItem","position":3,"name":"CEDZAK Z MISK\u0104 SITKO DURSZLAK 25 cm ZESTAW 2 w 1"}]},{"@type":"WebSite","@id":"https:\/\/bobimarket.pl\/#website","url":"https:\/\/bobimarket.pl\/","name":"BOBIMARKET.pl - Remontuj i urz\u0105dzaj z nami","description":"Remontuj i urz\u0105dzaj z nami","publisher":{"@id":"https:\/\/bobimarket.pl\/#organization"},"potentialAction":[{"@type":"SearchAction","target":{"@type":"EntryPoint","urlTemplate":"https:\/\/bobimarket.pl\/?s={search_term_string}"},"query-input":"required name=search_term_string"}],"inLanguage":"pl-PL"},{"@type":"Organization","@id":"https:\/\/bobimarket.pl\/#organization","name":"BOBIMARKET.pl","url":"https:\/\/bobimarket.pl\/","logo":{"@type":"ImageObject","inLanguage":"pl-PL","@id":"https:\/\/bobimarket.pl\/#\/schema\/logo\/image\/","url":"https:\/\/bobimarket.pl\/wp-content\/uploads\/2021\/11\/slogan.png","contentUrl":"https:\/\/bobimarket.pl\/wp-content\/uploads\/2021\/11\/slogan.png","width":2000,"height":384,"caption":"BOBIMARKET.pl"},"image":{"@id":"https:\/\/bobimarket.pl\/#\/schema\/logo\/image\/"}}]}},"_links":{"self":[{"href":"https:\/\/bobimarket.pl\/index.php\/wp-json\/wp\/v2\/product\/80899"}],"collection":[{"href":"https:\/\/bobimarket.pl\/index.php\/wp-json\/wp\/v2\/product"}],"about":[{"href":"https:\/\/bobimarket.pl\/index.php\/wp-json\/wp\/v2\/types\/product"}],"wp:featuredmedia":[{"embeddable":true,"href":"https:\/\/bobimarket.pl\/index.php\/wp-json\/wp\/v2\/media\/80883"}],"wp:attachment":[{"href":"https:\/\/bobimarket.pl\/index.php\/wp-json\/wp\/v2\/media?parent=80899"}],"wp:term":[{"taxonomy":"product_cat","embeddable":true,"href":"https:\/\/bobimarket.pl\/index.php\/wp-json\/wp\/v2\/product_cat?post=80899"},{"taxonomy":"product_tag","embeddable":true,"href":"https:\/\/bobimarket.pl\/index.php\/wp-json\/wp\/v2\/product_tag?post=80899"}],"curies":[{"name":"wp","href":"https:\/\/api.w.org\/{rel}","templated":true}]}}