{"id":80918,"date":"2023-08-29T15:58:49","date_gmt":"2023-08-29T15:58:49","guid":{"rendered":"https:\/\/bobimarket.pl\/index.php\/produkt\/sitko-cedzak-kuchenne-plastikowe-90mm-geste\/"},"modified":"2025-02-27T13:35:01","modified_gmt":"2025-02-27T13:35:01","slug":"sitko-cedzak-kuchenne-plastikowe-90mm-geste","status":"publish","type":"product","link":"https:\/\/bobimarket.pl\/index.php\/produkt\/sitko-cedzak-kuchenne-plastikowe-90mm-geste\/","title":{"rendered":"SITKO CEDZAK KUCHENNE PLASTIKOWE 90MM G\u0118STE"},"content":{"rendered":"<section class=\"section\">\n<div class=\"item item-12\">\n<section class=\"text-item\">\n<h2>SITKO CEDZAK KUCHENNE PLASTIKOWE 90MM G\u0118STE<\/h2>\n<p><b>Dane techniczne:<\/b><\/p>\n<ul>\n<li>\u015arednica: <b>90mm<\/b><\/li>\n<li>Materia\u0142: Tworzywo<\/li>\n<\/ul>\n<\/section><\/div>\n<\/section>\n<section class=\"section\">\n<div class=\"item item-12\">\n<section class=\"image-item\">\n            <img decoding=\"async\" src=\"https:\/\/upload.cdn.baselinker.com\/products\/14476\/7bef151fb011007c546b1e46fe3d1680.jpg\" \/><br \/>\n        <\/section>\n<\/p><\/div>\n<\/section>\n<section class=\"section\">\n<div class=\"item item-12\">\n<section class=\"text-item\">\n<p><b>Wielofunkcyjny element, niezb\u0119dy w ka\u017cdym domu!<\/b><\/p>\n<p>G\u0119ste sitko kuchenne wykonane z wysokiej jako\u015bci tworzywa sztucznego. Sitko posiada <b>g\u0119ste dno<\/b> &#8211; idealne do cedzenia mleka lub dla winarzy. Sprawdzi si\u0119 r\u00f3wnie\u017c podczas przesiewania m\u0105ki czy cukru, lub odcedzania warzyw wyj\u0119tych z puszki.\u00a0<\/p>\n<ul>\n<li>D\u0142uga, por\u0119czna r\u0105czka z otworem do zawieszenia<\/li>\n<li>Dwa uchwyty umo\u017cliwiaj\u0105ce zawieszenie sitka do naczynia<\/li>\n<li>Bardzo g\u0119ste dno, kt\u00f3re gwarantuje wielofunkcyjno\u015b\u0107 sita.<\/li>\n<\/ul>\n<\/section><\/div>\n<\/section>\n<section class=\"section\">\n<div class=\"item item-12\">\n<section class=\"image-item\">\n            <img decoding=\"async\" src=\"https:\/\/upload.cdn.baselinker.com\/products\/14476\/bf9c900f19fea8bbb7a731e9944cf6e9.jpg\" \/><br \/>\n        <\/section>\n<\/p><\/div>\n<\/section>\n","protected":false},"excerpt":{"rendered":"<p>SITKO CEDZAK KUCHENNE PLASTIKOWE 90MM G\u0118STE Dane techniczne: \u015arednica: 90mm Materia\u0142: Tworzywo Wielofunkcyjny element, niezb\u0119dy w ka\u017cdym domu! G\u0119ste sitko kuchenne wykonane z wysokiej jako\u015bci tworzywa sztucznego. Sitko posiada g\u0119ste dno &#8211; idealne do cedzenia mleka lub dla winarzy. Sprawdzi si\u0119 r\u00f3wnie\u017c podczas przesiewania m\u0105ki czy cukru, lub odcedzania warzyw wyj\u0119tych z puszki.\u00a0 D\u0142uga, por\u0119czna<br \/><a class=\"more-link\" href=\"https:\/\/bobimarket.pl\/index.php\/produkt\/sitko-cedzak-kuchenne-plastikowe-90mm-geste\/\"><br \/>\n        Czytaj wi\u0119cej<span class=\"screen-reader-text\"> &#8222;SITKO CEDZAK KUCHENNE PLASTIKOWE 90MM G\u0118STE&#8221;<\/span><\/a><\/p>\n","protected":false},"featured_media":80912,"template":"","meta":[],"product_cat":[8074],"product_tag":[],"yoast_head":"<!-- This site is optimized with the Yoast SEO plugin v21.0 - https:\/\/yoast.com\/wordpress\/plugins\/seo\/ -->\n<title>SITKO CEDZAK KUCHENNE PLASTIKOWE 90MM G\u0118STE - BOBIMARKET.pl - Remontuj i urz\u0105dzaj z nami<\/title>\n<meta name=\"robots\" content=\"index, follow, max-snippet:-1, max-image-preview:large, max-video-preview:-1\" \/>\n<link rel=\"canonical\" href=\"https:\/\/bobimarket.pl\/index.php\/produkt\/sitko-cedzak-kuchenne-plastikowe-90mm-geste\/\" \/>\n<meta property=\"og:locale\" content=\"pl_PL\" \/>\n<meta property=\"og:type\" content=\"article\" \/>\n<meta property=\"og:title\" content=\"SITKO CEDZAK KUCHENNE PLASTIKOWE 90MM G\u0118STE - BOBIMARKET.pl - Remontuj i urz\u0105dzaj z nami\" \/>\n<meta property=\"og:description\" content=\"SITKO CEDZAK KUCHENNE PLASTIKOWE 90MM G\u0118STE Dane techniczne: \u015arednica: 90mm Materia\u0142: Tworzywo Wielofunkcyjny element, niezb\u0119dy w ka\u017cdym domu! G\u0119ste sitko kuchenne wykonane z wysokiej jako\u015bci tworzywa sztucznego. Sitko posiada g\u0119ste dno &#8211; idealne do cedzenia mleka lub dla winarzy. Sprawdzi si\u0119 r\u00f3wnie\u017c podczas przesiewania m\u0105ki czy cukru, lub odcedzania warzyw wyj\u0119tych z puszki.\u00a0 D\u0142uga, por\u0119czna     Czytaj wi\u0119cej &quot;SITKO CEDZAK KUCHENNE PLASTIKOWE 90MM G\u0118STE&quot;\" \/>\n<meta property=\"og:url\" content=\"https:\/\/bobimarket.pl\/index.php\/produkt\/sitko-cedzak-kuchenne-plastikowe-90mm-geste\/\" \/>\n<meta property=\"og:site_name\" content=\"BOBIMARKET.pl - Remontuj i urz\u0105dzaj z nami\" \/>\n<meta property=\"article:modified_time\" content=\"2025-02-27T13:35:01+00:00\" \/>\n<meta property=\"og:image\" content=\"https:\/\/upload.cdn.baselinker.com\/products\/14476\/7bef151fb011007c546b1e46fe3d1680.jpg\" \/>\n<meta name=\"twitter:card\" content=\"summary_large_image\" \/>\n<script type=\"application\/ld+json\" class=\"yoast-schema-graph\">{\"@context\":\"https:\/\/schema.org\",\"@graph\":[{\"@type\":\"WebPage\",\"@id\":\"https:\/\/bobimarket.pl\/index.php\/produkt\/sitko-cedzak-kuchenne-plastikowe-90mm-geste\/\",\"url\":\"https:\/\/bobimarket.pl\/index.php\/produkt\/sitko-cedzak-kuchenne-plastikowe-90mm-geste\/\",\"name\":\"SITKO CEDZAK KUCHENNE PLASTIKOWE 90MM G\u0118STE - BOBIMARKET.pl - Remontuj i urz\u0105dzaj z nami\",\"isPartOf\":{\"@id\":\"https:\/\/bobimarket.pl\/#website\"},\"datePublished\":\"2023-08-29T15:58:49+00:00\",\"dateModified\":\"2025-02-27T13:35:01+00:00\",\"breadcrumb\":{\"@id\":\"https:\/\/bobimarket.pl\/index.php\/produkt\/sitko-cedzak-kuchenne-plastikowe-90mm-geste\/#breadcrumb\"},\"inLanguage\":\"pl-PL\",\"potentialAction\":[{\"@type\":\"ReadAction\",\"target\":[\"https:\/\/bobimarket.pl\/index.php\/produkt\/sitko-cedzak-kuchenne-plastikowe-90mm-geste\/\"]}]},{\"@type\":\"BreadcrumbList\",\"@id\":\"https:\/\/bobimarket.pl\/index.php\/produkt\/sitko-cedzak-kuchenne-plastikowe-90mm-geste\/#breadcrumb\",\"itemListElement\":[{\"@type\":\"ListItem\",\"position\":1,\"name\":\"Strona g\u0142\u00f3wna\",\"item\":\"https:\/\/bobimarket.pl\/\"},{\"@type\":\"ListItem\",\"position\":2,\"name\":\"Sklep\",\"item\":\"https:\/\/bobimarket.pl\/index.php\/shop\/\"},{\"@type\":\"ListItem\",\"position\":3,\"name\":\"SITKO CEDZAK KUCHENNE PLASTIKOWE 90MM G\u0118STE\"}]},{\"@type\":\"WebSite\",\"@id\":\"https:\/\/bobimarket.pl\/#website\",\"url\":\"https:\/\/bobimarket.pl\/\",\"name\":\"BOBIMARKET.pl - Remontuj i urz\u0105dzaj z nami\",\"description\":\"Remontuj i urz\u0105dzaj z nami\",\"publisher\":{\"@id\":\"https:\/\/bobimarket.pl\/#organization\"},\"potentialAction\":[{\"@type\":\"SearchAction\",\"target\":{\"@type\":\"EntryPoint\",\"urlTemplate\":\"https:\/\/bobimarket.pl\/?s={search_term_string}\"},\"query-input\":\"required name=search_term_string\"}],\"inLanguage\":\"pl-PL\"},{\"@type\":\"Organization\",\"@id\":\"https:\/\/bobimarket.pl\/#organization\",\"name\":\"BOBIMARKET.pl\",\"url\":\"https:\/\/bobimarket.pl\/\",\"logo\":{\"@type\":\"ImageObject\",\"inLanguage\":\"pl-PL\",\"@id\":\"https:\/\/bobimarket.pl\/#\/schema\/logo\/image\/\",\"url\":\"https:\/\/bobimarket.pl\/wp-content\/uploads\/2021\/11\/slogan.png\",\"contentUrl\":\"https:\/\/bobimarket.pl\/wp-content\/uploads\/2021\/11\/slogan.png\",\"width\":2000,\"height\":384,\"caption\":\"BOBIMARKET.pl\"},\"image\":{\"@id\":\"https:\/\/bobimarket.pl\/#\/schema\/logo\/image\/\"}}]}<\/script>\n<!-- \/ Yoast SEO plugin. -->","yoast_head_json":{"title":"SITKO CEDZAK KUCHENNE PLASTIKOWE 90MM G\u0118STE - BOBIMARKET.pl - Remontuj i urz\u0105dzaj z nami","robots":{"index":"index","follow":"follow","max-snippet":"max-snippet:-1","max-image-preview":"max-image-preview:large","max-video-preview":"max-video-preview:-1"},"canonical":"https:\/\/bobimarket.pl\/index.php\/produkt\/sitko-cedzak-kuchenne-plastikowe-90mm-geste\/","og_locale":"pl_PL","og_type":"article","og_title":"SITKO CEDZAK KUCHENNE PLASTIKOWE 90MM G\u0118STE - BOBIMARKET.pl - Remontuj i urz\u0105dzaj z nami","og_description":"SITKO CEDZAK KUCHENNE PLASTIKOWE 90MM G\u0118STE Dane techniczne: \u015arednica: 90mm Materia\u0142: Tworzywo Wielofunkcyjny element, niezb\u0119dy w ka\u017cdym domu! G\u0119ste sitko kuchenne wykonane z wysokiej jako\u015bci tworzywa sztucznego. Sitko posiada g\u0119ste dno &#8211; idealne do cedzenia mleka lub dla winarzy. Sprawdzi si\u0119 r\u00f3wnie\u017c podczas przesiewania m\u0105ki czy cukru, lub odcedzania warzyw wyj\u0119tych z puszki.\u00a0 D\u0142uga, por\u0119czna     Czytaj wi\u0119cej \"SITKO CEDZAK KUCHENNE PLASTIKOWE 90MM G\u0118STE\"","og_url":"https:\/\/bobimarket.pl\/index.php\/produkt\/sitko-cedzak-kuchenne-plastikowe-90mm-geste\/","og_site_name":"BOBIMARKET.pl - Remontuj i urz\u0105dzaj z nami","article_modified_time":"2025-02-27T13:35:01+00:00","og_image":[{"url":"https:\/\/upload.cdn.baselinker.com\/products\/14476\/7bef151fb011007c546b1e46fe3d1680.jpg"}],"twitter_card":"summary_large_image","schema":{"@context":"https:\/\/schema.org","@graph":[{"@type":"WebPage","@id":"https:\/\/bobimarket.pl\/index.php\/produkt\/sitko-cedzak-kuchenne-plastikowe-90mm-geste\/","url":"https:\/\/bobimarket.pl\/index.php\/produkt\/sitko-cedzak-kuchenne-plastikowe-90mm-geste\/","name":"SITKO CEDZAK KUCHENNE PLASTIKOWE 90MM G\u0118STE - BOBIMARKET.pl - Remontuj i urz\u0105dzaj z nami","isPartOf":{"@id":"https:\/\/bobimarket.pl\/#website"},"datePublished":"2023-08-29T15:58:49+00:00","dateModified":"2025-02-27T13:35:01+00:00","breadcrumb":{"@id":"https:\/\/bobimarket.pl\/index.php\/produkt\/sitko-cedzak-kuchenne-plastikowe-90mm-geste\/#breadcrumb"},"inLanguage":"pl-PL","potentialAction":[{"@type":"ReadAction","target":["https:\/\/bobimarket.pl\/index.php\/produkt\/sitko-cedzak-kuchenne-plastikowe-90mm-geste\/"]}]},{"@type":"BreadcrumbList","@id":"https:\/\/bobimarket.pl\/index.php\/produkt\/sitko-cedzak-kuchenne-plastikowe-90mm-geste\/#breadcrumb","itemListElement":[{"@type":"ListItem","position":1,"name":"Strona g\u0142\u00f3wna","item":"https:\/\/bobimarket.pl\/"},{"@type":"ListItem","position":2,"name":"Sklep","item":"https:\/\/bobimarket.pl\/index.php\/shop\/"},{"@type":"ListItem","position":3,"name":"SITKO CEDZAK KUCHENNE PLASTIKOWE 90MM G\u0118STE"}]},{"@type":"WebSite","@id":"https:\/\/bobimarket.pl\/#website","url":"https:\/\/bobimarket.pl\/","name":"BOBIMARKET.pl - Remontuj i urz\u0105dzaj z nami","description":"Remontuj i urz\u0105dzaj z nami","publisher":{"@id":"https:\/\/bobimarket.pl\/#organization"},"potentialAction":[{"@type":"SearchAction","target":{"@type":"EntryPoint","urlTemplate":"https:\/\/bobimarket.pl\/?s={search_term_string}"},"query-input":"required name=search_term_string"}],"inLanguage":"pl-PL"},{"@type":"Organization","@id":"https:\/\/bobimarket.pl\/#organization","name":"BOBIMARKET.pl","url":"https:\/\/bobimarket.pl\/","logo":{"@type":"ImageObject","inLanguage":"pl-PL","@id":"https:\/\/bobimarket.pl\/#\/schema\/logo\/image\/","url":"https:\/\/bobimarket.pl\/wp-content\/uploads\/2021\/11\/slogan.png","contentUrl":"https:\/\/bobimarket.pl\/wp-content\/uploads\/2021\/11\/slogan.png","width":2000,"height":384,"caption":"BOBIMARKET.pl"},"image":{"@id":"https:\/\/bobimarket.pl\/#\/schema\/logo\/image\/"}}]}},"_links":{"self":[{"href":"https:\/\/bobimarket.pl\/index.php\/wp-json\/wp\/v2\/product\/80918"}],"collection":[{"href":"https:\/\/bobimarket.pl\/index.php\/wp-json\/wp\/v2\/product"}],"about":[{"href":"https:\/\/bobimarket.pl\/index.php\/wp-json\/wp\/v2\/types\/product"}],"wp:featuredmedia":[{"embeddable":true,"href":"https:\/\/bobimarket.pl\/index.php\/wp-json\/wp\/v2\/media\/80912"}],"wp:attachment":[{"href":"https:\/\/bobimarket.pl\/index.php\/wp-json\/wp\/v2\/media?parent=80918"}],"wp:term":[{"taxonomy":"product_cat","embeddable":true,"href":"https:\/\/bobimarket.pl\/index.php\/wp-json\/wp\/v2\/product_cat?post=80918"},{"taxonomy":"product_tag","embeddable":true,"href":"https:\/\/bobimarket.pl\/index.php\/wp-json\/wp\/v2\/product_tag?post=80918"}],"curies":[{"name":"wp","href":"https:\/\/api.w.org\/{rel}","templated":true}]}}