{"id":80920,"date":"2023-08-29T15:58:55","date_gmt":"2023-08-29T15:58:55","guid":{"rendered":"https:\/\/bobimarket.pl\/index.php\/produkt\/pojemnik-miska-kubek-do-miksowania-3l-mocny\/"},"modified":"2025-02-27T13:35:06","modified_gmt":"2025-02-27T13:35:06","slug":"pojemnik-miska-kubek-do-miksowania-3l-mocny","status":"publish","type":"product","link":"https:\/\/bobimarket.pl\/index.php\/produkt\/pojemnik-miska-kubek-do-miksowania-3l-mocny\/","title":{"rendered":"POJEMNIK MISKA KUBEK DO MIKSOWANIA 3L MOCNY"},"content":{"rendered":"<section class=\"section\">\n<div class=\"item item-6\">\n<section class=\"image-item\">\n<\/section><\/div>\n<div class=\"item item-6\">\n<section class=\"text-item\">\n<h2>POJEMNIK MISKA KUBEK DO MIKSOWANIA 3L MOCNY!!<\/h2>\n<p><b>Dane techniczne:<\/b><\/p>\n<ul>\n<li>Pojemo\u015b\u0107:<b> 3 litry<\/b><\/li>\n<li>Wymiary: 20,9x27x14,5cm<\/li>\n<li>Kolor:<b> SZARY<\/b><\/li>\n<li>Materia\u0142: Tworzywo<\/li>\n<li>Nie zawiera Bisfenolu (BPA FREE)!!!<\/li>\n<li>Wysoka Jako\u015b\u0107!!<\/li>\n<\/ul>\n<\/section><\/div>\n<\/section>\n<section class=\"section\">\n<div class=\"item item-6\">\n<section class=\"image-item\">\n<\/section><\/div>\n<div class=\"item item-6\">\n<section class=\"text-item\">\n<p>Miska plastikowa, wykonana z wysokiej jako\u015bci tworzywa. Jest wielofunkcyjna, pos\u0142u\u017cy ci do zmiksowania produkt\u00f3w, wymieszania czy te\u017c do przechowywania.<\/p>\n<p>Pojemnik posiada wiele praktycznych zalet:<\/p>\n<ul>\n<li>Nie t\u0142ucze si\u0119<\/li>\n<li>Jest trwa\u0142y i odporny na uszkodzenia.<\/li>\n<li>Nie ch\u0142onie wilgoci.<\/li>\n<li>Dodatkowo jest lekki<\/li>\n<li>\u0141atwo si\u0119 czy\u015bci<\/li>\n<\/ul>\n<\/section><\/div>\n<\/section>\n<section class=\"section\">\n<div class=\"item item-6\">\n<section class=\"image-item\">\n<\/section><\/div>\n<div class=\"item item-6\">\n<section class=\"text-item\">\n<p>Pojemnik jest przystosowany do:<\/p>\n<ul>\n<li>Kontaktu z \u017cywno\u015bci\u0105<\/li>\n<li>Do mro\u017cenia<\/li>\n<li>Mo\u017cliwo\u015b\u0107 mycia w zmywarce<\/li>\n<li>Mo\u017cna u\u017cywa\u0107 w kuchence mikrofalowej<\/li>\n<\/ul>\n<p>Pojemnik od spodu posiada materia\u0142 gumowy, zapobiegaj\u0105cy przesuwaniu si\u0119 po blacie.<\/p>\n<\/section><\/div>\n<\/section>\n","protected":false},"excerpt":{"rendered":"<p>POJEMNIK MISKA KUBEK DO MIKSOWANIA 3L MOCNY!! Dane techniczne: Pojemo\u015b\u0107: 3 litry Wymiary: 20,9x27x14,5cm Kolor: SZARY Materia\u0142: Tworzywo Nie zawiera Bisfenolu (BPA FREE)!!! Wysoka Jako\u015b\u0107!! Miska plastikowa, wykonana z wysokiej jako\u015bci tworzywa. Jest wielofunkcyjna, pos\u0142u\u017cy ci do zmiksowania produkt\u00f3w, wymieszania czy te\u017c do przechowywania. Pojemnik posiada wiele praktycznych zalet: Nie t\u0142ucze si\u0119 Jest trwa\u0142y i<br \/><a class=\"more-link\" href=\"https:\/\/bobimarket.pl\/index.php\/produkt\/pojemnik-miska-kubek-do-miksowania-3l-mocny\/\"><br \/>\n        Czytaj wi\u0119cej<span class=\"screen-reader-text\"> &#8222;POJEMNIK MISKA KUBEK DO MIKSOWANIA 3L MOCNY&#8221;<\/span><\/a><\/p>\n","protected":false},"featured_media":80919,"template":"","meta":[],"product_cat":[8070],"product_tag":[],"yoast_head":"<!-- This site is optimized with the Yoast SEO plugin v21.0 - https:\/\/yoast.com\/wordpress\/plugins\/seo\/ -->\n<title>POJEMNIK MISKA KUBEK DO MIKSOWANIA 3L MOCNY - BOBIMARKET.pl - Remontuj i urz\u0105dzaj z nami<\/title>\n<meta name=\"robots\" content=\"index, follow, max-snippet:-1, max-image-preview:large, max-video-preview:-1\" \/>\n<link rel=\"canonical\" href=\"https:\/\/bobimarket.pl\/index.php\/produkt\/pojemnik-miska-kubek-do-miksowania-3l-mocny\/\" \/>\n<meta property=\"og:locale\" content=\"pl_PL\" \/>\n<meta property=\"og:type\" content=\"article\" \/>\n<meta property=\"og:title\" content=\"POJEMNIK MISKA KUBEK DO MIKSOWANIA 3L MOCNY - BOBIMARKET.pl - Remontuj i urz\u0105dzaj z nami\" \/>\n<meta property=\"og:description\" content=\"POJEMNIK MISKA KUBEK DO MIKSOWANIA 3L MOCNY!! Dane techniczne: Pojemo\u015b\u0107: 3 litry Wymiary: 20,9x27x14,5cm Kolor: SZARY Materia\u0142: Tworzywo Nie zawiera Bisfenolu (BPA FREE)!!! Wysoka Jako\u015b\u0107!! Miska plastikowa, wykonana z wysokiej jako\u015bci tworzywa. Jest wielofunkcyjna, pos\u0142u\u017cy ci do zmiksowania produkt\u00f3w, wymieszania czy te\u017c do przechowywania. Pojemnik posiada wiele praktycznych zalet: Nie t\u0142ucze si\u0119 Jest trwa\u0142y i     Czytaj wi\u0119cej &quot;POJEMNIK MISKA KUBEK DO MIKSOWANIA 3L MOCNY&quot;\" \/>\n<meta property=\"og:url\" content=\"https:\/\/bobimarket.pl\/index.php\/produkt\/pojemnik-miska-kubek-do-miksowania-3l-mocny\/\" \/>\n<meta property=\"og:site_name\" content=\"BOBIMARKET.pl - Remontuj i urz\u0105dzaj z nami\" \/>\n<meta property=\"article:modified_time\" content=\"2025-02-27T13:35:06+00:00\" \/>\n<meta property=\"og:image\" content=\"https:\/\/bobimarket.pl\/wp-content\/uploads\/2021\/11\/slogan.png\" \/>\n\t<meta property=\"og:image:width\" content=\"2000\" \/>\n\t<meta property=\"og:image:height\" content=\"384\" \/>\n\t<meta property=\"og:image:type\" content=\"image\/png\" \/>\n<meta name=\"twitter:card\" content=\"summary_large_image\" \/>\n<meta name=\"twitter:label1\" content=\"Szacowany czas czytania\" \/>\n\t<meta name=\"twitter:data1\" content=\"1 minuta\" \/>\n<script type=\"application\/ld+json\" class=\"yoast-schema-graph\">{\"@context\":\"https:\/\/schema.org\",\"@graph\":[{\"@type\":\"WebPage\",\"@id\":\"https:\/\/bobimarket.pl\/index.php\/produkt\/pojemnik-miska-kubek-do-miksowania-3l-mocny\/\",\"url\":\"https:\/\/bobimarket.pl\/index.php\/produkt\/pojemnik-miska-kubek-do-miksowania-3l-mocny\/\",\"name\":\"POJEMNIK MISKA KUBEK DO MIKSOWANIA 3L MOCNY - BOBIMARKET.pl - Remontuj i urz\u0105dzaj z nami\",\"isPartOf\":{\"@id\":\"https:\/\/bobimarket.pl\/#website\"},\"datePublished\":\"2023-08-29T15:58:55+00:00\",\"dateModified\":\"2025-02-27T13:35:06+00:00\",\"breadcrumb\":{\"@id\":\"https:\/\/bobimarket.pl\/index.php\/produkt\/pojemnik-miska-kubek-do-miksowania-3l-mocny\/#breadcrumb\"},\"inLanguage\":\"pl-PL\",\"potentialAction\":[{\"@type\":\"ReadAction\",\"target\":[\"https:\/\/bobimarket.pl\/index.php\/produkt\/pojemnik-miska-kubek-do-miksowania-3l-mocny\/\"]}]},{\"@type\":\"BreadcrumbList\",\"@id\":\"https:\/\/bobimarket.pl\/index.php\/produkt\/pojemnik-miska-kubek-do-miksowania-3l-mocny\/#breadcrumb\",\"itemListElement\":[{\"@type\":\"ListItem\",\"position\":1,\"name\":\"Strona g\u0142\u00f3wna\",\"item\":\"https:\/\/bobimarket.pl\/\"},{\"@type\":\"ListItem\",\"position\":2,\"name\":\"Sklep\",\"item\":\"https:\/\/bobimarket.pl\/index.php\/shop\/\"},{\"@type\":\"ListItem\",\"position\":3,\"name\":\"POJEMNIK MISKA KUBEK DO MIKSOWANIA 3L MOCNY\"}]},{\"@type\":\"WebSite\",\"@id\":\"https:\/\/bobimarket.pl\/#website\",\"url\":\"https:\/\/bobimarket.pl\/\",\"name\":\"BOBIMARKET.pl - Remontuj i urz\u0105dzaj z nami\",\"description\":\"Remontuj i urz\u0105dzaj z nami\",\"publisher\":{\"@id\":\"https:\/\/bobimarket.pl\/#organization\"},\"potentialAction\":[{\"@type\":\"SearchAction\",\"target\":{\"@type\":\"EntryPoint\",\"urlTemplate\":\"https:\/\/bobimarket.pl\/?s={search_term_string}\"},\"query-input\":\"required name=search_term_string\"}],\"inLanguage\":\"pl-PL\"},{\"@type\":\"Organization\",\"@id\":\"https:\/\/bobimarket.pl\/#organization\",\"name\":\"BOBIMARKET.pl\",\"url\":\"https:\/\/bobimarket.pl\/\",\"logo\":{\"@type\":\"ImageObject\",\"inLanguage\":\"pl-PL\",\"@id\":\"https:\/\/bobimarket.pl\/#\/schema\/logo\/image\/\",\"url\":\"https:\/\/bobimarket.pl\/wp-content\/uploads\/2021\/11\/slogan.png\",\"contentUrl\":\"https:\/\/bobimarket.pl\/wp-content\/uploads\/2021\/11\/slogan.png\",\"width\":2000,\"height\":384,\"caption\":\"BOBIMARKET.pl\"},\"image\":{\"@id\":\"https:\/\/bobimarket.pl\/#\/schema\/logo\/image\/\"}}]}<\/script>\n<!-- \/ Yoast SEO plugin. -->","yoast_head_json":{"title":"POJEMNIK MISKA KUBEK DO MIKSOWANIA 3L MOCNY - BOBIMARKET.pl - Remontuj i urz\u0105dzaj z nami","robots":{"index":"index","follow":"follow","max-snippet":"max-snippet:-1","max-image-preview":"max-image-preview:large","max-video-preview":"max-video-preview:-1"},"canonical":"https:\/\/bobimarket.pl\/index.php\/produkt\/pojemnik-miska-kubek-do-miksowania-3l-mocny\/","og_locale":"pl_PL","og_type":"article","og_title":"POJEMNIK MISKA KUBEK DO MIKSOWANIA 3L MOCNY - BOBIMARKET.pl - Remontuj i urz\u0105dzaj z nami","og_description":"POJEMNIK MISKA KUBEK DO MIKSOWANIA 3L MOCNY!! Dane techniczne: Pojemo\u015b\u0107: 3 litry Wymiary: 20,9x27x14,5cm Kolor: SZARY Materia\u0142: Tworzywo Nie zawiera Bisfenolu (BPA FREE)!!! Wysoka Jako\u015b\u0107!! Miska plastikowa, wykonana z wysokiej jako\u015bci tworzywa. Jest wielofunkcyjna, pos\u0142u\u017cy ci do zmiksowania produkt\u00f3w, wymieszania czy te\u017c do przechowywania. Pojemnik posiada wiele praktycznych zalet: Nie t\u0142ucze si\u0119 Jest trwa\u0142y i     Czytaj wi\u0119cej \"POJEMNIK MISKA KUBEK DO MIKSOWANIA 3L MOCNY\"","og_url":"https:\/\/bobimarket.pl\/index.php\/produkt\/pojemnik-miska-kubek-do-miksowania-3l-mocny\/","og_site_name":"BOBIMARKET.pl - Remontuj i urz\u0105dzaj z nami","article_modified_time":"2025-02-27T13:35:06+00:00","og_image":[{"width":2000,"height":384,"url":"https:\/\/bobimarket.pl\/wp-content\/uploads\/2021\/11\/slogan.png","type":"image\/png"}],"twitter_card":"summary_large_image","twitter_misc":{"Szacowany czas czytania":"1 minuta"},"schema":{"@context":"https:\/\/schema.org","@graph":[{"@type":"WebPage","@id":"https:\/\/bobimarket.pl\/index.php\/produkt\/pojemnik-miska-kubek-do-miksowania-3l-mocny\/","url":"https:\/\/bobimarket.pl\/index.php\/produkt\/pojemnik-miska-kubek-do-miksowania-3l-mocny\/","name":"POJEMNIK MISKA KUBEK DO MIKSOWANIA 3L MOCNY - BOBIMARKET.pl - Remontuj i urz\u0105dzaj z nami","isPartOf":{"@id":"https:\/\/bobimarket.pl\/#website"},"datePublished":"2023-08-29T15:58:55+00:00","dateModified":"2025-02-27T13:35:06+00:00","breadcrumb":{"@id":"https:\/\/bobimarket.pl\/index.php\/produkt\/pojemnik-miska-kubek-do-miksowania-3l-mocny\/#breadcrumb"},"inLanguage":"pl-PL","potentialAction":[{"@type":"ReadAction","target":["https:\/\/bobimarket.pl\/index.php\/produkt\/pojemnik-miska-kubek-do-miksowania-3l-mocny\/"]}]},{"@type":"BreadcrumbList","@id":"https:\/\/bobimarket.pl\/index.php\/produkt\/pojemnik-miska-kubek-do-miksowania-3l-mocny\/#breadcrumb","itemListElement":[{"@type":"ListItem","position":1,"name":"Strona g\u0142\u00f3wna","item":"https:\/\/bobimarket.pl\/"},{"@type":"ListItem","position":2,"name":"Sklep","item":"https:\/\/bobimarket.pl\/index.php\/shop\/"},{"@type":"ListItem","position":3,"name":"POJEMNIK MISKA KUBEK DO MIKSOWANIA 3L MOCNY"}]},{"@type":"WebSite","@id":"https:\/\/bobimarket.pl\/#website","url":"https:\/\/bobimarket.pl\/","name":"BOBIMARKET.pl - Remontuj i urz\u0105dzaj z nami","description":"Remontuj i urz\u0105dzaj z nami","publisher":{"@id":"https:\/\/bobimarket.pl\/#organization"},"potentialAction":[{"@type":"SearchAction","target":{"@type":"EntryPoint","urlTemplate":"https:\/\/bobimarket.pl\/?s={search_term_string}"},"query-input":"required name=search_term_string"}],"inLanguage":"pl-PL"},{"@type":"Organization","@id":"https:\/\/bobimarket.pl\/#organization","name":"BOBIMARKET.pl","url":"https:\/\/bobimarket.pl\/","logo":{"@type":"ImageObject","inLanguage":"pl-PL","@id":"https:\/\/bobimarket.pl\/#\/schema\/logo\/image\/","url":"https:\/\/bobimarket.pl\/wp-content\/uploads\/2021\/11\/slogan.png","contentUrl":"https:\/\/bobimarket.pl\/wp-content\/uploads\/2021\/11\/slogan.png","width":2000,"height":384,"caption":"BOBIMARKET.pl"},"image":{"@id":"https:\/\/bobimarket.pl\/#\/schema\/logo\/image\/"}}]}},"_links":{"self":[{"href":"https:\/\/bobimarket.pl\/index.php\/wp-json\/wp\/v2\/product\/80920"}],"collection":[{"href":"https:\/\/bobimarket.pl\/index.php\/wp-json\/wp\/v2\/product"}],"about":[{"href":"https:\/\/bobimarket.pl\/index.php\/wp-json\/wp\/v2\/types\/product"}],"wp:featuredmedia":[{"embeddable":true,"href":"https:\/\/bobimarket.pl\/index.php\/wp-json\/wp\/v2\/media\/80919"}],"wp:attachment":[{"href":"https:\/\/bobimarket.pl\/index.php\/wp-json\/wp\/v2\/media?parent=80920"}],"wp:term":[{"taxonomy":"product_cat","embeddable":true,"href":"https:\/\/bobimarket.pl\/index.php\/wp-json\/wp\/v2\/product_cat?post=80920"},{"taxonomy":"product_tag","embeddable":true,"href":"https:\/\/bobimarket.pl\/index.php\/wp-json\/wp\/v2\/product_tag?post=80920"}],"curies":[{"name":"wp","href":"https:\/\/api.w.org\/{rel}","templated":true}]}}