{"id":80929,"date":"2023-08-29T15:59:44","date_gmt":"2023-08-29T15:59:44","guid":{"rendered":"https:\/\/bobimarket.pl\/index.php\/produkt\/sciagacz-lozysk-tulei-kol-3-ramienny-12-300mm\/"},"modified":"2025-12-03T15:07:30","modified_gmt":"2025-12-03T15:07:30","slug":"sciagacz-lozysk-tulei-kol-3-ramienny-12-300mm","status":"publish","type":"product","link":"https:\/\/bobimarket.pl\/index.php\/produkt\/sciagacz-lozysk-tulei-kol-3-ramienny-12-300mm\/","title":{"rendered":"\u015aCI\u0104GACZ \u0141O\u017bYSK TULEI K\u00d3\u0141 3-RAMIENNY 12&#8221; 300mm"},"content":{"rendered":"<section class=\"section\">\n<div class=\"item item-6\">\n<section class=\"image-item\">\n            <img decoding=\"async\" src=\"https:\/\/upload.cdn.baselinker.com\/products\/14476\/191ca8bcad3c3fb6c19938e47e50c665.jpg\" \/><br \/>\n        <\/section>\n<\/p><\/div>\n<div class=\"item item-6\">\n<section class=\"text-item\">\n<h2>\u015aCI\u0104GACZ \u0141O\u017bYSK TULEI K\u00d3\u0141 3-RAMIENNY 12&#8221; 300mm<\/h2>\n<p><b>Dane techniczne:<\/b><\/p>\n<ul>\n<li>D\u0142ugo\u015b\u0107: 300 mm<\/li>\n<li>Rodzaj: 3-ramienny<\/li>\n<\/ul>\n<\/section><\/div>\n<\/section>\n<section class=\"section\">\n<div class=\"item item-6\">\n<section class=\"image-item\">\n            <img decoding=\"async\" src=\"https:\/\/upload.cdn.baselinker.com\/products\/14476\/adc7a520424486c60759ec07d1f0573b.jpg\" \/><br \/>\n        <\/section>\n<\/p><\/div>\n<div class=\"item item-6\">\n<section class=\"text-item\">\n<p>Proste w obs\u0142udze i wytrzyma\u0142e narz\u0119dzie przeznaczone do demonta\u017c wszelkiego rodzaju \u0142o\u017cysk zewn\u0119trznych lub wewn\u0119trznych. Swoje zastosowanie znajdzie w warsztatach samochodwocyh lub podczas samodzielnych prac w gara\u017cu.<\/p>\n<ul>\n<li>Umo\u017cliwia regulacj\u0119 ka\u017cdego z trzech ramion osobno.<\/li>\n<\/ul>\n<ul>\n<li>Mo\u017cliwo\u015b\u0107 regulacji rozstawu ramion w prowadnicach.<\/li>\n<\/ul>\n<\/section><\/div>\n<\/section>\n<section class=\"section\">\n<div class=\"item item-6\">\n<section class=\"image-item\">\n            <img decoding=\"async\" src=\"https:\/\/upload.cdn.baselinker.com\/products\/14476\/54efe75c61aa4638849a9cd4e41a06c7.jpg\" \/><br \/>\n        <\/section>\n<\/p><\/div>\n<div class=\"item item-6\">\n<section class=\"text-item\">\n<p>\u2705 \u015aci\u0105gacz jest uniwersalny. Umo\u017cliwia chwytanie nie tyko za \u015brednic\u0119 zewn\u0119trzn\u0105, ale r\u00f3wnie\u017c \u2013 po odwr\u00f3ceniu \u0142ap- za otw\u00f3r.<\/p>\n<\/section><\/div>\n<\/section>\n","protected":false},"excerpt":{"rendered":"<p>\u015aCI\u0104GACZ \u0141O\u017bYSK TULEI K\u00d3\u0141 3-RAMIENNY 12&#8221; 300mm Dane techniczne: D\u0142ugo\u015b\u0107: 300 mm Rodzaj: 3-ramienny Proste w obs\u0142udze i wytrzyma\u0142e narz\u0119dzie przeznaczone do demonta\u017c wszelkiego rodzaju \u0142o\u017cysk zewn\u0119trznych lub wewn\u0119trznych. Swoje zastosowanie znajdzie w warsztatach samochodwocyh lub podczas samodzielnych prac w gara\u017cu. Umo\u017cliwia regulacj\u0119 ka\u017cdego z trzech ramion osobno. Mo\u017cliwo\u015b\u0107 regulacji rozstawu ramion w prowadnicach. \u2705<br \/><a class=\"more-link\" href=\"https:\/\/bobimarket.pl\/index.php\/produkt\/sciagacz-lozysk-tulei-kol-3-ramienny-12-300mm\/\"><br \/>\n        Czytaj wi\u0119cej<span class=\"screen-reader-text\"> &#8222;\u015aCI\u0104GACZ \u0141O\u017bYSK TULEI K\u00d3\u0141 3-RAMIENNY 12&#8221; 300mm&#8221;<\/span><\/a><\/p>\n","protected":false},"featured_media":80924,"template":"","meta":[],"product_cat":[8127],"product_tag":[],"yoast_head":"<!-- This site is optimized with the Yoast SEO plugin v21.0 - https:\/\/yoast.com\/wordpress\/plugins\/seo\/ -->\n<title>\u015aCI\u0104GACZ \u0141O\u017bYSK TULEI K\u00d3\u0141 3-RAMIENNY 12&#039;&#039; 300mm - BOBIMARKET.pl - Remontuj i urz\u0105dzaj z nami<\/title>\n<meta name=\"robots\" content=\"index, follow, max-snippet:-1, max-image-preview:large, max-video-preview:-1\" \/>\n<link rel=\"canonical\" href=\"https:\/\/bobimarket.pl\/index.php\/produkt\/sciagacz-lozysk-tulei-kol-3-ramienny-12-300mm\/\" \/>\n<meta property=\"og:locale\" content=\"pl_PL\" \/>\n<meta property=\"og:type\" content=\"article\" \/>\n<meta property=\"og:title\" content=\"\u015aCI\u0104GACZ \u0141O\u017bYSK TULEI K\u00d3\u0141 3-RAMIENNY 12&#039;&#039; 300mm - BOBIMARKET.pl - Remontuj i urz\u0105dzaj z nami\" \/>\n<meta property=\"og:description\" content=\"\u015aCI\u0104GACZ \u0141O\u017bYSK TULEI K\u00d3\u0141 3-RAMIENNY 12&#8221; 300mm Dane techniczne: D\u0142ugo\u015b\u0107: 300 mm Rodzaj: 3-ramienny Proste w obs\u0142udze i wytrzyma\u0142e narz\u0119dzie przeznaczone do demonta\u017c wszelkiego rodzaju \u0142o\u017cysk zewn\u0119trznych lub wewn\u0119trznych. Swoje zastosowanie znajdzie w warsztatach samochodwocyh lub podczas samodzielnych prac w gara\u017cu. Umo\u017cliwia regulacj\u0119 ka\u017cdego z trzech ramion osobno. Mo\u017cliwo\u015b\u0107 regulacji rozstawu ramion w prowadnicach. \u2705     Czytaj wi\u0119cej &quot;\u015aCI\u0104GACZ \u0141O\u017bYSK TULEI K\u00d3\u0141 3-RAMIENNY 12&#8221; 300mm&quot;\" \/>\n<meta property=\"og:url\" content=\"https:\/\/bobimarket.pl\/index.php\/produkt\/sciagacz-lozysk-tulei-kol-3-ramienny-12-300mm\/\" \/>\n<meta property=\"og:site_name\" content=\"BOBIMARKET.pl - Remontuj i urz\u0105dzaj z nami\" \/>\n<meta property=\"article:modified_time\" content=\"2025-12-03T15:07:30+00:00\" \/>\n<meta property=\"og:image\" content=\"https:\/\/upload.cdn.baselinker.com\/products\/14476\/191ca8bcad3c3fb6c19938e47e50c665.jpg\" \/>\n<meta name=\"twitter:card\" content=\"summary_large_image\" \/>\n<script type=\"application\/ld+json\" class=\"yoast-schema-graph\">{\"@context\":\"https:\/\/schema.org\",\"@graph\":[{\"@type\":\"WebPage\",\"@id\":\"https:\/\/bobimarket.pl\/index.php\/produkt\/sciagacz-lozysk-tulei-kol-3-ramienny-12-300mm\/\",\"url\":\"https:\/\/bobimarket.pl\/index.php\/produkt\/sciagacz-lozysk-tulei-kol-3-ramienny-12-300mm\/\",\"name\":\"\u015aCI\u0104GACZ \u0141O\u017bYSK TULEI K\u00d3\u0141 3-RAMIENNY 12'' 300mm - BOBIMARKET.pl - Remontuj i urz\u0105dzaj z nami\",\"isPartOf\":{\"@id\":\"https:\/\/bobimarket.pl\/#website\"},\"datePublished\":\"2023-08-29T15:59:44+00:00\",\"dateModified\":\"2025-12-03T15:07:30+00:00\",\"breadcrumb\":{\"@id\":\"https:\/\/bobimarket.pl\/index.php\/produkt\/sciagacz-lozysk-tulei-kol-3-ramienny-12-300mm\/#breadcrumb\"},\"inLanguage\":\"pl-PL\",\"potentialAction\":[{\"@type\":\"ReadAction\",\"target\":[\"https:\/\/bobimarket.pl\/index.php\/produkt\/sciagacz-lozysk-tulei-kol-3-ramienny-12-300mm\/\"]}]},{\"@type\":\"BreadcrumbList\",\"@id\":\"https:\/\/bobimarket.pl\/index.php\/produkt\/sciagacz-lozysk-tulei-kol-3-ramienny-12-300mm\/#breadcrumb\",\"itemListElement\":[{\"@type\":\"ListItem\",\"position\":1,\"name\":\"Strona g\u0142\u00f3wna\",\"item\":\"https:\/\/bobimarket.pl\/\"},{\"@type\":\"ListItem\",\"position\":2,\"name\":\"Sklep\",\"item\":\"https:\/\/bobimarket.pl\/index.php\/shop\/\"},{\"@type\":\"ListItem\",\"position\":3,\"name\":\"\u015aCI\u0104GACZ \u0141O\u017bYSK TULEI K\u00d3\u0141 3-RAMIENNY 12&#8221; 300mm\"}]},{\"@type\":\"WebSite\",\"@id\":\"https:\/\/bobimarket.pl\/#website\",\"url\":\"https:\/\/bobimarket.pl\/\",\"name\":\"BOBIMARKET.pl - Remontuj i urz\u0105dzaj z nami\",\"description\":\"Remontuj i urz\u0105dzaj z nami\",\"publisher\":{\"@id\":\"https:\/\/bobimarket.pl\/#organization\"},\"potentialAction\":[{\"@type\":\"SearchAction\",\"target\":{\"@type\":\"EntryPoint\",\"urlTemplate\":\"https:\/\/bobimarket.pl\/?s={search_term_string}\"},\"query-input\":\"required name=search_term_string\"}],\"inLanguage\":\"pl-PL\"},{\"@type\":\"Organization\",\"@id\":\"https:\/\/bobimarket.pl\/#organization\",\"name\":\"BOBIMARKET.pl\",\"url\":\"https:\/\/bobimarket.pl\/\",\"logo\":{\"@type\":\"ImageObject\",\"inLanguage\":\"pl-PL\",\"@id\":\"https:\/\/bobimarket.pl\/#\/schema\/logo\/image\/\",\"url\":\"https:\/\/bobimarket.pl\/wp-content\/uploads\/2021\/11\/slogan.png\",\"contentUrl\":\"https:\/\/bobimarket.pl\/wp-content\/uploads\/2021\/11\/slogan.png\",\"width\":2000,\"height\":384,\"caption\":\"BOBIMARKET.pl\"},\"image\":{\"@id\":\"https:\/\/bobimarket.pl\/#\/schema\/logo\/image\/\"}}]}<\/script>\n<!-- \/ Yoast SEO plugin. -->","yoast_head_json":{"title":"\u015aCI\u0104GACZ \u0141O\u017bYSK TULEI K\u00d3\u0141 3-RAMIENNY 12'' 300mm - BOBIMARKET.pl - Remontuj i urz\u0105dzaj z nami","robots":{"index":"index","follow":"follow","max-snippet":"max-snippet:-1","max-image-preview":"max-image-preview:large","max-video-preview":"max-video-preview:-1"},"canonical":"https:\/\/bobimarket.pl\/index.php\/produkt\/sciagacz-lozysk-tulei-kol-3-ramienny-12-300mm\/","og_locale":"pl_PL","og_type":"article","og_title":"\u015aCI\u0104GACZ \u0141O\u017bYSK TULEI K\u00d3\u0141 3-RAMIENNY 12'' 300mm - BOBIMARKET.pl - Remontuj i urz\u0105dzaj z nami","og_description":"\u015aCI\u0104GACZ \u0141O\u017bYSK TULEI K\u00d3\u0141 3-RAMIENNY 12&#8221; 300mm Dane techniczne: D\u0142ugo\u015b\u0107: 300 mm Rodzaj: 3-ramienny Proste w obs\u0142udze i wytrzyma\u0142e narz\u0119dzie przeznaczone do demonta\u017c wszelkiego rodzaju \u0142o\u017cysk zewn\u0119trznych lub wewn\u0119trznych. Swoje zastosowanie znajdzie w warsztatach samochodwocyh lub podczas samodzielnych prac w gara\u017cu. Umo\u017cliwia regulacj\u0119 ka\u017cdego z trzech ramion osobno. Mo\u017cliwo\u015b\u0107 regulacji rozstawu ramion w prowadnicach. \u2705     Czytaj wi\u0119cej \"\u015aCI\u0104GACZ \u0141O\u017bYSK TULEI K\u00d3\u0141 3-RAMIENNY 12&#8221; 300mm\"","og_url":"https:\/\/bobimarket.pl\/index.php\/produkt\/sciagacz-lozysk-tulei-kol-3-ramienny-12-300mm\/","og_site_name":"BOBIMARKET.pl - Remontuj i urz\u0105dzaj z nami","article_modified_time":"2025-12-03T15:07:30+00:00","og_image":[{"url":"https:\/\/upload.cdn.baselinker.com\/products\/14476\/191ca8bcad3c3fb6c19938e47e50c665.jpg"}],"twitter_card":"summary_large_image","schema":{"@context":"https:\/\/schema.org","@graph":[{"@type":"WebPage","@id":"https:\/\/bobimarket.pl\/index.php\/produkt\/sciagacz-lozysk-tulei-kol-3-ramienny-12-300mm\/","url":"https:\/\/bobimarket.pl\/index.php\/produkt\/sciagacz-lozysk-tulei-kol-3-ramienny-12-300mm\/","name":"\u015aCI\u0104GACZ \u0141O\u017bYSK TULEI K\u00d3\u0141 3-RAMIENNY 12'' 300mm - BOBIMARKET.pl - Remontuj i urz\u0105dzaj z nami","isPartOf":{"@id":"https:\/\/bobimarket.pl\/#website"},"datePublished":"2023-08-29T15:59:44+00:00","dateModified":"2025-12-03T15:07:30+00:00","breadcrumb":{"@id":"https:\/\/bobimarket.pl\/index.php\/produkt\/sciagacz-lozysk-tulei-kol-3-ramienny-12-300mm\/#breadcrumb"},"inLanguage":"pl-PL","potentialAction":[{"@type":"ReadAction","target":["https:\/\/bobimarket.pl\/index.php\/produkt\/sciagacz-lozysk-tulei-kol-3-ramienny-12-300mm\/"]}]},{"@type":"BreadcrumbList","@id":"https:\/\/bobimarket.pl\/index.php\/produkt\/sciagacz-lozysk-tulei-kol-3-ramienny-12-300mm\/#breadcrumb","itemListElement":[{"@type":"ListItem","position":1,"name":"Strona g\u0142\u00f3wna","item":"https:\/\/bobimarket.pl\/"},{"@type":"ListItem","position":2,"name":"Sklep","item":"https:\/\/bobimarket.pl\/index.php\/shop\/"},{"@type":"ListItem","position":3,"name":"\u015aCI\u0104GACZ \u0141O\u017bYSK TULEI K\u00d3\u0141 3-RAMIENNY 12&#8221; 300mm"}]},{"@type":"WebSite","@id":"https:\/\/bobimarket.pl\/#website","url":"https:\/\/bobimarket.pl\/","name":"BOBIMARKET.pl - Remontuj i urz\u0105dzaj z nami","description":"Remontuj i urz\u0105dzaj z nami","publisher":{"@id":"https:\/\/bobimarket.pl\/#organization"},"potentialAction":[{"@type":"SearchAction","target":{"@type":"EntryPoint","urlTemplate":"https:\/\/bobimarket.pl\/?s={search_term_string}"},"query-input":"required name=search_term_string"}],"inLanguage":"pl-PL"},{"@type":"Organization","@id":"https:\/\/bobimarket.pl\/#organization","name":"BOBIMARKET.pl","url":"https:\/\/bobimarket.pl\/","logo":{"@type":"ImageObject","inLanguage":"pl-PL","@id":"https:\/\/bobimarket.pl\/#\/schema\/logo\/image\/","url":"https:\/\/bobimarket.pl\/wp-content\/uploads\/2021\/11\/slogan.png","contentUrl":"https:\/\/bobimarket.pl\/wp-content\/uploads\/2021\/11\/slogan.png","width":2000,"height":384,"caption":"BOBIMARKET.pl"},"image":{"@id":"https:\/\/bobimarket.pl\/#\/schema\/logo\/image\/"}}]}},"_links":{"self":[{"href":"https:\/\/bobimarket.pl\/index.php\/wp-json\/wp\/v2\/product\/80929"}],"collection":[{"href":"https:\/\/bobimarket.pl\/index.php\/wp-json\/wp\/v2\/product"}],"about":[{"href":"https:\/\/bobimarket.pl\/index.php\/wp-json\/wp\/v2\/types\/product"}],"wp:featuredmedia":[{"embeddable":true,"href":"https:\/\/bobimarket.pl\/index.php\/wp-json\/wp\/v2\/media\/80924"}],"wp:attachment":[{"href":"https:\/\/bobimarket.pl\/index.php\/wp-json\/wp\/v2\/media?parent=80929"}],"wp:term":[{"taxonomy":"product_cat","embeddable":true,"href":"https:\/\/bobimarket.pl\/index.php\/wp-json\/wp\/v2\/product_cat?post=80929"},{"taxonomy":"product_tag","embeddable":true,"href":"https:\/\/bobimarket.pl\/index.php\/wp-json\/wp\/v2\/product_tag?post=80929"}],"curies":[{"name":"wp","href":"https:\/\/api.w.org\/{rel}","templated":true}]}}