{"id":80941,"date":"2023-08-29T16:01:08","date_gmt":"2023-08-29T16:01:08","guid":{"rendered":"https:\/\/bobimarket.pl\/index.php\/produkt\/zestaw-do-polerowania-regeneracji-reflektorow-lamp\/"},"modified":"2025-02-27T13:35:21","modified_gmt":"2025-02-27T13:35:21","slug":"zestaw-do-polerowania-regeneracji-reflektorow-lamp","status":"publish","type":"product","link":"https:\/\/bobimarket.pl\/index.php\/produkt\/zestaw-do-polerowania-regeneracji-reflektorow-lamp\/","title":{"rendered":"ZESTAW DO POLEROWANIA REGENERACJI REFLEKTOR\u00d3W LAMP"},"content":{"rendered":"<section class=\"section\">\n<div class=\"item item-6\">\n<section class=\"image-item\">\n            <img decoding=\"async\" src=\"https:\/\/upload.cdn.baselinker.com\/products\/14476\/b4cf289a787af89cc23d627d63837d08.jpg\" \/><br \/>\n        <\/section>\n<\/p><\/div>\n<div class=\"item item-6\">\n<section class=\"text-item\">\n<h2>ZESTAW DO POLEROWANIA REGENERACJI REFLEKTOR\u00d3W LAMP<\/h2>\n<p><b>Zestaw sk\u0142ada si\u0119 z nast\u0119puj\u0105cych element\u00f3w: <\/b><\/p>\n<ul>\n<li>6 szt. kr\u0105\u017ck\u00f3w \u015bciernych mocowanych na rzep do pracy na mokro (po 2 szt. z ka\u017cdej granulacji: P800, P1200, P2000)<\/li>\n<li>1 szt. \u00a0futra polerskiego &#8211; pomara\u0144czowa g\u0105bka mocowana na rzep do g\u0142owicy,<\/li>\n<li>2 szt. pasty polerska ( x 40 gr ) &#8211; umieszczona w jednej tubce,<\/li>\n<li>2 szt. x p\u0142ynu zabezpieczaj\u0105cego przed promieniami UV (3ml)<\/li>\n<li>1 szt. \u00a0ta\u015bmy maskuj\u0105cej o d\u0142ugo\u015bci 300cm<\/li>\n<li>1 szt. g\u0142owicy amortyzuj\u0105cej do kr\u0105\u017ck\u00f3w<\/li>\n<li>1x aplikator ( g\u0105bka bia\u0142a)<\/li>\n<\/ul>\n<\/section><\/div>\n<\/section>\n<section class=\"section\">\n<div class=\"item item-6\">\n<section class=\"image-item\">\n            <img decoding=\"async\" src=\"https:\/\/upload.cdn.baselinker.com\/products\/14476\/002bb1f9272adfe6a3ae7a0096ce5cd6.jpg\" \/><br \/>\n        <\/section>\n<\/p><\/div>\n<div class=\"item item-6\">\n<section class=\"text-item\">\n<p><b>Chcesz odnowi\u0107 swoje reflektory ? W\u0142a\u015bnie znalaz\u0142e\u015b zestaw, kt\u00f3ry Ci w tym pomo\u017ce!<\/b><\/p>\n<p>Zestaw zawiera wszystkie potrzebne elementy, kt\u00f3re pozwol\u0105 na wypolerowanie reflektor\u00f3w w Twoim samochodzie. Z ich pomoc\u0105 przywr\u00f3cisz prze\u017aroczysto\u015b\u0107 reflektor\u00f3w, kt\u00f3re s\u0105 po\u017c\u00f3\u0142k\u0142e, zamglone.\u00a0<\/p>\n<p>Zestaw jest prosty w u\u017cyciu, do kompletu zosta\u0142a do\u0142\u0105czona instrukcja, kt\u00f3ra krok po kroku pokazuje jak ma przebiega\u0107 ca\u0142y proces. Jedyne czego potrzebujesz to maszyna polerska.<\/p>\n<ul>\n<li>Umo\u017cliwia regeneracj\u0119 dw\u00f3ch reflektor\u00f3w, \u0142atwiejsze i ta\u0144sze ni\u0107 wymiana na nowe.<\/li>\n<li>Jest skuteczny i wydajny, reflektory odzyskaj\u0105 sw\u00f3j dawny blask.<\/li>\n<li>S\u0142u\u017cy nie tylko do odnowienia reflektor\u00f3w, ale r\u00f3wnie\u017c zabezpiecza je i chroni przed ponownym zniszczeniem.<\/li>\n<li>Mo\u017ce zosta\u0107 u\u017cyty do reflektor\u00f3w, tylnych \u015bwiate\u0142, \u015bwiate\u0142 przeciwmgielnych lub \u015bwiate\u0142 kierunkowych.<\/li>\n<\/ul>\n<\/section><\/div>\n<\/section>\n<section class=\"section\">\n<div class=\"item item-6\">\n<section class=\"image-item\">\n            <img decoding=\"async\" src=\"https:\/\/upload.cdn.baselinker.com\/products\/14476\/21cea01b851e70ecc288a084bcdbaa8e.jpg\" \/><br \/>\n        <\/section>\n<\/p><\/div>\n<div class=\"item item-6\">\n<section class=\"text-item\">\n<h2>Trzy proste kroki: szlifuj, poleruj chro\u0144!<\/h2>\n<p><b>\u2705 G\u0142owica amortyzuj\u0105ca<\/b> do kr\u0105\u017ck\u00f3w, z mocowaniem\u00a0 na rzep. G\u0142owica posiada gwint M10, a w zestawie znajduje si\u0119 dodatkowo adapter do wiertarki \/ wkr\u0119tarki. <b>Adapter z gwintem M10<\/b> przeznaczony jest do mocowania g\u0142owicy amortyzuj\u0105cej, kr\u0105\u017ck\u00f3w \u015bciernych oraz g\u0105bki na wiertarce lub wkr\u0119tarce.<\/p>\n<p><b>\u2705 6 kr\u0105\u017ck\u00f3w \u015bciernych<\/b> mocowanych na rzep do pracy na mokro. Kr\u0105\u017cki maj\u0105 nast\u0119puj\u0105ce gradacje\u00a0 <b>P800, P1200, P2000<\/b>. W zestawie znajduje si\u0119 po 2 sztuki z ka\u017cdej gradacji.<\/p>\n<p><b>\u2705 <\/b><b>1 sztuka futra polerskiego<\/b>, kt\u00f3re jest mocowana na rzep do g\u0142owicy.<\/p>\n<p><b>\u2705 1 aplikator (g\u0105bka bia\u0142a),<\/b> s\u0142u\u017c\u0105cy do aplikacji p\u0142ynu zabezpieczaj\u0105cego<\/p>\n<\/section><\/div>\n<\/section>\n<section class=\"section\">\n<div class=\"item item-6\">\n<section class=\"image-item\">\n            <img decoding=\"async\" src=\"https:\/\/upload.cdn.baselinker.com\/products\/14476\/9da8427c7535958b09c8a217c7e34725.jpg\" \/><br \/>\n        <\/section>\n<\/p><\/div>\n<div class=\"item item-6\">\n<section class=\"text-item\">\n<p><b>\u2705<\/b><b> 2 x 40 gr pasta polerska<\/b> (umieszczona w jednej tubce)<\/p>\n<p><b>\u2705<\/b><b> 2 x 3ml p\u0142ynu zabezpieczaj\u0105cego<\/b> przed promieniami UV. P\u0142yn zapewnia doskona\u0142e zabezpieczenie powierzchni klosza przed promieniowaniem UV, blakni\u0119ciem\/\u017c\u00f3\u0142kni\u0119ciem klosza, utlenianiu plastiku<\/p>\n<p><b>\u2705<\/b><b> Ta\u015bma\u00a0 maskuj\u0105ca o d\u0142ugo\u015bci 300 cm<\/b>, dzi\u0119ki niej zabezpieczysz powierzchnie. Folia zosta\u0142a wyposa\u017cona w ta\u015bm\u0119, kt\u00f3ra u\u0142atwia mocowanie.<\/p>\n<\/section><\/div>\n<\/section>\n<section class=\"section\">\n<div class=\"item item-12\">\n<section class=\"image-item\">\n            <img decoding=\"async\" src=\"https:\/\/upload.cdn.baselinker.com\/products\/14476\/b4cf289a787af89cc23d627d63837d08.jpg\" \/><br \/>\n        <\/section>\n<\/p><\/div>\n<\/section>\n","protected":false},"excerpt":{"rendered":"<p>ZESTAW DO POLEROWANIA REGENERACJI REFLEKTOR\u00d3W LAMP Zestaw sk\u0142ada si\u0119 z nast\u0119puj\u0105cych element\u00f3w: 6 szt. kr\u0105\u017ck\u00f3w \u015bciernych mocowanych na rzep do pracy na mokro (po 2 szt. z ka\u017cdej granulacji: P800, P1200, P2000) 1 szt. \u00a0futra polerskiego &#8211; pomara\u0144czowa g\u0105bka mocowana na rzep do g\u0142owicy, 2 szt. pasty polerska ( x 40 gr ) &#8211; umieszczona<br \/><a class=\"more-link\" href=\"https:\/\/bobimarket.pl\/index.php\/produkt\/zestaw-do-polerowania-regeneracji-reflektorow-lamp\/\"><br \/>\n        Czytaj wi\u0119cej<span class=\"screen-reader-text\"> &#8222;ZESTAW DO POLEROWANIA REGENERACJI REFLEKTOR\u00d3W LAMP&#8221;<\/span><\/a><\/p>\n","protected":false},"featured_media":80935,"template":"","meta":[],"product_cat":[8146],"product_tag":[],"yoast_head":"<!-- This site is optimized with the Yoast SEO plugin v21.0 - https:\/\/yoast.com\/wordpress\/plugins\/seo\/ -->\n<title>ZESTAW DO POLEROWANIA REGENERACJI REFLEKTOR\u00d3W LAMP - BOBIMARKET.pl - Remontuj i urz\u0105dzaj z nami<\/title>\n<meta name=\"robots\" content=\"index, follow, max-snippet:-1, max-image-preview:large, max-video-preview:-1\" \/>\n<link rel=\"canonical\" href=\"https:\/\/bobimarket.pl\/index.php\/produkt\/zestaw-do-polerowania-regeneracji-reflektorow-lamp\/\" \/>\n<meta property=\"og:locale\" content=\"pl_PL\" \/>\n<meta property=\"og:type\" content=\"article\" \/>\n<meta property=\"og:title\" content=\"ZESTAW DO POLEROWANIA REGENERACJI REFLEKTOR\u00d3W LAMP - BOBIMARKET.pl - Remontuj i urz\u0105dzaj z nami\" \/>\n<meta property=\"og:description\" content=\"ZESTAW DO POLEROWANIA REGENERACJI REFLEKTOR\u00d3W LAMP Zestaw sk\u0142ada si\u0119 z nast\u0119puj\u0105cych element\u00f3w: 6 szt. kr\u0105\u017ck\u00f3w \u015bciernych mocowanych na rzep do pracy na mokro (po 2 szt. z ka\u017cdej granulacji: P800, P1200, P2000) 1 szt. \u00a0futra polerskiego &#8211; pomara\u0144czowa g\u0105bka mocowana na rzep do g\u0142owicy, 2 szt. pasty polerska ( x 40 gr ) &#8211; umieszczona     Czytaj wi\u0119cej &quot;ZESTAW DO POLEROWANIA REGENERACJI REFLEKTOR\u00d3W LAMP&quot;\" \/>\n<meta property=\"og:url\" content=\"https:\/\/bobimarket.pl\/index.php\/produkt\/zestaw-do-polerowania-regeneracji-reflektorow-lamp\/\" \/>\n<meta property=\"og:site_name\" content=\"BOBIMARKET.pl - Remontuj i urz\u0105dzaj z nami\" \/>\n<meta property=\"article:modified_time\" content=\"2025-02-27T13:35:21+00:00\" \/>\n<meta property=\"og:image\" content=\"https:\/\/upload.cdn.baselinker.com\/products\/14476\/b4cf289a787af89cc23d627d63837d08.jpg\" \/>\n<meta name=\"twitter:card\" content=\"summary_large_image\" \/>\n<meta name=\"twitter:label1\" content=\"Szacowany czas czytania\" \/>\n\t<meta name=\"twitter:data1\" content=\"2 minuty\" \/>\n<script type=\"application\/ld+json\" class=\"yoast-schema-graph\">{\"@context\":\"https:\/\/schema.org\",\"@graph\":[{\"@type\":\"WebPage\",\"@id\":\"https:\/\/bobimarket.pl\/index.php\/produkt\/zestaw-do-polerowania-regeneracji-reflektorow-lamp\/\",\"url\":\"https:\/\/bobimarket.pl\/index.php\/produkt\/zestaw-do-polerowania-regeneracji-reflektorow-lamp\/\",\"name\":\"ZESTAW DO POLEROWANIA REGENERACJI REFLEKTOR\u00d3W LAMP - BOBIMARKET.pl - Remontuj i urz\u0105dzaj z nami\",\"isPartOf\":{\"@id\":\"https:\/\/bobimarket.pl\/#website\"},\"datePublished\":\"2023-08-29T16:01:08+00:00\",\"dateModified\":\"2025-02-27T13:35:21+00:00\",\"breadcrumb\":{\"@id\":\"https:\/\/bobimarket.pl\/index.php\/produkt\/zestaw-do-polerowania-regeneracji-reflektorow-lamp\/#breadcrumb\"},\"inLanguage\":\"pl-PL\",\"potentialAction\":[{\"@type\":\"ReadAction\",\"target\":[\"https:\/\/bobimarket.pl\/index.php\/produkt\/zestaw-do-polerowania-regeneracji-reflektorow-lamp\/\"]}]},{\"@type\":\"BreadcrumbList\",\"@id\":\"https:\/\/bobimarket.pl\/index.php\/produkt\/zestaw-do-polerowania-regeneracji-reflektorow-lamp\/#breadcrumb\",\"itemListElement\":[{\"@type\":\"ListItem\",\"position\":1,\"name\":\"Strona g\u0142\u00f3wna\",\"item\":\"https:\/\/bobimarket.pl\/\"},{\"@type\":\"ListItem\",\"position\":2,\"name\":\"Sklep\",\"item\":\"https:\/\/bobimarket.pl\/index.php\/shop\/\"},{\"@type\":\"ListItem\",\"position\":3,\"name\":\"ZESTAW DO POLEROWANIA REGENERACJI REFLEKTOR\u00d3W LAMP\"}]},{\"@type\":\"WebSite\",\"@id\":\"https:\/\/bobimarket.pl\/#website\",\"url\":\"https:\/\/bobimarket.pl\/\",\"name\":\"BOBIMARKET.pl - Remontuj i urz\u0105dzaj z nami\",\"description\":\"Remontuj i urz\u0105dzaj z nami\",\"publisher\":{\"@id\":\"https:\/\/bobimarket.pl\/#organization\"},\"potentialAction\":[{\"@type\":\"SearchAction\",\"target\":{\"@type\":\"EntryPoint\",\"urlTemplate\":\"https:\/\/bobimarket.pl\/?s={search_term_string}\"},\"query-input\":\"required name=search_term_string\"}],\"inLanguage\":\"pl-PL\"},{\"@type\":\"Organization\",\"@id\":\"https:\/\/bobimarket.pl\/#organization\",\"name\":\"BOBIMARKET.pl\",\"url\":\"https:\/\/bobimarket.pl\/\",\"logo\":{\"@type\":\"ImageObject\",\"inLanguage\":\"pl-PL\",\"@id\":\"https:\/\/bobimarket.pl\/#\/schema\/logo\/image\/\",\"url\":\"https:\/\/bobimarket.pl\/wp-content\/uploads\/2021\/11\/slogan.png\",\"contentUrl\":\"https:\/\/bobimarket.pl\/wp-content\/uploads\/2021\/11\/slogan.png\",\"width\":2000,\"height\":384,\"caption\":\"BOBIMARKET.pl\"},\"image\":{\"@id\":\"https:\/\/bobimarket.pl\/#\/schema\/logo\/image\/\"}}]}<\/script>\n<!-- \/ Yoast SEO plugin. -->","yoast_head_json":{"title":"ZESTAW DO POLEROWANIA REGENERACJI REFLEKTOR\u00d3W LAMP - BOBIMARKET.pl - Remontuj i urz\u0105dzaj z nami","robots":{"index":"index","follow":"follow","max-snippet":"max-snippet:-1","max-image-preview":"max-image-preview:large","max-video-preview":"max-video-preview:-1"},"canonical":"https:\/\/bobimarket.pl\/index.php\/produkt\/zestaw-do-polerowania-regeneracji-reflektorow-lamp\/","og_locale":"pl_PL","og_type":"article","og_title":"ZESTAW DO POLEROWANIA REGENERACJI REFLEKTOR\u00d3W LAMP - BOBIMARKET.pl - Remontuj i urz\u0105dzaj z nami","og_description":"ZESTAW DO POLEROWANIA REGENERACJI REFLEKTOR\u00d3W LAMP Zestaw sk\u0142ada si\u0119 z nast\u0119puj\u0105cych element\u00f3w: 6 szt. kr\u0105\u017ck\u00f3w \u015bciernych mocowanych na rzep do pracy na mokro (po 2 szt. z ka\u017cdej granulacji: P800, P1200, P2000) 1 szt. \u00a0futra polerskiego &#8211; pomara\u0144czowa g\u0105bka mocowana na rzep do g\u0142owicy, 2 szt. pasty polerska ( x 40 gr ) &#8211; umieszczona     Czytaj wi\u0119cej \"ZESTAW DO POLEROWANIA REGENERACJI REFLEKTOR\u00d3W LAMP\"","og_url":"https:\/\/bobimarket.pl\/index.php\/produkt\/zestaw-do-polerowania-regeneracji-reflektorow-lamp\/","og_site_name":"BOBIMARKET.pl - Remontuj i urz\u0105dzaj z nami","article_modified_time":"2025-02-27T13:35:21+00:00","og_image":[{"url":"https:\/\/upload.cdn.baselinker.com\/products\/14476\/b4cf289a787af89cc23d627d63837d08.jpg"}],"twitter_card":"summary_large_image","twitter_misc":{"Szacowany czas czytania":"2 minuty"},"schema":{"@context":"https:\/\/schema.org","@graph":[{"@type":"WebPage","@id":"https:\/\/bobimarket.pl\/index.php\/produkt\/zestaw-do-polerowania-regeneracji-reflektorow-lamp\/","url":"https:\/\/bobimarket.pl\/index.php\/produkt\/zestaw-do-polerowania-regeneracji-reflektorow-lamp\/","name":"ZESTAW DO POLEROWANIA REGENERACJI REFLEKTOR\u00d3W LAMP - BOBIMARKET.pl - Remontuj i urz\u0105dzaj z nami","isPartOf":{"@id":"https:\/\/bobimarket.pl\/#website"},"datePublished":"2023-08-29T16:01:08+00:00","dateModified":"2025-02-27T13:35:21+00:00","breadcrumb":{"@id":"https:\/\/bobimarket.pl\/index.php\/produkt\/zestaw-do-polerowania-regeneracji-reflektorow-lamp\/#breadcrumb"},"inLanguage":"pl-PL","potentialAction":[{"@type":"ReadAction","target":["https:\/\/bobimarket.pl\/index.php\/produkt\/zestaw-do-polerowania-regeneracji-reflektorow-lamp\/"]}]},{"@type":"BreadcrumbList","@id":"https:\/\/bobimarket.pl\/index.php\/produkt\/zestaw-do-polerowania-regeneracji-reflektorow-lamp\/#breadcrumb","itemListElement":[{"@type":"ListItem","position":1,"name":"Strona g\u0142\u00f3wna","item":"https:\/\/bobimarket.pl\/"},{"@type":"ListItem","position":2,"name":"Sklep","item":"https:\/\/bobimarket.pl\/index.php\/shop\/"},{"@type":"ListItem","position":3,"name":"ZESTAW DO POLEROWANIA REGENERACJI REFLEKTOR\u00d3W LAMP"}]},{"@type":"WebSite","@id":"https:\/\/bobimarket.pl\/#website","url":"https:\/\/bobimarket.pl\/","name":"BOBIMARKET.pl - Remontuj i urz\u0105dzaj z nami","description":"Remontuj i urz\u0105dzaj z nami","publisher":{"@id":"https:\/\/bobimarket.pl\/#organization"},"potentialAction":[{"@type":"SearchAction","target":{"@type":"EntryPoint","urlTemplate":"https:\/\/bobimarket.pl\/?s={search_term_string}"},"query-input":"required name=search_term_string"}],"inLanguage":"pl-PL"},{"@type":"Organization","@id":"https:\/\/bobimarket.pl\/#organization","name":"BOBIMARKET.pl","url":"https:\/\/bobimarket.pl\/","logo":{"@type":"ImageObject","inLanguage":"pl-PL","@id":"https:\/\/bobimarket.pl\/#\/schema\/logo\/image\/","url":"https:\/\/bobimarket.pl\/wp-content\/uploads\/2021\/11\/slogan.png","contentUrl":"https:\/\/bobimarket.pl\/wp-content\/uploads\/2021\/11\/slogan.png","width":2000,"height":384,"caption":"BOBIMARKET.pl"},"image":{"@id":"https:\/\/bobimarket.pl\/#\/schema\/logo\/image\/"}}]}},"_links":{"self":[{"href":"https:\/\/bobimarket.pl\/index.php\/wp-json\/wp\/v2\/product\/80941"}],"collection":[{"href":"https:\/\/bobimarket.pl\/index.php\/wp-json\/wp\/v2\/product"}],"about":[{"href":"https:\/\/bobimarket.pl\/index.php\/wp-json\/wp\/v2\/types\/product"}],"wp:featuredmedia":[{"embeddable":true,"href":"https:\/\/bobimarket.pl\/index.php\/wp-json\/wp\/v2\/media\/80935"}],"wp:attachment":[{"href":"https:\/\/bobimarket.pl\/index.php\/wp-json\/wp\/v2\/media?parent=80941"}],"wp:term":[{"taxonomy":"product_cat","embeddable":true,"href":"https:\/\/bobimarket.pl\/index.php\/wp-json\/wp\/v2\/product_cat?post=80941"},{"taxonomy":"product_tag","embeddable":true,"href":"https:\/\/bobimarket.pl\/index.php\/wp-json\/wp\/v2\/product_tag?post=80941"}],"curies":[{"name":"wp","href":"https:\/\/api.w.org\/{rel}","templated":true}]}}