{"id":80945,"date":"2023-08-29T16:01:25","date_gmt":"2023-08-29T16:01:25","guid":{"rendered":"https:\/\/bobimarket.pl\/index.php\/produkt\/redukcja-przejsciowka-adapter-1-2-na-3-8-cala-crv\/"},"modified":"2025-02-27T13:35:25","modified_gmt":"2025-02-27T13:35:25","slug":"redukcja-przejsciowka-adapter-1-2-na-3-8-cala-crv","status":"publish","type":"product","link":"https:\/\/bobimarket.pl\/index.php\/produkt\/redukcja-przejsciowka-adapter-1-2-na-3-8-cala-crv\/","title":{"rendered":"REDUKCJA PRZEJ\u015aCI\u00d3WKA ADAPTER 1\/2 NA 3\/8 CALA CrV"},"content":{"rendered":"<section class=\"section\">\n<div class=\"item item-6\">\n<section class=\"image-item\">\n            <img decoding=\"async\" src=\"https:\/\/upload.cdn.baselinker.com\/products\/14476\/75b595f8b03d2f1dcab038b5f7a38313.jpg\" \/><br \/>\n        <\/section>\n<\/p><\/div>\n<div class=\"item item-6\">\n<section class=\"text-item\">\n<h2>REDUKCJA PRZEJ\u015aCI\u00d3WKA ADAPTER 1\/2 NA 3\/8 CALA CrV<\/h2>\n<p><b>Dane techniczne:<\/b><\/p>\n<ul>\n<li>Materia\u0142: stal chromowo-wanadowa<\/li>\n<li>Redukcja: 1\/2&#8221; na 3\/8&#8221;<\/li>\n<\/ul>\n<\/section><\/div>\n<\/section>\n<section class=\"section\">\n<div class=\"item item-6\">\n<section class=\"image-item\">\n            <img decoding=\"async\" src=\"https:\/\/upload.cdn.baselinker.com\/products\/14476\/5e65724ff74ce1cc9b84c6addd8349eb.jpg\" \/><br \/>\n        <\/section>\n<\/p><\/div>\n<div class=\"item item-6\">\n<section class=\"text-item\">\n<p>Przydatny adapter wykonany ze stalo chromowo-wanadowej. Materia\u0142 ten gwarantuje wytrzyma\u0142o\u015b\u0107 oraz \u017cywotno\u015bc narz\u0119dzia. Odpowiedni do zamontowania na pokr\u0119t\u0142ach <b>1\/2&#8243;<\/b> nasadek oraz przed\u0142u\u017cek <b>3\/8&#8243;<\/b>. Redukcja zosta\u0142a wyposa\u017cona w kulk\u0119 blokuj\u0105c\u0105.<\/p>\n<\/section><\/div>\n<\/section>\n","protected":false},"excerpt":{"rendered":"<p>REDUKCJA PRZEJ\u015aCI\u00d3WKA ADAPTER 1\/2 NA 3\/8 CALA CrV Dane techniczne: Materia\u0142: stal chromowo-wanadowa Redukcja: 1\/2&#8221; na 3\/8&#8221; Przydatny adapter wykonany ze stalo chromowo-wanadowej. Materia\u0142 ten gwarantuje wytrzyma\u0142o\u015b\u0107 oraz \u017cywotno\u015bc narz\u0119dzia. Odpowiedni do zamontowania na pokr\u0119t\u0142ach 1\/2&#8243; nasadek oraz przed\u0142u\u017cek 3\/8&#8243;. Redukcja zosta\u0142a wyposa\u017cona w kulk\u0119 blokuj\u0105c\u0105.<\/p>\n","protected":false},"featured_media":80942,"template":"","meta":[],"product_cat":[8147],"product_tag":[],"yoast_head":"<!-- This site is optimized with the Yoast SEO plugin v21.0 - https:\/\/yoast.com\/wordpress\/plugins\/seo\/ -->\n<title>REDUKCJA PRZEJ\u015aCI\u00d3WKA ADAPTER 1\/2 NA 3\/8 CALA CrV - BOBIMARKET.pl - Remontuj i urz\u0105dzaj z nami<\/title>\n<meta name=\"robots\" content=\"index, follow, max-snippet:-1, max-image-preview:large, max-video-preview:-1\" \/>\n<link rel=\"canonical\" href=\"https:\/\/bobimarket.pl\/index.php\/produkt\/redukcja-przejsciowka-adapter-1-2-na-3-8-cala-crv\/\" \/>\n<meta property=\"og:locale\" content=\"pl_PL\" \/>\n<meta property=\"og:type\" content=\"article\" \/>\n<meta property=\"og:title\" content=\"REDUKCJA PRZEJ\u015aCI\u00d3WKA ADAPTER 1\/2 NA 3\/8 CALA CrV - BOBIMARKET.pl - Remontuj i urz\u0105dzaj z nami\" \/>\n<meta property=\"og:description\" content=\"REDUKCJA PRZEJ\u015aCI\u00d3WKA ADAPTER 1\/2 NA 3\/8 CALA CrV Dane techniczne: Materia\u0142: stal chromowo-wanadowa Redukcja: 1\/2&#8221; na 3\/8&#8221; Przydatny adapter wykonany ze stalo chromowo-wanadowej. Materia\u0142 ten gwarantuje wytrzyma\u0142o\u015b\u0107 oraz \u017cywotno\u015bc narz\u0119dzia. Odpowiedni do zamontowania na pokr\u0119t\u0142ach 1\/2&#8243; nasadek oraz przed\u0142u\u017cek 3\/8&#8243;. Redukcja zosta\u0142a wyposa\u017cona w kulk\u0119 blokuj\u0105c\u0105.\" \/>\n<meta property=\"og:url\" content=\"https:\/\/bobimarket.pl\/index.php\/produkt\/redukcja-przejsciowka-adapter-1-2-na-3-8-cala-crv\/\" \/>\n<meta property=\"og:site_name\" content=\"BOBIMARKET.pl - Remontuj i urz\u0105dzaj z nami\" \/>\n<meta property=\"article:modified_time\" content=\"2025-02-27T13:35:25+00:00\" \/>\n<meta property=\"og:image\" content=\"https:\/\/upload.cdn.baselinker.com\/products\/14476\/75b595f8b03d2f1dcab038b5f7a38313.jpg\" \/>\n<meta name=\"twitter:card\" content=\"summary_large_image\" \/>\n<script type=\"application\/ld+json\" class=\"yoast-schema-graph\">{\"@context\":\"https:\/\/schema.org\",\"@graph\":[{\"@type\":\"WebPage\",\"@id\":\"https:\/\/bobimarket.pl\/index.php\/produkt\/redukcja-przejsciowka-adapter-1-2-na-3-8-cala-crv\/\",\"url\":\"https:\/\/bobimarket.pl\/index.php\/produkt\/redukcja-przejsciowka-adapter-1-2-na-3-8-cala-crv\/\",\"name\":\"REDUKCJA PRZEJ\u015aCI\u00d3WKA ADAPTER 1\/2 NA 3\/8 CALA CrV - BOBIMARKET.pl - Remontuj i urz\u0105dzaj z nami\",\"isPartOf\":{\"@id\":\"https:\/\/bobimarket.pl\/#website\"},\"datePublished\":\"2023-08-29T16:01:25+00:00\",\"dateModified\":\"2025-02-27T13:35:25+00:00\",\"breadcrumb\":{\"@id\":\"https:\/\/bobimarket.pl\/index.php\/produkt\/redukcja-przejsciowka-adapter-1-2-na-3-8-cala-crv\/#breadcrumb\"},\"inLanguage\":\"pl-PL\",\"potentialAction\":[{\"@type\":\"ReadAction\",\"target\":[\"https:\/\/bobimarket.pl\/index.php\/produkt\/redukcja-przejsciowka-adapter-1-2-na-3-8-cala-crv\/\"]}]},{\"@type\":\"BreadcrumbList\",\"@id\":\"https:\/\/bobimarket.pl\/index.php\/produkt\/redukcja-przejsciowka-adapter-1-2-na-3-8-cala-crv\/#breadcrumb\",\"itemListElement\":[{\"@type\":\"ListItem\",\"position\":1,\"name\":\"Strona g\u0142\u00f3wna\",\"item\":\"https:\/\/bobimarket.pl\/\"},{\"@type\":\"ListItem\",\"position\":2,\"name\":\"Sklep\",\"item\":\"https:\/\/bobimarket.pl\/index.php\/shop\/\"},{\"@type\":\"ListItem\",\"position\":3,\"name\":\"REDUKCJA PRZEJ\u015aCI\u00d3WKA ADAPTER 1\/2 NA 3\/8 CALA CrV\"}]},{\"@type\":\"WebSite\",\"@id\":\"https:\/\/bobimarket.pl\/#website\",\"url\":\"https:\/\/bobimarket.pl\/\",\"name\":\"BOBIMARKET.pl - Remontuj i urz\u0105dzaj z nami\",\"description\":\"Remontuj i urz\u0105dzaj z nami\",\"publisher\":{\"@id\":\"https:\/\/bobimarket.pl\/#organization\"},\"potentialAction\":[{\"@type\":\"SearchAction\",\"target\":{\"@type\":\"EntryPoint\",\"urlTemplate\":\"https:\/\/bobimarket.pl\/?s={search_term_string}\"},\"query-input\":\"required name=search_term_string\"}],\"inLanguage\":\"pl-PL\"},{\"@type\":\"Organization\",\"@id\":\"https:\/\/bobimarket.pl\/#organization\",\"name\":\"BOBIMARKET.pl\",\"url\":\"https:\/\/bobimarket.pl\/\",\"logo\":{\"@type\":\"ImageObject\",\"inLanguage\":\"pl-PL\",\"@id\":\"https:\/\/bobimarket.pl\/#\/schema\/logo\/image\/\",\"url\":\"https:\/\/bobimarket.pl\/wp-content\/uploads\/2021\/11\/slogan.png\",\"contentUrl\":\"https:\/\/bobimarket.pl\/wp-content\/uploads\/2021\/11\/slogan.png\",\"width\":2000,\"height\":384,\"caption\":\"BOBIMARKET.pl\"},\"image\":{\"@id\":\"https:\/\/bobimarket.pl\/#\/schema\/logo\/image\/\"}}]}<\/script>\n<!-- \/ Yoast SEO plugin. -->","yoast_head_json":{"title":"REDUKCJA PRZEJ\u015aCI\u00d3WKA ADAPTER 1\/2 NA 3\/8 CALA CrV - BOBIMARKET.pl - Remontuj i urz\u0105dzaj z nami","robots":{"index":"index","follow":"follow","max-snippet":"max-snippet:-1","max-image-preview":"max-image-preview:large","max-video-preview":"max-video-preview:-1"},"canonical":"https:\/\/bobimarket.pl\/index.php\/produkt\/redukcja-przejsciowka-adapter-1-2-na-3-8-cala-crv\/","og_locale":"pl_PL","og_type":"article","og_title":"REDUKCJA PRZEJ\u015aCI\u00d3WKA ADAPTER 1\/2 NA 3\/8 CALA CrV - BOBIMARKET.pl - Remontuj i urz\u0105dzaj z nami","og_description":"REDUKCJA PRZEJ\u015aCI\u00d3WKA ADAPTER 1\/2 NA 3\/8 CALA CrV Dane techniczne: Materia\u0142: stal chromowo-wanadowa Redukcja: 1\/2&#8221; na 3\/8&#8221; Przydatny adapter wykonany ze stalo chromowo-wanadowej. Materia\u0142 ten gwarantuje wytrzyma\u0142o\u015b\u0107 oraz \u017cywotno\u015bc narz\u0119dzia. Odpowiedni do zamontowania na pokr\u0119t\u0142ach 1\/2&#8243; nasadek oraz przed\u0142u\u017cek 3\/8&#8243;. Redukcja zosta\u0142a wyposa\u017cona w kulk\u0119 blokuj\u0105c\u0105.","og_url":"https:\/\/bobimarket.pl\/index.php\/produkt\/redukcja-przejsciowka-adapter-1-2-na-3-8-cala-crv\/","og_site_name":"BOBIMARKET.pl - Remontuj i urz\u0105dzaj z nami","article_modified_time":"2025-02-27T13:35:25+00:00","og_image":[{"url":"https:\/\/upload.cdn.baselinker.com\/products\/14476\/75b595f8b03d2f1dcab038b5f7a38313.jpg"}],"twitter_card":"summary_large_image","schema":{"@context":"https:\/\/schema.org","@graph":[{"@type":"WebPage","@id":"https:\/\/bobimarket.pl\/index.php\/produkt\/redukcja-przejsciowka-adapter-1-2-na-3-8-cala-crv\/","url":"https:\/\/bobimarket.pl\/index.php\/produkt\/redukcja-przejsciowka-adapter-1-2-na-3-8-cala-crv\/","name":"REDUKCJA PRZEJ\u015aCI\u00d3WKA ADAPTER 1\/2 NA 3\/8 CALA CrV - BOBIMARKET.pl - Remontuj i urz\u0105dzaj z nami","isPartOf":{"@id":"https:\/\/bobimarket.pl\/#website"},"datePublished":"2023-08-29T16:01:25+00:00","dateModified":"2025-02-27T13:35:25+00:00","breadcrumb":{"@id":"https:\/\/bobimarket.pl\/index.php\/produkt\/redukcja-przejsciowka-adapter-1-2-na-3-8-cala-crv\/#breadcrumb"},"inLanguage":"pl-PL","potentialAction":[{"@type":"ReadAction","target":["https:\/\/bobimarket.pl\/index.php\/produkt\/redukcja-przejsciowka-adapter-1-2-na-3-8-cala-crv\/"]}]},{"@type":"BreadcrumbList","@id":"https:\/\/bobimarket.pl\/index.php\/produkt\/redukcja-przejsciowka-adapter-1-2-na-3-8-cala-crv\/#breadcrumb","itemListElement":[{"@type":"ListItem","position":1,"name":"Strona g\u0142\u00f3wna","item":"https:\/\/bobimarket.pl\/"},{"@type":"ListItem","position":2,"name":"Sklep","item":"https:\/\/bobimarket.pl\/index.php\/shop\/"},{"@type":"ListItem","position":3,"name":"REDUKCJA PRZEJ\u015aCI\u00d3WKA ADAPTER 1\/2 NA 3\/8 CALA CrV"}]},{"@type":"WebSite","@id":"https:\/\/bobimarket.pl\/#website","url":"https:\/\/bobimarket.pl\/","name":"BOBIMARKET.pl - Remontuj i urz\u0105dzaj z nami","description":"Remontuj i urz\u0105dzaj z nami","publisher":{"@id":"https:\/\/bobimarket.pl\/#organization"},"potentialAction":[{"@type":"SearchAction","target":{"@type":"EntryPoint","urlTemplate":"https:\/\/bobimarket.pl\/?s={search_term_string}"},"query-input":"required name=search_term_string"}],"inLanguage":"pl-PL"},{"@type":"Organization","@id":"https:\/\/bobimarket.pl\/#organization","name":"BOBIMARKET.pl","url":"https:\/\/bobimarket.pl\/","logo":{"@type":"ImageObject","inLanguage":"pl-PL","@id":"https:\/\/bobimarket.pl\/#\/schema\/logo\/image\/","url":"https:\/\/bobimarket.pl\/wp-content\/uploads\/2021\/11\/slogan.png","contentUrl":"https:\/\/bobimarket.pl\/wp-content\/uploads\/2021\/11\/slogan.png","width":2000,"height":384,"caption":"BOBIMARKET.pl"},"image":{"@id":"https:\/\/bobimarket.pl\/#\/schema\/logo\/image\/"}}]}},"_links":{"self":[{"href":"https:\/\/bobimarket.pl\/index.php\/wp-json\/wp\/v2\/product\/80945"}],"collection":[{"href":"https:\/\/bobimarket.pl\/index.php\/wp-json\/wp\/v2\/product"}],"about":[{"href":"https:\/\/bobimarket.pl\/index.php\/wp-json\/wp\/v2\/types\/product"}],"wp:featuredmedia":[{"embeddable":true,"href":"https:\/\/bobimarket.pl\/index.php\/wp-json\/wp\/v2\/media\/80942"}],"wp:attachment":[{"href":"https:\/\/bobimarket.pl\/index.php\/wp-json\/wp\/v2\/media?parent=80945"}],"wp:term":[{"taxonomy":"product_cat","embeddable":true,"href":"https:\/\/bobimarket.pl\/index.php\/wp-json\/wp\/v2\/product_cat?post=80945"},{"taxonomy":"product_tag","embeddable":true,"href":"https:\/\/bobimarket.pl\/index.php\/wp-json\/wp\/v2\/product_tag?post=80945"}],"curies":[{"name":"wp","href":"https:\/\/api.w.org\/{rel}","templated":true}]}}