{"id":80959,"date":"2023-08-29T16:02:22","date_gmt":"2023-08-29T16:02:22","guid":{"rendered":"https:\/\/bobimarket.pl\/index.php\/produkt\/miara-zwijana-tasma-z-blokada-metrowka-8mx25mm\/"},"modified":"2025-02-27T13:35:29","modified_gmt":"2025-02-27T13:35:29","slug":"miara-zwijana-tasma-z-blokada-metrowka-8mx25mm","status":"publish","type":"product","link":"https:\/\/bobimarket.pl\/index.php\/produkt\/miara-zwijana-tasma-z-blokada-metrowka-8mx25mm\/","title":{"rendered":"MIARA ZWIJANA TA\u015aMA Z BLOKAD\u0104 METR\u00d3WKA 8mx25mm"},"content":{"rendered":"<section class=\"section\">\n<div class=\"item item-12\">\n<section class=\"text-item\">\n<h2>MIARA ZWIJANA TA\u015aMA Z BLOKAD\u0104 METR\u00d3WKA 8mx25mm<\/h2>\n<p>Dane techniczne:<\/p>\n<ul>\n<li>D\u0142ugo\u015b\u0107: <b>8 m<\/b><\/li>\n<li>Szeroko\u015b\u0107: <b>25 mm<\/b><\/li>\n<li>Klasa dok\u0142adno\u015bci: <b>II<\/b><\/li>\n<li>Materia\u0142: <b>stal w\u0119glowa\/ tworzywo<\/b><\/li>\n<\/ul>\n<\/section><\/div>\n<\/section>\n<section class=\"section\">\n<div class=\"item item-12\">\n<section class=\"image-item\">\n            <img decoding=\"async\" src=\"https:\/\/upload.cdn.baselinker.com\/products\/14476\/1205e142a6fc838437feb5db0853a490.jpg\" \/><br \/>\n        <\/section>\n<\/p><\/div>\n<\/section>\n<section class=\"section\">\n<div class=\"item item-12\">\n<section class=\"text-item\">\n<p><b>Podstawowym element wyposa\u017cenia skrzynki narz\u0119dziowej! <\/b><\/p>\n<p>Solidna miara z blokad\u0105 wykonana ze stali w\u0119glowej. Prze\u017aroczysta obudowa wykonana z tworzywa jest wytrzyma\u0142a na uderzenia i uszkodzenia mechaniczne. Warto mie\u0107 j\u0105 zar\u00f3wno w przydomowym warsztacie, jak i na wyposa\u017ceniu profesjonalnych ekip remontowych.<\/p>\n<ul>\n<li>Posiada pasek na r\u0119k\u0119 oraz zaczep do paska.<\/li>\n<\/ul>\n<ul>\n<li>Ta\u015bma posiada podw\u00f3jny hak.<\/li>\n<\/ul>\n<ul>\n<li>Dwa sposoby blokowania.<\/li>\n<\/ul>\n<ul>\n<li>Por\u0119czna obudowa.<\/li>\n<\/ul>\n<ul>\n<li>Czytelna podzia\u0142ka.<\/li>\n<\/ul>\n<\/section><\/div>\n<\/section>\n<section class=\"section\">\n<div class=\"item item-12\">\n<section class=\"image-item\">\n            <img decoding=\"async\" src=\"https:\/\/upload.cdn.baselinker.com\/products\/14476\/073a97372eadcf95527bf2616419296b.jpg\" \/><br \/>\n        <\/section>\n<\/p><\/div>\n<\/section>\n<section class=\"section\">\n<div class=\"item item-12\">\n<section class=\"text-item\">\n<p><b>\u2705<\/b><b> Zastosowanie:<\/b><\/p>\n<p>Zwijana metr\u00f3wka to podstawa wyposa\u017cenia przybornika z narz\u0119dziami ka\u017cdego domowego majsterkowicza b\u0105d\u017a profesjonalisty.<\/p>\n<ul>\n<li>Przyda si\u0119 na ka\u017cdym placu budowy. Swoje zastosowanie znajdzie r\u00f3wnie\u017c podczas \u00a0prac wyko\u0144czeniowych, malarskich. monta\u017cowych itp.<\/li>\n<li>Pozwola na odmierzenie odleg\u0142o\u015bci i wymierzenie przestrzeni. Umo\u017cliwia precyzyjne dokonanie pomiar\u00f3w.<\/li>\n<\/ul>\n<\/section><\/div>\n<\/section>\n<section class=\"section\">\n<div class=\"item item-12\">\n<section class=\"image-item\">\n            <img decoding=\"async\" src=\"https:\/\/upload.cdn.baselinker.com\/products\/14476\/db19c1f077b673154e3ff8e9a9cddfb5.jpg\" \/><br \/>\n        <\/section>\n<\/p><\/div>\n<\/section>\n<section class=\"section\">\n<div class=\"item item-12\">\n<section class=\"image-item\">\n            <img decoding=\"async\" src=\"https:\/\/upload.cdn.baselinker.com\/products\/14476\/1205e142a6fc838437feb5db0853a490.jpg\" \/><br \/>\n        <\/section>\n<\/p><\/div>\n<\/section>\n","protected":false},"excerpt":{"rendered":"<p>MIARA ZWIJANA TA\u015aMA Z BLOKAD\u0104 METR\u00d3WKA 8mx25mm Dane techniczne: D\u0142ugo\u015b\u0107: 8 m Szeroko\u015b\u0107: 25 mm Klasa dok\u0142adno\u015bci: II Materia\u0142: stal w\u0119glowa\/ tworzywo Podstawowym element wyposa\u017cenia skrzynki narz\u0119dziowej! Solidna miara z blokad\u0105 wykonana ze stali w\u0119glowej. Prze\u017aroczysta obudowa wykonana z tworzywa jest wytrzyma\u0142a na uderzenia i uszkodzenia mechaniczne. Warto mie\u0107 j\u0105 zar\u00f3wno w przydomowym warsztacie, jak<br \/><a class=\"more-link\" href=\"https:\/\/bobimarket.pl\/index.php\/produkt\/miara-zwijana-tasma-z-blokada-metrowka-8mx25mm\/\"><br \/>\n        Czytaj wi\u0119cej<span class=\"screen-reader-text\"> &#8222;MIARA ZWIJANA TA\u015aMA Z BLOKAD\u0104 METR\u00d3WKA 8mx25mm&#8221;<\/span><\/a><\/p>\n","protected":false},"featured_media":80946,"template":"","meta":[],"product_cat":[8078],"product_tag":[],"yoast_head":"<!-- This site is optimized with the Yoast SEO plugin v21.0 - https:\/\/yoast.com\/wordpress\/plugins\/seo\/ -->\n<title>MIARA ZWIJANA TA\u015aMA Z BLOKAD\u0104 METR\u00d3WKA 8mx25mm - BOBIMARKET.pl - Remontuj i urz\u0105dzaj z nami<\/title>\n<meta name=\"robots\" content=\"index, follow, max-snippet:-1, max-image-preview:large, max-video-preview:-1\" \/>\n<link rel=\"canonical\" href=\"https:\/\/bobimarket.pl\/index.php\/produkt\/miara-zwijana-tasma-z-blokada-metrowka-8mx25mm\/\" \/>\n<meta property=\"og:locale\" content=\"pl_PL\" \/>\n<meta property=\"og:type\" content=\"article\" \/>\n<meta property=\"og:title\" content=\"MIARA ZWIJANA TA\u015aMA Z BLOKAD\u0104 METR\u00d3WKA 8mx25mm - BOBIMARKET.pl - Remontuj i urz\u0105dzaj z nami\" \/>\n<meta property=\"og:description\" content=\"MIARA ZWIJANA TA\u015aMA Z BLOKAD\u0104 METR\u00d3WKA 8mx25mm Dane techniczne: D\u0142ugo\u015b\u0107: 8 m Szeroko\u015b\u0107: 25 mm Klasa dok\u0142adno\u015bci: II Materia\u0142: stal w\u0119glowa\/ tworzywo Podstawowym element wyposa\u017cenia skrzynki narz\u0119dziowej! Solidna miara z blokad\u0105 wykonana ze stali w\u0119glowej. Prze\u017aroczysta obudowa wykonana z tworzywa jest wytrzyma\u0142a na uderzenia i uszkodzenia mechaniczne. Warto mie\u0107 j\u0105 zar\u00f3wno w przydomowym warsztacie, jak     Czytaj wi\u0119cej &quot;MIARA ZWIJANA TA\u015aMA Z BLOKAD\u0104 METR\u00d3WKA 8mx25mm&quot;\" \/>\n<meta property=\"og:url\" content=\"https:\/\/bobimarket.pl\/index.php\/produkt\/miara-zwijana-tasma-z-blokada-metrowka-8mx25mm\/\" \/>\n<meta property=\"og:site_name\" content=\"BOBIMARKET.pl - Remontuj i urz\u0105dzaj z nami\" \/>\n<meta property=\"article:modified_time\" content=\"2025-02-27T13:35:29+00:00\" \/>\n<meta property=\"og:image\" content=\"https:\/\/upload.cdn.baselinker.com\/products\/14476\/1205e142a6fc838437feb5db0853a490.jpg\" \/>\n<meta name=\"twitter:card\" content=\"summary_large_image\" \/>\n<meta name=\"twitter:label1\" content=\"Szacowany czas czytania\" \/>\n\t<meta name=\"twitter:data1\" content=\"1 minuta\" \/>\n<script type=\"application\/ld+json\" class=\"yoast-schema-graph\">{\"@context\":\"https:\/\/schema.org\",\"@graph\":[{\"@type\":\"WebPage\",\"@id\":\"https:\/\/bobimarket.pl\/index.php\/produkt\/miara-zwijana-tasma-z-blokada-metrowka-8mx25mm\/\",\"url\":\"https:\/\/bobimarket.pl\/index.php\/produkt\/miara-zwijana-tasma-z-blokada-metrowka-8mx25mm\/\",\"name\":\"MIARA ZWIJANA TA\u015aMA Z BLOKAD\u0104 METR\u00d3WKA 8mx25mm - BOBIMARKET.pl - Remontuj i urz\u0105dzaj z nami\",\"isPartOf\":{\"@id\":\"https:\/\/bobimarket.pl\/#website\"},\"datePublished\":\"2023-08-29T16:02:22+00:00\",\"dateModified\":\"2025-02-27T13:35:29+00:00\",\"breadcrumb\":{\"@id\":\"https:\/\/bobimarket.pl\/index.php\/produkt\/miara-zwijana-tasma-z-blokada-metrowka-8mx25mm\/#breadcrumb\"},\"inLanguage\":\"pl-PL\",\"potentialAction\":[{\"@type\":\"ReadAction\",\"target\":[\"https:\/\/bobimarket.pl\/index.php\/produkt\/miara-zwijana-tasma-z-blokada-metrowka-8mx25mm\/\"]}]},{\"@type\":\"BreadcrumbList\",\"@id\":\"https:\/\/bobimarket.pl\/index.php\/produkt\/miara-zwijana-tasma-z-blokada-metrowka-8mx25mm\/#breadcrumb\",\"itemListElement\":[{\"@type\":\"ListItem\",\"position\":1,\"name\":\"Strona g\u0142\u00f3wna\",\"item\":\"https:\/\/bobimarket.pl\/\"},{\"@type\":\"ListItem\",\"position\":2,\"name\":\"Sklep\",\"item\":\"https:\/\/bobimarket.pl\/index.php\/shop\/\"},{\"@type\":\"ListItem\",\"position\":3,\"name\":\"MIARA ZWIJANA TA\u015aMA Z BLOKAD\u0104 METR\u00d3WKA 8mx25mm\"}]},{\"@type\":\"WebSite\",\"@id\":\"https:\/\/bobimarket.pl\/#website\",\"url\":\"https:\/\/bobimarket.pl\/\",\"name\":\"BOBIMARKET.pl - Remontuj i urz\u0105dzaj z nami\",\"description\":\"Remontuj i urz\u0105dzaj z nami\",\"publisher\":{\"@id\":\"https:\/\/bobimarket.pl\/#organization\"},\"potentialAction\":[{\"@type\":\"SearchAction\",\"target\":{\"@type\":\"EntryPoint\",\"urlTemplate\":\"https:\/\/bobimarket.pl\/?s={search_term_string}\"},\"query-input\":\"required name=search_term_string\"}],\"inLanguage\":\"pl-PL\"},{\"@type\":\"Organization\",\"@id\":\"https:\/\/bobimarket.pl\/#organization\",\"name\":\"BOBIMARKET.pl\",\"url\":\"https:\/\/bobimarket.pl\/\",\"logo\":{\"@type\":\"ImageObject\",\"inLanguage\":\"pl-PL\",\"@id\":\"https:\/\/bobimarket.pl\/#\/schema\/logo\/image\/\",\"url\":\"https:\/\/bobimarket.pl\/wp-content\/uploads\/2021\/11\/slogan.png\",\"contentUrl\":\"https:\/\/bobimarket.pl\/wp-content\/uploads\/2021\/11\/slogan.png\",\"width\":2000,\"height\":384,\"caption\":\"BOBIMARKET.pl\"},\"image\":{\"@id\":\"https:\/\/bobimarket.pl\/#\/schema\/logo\/image\/\"}}]}<\/script>\n<!-- \/ Yoast SEO plugin. -->","yoast_head_json":{"title":"MIARA ZWIJANA TA\u015aMA Z BLOKAD\u0104 METR\u00d3WKA 8mx25mm - BOBIMARKET.pl - Remontuj i urz\u0105dzaj z nami","robots":{"index":"index","follow":"follow","max-snippet":"max-snippet:-1","max-image-preview":"max-image-preview:large","max-video-preview":"max-video-preview:-1"},"canonical":"https:\/\/bobimarket.pl\/index.php\/produkt\/miara-zwijana-tasma-z-blokada-metrowka-8mx25mm\/","og_locale":"pl_PL","og_type":"article","og_title":"MIARA ZWIJANA TA\u015aMA Z BLOKAD\u0104 METR\u00d3WKA 8mx25mm - BOBIMARKET.pl - Remontuj i urz\u0105dzaj z nami","og_description":"MIARA ZWIJANA TA\u015aMA Z BLOKAD\u0104 METR\u00d3WKA 8mx25mm Dane techniczne: D\u0142ugo\u015b\u0107: 8 m Szeroko\u015b\u0107: 25 mm Klasa dok\u0142adno\u015bci: II Materia\u0142: stal w\u0119glowa\/ tworzywo Podstawowym element wyposa\u017cenia skrzynki narz\u0119dziowej! Solidna miara z blokad\u0105 wykonana ze stali w\u0119glowej. Prze\u017aroczysta obudowa wykonana z tworzywa jest wytrzyma\u0142a na uderzenia i uszkodzenia mechaniczne. Warto mie\u0107 j\u0105 zar\u00f3wno w przydomowym warsztacie, jak     Czytaj wi\u0119cej \"MIARA ZWIJANA TA\u015aMA Z BLOKAD\u0104 METR\u00d3WKA 8mx25mm\"","og_url":"https:\/\/bobimarket.pl\/index.php\/produkt\/miara-zwijana-tasma-z-blokada-metrowka-8mx25mm\/","og_site_name":"BOBIMARKET.pl - Remontuj i urz\u0105dzaj z nami","article_modified_time":"2025-02-27T13:35:29+00:00","og_image":[{"url":"https:\/\/upload.cdn.baselinker.com\/products\/14476\/1205e142a6fc838437feb5db0853a490.jpg"}],"twitter_card":"summary_large_image","twitter_misc":{"Szacowany czas czytania":"1 minuta"},"schema":{"@context":"https:\/\/schema.org","@graph":[{"@type":"WebPage","@id":"https:\/\/bobimarket.pl\/index.php\/produkt\/miara-zwijana-tasma-z-blokada-metrowka-8mx25mm\/","url":"https:\/\/bobimarket.pl\/index.php\/produkt\/miara-zwijana-tasma-z-blokada-metrowka-8mx25mm\/","name":"MIARA ZWIJANA TA\u015aMA Z BLOKAD\u0104 METR\u00d3WKA 8mx25mm - BOBIMARKET.pl - Remontuj i urz\u0105dzaj z nami","isPartOf":{"@id":"https:\/\/bobimarket.pl\/#website"},"datePublished":"2023-08-29T16:02:22+00:00","dateModified":"2025-02-27T13:35:29+00:00","breadcrumb":{"@id":"https:\/\/bobimarket.pl\/index.php\/produkt\/miara-zwijana-tasma-z-blokada-metrowka-8mx25mm\/#breadcrumb"},"inLanguage":"pl-PL","potentialAction":[{"@type":"ReadAction","target":["https:\/\/bobimarket.pl\/index.php\/produkt\/miara-zwijana-tasma-z-blokada-metrowka-8mx25mm\/"]}]},{"@type":"BreadcrumbList","@id":"https:\/\/bobimarket.pl\/index.php\/produkt\/miara-zwijana-tasma-z-blokada-metrowka-8mx25mm\/#breadcrumb","itemListElement":[{"@type":"ListItem","position":1,"name":"Strona g\u0142\u00f3wna","item":"https:\/\/bobimarket.pl\/"},{"@type":"ListItem","position":2,"name":"Sklep","item":"https:\/\/bobimarket.pl\/index.php\/shop\/"},{"@type":"ListItem","position":3,"name":"MIARA ZWIJANA TA\u015aMA Z BLOKAD\u0104 METR\u00d3WKA 8mx25mm"}]},{"@type":"WebSite","@id":"https:\/\/bobimarket.pl\/#website","url":"https:\/\/bobimarket.pl\/","name":"BOBIMARKET.pl - Remontuj i urz\u0105dzaj z nami","description":"Remontuj i urz\u0105dzaj z nami","publisher":{"@id":"https:\/\/bobimarket.pl\/#organization"},"potentialAction":[{"@type":"SearchAction","target":{"@type":"EntryPoint","urlTemplate":"https:\/\/bobimarket.pl\/?s={search_term_string}"},"query-input":"required name=search_term_string"}],"inLanguage":"pl-PL"},{"@type":"Organization","@id":"https:\/\/bobimarket.pl\/#organization","name":"BOBIMARKET.pl","url":"https:\/\/bobimarket.pl\/","logo":{"@type":"ImageObject","inLanguage":"pl-PL","@id":"https:\/\/bobimarket.pl\/#\/schema\/logo\/image\/","url":"https:\/\/bobimarket.pl\/wp-content\/uploads\/2021\/11\/slogan.png","contentUrl":"https:\/\/bobimarket.pl\/wp-content\/uploads\/2021\/11\/slogan.png","width":2000,"height":384,"caption":"BOBIMARKET.pl"},"image":{"@id":"https:\/\/bobimarket.pl\/#\/schema\/logo\/image\/"}}]}},"_links":{"self":[{"href":"https:\/\/bobimarket.pl\/index.php\/wp-json\/wp\/v2\/product\/80959"}],"collection":[{"href":"https:\/\/bobimarket.pl\/index.php\/wp-json\/wp\/v2\/product"}],"about":[{"href":"https:\/\/bobimarket.pl\/index.php\/wp-json\/wp\/v2\/types\/product"}],"wp:featuredmedia":[{"embeddable":true,"href":"https:\/\/bobimarket.pl\/index.php\/wp-json\/wp\/v2\/media\/80946"}],"wp:attachment":[{"href":"https:\/\/bobimarket.pl\/index.php\/wp-json\/wp\/v2\/media?parent=80959"}],"wp:term":[{"taxonomy":"product_cat","embeddable":true,"href":"https:\/\/bobimarket.pl\/index.php\/wp-json\/wp\/v2\/product_cat?post=80959"},{"taxonomy":"product_tag","embeddable":true,"href":"https:\/\/bobimarket.pl\/index.php\/wp-json\/wp\/v2\/product_tag?post=80959"}],"curies":[{"name":"wp","href":"https:\/\/api.w.org\/{rel}","templated":true}]}}