{"id":80981,"date":"2023-08-29T16:04:17","date_gmt":"2023-08-29T16:04:17","guid":{"rendered":"https:\/\/bobimarket.pl\/index.php\/produkt\/wiertla-do-drewna-30-100-mm-zestaw-8-sztuk\/"},"modified":"2025-03-01T19:42:38","modified_gmt":"2025-03-01T19:42:38","slug":"wiertla-do-drewna-30-100-mm-zestaw-8-sztuk","status":"publish","type":"product","link":"https:\/\/bobimarket.pl\/index.php\/produkt\/wiertla-do-drewna-30-100-mm-zestaw-8-sztuk\/","title":{"rendered":"WIERT\u0141A DO DREWNA 3,0-10,0 MM ZESTAW 8 SZTUK"},"content":{"rendered":"<section class=\"section\">\n<div class=\"item item-6\">\n<section class=\"image-item\">\n            <img decoding=\"async\" src=\"https:\/\/upload.cdn.baselinker.com\/products\/14476\/8ab40c240ce9feb75ebe3132d41afa44.jpg\" \/><br \/>\n        <\/section>\n<\/p><\/div>\n<div class=\"item item-6\">\n<section class=\"text-item\">\n<h2>WIERT\u0141A DO DREWNA 3,0-10,0 MM ZESTAW 8 SZTUK<\/h2>\n<p><b>Dane techniczne:<\/b><\/p>\n<ul>\n<li>\u015arednica wiert\u0142a: <b>3, 4, 5, 6, 7, 8, 9, 10 mm<\/b><\/li>\n<li>Typ mocowanie: <b>cylindryczny<\/b><\/li>\n<li>Przeznaczenie: do drewna i materia\u0142\u00f3w drewnopodobnych<\/li>\n<\/ul>\n<\/section><\/div>\n<\/section>\n<section class=\"section\">\n<div class=\"item item-6\">\n<section class=\"image-item\">\n            <img decoding=\"async\" src=\"https:\/\/upload.cdn.baselinker.com\/products\/14476\/4191e4b84a2b972e99a059ab5b74fea4.jpg\" \/><br \/>\n        <\/section>\n<\/p><\/div>\n<div class=\"item item-6\">\n<section class=\"text-item\">\n<p><b>Przydatny element wyposa\u017cenia Twojej skrzynki narz\u0119dziowej!<\/b><\/p>\n<p>Solidne <b>wiert\u0142a szlifowane<\/b> wykonane ze stali. Zestaw zawiera 8 wierte\u0142 o r\u00f3\u017cnych parametrach technicznych. Przeznaczone do wykonywania otwor\u00f3w w drewnie i materia\u0142ach drewnopodobnych.<\/p>\n<ul>\n<li><b>Ostry wierzcho\u0142ek<\/b> umo\u017cliwia centryczne wiercenie bez wcze\u015bniejszego punktowania<\/li>\n<\/ul>\n<\/section><\/div>\n<\/section>\n<section class=\"section\">\n<div class=\"item item-6\">\n<section class=\"image-item\">\n            <img decoding=\"async\" src=\"https:\/\/upload.cdn.baselinker.com\/products\/14476\/e4bfae32e52a30f5e0bdeaa529dd6f21.jpg\" \/><br \/>\n        <\/section>\n<\/p><\/div>\n<div class=\"item item-6\">\n<section class=\"text-item\">\n<p><b>\u2705<\/b><b> Zastosowanie:<\/b><\/p>\n<p>Wiert\u0142a przeznaczone do obr\u00f3bki drewna i materia\u0142\u00f3w drewnopodobnych. Stosowne do wiercenia w<\/p>\n<ul>\n<li>naturalnym drewnie mi\u0119kkim i twardym,<\/li>\n<li>p\u0142ytach laminowanych,<\/li>\n<li>sklejce<\/li>\n<li>innych materia\u0142ach budowlanych wykonanych z drewna.<\/li>\n<\/ul>\n<p><b>\u2705 Rozmiary wierte\u0142:<\/b><\/p>\n<ul>\n<li>3.0 x 60 mm<\/li>\n<li>4.0 x 75 mm<\/li>\n<li>5.0 x 85 mm<\/li>\n<li>6.0 x 95 mm<\/li>\n<li>7.0 x 105 mm<\/li>\n<li>8.0 x 110 mm<\/li>\n<li>9.0 x 115mm<\/li>\n<li>10.0 x 120 mm<\/li>\n<\/ul>\n<\/section><\/div>\n<\/section>\n<section class=\"section\">\n<div class=\"item item-6\">\n<section class=\"image-item\">\n            <img decoding=\"async\" src=\"https:\/\/upload.cdn.baselinker.com\/products\/14476\/8ab40c240ce9feb75ebe3132d41afa44.jpg\" \/><br \/>\n        <\/section>\n<\/p><\/div>\n<div class=\"item item-6\">\n<section class=\"text-item\">\n<p><b>\u2705 Jeszcze wi\u0119cej zalet:<\/b><\/p>\n<p>Wiert\u0142a znajduj\u0105 si\u0119 w <b>wygodnym organizerze<\/b>. Mo\u017cesz wi\u0119c przechowywa\u0107 je w bezpieczny spos\u00f3b.<\/p>\n<ul>\n<li>Szczelnie zamykane pude\u0142ko zapobiega gubieniu si\u0119 poszczeg\u00f3lnych element\u00f3w zestawu.<\/li>\n<li>Ponadto u\u0142atwia utrzymanie porz\u0105dku w warsztacie oraz pozwala na swobodne przenoszenie ca\u0142ego kompletu.<\/li>\n<\/ul>\n<\/section><\/div>\n<\/section>\n","protected":false},"excerpt":{"rendered":"<p>WIERT\u0141A DO DREWNA 3,0-10,0 MM ZESTAW 8 SZTUK Dane techniczne: \u015arednica wiert\u0142a: 3, 4, 5, 6, 7, 8, 9, 10 mm Typ mocowanie: cylindryczny Przeznaczenie: do drewna i materia\u0142\u00f3w drewnopodobnych Przydatny element wyposa\u017cenia Twojej skrzynki narz\u0119dziowej! Solidne wiert\u0142a szlifowane wykonane ze stali. Zestaw zawiera 8 wierte\u0142 o r\u00f3\u017cnych parametrach technicznych. Przeznaczone do wykonywania otwor\u00f3w w<br \/><a class=\"more-link\" href=\"https:\/\/bobimarket.pl\/index.php\/produkt\/wiertla-do-drewna-30-100-mm-zestaw-8-sztuk\/\"><br \/>\n        Czytaj wi\u0119cej<span class=\"screen-reader-text\"> &#8222;WIERT\u0141A DO DREWNA 3,0-10,0 MM ZESTAW 8 SZTUK&#8221;<\/span><\/a><\/p>\n","protected":false},"featured_media":80973,"template":"","meta":[],"product_cat":[8108],"product_tag":[],"yoast_head":"<!-- This site is optimized with the Yoast SEO plugin v21.0 - https:\/\/yoast.com\/wordpress\/plugins\/seo\/ -->\n<title>WIERT\u0141A DO DREWNA 3,0-10,0 MM ZESTAW 8 SZTUK - BOBIMARKET.pl - Remontuj i urz\u0105dzaj z nami<\/title>\n<meta name=\"robots\" content=\"index, follow, max-snippet:-1, max-image-preview:large, max-video-preview:-1\" \/>\n<link rel=\"canonical\" href=\"https:\/\/bobimarket.pl\/index.php\/produkt\/wiertla-do-drewna-30-100-mm-zestaw-8-sztuk\/\" \/>\n<meta property=\"og:locale\" content=\"pl_PL\" \/>\n<meta property=\"og:type\" content=\"article\" \/>\n<meta property=\"og:title\" content=\"WIERT\u0141A DO DREWNA 3,0-10,0 MM ZESTAW 8 SZTUK - BOBIMARKET.pl - Remontuj i urz\u0105dzaj z nami\" \/>\n<meta property=\"og:description\" content=\"WIERT\u0141A DO DREWNA 3,0-10,0 MM ZESTAW 8 SZTUK Dane techniczne: \u015arednica wiert\u0142a: 3, 4, 5, 6, 7, 8, 9, 10 mm Typ mocowanie: cylindryczny Przeznaczenie: do drewna i materia\u0142\u00f3w drewnopodobnych Przydatny element wyposa\u017cenia Twojej skrzynki narz\u0119dziowej! Solidne wiert\u0142a szlifowane wykonane ze stali. Zestaw zawiera 8 wierte\u0142 o r\u00f3\u017cnych parametrach technicznych. Przeznaczone do wykonywania otwor\u00f3w w     Czytaj wi\u0119cej &quot;WIERT\u0141A DO DREWNA 3,0-10,0 MM ZESTAW 8 SZTUK&quot;\" \/>\n<meta property=\"og:url\" content=\"https:\/\/bobimarket.pl\/index.php\/produkt\/wiertla-do-drewna-30-100-mm-zestaw-8-sztuk\/\" \/>\n<meta property=\"og:site_name\" content=\"BOBIMARKET.pl - Remontuj i urz\u0105dzaj z nami\" \/>\n<meta property=\"article:modified_time\" content=\"2025-03-01T19:42:38+00:00\" \/>\n<meta property=\"og:image\" content=\"https:\/\/upload.cdn.baselinker.com\/products\/14476\/8ab40c240ce9feb75ebe3132d41afa44.jpg\" \/>\n<meta name=\"twitter:card\" content=\"summary_large_image\" \/>\n<meta name=\"twitter:label1\" content=\"Szacowany czas czytania\" \/>\n\t<meta name=\"twitter:data1\" content=\"1 minuta\" \/>\n<script type=\"application\/ld+json\" class=\"yoast-schema-graph\">{\"@context\":\"https:\/\/schema.org\",\"@graph\":[{\"@type\":\"WebPage\",\"@id\":\"https:\/\/bobimarket.pl\/index.php\/produkt\/wiertla-do-drewna-30-100-mm-zestaw-8-sztuk\/\",\"url\":\"https:\/\/bobimarket.pl\/index.php\/produkt\/wiertla-do-drewna-30-100-mm-zestaw-8-sztuk\/\",\"name\":\"WIERT\u0141A DO DREWNA 3,0-10,0 MM ZESTAW 8 SZTUK - BOBIMARKET.pl - Remontuj i urz\u0105dzaj z nami\",\"isPartOf\":{\"@id\":\"https:\/\/bobimarket.pl\/#website\"},\"datePublished\":\"2023-08-29T16:04:17+00:00\",\"dateModified\":\"2025-03-01T19:42:38+00:00\",\"breadcrumb\":{\"@id\":\"https:\/\/bobimarket.pl\/index.php\/produkt\/wiertla-do-drewna-30-100-mm-zestaw-8-sztuk\/#breadcrumb\"},\"inLanguage\":\"pl-PL\",\"potentialAction\":[{\"@type\":\"ReadAction\",\"target\":[\"https:\/\/bobimarket.pl\/index.php\/produkt\/wiertla-do-drewna-30-100-mm-zestaw-8-sztuk\/\"]}]},{\"@type\":\"BreadcrumbList\",\"@id\":\"https:\/\/bobimarket.pl\/index.php\/produkt\/wiertla-do-drewna-30-100-mm-zestaw-8-sztuk\/#breadcrumb\",\"itemListElement\":[{\"@type\":\"ListItem\",\"position\":1,\"name\":\"Strona g\u0142\u00f3wna\",\"item\":\"https:\/\/bobimarket.pl\/\"},{\"@type\":\"ListItem\",\"position\":2,\"name\":\"Sklep\",\"item\":\"https:\/\/bobimarket.pl\/index.php\/shop\/\"},{\"@type\":\"ListItem\",\"position\":3,\"name\":\"WIERT\u0141A DO DREWNA 3,0-10,0 MM ZESTAW 8 SZTUK\"}]},{\"@type\":\"WebSite\",\"@id\":\"https:\/\/bobimarket.pl\/#website\",\"url\":\"https:\/\/bobimarket.pl\/\",\"name\":\"BOBIMARKET.pl - Remontuj i urz\u0105dzaj z nami\",\"description\":\"Remontuj i urz\u0105dzaj z nami\",\"publisher\":{\"@id\":\"https:\/\/bobimarket.pl\/#organization\"},\"potentialAction\":[{\"@type\":\"SearchAction\",\"target\":{\"@type\":\"EntryPoint\",\"urlTemplate\":\"https:\/\/bobimarket.pl\/?s={search_term_string}\"},\"query-input\":\"required name=search_term_string\"}],\"inLanguage\":\"pl-PL\"},{\"@type\":\"Organization\",\"@id\":\"https:\/\/bobimarket.pl\/#organization\",\"name\":\"BOBIMARKET.pl\",\"url\":\"https:\/\/bobimarket.pl\/\",\"logo\":{\"@type\":\"ImageObject\",\"inLanguage\":\"pl-PL\",\"@id\":\"https:\/\/bobimarket.pl\/#\/schema\/logo\/image\/\",\"url\":\"https:\/\/bobimarket.pl\/wp-content\/uploads\/2021\/11\/slogan.png\",\"contentUrl\":\"https:\/\/bobimarket.pl\/wp-content\/uploads\/2021\/11\/slogan.png\",\"width\":2000,\"height\":384,\"caption\":\"BOBIMARKET.pl\"},\"image\":{\"@id\":\"https:\/\/bobimarket.pl\/#\/schema\/logo\/image\/\"}}]}<\/script>\n<!-- \/ Yoast SEO plugin. -->","yoast_head_json":{"title":"WIERT\u0141A DO DREWNA 3,0-10,0 MM ZESTAW 8 SZTUK - BOBIMARKET.pl - Remontuj i urz\u0105dzaj z nami","robots":{"index":"index","follow":"follow","max-snippet":"max-snippet:-1","max-image-preview":"max-image-preview:large","max-video-preview":"max-video-preview:-1"},"canonical":"https:\/\/bobimarket.pl\/index.php\/produkt\/wiertla-do-drewna-30-100-mm-zestaw-8-sztuk\/","og_locale":"pl_PL","og_type":"article","og_title":"WIERT\u0141A DO DREWNA 3,0-10,0 MM ZESTAW 8 SZTUK - BOBIMARKET.pl - Remontuj i urz\u0105dzaj z nami","og_description":"WIERT\u0141A DO DREWNA 3,0-10,0 MM ZESTAW 8 SZTUK Dane techniczne: \u015arednica wiert\u0142a: 3, 4, 5, 6, 7, 8, 9, 10 mm Typ mocowanie: cylindryczny Przeznaczenie: do drewna i materia\u0142\u00f3w drewnopodobnych Przydatny element wyposa\u017cenia Twojej skrzynki narz\u0119dziowej! Solidne wiert\u0142a szlifowane wykonane ze stali. Zestaw zawiera 8 wierte\u0142 o r\u00f3\u017cnych parametrach technicznych. Przeznaczone do wykonywania otwor\u00f3w w     Czytaj wi\u0119cej \"WIERT\u0141A DO DREWNA 3,0-10,0 MM ZESTAW 8 SZTUK\"","og_url":"https:\/\/bobimarket.pl\/index.php\/produkt\/wiertla-do-drewna-30-100-mm-zestaw-8-sztuk\/","og_site_name":"BOBIMARKET.pl - Remontuj i urz\u0105dzaj z nami","article_modified_time":"2025-03-01T19:42:38+00:00","og_image":[{"url":"https:\/\/upload.cdn.baselinker.com\/products\/14476\/8ab40c240ce9feb75ebe3132d41afa44.jpg"}],"twitter_card":"summary_large_image","twitter_misc":{"Szacowany czas czytania":"1 minuta"},"schema":{"@context":"https:\/\/schema.org","@graph":[{"@type":"WebPage","@id":"https:\/\/bobimarket.pl\/index.php\/produkt\/wiertla-do-drewna-30-100-mm-zestaw-8-sztuk\/","url":"https:\/\/bobimarket.pl\/index.php\/produkt\/wiertla-do-drewna-30-100-mm-zestaw-8-sztuk\/","name":"WIERT\u0141A DO DREWNA 3,0-10,0 MM ZESTAW 8 SZTUK - BOBIMARKET.pl - Remontuj i urz\u0105dzaj z nami","isPartOf":{"@id":"https:\/\/bobimarket.pl\/#website"},"datePublished":"2023-08-29T16:04:17+00:00","dateModified":"2025-03-01T19:42:38+00:00","breadcrumb":{"@id":"https:\/\/bobimarket.pl\/index.php\/produkt\/wiertla-do-drewna-30-100-mm-zestaw-8-sztuk\/#breadcrumb"},"inLanguage":"pl-PL","potentialAction":[{"@type":"ReadAction","target":["https:\/\/bobimarket.pl\/index.php\/produkt\/wiertla-do-drewna-30-100-mm-zestaw-8-sztuk\/"]}]},{"@type":"BreadcrumbList","@id":"https:\/\/bobimarket.pl\/index.php\/produkt\/wiertla-do-drewna-30-100-mm-zestaw-8-sztuk\/#breadcrumb","itemListElement":[{"@type":"ListItem","position":1,"name":"Strona g\u0142\u00f3wna","item":"https:\/\/bobimarket.pl\/"},{"@type":"ListItem","position":2,"name":"Sklep","item":"https:\/\/bobimarket.pl\/index.php\/shop\/"},{"@type":"ListItem","position":3,"name":"WIERT\u0141A DO DREWNA 3,0-10,0 MM ZESTAW 8 SZTUK"}]},{"@type":"WebSite","@id":"https:\/\/bobimarket.pl\/#website","url":"https:\/\/bobimarket.pl\/","name":"BOBIMARKET.pl - Remontuj i urz\u0105dzaj z nami","description":"Remontuj i urz\u0105dzaj z nami","publisher":{"@id":"https:\/\/bobimarket.pl\/#organization"},"potentialAction":[{"@type":"SearchAction","target":{"@type":"EntryPoint","urlTemplate":"https:\/\/bobimarket.pl\/?s={search_term_string}"},"query-input":"required name=search_term_string"}],"inLanguage":"pl-PL"},{"@type":"Organization","@id":"https:\/\/bobimarket.pl\/#organization","name":"BOBIMARKET.pl","url":"https:\/\/bobimarket.pl\/","logo":{"@type":"ImageObject","inLanguage":"pl-PL","@id":"https:\/\/bobimarket.pl\/#\/schema\/logo\/image\/","url":"https:\/\/bobimarket.pl\/wp-content\/uploads\/2021\/11\/slogan.png","contentUrl":"https:\/\/bobimarket.pl\/wp-content\/uploads\/2021\/11\/slogan.png","width":2000,"height":384,"caption":"BOBIMARKET.pl"},"image":{"@id":"https:\/\/bobimarket.pl\/#\/schema\/logo\/image\/"}}]}},"_links":{"self":[{"href":"https:\/\/bobimarket.pl\/index.php\/wp-json\/wp\/v2\/product\/80981"}],"collection":[{"href":"https:\/\/bobimarket.pl\/index.php\/wp-json\/wp\/v2\/product"}],"about":[{"href":"https:\/\/bobimarket.pl\/index.php\/wp-json\/wp\/v2\/types\/product"}],"wp:featuredmedia":[{"embeddable":true,"href":"https:\/\/bobimarket.pl\/index.php\/wp-json\/wp\/v2\/media\/80973"}],"wp:attachment":[{"href":"https:\/\/bobimarket.pl\/index.php\/wp-json\/wp\/v2\/media?parent=80981"}],"wp:term":[{"taxonomy":"product_cat","embeddable":true,"href":"https:\/\/bobimarket.pl\/index.php\/wp-json\/wp\/v2\/product_cat?post=80981"},{"taxonomy":"product_tag","embeddable":true,"href":"https:\/\/bobimarket.pl\/index.php\/wp-json\/wp\/v2\/product_tag?post=80981"}],"curies":[{"name":"wp","href":"https:\/\/api.w.org\/{rel}","templated":true}]}}