{"id":80986,"date":"2023-08-29T16:04:36","date_gmt":"2023-08-29T16:04:36","guid":{"rendered":"https:\/\/bobimarket.pl\/index.php\/produkt\/wiertlo-wiertla-do-konfirmatow-7-10mm\/"},"modified":"2025-02-27T13:35:44","modified_gmt":"2025-02-27T13:35:44","slug":"wiertlo-wiertla-do-konfirmatow-7-10mm","status":"publish","type":"product","link":"https:\/\/bobimarket.pl\/index.php\/produkt\/wiertlo-wiertla-do-konfirmatow-7-10mm\/","title":{"rendered":"WIERT\u0141O WIERT\u0141A DO KONFIRMAT\u00d3W 7\/10mm"},"content":{"rendered":"<section class=\"section\">\n<div class=\"item item-6\">\n<section class=\"image-item\">\n                <img decoding=\"async\" src=\"https:\/\/upload.cdn.baselinker.com\/products\/14476\/2e3348dc123d82ad6411f322cb49c669.jpg\" \/><br \/>\n            <\/section>\n<\/p><\/div>\n<div class=\"item item-6\">\n<section class=\"text-item\">\n<h2>WIERT\u0141O WIERT\u0141A DO KONFIRMAT\u00d3W 7\/10mm<\/h2>\n<p><b>Dane techniczne:<\/b><\/p>\n<ul>\n<li>D\u0142ugo\u015b\u0107 ca\u0142kowita (z wiert\u0142em): <b>75 mm<\/b><\/li>\n<li>Trzpie\u0144 mocuj\u0105cy: <b>12 mm<\/b><\/li>\n<li>Chwyt: cylindryczny<\/li>\n<li>\u015arednica wiert\u0142a: <b>7\u00a0 mm<\/b><\/li>\n<li>\u015arednica fazownika: <b>10\u00a0 mm<\/b><\/li>\n<li>W zestawie kluczyk do wymiany wiert\u0142a<\/li>\n<\/ul>\n<\/section><\/div>\n<\/section>\n<section class=\"section\">\n<div class=\"item item-6\">\n<section class=\"image-item\">\n                <img decoding=\"async\" src=\"https:\/\/upload.cdn.baselinker.com\/products\/14476\/d1eea92908b288fe67a1806728ccd7ff.jpg\" \/><br \/>\n            <\/section>\n<\/p><\/div>\n<div class=\"item item-6\">\n<section class=\"text-item\">\n<p><b>Narz\u0119dzie przydatne ka\u017cdemu majsterkowiczowi! Niezb\u0119dne podczas tworzenia mebli!<\/b><\/p>\n<p>Solidne wiert\u0142o do konfirmant\u00f3w 7\/ 10 mm. Wykonane z <b>wytrzyma\u0142ych materia\u0142\u00f3w<\/b>, co b\u0119dzie owocowa\u0142o d\u0142ugim okresem u\u017cytkowania. Charakteryzuje si\u0119 du\u017c\u0105 wytrzyma\u0142o\u015bci\u0105 i odporno\u015bci\u0105 na uszkodzenia mechaniczne.<\/p>\n<ul>\n<li>Wiert\u0142o s\u0142u\u017cy do wykonywania otwor\u00f3w idealnie pasuj\u0105cych do kszta\u0142tu konfirmant\u00f3w.<\/li>\n<li>Posiada precyzyjnie wy\u015brodkowany punkt centralny oraz cylindryczny uchwyt. Specyficzna budowa wiert\u0142a umo\u017cliwia skuteczne dzia\u0142anie.<\/li>\n<li>Przeznaczone do wiercenia w drewnie, p\u0142ytach wi\u00f3rowych, sklejce, p\u0142ytach kartonowo gipsowych<\/li>\n<\/ul>\n<\/section><\/div>\n<\/section>\n<section class=\"section\">\n<div class=\"item item-6\">\n<section class=\"image-item\">\n                <img decoding=\"async\" src=\"https:\/\/upload.cdn.baselinker.com\/products\/14476\/d1eea92908b288fe67a1806728ccd7ff.jpg\" \/><br \/>\n            <\/section>\n<\/p><\/div>\n<div class=\"item item-6\">\n<section class=\"text-item\">\n<p><b>\u2705 Zastosowanie: <\/b><\/p>\n<ul>\n<li>Oferowane wiert\u0142o przeznaczone jest pod wkr\u0119ty konfirmatowe, do po\u0142\u0105cze\u0144 meblowych.<\/li>\n<li>Pozwala na <b>wywiercenie otworu<\/b> idealnie pasuj\u0105cego pod konfirmant\u00f3w i po\u0142\u0105czenie pod k\u0105tem 90\u00b0 p\u0142yt meblowych.<\/li>\n<li>Wiert\u0142o b\u0119dzie zatem pomocne pomocne podczas skr\u0119cania mebli, szaf lub ramy \u0142\u00f3zka.<\/li>\n<\/ul>\n<p>Wiert\u0142a to konfirmant\u00f3w do specyficzny rodzaj wierte\u0142, kt\u00f3re mo\u017cna stosowa\u0107 tylko i wy\u0142\u0105cznie z konkretnym rodzajem konfirtam\u00f3w. Konfirmaty do z\u0142\u0105cza wykorzystywane g\u0142\u00f3wnie w stolarstwie. Posiadaj\u0105 specjaln\u0105 kryz\u0119, kt\u00f3ra uniemo\u017cliwia zastosowanie normalnych wierte\u0142.<\/p>\n<\/section><\/div>\n<\/section>\n<section class=\"section\">\n<div class=\"item item-6\">\n<section class=\"image-item\">\n                <img decoding=\"async\" src=\"https:\/\/upload.cdn.baselinker.com\/products\/14476\/08e64a8c3952fb2f3bf24e6573ece7d5.jpg\" \/><br \/>\n            <\/section>\n<\/p><\/div>\n<div class=\"item item-6\">\n<section class=\"text-item\">\n<p><b>\u2705 Dla kogo ? <\/b><\/p>\n<p>Wiert\u0142o z pewno\u015bci\u0105 zadowoli ka\u017cdego majsterkowicza. Swoje zastosowanie znajdzie g\u0142\u00f3wnie podczas prac meblarskich i stolarskich.<\/p>\n<p><b>\u2705 <\/b>Dla wszystkich tych, kt\u00f3rzy ceni\u0105 sobie wygod\u0119. Lubi\u0105 sprawnie i w kr\u00f3tkim czasie wykonywa\u0107 prace.<\/p>\n<p>Najwa\u017cniejsze zalety produktu:<\/p>\n<ul>\n<li>Idealne dopasowanie do konfirmant\u00f3w<\/li>\n<li>Wysoka jako\u015b\u0107 wykonania<\/li>\n<li>Wytrzyma\u0142o\u015b\u0107 i odporno\u015b\u0107<\/li>\n<\/ul>\n<\/section><\/div>\n<\/section>\n","protected":false},"excerpt":{"rendered":"<p>WIERT\u0141O WIERT\u0141A DO KONFIRMAT\u00d3W 7\/10mm Dane techniczne: D\u0142ugo\u015b\u0107 ca\u0142kowita (z wiert\u0142em): 75 mm Trzpie\u0144 mocuj\u0105cy: 12 mm Chwyt: cylindryczny \u015arednica wiert\u0142a: 7\u00a0 mm \u015arednica fazownika: 10\u00a0 mm W zestawie kluczyk do wymiany wiert\u0142a Narz\u0119dzie przydatne ka\u017cdemu majsterkowiczowi! Niezb\u0119dne podczas tworzenia mebli! Solidne wiert\u0142o do konfirmant\u00f3w 7\/ 10 mm. Wykonane z wytrzyma\u0142ych materia\u0142\u00f3w, co b\u0119dzie owocowa\u0142o<br \/><a class=\"more-link\" href=\"https:\/\/bobimarket.pl\/index.php\/produkt\/wiertlo-wiertla-do-konfirmatow-7-10mm\/\"><br \/>\n        Czytaj wi\u0119cej<span class=\"screen-reader-text\"> &#8222;WIERT\u0141O WIERT\u0141A DO KONFIRMAT\u00d3W 7\/10mm&#8221;<\/span><\/a><\/p>\n","protected":false},"featured_media":80982,"template":"","meta":[],"product_cat":[8108],"product_tag":[],"yoast_head":"<!-- This site is optimized with the Yoast SEO plugin v21.0 - https:\/\/yoast.com\/wordpress\/plugins\/seo\/ -->\n<title>WIERT\u0141O WIERT\u0141A DO KONFIRMAT\u00d3W 7\/10mm - BOBIMARKET.pl - Remontuj i urz\u0105dzaj z nami<\/title>\n<meta name=\"robots\" content=\"index, follow, max-snippet:-1, max-image-preview:large, max-video-preview:-1\" \/>\n<link rel=\"canonical\" href=\"https:\/\/bobimarket.pl\/index.php\/produkt\/wiertlo-wiertla-do-konfirmatow-7-10mm\/\" \/>\n<meta property=\"og:locale\" content=\"pl_PL\" \/>\n<meta property=\"og:type\" content=\"article\" \/>\n<meta property=\"og:title\" content=\"WIERT\u0141O WIERT\u0141A DO KONFIRMAT\u00d3W 7\/10mm - BOBIMARKET.pl - Remontuj i urz\u0105dzaj z nami\" \/>\n<meta property=\"og:description\" content=\"WIERT\u0141O WIERT\u0141A DO KONFIRMAT\u00d3W 7\/10mm Dane techniczne: D\u0142ugo\u015b\u0107 ca\u0142kowita (z wiert\u0142em): 75 mm Trzpie\u0144 mocuj\u0105cy: 12 mm Chwyt: cylindryczny \u015arednica wiert\u0142a: 7\u00a0 mm \u015arednica fazownika: 10\u00a0 mm W zestawie kluczyk do wymiany wiert\u0142a Narz\u0119dzie przydatne ka\u017cdemu majsterkowiczowi! Niezb\u0119dne podczas tworzenia mebli! Solidne wiert\u0142o do konfirmant\u00f3w 7\/ 10 mm. Wykonane z wytrzyma\u0142ych materia\u0142\u00f3w, co b\u0119dzie owocowa\u0142o     Czytaj wi\u0119cej &quot;WIERT\u0141O WIERT\u0141A DO KONFIRMAT\u00d3W 7\/10mm&quot;\" \/>\n<meta property=\"og:url\" content=\"https:\/\/bobimarket.pl\/index.php\/produkt\/wiertlo-wiertla-do-konfirmatow-7-10mm\/\" \/>\n<meta property=\"og:site_name\" content=\"BOBIMARKET.pl - Remontuj i urz\u0105dzaj z nami\" \/>\n<meta property=\"article:modified_time\" content=\"2025-02-27T13:35:44+00:00\" \/>\n<meta property=\"og:image\" content=\"https:\/\/upload.cdn.baselinker.com\/products\/14476\/2e3348dc123d82ad6411f322cb49c669.jpg\" \/>\n<meta name=\"twitter:card\" content=\"summary_large_image\" \/>\n<meta name=\"twitter:label1\" content=\"Szacowany czas czytania\" \/>\n\t<meta name=\"twitter:data1\" content=\"1 minuta\" \/>\n<script type=\"application\/ld+json\" class=\"yoast-schema-graph\">{\"@context\":\"https:\/\/schema.org\",\"@graph\":[{\"@type\":\"WebPage\",\"@id\":\"https:\/\/bobimarket.pl\/index.php\/produkt\/wiertlo-wiertla-do-konfirmatow-7-10mm\/\",\"url\":\"https:\/\/bobimarket.pl\/index.php\/produkt\/wiertlo-wiertla-do-konfirmatow-7-10mm\/\",\"name\":\"WIERT\u0141O WIERT\u0141A DO KONFIRMAT\u00d3W 7\/10mm - BOBIMARKET.pl - Remontuj i urz\u0105dzaj z nami\",\"isPartOf\":{\"@id\":\"https:\/\/bobimarket.pl\/#website\"},\"datePublished\":\"2023-08-29T16:04:36+00:00\",\"dateModified\":\"2025-02-27T13:35:44+00:00\",\"breadcrumb\":{\"@id\":\"https:\/\/bobimarket.pl\/index.php\/produkt\/wiertlo-wiertla-do-konfirmatow-7-10mm\/#breadcrumb\"},\"inLanguage\":\"pl-PL\",\"potentialAction\":[{\"@type\":\"ReadAction\",\"target\":[\"https:\/\/bobimarket.pl\/index.php\/produkt\/wiertlo-wiertla-do-konfirmatow-7-10mm\/\"]}]},{\"@type\":\"BreadcrumbList\",\"@id\":\"https:\/\/bobimarket.pl\/index.php\/produkt\/wiertlo-wiertla-do-konfirmatow-7-10mm\/#breadcrumb\",\"itemListElement\":[{\"@type\":\"ListItem\",\"position\":1,\"name\":\"Strona g\u0142\u00f3wna\",\"item\":\"https:\/\/bobimarket.pl\/\"},{\"@type\":\"ListItem\",\"position\":2,\"name\":\"Sklep\",\"item\":\"https:\/\/bobimarket.pl\/index.php\/shop\/\"},{\"@type\":\"ListItem\",\"position\":3,\"name\":\"WIERT\u0141O WIERT\u0141A DO KONFIRMAT\u00d3W 7\/10mm\"}]},{\"@type\":\"WebSite\",\"@id\":\"https:\/\/bobimarket.pl\/#website\",\"url\":\"https:\/\/bobimarket.pl\/\",\"name\":\"BOBIMARKET.pl - Remontuj i urz\u0105dzaj z nami\",\"description\":\"Remontuj i urz\u0105dzaj z nami\",\"publisher\":{\"@id\":\"https:\/\/bobimarket.pl\/#organization\"},\"potentialAction\":[{\"@type\":\"SearchAction\",\"target\":{\"@type\":\"EntryPoint\",\"urlTemplate\":\"https:\/\/bobimarket.pl\/?s={search_term_string}\"},\"query-input\":\"required name=search_term_string\"}],\"inLanguage\":\"pl-PL\"},{\"@type\":\"Organization\",\"@id\":\"https:\/\/bobimarket.pl\/#organization\",\"name\":\"BOBIMARKET.pl\",\"url\":\"https:\/\/bobimarket.pl\/\",\"logo\":{\"@type\":\"ImageObject\",\"inLanguage\":\"pl-PL\",\"@id\":\"https:\/\/bobimarket.pl\/#\/schema\/logo\/image\/\",\"url\":\"https:\/\/bobimarket.pl\/wp-content\/uploads\/2021\/11\/slogan.png\",\"contentUrl\":\"https:\/\/bobimarket.pl\/wp-content\/uploads\/2021\/11\/slogan.png\",\"width\":2000,\"height\":384,\"caption\":\"BOBIMARKET.pl\"},\"image\":{\"@id\":\"https:\/\/bobimarket.pl\/#\/schema\/logo\/image\/\"}}]}<\/script>\n<!-- \/ Yoast SEO plugin. -->","yoast_head_json":{"title":"WIERT\u0141O WIERT\u0141A DO KONFIRMAT\u00d3W 7\/10mm - BOBIMARKET.pl - Remontuj i urz\u0105dzaj z nami","robots":{"index":"index","follow":"follow","max-snippet":"max-snippet:-1","max-image-preview":"max-image-preview:large","max-video-preview":"max-video-preview:-1"},"canonical":"https:\/\/bobimarket.pl\/index.php\/produkt\/wiertlo-wiertla-do-konfirmatow-7-10mm\/","og_locale":"pl_PL","og_type":"article","og_title":"WIERT\u0141O WIERT\u0141A DO KONFIRMAT\u00d3W 7\/10mm - BOBIMARKET.pl - Remontuj i urz\u0105dzaj z nami","og_description":"WIERT\u0141O WIERT\u0141A DO KONFIRMAT\u00d3W 7\/10mm Dane techniczne: D\u0142ugo\u015b\u0107 ca\u0142kowita (z wiert\u0142em): 75 mm Trzpie\u0144 mocuj\u0105cy: 12 mm Chwyt: cylindryczny \u015arednica wiert\u0142a: 7\u00a0 mm \u015arednica fazownika: 10\u00a0 mm W zestawie kluczyk do wymiany wiert\u0142a Narz\u0119dzie przydatne ka\u017cdemu majsterkowiczowi! Niezb\u0119dne podczas tworzenia mebli! Solidne wiert\u0142o do konfirmant\u00f3w 7\/ 10 mm. Wykonane z wytrzyma\u0142ych materia\u0142\u00f3w, co b\u0119dzie owocowa\u0142o     Czytaj wi\u0119cej \"WIERT\u0141O WIERT\u0141A DO KONFIRMAT\u00d3W 7\/10mm\"","og_url":"https:\/\/bobimarket.pl\/index.php\/produkt\/wiertlo-wiertla-do-konfirmatow-7-10mm\/","og_site_name":"BOBIMARKET.pl - Remontuj i urz\u0105dzaj z nami","article_modified_time":"2025-02-27T13:35:44+00:00","og_image":[{"url":"https:\/\/upload.cdn.baselinker.com\/products\/14476\/2e3348dc123d82ad6411f322cb49c669.jpg"}],"twitter_card":"summary_large_image","twitter_misc":{"Szacowany czas czytania":"1 minuta"},"schema":{"@context":"https:\/\/schema.org","@graph":[{"@type":"WebPage","@id":"https:\/\/bobimarket.pl\/index.php\/produkt\/wiertlo-wiertla-do-konfirmatow-7-10mm\/","url":"https:\/\/bobimarket.pl\/index.php\/produkt\/wiertlo-wiertla-do-konfirmatow-7-10mm\/","name":"WIERT\u0141O WIERT\u0141A DO KONFIRMAT\u00d3W 7\/10mm - BOBIMARKET.pl - Remontuj i urz\u0105dzaj z nami","isPartOf":{"@id":"https:\/\/bobimarket.pl\/#website"},"datePublished":"2023-08-29T16:04:36+00:00","dateModified":"2025-02-27T13:35:44+00:00","breadcrumb":{"@id":"https:\/\/bobimarket.pl\/index.php\/produkt\/wiertlo-wiertla-do-konfirmatow-7-10mm\/#breadcrumb"},"inLanguage":"pl-PL","potentialAction":[{"@type":"ReadAction","target":["https:\/\/bobimarket.pl\/index.php\/produkt\/wiertlo-wiertla-do-konfirmatow-7-10mm\/"]}]},{"@type":"BreadcrumbList","@id":"https:\/\/bobimarket.pl\/index.php\/produkt\/wiertlo-wiertla-do-konfirmatow-7-10mm\/#breadcrumb","itemListElement":[{"@type":"ListItem","position":1,"name":"Strona g\u0142\u00f3wna","item":"https:\/\/bobimarket.pl\/"},{"@type":"ListItem","position":2,"name":"Sklep","item":"https:\/\/bobimarket.pl\/index.php\/shop\/"},{"@type":"ListItem","position":3,"name":"WIERT\u0141O WIERT\u0141A DO KONFIRMAT\u00d3W 7\/10mm"}]},{"@type":"WebSite","@id":"https:\/\/bobimarket.pl\/#website","url":"https:\/\/bobimarket.pl\/","name":"BOBIMARKET.pl - Remontuj i urz\u0105dzaj z nami","description":"Remontuj i urz\u0105dzaj z nami","publisher":{"@id":"https:\/\/bobimarket.pl\/#organization"},"potentialAction":[{"@type":"SearchAction","target":{"@type":"EntryPoint","urlTemplate":"https:\/\/bobimarket.pl\/?s={search_term_string}"},"query-input":"required name=search_term_string"}],"inLanguage":"pl-PL"},{"@type":"Organization","@id":"https:\/\/bobimarket.pl\/#organization","name":"BOBIMARKET.pl","url":"https:\/\/bobimarket.pl\/","logo":{"@type":"ImageObject","inLanguage":"pl-PL","@id":"https:\/\/bobimarket.pl\/#\/schema\/logo\/image\/","url":"https:\/\/bobimarket.pl\/wp-content\/uploads\/2021\/11\/slogan.png","contentUrl":"https:\/\/bobimarket.pl\/wp-content\/uploads\/2021\/11\/slogan.png","width":2000,"height":384,"caption":"BOBIMARKET.pl"},"image":{"@id":"https:\/\/bobimarket.pl\/#\/schema\/logo\/image\/"}}]}},"_links":{"self":[{"href":"https:\/\/bobimarket.pl\/index.php\/wp-json\/wp\/v2\/product\/80986"}],"collection":[{"href":"https:\/\/bobimarket.pl\/index.php\/wp-json\/wp\/v2\/product"}],"about":[{"href":"https:\/\/bobimarket.pl\/index.php\/wp-json\/wp\/v2\/types\/product"}],"wp:featuredmedia":[{"embeddable":true,"href":"https:\/\/bobimarket.pl\/index.php\/wp-json\/wp\/v2\/media\/80982"}],"wp:attachment":[{"href":"https:\/\/bobimarket.pl\/index.php\/wp-json\/wp\/v2\/media?parent=80986"}],"wp:term":[{"taxonomy":"product_cat","embeddable":true,"href":"https:\/\/bobimarket.pl\/index.php\/wp-json\/wp\/v2\/product_cat?post=80986"},{"taxonomy":"product_tag","embeddable":true,"href":"https:\/\/bobimarket.pl\/index.php\/wp-json\/wp\/v2\/product_tag?post=80986"}],"curies":[{"name":"wp","href":"https:\/\/api.w.org\/{rel}","templated":true}]}}