{"id":81003,"date":"2023-08-29T16:05:52","date_gmt":"2023-08-29T16:05:52","guid":{"rendered":"https:\/\/bobimarket.pl\/index.php\/produkt\/palnik-gazowy-lutlampa-na-kartusze-naboje-gaz\/"},"modified":"2025-02-27T13:35:55","modified_gmt":"2025-02-27T13:35:55","slug":"palnik-gazowy-lutlampa-na-kartusze-naboje-gaz","status":"publish","type":"product","link":"https:\/\/bobimarket.pl\/index.php\/produkt\/palnik-gazowy-lutlampa-na-kartusze-naboje-gaz\/","title":{"rendered":"PALNIK GAZOWY LUTLAMPA NA KARTUSZE NABOJE GAZ"},"content":{"rendered":"<section class=\"section\">\n<div class=\"item item-12\">\n<section class=\"text-item\">\n<h2>PALNIK GAZOWY LAMPA LUTNICZA PIEZO<\/h2>\n<p><b>Dane techniczne:<\/b><\/p>\n<ul>\n<li>Moc: 0,2 kW<\/li>\n<li>Zu\u017cycie gazu: 13,1 g\/h<\/li>\n<li>Aluminiowy korpus obudowy<\/li>\n<\/ul>\n<\/section><\/div>\n<\/section>\n<section class=\"section\">\n<div class=\"item item-12\">\n<section class=\"image-item\">\n            <img decoding=\"async\" src=\"https:\/\/upload.cdn.baselinker.com\/products\/14476\/9e83a1b674a6ecff288836461093d6c0.jpg\" \/><br \/>\n        <\/section>\n<\/p><\/div>\n<\/section>\n<section class=\"section\">\n<div class=\"item item-12\">\n<section class=\"text-item\">\n<p>Praktyczny<b> palnik gazowy <\/b>z zap\u0142onem piezo 1300\u00b0C\u00a0Korpus palnika wykonany z aluminium, a dysza ze stali nierdzewnej. Narz\u0119dzie jest\u00a0Nape\u0142niany gazem do zapalniczek (gaz butan)<\/p>\n<ul>\n<li>Posiada pe\u0142n\u0105<b> regulacj\u0119 p\u0142omienia<\/b>, dzi\u0119ki czemu mo\u017cna go dopasowa\u0107 do aktualnie wykonywanej pracy.<\/li>\n<li><b>Mo\u017cliwo\u015b\u0107 pracy ci\u0105g\u0142ej<\/b>, bez potrzeby podtrzymywania przycisku.<\/li>\n<li><b>Zabezpieczenie<\/b> przed \u0142atwym uruchomieniem (zabezpieczenie przed dzie\u0107mi).<\/li>\n<\/ul>\n<\/section><\/div>\n<\/section>\n<section class=\"section\">\n<div class=\"item item-12\">\n<section class=\"image-item\">\n            <img decoding=\"async\" src=\"https:\/\/upload.cdn.baselinker.com\/products\/14476\/0d2644ab4f8c69748e717035ab776e8f.jpg\" \/><br \/>\n        <\/section>\n<\/p><\/div>\n<\/section>\n<section class=\"section\">\n<div class=\"item item-12\">\n<section class=\"text-item\">\n<h2>Jeden palnik wiele zastosowa\u0144!<\/h2>\n<p>Palnik to <b>wielofunkcyjny i przydatny element<\/b> wyposa\u017cenia przydomowego warsztatu i nie tylko. Mo\u017cna go wykorzysta\u0107:<\/p>\n<ul>\n<li>do opalania niewielkich powierzchni drewnianych i metalowych,<\/li>\n<li>gi\u0119cia, zgrzewania i formowania na ciep\u0142o,<\/li>\n<li>odkr\u0119cania zapieczonych \u015brub,<\/li>\n<li>obkurczania materia\u0142\u00f3w termokurczliwych<\/li>\n<li>rozpalania komink\u00f3w, grilli i piec\u00f3w czy podgrzewania i rozmra\u017cania.<\/li>\n<\/ul>\n<\/section><\/div>\n<\/section>\n<section class=\"section\">\n<div class=\"item item-12\">\n<section class=\"image-item\">\n            <img decoding=\"async\" src=\"https:\/\/upload.cdn.baselinker.com\/products\/14476\/0466ba6e85a2c6261e33b3080a07ca35.jpg\" \/><br \/>\n        <\/section>\n<\/p><\/div>\n<\/section>\n<section class=\"section\">\n<div class=\"item item-12\">\n<section class=\"image-item\">\n            <img decoding=\"async\" src=\"https:\/\/upload.cdn.baselinker.com\/products\/14476\/8c5b48e48aac380651f144e13c6f313b.jpg\" \/><br \/>\n        <\/section>\n<\/p><\/div>\n<\/section>\n<section class=\"section\">\n<div class=\"item item-12\">\n<section class=\"image-item\">\n            <img decoding=\"async\" src=\"https:\/\/upload.cdn.baselinker.com\/products\/14476\/dfb1f294ba93c384999b428a67466acd.jpg\" \/><br \/>\n        <\/section>\n<\/p><\/div>\n<\/section>\n","protected":false},"excerpt":{"rendered":"<p>PALNIK GAZOWY LAMPA LUTNICZA PIEZO Dane techniczne: Moc: 0,2 kW Zu\u017cycie gazu: 13,1 g\/h Aluminiowy korpus obudowy Praktyczny palnik gazowy z zap\u0142onem piezo 1300\u00b0C\u00a0Korpus palnika wykonany z aluminium, a dysza ze stali nierdzewnej. Narz\u0119dzie jest\u00a0Nape\u0142niany gazem do zapalniczek (gaz butan) Posiada pe\u0142n\u0105 regulacj\u0119 p\u0142omienia, dzi\u0119ki czemu mo\u017cna go dopasowa\u0107 do aktualnie wykonywanej pracy. Mo\u017cliwo\u015b\u0107 pracy<br \/><a class=\"more-link\" href=\"https:\/\/bobimarket.pl\/index.php\/produkt\/palnik-gazowy-lutlampa-na-kartusze-naboje-gaz\/\"><br \/>\n        Czytaj wi\u0119cej<span class=\"screen-reader-text\"> &#8222;PALNIK GAZOWY LUTLAMPA NA KARTUSZE NABOJE GAZ&#8221;<\/span><\/a><\/p>\n","protected":false},"featured_media":80997,"template":"","meta":[],"product_cat":[8118],"product_tag":[],"yoast_head":"<!-- This site is optimized with the Yoast SEO plugin v21.0 - https:\/\/yoast.com\/wordpress\/plugins\/seo\/ -->\n<title>PALNIK GAZOWY LUTLAMPA NA KARTUSZE NABOJE GAZ - BOBIMARKET.pl - Remontuj i urz\u0105dzaj z nami<\/title>\n<meta name=\"robots\" content=\"index, follow, max-snippet:-1, max-image-preview:large, max-video-preview:-1\" \/>\n<link rel=\"canonical\" href=\"https:\/\/bobimarket.pl\/index.php\/produkt\/palnik-gazowy-lutlampa-na-kartusze-naboje-gaz\/\" \/>\n<meta property=\"og:locale\" content=\"pl_PL\" \/>\n<meta property=\"og:type\" content=\"article\" \/>\n<meta property=\"og:title\" content=\"PALNIK GAZOWY LUTLAMPA NA KARTUSZE NABOJE GAZ - BOBIMARKET.pl - Remontuj i urz\u0105dzaj z nami\" \/>\n<meta property=\"og:description\" content=\"PALNIK GAZOWY LAMPA LUTNICZA PIEZO Dane techniczne: Moc: 0,2 kW Zu\u017cycie gazu: 13,1 g\/h Aluminiowy korpus obudowy Praktyczny palnik gazowy z zap\u0142onem piezo 1300\u00b0C\u00a0Korpus palnika wykonany z aluminium, a dysza ze stali nierdzewnej. Narz\u0119dzie jest\u00a0Nape\u0142niany gazem do zapalniczek (gaz butan) Posiada pe\u0142n\u0105 regulacj\u0119 p\u0142omienia, dzi\u0119ki czemu mo\u017cna go dopasowa\u0107 do aktualnie wykonywanej pracy. Mo\u017cliwo\u015b\u0107 pracy     Czytaj wi\u0119cej &quot;PALNIK GAZOWY LUTLAMPA NA KARTUSZE NABOJE GAZ&quot;\" \/>\n<meta property=\"og:url\" content=\"https:\/\/bobimarket.pl\/index.php\/produkt\/palnik-gazowy-lutlampa-na-kartusze-naboje-gaz\/\" \/>\n<meta property=\"og:site_name\" content=\"BOBIMARKET.pl - Remontuj i urz\u0105dzaj z nami\" \/>\n<meta property=\"article:modified_time\" content=\"2025-02-27T13:35:55+00:00\" \/>\n<meta property=\"og:image\" content=\"https:\/\/upload.cdn.baselinker.com\/products\/14476\/9e83a1b674a6ecff288836461093d6c0.jpg\" \/>\n<meta name=\"twitter:card\" content=\"summary_large_image\" \/>\n<meta name=\"twitter:label1\" content=\"Szacowany czas czytania\" \/>\n\t<meta name=\"twitter:data1\" content=\"1 minuta\" \/>\n<script type=\"application\/ld+json\" class=\"yoast-schema-graph\">{\"@context\":\"https:\/\/schema.org\",\"@graph\":[{\"@type\":\"WebPage\",\"@id\":\"https:\/\/bobimarket.pl\/index.php\/produkt\/palnik-gazowy-lutlampa-na-kartusze-naboje-gaz\/\",\"url\":\"https:\/\/bobimarket.pl\/index.php\/produkt\/palnik-gazowy-lutlampa-na-kartusze-naboje-gaz\/\",\"name\":\"PALNIK GAZOWY LUTLAMPA NA KARTUSZE NABOJE GAZ - BOBIMARKET.pl - Remontuj i urz\u0105dzaj z nami\",\"isPartOf\":{\"@id\":\"https:\/\/bobimarket.pl\/#website\"},\"datePublished\":\"2023-08-29T16:05:52+00:00\",\"dateModified\":\"2025-02-27T13:35:55+00:00\",\"breadcrumb\":{\"@id\":\"https:\/\/bobimarket.pl\/index.php\/produkt\/palnik-gazowy-lutlampa-na-kartusze-naboje-gaz\/#breadcrumb\"},\"inLanguage\":\"pl-PL\",\"potentialAction\":[{\"@type\":\"ReadAction\",\"target\":[\"https:\/\/bobimarket.pl\/index.php\/produkt\/palnik-gazowy-lutlampa-na-kartusze-naboje-gaz\/\"]}]},{\"@type\":\"BreadcrumbList\",\"@id\":\"https:\/\/bobimarket.pl\/index.php\/produkt\/palnik-gazowy-lutlampa-na-kartusze-naboje-gaz\/#breadcrumb\",\"itemListElement\":[{\"@type\":\"ListItem\",\"position\":1,\"name\":\"Strona g\u0142\u00f3wna\",\"item\":\"https:\/\/bobimarket.pl\/\"},{\"@type\":\"ListItem\",\"position\":2,\"name\":\"Sklep\",\"item\":\"https:\/\/bobimarket.pl\/index.php\/shop\/\"},{\"@type\":\"ListItem\",\"position\":3,\"name\":\"PALNIK GAZOWY LUTLAMPA NA KARTUSZE NABOJE GAZ\"}]},{\"@type\":\"WebSite\",\"@id\":\"https:\/\/bobimarket.pl\/#website\",\"url\":\"https:\/\/bobimarket.pl\/\",\"name\":\"BOBIMARKET.pl - Remontuj i urz\u0105dzaj z nami\",\"description\":\"Remontuj i urz\u0105dzaj z nami\",\"publisher\":{\"@id\":\"https:\/\/bobimarket.pl\/#organization\"},\"potentialAction\":[{\"@type\":\"SearchAction\",\"target\":{\"@type\":\"EntryPoint\",\"urlTemplate\":\"https:\/\/bobimarket.pl\/?s={search_term_string}\"},\"query-input\":\"required name=search_term_string\"}],\"inLanguage\":\"pl-PL\"},{\"@type\":\"Organization\",\"@id\":\"https:\/\/bobimarket.pl\/#organization\",\"name\":\"BOBIMARKET.pl\",\"url\":\"https:\/\/bobimarket.pl\/\",\"logo\":{\"@type\":\"ImageObject\",\"inLanguage\":\"pl-PL\",\"@id\":\"https:\/\/bobimarket.pl\/#\/schema\/logo\/image\/\",\"url\":\"https:\/\/bobimarket.pl\/wp-content\/uploads\/2021\/11\/slogan.png\",\"contentUrl\":\"https:\/\/bobimarket.pl\/wp-content\/uploads\/2021\/11\/slogan.png\",\"width\":2000,\"height\":384,\"caption\":\"BOBIMARKET.pl\"},\"image\":{\"@id\":\"https:\/\/bobimarket.pl\/#\/schema\/logo\/image\/\"}}]}<\/script>\n<!-- \/ Yoast SEO plugin. -->","yoast_head_json":{"title":"PALNIK GAZOWY LUTLAMPA NA KARTUSZE NABOJE GAZ - BOBIMARKET.pl - Remontuj i urz\u0105dzaj z nami","robots":{"index":"index","follow":"follow","max-snippet":"max-snippet:-1","max-image-preview":"max-image-preview:large","max-video-preview":"max-video-preview:-1"},"canonical":"https:\/\/bobimarket.pl\/index.php\/produkt\/palnik-gazowy-lutlampa-na-kartusze-naboje-gaz\/","og_locale":"pl_PL","og_type":"article","og_title":"PALNIK GAZOWY LUTLAMPA NA KARTUSZE NABOJE GAZ - BOBIMARKET.pl - Remontuj i urz\u0105dzaj z nami","og_description":"PALNIK GAZOWY LAMPA LUTNICZA PIEZO Dane techniczne: Moc: 0,2 kW Zu\u017cycie gazu: 13,1 g\/h Aluminiowy korpus obudowy Praktyczny palnik gazowy z zap\u0142onem piezo 1300\u00b0C\u00a0Korpus palnika wykonany z aluminium, a dysza ze stali nierdzewnej. Narz\u0119dzie jest\u00a0Nape\u0142niany gazem do zapalniczek (gaz butan) Posiada pe\u0142n\u0105 regulacj\u0119 p\u0142omienia, dzi\u0119ki czemu mo\u017cna go dopasowa\u0107 do aktualnie wykonywanej pracy. Mo\u017cliwo\u015b\u0107 pracy     Czytaj wi\u0119cej \"PALNIK GAZOWY LUTLAMPA NA KARTUSZE NABOJE GAZ\"","og_url":"https:\/\/bobimarket.pl\/index.php\/produkt\/palnik-gazowy-lutlampa-na-kartusze-naboje-gaz\/","og_site_name":"BOBIMARKET.pl - Remontuj i urz\u0105dzaj z nami","article_modified_time":"2025-02-27T13:35:55+00:00","og_image":[{"url":"https:\/\/upload.cdn.baselinker.com\/products\/14476\/9e83a1b674a6ecff288836461093d6c0.jpg"}],"twitter_card":"summary_large_image","twitter_misc":{"Szacowany czas czytania":"1 minuta"},"schema":{"@context":"https:\/\/schema.org","@graph":[{"@type":"WebPage","@id":"https:\/\/bobimarket.pl\/index.php\/produkt\/palnik-gazowy-lutlampa-na-kartusze-naboje-gaz\/","url":"https:\/\/bobimarket.pl\/index.php\/produkt\/palnik-gazowy-lutlampa-na-kartusze-naboje-gaz\/","name":"PALNIK GAZOWY LUTLAMPA NA KARTUSZE NABOJE GAZ - BOBIMARKET.pl - Remontuj i urz\u0105dzaj z nami","isPartOf":{"@id":"https:\/\/bobimarket.pl\/#website"},"datePublished":"2023-08-29T16:05:52+00:00","dateModified":"2025-02-27T13:35:55+00:00","breadcrumb":{"@id":"https:\/\/bobimarket.pl\/index.php\/produkt\/palnik-gazowy-lutlampa-na-kartusze-naboje-gaz\/#breadcrumb"},"inLanguage":"pl-PL","potentialAction":[{"@type":"ReadAction","target":["https:\/\/bobimarket.pl\/index.php\/produkt\/palnik-gazowy-lutlampa-na-kartusze-naboje-gaz\/"]}]},{"@type":"BreadcrumbList","@id":"https:\/\/bobimarket.pl\/index.php\/produkt\/palnik-gazowy-lutlampa-na-kartusze-naboje-gaz\/#breadcrumb","itemListElement":[{"@type":"ListItem","position":1,"name":"Strona g\u0142\u00f3wna","item":"https:\/\/bobimarket.pl\/"},{"@type":"ListItem","position":2,"name":"Sklep","item":"https:\/\/bobimarket.pl\/index.php\/shop\/"},{"@type":"ListItem","position":3,"name":"PALNIK GAZOWY LUTLAMPA NA KARTUSZE NABOJE GAZ"}]},{"@type":"WebSite","@id":"https:\/\/bobimarket.pl\/#website","url":"https:\/\/bobimarket.pl\/","name":"BOBIMARKET.pl - Remontuj i urz\u0105dzaj z nami","description":"Remontuj i urz\u0105dzaj z nami","publisher":{"@id":"https:\/\/bobimarket.pl\/#organization"},"potentialAction":[{"@type":"SearchAction","target":{"@type":"EntryPoint","urlTemplate":"https:\/\/bobimarket.pl\/?s={search_term_string}"},"query-input":"required name=search_term_string"}],"inLanguage":"pl-PL"},{"@type":"Organization","@id":"https:\/\/bobimarket.pl\/#organization","name":"BOBIMARKET.pl","url":"https:\/\/bobimarket.pl\/","logo":{"@type":"ImageObject","inLanguage":"pl-PL","@id":"https:\/\/bobimarket.pl\/#\/schema\/logo\/image\/","url":"https:\/\/bobimarket.pl\/wp-content\/uploads\/2021\/11\/slogan.png","contentUrl":"https:\/\/bobimarket.pl\/wp-content\/uploads\/2021\/11\/slogan.png","width":2000,"height":384,"caption":"BOBIMARKET.pl"},"image":{"@id":"https:\/\/bobimarket.pl\/#\/schema\/logo\/image\/"}}]}},"_links":{"self":[{"href":"https:\/\/bobimarket.pl\/index.php\/wp-json\/wp\/v2\/product\/81003"}],"collection":[{"href":"https:\/\/bobimarket.pl\/index.php\/wp-json\/wp\/v2\/product"}],"about":[{"href":"https:\/\/bobimarket.pl\/index.php\/wp-json\/wp\/v2\/types\/product"}],"wp:featuredmedia":[{"embeddable":true,"href":"https:\/\/bobimarket.pl\/index.php\/wp-json\/wp\/v2\/media\/80997"}],"wp:attachment":[{"href":"https:\/\/bobimarket.pl\/index.php\/wp-json\/wp\/v2\/media?parent=81003"}],"wp:term":[{"taxonomy":"product_cat","embeddable":true,"href":"https:\/\/bobimarket.pl\/index.php\/wp-json\/wp\/v2\/product_cat?post=81003"},{"taxonomy":"product_tag","embeddable":true,"href":"https:\/\/bobimarket.pl\/index.php\/wp-json\/wp\/v2\/product_tag?post=81003"}],"curies":[{"name":"wp","href":"https:\/\/api.w.org\/{rel}","templated":true}]}}