{"id":81013,"date":"2023-08-29T16:06:59","date_gmt":"2023-08-29T16:06:59","guid":{"rendered":"https:\/\/bobimarket.pl\/index.php\/produkt\/klej-do-pistoletu-na-goraco-brokat-112x200-mm-2\/"},"modified":"2025-02-27T13:36:03","modified_gmt":"2025-02-27T13:36:03","slug":"klej-do-pistoletu-na-goraco-brokat-112x200-mm-2","status":"publish","type":"product","link":"https:\/\/bobimarket.pl\/index.php\/produkt\/klej-do-pistoletu-na-goraco-brokat-112x200-mm-2\/","title":{"rendered":"KLEJ DO PISTOLETU NA GOR\u0104CO BROKAT 11,2&#215;200 mm"},"content":{"rendered":"<section class=\"section\">\n<div class=\"item item-6\">\n<section class=\"image-item\">\n                <img decoding=\"async\" src=\"https:\/\/upload.cdn.baselinker.com\/products\/14476\/406f5a3829398da5d79924c8f2c63201.jpg\" \/><br \/>\n            <\/section>\n<\/p><\/div>\n<div class=\"item item-6\">\n<section class=\"text-item\">\n<h2>KLEJ\u00a0 DO PISTOLETU NA GOR\u0104CO BROKAT 11,2&#215;200 mm<\/h2>\n<p>Dane techniczne:<\/p>\n<ul>\n<li>\u015arednica:<b> 11,2 mm<\/b><\/li>\n<li>D\u0142ugo\u015b\u0107:<b>\u00a0200 mm<\/b><\/li>\n<li>Temperatura pracy: <b>160-190\u00b0<\/b><\/li>\n<li>Temperatura topnienia:<b> 80\u00b0C<\/b><\/li>\n<li>Czas wi\u0105zania:<b> 45 s<\/b><\/li>\n<\/ul>\n<h2>Zestaw zawiera 5 szt. wk\u0142ad\u00f3w w kolorze fioletowym!<\/h2>\n<\/section><\/div>\n<\/section>\n<section class=\"section\">\n<div class=\"item item-6\">\n<section class=\"image-item\">\n                <img decoding=\"async\" src=\"https:\/\/upload.cdn.baselinker.com\/products\/14476\/3bda71f347830750ba0e68edc0ab86b0.jpg\" \/><br \/>\n            <\/section>\n<\/p><\/div>\n<div class=\"item item-6\">\n<section class=\"text-item\">\n<p><b>Zamie\u0144 klasyczny bezbarwny klej do pistoletu na gor\u0105co na brokatowy wk\u0142ad! <\/b><\/p>\n<p>Wysokiej jako\u015bci kolorowy klej do pistoletu na gor\u0105co. <b>Pi\u0119knie b\u0142yszcz\u0105ce<\/b> si\u0119 wk\u0142ad doskonale nadaje si\u0119 do kreatywnego wykorzystania. \u00a0<\/p>\n<ul>\n<li>Mo\u017cesz go u\u017cy\u0107 do dekorowania ramek, tworzenia r\u00f3\u017cnego rodzaju ozd\u00f3b czy kolorowych naklejek na szkle.<\/li>\n<li>Idealnie nadaje si\u0119 do tworzenia oryginalnych i kreatywnych prac, ale i drobnych napraw.<\/li>\n<\/ul>\n<\/section><\/div>\n<\/section>\n<section class=\"section\">\n<div class=\"item item-6\">\n<section class=\"image-item\">\n                <img decoding=\"async\" src=\"https:\/\/upload.cdn.baselinker.com\/products\/14476\/406f5a3829398da5d79924c8f2c63201.jpg\" \/><br \/>\n            <\/section>\n<\/p><\/div>\n<div class=\"item item-6\">\n<section class=\"text-item\">\n<p><b>\u2705 Zastosowanie:<\/b><\/p>\n<p>Przeznaczony do aplikacji na gor\u0105co przy u\u017cyciu pistoletu do kleju. Opr\u00f3cz tego, \u017ce spe\u0142nia swoj\u0105 podstawow\u0105 funkcj\u0119, to jeszcze \u0142adnie si\u0119 prezentuje i mo\u017ce sta\u0107 si\u0119 dodatkowym elementem dekoracyjnym Twoich prac.<\/p>\n<ul>\n<li>Dzi\u0119ki szybkiemu wi\u0105zaniu praca nie wymaga du\u017cego nak\u0142adu czasu.<\/li>\n<li>Pozwala na uzyskanie orygianlny i nietunzikowych efektu. Brokatowe wk\u0142ady sprawi\u0105, \u017ce Twoje ozdoby b\u0119d\u0105 si\u0119 wyr\u00f3\u017cnia\u0142y.\u00a0<\/li>\n<\/ul>\n<\/section><\/div>\n<\/section>\n<section class=\"section\">\n<div class=\"item item-12\">\n<section class=\"text-item\">\n<h2>Inne kolorowe wk\u0142ady znjadziesz na naszych pozosta\u0142ych aukcjach!<\/h2>\n<\/section><\/div>\n<\/section>\n<section class=\"section\">\n<div class=\"item item-12\">\n<section class=\"image-item\">\n                <img decoding=\"async\" src=\"https:\/\/upload.cdn.baselinker.com\/products\/14476\/fd4dde7a1f9ca7bc726a57c67a7ad4e9.jpg\" \/><br \/>\n            <\/section>\n<\/p><\/div>\n<\/section>\n","protected":false},"excerpt":{"rendered":"<p>KLEJ\u00a0 DO PISTOLETU NA GOR\u0104CO BROKAT 11,2&#215;200 mm Dane techniczne: \u015arednica: 11,2 mm D\u0142ugo\u015b\u0107:\u00a0200 mm Temperatura pracy: 160-190\u00b0 Temperatura topnienia: 80\u00b0C Czas wi\u0105zania: 45 s Zestaw zawiera 5 szt. wk\u0142ad\u00f3w w kolorze fioletowym! Zamie\u0144 klasyczny bezbarwny klej do pistoletu na gor\u0105co na brokatowy wk\u0142ad! Wysokiej jako\u015bci kolorowy klej do pistoletu na gor\u0105co. Pi\u0119knie b\u0142yszcz\u0105ce si\u0119<br \/><a class=\"more-link\" href=\"https:\/\/bobimarket.pl\/index.php\/produkt\/klej-do-pistoletu-na-goraco-brokat-112x200-mm-2\/\"><br \/>\n        Czytaj wi\u0119cej<span class=\"screen-reader-text\"> &#8222;KLEJ DO PISTOLETU NA GOR\u0104CO BROKAT 11,2&#215;200 mm&#8221;<\/span><\/a><\/p>\n","protected":false},"featured_media":81009,"template":"","meta":[],"product_cat":[8149],"product_tag":[],"yoast_head":"<!-- This site is optimized with the Yoast SEO plugin v21.0 - https:\/\/yoast.com\/wordpress\/plugins\/seo\/ -->\n<title>KLEJ DO PISTOLETU NA GOR\u0104CO BROKAT 11,2x200 mm - BOBIMARKET.pl - Remontuj i urz\u0105dzaj z nami<\/title>\n<meta name=\"robots\" content=\"index, follow, max-snippet:-1, max-image-preview:large, max-video-preview:-1\" \/>\n<link rel=\"canonical\" href=\"https:\/\/bobimarket.pl\/index.php\/produkt\/klej-do-pistoletu-na-goraco-brokat-112x200-mm-2\/\" \/>\n<meta property=\"og:locale\" content=\"pl_PL\" \/>\n<meta property=\"og:type\" content=\"article\" \/>\n<meta property=\"og:title\" content=\"KLEJ DO PISTOLETU NA GOR\u0104CO BROKAT 11,2x200 mm - BOBIMARKET.pl - Remontuj i urz\u0105dzaj z nami\" \/>\n<meta property=\"og:description\" content=\"KLEJ\u00a0 DO PISTOLETU NA GOR\u0104CO BROKAT 11,2&#215;200 mm Dane techniczne: \u015arednica: 11,2 mm D\u0142ugo\u015b\u0107:\u00a0200 mm Temperatura pracy: 160-190\u00b0 Temperatura topnienia: 80\u00b0C Czas wi\u0105zania: 45 s Zestaw zawiera 5 szt. wk\u0142ad\u00f3w w kolorze fioletowym! Zamie\u0144 klasyczny bezbarwny klej do pistoletu na gor\u0105co na brokatowy wk\u0142ad! Wysokiej jako\u015bci kolorowy klej do pistoletu na gor\u0105co. Pi\u0119knie b\u0142yszcz\u0105ce si\u0119     Czytaj wi\u0119cej &quot;KLEJ DO PISTOLETU NA GOR\u0104CO BROKAT 11,2&#215;200 mm&quot;\" \/>\n<meta property=\"og:url\" content=\"https:\/\/bobimarket.pl\/index.php\/produkt\/klej-do-pistoletu-na-goraco-brokat-112x200-mm-2\/\" \/>\n<meta property=\"og:site_name\" content=\"BOBIMARKET.pl - Remontuj i urz\u0105dzaj z nami\" \/>\n<meta property=\"article:modified_time\" content=\"2025-02-27T13:36:03+00:00\" \/>\n<meta property=\"og:image\" content=\"https:\/\/upload.cdn.baselinker.com\/products\/14476\/406f5a3829398da5d79924c8f2c63201.jpg\" \/>\n<meta name=\"twitter:card\" content=\"summary_large_image\" \/>\n<meta name=\"twitter:label1\" content=\"Szacowany czas czytania\" \/>\n\t<meta name=\"twitter:data1\" content=\"1 minuta\" \/>\n<script type=\"application\/ld+json\" class=\"yoast-schema-graph\">{\"@context\":\"https:\/\/schema.org\",\"@graph\":[{\"@type\":\"WebPage\",\"@id\":\"https:\/\/bobimarket.pl\/index.php\/produkt\/klej-do-pistoletu-na-goraco-brokat-112x200-mm-2\/\",\"url\":\"https:\/\/bobimarket.pl\/index.php\/produkt\/klej-do-pistoletu-na-goraco-brokat-112x200-mm-2\/\",\"name\":\"KLEJ DO PISTOLETU NA GOR\u0104CO BROKAT 11,2x200 mm - BOBIMARKET.pl - Remontuj i urz\u0105dzaj z nami\",\"isPartOf\":{\"@id\":\"https:\/\/bobimarket.pl\/#website\"},\"datePublished\":\"2023-08-29T16:06:59+00:00\",\"dateModified\":\"2025-02-27T13:36:03+00:00\",\"breadcrumb\":{\"@id\":\"https:\/\/bobimarket.pl\/index.php\/produkt\/klej-do-pistoletu-na-goraco-brokat-112x200-mm-2\/#breadcrumb\"},\"inLanguage\":\"pl-PL\",\"potentialAction\":[{\"@type\":\"ReadAction\",\"target\":[\"https:\/\/bobimarket.pl\/index.php\/produkt\/klej-do-pistoletu-na-goraco-brokat-112x200-mm-2\/\"]}]},{\"@type\":\"BreadcrumbList\",\"@id\":\"https:\/\/bobimarket.pl\/index.php\/produkt\/klej-do-pistoletu-na-goraco-brokat-112x200-mm-2\/#breadcrumb\",\"itemListElement\":[{\"@type\":\"ListItem\",\"position\":1,\"name\":\"Strona g\u0142\u00f3wna\",\"item\":\"https:\/\/bobimarket.pl\/\"},{\"@type\":\"ListItem\",\"position\":2,\"name\":\"Sklep\",\"item\":\"https:\/\/bobimarket.pl\/index.php\/shop\/\"},{\"@type\":\"ListItem\",\"position\":3,\"name\":\"KLEJ DO PISTOLETU NA GOR\u0104CO BROKAT 11,2&#215;200 mm\"}]},{\"@type\":\"WebSite\",\"@id\":\"https:\/\/bobimarket.pl\/#website\",\"url\":\"https:\/\/bobimarket.pl\/\",\"name\":\"BOBIMARKET.pl - Remontuj i urz\u0105dzaj z nami\",\"description\":\"Remontuj i urz\u0105dzaj z nami\",\"publisher\":{\"@id\":\"https:\/\/bobimarket.pl\/#organization\"},\"potentialAction\":[{\"@type\":\"SearchAction\",\"target\":{\"@type\":\"EntryPoint\",\"urlTemplate\":\"https:\/\/bobimarket.pl\/?s={search_term_string}\"},\"query-input\":\"required name=search_term_string\"}],\"inLanguage\":\"pl-PL\"},{\"@type\":\"Organization\",\"@id\":\"https:\/\/bobimarket.pl\/#organization\",\"name\":\"BOBIMARKET.pl\",\"url\":\"https:\/\/bobimarket.pl\/\",\"logo\":{\"@type\":\"ImageObject\",\"inLanguage\":\"pl-PL\",\"@id\":\"https:\/\/bobimarket.pl\/#\/schema\/logo\/image\/\",\"url\":\"https:\/\/bobimarket.pl\/wp-content\/uploads\/2021\/11\/slogan.png\",\"contentUrl\":\"https:\/\/bobimarket.pl\/wp-content\/uploads\/2021\/11\/slogan.png\",\"width\":2000,\"height\":384,\"caption\":\"BOBIMARKET.pl\"},\"image\":{\"@id\":\"https:\/\/bobimarket.pl\/#\/schema\/logo\/image\/\"}}]}<\/script>\n<!-- \/ Yoast SEO plugin. -->","yoast_head_json":{"title":"KLEJ DO PISTOLETU NA GOR\u0104CO BROKAT 11,2x200 mm - BOBIMARKET.pl - Remontuj i urz\u0105dzaj z nami","robots":{"index":"index","follow":"follow","max-snippet":"max-snippet:-1","max-image-preview":"max-image-preview:large","max-video-preview":"max-video-preview:-1"},"canonical":"https:\/\/bobimarket.pl\/index.php\/produkt\/klej-do-pistoletu-na-goraco-brokat-112x200-mm-2\/","og_locale":"pl_PL","og_type":"article","og_title":"KLEJ DO PISTOLETU NA GOR\u0104CO BROKAT 11,2x200 mm - BOBIMARKET.pl - Remontuj i urz\u0105dzaj z nami","og_description":"KLEJ\u00a0 DO PISTOLETU NA GOR\u0104CO BROKAT 11,2&#215;200 mm Dane techniczne: \u015arednica: 11,2 mm D\u0142ugo\u015b\u0107:\u00a0200 mm Temperatura pracy: 160-190\u00b0 Temperatura topnienia: 80\u00b0C Czas wi\u0105zania: 45 s Zestaw zawiera 5 szt. wk\u0142ad\u00f3w w kolorze fioletowym! Zamie\u0144 klasyczny bezbarwny klej do pistoletu na gor\u0105co na brokatowy wk\u0142ad! Wysokiej jako\u015bci kolorowy klej do pistoletu na gor\u0105co. Pi\u0119knie b\u0142yszcz\u0105ce si\u0119     Czytaj wi\u0119cej \"KLEJ DO PISTOLETU NA GOR\u0104CO BROKAT 11,2&#215;200 mm\"","og_url":"https:\/\/bobimarket.pl\/index.php\/produkt\/klej-do-pistoletu-na-goraco-brokat-112x200-mm-2\/","og_site_name":"BOBIMARKET.pl - Remontuj i urz\u0105dzaj z nami","article_modified_time":"2025-02-27T13:36:03+00:00","og_image":[{"url":"https:\/\/upload.cdn.baselinker.com\/products\/14476\/406f5a3829398da5d79924c8f2c63201.jpg"}],"twitter_card":"summary_large_image","twitter_misc":{"Szacowany czas czytania":"1 minuta"},"schema":{"@context":"https:\/\/schema.org","@graph":[{"@type":"WebPage","@id":"https:\/\/bobimarket.pl\/index.php\/produkt\/klej-do-pistoletu-na-goraco-brokat-112x200-mm-2\/","url":"https:\/\/bobimarket.pl\/index.php\/produkt\/klej-do-pistoletu-na-goraco-brokat-112x200-mm-2\/","name":"KLEJ DO PISTOLETU NA GOR\u0104CO BROKAT 11,2x200 mm - BOBIMARKET.pl - Remontuj i urz\u0105dzaj z nami","isPartOf":{"@id":"https:\/\/bobimarket.pl\/#website"},"datePublished":"2023-08-29T16:06:59+00:00","dateModified":"2025-02-27T13:36:03+00:00","breadcrumb":{"@id":"https:\/\/bobimarket.pl\/index.php\/produkt\/klej-do-pistoletu-na-goraco-brokat-112x200-mm-2\/#breadcrumb"},"inLanguage":"pl-PL","potentialAction":[{"@type":"ReadAction","target":["https:\/\/bobimarket.pl\/index.php\/produkt\/klej-do-pistoletu-na-goraco-brokat-112x200-mm-2\/"]}]},{"@type":"BreadcrumbList","@id":"https:\/\/bobimarket.pl\/index.php\/produkt\/klej-do-pistoletu-na-goraco-brokat-112x200-mm-2\/#breadcrumb","itemListElement":[{"@type":"ListItem","position":1,"name":"Strona g\u0142\u00f3wna","item":"https:\/\/bobimarket.pl\/"},{"@type":"ListItem","position":2,"name":"Sklep","item":"https:\/\/bobimarket.pl\/index.php\/shop\/"},{"@type":"ListItem","position":3,"name":"KLEJ DO PISTOLETU NA GOR\u0104CO BROKAT 11,2&#215;200 mm"}]},{"@type":"WebSite","@id":"https:\/\/bobimarket.pl\/#website","url":"https:\/\/bobimarket.pl\/","name":"BOBIMARKET.pl - Remontuj i urz\u0105dzaj z nami","description":"Remontuj i urz\u0105dzaj z nami","publisher":{"@id":"https:\/\/bobimarket.pl\/#organization"},"potentialAction":[{"@type":"SearchAction","target":{"@type":"EntryPoint","urlTemplate":"https:\/\/bobimarket.pl\/?s={search_term_string}"},"query-input":"required name=search_term_string"}],"inLanguage":"pl-PL"},{"@type":"Organization","@id":"https:\/\/bobimarket.pl\/#organization","name":"BOBIMARKET.pl","url":"https:\/\/bobimarket.pl\/","logo":{"@type":"ImageObject","inLanguage":"pl-PL","@id":"https:\/\/bobimarket.pl\/#\/schema\/logo\/image\/","url":"https:\/\/bobimarket.pl\/wp-content\/uploads\/2021\/11\/slogan.png","contentUrl":"https:\/\/bobimarket.pl\/wp-content\/uploads\/2021\/11\/slogan.png","width":2000,"height":384,"caption":"BOBIMARKET.pl"},"image":{"@id":"https:\/\/bobimarket.pl\/#\/schema\/logo\/image\/"}}]}},"_links":{"self":[{"href":"https:\/\/bobimarket.pl\/index.php\/wp-json\/wp\/v2\/product\/81013"}],"collection":[{"href":"https:\/\/bobimarket.pl\/index.php\/wp-json\/wp\/v2\/product"}],"about":[{"href":"https:\/\/bobimarket.pl\/index.php\/wp-json\/wp\/v2\/types\/product"}],"wp:featuredmedia":[{"embeddable":true,"href":"https:\/\/bobimarket.pl\/index.php\/wp-json\/wp\/v2\/media\/81009"}],"wp:attachment":[{"href":"https:\/\/bobimarket.pl\/index.php\/wp-json\/wp\/v2\/media?parent=81013"}],"wp:term":[{"taxonomy":"product_cat","embeddable":true,"href":"https:\/\/bobimarket.pl\/index.php\/wp-json\/wp\/v2\/product_cat?post=81013"},{"taxonomy":"product_tag","embeddable":true,"href":"https:\/\/bobimarket.pl\/index.php\/wp-json\/wp\/v2\/product_tag?post=81013"}],"curies":[{"name":"wp","href":"https:\/\/api.w.org\/{rel}","templated":true}]}}