{"id":81040,"date":"2023-08-29T16:09:34","date_gmt":"2023-08-29T16:09:34","guid":{"rendered":"https:\/\/bobimarket.pl\/index.php\/produkt\/adapter-gazu-naboj-gazowy-gwint-kartusz-butli-7-16\/"},"modified":"2025-02-27T13:36:22","modified_gmt":"2025-02-27T13:36:22","slug":"adapter-gazu-naboj-gazowy-gwint-kartusz-butli-7-16","status":"publish","type":"product","link":"https:\/\/bobimarket.pl\/index.php\/produkt\/adapter-gazu-naboj-gazowy-gwint-kartusz-butli-7-16\/","title":{"rendered":"ADAPTER GAZU NAB\u00d3J GAZOWY GWINT KARTUSZ BUTLI 7\/16"},"content":{"rendered":"<section class=\"section\">\n<div class=\"item item-6\">\n<section class=\"text-item\">\n<h2>ADAPTER GAZU NAB\u00d3J GAZOWY GWINT KARTUSZ BUTLI 7\/16<\/h2>\n<p><b>Dane techniczne:<\/b><\/p>\n<ul>\n<li>Uchwyt: Gwint 7\/16&#8243;<\/li>\n<li>Materia\u0142: mosi\u0105dz, nylon, stop cynku<\/li>\n<\/ul>\n<\/section><\/div>\n<div class=\"item item-6\">\n<section class=\"image-item\">\n            <img decoding=\"async\" src=\"https:\/\/upload.cdn.baselinker.com\/products\/14476\/6a585941ae76c67bbfdd3ddb9bab26ee.jpg\" \/><br \/>\n        <\/section>\n<\/p><\/div>\n<\/section>\n<section class=\"section\">\n<div class=\"item item-6\">\n<section class=\"image-item\">\n            <img decoding=\"async\" src=\"https:\/\/upload.cdn.baselinker.com\/products\/14476\/c948602315eb31d160704289347992b6.jpg\" \/><br \/>\n        <\/section>\n<\/p><\/div>\n<div class=\"item item-6\">\n<section class=\"text-item\">\n<p><b>Niewielki, ale przydatny element wyposa\u017cenia Twojej skrzynki narz\u0119dziowej.<\/b><\/p>\n<p>Solidny adapter do butli z systemem szybkiego mocowani.\u00a0Reduktor gazowy nadaje si\u0119 do najbardziej popularnych na rynku urz\u0105dze\u0144 z gwintem 7\/16 zgodnych ze standardem EN417. Adapter <b>umo\u017cliwia po\u0142\u0105czenie urz\u0105dze\u0144 z gwintem calowym 7\/16 do tradycyjnych kartuszy z z\u0142\u0105czem skr\u0119canym EN417<\/b><\/p>\n<ul>\n<li>\u0141atwy i prosty w obs\u0142udze. Za\u0142o\u017cenie adaptera jest bardzo szybkie i bezproblemowe.<\/li>\n<li>Pozwala na redukcj\u0119 koszt\u00f3w. Umo\u017cliwia pod\u0142\u0105czenie 10x ta\u0144szych kartuszy .<\/li>\n<li>Wyposa\u017cony w zabezpieczenie przed ulatnianiem gazu po za\u0142o\u017ceniu adaptera<\/li>\n<\/ul>\n<\/section><\/div>\n<\/section>\n<section class=\"section\">\n<div class=\"item item-6\">\n<section class=\"image-item\">\n            <img decoding=\"async\" src=\"https:\/\/upload.cdn.baselinker.com\/products\/14476\/6a585941ae76c67bbfdd3ddb9bab26ee.jpg\" \/><br \/>\n        <\/section>\n<\/p><\/div>\n<div class=\"item item-6\">\n<section class=\"image-item\">\n            <img decoding=\"async\" src=\"https:\/\/upload.cdn.baselinker.com\/products\/14476\/1904cff1308cf8187c86e2fe3f55515e.jpg\" \/><br \/>\n        <\/section>\n<\/p><\/div>\n<\/section>\n","protected":false},"excerpt":{"rendered":"<p>ADAPTER GAZU NAB\u00d3J GAZOWY GWINT KARTUSZ BUTLI 7\/16 Dane techniczne: Uchwyt: Gwint 7\/16&#8243; Materia\u0142: mosi\u0105dz, nylon, stop cynku Niewielki, ale przydatny element wyposa\u017cenia Twojej skrzynki narz\u0119dziowej. Solidny adapter do butli z systemem szybkiego mocowani.\u00a0Reduktor gazowy nadaje si\u0119 do najbardziej popularnych na rynku urz\u0105dze\u0144 z gwintem 7\/16 zgodnych ze standardem EN417. Adapter umo\u017cliwia po\u0142\u0105czenie urz\u0105dze\u0144 z<br \/><a class=\"more-link\" href=\"https:\/\/bobimarket.pl\/index.php\/produkt\/adapter-gazu-naboj-gazowy-gwint-kartusz-butli-7-16\/\"><br \/>\n        Czytaj wi\u0119cej<span class=\"screen-reader-text\"> &#8222;ADAPTER GAZU NAB\u00d3J GAZOWY GWINT KARTUSZ BUTLI 7\/16&#8221;<\/span><\/a><\/p>\n","protected":false},"featured_media":81036,"template":"","meta":[],"product_cat":[8153],"product_tag":[],"yoast_head":"<!-- This site is optimized with the Yoast SEO plugin v21.0 - https:\/\/yoast.com\/wordpress\/plugins\/seo\/ -->\n<title>ADAPTER GAZU NAB\u00d3J GAZOWY GWINT KARTUSZ BUTLI 7\/16 - BOBIMARKET.pl - Remontuj i urz\u0105dzaj z nami<\/title>\n<meta name=\"robots\" content=\"index, follow, max-snippet:-1, max-image-preview:large, max-video-preview:-1\" \/>\n<link rel=\"canonical\" href=\"https:\/\/bobimarket.pl\/index.php\/produkt\/adapter-gazu-naboj-gazowy-gwint-kartusz-butli-7-16\/\" \/>\n<meta property=\"og:locale\" content=\"pl_PL\" \/>\n<meta property=\"og:type\" content=\"article\" \/>\n<meta property=\"og:title\" content=\"ADAPTER GAZU NAB\u00d3J GAZOWY GWINT KARTUSZ BUTLI 7\/16 - BOBIMARKET.pl - Remontuj i urz\u0105dzaj z nami\" \/>\n<meta property=\"og:description\" content=\"ADAPTER GAZU NAB\u00d3J GAZOWY GWINT KARTUSZ BUTLI 7\/16 Dane techniczne: Uchwyt: Gwint 7\/16&#8243; Materia\u0142: mosi\u0105dz, nylon, stop cynku Niewielki, ale przydatny element wyposa\u017cenia Twojej skrzynki narz\u0119dziowej. Solidny adapter do butli z systemem szybkiego mocowani.\u00a0Reduktor gazowy nadaje si\u0119 do najbardziej popularnych na rynku urz\u0105dze\u0144 z gwintem 7\/16 zgodnych ze standardem EN417. Adapter umo\u017cliwia po\u0142\u0105czenie urz\u0105dze\u0144 z     Czytaj wi\u0119cej &quot;ADAPTER GAZU NAB\u00d3J GAZOWY GWINT KARTUSZ BUTLI 7\/16&quot;\" \/>\n<meta property=\"og:url\" content=\"https:\/\/bobimarket.pl\/index.php\/produkt\/adapter-gazu-naboj-gazowy-gwint-kartusz-butli-7-16\/\" \/>\n<meta property=\"og:site_name\" content=\"BOBIMARKET.pl - Remontuj i urz\u0105dzaj z nami\" \/>\n<meta property=\"article:modified_time\" content=\"2025-02-27T13:36:22+00:00\" \/>\n<meta property=\"og:image\" content=\"https:\/\/upload.cdn.baselinker.com\/products\/14476\/6a585941ae76c67bbfdd3ddb9bab26ee.jpg\" \/>\n<meta name=\"twitter:card\" content=\"summary_large_image\" \/>\n<meta name=\"twitter:label1\" content=\"Szacowany czas czytania\" \/>\n\t<meta name=\"twitter:data1\" content=\"1 minuta\" \/>\n<script type=\"application\/ld+json\" class=\"yoast-schema-graph\">{\"@context\":\"https:\/\/schema.org\",\"@graph\":[{\"@type\":\"WebPage\",\"@id\":\"https:\/\/bobimarket.pl\/index.php\/produkt\/adapter-gazu-naboj-gazowy-gwint-kartusz-butli-7-16\/\",\"url\":\"https:\/\/bobimarket.pl\/index.php\/produkt\/adapter-gazu-naboj-gazowy-gwint-kartusz-butli-7-16\/\",\"name\":\"ADAPTER GAZU NAB\u00d3J GAZOWY GWINT KARTUSZ BUTLI 7\/16 - BOBIMARKET.pl - Remontuj i urz\u0105dzaj z nami\",\"isPartOf\":{\"@id\":\"https:\/\/bobimarket.pl\/#website\"},\"datePublished\":\"2023-08-29T16:09:34+00:00\",\"dateModified\":\"2025-02-27T13:36:22+00:00\",\"breadcrumb\":{\"@id\":\"https:\/\/bobimarket.pl\/index.php\/produkt\/adapter-gazu-naboj-gazowy-gwint-kartusz-butli-7-16\/#breadcrumb\"},\"inLanguage\":\"pl-PL\",\"potentialAction\":[{\"@type\":\"ReadAction\",\"target\":[\"https:\/\/bobimarket.pl\/index.php\/produkt\/adapter-gazu-naboj-gazowy-gwint-kartusz-butli-7-16\/\"]}]},{\"@type\":\"BreadcrumbList\",\"@id\":\"https:\/\/bobimarket.pl\/index.php\/produkt\/adapter-gazu-naboj-gazowy-gwint-kartusz-butli-7-16\/#breadcrumb\",\"itemListElement\":[{\"@type\":\"ListItem\",\"position\":1,\"name\":\"Strona g\u0142\u00f3wna\",\"item\":\"https:\/\/bobimarket.pl\/\"},{\"@type\":\"ListItem\",\"position\":2,\"name\":\"Sklep\",\"item\":\"https:\/\/bobimarket.pl\/index.php\/shop\/\"},{\"@type\":\"ListItem\",\"position\":3,\"name\":\"ADAPTER GAZU NAB\u00d3J GAZOWY GWINT KARTUSZ BUTLI 7\/16\"}]},{\"@type\":\"WebSite\",\"@id\":\"https:\/\/bobimarket.pl\/#website\",\"url\":\"https:\/\/bobimarket.pl\/\",\"name\":\"BOBIMARKET.pl - Remontuj i urz\u0105dzaj z nami\",\"description\":\"Remontuj i urz\u0105dzaj z nami\",\"publisher\":{\"@id\":\"https:\/\/bobimarket.pl\/#organization\"},\"potentialAction\":[{\"@type\":\"SearchAction\",\"target\":{\"@type\":\"EntryPoint\",\"urlTemplate\":\"https:\/\/bobimarket.pl\/?s={search_term_string}\"},\"query-input\":\"required name=search_term_string\"}],\"inLanguage\":\"pl-PL\"},{\"@type\":\"Organization\",\"@id\":\"https:\/\/bobimarket.pl\/#organization\",\"name\":\"BOBIMARKET.pl\",\"url\":\"https:\/\/bobimarket.pl\/\",\"logo\":{\"@type\":\"ImageObject\",\"inLanguage\":\"pl-PL\",\"@id\":\"https:\/\/bobimarket.pl\/#\/schema\/logo\/image\/\",\"url\":\"https:\/\/bobimarket.pl\/wp-content\/uploads\/2021\/11\/slogan.png\",\"contentUrl\":\"https:\/\/bobimarket.pl\/wp-content\/uploads\/2021\/11\/slogan.png\",\"width\":2000,\"height\":384,\"caption\":\"BOBIMARKET.pl\"},\"image\":{\"@id\":\"https:\/\/bobimarket.pl\/#\/schema\/logo\/image\/\"}}]}<\/script>\n<!-- \/ Yoast SEO plugin. -->","yoast_head_json":{"title":"ADAPTER GAZU NAB\u00d3J GAZOWY GWINT KARTUSZ BUTLI 7\/16 - BOBIMARKET.pl - Remontuj i urz\u0105dzaj z nami","robots":{"index":"index","follow":"follow","max-snippet":"max-snippet:-1","max-image-preview":"max-image-preview:large","max-video-preview":"max-video-preview:-1"},"canonical":"https:\/\/bobimarket.pl\/index.php\/produkt\/adapter-gazu-naboj-gazowy-gwint-kartusz-butli-7-16\/","og_locale":"pl_PL","og_type":"article","og_title":"ADAPTER GAZU NAB\u00d3J GAZOWY GWINT KARTUSZ BUTLI 7\/16 - BOBIMARKET.pl - Remontuj i urz\u0105dzaj z nami","og_description":"ADAPTER GAZU NAB\u00d3J GAZOWY GWINT KARTUSZ BUTLI 7\/16 Dane techniczne: Uchwyt: Gwint 7\/16&#8243; Materia\u0142: mosi\u0105dz, nylon, stop cynku Niewielki, ale przydatny element wyposa\u017cenia Twojej skrzynki narz\u0119dziowej. Solidny adapter do butli z systemem szybkiego mocowani.\u00a0Reduktor gazowy nadaje si\u0119 do najbardziej popularnych na rynku urz\u0105dze\u0144 z gwintem 7\/16 zgodnych ze standardem EN417. Adapter umo\u017cliwia po\u0142\u0105czenie urz\u0105dze\u0144 z     Czytaj wi\u0119cej \"ADAPTER GAZU NAB\u00d3J GAZOWY GWINT KARTUSZ BUTLI 7\/16\"","og_url":"https:\/\/bobimarket.pl\/index.php\/produkt\/adapter-gazu-naboj-gazowy-gwint-kartusz-butli-7-16\/","og_site_name":"BOBIMARKET.pl - Remontuj i urz\u0105dzaj z nami","article_modified_time":"2025-02-27T13:36:22+00:00","og_image":[{"url":"https:\/\/upload.cdn.baselinker.com\/products\/14476\/6a585941ae76c67bbfdd3ddb9bab26ee.jpg"}],"twitter_card":"summary_large_image","twitter_misc":{"Szacowany czas czytania":"1 minuta"},"schema":{"@context":"https:\/\/schema.org","@graph":[{"@type":"WebPage","@id":"https:\/\/bobimarket.pl\/index.php\/produkt\/adapter-gazu-naboj-gazowy-gwint-kartusz-butli-7-16\/","url":"https:\/\/bobimarket.pl\/index.php\/produkt\/adapter-gazu-naboj-gazowy-gwint-kartusz-butli-7-16\/","name":"ADAPTER GAZU NAB\u00d3J GAZOWY GWINT KARTUSZ BUTLI 7\/16 - BOBIMARKET.pl - Remontuj i urz\u0105dzaj z nami","isPartOf":{"@id":"https:\/\/bobimarket.pl\/#website"},"datePublished":"2023-08-29T16:09:34+00:00","dateModified":"2025-02-27T13:36:22+00:00","breadcrumb":{"@id":"https:\/\/bobimarket.pl\/index.php\/produkt\/adapter-gazu-naboj-gazowy-gwint-kartusz-butli-7-16\/#breadcrumb"},"inLanguage":"pl-PL","potentialAction":[{"@type":"ReadAction","target":["https:\/\/bobimarket.pl\/index.php\/produkt\/adapter-gazu-naboj-gazowy-gwint-kartusz-butli-7-16\/"]}]},{"@type":"BreadcrumbList","@id":"https:\/\/bobimarket.pl\/index.php\/produkt\/adapter-gazu-naboj-gazowy-gwint-kartusz-butli-7-16\/#breadcrumb","itemListElement":[{"@type":"ListItem","position":1,"name":"Strona g\u0142\u00f3wna","item":"https:\/\/bobimarket.pl\/"},{"@type":"ListItem","position":2,"name":"Sklep","item":"https:\/\/bobimarket.pl\/index.php\/shop\/"},{"@type":"ListItem","position":3,"name":"ADAPTER GAZU NAB\u00d3J GAZOWY GWINT KARTUSZ BUTLI 7\/16"}]},{"@type":"WebSite","@id":"https:\/\/bobimarket.pl\/#website","url":"https:\/\/bobimarket.pl\/","name":"BOBIMARKET.pl - Remontuj i urz\u0105dzaj z nami","description":"Remontuj i urz\u0105dzaj z nami","publisher":{"@id":"https:\/\/bobimarket.pl\/#organization"},"potentialAction":[{"@type":"SearchAction","target":{"@type":"EntryPoint","urlTemplate":"https:\/\/bobimarket.pl\/?s={search_term_string}"},"query-input":"required name=search_term_string"}],"inLanguage":"pl-PL"},{"@type":"Organization","@id":"https:\/\/bobimarket.pl\/#organization","name":"BOBIMARKET.pl","url":"https:\/\/bobimarket.pl\/","logo":{"@type":"ImageObject","inLanguage":"pl-PL","@id":"https:\/\/bobimarket.pl\/#\/schema\/logo\/image\/","url":"https:\/\/bobimarket.pl\/wp-content\/uploads\/2021\/11\/slogan.png","contentUrl":"https:\/\/bobimarket.pl\/wp-content\/uploads\/2021\/11\/slogan.png","width":2000,"height":384,"caption":"BOBIMARKET.pl"},"image":{"@id":"https:\/\/bobimarket.pl\/#\/schema\/logo\/image\/"}}]}},"_links":{"self":[{"href":"https:\/\/bobimarket.pl\/index.php\/wp-json\/wp\/v2\/product\/81040"}],"collection":[{"href":"https:\/\/bobimarket.pl\/index.php\/wp-json\/wp\/v2\/product"}],"about":[{"href":"https:\/\/bobimarket.pl\/index.php\/wp-json\/wp\/v2\/types\/product"}],"wp:featuredmedia":[{"embeddable":true,"href":"https:\/\/bobimarket.pl\/index.php\/wp-json\/wp\/v2\/media\/81036"}],"wp:attachment":[{"href":"https:\/\/bobimarket.pl\/index.php\/wp-json\/wp\/v2\/media?parent=81040"}],"wp:term":[{"taxonomy":"product_cat","embeddable":true,"href":"https:\/\/bobimarket.pl\/index.php\/wp-json\/wp\/v2\/product_cat?post=81040"},{"taxonomy":"product_tag","embeddable":true,"href":"https:\/\/bobimarket.pl\/index.php\/wp-json\/wp\/v2\/product_tag?post=81040"}],"curies":[{"name":"wp","href":"https:\/\/api.w.org\/{rel}","templated":true}]}}