{"id":81060,"date":"2023-08-29T16:11:15","date_gmt":"2023-08-29T16:11:15","guid":{"rendered":"https:\/\/bobimarket.pl\/index.php\/produkt\/pistolet-do-kleju-klejenia-na-goraco-80w-brokat\/"},"modified":"2025-02-27T13:36:30","modified_gmt":"2025-02-27T13:36:30","slug":"pistolet-do-kleju-klejenia-na-goraco-80w-brokat","status":"publish","type":"product","link":"https:\/\/bobimarket.pl\/index.php\/produkt\/pistolet-do-kleju-klejenia-na-goraco-80w-brokat\/","title":{"rendered":"PISTOLET DO KLEJU KLEJENIA NA GOR\u0104CO 80W BROKAT"},"content":{"rendered":"<section class=\"section\">\n<div class=\"item item-6\">\n<section class=\"image-item\">\n                <img decoding=\"async\" src=\"https:\/\/upload.cdn.baselinker.com\/products\/14476\/248f718bc197b4d94d527380b652f1d2.jpg\" \/><br \/>\n            <\/section>\n<\/p><\/div>\n<div class=\"item item-6\">\n<section class=\"text-item\">\n<h2>PISTOLET DO KLEJU KLEJENIA NA GOR\u0104CO 80W BROKAT<\/h2>\n<p>Dane techniczne pistoletu do kleju na gor\u0105co:<\/p>\n<ul>\n<li>Moc:<b> 80\u00a0W<\/b><\/li>\n<li>Napi\u0119cie sieciowe: <b>110-230V<\/b><\/li>\n<li>\u015arednica laski kleju: <b>11,2mm<\/b><\/li>\n<li>Temp. robocza: <b>190 \u00b0<\/b><\/li>\n<li>Podstawka metalowa<\/li>\n<\/ul>\n<p>Dane techniczne brokatowych wk\u0142ad\u00f3w:<\/p>\n<ul>\n<li>\u015arednica:\u00a0<b>1,2mm<\/b><\/li>\n<li>D\u0142ugo\u015b\u0107:<b>\u00a0200 mm<\/b><\/li>\n<li>Temperatura pracy:\u00a0<b>160-190\u00b0<\/b><\/li>\n<li>Temperatura topnienia:<b>\u00a080\u00b0C<\/b><\/li>\n<li>Czas wi\u0105zania:<b>\u00a045 s<\/b><\/li>\n<\/ul>\n<p><b>Zestaw zawiera :<\/b><\/p>\n<ul>\n<li><b>Pistolet do kleju<\/b><\/li>\n<li><b>Brokatawe wk\u0142ady ( 10 szt. w pi\u0119ciu kolorach)<\/b><\/li>\n<\/ul>\n<\/section><\/div>\n<\/section>\n<section class=\"section\">\n<div class=\"item item-6\">\n<section class=\"image-item\">\n                <img decoding=\"async\" src=\"https:\/\/upload.cdn.baselinker.com\/products\/14476\/61f41121b9a43327999570ced96edc8d.jpg\" \/><br \/>\n            <\/section>\n<\/p><\/div>\n<div class=\"item item-6\">\n<section class=\"text-item\">\n<p><b>Praktyczny i wielofunkcyjny pistolet! niezb\u0119dny element wyposa\u017cenia domy lub warsztatu.<\/b><\/p>\n<p>Wysokiej jako\u015bci pistolet do kleju o mocy 80W. Jego temperatura robocza wynosi 190 \u00b0C. Narz\u0119dzie jest wyposa\u017cone w\u00a0 podstawk\u0119. Pistolet mo\u017cna wygodnie na niej oprze\u0107. Maksymalna moc pistoletu ( w trakcie rozgrzewania) wynosi 80W. Do pistoletu pasuj\u0105 laski kleju o \u015brednicy 11,2 mm.<\/p>\n<ul>\n<li>Pozwala na sprawne i wygodne przeprowadzenie prac. Nie trzeb czeka\u0107 na zaschni\u0119cie kleju, efekty widoczne od razu.<\/li>\n<li>Wygony uchwyt zapewnia komfort.<\/li>\n<li>Nada si\u0119 do klejenie mniejszych i wi\u0119kszych\u00a0 element\u00f3w.<\/li>\n<\/ul>\n<\/section><\/div>\n<\/section>\n<section class=\"section\">\n<div class=\"item item-6\">\n<section class=\"image-item\">\n                <img decoding=\"async\" src=\"https:\/\/upload.cdn.baselinker.com\/products\/14476\/e36260290e0c06a924ef46112eea93b0.jpg\" \/><br \/>\n            <\/section>\n<\/p><\/div>\n<div class=\"item item-6\">\n<section class=\"text-item\">\n<p><b>Zamie\u0144 klasyczny bezbarwny klej do pistoletu na gor\u0105co na brokatowy wk\u0142ad!<\/b><\/p>\n<p>Wysokiej jako\u015bci kolorowe klej do pistoletu na gor\u0105co.\u00a0<b>Pi\u0119knie b\u0142yszcz\u0105ce<\/b>\u00a0si\u0119 wk\u0142ady doskonale \u00a0nadaj\u0105 si\u0119 do kreatywnego wykorzystania. \u00a0<\/p>\n<ul>\n<li>Mo\u017cesz wykorzysta\u0107 je do dekorowania ramek, tworzenia r\u00f3\u017cnego rodzaju ozd\u00f3b czy kolorowych naklejek na szkle.<\/li>\n<\/ul>\n<p><b>Zestaw zawiera 10 szt. ( po 2 szt. z ka\u017cdego koloru):<\/b><\/p>\n<ul>\n<li>brokatowy z\u0142oty,<\/li>\n<li>brokatowy srebrny,<\/li>\n<li>brokatowy zielony,<\/li>\n<li>brokatowy niebieski,<\/li>\n<li>brokatowy czerwony,<\/li>\n<\/ul>\n<\/section><\/div>\n<\/section>\n<section class=\"section\">\n<div class=\"item item-6\">\n<section class=\"image-item\">\n                <img decoding=\"async\" src=\"https:\/\/upload.cdn.baselinker.com\/products\/14476\/608d801a893bf4efed1f35f5555261d4.jpg\" \/><br \/>\n            <\/section>\n<\/p><\/div>\n<div class=\"item item-6\">\n<section class=\"text-item\">\n<p><b>\u2705 Zastosowanie:\u00a0<\/b><\/p>\n<p>Pistolet do kleju idealnie sprawdzi si\u0119 do tworzenia dekoracji, drobnych napraw itp. Natomiast brokatowe kleje opr\u00f3cz tego, \u017ce spe\u0142nia swoj\u0105 podstawow\u0105 funkcj\u0119, to jeszcze \u0142adnie si\u0119 prezentuje i mog\u0105 sta\u0107 si\u0119 dodatkowym elementem dekoracyjnym Twoich prac.<\/p>\n<p>Pistolet w zestawie z klejem to gotowe narz\u0119dzie do pracy nad:<\/p>\n<ul>\n<li>r\u00f3\u017cnego rodzaju ozdobami<\/li>\n<li>stroikami,<\/li>\n<li>w modelarstwie,<\/li>\n<li>przy sklejaniu tektury,<\/li>\n<li>tkanin<\/li>\n<li>i wiele innych&#8230;<\/li>\n<\/ul>\n<\/section><\/div>\n<\/section>\n<section class=\"section\">\n<div class=\"item item-12\">\n<section class=\"image-item\">\n                <img decoding=\"async\" src=\"https:\/\/upload.cdn.baselinker.com\/products\/14476\/a0dfdf50f311cef30204172bf103f1b6.jpg\" \/><br \/>\n            <\/section>\n<\/p><\/div>\n<\/section>\n<section class=\"section\">\n<div class=\"item item-12\">\n<section class=\"image-item\">\n                <img decoding=\"async\" src=\"https:\/\/upload.cdn.baselinker.com\/products\/14476\/f27fbd709eb66f46da51cfa444658704.jpg\" \/><br \/>\n            <\/section>\n<\/p><\/div>\n<\/section>\n","protected":false},"excerpt":{"rendered":"<p>PISTOLET DO KLEJU KLEJENIA NA GOR\u0104CO 80W BROKAT Dane techniczne pistoletu do kleju na gor\u0105co: Moc: 80\u00a0W Napi\u0119cie sieciowe: 110-230V \u015arednica laski kleju: 11,2mm Temp. robocza: 190 \u00b0 Podstawka metalowa Dane techniczne brokatowych wk\u0142ad\u00f3w: \u015arednica:\u00a01,2mm D\u0142ugo\u015b\u0107:\u00a0200 mm Temperatura pracy:\u00a0160-190\u00b0 Temperatura topnienia:\u00a080\u00b0C Czas wi\u0105zania:\u00a045 s Zestaw zawiera : Pistolet do kleju Brokatawe wk\u0142ady ( 10 szt.<br \/><a class=\"more-link\" href=\"https:\/\/bobimarket.pl\/index.php\/produkt\/pistolet-do-kleju-klejenia-na-goraco-80w-brokat\/\"><br \/>\n        Czytaj wi\u0119cej<span class=\"screen-reader-text\"> &#8222;PISTOLET DO KLEJU KLEJENIA NA GOR\u0104CO 80W BROKAT&#8221;<\/span><\/a><\/p>\n","protected":false},"featured_media":81045,"template":"","meta":[],"product_cat":[8154],"product_tag":[],"yoast_head":"<!-- This site is optimized with the Yoast SEO plugin v21.0 - https:\/\/yoast.com\/wordpress\/plugins\/seo\/ -->\n<title>PISTOLET DO KLEJU KLEJENIA NA GOR\u0104CO 80W BROKAT - BOBIMARKET.pl - Remontuj i urz\u0105dzaj z nami<\/title>\n<meta name=\"robots\" content=\"index, follow, max-snippet:-1, max-image-preview:large, max-video-preview:-1\" \/>\n<link rel=\"canonical\" href=\"https:\/\/bobimarket.pl\/index.php\/produkt\/pistolet-do-kleju-klejenia-na-goraco-80w-brokat\/\" \/>\n<meta property=\"og:locale\" content=\"pl_PL\" \/>\n<meta property=\"og:type\" content=\"article\" \/>\n<meta property=\"og:title\" content=\"PISTOLET DO KLEJU KLEJENIA NA GOR\u0104CO 80W BROKAT - BOBIMARKET.pl - Remontuj i urz\u0105dzaj z nami\" \/>\n<meta property=\"og:description\" content=\"PISTOLET DO KLEJU KLEJENIA NA GOR\u0104CO 80W BROKAT Dane techniczne pistoletu do kleju na gor\u0105co: Moc: 80\u00a0W Napi\u0119cie sieciowe: 110-230V \u015arednica laski kleju: 11,2mm Temp. robocza: 190 \u00b0 Podstawka metalowa Dane techniczne brokatowych wk\u0142ad\u00f3w: \u015arednica:\u00a01,2mm D\u0142ugo\u015b\u0107:\u00a0200 mm Temperatura pracy:\u00a0160-190\u00b0 Temperatura topnienia:\u00a080\u00b0C Czas wi\u0105zania:\u00a045 s Zestaw zawiera : Pistolet do kleju Brokatawe wk\u0142ady ( 10 szt.     Czytaj wi\u0119cej &quot;PISTOLET DO KLEJU KLEJENIA NA GOR\u0104CO 80W BROKAT&quot;\" \/>\n<meta property=\"og:url\" content=\"https:\/\/bobimarket.pl\/index.php\/produkt\/pistolet-do-kleju-klejenia-na-goraco-80w-brokat\/\" \/>\n<meta property=\"og:site_name\" content=\"BOBIMARKET.pl - Remontuj i urz\u0105dzaj z nami\" \/>\n<meta property=\"article:modified_time\" content=\"2025-02-27T13:36:30+00:00\" \/>\n<meta property=\"og:image\" content=\"https:\/\/upload.cdn.baselinker.com\/products\/14476\/248f718bc197b4d94d527380b652f1d2.jpg\" \/>\n<meta name=\"twitter:card\" content=\"summary_large_image\" \/>\n<meta name=\"twitter:label1\" content=\"Szacowany czas czytania\" \/>\n\t<meta name=\"twitter:data1\" content=\"1 minuta\" \/>\n<script type=\"application\/ld+json\" class=\"yoast-schema-graph\">{\"@context\":\"https:\/\/schema.org\",\"@graph\":[{\"@type\":\"WebPage\",\"@id\":\"https:\/\/bobimarket.pl\/index.php\/produkt\/pistolet-do-kleju-klejenia-na-goraco-80w-brokat\/\",\"url\":\"https:\/\/bobimarket.pl\/index.php\/produkt\/pistolet-do-kleju-klejenia-na-goraco-80w-brokat\/\",\"name\":\"PISTOLET DO KLEJU KLEJENIA NA GOR\u0104CO 80W BROKAT - BOBIMARKET.pl - Remontuj i urz\u0105dzaj z nami\",\"isPartOf\":{\"@id\":\"https:\/\/bobimarket.pl\/#website\"},\"datePublished\":\"2023-08-29T16:11:15+00:00\",\"dateModified\":\"2025-02-27T13:36:30+00:00\",\"breadcrumb\":{\"@id\":\"https:\/\/bobimarket.pl\/index.php\/produkt\/pistolet-do-kleju-klejenia-na-goraco-80w-brokat\/#breadcrumb\"},\"inLanguage\":\"pl-PL\",\"potentialAction\":[{\"@type\":\"ReadAction\",\"target\":[\"https:\/\/bobimarket.pl\/index.php\/produkt\/pistolet-do-kleju-klejenia-na-goraco-80w-brokat\/\"]}]},{\"@type\":\"BreadcrumbList\",\"@id\":\"https:\/\/bobimarket.pl\/index.php\/produkt\/pistolet-do-kleju-klejenia-na-goraco-80w-brokat\/#breadcrumb\",\"itemListElement\":[{\"@type\":\"ListItem\",\"position\":1,\"name\":\"Strona g\u0142\u00f3wna\",\"item\":\"https:\/\/bobimarket.pl\/\"},{\"@type\":\"ListItem\",\"position\":2,\"name\":\"Sklep\",\"item\":\"https:\/\/bobimarket.pl\/index.php\/shop\/\"},{\"@type\":\"ListItem\",\"position\":3,\"name\":\"PISTOLET DO KLEJU KLEJENIA NA GOR\u0104CO 80W BROKAT\"}]},{\"@type\":\"WebSite\",\"@id\":\"https:\/\/bobimarket.pl\/#website\",\"url\":\"https:\/\/bobimarket.pl\/\",\"name\":\"BOBIMARKET.pl - Remontuj i urz\u0105dzaj z nami\",\"description\":\"Remontuj i urz\u0105dzaj z nami\",\"publisher\":{\"@id\":\"https:\/\/bobimarket.pl\/#organization\"},\"potentialAction\":[{\"@type\":\"SearchAction\",\"target\":{\"@type\":\"EntryPoint\",\"urlTemplate\":\"https:\/\/bobimarket.pl\/?s={search_term_string}\"},\"query-input\":\"required name=search_term_string\"}],\"inLanguage\":\"pl-PL\"},{\"@type\":\"Organization\",\"@id\":\"https:\/\/bobimarket.pl\/#organization\",\"name\":\"BOBIMARKET.pl\",\"url\":\"https:\/\/bobimarket.pl\/\",\"logo\":{\"@type\":\"ImageObject\",\"inLanguage\":\"pl-PL\",\"@id\":\"https:\/\/bobimarket.pl\/#\/schema\/logo\/image\/\",\"url\":\"https:\/\/bobimarket.pl\/wp-content\/uploads\/2021\/11\/slogan.png\",\"contentUrl\":\"https:\/\/bobimarket.pl\/wp-content\/uploads\/2021\/11\/slogan.png\",\"width\":2000,\"height\":384,\"caption\":\"BOBIMARKET.pl\"},\"image\":{\"@id\":\"https:\/\/bobimarket.pl\/#\/schema\/logo\/image\/\"}}]}<\/script>\n<!-- \/ Yoast SEO plugin. -->","yoast_head_json":{"title":"PISTOLET DO KLEJU KLEJENIA NA GOR\u0104CO 80W BROKAT - BOBIMARKET.pl - Remontuj i urz\u0105dzaj z nami","robots":{"index":"index","follow":"follow","max-snippet":"max-snippet:-1","max-image-preview":"max-image-preview:large","max-video-preview":"max-video-preview:-1"},"canonical":"https:\/\/bobimarket.pl\/index.php\/produkt\/pistolet-do-kleju-klejenia-na-goraco-80w-brokat\/","og_locale":"pl_PL","og_type":"article","og_title":"PISTOLET DO KLEJU KLEJENIA NA GOR\u0104CO 80W BROKAT - BOBIMARKET.pl - Remontuj i urz\u0105dzaj z nami","og_description":"PISTOLET DO KLEJU KLEJENIA NA GOR\u0104CO 80W BROKAT Dane techniczne pistoletu do kleju na gor\u0105co: Moc: 80\u00a0W Napi\u0119cie sieciowe: 110-230V \u015arednica laski kleju: 11,2mm Temp. robocza: 190 \u00b0 Podstawka metalowa Dane techniczne brokatowych wk\u0142ad\u00f3w: \u015arednica:\u00a01,2mm D\u0142ugo\u015b\u0107:\u00a0200 mm Temperatura pracy:\u00a0160-190\u00b0 Temperatura topnienia:\u00a080\u00b0C Czas wi\u0105zania:\u00a045 s Zestaw zawiera : Pistolet do kleju Brokatawe wk\u0142ady ( 10 szt.     Czytaj wi\u0119cej \"PISTOLET DO KLEJU KLEJENIA NA GOR\u0104CO 80W BROKAT\"","og_url":"https:\/\/bobimarket.pl\/index.php\/produkt\/pistolet-do-kleju-klejenia-na-goraco-80w-brokat\/","og_site_name":"BOBIMARKET.pl - Remontuj i urz\u0105dzaj z nami","article_modified_time":"2025-02-27T13:36:30+00:00","og_image":[{"url":"https:\/\/upload.cdn.baselinker.com\/products\/14476\/248f718bc197b4d94d527380b652f1d2.jpg"}],"twitter_card":"summary_large_image","twitter_misc":{"Szacowany czas czytania":"1 minuta"},"schema":{"@context":"https:\/\/schema.org","@graph":[{"@type":"WebPage","@id":"https:\/\/bobimarket.pl\/index.php\/produkt\/pistolet-do-kleju-klejenia-na-goraco-80w-brokat\/","url":"https:\/\/bobimarket.pl\/index.php\/produkt\/pistolet-do-kleju-klejenia-na-goraco-80w-brokat\/","name":"PISTOLET DO KLEJU KLEJENIA NA GOR\u0104CO 80W BROKAT - BOBIMARKET.pl - Remontuj i urz\u0105dzaj z nami","isPartOf":{"@id":"https:\/\/bobimarket.pl\/#website"},"datePublished":"2023-08-29T16:11:15+00:00","dateModified":"2025-02-27T13:36:30+00:00","breadcrumb":{"@id":"https:\/\/bobimarket.pl\/index.php\/produkt\/pistolet-do-kleju-klejenia-na-goraco-80w-brokat\/#breadcrumb"},"inLanguage":"pl-PL","potentialAction":[{"@type":"ReadAction","target":["https:\/\/bobimarket.pl\/index.php\/produkt\/pistolet-do-kleju-klejenia-na-goraco-80w-brokat\/"]}]},{"@type":"BreadcrumbList","@id":"https:\/\/bobimarket.pl\/index.php\/produkt\/pistolet-do-kleju-klejenia-na-goraco-80w-brokat\/#breadcrumb","itemListElement":[{"@type":"ListItem","position":1,"name":"Strona g\u0142\u00f3wna","item":"https:\/\/bobimarket.pl\/"},{"@type":"ListItem","position":2,"name":"Sklep","item":"https:\/\/bobimarket.pl\/index.php\/shop\/"},{"@type":"ListItem","position":3,"name":"PISTOLET DO KLEJU KLEJENIA NA GOR\u0104CO 80W BROKAT"}]},{"@type":"WebSite","@id":"https:\/\/bobimarket.pl\/#website","url":"https:\/\/bobimarket.pl\/","name":"BOBIMARKET.pl - Remontuj i urz\u0105dzaj z nami","description":"Remontuj i urz\u0105dzaj z nami","publisher":{"@id":"https:\/\/bobimarket.pl\/#organization"},"potentialAction":[{"@type":"SearchAction","target":{"@type":"EntryPoint","urlTemplate":"https:\/\/bobimarket.pl\/?s={search_term_string}"},"query-input":"required name=search_term_string"}],"inLanguage":"pl-PL"},{"@type":"Organization","@id":"https:\/\/bobimarket.pl\/#organization","name":"BOBIMARKET.pl","url":"https:\/\/bobimarket.pl\/","logo":{"@type":"ImageObject","inLanguage":"pl-PL","@id":"https:\/\/bobimarket.pl\/#\/schema\/logo\/image\/","url":"https:\/\/bobimarket.pl\/wp-content\/uploads\/2021\/11\/slogan.png","contentUrl":"https:\/\/bobimarket.pl\/wp-content\/uploads\/2021\/11\/slogan.png","width":2000,"height":384,"caption":"BOBIMARKET.pl"},"image":{"@id":"https:\/\/bobimarket.pl\/#\/schema\/logo\/image\/"}}]}},"_links":{"self":[{"href":"https:\/\/bobimarket.pl\/index.php\/wp-json\/wp\/v2\/product\/81060"}],"collection":[{"href":"https:\/\/bobimarket.pl\/index.php\/wp-json\/wp\/v2\/product"}],"about":[{"href":"https:\/\/bobimarket.pl\/index.php\/wp-json\/wp\/v2\/types\/product"}],"wp:featuredmedia":[{"embeddable":true,"href":"https:\/\/bobimarket.pl\/index.php\/wp-json\/wp\/v2\/media\/81045"}],"wp:attachment":[{"href":"https:\/\/bobimarket.pl\/index.php\/wp-json\/wp\/v2\/media?parent=81060"}],"wp:term":[{"taxonomy":"product_cat","embeddable":true,"href":"https:\/\/bobimarket.pl\/index.php\/wp-json\/wp\/v2\/product_cat?post=81060"},{"taxonomy":"product_tag","embeddable":true,"href":"https:\/\/bobimarket.pl\/index.php\/wp-json\/wp\/v2\/product_tag?post=81060"}],"curies":[{"name":"wp","href":"https:\/\/api.w.org\/{rel}","templated":true}]}}