{"id":81071,"date":"2023-08-29T16:11:57","date_gmt":"2023-08-29T16:11:57","guid":{"rendered":"https:\/\/bobimarket.pl\/index.php\/produkt\/wiertla-do-drewna-swider-srubowe-zestaw-6-szt\/"},"modified":"2025-02-27T13:36:33","modified_gmt":"2025-02-27T13:36:33","slug":"wiertla-do-drewna-swider-srubowe-zestaw-6-szt","status":"publish","type":"product","link":"https:\/\/bobimarket.pl\/index.php\/produkt\/wiertla-do-drewna-swider-srubowe-zestaw-6-szt\/","title":{"rendered":"WIERT\u0141A DO DREWNA \u015aWIDER \u015aRUBOWE ZESTAW 6 szt."},"content":{"rendered":"<section class=\"section\">\n<div class=\"item item-6\">\n<section class=\"image-item\">\n                <img decoding=\"async\" src=\"https:\/\/upload.cdn.baselinker.com\/products\/14476\/3ae9ac69b7b35a80ef7e499bf80fe632.jpg\" \/><br \/>\n            <\/section>\n<\/p><\/div>\n<div class=\"item item-6\">\n<section class=\"text-item\">\n<h2>WIERT\u0141A DO DREWNA \u015aWIDER \u015aRUBOWE ZESTAW 6 szt.\u00a0Dane techniczne:<\/h2>\n<ul>\n<li>\u015arednica: <b>6-20 mm<\/b><\/li>\n<li>D\u0142ugo\u015b\u0107:<b> 230 mm mm<\/b><\/li>\n<li>Uchwyt:<b> 6-k\u0105tny (HEX)<\/b><\/li>\n<li>Przeznaczenie: <b>do drewna<\/b><\/li>\n<\/ul>\n<p><b>\u2705\u00a0<\/b>Komplet sk\u0142ada si\u0119 z 6 szt. wierte\u0142 o \u015brednicy:\u00a0<\/p>\n<ul>\n<li>\u03a6 6 x 230 mm<\/li>\n<li>\u03a6 8 x 230 mm<\/li>\n<li>\u03a6 10 x 230 mm<\/li>\n<li>\u03a6 12 x 230 mm<\/li>\n<li>\u03a6 16 x 230 mm<\/li>\n<li>\u03a6 20 x 230 mm<\/li>\n<\/ul>\n<\/section><\/div>\n<\/section>\n<section class=\"section\">\n<div class=\"item item-6\">\n<section class=\"image-item\">\n                <img decoding=\"async\" src=\"https:\/\/upload.cdn.baselinker.com\/products\/14476\/f464b6ea282ed817c32dac807215b1bb.jpg\" \/><br \/>\n            <\/section>\n<\/p><\/div>\n<div class=\"item item-6\">\n<section class=\"text-item\">\n<p><b>Przydatny element wyposa\u017cenia Twojej skrzynki narz\u0119dziowej!<\/b><\/p>\n<p>Solidny zestaw 6 sztuk wierte\u0142 kretych przeznaczonych do obr\u00f3bki drewna. Wiert\u0142a maj\u0105 d\u0142ugo\u015bc 230 mm i \u015brednic\u0119 od 6 20 mm.\u00a0<\/p>\n<ul>\n<li>Wiert\u0142o jest frezowane ze szlifowan\u0105 i wysokowydajn\u0105 prawoskr\u0119tn\u0105 <b>spiral\u0105 \u015brubow\u0105 typu LEWIS<\/b>. Daje mo\u017cliwo\u015b\u0107 szybkiego, dok\u0142adnego, punktowego i bezodpryskowego wiercenia otwor\u00f3w.\u00a0<\/li>\n<li>Kszta\u0142t wierte\u0142 odpowiada za g\u0142adk\u0105 powierzchni\u0119 otworu, a tak\u017ce bardzo dobre prowadzenie. Ponadto rowki \u015brubowe zapewniaj\u0105 <b>szybkie usuwanie materia\u0142u.<\/b><\/li>\n<\/ul>\n<\/section><\/div>\n<\/section>\n<section class=\"section\">\n<div class=\"item item-6\">\n<section class=\"image-item\">\n                <img decoding=\"async\" src=\"https:\/\/upload.cdn.baselinker.com\/products\/14476\/d10aa609c2d3d30b83901cae9f478eea.jpg\" \/><br \/>\n            <\/section>\n<\/p><\/div>\n<div class=\"item item-6\">\n<section class=\"text-item\">\n<p><b>\u2705<\/b><b> Zastosowanie:<\/b><\/p>\n<p>Wiert\u0142o wyposa\u017cone w <b>uchwyt HEX<\/b>, pasuj\u0105 do wi\u0119kszo\u015bci dost\u0119pnych na rynku wiertarek i zapewniaj\u0105 bezpieczne zaci\u015bni\u0119cia w uchwycie.\u00a0<\/p>\n<p>Wiert\u0142a stosowane do obr\u00f3bki drewna i materia\u0142\u00f3w drewnopodobnych, sprawdz\u0105 si\u0119 do wykonywania otwor\u00f3w w:<\/p>\n<ul>\n<li>naturalnym drewnie mi\u0119kkim i twardym,<\/li>\n<li>p\u0142ytach laminowanych,<\/li>\n<li>sklejce<\/li>\n<li>fornirowanych p\u0142ytach drewnianych<\/li>\n<li>p\u0142ytach gipsowych<\/li>\n<li>innych materia\u0142ach budowalnych wykonanych z drewna.<\/li>\n<\/ul>\n<p><b>Uwaga!<\/b>\u00a0 Nie u\u017cywa\u0107 przy w\u0142\u0105czonym trybie pracy udaru wiertarki.<\/p>\n<\/section><\/div>\n<\/section>\n<section class=\"section\">\n<div class=\"item item-6\">\n<section class=\"image-item\">\n                <img decoding=\"async\" src=\"https:\/\/upload.cdn.baselinker.com\/products\/14476\/3ae9ac69b7b35a80ef7e499bf80fe632.jpg\" \/><br \/>\n            <\/section>\n<\/p><\/div>\n<div class=\"item item-6\">\n<section class=\"text-item\">\n<p><b>\u2705 Jeszcze wi\u0119cej zalet:<\/b><\/p>\n<p>Wiert\u0142a znajduj\u0105 si\u0119 w\u00a0<b>drewnianym organizerze<\/b>. Mo\u017cesz wi\u0119c przechowywa\u0107 je w bezpieczny spos\u00f3b.<\/p>\n<ul>\n<li>Szczelnie zamykane pude\u0142ko zapobiega gubieniu si\u0119 poszczeg\u00f3lnych element\u00f3w zestawu.<\/li>\n<li>Ponadto u\u0142atwia utrzymanie porz\u0105dku w warsztacie oraz pozwala na swobodne przenoszenie ca\u0142ego kompletu.<\/li>\n<\/ul>\n<\/section><\/div>\n<\/section>\n<section class=\"section\">\n<div class=\"item item-6\">\n<section class=\"image-item\">\n                <img decoding=\"async\" src=\"https:\/\/upload.cdn.baselinker.com\/products\/14476\/549bea325a63cf6a34a31119223cd883.jpg\" \/><br \/>\n            <\/section>\n<\/p><\/div>\n<div class=\"item item-6\">\n<section class=\"image-item\">\n                <img decoding=\"async\" src=\"https:\/\/upload.cdn.baselinker.com\/products\/14476\/b13233647db08450f22486fce689d1e1.jpg\" \/><br \/>\n            <\/section>\n<\/p><\/div>\n<\/section>\n","protected":false},"excerpt":{"rendered":"<p>WIERT\u0141A DO DREWNA \u015aWIDER \u015aRUBOWE ZESTAW 6 szt.\u00a0Dane techniczne: \u015arednica: 6-20 mm D\u0142ugo\u015b\u0107: 230 mm mm Uchwyt: 6-k\u0105tny (HEX) Przeznaczenie: do drewna \u2705\u00a0Komplet sk\u0142ada si\u0119 z 6 szt. wierte\u0142 o \u015brednicy:\u00a0 \u03a6 6 x 230 mm \u03a6 8 x 230 mm \u03a6 10 x 230 mm \u03a6 12 x 230 mm \u03a6 16 x 230<br \/><a class=\"more-link\" href=\"https:\/\/bobimarket.pl\/index.php\/produkt\/wiertla-do-drewna-swider-srubowe-zestaw-6-szt\/\"><br \/>\n        Czytaj wi\u0119cej<span class=\"screen-reader-text\"> &#8222;WIERT\u0141A DO DREWNA \u015aWIDER \u015aRUBOWE ZESTAW 6 szt.&#8221;<\/span><\/a><\/p>\n","protected":false},"featured_media":81061,"template":"","meta":[],"product_cat":[8108],"product_tag":[],"yoast_head":"<!-- This site is optimized with the Yoast SEO plugin v21.0 - https:\/\/yoast.com\/wordpress\/plugins\/seo\/ -->\n<title>WIERT\u0141A DO DREWNA \u015aWIDER \u015aRUBOWE ZESTAW 6 szt. - BOBIMARKET.pl - Remontuj i urz\u0105dzaj z nami<\/title>\n<meta name=\"robots\" content=\"index, follow, max-snippet:-1, max-image-preview:large, max-video-preview:-1\" \/>\n<link rel=\"canonical\" href=\"https:\/\/bobimarket.pl\/index.php\/produkt\/wiertla-do-drewna-swider-srubowe-zestaw-6-szt\/\" \/>\n<meta property=\"og:locale\" content=\"pl_PL\" \/>\n<meta property=\"og:type\" content=\"article\" \/>\n<meta property=\"og:title\" content=\"WIERT\u0141A DO DREWNA \u015aWIDER \u015aRUBOWE ZESTAW 6 szt. - BOBIMARKET.pl - Remontuj i urz\u0105dzaj z nami\" \/>\n<meta property=\"og:description\" content=\"WIERT\u0141A DO DREWNA \u015aWIDER \u015aRUBOWE ZESTAW 6 szt.\u00a0Dane techniczne: \u015arednica: 6-20 mm D\u0142ugo\u015b\u0107: 230 mm mm Uchwyt: 6-k\u0105tny (HEX) Przeznaczenie: do drewna \u2705\u00a0Komplet sk\u0142ada si\u0119 z 6 szt. wierte\u0142 o \u015brednicy:\u00a0 \u03a6 6 x 230 mm \u03a6 8 x 230 mm \u03a6 10 x 230 mm \u03a6 12 x 230 mm \u03a6 16 x 230     Czytaj wi\u0119cej &quot;WIERT\u0141A DO DREWNA \u015aWIDER \u015aRUBOWE ZESTAW 6 szt.&quot;\" \/>\n<meta property=\"og:url\" content=\"https:\/\/bobimarket.pl\/index.php\/produkt\/wiertla-do-drewna-swider-srubowe-zestaw-6-szt\/\" \/>\n<meta property=\"og:site_name\" content=\"BOBIMARKET.pl - Remontuj i urz\u0105dzaj z nami\" \/>\n<meta property=\"article:modified_time\" content=\"2025-02-27T13:36:33+00:00\" \/>\n<meta property=\"og:image\" content=\"https:\/\/upload.cdn.baselinker.com\/products\/14476\/3ae9ac69b7b35a80ef7e499bf80fe632.jpg\" \/>\n<meta name=\"twitter:card\" content=\"summary_large_image\" \/>\n<meta name=\"twitter:label1\" content=\"Szacowany czas czytania\" \/>\n\t<meta name=\"twitter:data1\" content=\"1 minuta\" \/>\n<script type=\"application\/ld+json\" class=\"yoast-schema-graph\">{\"@context\":\"https:\/\/schema.org\",\"@graph\":[{\"@type\":\"WebPage\",\"@id\":\"https:\/\/bobimarket.pl\/index.php\/produkt\/wiertla-do-drewna-swider-srubowe-zestaw-6-szt\/\",\"url\":\"https:\/\/bobimarket.pl\/index.php\/produkt\/wiertla-do-drewna-swider-srubowe-zestaw-6-szt\/\",\"name\":\"WIERT\u0141A DO DREWNA \u015aWIDER \u015aRUBOWE ZESTAW 6 szt. - BOBIMARKET.pl - Remontuj i urz\u0105dzaj z nami\",\"isPartOf\":{\"@id\":\"https:\/\/bobimarket.pl\/#website\"},\"datePublished\":\"2023-08-29T16:11:57+00:00\",\"dateModified\":\"2025-02-27T13:36:33+00:00\",\"breadcrumb\":{\"@id\":\"https:\/\/bobimarket.pl\/index.php\/produkt\/wiertla-do-drewna-swider-srubowe-zestaw-6-szt\/#breadcrumb\"},\"inLanguage\":\"pl-PL\",\"potentialAction\":[{\"@type\":\"ReadAction\",\"target\":[\"https:\/\/bobimarket.pl\/index.php\/produkt\/wiertla-do-drewna-swider-srubowe-zestaw-6-szt\/\"]}]},{\"@type\":\"BreadcrumbList\",\"@id\":\"https:\/\/bobimarket.pl\/index.php\/produkt\/wiertla-do-drewna-swider-srubowe-zestaw-6-szt\/#breadcrumb\",\"itemListElement\":[{\"@type\":\"ListItem\",\"position\":1,\"name\":\"Strona g\u0142\u00f3wna\",\"item\":\"https:\/\/bobimarket.pl\/\"},{\"@type\":\"ListItem\",\"position\":2,\"name\":\"Sklep\",\"item\":\"https:\/\/bobimarket.pl\/index.php\/shop\/\"},{\"@type\":\"ListItem\",\"position\":3,\"name\":\"WIERT\u0141A DO DREWNA \u015aWIDER \u015aRUBOWE ZESTAW 6 szt.\"}]},{\"@type\":\"WebSite\",\"@id\":\"https:\/\/bobimarket.pl\/#website\",\"url\":\"https:\/\/bobimarket.pl\/\",\"name\":\"BOBIMARKET.pl - Remontuj i urz\u0105dzaj z nami\",\"description\":\"Remontuj i urz\u0105dzaj z nami\",\"publisher\":{\"@id\":\"https:\/\/bobimarket.pl\/#organization\"},\"potentialAction\":[{\"@type\":\"SearchAction\",\"target\":{\"@type\":\"EntryPoint\",\"urlTemplate\":\"https:\/\/bobimarket.pl\/?s={search_term_string}\"},\"query-input\":\"required name=search_term_string\"}],\"inLanguage\":\"pl-PL\"},{\"@type\":\"Organization\",\"@id\":\"https:\/\/bobimarket.pl\/#organization\",\"name\":\"BOBIMARKET.pl\",\"url\":\"https:\/\/bobimarket.pl\/\",\"logo\":{\"@type\":\"ImageObject\",\"inLanguage\":\"pl-PL\",\"@id\":\"https:\/\/bobimarket.pl\/#\/schema\/logo\/image\/\",\"url\":\"https:\/\/bobimarket.pl\/wp-content\/uploads\/2021\/11\/slogan.png\",\"contentUrl\":\"https:\/\/bobimarket.pl\/wp-content\/uploads\/2021\/11\/slogan.png\",\"width\":2000,\"height\":384,\"caption\":\"BOBIMARKET.pl\"},\"image\":{\"@id\":\"https:\/\/bobimarket.pl\/#\/schema\/logo\/image\/\"}}]}<\/script>\n<!-- \/ Yoast SEO plugin. -->","yoast_head_json":{"title":"WIERT\u0141A DO DREWNA \u015aWIDER \u015aRUBOWE ZESTAW 6 szt. - BOBIMARKET.pl - Remontuj i urz\u0105dzaj z nami","robots":{"index":"index","follow":"follow","max-snippet":"max-snippet:-1","max-image-preview":"max-image-preview:large","max-video-preview":"max-video-preview:-1"},"canonical":"https:\/\/bobimarket.pl\/index.php\/produkt\/wiertla-do-drewna-swider-srubowe-zestaw-6-szt\/","og_locale":"pl_PL","og_type":"article","og_title":"WIERT\u0141A DO DREWNA \u015aWIDER \u015aRUBOWE ZESTAW 6 szt. - BOBIMARKET.pl - Remontuj i urz\u0105dzaj z nami","og_description":"WIERT\u0141A DO DREWNA \u015aWIDER \u015aRUBOWE ZESTAW 6 szt.\u00a0Dane techniczne: \u015arednica: 6-20 mm D\u0142ugo\u015b\u0107: 230 mm mm Uchwyt: 6-k\u0105tny (HEX) Przeznaczenie: do drewna \u2705\u00a0Komplet sk\u0142ada si\u0119 z 6 szt. wierte\u0142 o \u015brednicy:\u00a0 \u03a6 6 x 230 mm \u03a6 8 x 230 mm \u03a6 10 x 230 mm \u03a6 12 x 230 mm \u03a6 16 x 230     Czytaj wi\u0119cej \"WIERT\u0141A DO DREWNA \u015aWIDER \u015aRUBOWE ZESTAW 6 szt.\"","og_url":"https:\/\/bobimarket.pl\/index.php\/produkt\/wiertla-do-drewna-swider-srubowe-zestaw-6-szt\/","og_site_name":"BOBIMARKET.pl - Remontuj i urz\u0105dzaj z nami","article_modified_time":"2025-02-27T13:36:33+00:00","og_image":[{"url":"https:\/\/upload.cdn.baselinker.com\/products\/14476\/3ae9ac69b7b35a80ef7e499bf80fe632.jpg"}],"twitter_card":"summary_large_image","twitter_misc":{"Szacowany czas czytania":"1 minuta"},"schema":{"@context":"https:\/\/schema.org","@graph":[{"@type":"WebPage","@id":"https:\/\/bobimarket.pl\/index.php\/produkt\/wiertla-do-drewna-swider-srubowe-zestaw-6-szt\/","url":"https:\/\/bobimarket.pl\/index.php\/produkt\/wiertla-do-drewna-swider-srubowe-zestaw-6-szt\/","name":"WIERT\u0141A DO DREWNA \u015aWIDER \u015aRUBOWE ZESTAW 6 szt. - BOBIMARKET.pl - Remontuj i urz\u0105dzaj z nami","isPartOf":{"@id":"https:\/\/bobimarket.pl\/#website"},"datePublished":"2023-08-29T16:11:57+00:00","dateModified":"2025-02-27T13:36:33+00:00","breadcrumb":{"@id":"https:\/\/bobimarket.pl\/index.php\/produkt\/wiertla-do-drewna-swider-srubowe-zestaw-6-szt\/#breadcrumb"},"inLanguage":"pl-PL","potentialAction":[{"@type":"ReadAction","target":["https:\/\/bobimarket.pl\/index.php\/produkt\/wiertla-do-drewna-swider-srubowe-zestaw-6-szt\/"]}]},{"@type":"BreadcrumbList","@id":"https:\/\/bobimarket.pl\/index.php\/produkt\/wiertla-do-drewna-swider-srubowe-zestaw-6-szt\/#breadcrumb","itemListElement":[{"@type":"ListItem","position":1,"name":"Strona g\u0142\u00f3wna","item":"https:\/\/bobimarket.pl\/"},{"@type":"ListItem","position":2,"name":"Sklep","item":"https:\/\/bobimarket.pl\/index.php\/shop\/"},{"@type":"ListItem","position":3,"name":"WIERT\u0141A DO DREWNA \u015aWIDER \u015aRUBOWE ZESTAW 6 szt."}]},{"@type":"WebSite","@id":"https:\/\/bobimarket.pl\/#website","url":"https:\/\/bobimarket.pl\/","name":"BOBIMARKET.pl - Remontuj i urz\u0105dzaj z nami","description":"Remontuj i urz\u0105dzaj z nami","publisher":{"@id":"https:\/\/bobimarket.pl\/#organization"},"potentialAction":[{"@type":"SearchAction","target":{"@type":"EntryPoint","urlTemplate":"https:\/\/bobimarket.pl\/?s={search_term_string}"},"query-input":"required name=search_term_string"}],"inLanguage":"pl-PL"},{"@type":"Organization","@id":"https:\/\/bobimarket.pl\/#organization","name":"BOBIMARKET.pl","url":"https:\/\/bobimarket.pl\/","logo":{"@type":"ImageObject","inLanguage":"pl-PL","@id":"https:\/\/bobimarket.pl\/#\/schema\/logo\/image\/","url":"https:\/\/bobimarket.pl\/wp-content\/uploads\/2021\/11\/slogan.png","contentUrl":"https:\/\/bobimarket.pl\/wp-content\/uploads\/2021\/11\/slogan.png","width":2000,"height":384,"caption":"BOBIMARKET.pl"},"image":{"@id":"https:\/\/bobimarket.pl\/#\/schema\/logo\/image\/"}}]}},"_links":{"self":[{"href":"https:\/\/bobimarket.pl\/index.php\/wp-json\/wp\/v2\/product\/81071"}],"collection":[{"href":"https:\/\/bobimarket.pl\/index.php\/wp-json\/wp\/v2\/product"}],"about":[{"href":"https:\/\/bobimarket.pl\/index.php\/wp-json\/wp\/v2\/types\/product"}],"wp:featuredmedia":[{"embeddable":true,"href":"https:\/\/bobimarket.pl\/index.php\/wp-json\/wp\/v2\/media\/81061"}],"wp:attachment":[{"href":"https:\/\/bobimarket.pl\/index.php\/wp-json\/wp\/v2\/media?parent=81071"}],"wp:term":[{"taxonomy":"product_cat","embeddable":true,"href":"https:\/\/bobimarket.pl\/index.php\/wp-json\/wp\/v2\/product_cat?post=81071"},{"taxonomy":"product_tag","embeddable":true,"href":"https:\/\/bobimarket.pl\/index.php\/wp-json\/wp\/v2\/product_tag?post=81071"}],"curies":[{"name":"wp","href":"https:\/\/api.w.org\/{rel}","templated":true}]}}