{"id":81092,"date":"2023-08-29T16:13:28","date_gmt":"2023-08-29T16:13:28","guid":{"rendered":"https:\/\/bobimarket.pl\/index.php\/produkt\/scisk-stolarski-modelarski-sprezynowy-210-mm-2-szt\/"},"modified":"2025-02-27T13:36:41","modified_gmt":"2025-02-27T13:36:41","slug":"scisk-stolarski-modelarski-sprezynowy-210-mm-2-szt","status":"publish","type":"product","link":"https:\/\/bobimarket.pl\/index.php\/produkt\/scisk-stolarski-modelarski-sprezynowy-210-mm-2-szt\/","title":{"rendered":"\u015aCISK STOLARSKI MODELARSKI SPR\u0118\u017bYNOWY 210 mm 2 szt"},"content":{"rendered":"<section class=\"section\">\n<div class=\"item item-6\">\n<section class=\"image-item\">\n            <img decoding=\"async\" src=\"https:\/\/upload.cdn.baselinker.com\/products\/14476\/0b1c7558b3512b56b896fa1c464bb3ca.jpg\" \/><br \/>\n        <\/section>\n<\/p><\/div>\n<div class=\"item item-6\">\n<section class=\"text-item\">\n<h2>\u015aCISK STOLARSKI MODELARSKI SPR\u0118\u017bYNOWY 210 mm 2 szt.<\/h2>\n<p><b>Dane techniczne:<\/b><\/p>\n<ul>\n<li>D\u0142ugo\u015b\u0107 ca\u0142kowita:<b> 21 cm<\/b><\/li>\n<li>Max. szeroko\u015b\u0107 rozstawu:<b> ok. 10 cm<\/b><\/li>\n<li>Typ \u015bcisku:<b> spr\u0119\u017cynowy<\/b><\/li>\n<li>Materia\u0142: <b>tworzywo<\/b><\/li>\n<li>Spr\u0119\u017cyna hartowana<\/li>\n<\/ul>\n<p><b>Cena dotyczny 2 szt. \u015bcisku stolarskiego!<\/b><\/p>\n<\/section><\/div>\n<\/section>\n<section class=\"section\">\n<div class=\"item item-6\">\n<section class=\"image-item\">\n            <img decoding=\"async\" src=\"https:\/\/upload.cdn.baselinker.com\/products\/14476\/fd517e14ed5e5c8d5e0c29cdd5dd46f9.jpg\" \/><br \/>\n        <\/section>\n<\/p><\/div>\n<div class=\"item item-6\">\n<section class=\"text-item\">\n<p>Wysokiej jako\u015bci <b>uniwersalny \u015bcisk spr\u0119\u017cynowy<\/b> do szybkiego mocowania. Wykonany z wytrzyma\u0142ego tworzywa sztucznego. Posiada mocn\u0105 hartowan\u0105 spr\u0119\u017cyn\u0119. Zestaw zawiera 2 szt.<\/p>\n<ul>\n<li>Wbudowane ruchome podk\u0142adki\u00a0 u\u0142atwiaj\u0105 zaciskanie na r\u00f3\u017cnych kszta\u0142tach.<\/li>\n<\/ul>\n<p><b>\u2705 Zastosowanie:<\/b><\/p>\n<p>\u015acisk ma wszechstronne zastosowanie. Sprawdzi si\u0119 <b>w modelarstwie<\/b>, lub podczas <b>prac stolarskich<\/b>. Zapewnia punktowe mocowanie przy sklejaniu lub umo\u017cliwi stabilne przymocowanie element\u00f3w do sto\u0142u roboczego<\/p>\n<\/section><\/div>\n<\/section>\n<section class=\"section\">\n<div class=\"item item-6\">\n<section class=\"image-item\">\n            <img decoding=\"async\" src=\"https:\/\/upload.cdn.baselinker.com\/products\/14476\/9e581ad20badade5caea700279330ee4.jpg\" \/><br \/>\n        <\/section>\n<\/p><\/div>\n<div class=\"item item-6\">\n<section class=\"image-item\">\n            <img decoding=\"async\" src=\"https:\/\/upload.cdn.baselinker.com\/products\/14476\/e53d78afeb12c692bcb46d040e348061.jpg\" \/><br \/>\n        <\/section>\n<\/p><\/div>\n<\/section>\n","protected":false},"excerpt":{"rendered":"<p>\u015aCISK STOLARSKI MODELARSKI SPR\u0118\u017bYNOWY 210 mm 2 szt. Dane techniczne: D\u0142ugo\u015b\u0107 ca\u0142kowita: 21 cm Max. szeroko\u015b\u0107 rozstawu: ok. 10 cm Typ \u015bcisku: spr\u0119\u017cynowy Materia\u0142: tworzywo Spr\u0119\u017cyna hartowana Cena dotyczny 2 szt. \u015bcisku stolarskiego! Wysokiej jako\u015bci uniwersalny \u015bcisk spr\u0119\u017cynowy do szybkiego mocowania. Wykonany z wytrzyma\u0142ego tworzywa sztucznego. Posiada mocn\u0105 hartowan\u0105 spr\u0119\u017cyn\u0119. Zestaw zawiera 2 szt. Wbudowane<br \/><a class=\"more-link\" href=\"https:\/\/bobimarket.pl\/index.php\/produkt\/scisk-stolarski-modelarski-sprezynowy-210-mm-2-szt\/\"><br \/>\n        Czytaj wi\u0119cej<span class=\"screen-reader-text\"> &#8222;\u015aCISK STOLARSKI MODELARSKI SPR\u0118\u017bYNOWY 210 mm 2 szt&#8221;<\/span><\/a><\/p>\n","protected":false},"featured_media":81082,"template":"","meta":[],"product_cat":[8114],"product_tag":[],"yoast_head":"<!-- This site is optimized with the Yoast SEO plugin v21.0 - https:\/\/yoast.com\/wordpress\/plugins\/seo\/ -->\n<title>\u015aCISK STOLARSKI MODELARSKI SPR\u0118\u017bYNOWY 210 mm 2 szt - BOBIMARKET.pl - Remontuj i urz\u0105dzaj z nami<\/title>\n<meta name=\"robots\" content=\"index, follow, max-snippet:-1, max-image-preview:large, max-video-preview:-1\" \/>\n<link rel=\"canonical\" href=\"https:\/\/bobimarket.pl\/index.php\/produkt\/scisk-stolarski-modelarski-sprezynowy-210-mm-2-szt\/\" \/>\n<meta property=\"og:locale\" content=\"pl_PL\" \/>\n<meta property=\"og:type\" content=\"article\" \/>\n<meta property=\"og:title\" content=\"\u015aCISK STOLARSKI MODELARSKI SPR\u0118\u017bYNOWY 210 mm 2 szt - BOBIMARKET.pl - Remontuj i urz\u0105dzaj z nami\" \/>\n<meta property=\"og:description\" content=\"\u015aCISK STOLARSKI MODELARSKI SPR\u0118\u017bYNOWY 210 mm 2 szt. Dane techniczne: D\u0142ugo\u015b\u0107 ca\u0142kowita: 21 cm Max. szeroko\u015b\u0107 rozstawu: ok. 10 cm Typ \u015bcisku: spr\u0119\u017cynowy Materia\u0142: tworzywo Spr\u0119\u017cyna hartowana Cena dotyczny 2 szt. \u015bcisku stolarskiego! Wysokiej jako\u015bci uniwersalny \u015bcisk spr\u0119\u017cynowy do szybkiego mocowania. Wykonany z wytrzyma\u0142ego tworzywa sztucznego. Posiada mocn\u0105 hartowan\u0105 spr\u0119\u017cyn\u0119. Zestaw zawiera 2 szt. Wbudowane     Czytaj wi\u0119cej &quot;\u015aCISK STOLARSKI MODELARSKI SPR\u0118\u017bYNOWY 210 mm 2 szt&quot;\" \/>\n<meta property=\"og:url\" content=\"https:\/\/bobimarket.pl\/index.php\/produkt\/scisk-stolarski-modelarski-sprezynowy-210-mm-2-szt\/\" \/>\n<meta property=\"og:site_name\" content=\"BOBIMARKET.pl - Remontuj i urz\u0105dzaj z nami\" \/>\n<meta property=\"article:modified_time\" content=\"2025-02-27T13:36:41+00:00\" \/>\n<meta property=\"og:image\" content=\"https:\/\/upload.cdn.baselinker.com\/products\/14476\/0b1c7558b3512b56b896fa1c464bb3ca.jpg\" \/>\n<meta name=\"twitter:card\" content=\"summary_large_image\" \/>\n<script type=\"application\/ld+json\" class=\"yoast-schema-graph\">{\"@context\":\"https:\/\/schema.org\",\"@graph\":[{\"@type\":\"WebPage\",\"@id\":\"https:\/\/bobimarket.pl\/index.php\/produkt\/scisk-stolarski-modelarski-sprezynowy-210-mm-2-szt\/\",\"url\":\"https:\/\/bobimarket.pl\/index.php\/produkt\/scisk-stolarski-modelarski-sprezynowy-210-mm-2-szt\/\",\"name\":\"\u015aCISK STOLARSKI MODELARSKI SPR\u0118\u017bYNOWY 210 mm 2 szt - BOBIMARKET.pl - Remontuj i urz\u0105dzaj z nami\",\"isPartOf\":{\"@id\":\"https:\/\/bobimarket.pl\/#website\"},\"datePublished\":\"2023-08-29T16:13:28+00:00\",\"dateModified\":\"2025-02-27T13:36:41+00:00\",\"breadcrumb\":{\"@id\":\"https:\/\/bobimarket.pl\/index.php\/produkt\/scisk-stolarski-modelarski-sprezynowy-210-mm-2-szt\/#breadcrumb\"},\"inLanguage\":\"pl-PL\",\"potentialAction\":[{\"@type\":\"ReadAction\",\"target\":[\"https:\/\/bobimarket.pl\/index.php\/produkt\/scisk-stolarski-modelarski-sprezynowy-210-mm-2-szt\/\"]}]},{\"@type\":\"BreadcrumbList\",\"@id\":\"https:\/\/bobimarket.pl\/index.php\/produkt\/scisk-stolarski-modelarski-sprezynowy-210-mm-2-szt\/#breadcrumb\",\"itemListElement\":[{\"@type\":\"ListItem\",\"position\":1,\"name\":\"Strona g\u0142\u00f3wna\",\"item\":\"https:\/\/bobimarket.pl\/\"},{\"@type\":\"ListItem\",\"position\":2,\"name\":\"Sklep\",\"item\":\"https:\/\/bobimarket.pl\/index.php\/shop\/\"},{\"@type\":\"ListItem\",\"position\":3,\"name\":\"\u015aCISK STOLARSKI MODELARSKI SPR\u0118\u017bYNOWY 210 mm 2 szt\"}]},{\"@type\":\"WebSite\",\"@id\":\"https:\/\/bobimarket.pl\/#website\",\"url\":\"https:\/\/bobimarket.pl\/\",\"name\":\"BOBIMARKET.pl - Remontuj i urz\u0105dzaj z nami\",\"description\":\"Remontuj i urz\u0105dzaj z nami\",\"publisher\":{\"@id\":\"https:\/\/bobimarket.pl\/#organization\"},\"potentialAction\":[{\"@type\":\"SearchAction\",\"target\":{\"@type\":\"EntryPoint\",\"urlTemplate\":\"https:\/\/bobimarket.pl\/?s={search_term_string}\"},\"query-input\":\"required name=search_term_string\"}],\"inLanguage\":\"pl-PL\"},{\"@type\":\"Organization\",\"@id\":\"https:\/\/bobimarket.pl\/#organization\",\"name\":\"BOBIMARKET.pl\",\"url\":\"https:\/\/bobimarket.pl\/\",\"logo\":{\"@type\":\"ImageObject\",\"inLanguage\":\"pl-PL\",\"@id\":\"https:\/\/bobimarket.pl\/#\/schema\/logo\/image\/\",\"url\":\"https:\/\/bobimarket.pl\/wp-content\/uploads\/2021\/11\/slogan.png\",\"contentUrl\":\"https:\/\/bobimarket.pl\/wp-content\/uploads\/2021\/11\/slogan.png\",\"width\":2000,\"height\":384,\"caption\":\"BOBIMARKET.pl\"},\"image\":{\"@id\":\"https:\/\/bobimarket.pl\/#\/schema\/logo\/image\/\"}}]}<\/script>\n<!-- \/ Yoast SEO plugin. -->","yoast_head_json":{"title":"\u015aCISK STOLARSKI MODELARSKI SPR\u0118\u017bYNOWY 210 mm 2 szt - BOBIMARKET.pl - Remontuj i urz\u0105dzaj z nami","robots":{"index":"index","follow":"follow","max-snippet":"max-snippet:-1","max-image-preview":"max-image-preview:large","max-video-preview":"max-video-preview:-1"},"canonical":"https:\/\/bobimarket.pl\/index.php\/produkt\/scisk-stolarski-modelarski-sprezynowy-210-mm-2-szt\/","og_locale":"pl_PL","og_type":"article","og_title":"\u015aCISK STOLARSKI MODELARSKI SPR\u0118\u017bYNOWY 210 mm 2 szt - BOBIMARKET.pl - Remontuj i urz\u0105dzaj z nami","og_description":"\u015aCISK STOLARSKI MODELARSKI SPR\u0118\u017bYNOWY 210 mm 2 szt. Dane techniczne: D\u0142ugo\u015b\u0107 ca\u0142kowita: 21 cm Max. szeroko\u015b\u0107 rozstawu: ok. 10 cm Typ \u015bcisku: spr\u0119\u017cynowy Materia\u0142: tworzywo Spr\u0119\u017cyna hartowana Cena dotyczny 2 szt. \u015bcisku stolarskiego! Wysokiej jako\u015bci uniwersalny \u015bcisk spr\u0119\u017cynowy do szybkiego mocowania. Wykonany z wytrzyma\u0142ego tworzywa sztucznego. Posiada mocn\u0105 hartowan\u0105 spr\u0119\u017cyn\u0119. Zestaw zawiera 2 szt. Wbudowane     Czytaj wi\u0119cej \"\u015aCISK STOLARSKI MODELARSKI SPR\u0118\u017bYNOWY 210 mm 2 szt\"","og_url":"https:\/\/bobimarket.pl\/index.php\/produkt\/scisk-stolarski-modelarski-sprezynowy-210-mm-2-szt\/","og_site_name":"BOBIMARKET.pl - Remontuj i urz\u0105dzaj z nami","article_modified_time":"2025-02-27T13:36:41+00:00","og_image":[{"url":"https:\/\/upload.cdn.baselinker.com\/products\/14476\/0b1c7558b3512b56b896fa1c464bb3ca.jpg"}],"twitter_card":"summary_large_image","schema":{"@context":"https:\/\/schema.org","@graph":[{"@type":"WebPage","@id":"https:\/\/bobimarket.pl\/index.php\/produkt\/scisk-stolarski-modelarski-sprezynowy-210-mm-2-szt\/","url":"https:\/\/bobimarket.pl\/index.php\/produkt\/scisk-stolarski-modelarski-sprezynowy-210-mm-2-szt\/","name":"\u015aCISK STOLARSKI MODELARSKI SPR\u0118\u017bYNOWY 210 mm 2 szt - BOBIMARKET.pl - Remontuj i urz\u0105dzaj z nami","isPartOf":{"@id":"https:\/\/bobimarket.pl\/#website"},"datePublished":"2023-08-29T16:13:28+00:00","dateModified":"2025-02-27T13:36:41+00:00","breadcrumb":{"@id":"https:\/\/bobimarket.pl\/index.php\/produkt\/scisk-stolarski-modelarski-sprezynowy-210-mm-2-szt\/#breadcrumb"},"inLanguage":"pl-PL","potentialAction":[{"@type":"ReadAction","target":["https:\/\/bobimarket.pl\/index.php\/produkt\/scisk-stolarski-modelarski-sprezynowy-210-mm-2-szt\/"]}]},{"@type":"BreadcrumbList","@id":"https:\/\/bobimarket.pl\/index.php\/produkt\/scisk-stolarski-modelarski-sprezynowy-210-mm-2-szt\/#breadcrumb","itemListElement":[{"@type":"ListItem","position":1,"name":"Strona g\u0142\u00f3wna","item":"https:\/\/bobimarket.pl\/"},{"@type":"ListItem","position":2,"name":"Sklep","item":"https:\/\/bobimarket.pl\/index.php\/shop\/"},{"@type":"ListItem","position":3,"name":"\u015aCISK STOLARSKI MODELARSKI SPR\u0118\u017bYNOWY 210 mm 2 szt"}]},{"@type":"WebSite","@id":"https:\/\/bobimarket.pl\/#website","url":"https:\/\/bobimarket.pl\/","name":"BOBIMARKET.pl - Remontuj i urz\u0105dzaj z nami","description":"Remontuj i urz\u0105dzaj z nami","publisher":{"@id":"https:\/\/bobimarket.pl\/#organization"},"potentialAction":[{"@type":"SearchAction","target":{"@type":"EntryPoint","urlTemplate":"https:\/\/bobimarket.pl\/?s={search_term_string}"},"query-input":"required name=search_term_string"}],"inLanguage":"pl-PL"},{"@type":"Organization","@id":"https:\/\/bobimarket.pl\/#organization","name":"BOBIMARKET.pl","url":"https:\/\/bobimarket.pl\/","logo":{"@type":"ImageObject","inLanguage":"pl-PL","@id":"https:\/\/bobimarket.pl\/#\/schema\/logo\/image\/","url":"https:\/\/bobimarket.pl\/wp-content\/uploads\/2021\/11\/slogan.png","contentUrl":"https:\/\/bobimarket.pl\/wp-content\/uploads\/2021\/11\/slogan.png","width":2000,"height":384,"caption":"BOBIMARKET.pl"},"image":{"@id":"https:\/\/bobimarket.pl\/#\/schema\/logo\/image\/"}}]}},"_links":{"self":[{"href":"https:\/\/bobimarket.pl\/index.php\/wp-json\/wp\/v2\/product\/81092"}],"collection":[{"href":"https:\/\/bobimarket.pl\/index.php\/wp-json\/wp\/v2\/product"}],"about":[{"href":"https:\/\/bobimarket.pl\/index.php\/wp-json\/wp\/v2\/types\/product"}],"wp:featuredmedia":[{"embeddable":true,"href":"https:\/\/bobimarket.pl\/index.php\/wp-json\/wp\/v2\/media\/81082"}],"wp:attachment":[{"href":"https:\/\/bobimarket.pl\/index.php\/wp-json\/wp\/v2\/media?parent=81092"}],"wp:term":[{"taxonomy":"product_cat","embeddable":true,"href":"https:\/\/bobimarket.pl\/index.php\/wp-json\/wp\/v2\/product_cat?post=81092"},{"taxonomy":"product_tag","embeddable":true,"href":"https:\/\/bobimarket.pl\/index.php\/wp-json\/wp\/v2\/product_tag?post=81092"}],"curies":[{"name":"wp","href":"https:\/\/api.w.org\/{rel}","templated":true}]}}