{"id":81108,"date":"2023-08-29T16:14:37","date_gmt":"2023-08-29T16:14:37","guid":{"rendered":"https:\/\/bobimarket.pl\/index.php\/produkt\/uchwyt-do-noszenia-przenoszenia-plyt-gk-paneli-osb\/"},"modified":"2025-02-27T13:36:48","modified_gmt":"2025-02-27T13:36:48","slug":"uchwyt-do-noszenia-przenoszenia-plyt-gk-paneli-osb","status":"publish","type":"product","link":"https:\/\/bobimarket.pl\/index.php\/produkt\/uchwyt-do-noszenia-przenoszenia-plyt-gk-paneli-osb\/","title":{"rendered":"UCHWYT DO NOSZENIA PRZENOSZENIA P\u0141YT GK PANELI OSB"},"content":{"rendered":"<section class=\"section\">\n<div class=\"item item-6\">\n<section class=\"image-item\">\n            <img decoding=\"async\" src=\"https:\/\/upload.cdn.baselinker.com\/products\/14476\/3f6c59e221217c72c72ab53c5dd666dd.jpg\" \/><br \/>\n        <\/section>\n<\/p><\/div>\n<div class=\"item item-6\">\n<section class=\"text-item\">\n<h2>UCHWYT DO NOSZENIA PRZENOSZENIA P\u0141YT GK PANELI OSB<\/h2>\n<p><b>Dane techniczne:<\/b><\/p>\n<ul>\n<li>Maksymalny ud\u017awig:<b> 100 kg<\/b><\/li>\n<li>Materia\u0142:<b> tworzywo <\/b><\/li>\n<li>Antypo\u015blizgowa r\u0105czka<\/li>\n<li>Przeznaczenie: <b>do przenoszenie p\u0142yt <\/b><\/li>\n<\/ul>\n<p><b>Aukcja dotyczy 1 sztuki. <\/b><\/p>\n<\/section><\/div>\n<\/section>\n<section class=\"section\">\n<div class=\"item item-6\">\n<section class=\"image-item\">\n            <img decoding=\"async\" src=\"https:\/\/upload.cdn.baselinker.com\/products\/14476\/79fa49f2cd0415030ecc6d6580bff787.jpg\" \/><br \/>\n        <\/section>\n<\/p><\/div>\n<div class=\"item item-6\">\n<section class=\"text-item\">\n<p><b>Praktyczny uchwyt do przenoszenie p\u0142yt!<\/b><\/p>\n<p>Proste narz\u0119dzie, kt\u00f3re u\u0142atwi Twoj\u0105 prac\u0119. Solidny uchwyt do przenoszenie p\u0142askich p\u0142yt budowlanych o maksymalnym ud\u017awigu do 100 kg.<\/p>\n<ul>\n<li><b>Specjalna konstrukcja<\/b> z wyci\u0119ciem gwarantuje bezpieczne trzymanie panelu podczas przenoszenia.<\/li>\n<li><b>Odchylony uchwy<\/b>t do trzymania zapewnia bezpiecze\u0144stwo oraz chroni d\u0142onie.<\/li>\n<li><b>Antypo\u015blizgowa r\u0105czka<\/b> sprawia, \u017ce narz\u0119dzie pewnie trzyma si\u0119 d\u0142oni i nie wy\u015blizguje si\u0119 z r\u0119ki.<\/li>\n<\/ul>\n<\/section><\/div>\n<\/section>\n<section class=\"section\">\n<div class=\"item item-6\">\n<section class=\"image-item\">\n            <img decoding=\"async\" src=\"https:\/\/upload.cdn.baselinker.com\/products\/14476\/a1a9d9318f961cf5b0432ebf9ffb8bf4.jpg\" \/><br \/>\n        <\/section>\n<\/p><\/div>\n<div class=\"item item-6\">\n<section class=\"text-item\">\n<p><b>\u2705 Zastosowanie:<\/b><\/p>\n<p>Uchwyt d\u0142u\u017cy <b>do \u0142atwego transportowania <\/b>p\u0142askich p\u0142yt tj.:<\/p>\n<ul>\n<li>p\u0142yt budowlanych<\/li>\n<li>p\u0142yt wi\u00f3rowych<\/li>\n<li>p\u0142yt gipsowo-kartonowych,<\/li>\n<li>paneli,<\/li>\n<li>p\u0142yt osb<\/li>\n<li>drzwi itp.<\/li>\n<\/ul>\n<\/section><\/div>\n<\/section>\n<section class=\"section\">\n<div class=\"item item-6\">\n<section class=\"image-item\">\n            <img decoding=\"async\" src=\"https:\/\/upload.cdn.baselinker.com\/products\/14476\/06be32eef8d27e3f2351435b0023618d.jpg\" \/><br \/>\n        <\/section>\n<\/p><\/div>\n<div class=\"item item-6\">\n<section class=\"image-item\">\n            <img decoding=\"async\" src=\"https:\/\/upload.cdn.baselinker.com\/products\/14476\/3f6c59e221217c72c72ab53c5dd666dd.jpg\" \/><br \/>\n        <\/section>\n<\/p><\/div>\n<\/section>\n","protected":false},"excerpt":{"rendered":"<p>UCHWYT DO NOSZENIA PRZENOSZENIA P\u0141YT GK PANELI OSB Dane techniczne: Maksymalny ud\u017awig: 100 kg Materia\u0142: tworzywo Antypo\u015blizgowa r\u0105czka Przeznaczenie: do przenoszenie p\u0142yt Aukcja dotyczy 1 sztuki. Praktyczny uchwyt do przenoszenie p\u0142yt! Proste narz\u0119dzie, kt\u00f3re u\u0142atwi Twoj\u0105 prac\u0119. Solidny uchwyt do przenoszenie p\u0142askich p\u0142yt budowlanych o maksymalnym ud\u017awigu do 100 kg. Specjalna konstrukcja z wyci\u0119ciem gwarantuje<br \/><a class=\"more-link\" href=\"https:\/\/bobimarket.pl\/index.php\/produkt\/uchwyt-do-noszenia-przenoszenia-plyt-gk-paneli-osb\/\"><br \/>\n        Czytaj wi\u0119cej<span class=\"screen-reader-text\"> &#8222;UCHWYT DO NOSZENIA PRZENOSZENIA P\u0141YT GK PANELI OSB&#8221;<\/span><\/a><\/p>\n","protected":false},"featured_media":81100,"template":"","meta":[],"product_cat":[8159],"product_tag":[],"yoast_head":"<!-- This site is optimized with the Yoast SEO plugin v21.0 - https:\/\/yoast.com\/wordpress\/plugins\/seo\/ -->\n<title>UCHWYT DO NOSZENIA PRZENOSZENIA P\u0141YT GK PANELI OSB - BOBIMARKET.pl - Remontuj i urz\u0105dzaj z nami<\/title>\n<meta name=\"robots\" content=\"index, follow, max-snippet:-1, max-image-preview:large, max-video-preview:-1\" \/>\n<link rel=\"canonical\" href=\"https:\/\/bobimarket.pl\/index.php\/produkt\/uchwyt-do-noszenia-przenoszenia-plyt-gk-paneli-osb\/\" \/>\n<meta property=\"og:locale\" content=\"pl_PL\" \/>\n<meta property=\"og:type\" content=\"article\" \/>\n<meta property=\"og:title\" content=\"UCHWYT DO NOSZENIA PRZENOSZENIA P\u0141YT GK PANELI OSB - BOBIMARKET.pl - Remontuj i urz\u0105dzaj z nami\" \/>\n<meta property=\"og:description\" content=\"UCHWYT DO NOSZENIA PRZENOSZENIA P\u0141YT GK PANELI OSB Dane techniczne: Maksymalny ud\u017awig: 100 kg Materia\u0142: tworzywo Antypo\u015blizgowa r\u0105czka Przeznaczenie: do przenoszenie p\u0142yt Aukcja dotyczy 1 sztuki. Praktyczny uchwyt do przenoszenie p\u0142yt! Proste narz\u0119dzie, kt\u00f3re u\u0142atwi Twoj\u0105 prac\u0119. Solidny uchwyt do przenoszenie p\u0142askich p\u0142yt budowlanych o maksymalnym ud\u017awigu do 100 kg. Specjalna konstrukcja z wyci\u0119ciem gwarantuje     Czytaj wi\u0119cej &quot;UCHWYT DO NOSZENIA PRZENOSZENIA P\u0141YT GK PANELI OSB&quot;\" \/>\n<meta property=\"og:url\" content=\"https:\/\/bobimarket.pl\/index.php\/produkt\/uchwyt-do-noszenia-przenoszenia-plyt-gk-paneli-osb\/\" \/>\n<meta property=\"og:site_name\" content=\"BOBIMARKET.pl - Remontuj i urz\u0105dzaj z nami\" \/>\n<meta property=\"article:modified_time\" content=\"2025-02-27T13:36:48+00:00\" \/>\n<meta property=\"og:image\" content=\"https:\/\/upload.cdn.baselinker.com\/products\/14476\/3f6c59e221217c72c72ab53c5dd666dd.jpg\" \/>\n<meta name=\"twitter:card\" content=\"summary_large_image\" \/>\n<meta name=\"twitter:label1\" content=\"Szacowany czas czytania\" \/>\n\t<meta name=\"twitter:data1\" content=\"1 minuta\" \/>\n<script type=\"application\/ld+json\" class=\"yoast-schema-graph\">{\"@context\":\"https:\/\/schema.org\",\"@graph\":[{\"@type\":\"WebPage\",\"@id\":\"https:\/\/bobimarket.pl\/index.php\/produkt\/uchwyt-do-noszenia-przenoszenia-plyt-gk-paneli-osb\/\",\"url\":\"https:\/\/bobimarket.pl\/index.php\/produkt\/uchwyt-do-noszenia-przenoszenia-plyt-gk-paneli-osb\/\",\"name\":\"UCHWYT DO NOSZENIA PRZENOSZENIA P\u0141YT GK PANELI OSB - BOBIMARKET.pl - Remontuj i urz\u0105dzaj z nami\",\"isPartOf\":{\"@id\":\"https:\/\/bobimarket.pl\/#website\"},\"datePublished\":\"2023-08-29T16:14:37+00:00\",\"dateModified\":\"2025-02-27T13:36:48+00:00\",\"breadcrumb\":{\"@id\":\"https:\/\/bobimarket.pl\/index.php\/produkt\/uchwyt-do-noszenia-przenoszenia-plyt-gk-paneli-osb\/#breadcrumb\"},\"inLanguage\":\"pl-PL\",\"potentialAction\":[{\"@type\":\"ReadAction\",\"target\":[\"https:\/\/bobimarket.pl\/index.php\/produkt\/uchwyt-do-noszenia-przenoszenia-plyt-gk-paneli-osb\/\"]}]},{\"@type\":\"BreadcrumbList\",\"@id\":\"https:\/\/bobimarket.pl\/index.php\/produkt\/uchwyt-do-noszenia-przenoszenia-plyt-gk-paneli-osb\/#breadcrumb\",\"itemListElement\":[{\"@type\":\"ListItem\",\"position\":1,\"name\":\"Strona g\u0142\u00f3wna\",\"item\":\"https:\/\/bobimarket.pl\/\"},{\"@type\":\"ListItem\",\"position\":2,\"name\":\"Sklep\",\"item\":\"https:\/\/bobimarket.pl\/index.php\/shop\/\"},{\"@type\":\"ListItem\",\"position\":3,\"name\":\"UCHWYT DO NOSZENIA PRZENOSZENIA P\u0141YT GK PANELI OSB\"}]},{\"@type\":\"WebSite\",\"@id\":\"https:\/\/bobimarket.pl\/#website\",\"url\":\"https:\/\/bobimarket.pl\/\",\"name\":\"BOBIMARKET.pl - Remontuj i urz\u0105dzaj z nami\",\"description\":\"Remontuj i urz\u0105dzaj z nami\",\"publisher\":{\"@id\":\"https:\/\/bobimarket.pl\/#organization\"},\"potentialAction\":[{\"@type\":\"SearchAction\",\"target\":{\"@type\":\"EntryPoint\",\"urlTemplate\":\"https:\/\/bobimarket.pl\/?s={search_term_string}\"},\"query-input\":\"required name=search_term_string\"}],\"inLanguage\":\"pl-PL\"},{\"@type\":\"Organization\",\"@id\":\"https:\/\/bobimarket.pl\/#organization\",\"name\":\"BOBIMARKET.pl\",\"url\":\"https:\/\/bobimarket.pl\/\",\"logo\":{\"@type\":\"ImageObject\",\"inLanguage\":\"pl-PL\",\"@id\":\"https:\/\/bobimarket.pl\/#\/schema\/logo\/image\/\",\"url\":\"https:\/\/bobimarket.pl\/wp-content\/uploads\/2021\/11\/slogan.png\",\"contentUrl\":\"https:\/\/bobimarket.pl\/wp-content\/uploads\/2021\/11\/slogan.png\",\"width\":2000,\"height\":384,\"caption\":\"BOBIMARKET.pl\"},\"image\":{\"@id\":\"https:\/\/bobimarket.pl\/#\/schema\/logo\/image\/\"}}]}<\/script>\n<!-- \/ Yoast SEO plugin. -->","yoast_head_json":{"title":"UCHWYT DO NOSZENIA PRZENOSZENIA P\u0141YT GK PANELI OSB - BOBIMARKET.pl - Remontuj i urz\u0105dzaj z nami","robots":{"index":"index","follow":"follow","max-snippet":"max-snippet:-1","max-image-preview":"max-image-preview:large","max-video-preview":"max-video-preview:-1"},"canonical":"https:\/\/bobimarket.pl\/index.php\/produkt\/uchwyt-do-noszenia-przenoszenia-plyt-gk-paneli-osb\/","og_locale":"pl_PL","og_type":"article","og_title":"UCHWYT DO NOSZENIA PRZENOSZENIA P\u0141YT GK PANELI OSB - BOBIMARKET.pl - Remontuj i urz\u0105dzaj z nami","og_description":"UCHWYT DO NOSZENIA PRZENOSZENIA P\u0141YT GK PANELI OSB Dane techniczne: Maksymalny ud\u017awig: 100 kg Materia\u0142: tworzywo Antypo\u015blizgowa r\u0105czka Przeznaczenie: do przenoszenie p\u0142yt Aukcja dotyczy 1 sztuki. Praktyczny uchwyt do przenoszenie p\u0142yt! Proste narz\u0119dzie, kt\u00f3re u\u0142atwi Twoj\u0105 prac\u0119. Solidny uchwyt do przenoszenie p\u0142askich p\u0142yt budowlanych o maksymalnym ud\u017awigu do 100 kg. Specjalna konstrukcja z wyci\u0119ciem gwarantuje     Czytaj wi\u0119cej \"UCHWYT DO NOSZENIA PRZENOSZENIA P\u0141YT GK PANELI OSB\"","og_url":"https:\/\/bobimarket.pl\/index.php\/produkt\/uchwyt-do-noszenia-przenoszenia-plyt-gk-paneli-osb\/","og_site_name":"BOBIMARKET.pl - Remontuj i urz\u0105dzaj z nami","article_modified_time":"2025-02-27T13:36:48+00:00","og_image":[{"url":"https:\/\/upload.cdn.baselinker.com\/products\/14476\/3f6c59e221217c72c72ab53c5dd666dd.jpg"}],"twitter_card":"summary_large_image","twitter_misc":{"Szacowany czas czytania":"1 minuta"},"schema":{"@context":"https:\/\/schema.org","@graph":[{"@type":"WebPage","@id":"https:\/\/bobimarket.pl\/index.php\/produkt\/uchwyt-do-noszenia-przenoszenia-plyt-gk-paneli-osb\/","url":"https:\/\/bobimarket.pl\/index.php\/produkt\/uchwyt-do-noszenia-przenoszenia-plyt-gk-paneli-osb\/","name":"UCHWYT DO NOSZENIA PRZENOSZENIA P\u0141YT GK PANELI OSB - BOBIMARKET.pl - Remontuj i urz\u0105dzaj z nami","isPartOf":{"@id":"https:\/\/bobimarket.pl\/#website"},"datePublished":"2023-08-29T16:14:37+00:00","dateModified":"2025-02-27T13:36:48+00:00","breadcrumb":{"@id":"https:\/\/bobimarket.pl\/index.php\/produkt\/uchwyt-do-noszenia-przenoszenia-plyt-gk-paneli-osb\/#breadcrumb"},"inLanguage":"pl-PL","potentialAction":[{"@type":"ReadAction","target":["https:\/\/bobimarket.pl\/index.php\/produkt\/uchwyt-do-noszenia-przenoszenia-plyt-gk-paneli-osb\/"]}]},{"@type":"BreadcrumbList","@id":"https:\/\/bobimarket.pl\/index.php\/produkt\/uchwyt-do-noszenia-przenoszenia-plyt-gk-paneli-osb\/#breadcrumb","itemListElement":[{"@type":"ListItem","position":1,"name":"Strona g\u0142\u00f3wna","item":"https:\/\/bobimarket.pl\/"},{"@type":"ListItem","position":2,"name":"Sklep","item":"https:\/\/bobimarket.pl\/index.php\/shop\/"},{"@type":"ListItem","position":3,"name":"UCHWYT DO NOSZENIA PRZENOSZENIA P\u0141YT GK PANELI OSB"}]},{"@type":"WebSite","@id":"https:\/\/bobimarket.pl\/#website","url":"https:\/\/bobimarket.pl\/","name":"BOBIMARKET.pl - Remontuj i urz\u0105dzaj z nami","description":"Remontuj i urz\u0105dzaj z nami","publisher":{"@id":"https:\/\/bobimarket.pl\/#organization"},"potentialAction":[{"@type":"SearchAction","target":{"@type":"EntryPoint","urlTemplate":"https:\/\/bobimarket.pl\/?s={search_term_string}"},"query-input":"required name=search_term_string"}],"inLanguage":"pl-PL"},{"@type":"Organization","@id":"https:\/\/bobimarket.pl\/#organization","name":"BOBIMARKET.pl","url":"https:\/\/bobimarket.pl\/","logo":{"@type":"ImageObject","inLanguage":"pl-PL","@id":"https:\/\/bobimarket.pl\/#\/schema\/logo\/image\/","url":"https:\/\/bobimarket.pl\/wp-content\/uploads\/2021\/11\/slogan.png","contentUrl":"https:\/\/bobimarket.pl\/wp-content\/uploads\/2021\/11\/slogan.png","width":2000,"height":384,"caption":"BOBIMARKET.pl"},"image":{"@id":"https:\/\/bobimarket.pl\/#\/schema\/logo\/image\/"}}]}},"_links":{"self":[{"href":"https:\/\/bobimarket.pl\/index.php\/wp-json\/wp\/v2\/product\/81108"}],"collection":[{"href":"https:\/\/bobimarket.pl\/index.php\/wp-json\/wp\/v2\/product"}],"about":[{"href":"https:\/\/bobimarket.pl\/index.php\/wp-json\/wp\/v2\/types\/product"}],"wp:featuredmedia":[{"embeddable":true,"href":"https:\/\/bobimarket.pl\/index.php\/wp-json\/wp\/v2\/media\/81100"}],"wp:attachment":[{"href":"https:\/\/bobimarket.pl\/index.php\/wp-json\/wp\/v2\/media?parent=81108"}],"wp:term":[{"taxonomy":"product_cat","embeddable":true,"href":"https:\/\/bobimarket.pl\/index.php\/wp-json\/wp\/v2\/product_cat?post=81108"},{"taxonomy":"product_tag","embeddable":true,"href":"https:\/\/bobimarket.pl\/index.php\/wp-json\/wp\/v2\/product_tag?post=81108"}],"curies":[{"name":"wp","href":"https:\/\/api.w.org\/{rel}","templated":true}]}}