{"id":81126,"date":"2023-08-29T16:16:35","date_gmt":"2023-08-29T16:16:35","guid":{"rendered":"https:\/\/bobimarket.pl\/index.php\/produkt\/obcinak-do-rur-miedzianych-alu-rolkowy-3-35-mm\/"},"modified":"2025-02-27T13:37:00","modified_gmt":"2025-02-27T13:37:00","slug":"obcinak-do-rur-miedzianych-alu-rolkowy-3-35-mm","status":"publish","type":"product","link":"https:\/\/bobimarket.pl\/index.php\/produkt\/obcinak-do-rur-miedzianych-alu-rolkowy-3-35-mm\/","title":{"rendered":"OBCINAK DO RUR MIEDZIANYCH ALU ROLKOWY 3-35 mm"},"content":{"rendered":"<section class=\"section\">\n<div class=\"item item-6\">\n<section class=\"image-item\">\n                <img decoding=\"async\" src=\"https:\/\/upload.cdn.baselinker.com\/products\/14476\/a3216b87bd336e89af8747cddf743218.jpg\"><br \/>\n            <\/section>\n<\/p><\/div>\n<div class=\"item item-6\">\n<section class=\"text-item\">\n<h2>OBCINAK DO RUR MIEDZIANYCH ALU ROLKOWY 3-35 mm<\/h2>\n<p><b>Dane techniczne:\u00a0<\/b><\/p>\n<ul>\n<li>Przeznaczenie:<b> rur aluminiowych i miedzianych<\/b><\/li>\n<li>Regulacja docisku: <b>3-35 mm<\/b><\/li>\n<\/ul>\n<\/section><\/div>\n<\/section>\n<section class=\"section\">\n<div class=\"item item-6\">\n<section class=\"image-item\">\n                <img decoding=\"async\" src=\"https:\/\/upload.cdn.baselinker.com\/products\/14476\/0b814016ab1ff4d2df8aa3cb6b8e0a27.jpg\"><br \/>\n            <\/section>\n<\/p><\/div>\n<div class=\"item item-6\">\n<section class=\"text-item\">\n<p><b>Przydatny element wyposa\u017cenie skrzynki z narz\u0119dziami.<\/b><\/p>\n<p>Teleskopowy obcinak do rur. Charakteryzuje si\u0119 niewielk\u0105 wag\u0105 oraz kompaktowymi rozmiarami. Narz\u0119dzie pos\u0142u\u017cy Ci do komfortowego, bezpiecznego i szybkiego obcinania rur.<\/p>\n<ul>\n<li>Przeznaczony do ci\u0119cia rur z miedzi, aluminium i mosi\u0105dzu.<\/li>\n<li>Szeroki zakres pracy, tnie rury o \u015brednicy od 6 mm do 67 mm.<\/li>\n<li>Wyposa\u017cony w wysuwany n\u00f3\u017c.<\/li>\n<\/ul>\n<\/section><\/div>\n<\/section>\n<section class=\"section\">\n<div class=\"item item-6\">\n<section class=\"image-item\">\n                <img decoding=\"async\" src=\"https:\/\/upload.cdn.baselinker.com\/products\/14476\/f1d27007847a0213fee62c079c8ee2a3.jpg\"><br \/>\n            <\/section>\n<\/p><\/div>\n<div class=\"item item-6\">\n<section class=\"image-item\">\n                <img decoding=\"async\" src=\"https:\/\/upload.cdn.baselinker.com\/products\/14476\/a763c85951389bac19e1eab5467d2cdf.jpg\"><br \/>\n            <\/section>\n<\/p><\/div>\n<\/section>\n","protected":false},"excerpt":{"rendered":"<p>OBCINAK DO RUR MIEDZIANYCH ALU ROLKOWY 3-35 mm Dane techniczne:\u00a0 Przeznaczenie: rur aluminiowych i miedzianych Regulacja docisku: 3-35 mm Przydatny element wyposa\u017cenie skrzynki z narz\u0119dziami. Teleskopowy obcinak do rur. Charakteryzuje si\u0119 niewielk\u0105 wag\u0105 oraz kompaktowymi rozmiarami. Narz\u0119dzie pos\u0142u\u017cy Ci do komfortowego, bezpiecznego i szybkiego obcinania rur. Przeznaczony do ci\u0119cia rur z miedzi, aluminium i mosi\u0105dzu.<br \/><a class=\"more-link\" href=\"https:\/\/bobimarket.pl\/index.php\/produkt\/obcinak-do-rur-miedzianych-alu-rolkowy-3-35-mm\/\"><br \/>\n        Czytaj wi\u0119cej<span class=\"screen-reader-text\"> &#8222;OBCINAK DO RUR MIEDZIANYCH ALU ROLKOWY 3-35 mm&#8221;<\/span><\/a><\/p>\n","protected":false},"featured_media":81121,"template":"","meta":[],"product_cat":[8161],"product_tag":[],"yoast_head":"<!-- This site is optimized with the Yoast SEO plugin v21.0 - https:\/\/yoast.com\/wordpress\/plugins\/seo\/ -->\n<title>OBCINAK DO RUR MIEDZIANYCH ALU ROLKOWY 3-35 mm - BOBIMARKET.pl - Remontuj i urz\u0105dzaj z nami<\/title>\n<meta name=\"robots\" content=\"index, follow, max-snippet:-1, max-image-preview:large, max-video-preview:-1\" \/>\n<link rel=\"canonical\" href=\"https:\/\/bobimarket.pl\/index.php\/produkt\/obcinak-do-rur-miedzianych-alu-rolkowy-3-35-mm\/\" \/>\n<meta property=\"og:locale\" content=\"pl_PL\" \/>\n<meta property=\"og:type\" content=\"article\" \/>\n<meta property=\"og:title\" content=\"OBCINAK DO RUR MIEDZIANYCH ALU ROLKOWY 3-35 mm - BOBIMARKET.pl - Remontuj i urz\u0105dzaj z nami\" \/>\n<meta property=\"og:description\" content=\"OBCINAK DO RUR MIEDZIANYCH ALU ROLKOWY 3-35 mm Dane techniczne:\u00a0 Przeznaczenie: rur aluminiowych i miedzianych Regulacja docisku: 3-35 mm Przydatny element wyposa\u017cenie skrzynki z narz\u0119dziami. Teleskopowy obcinak do rur. Charakteryzuje si\u0119 niewielk\u0105 wag\u0105 oraz kompaktowymi rozmiarami. Narz\u0119dzie pos\u0142u\u017cy Ci do komfortowego, bezpiecznego i szybkiego obcinania rur. Przeznaczony do ci\u0119cia rur z miedzi, aluminium i mosi\u0105dzu.     Czytaj wi\u0119cej &quot;OBCINAK DO RUR MIEDZIANYCH ALU ROLKOWY 3-35 mm&quot;\" \/>\n<meta property=\"og:url\" content=\"https:\/\/bobimarket.pl\/index.php\/produkt\/obcinak-do-rur-miedzianych-alu-rolkowy-3-35-mm\/\" \/>\n<meta property=\"og:site_name\" content=\"BOBIMARKET.pl - Remontuj i urz\u0105dzaj z nami\" \/>\n<meta property=\"article:modified_time\" content=\"2025-02-27T13:37:00+00:00\" \/>\n<meta property=\"og:image\" content=\"https:\/\/upload.cdn.baselinker.com\/products\/14476\/a3216b87bd336e89af8747cddf743218.jpg\" \/>\n<meta name=\"twitter:card\" content=\"summary_large_image\" \/>\n<script type=\"application\/ld+json\" class=\"yoast-schema-graph\">{\"@context\":\"https:\/\/schema.org\",\"@graph\":[{\"@type\":\"WebPage\",\"@id\":\"https:\/\/bobimarket.pl\/index.php\/produkt\/obcinak-do-rur-miedzianych-alu-rolkowy-3-35-mm\/\",\"url\":\"https:\/\/bobimarket.pl\/index.php\/produkt\/obcinak-do-rur-miedzianych-alu-rolkowy-3-35-mm\/\",\"name\":\"OBCINAK DO RUR MIEDZIANYCH ALU ROLKOWY 3-35 mm - BOBIMARKET.pl - Remontuj i urz\u0105dzaj z nami\",\"isPartOf\":{\"@id\":\"https:\/\/bobimarket.pl\/#website\"},\"datePublished\":\"2023-08-29T16:16:35+00:00\",\"dateModified\":\"2025-02-27T13:37:00+00:00\",\"breadcrumb\":{\"@id\":\"https:\/\/bobimarket.pl\/index.php\/produkt\/obcinak-do-rur-miedzianych-alu-rolkowy-3-35-mm\/#breadcrumb\"},\"inLanguage\":\"pl-PL\",\"potentialAction\":[{\"@type\":\"ReadAction\",\"target\":[\"https:\/\/bobimarket.pl\/index.php\/produkt\/obcinak-do-rur-miedzianych-alu-rolkowy-3-35-mm\/\"]}]},{\"@type\":\"BreadcrumbList\",\"@id\":\"https:\/\/bobimarket.pl\/index.php\/produkt\/obcinak-do-rur-miedzianych-alu-rolkowy-3-35-mm\/#breadcrumb\",\"itemListElement\":[{\"@type\":\"ListItem\",\"position\":1,\"name\":\"Strona g\u0142\u00f3wna\",\"item\":\"https:\/\/bobimarket.pl\/\"},{\"@type\":\"ListItem\",\"position\":2,\"name\":\"Sklep\",\"item\":\"https:\/\/bobimarket.pl\/index.php\/shop\/\"},{\"@type\":\"ListItem\",\"position\":3,\"name\":\"OBCINAK DO RUR MIEDZIANYCH ALU ROLKOWY 3-35 mm\"}]},{\"@type\":\"WebSite\",\"@id\":\"https:\/\/bobimarket.pl\/#website\",\"url\":\"https:\/\/bobimarket.pl\/\",\"name\":\"BOBIMARKET.pl - Remontuj i urz\u0105dzaj z nami\",\"description\":\"Remontuj i urz\u0105dzaj z nami\",\"publisher\":{\"@id\":\"https:\/\/bobimarket.pl\/#organization\"},\"potentialAction\":[{\"@type\":\"SearchAction\",\"target\":{\"@type\":\"EntryPoint\",\"urlTemplate\":\"https:\/\/bobimarket.pl\/?s={search_term_string}\"},\"query-input\":\"required name=search_term_string\"}],\"inLanguage\":\"pl-PL\"},{\"@type\":\"Organization\",\"@id\":\"https:\/\/bobimarket.pl\/#organization\",\"name\":\"BOBIMARKET.pl\",\"url\":\"https:\/\/bobimarket.pl\/\",\"logo\":{\"@type\":\"ImageObject\",\"inLanguage\":\"pl-PL\",\"@id\":\"https:\/\/bobimarket.pl\/#\/schema\/logo\/image\/\",\"url\":\"https:\/\/bobimarket.pl\/wp-content\/uploads\/2021\/11\/slogan.png\",\"contentUrl\":\"https:\/\/bobimarket.pl\/wp-content\/uploads\/2021\/11\/slogan.png\",\"width\":2000,\"height\":384,\"caption\":\"BOBIMARKET.pl\"},\"image\":{\"@id\":\"https:\/\/bobimarket.pl\/#\/schema\/logo\/image\/\"}}]}<\/script>\n<!-- \/ Yoast SEO plugin. -->","yoast_head_json":{"title":"OBCINAK DO RUR MIEDZIANYCH ALU ROLKOWY 3-35 mm - BOBIMARKET.pl - Remontuj i urz\u0105dzaj z nami","robots":{"index":"index","follow":"follow","max-snippet":"max-snippet:-1","max-image-preview":"max-image-preview:large","max-video-preview":"max-video-preview:-1"},"canonical":"https:\/\/bobimarket.pl\/index.php\/produkt\/obcinak-do-rur-miedzianych-alu-rolkowy-3-35-mm\/","og_locale":"pl_PL","og_type":"article","og_title":"OBCINAK DO RUR MIEDZIANYCH ALU ROLKOWY 3-35 mm - BOBIMARKET.pl - Remontuj i urz\u0105dzaj z nami","og_description":"OBCINAK DO RUR MIEDZIANYCH ALU ROLKOWY 3-35 mm Dane techniczne:\u00a0 Przeznaczenie: rur aluminiowych i miedzianych Regulacja docisku: 3-35 mm Przydatny element wyposa\u017cenie skrzynki z narz\u0119dziami. Teleskopowy obcinak do rur. Charakteryzuje si\u0119 niewielk\u0105 wag\u0105 oraz kompaktowymi rozmiarami. Narz\u0119dzie pos\u0142u\u017cy Ci do komfortowego, bezpiecznego i szybkiego obcinania rur. Przeznaczony do ci\u0119cia rur z miedzi, aluminium i mosi\u0105dzu.     Czytaj wi\u0119cej \"OBCINAK DO RUR MIEDZIANYCH ALU ROLKOWY 3-35 mm\"","og_url":"https:\/\/bobimarket.pl\/index.php\/produkt\/obcinak-do-rur-miedzianych-alu-rolkowy-3-35-mm\/","og_site_name":"BOBIMARKET.pl - Remontuj i urz\u0105dzaj z nami","article_modified_time":"2025-02-27T13:37:00+00:00","og_image":[{"url":"https:\/\/upload.cdn.baselinker.com\/products\/14476\/a3216b87bd336e89af8747cddf743218.jpg"}],"twitter_card":"summary_large_image","schema":{"@context":"https:\/\/schema.org","@graph":[{"@type":"WebPage","@id":"https:\/\/bobimarket.pl\/index.php\/produkt\/obcinak-do-rur-miedzianych-alu-rolkowy-3-35-mm\/","url":"https:\/\/bobimarket.pl\/index.php\/produkt\/obcinak-do-rur-miedzianych-alu-rolkowy-3-35-mm\/","name":"OBCINAK DO RUR MIEDZIANYCH ALU ROLKOWY 3-35 mm - BOBIMARKET.pl - Remontuj i urz\u0105dzaj z nami","isPartOf":{"@id":"https:\/\/bobimarket.pl\/#website"},"datePublished":"2023-08-29T16:16:35+00:00","dateModified":"2025-02-27T13:37:00+00:00","breadcrumb":{"@id":"https:\/\/bobimarket.pl\/index.php\/produkt\/obcinak-do-rur-miedzianych-alu-rolkowy-3-35-mm\/#breadcrumb"},"inLanguage":"pl-PL","potentialAction":[{"@type":"ReadAction","target":["https:\/\/bobimarket.pl\/index.php\/produkt\/obcinak-do-rur-miedzianych-alu-rolkowy-3-35-mm\/"]}]},{"@type":"BreadcrumbList","@id":"https:\/\/bobimarket.pl\/index.php\/produkt\/obcinak-do-rur-miedzianych-alu-rolkowy-3-35-mm\/#breadcrumb","itemListElement":[{"@type":"ListItem","position":1,"name":"Strona g\u0142\u00f3wna","item":"https:\/\/bobimarket.pl\/"},{"@type":"ListItem","position":2,"name":"Sklep","item":"https:\/\/bobimarket.pl\/index.php\/shop\/"},{"@type":"ListItem","position":3,"name":"OBCINAK DO RUR MIEDZIANYCH ALU ROLKOWY 3-35 mm"}]},{"@type":"WebSite","@id":"https:\/\/bobimarket.pl\/#website","url":"https:\/\/bobimarket.pl\/","name":"BOBIMARKET.pl - Remontuj i urz\u0105dzaj z nami","description":"Remontuj i urz\u0105dzaj z nami","publisher":{"@id":"https:\/\/bobimarket.pl\/#organization"},"potentialAction":[{"@type":"SearchAction","target":{"@type":"EntryPoint","urlTemplate":"https:\/\/bobimarket.pl\/?s={search_term_string}"},"query-input":"required name=search_term_string"}],"inLanguage":"pl-PL"},{"@type":"Organization","@id":"https:\/\/bobimarket.pl\/#organization","name":"BOBIMARKET.pl","url":"https:\/\/bobimarket.pl\/","logo":{"@type":"ImageObject","inLanguage":"pl-PL","@id":"https:\/\/bobimarket.pl\/#\/schema\/logo\/image\/","url":"https:\/\/bobimarket.pl\/wp-content\/uploads\/2021\/11\/slogan.png","contentUrl":"https:\/\/bobimarket.pl\/wp-content\/uploads\/2021\/11\/slogan.png","width":2000,"height":384,"caption":"BOBIMARKET.pl"},"image":{"@id":"https:\/\/bobimarket.pl\/#\/schema\/logo\/image\/"}}]}},"_links":{"self":[{"href":"https:\/\/bobimarket.pl\/index.php\/wp-json\/wp\/v2\/product\/81126"}],"collection":[{"href":"https:\/\/bobimarket.pl\/index.php\/wp-json\/wp\/v2\/product"}],"about":[{"href":"https:\/\/bobimarket.pl\/index.php\/wp-json\/wp\/v2\/types\/product"}],"wp:featuredmedia":[{"embeddable":true,"href":"https:\/\/bobimarket.pl\/index.php\/wp-json\/wp\/v2\/media\/81121"}],"wp:attachment":[{"href":"https:\/\/bobimarket.pl\/index.php\/wp-json\/wp\/v2\/media?parent=81126"}],"wp:term":[{"taxonomy":"product_cat","embeddable":true,"href":"https:\/\/bobimarket.pl\/index.php\/wp-json\/wp\/v2\/product_cat?post=81126"},{"taxonomy":"product_tag","embeddable":true,"href":"https:\/\/bobimarket.pl\/index.php\/wp-json\/wp\/v2\/product_tag?post=81126"}],"curies":[{"name":"wp","href":"https:\/\/api.w.org\/{rel}","templated":true}]}}