{"id":81161,"date":"2023-08-29T16:19:20","date_gmt":"2023-08-29T16:19:20","guid":{"rendered":"https:\/\/bobimarket.pl\/index.php\/produkt\/szczypce-do-usuwania-sciagania-izolacji-regulowane\/"},"modified":"2025-02-27T13:37:21","modified_gmt":"2025-02-27T13:37:21","slug":"szczypce-do-usuwania-sciagania-izolacji-regulowane","status":"publish","type":"product","link":"https:\/\/bobimarket.pl\/index.php\/produkt\/szczypce-do-usuwania-sciagania-izolacji-regulowane\/","title":{"rendered":"SZCZYPCE DO USUWANIA \u015aCI\u0104GANIA IZOLACJI REGULOWANE"},"content":{"rendered":"<section class=\"section\">\n<div class=\"item item-12\">\n<section class=\"text-item\">\n<h2>SZCZYPCE DO USUWANIA \u015aCI\u0104GANIA IZOLACJI REGULOWANE\u00a0<\/h2>\n<p><b>Dane techniczne:<\/b><\/p>\n<ul>\n<li>D\u0142ugo\u015b\u0107: <b>160 mm<\/b><\/li>\n<li>Uchwyt: <b>tworzywo dwukomponentowe PCW <\/b><\/li>\n<li>Posiada certyfikat TUV GS.<\/li>\n<\/ul>\n<\/section><\/div>\n<\/section>\n<section class=\"section\">\n<div class=\"item item-12\">\n<section class=\"image-item\">\n            <img decoding=\"async\" src=\"https:\/\/upload.cdn.baselinker.com\/products\/14476\/300baef3f48683c807ebbb58c42d050c.jpg\" \/><br \/>\n        <\/section>\n<\/p><\/div>\n<\/section>\n<section class=\"section\">\n<div class=\"item item-12\">\n<section class=\"text-item\">\n<p><b>\u015aci\u0105gacz do izolacji, kt\u00f3ry z pewno\u015bci\u0105 przyda si\u0119 w Twojej skrzynce z narz\u0119dziami!<\/b><\/p>\n<p>Solidne szczypce pozwalaj\u0105ce na <b>\u015bci\u0105ganie plastikowych i gumowych izolacji z kabli i przewod\u00f3w<\/b> Przydatne majsterkowiczom i elektrykom!<\/p>\n<p>Narz\u0119dzie zosta\u0142o wykonane z <b>utwardzanej stali<\/b>, pokryte pow\u0142ok\u0105 chromowan\u0105. Dodatkowow posiadaj\u0105 ergonomiczny uchwyt pokryty <b>tworzywem dwukomponentowym PCW.<\/b><\/p>\n<p>U\u017cyte to produkcji materia\u0142y charakteryzuj\u0105 si\u0119 du\u017c\u0105 wytrzyma\u0142o\u015bci\u0105, co b\u0119dzie owocowa\u0142o d\u0142ugi okresem u\u017cytkowania.\u00a0<\/p>\n<\/section><\/div>\n<\/section>\n<section class=\"section\">\n<div class=\"item item-12\">\n<section class=\"image-item\">\n            <img decoding=\"async\" src=\"https:\/\/upload.cdn.baselinker.com\/products\/14476\/7da7356e92e024ac590e3aeeb0d3e5e5.jpg\" \/><br \/>\n        <\/section>\n<\/p><\/div>\n<\/section>\n<section class=\"section\">\n<div class=\"item item-12\">\n<section class=\"text-item\">\n<p>\u2705 Podcas \u015bciskania uchwytu jedna szcz\u0119la chwyta przew\u00f3d, podczas gdy druga szcz\u0119ka \u015bci\u0105ga izolacj\u0119.<\/p>\n<p>\u2705 Wyposa\u017cone w <b>automatyczn\u0105 regulacj\u0119<\/b> ogranicznika\u00a0 by zdejmowa\u0107 izolacj\u0119 z przewod\u00f3w.<\/p>\n<\/section><\/div>\n<\/section>\n<section class=\"section\">\n<div class=\"item item-12\">\n<section class=\"image-item\">\n            <img decoding=\"async\" src=\"https:\/\/upload.cdn.baselinker.com\/products\/14476\/a76245dbaa32f1349ac8f673e87db922.jpg\" \/><br \/>\n        <\/section>\n<\/p><\/div>\n<\/section>\n","protected":false},"excerpt":{"rendered":"<p>SZCZYPCE DO USUWANIA \u015aCI\u0104GANIA IZOLACJI REGULOWANE\u00a0 Dane techniczne: D\u0142ugo\u015b\u0107: 160 mm Uchwyt: tworzywo dwukomponentowe PCW Posiada certyfikat TUV GS. \u015aci\u0105gacz do izolacji, kt\u00f3ry z pewno\u015bci\u0105 przyda si\u0119 w Twojej skrzynce z narz\u0119dziami! Solidne szczypce pozwalaj\u0105ce na \u015bci\u0105ganie plastikowych i gumowych izolacji z kabli i przewod\u00f3w Przydatne majsterkowiczom i elektrykom! Narz\u0119dzie zosta\u0142o wykonane z utwardzanej stali,<br \/><a class=\"more-link\" href=\"https:\/\/bobimarket.pl\/index.php\/produkt\/szczypce-do-usuwania-sciagania-izolacji-regulowane\/\"><br \/>\n        Czytaj wi\u0119cej<span class=\"screen-reader-text\"> &#8222;SZCZYPCE DO USUWANIA \u015aCI\u0104GANIA IZOLACJI REGULOWANE&#8221;<\/span><\/a><\/p>\n","protected":false},"featured_media":81156,"template":"","meta":[],"product_cat":[8086],"product_tag":[],"yoast_head":"<!-- This site is optimized with the Yoast SEO plugin v21.0 - https:\/\/yoast.com\/wordpress\/plugins\/seo\/ -->\n<title>SZCZYPCE DO USUWANIA \u015aCI\u0104GANIA IZOLACJI REGULOWANE - BOBIMARKET.pl - Remontuj i urz\u0105dzaj z nami<\/title>\n<meta name=\"robots\" content=\"index, follow, max-snippet:-1, max-image-preview:large, max-video-preview:-1\" \/>\n<link rel=\"canonical\" href=\"https:\/\/bobimarket.pl\/index.php\/produkt\/szczypce-do-usuwania-sciagania-izolacji-regulowane\/\" \/>\n<meta property=\"og:locale\" content=\"pl_PL\" \/>\n<meta property=\"og:type\" content=\"article\" \/>\n<meta property=\"og:title\" content=\"SZCZYPCE DO USUWANIA \u015aCI\u0104GANIA IZOLACJI REGULOWANE - BOBIMARKET.pl - Remontuj i urz\u0105dzaj z nami\" \/>\n<meta property=\"og:description\" content=\"SZCZYPCE DO USUWANIA \u015aCI\u0104GANIA IZOLACJI REGULOWANE\u00a0 Dane techniczne: D\u0142ugo\u015b\u0107: 160 mm Uchwyt: tworzywo dwukomponentowe PCW Posiada certyfikat TUV GS. \u015aci\u0105gacz do izolacji, kt\u00f3ry z pewno\u015bci\u0105 przyda si\u0119 w Twojej skrzynce z narz\u0119dziami! Solidne szczypce pozwalaj\u0105ce na \u015bci\u0105ganie plastikowych i gumowych izolacji z kabli i przewod\u00f3w Przydatne majsterkowiczom i elektrykom! Narz\u0119dzie zosta\u0142o wykonane z utwardzanej stali,     Czytaj wi\u0119cej &quot;SZCZYPCE DO USUWANIA \u015aCI\u0104GANIA IZOLACJI REGULOWANE&quot;\" \/>\n<meta property=\"og:url\" content=\"https:\/\/bobimarket.pl\/index.php\/produkt\/szczypce-do-usuwania-sciagania-izolacji-regulowane\/\" \/>\n<meta property=\"og:site_name\" content=\"BOBIMARKET.pl - Remontuj i urz\u0105dzaj z nami\" \/>\n<meta property=\"article:modified_time\" content=\"2025-02-27T13:37:21+00:00\" \/>\n<meta property=\"og:image\" content=\"https:\/\/upload.cdn.baselinker.com\/products\/14476\/300baef3f48683c807ebbb58c42d050c.jpg\" \/>\n<meta name=\"twitter:card\" content=\"summary_large_image\" \/>\n<meta name=\"twitter:label1\" content=\"Szacowany czas czytania\" \/>\n\t<meta name=\"twitter:data1\" content=\"1 minuta\" \/>\n<script type=\"application\/ld+json\" class=\"yoast-schema-graph\">{\"@context\":\"https:\/\/schema.org\",\"@graph\":[{\"@type\":\"WebPage\",\"@id\":\"https:\/\/bobimarket.pl\/index.php\/produkt\/szczypce-do-usuwania-sciagania-izolacji-regulowane\/\",\"url\":\"https:\/\/bobimarket.pl\/index.php\/produkt\/szczypce-do-usuwania-sciagania-izolacji-regulowane\/\",\"name\":\"SZCZYPCE DO USUWANIA \u015aCI\u0104GANIA IZOLACJI REGULOWANE - BOBIMARKET.pl - Remontuj i urz\u0105dzaj z nami\",\"isPartOf\":{\"@id\":\"https:\/\/bobimarket.pl\/#website\"},\"datePublished\":\"2023-08-29T16:19:20+00:00\",\"dateModified\":\"2025-02-27T13:37:21+00:00\",\"breadcrumb\":{\"@id\":\"https:\/\/bobimarket.pl\/index.php\/produkt\/szczypce-do-usuwania-sciagania-izolacji-regulowane\/#breadcrumb\"},\"inLanguage\":\"pl-PL\",\"potentialAction\":[{\"@type\":\"ReadAction\",\"target\":[\"https:\/\/bobimarket.pl\/index.php\/produkt\/szczypce-do-usuwania-sciagania-izolacji-regulowane\/\"]}]},{\"@type\":\"BreadcrumbList\",\"@id\":\"https:\/\/bobimarket.pl\/index.php\/produkt\/szczypce-do-usuwania-sciagania-izolacji-regulowane\/#breadcrumb\",\"itemListElement\":[{\"@type\":\"ListItem\",\"position\":1,\"name\":\"Strona g\u0142\u00f3wna\",\"item\":\"https:\/\/bobimarket.pl\/\"},{\"@type\":\"ListItem\",\"position\":2,\"name\":\"Sklep\",\"item\":\"https:\/\/bobimarket.pl\/index.php\/shop\/\"},{\"@type\":\"ListItem\",\"position\":3,\"name\":\"SZCZYPCE DO USUWANIA \u015aCI\u0104GANIA IZOLACJI REGULOWANE\"}]},{\"@type\":\"WebSite\",\"@id\":\"https:\/\/bobimarket.pl\/#website\",\"url\":\"https:\/\/bobimarket.pl\/\",\"name\":\"BOBIMARKET.pl - Remontuj i urz\u0105dzaj z nami\",\"description\":\"Remontuj i urz\u0105dzaj z nami\",\"publisher\":{\"@id\":\"https:\/\/bobimarket.pl\/#organization\"},\"potentialAction\":[{\"@type\":\"SearchAction\",\"target\":{\"@type\":\"EntryPoint\",\"urlTemplate\":\"https:\/\/bobimarket.pl\/?s={search_term_string}\"},\"query-input\":\"required name=search_term_string\"}],\"inLanguage\":\"pl-PL\"},{\"@type\":\"Organization\",\"@id\":\"https:\/\/bobimarket.pl\/#organization\",\"name\":\"BOBIMARKET.pl\",\"url\":\"https:\/\/bobimarket.pl\/\",\"logo\":{\"@type\":\"ImageObject\",\"inLanguage\":\"pl-PL\",\"@id\":\"https:\/\/bobimarket.pl\/#\/schema\/logo\/image\/\",\"url\":\"https:\/\/bobimarket.pl\/wp-content\/uploads\/2021\/11\/slogan.png\",\"contentUrl\":\"https:\/\/bobimarket.pl\/wp-content\/uploads\/2021\/11\/slogan.png\",\"width\":2000,\"height\":384,\"caption\":\"BOBIMARKET.pl\"},\"image\":{\"@id\":\"https:\/\/bobimarket.pl\/#\/schema\/logo\/image\/\"}}]}<\/script>\n<!-- \/ Yoast SEO plugin. -->","yoast_head_json":{"title":"SZCZYPCE DO USUWANIA \u015aCI\u0104GANIA IZOLACJI REGULOWANE - BOBIMARKET.pl - Remontuj i urz\u0105dzaj z nami","robots":{"index":"index","follow":"follow","max-snippet":"max-snippet:-1","max-image-preview":"max-image-preview:large","max-video-preview":"max-video-preview:-1"},"canonical":"https:\/\/bobimarket.pl\/index.php\/produkt\/szczypce-do-usuwania-sciagania-izolacji-regulowane\/","og_locale":"pl_PL","og_type":"article","og_title":"SZCZYPCE DO USUWANIA \u015aCI\u0104GANIA IZOLACJI REGULOWANE - BOBIMARKET.pl - Remontuj i urz\u0105dzaj z nami","og_description":"SZCZYPCE DO USUWANIA \u015aCI\u0104GANIA IZOLACJI REGULOWANE\u00a0 Dane techniczne: D\u0142ugo\u015b\u0107: 160 mm Uchwyt: tworzywo dwukomponentowe PCW Posiada certyfikat TUV GS. \u015aci\u0105gacz do izolacji, kt\u00f3ry z pewno\u015bci\u0105 przyda si\u0119 w Twojej skrzynce z narz\u0119dziami! Solidne szczypce pozwalaj\u0105ce na \u015bci\u0105ganie plastikowych i gumowych izolacji z kabli i przewod\u00f3w Przydatne majsterkowiczom i elektrykom! Narz\u0119dzie zosta\u0142o wykonane z utwardzanej stali,     Czytaj wi\u0119cej \"SZCZYPCE DO USUWANIA \u015aCI\u0104GANIA IZOLACJI REGULOWANE\"","og_url":"https:\/\/bobimarket.pl\/index.php\/produkt\/szczypce-do-usuwania-sciagania-izolacji-regulowane\/","og_site_name":"BOBIMARKET.pl - Remontuj i urz\u0105dzaj z nami","article_modified_time":"2025-02-27T13:37:21+00:00","og_image":[{"url":"https:\/\/upload.cdn.baselinker.com\/products\/14476\/300baef3f48683c807ebbb58c42d050c.jpg"}],"twitter_card":"summary_large_image","twitter_misc":{"Szacowany czas czytania":"1 minuta"},"schema":{"@context":"https:\/\/schema.org","@graph":[{"@type":"WebPage","@id":"https:\/\/bobimarket.pl\/index.php\/produkt\/szczypce-do-usuwania-sciagania-izolacji-regulowane\/","url":"https:\/\/bobimarket.pl\/index.php\/produkt\/szczypce-do-usuwania-sciagania-izolacji-regulowane\/","name":"SZCZYPCE DO USUWANIA \u015aCI\u0104GANIA IZOLACJI REGULOWANE - BOBIMARKET.pl - Remontuj i urz\u0105dzaj z nami","isPartOf":{"@id":"https:\/\/bobimarket.pl\/#website"},"datePublished":"2023-08-29T16:19:20+00:00","dateModified":"2025-02-27T13:37:21+00:00","breadcrumb":{"@id":"https:\/\/bobimarket.pl\/index.php\/produkt\/szczypce-do-usuwania-sciagania-izolacji-regulowane\/#breadcrumb"},"inLanguage":"pl-PL","potentialAction":[{"@type":"ReadAction","target":["https:\/\/bobimarket.pl\/index.php\/produkt\/szczypce-do-usuwania-sciagania-izolacji-regulowane\/"]}]},{"@type":"BreadcrumbList","@id":"https:\/\/bobimarket.pl\/index.php\/produkt\/szczypce-do-usuwania-sciagania-izolacji-regulowane\/#breadcrumb","itemListElement":[{"@type":"ListItem","position":1,"name":"Strona g\u0142\u00f3wna","item":"https:\/\/bobimarket.pl\/"},{"@type":"ListItem","position":2,"name":"Sklep","item":"https:\/\/bobimarket.pl\/index.php\/shop\/"},{"@type":"ListItem","position":3,"name":"SZCZYPCE DO USUWANIA \u015aCI\u0104GANIA IZOLACJI REGULOWANE"}]},{"@type":"WebSite","@id":"https:\/\/bobimarket.pl\/#website","url":"https:\/\/bobimarket.pl\/","name":"BOBIMARKET.pl - Remontuj i urz\u0105dzaj z nami","description":"Remontuj i urz\u0105dzaj z nami","publisher":{"@id":"https:\/\/bobimarket.pl\/#organization"},"potentialAction":[{"@type":"SearchAction","target":{"@type":"EntryPoint","urlTemplate":"https:\/\/bobimarket.pl\/?s={search_term_string}"},"query-input":"required name=search_term_string"}],"inLanguage":"pl-PL"},{"@type":"Organization","@id":"https:\/\/bobimarket.pl\/#organization","name":"BOBIMARKET.pl","url":"https:\/\/bobimarket.pl\/","logo":{"@type":"ImageObject","inLanguage":"pl-PL","@id":"https:\/\/bobimarket.pl\/#\/schema\/logo\/image\/","url":"https:\/\/bobimarket.pl\/wp-content\/uploads\/2021\/11\/slogan.png","contentUrl":"https:\/\/bobimarket.pl\/wp-content\/uploads\/2021\/11\/slogan.png","width":2000,"height":384,"caption":"BOBIMARKET.pl"},"image":{"@id":"https:\/\/bobimarket.pl\/#\/schema\/logo\/image\/"}}]}},"_links":{"self":[{"href":"https:\/\/bobimarket.pl\/index.php\/wp-json\/wp\/v2\/product\/81161"}],"collection":[{"href":"https:\/\/bobimarket.pl\/index.php\/wp-json\/wp\/v2\/product"}],"about":[{"href":"https:\/\/bobimarket.pl\/index.php\/wp-json\/wp\/v2\/types\/product"}],"wp:featuredmedia":[{"embeddable":true,"href":"https:\/\/bobimarket.pl\/index.php\/wp-json\/wp\/v2\/media\/81156"}],"wp:attachment":[{"href":"https:\/\/bobimarket.pl\/index.php\/wp-json\/wp\/v2\/media?parent=81161"}],"wp:term":[{"taxonomy":"product_cat","embeddable":true,"href":"https:\/\/bobimarket.pl\/index.php\/wp-json\/wp\/v2\/product_cat?post=81161"},{"taxonomy":"product_tag","embeddable":true,"href":"https:\/\/bobimarket.pl\/index.php\/wp-json\/wp\/v2\/product_tag?post=81161"}],"curies":[{"name":"wp","href":"https:\/\/api.w.org\/{rel}","templated":true}]}}