{"id":81173,"date":"2023-08-29T16:20:27","date_gmt":"2023-08-29T16:20:27","guid":{"rendered":"https:\/\/bobimarket.pl\/index.php\/produkt\/tasma-dwustronna-montazowa-samoprzylepna-48mmx10m\/"},"modified":"2025-02-27T13:37:33","modified_gmt":"2025-02-27T13:37:33","slug":"tasma-dwustronna-montazowa-samoprzylepna-48mmx10m","status":"publish","type":"product","link":"https:\/\/bobimarket.pl\/index.php\/produkt\/tasma-dwustronna-montazowa-samoprzylepna-48mmx10m\/","title":{"rendered":"TA\u015aMA DWUSTRONNA MONTA\u017bOWA SAMOPRZYLEPNA 48mmx10m"},"content":{"rendered":"<section class=\"section\">\n<div class=\"item item-6\">\n<section class=\"image-item\">\n                <img decoding=\"async\" src=\"https:\/\/upload.cdn.baselinker.com\/products\/14476\/53fd2c73dc225ece9a0e6e2540c03595.jpg\" \/><br \/>\n            <\/section>\n<\/p><\/div>\n<div class=\"item item-6\">\n<section class=\"text-item\">\n<h2>TA\u015aMA DWUSTRONNA MONTA\u017bOWA SAMOPRZYLEPNA 48mmx10m<\/h2>\n<p><b>Dane techniczne:\u00a0<\/b><\/p>\n<ul>\n<li>Wymiary:\u00a0 48 mm x 10 m\u00a0<\/li>\n<li>Materia\u0142: polipropylen<\/li>\n<li>Rodzaj: dwustronna\u00a0<\/li>\n<\/ul>\n<p><b>UWAGA! AUKCJA DOTYCZY 1 SZUTKI TA\u015aMY DWUSTRONNEJ!<\/b><\/p>\n<\/section><\/div>\n<\/section>\n<section class=\"section\">\n<div class=\"item item-6\">\n<section class=\"image-item\">\n                <img decoding=\"async\" src=\"https:\/\/upload.cdn.baselinker.com\/products\/14476\/24fabb57e112c2e871ee3f1e5f080233.jpg\" \/><br \/>\n            <\/section>\n<\/p><\/div>\n<div class=\"item item-6\">\n<section class=\"text-item\">\n<p><b>Praktyczne i proste rozwi\u0105zanie!<\/b><\/p>\n<p>Dwustronna ta\u015bma na no\u015bniku polipropylenowym, wzmocniona na papierze silikonowanym. Ta\u015bma ma 48 mm szeroko\u015bci oraz 10 m d\u0142ugo\u015bci.<\/p>\n<ul>\n<li>Ta\u015bma jest prosta i \u0142atwa w u\u017cytkowaniu.<\/li>\n<li>Charakteryzuje si\u0119 odporno\u015b\u0107 na odkszta\u0142cenia i odrywanie.<\/li>\n<\/ul>\n<\/section><\/div>\n<\/section>\n<section class=\"section\">\n<div class=\"item item-6\">\n<section class=\"image-item\">\n                <img decoding=\"async\" src=\"https:\/\/upload.cdn.baselinker.com\/products\/14476\/53fd2c73dc225ece9a0e6e2540c03595.jpg\" \/><br \/>\n            <\/section>\n<\/p><\/div>\n<div class=\"item item-6\">\n<section class=\"text-item\">\n<p><b>\u2705 Zastosowanie:<\/b><\/p>\n<p>Ta\u015bma ma <b>wszechstronne zastosowanie.<\/b> Doskonale sprawdzi si\u0119 w warsztacie, biurze, na magazynie lub gospodarstwie domowym.<\/p>\n<ul>\n<li>\u015awietnie nadaje si\u0119 do<b> wygodnego monta\u017cu<\/b> np. mo\u017cna ni\u0105 podklei\u0107 wyk\u0142adzin\u0119 i zapobiec jej przesuwaniu si\u0119.<\/li>\n<li>Mo\u017ce zosta\u0107 u\u017cyta podczas <b>pakowania prezent\u00f3w<\/b> np. do przyklejenia papieru lub przymocowania\u00a0 innych ozd\u00f3b do pakunku.<\/li>\n<li>S\u0142u\u017cy r\u00f3wnie\u017c do<b> \u0142\u0105czenia ze sob\u0105 dw\u00f3ch element\u00f3w.<\/b><\/li>\n<li>Przyda si\u0119 na magazynie np. do\u00a0zamykania r\u00f3\u017cnego rodzaju opakowa\u0144, ale tak\u017ce karton\u00f3w.<\/li>\n<li>Sprawdzi si\u0119 podczas r\u00f3wnie\u017c do<b> wklejania zdj\u0119\u0107 w album<\/b>ie lub podczas tworzenia innych prac artystycznych.<\/li>\n<\/ul>\n<\/section><\/div>\n<\/section>\n","protected":false},"excerpt":{"rendered":"<p>TA\u015aMA DWUSTRONNA MONTA\u017bOWA SAMOPRZYLEPNA 48mmx10m Dane techniczne:\u00a0 Wymiary:\u00a0 48 mm x 10 m\u00a0 Materia\u0142: polipropylen Rodzaj: dwustronna\u00a0 UWAGA! AUKCJA DOTYCZY 1 SZUTKI TA\u015aMY DWUSTRONNEJ! Praktyczne i proste rozwi\u0105zanie! Dwustronna ta\u015bma na no\u015bniku polipropylenowym, wzmocniona na papierze silikonowanym. Ta\u015bma ma 48 mm szeroko\u015bci oraz 10 m d\u0142ugo\u015bci. Ta\u015bma jest prosta i \u0142atwa w u\u017cytkowaniu. Charakteryzuje si\u0119<br \/><a class=\"more-link\" href=\"https:\/\/bobimarket.pl\/index.php\/produkt\/tasma-dwustronna-montazowa-samoprzylepna-48mmx10m\/\"><br \/>\n        Czytaj wi\u0119cej<span class=\"screen-reader-text\"> &#8222;TA\u015aMA DWUSTRONNA MONTA\u017bOWA SAMOPRZYLEPNA 48mmx10m&#8221;<\/span><\/a><\/p>\n","protected":false},"featured_media":81171,"template":"","meta":[],"product_cat":[8164],"product_tag":[],"yoast_head":"<!-- This site is optimized with the Yoast SEO plugin v21.0 - https:\/\/yoast.com\/wordpress\/plugins\/seo\/ -->\n<title>TA\u015aMA DWUSTRONNA MONTA\u017bOWA SAMOPRZYLEPNA 48mmx10m - BOBIMARKET.pl - Remontuj i urz\u0105dzaj z nami<\/title>\n<meta name=\"robots\" content=\"index, follow, max-snippet:-1, max-image-preview:large, max-video-preview:-1\" \/>\n<link rel=\"canonical\" href=\"https:\/\/bobimarket.pl\/index.php\/produkt\/tasma-dwustronna-montazowa-samoprzylepna-48mmx10m\/\" \/>\n<meta property=\"og:locale\" content=\"pl_PL\" \/>\n<meta property=\"og:type\" content=\"article\" \/>\n<meta property=\"og:title\" content=\"TA\u015aMA DWUSTRONNA MONTA\u017bOWA SAMOPRZYLEPNA 48mmx10m - BOBIMARKET.pl - Remontuj i urz\u0105dzaj z nami\" \/>\n<meta property=\"og:description\" content=\"TA\u015aMA DWUSTRONNA MONTA\u017bOWA SAMOPRZYLEPNA 48mmx10m Dane techniczne:\u00a0 Wymiary:\u00a0 48 mm x 10 m\u00a0 Materia\u0142: polipropylen Rodzaj: dwustronna\u00a0 UWAGA! AUKCJA DOTYCZY 1 SZUTKI TA\u015aMY DWUSTRONNEJ! Praktyczne i proste rozwi\u0105zanie! Dwustronna ta\u015bma na no\u015bniku polipropylenowym, wzmocniona na papierze silikonowanym. Ta\u015bma ma 48 mm szeroko\u015bci oraz 10 m d\u0142ugo\u015bci. Ta\u015bma jest prosta i \u0142atwa w u\u017cytkowaniu. Charakteryzuje si\u0119     Czytaj wi\u0119cej &quot;TA\u015aMA DWUSTRONNA MONTA\u017bOWA SAMOPRZYLEPNA 48mmx10m&quot;\" \/>\n<meta property=\"og:url\" content=\"https:\/\/bobimarket.pl\/index.php\/produkt\/tasma-dwustronna-montazowa-samoprzylepna-48mmx10m\/\" \/>\n<meta property=\"og:site_name\" content=\"BOBIMARKET.pl - Remontuj i urz\u0105dzaj z nami\" \/>\n<meta property=\"article:modified_time\" content=\"2025-02-27T13:37:33+00:00\" \/>\n<meta property=\"og:image\" content=\"https:\/\/upload.cdn.baselinker.com\/products\/14476\/53fd2c73dc225ece9a0e6e2540c03595.jpg\" \/>\n<meta name=\"twitter:card\" content=\"summary_large_image\" \/>\n<meta name=\"twitter:label1\" content=\"Szacowany czas czytania\" \/>\n\t<meta name=\"twitter:data1\" content=\"1 minuta\" \/>\n<script type=\"application\/ld+json\" class=\"yoast-schema-graph\">{\"@context\":\"https:\/\/schema.org\",\"@graph\":[{\"@type\":\"WebPage\",\"@id\":\"https:\/\/bobimarket.pl\/index.php\/produkt\/tasma-dwustronna-montazowa-samoprzylepna-48mmx10m\/\",\"url\":\"https:\/\/bobimarket.pl\/index.php\/produkt\/tasma-dwustronna-montazowa-samoprzylepna-48mmx10m\/\",\"name\":\"TA\u015aMA DWUSTRONNA MONTA\u017bOWA SAMOPRZYLEPNA 48mmx10m - BOBIMARKET.pl - Remontuj i urz\u0105dzaj z nami\",\"isPartOf\":{\"@id\":\"https:\/\/bobimarket.pl\/#website\"},\"datePublished\":\"2023-08-29T16:20:27+00:00\",\"dateModified\":\"2025-02-27T13:37:33+00:00\",\"breadcrumb\":{\"@id\":\"https:\/\/bobimarket.pl\/index.php\/produkt\/tasma-dwustronna-montazowa-samoprzylepna-48mmx10m\/#breadcrumb\"},\"inLanguage\":\"pl-PL\",\"potentialAction\":[{\"@type\":\"ReadAction\",\"target\":[\"https:\/\/bobimarket.pl\/index.php\/produkt\/tasma-dwustronna-montazowa-samoprzylepna-48mmx10m\/\"]}]},{\"@type\":\"BreadcrumbList\",\"@id\":\"https:\/\/bobimarket.pl\/index.php\/produkt\/tasma-dwustronna-montazowa-samoprzylepna-48mmx10m\/#breadcrumb\",\"itemListElement\":[{\"@type\":\"ListItem\",\"position\":1,\"name\":\"Strona g\u0142\u00f3wna\",\"item\":\"https:\/\/bobimarket.pl\/\"},{\"@type\":\"ListItem\",\"position\":2,\"name\":\"Sklep\",\"item\":\"https:\/\/bobimarket.pl\/index.php\/shop\/\"},{\"@type\":\"ListItem\",\"position\":3,\"name\":\"TA\u015aMA DWUSTRONNA MONTA\u017bOWA SAMOPRZYLEPNA 48mmx10m\"}]},{\"@type\":\"WebSite\",\"@id\":\"https:\/\/bobimarket.pl\/#website\",\"url\":\"https:\/\/bobimarket.pl\/\",\"name\":\"BOBIMARKET.pl - Remontuj i urz\u0105dzaj z nami\",\"description\":\"Remontuj i urz\u0105dzaj z nami\",\"publisher\":{\"@id\":\"https:\/\/bobimarket.pl\/#organization\"},\"potentialAction\":[{\"@type\":\"SearchAction\",\"target\":{\"@type\":\"EntryPoint\",\"urlTemplate\":\"https:\/\/bobimarket.pl\/?s={search_term_string}\"},\"query-input\":\"required name=search_term_string\"}],\"inLanguage\":\"pl-PL\"},{\"@type\":\"Organization\",\"@id\":\"https:\/\/bobimarket.pl\/#organization\",\"name\":\"BOBIMARKET.pl\",\"url\":\"https:\/\/bobimarket.pl\/\",\"logo\":{\"@type\":\"ImageObject\",\"inLanguage\":\"pl-PL\",\"@id\":\"https:\/\/bobimarket.pl\/#\/schema\/logo\/image\/\",\"url\":\"https:\/\/bobimarket.pl\/wp-content\/uploads\/2021\/11\/slogan.png\",\"contentUrl\":\"https:\/\/bobimarket.pl\/wp-content\/uploads\/2021\/11\/slogan.png\",\"width\":2000,\"height\":384,\"caption\":\"BOBIMARKET.pl\"},\"image\":{\"@id\":\"https:\/\/bobimarket.pl\/#\/schema\/logo\/image\/\"}}]}<\/script>\n<!-- \/ Yoast SEO plugin. -->","yoast_head_json":{"title":"TA\u015aMA DWUSTRONNA MONTA\u017bOWA SAMOPRZYLEPNA 48mmx10m - BOBIMARKET.pl - Remontuj i urz\u0105dzaj z nami","robots":{"index":"index","follow":"follow","max-snippet":"max-snippet:-1","max-image-preview":"max-image-preview:large","max-video-preview":"max-video-preview:-1"},"canonical":"https:\/\/bobimarket.pl\/index.php\/produkt\/tasma-dwustronna-montazowa-samoprzylepna-48mmx10m\/","og_locale":"pl_PL","og_type":"article","og_title":"TA\u015aMA DWUSTRONNA MONTA\u017bOWA SAMOPRZYLEPNA 48mmx10m - BOBIMARKET.pl - Remontuj i urz\u0105dzaj z nami","og_description":"TA\u015aMA DWUSTRONNA MONTA\u017bOWA SAMOPRZYLEPNA 48mmx10m Dane techniczne:\u00a0 Wymiary:\u00a0 48 mm x 10 m\u00a0 Materia\u0142: polipropylen Rodzaj: dwustronna\u00a0 UWAGA! AUKCJA DOTYCZY 1 SZUTKI TA\u015aMY DWUSTRONNEJ! Praktyczne i proste rozwi\u0105zanie! Dwustronna ta\u015bma na no\u015bniku polipropylenowym, wzmocniona na papierze silikonowanym. Ta\u015bma ma 48 mm szeroko\u015bci oraz 10 m d\u0142ugo\u015bci. Ta\u015bma jest prosta i \u0142atwa w u\u017cytkowaniu. Charakteryzuje si\u0119     Czytaj wi\u0119cej \"TA\u015aMA DWUSTRONNA MONTA\u017bOWA SAMOPRZYLEPNA 48mmx10m\"","og_url":"https:\/\/bobimarket.pl\/index.php\/produkt\/tasma-dwustronna-montazowa-samoprzylepna-48mmx10m\/","og_site_name":"BOBIMARKET.pl - Remontuj i urz\u0105dzaj z nami","article_modified_time":"2025-02-27T13:37:33+00:00","og_image":[{"url":"https:\/\/upload.cdn.baselinker.com\/products\/14476\/53fd2c73dc225ece9a0e6e2540c03595.jpg"}],"twitter_card":"summary_large_image","twitter_misc":{"Szacowany czas czytania":"1 minuta"},"schema":{"@context":"https:\/\/schema.org","@graph":[{"@type":"WebPage","@id":"https:\/\/bobimarket.pl\/index.php\/produkt\/tasma-dwustronna-montazowa-samoprzylepna-48mmx10m\/","url":"https:\/\/bobimarket.pl\/index.php\/produkt\/tasma-dwustronna-montazowa-samoprzylepna-48mmx10m\/","name":"TA\u015aMA DWUSTRONNA MONTA\u017bOWA SAMOPRZYLEPNA 48mmx10m - BOBIMARKET.pl - Remontuj i urz\u0105dzaj z nami","isPartOf":{"@id":"https:\/\/bobimarket.pl\/#website"},"datePublished":"2023-08-29T16:20:27+00:00","dateModified":"2025-02-27T13:37:33+00:00","breadcrumb":{"@id":"https:\/\/bobimarket.pl\/index.php\/produkt\/tasma-dwustronna-montazowa-samoprzylepna-48mmx10m\/#breadcrumb"},"inLanguage":"pl-PL","potentialAction":[{"@type":"ReadAction","target":["https:\/\/bobimarket.pl\/index.php\/produkt\/tasma-dwustronna-montazowa-samoprzylepna-48mmx10m\/"]}]},{"@type":"BreadcrumbList","@id":"https:\/\/bobimarket.pl\/index.php\/produkt\/tasma-dwustronna-montazowa-samoprzylepna-48mmx10m\/#breadcrumb","itemListElement":[{"@type":"ListItem","position":1,"name":"Strona g\u0142\u00f3wna","item":"https:\/\/bobimarket.pl\/"},{"@type":"ListItem","position":2,"name":"Sklep","item":"https:\/\/bobimarket.pl\/index.php\/shop\/"},{"@type":"ListItem","position":3,"name":"TA\u015aMA DWUSTRONNA MONTA\u017bOWA SAMOPRZYLEPNA 48mmx10m"}]},{"@type":"WebSite","@id":"https:\/\/bobimarket.pl\/#website","url":"https:\/\/bobimarket.pl\/","name":"BOBIMARKET.pl - Remontuj i urz\u0105dzaj z nami","description":"Remontuj i urz\u0105dzaj z nami","publisher":{"@id":"https:\/\/bobimarket.pl\/#organization"},"potentialAction":[{"@type":"SearchAction","target":{"@type":"EntryPoint","urlTemplate":"https:\/\/bobimarket.pl\/?s={search_term_string}"},"query-input":"required name=search_term_string"}],"inLanguage":"pl-PL"},{"@type":"Organization","@id":"https:\/\/bobimarket.pl\/#organization","name":"BOBIMARKET.pl","url":"https:\/\/bobimarket.pl\/","logo":{"@type":"ImageObject","inLanguage":"pl-PL","@id":"https:\/\/bobimarket.pl\/#\/schema\/logo\/image\/","url":"https:\/\/bobimarket.pl\/wp-content\/uploads\/2021\/11\/slogan.png","contentUrl":"https:\/\/bobimarket.pl\/wp-content\/uploads\/2021\/11\/slogan.png","width":2000,"height":384,"caption":"BOBIMARKET.pl"},"image":{"@id":"https:\/\/bobimarket.pl\/#\/schema\/logo\/image\/"}}]}},"_links":{"self":[{"href":"https:\/\/bobimarket.pl\/index.php\/wp-json\/wp\/v2\/product\/81173"}],"collection":[{"href":"https:\/\/bobimarket.pl\/index.php\/wp-json\/wp\/v2\/product"}],"about":[{"href":"https:\/\/bobimarket.pl\/index.php\/wp-json\/wp\/v2\/types\/product"}],"wp:featuredmedia":[{"embeddable":true,"href":"https:\/\/bobimarket.pl\/index.php\/wp-json\/wp\/v2\/media\/81171"}],"wp:attachment":[{"href":"https:\/\/bobimarket.pl\/index.php\/wp-json\/wp\/v2\/media?parent=81173"}],"wp:term":[{"taxonomy":"product_cat","embeddable":true,"href":"https:\/\/bobimarket.pl\/index.php\/wp-json\/wp\/v2\/product_cat?post=81173"},{"taxonomy":"product_tag","embeddable":true,"href":"https:\/\/bobimarket.pl\/index.php\/wp-json\/wp\/v2\/product_tag?post=81173"}],"curies":[{"name":"wp","href":"https:\/\/api.w.org\/{rel}","templated":true}]}}