{"id":81196,"date":"2023-08-29T16:21:27","date_gmt":"2023-08-29T16:21:27","guid":{"rendered":"https:\/\/bobimarket.pl\/index.php\/produkt\/brzeszczot-do-drewna-pily-szablastej-240x1-5-5tpi\/"},"modified":"2025-02-27T13:37:57","modified_gmt":"2025-02-27T13:37:57","slug":"brzeszczot-do-drewna-pily-szablastej-240x1-5-5tpi","status":"publish","type":"product","link":"https:\/\/bobimarket.pl\/index.php\/produkt\/brzeszczot-do-drewna-pily-szablastej-240x1-5-5tpi\/","title":{"rendered":"BRZESZCZOT DO DREWNA PI\u0141Y SZABLASTEJ 240&#215;1.5 5TPI"},"content":{"rendered":"<section class=\"section\">\n<div class=\"item item-6\">\n<section class=\"image-item\">\n                <img decoding=\"async\" src=\"https:\/\/upload.cdn.baselinker.com\/products\/14476\/c7ddaa55f982cee139736c73bfcab470.jpg\" \/><br \/>\n            <\/section>\n<\/p><\/div>\n<div class=\"item item-6\">\n<section class=\"text-item\">\n<h2>BRZESZCZOT DO DREWNA PI\u0141Y SZABLASTEJ 240x19x1.5mm 5TPI<\/h2>\n<p><b>Dane techniczne:\u00a0<\/b><\/p>\n<ul>\n<li>Materia\u0142: <b>stal wysokow\u0119glowa<\/b><\/li>\n<li>Szybkie ci\u0119cie prostolinijne drewna:\u00a0<b>5-210 mm<\/b><\/li>\n<li>Wysoko\u015b\u0107 z\u0119ba: <b>5 mm<\/b><\/li>\n<li>D\u0142ugo\u015b\u0107: <b>240 mm<\/b><\/li>\n<\/ul>\n<\/section><\/div>\n<\/section>\n<section class=\"section\">\n<div class=\"item item-6\">\n<section class=\"image-item\">\n                <img decoding=\"async\" src=\"https:\/\/upload.cdn.baselinker.com\/products\/14476\/50b79e5962fe9bcfa8812cf80ddcb0c4.jpg\" \/><br \/>\n            <\/section>\n<\/p><\/div>\n<div class=\"item item-6\">\n<section class=\"text-item\">\n<p>Profesjonalny brzeszczot do pi\u0142y szablastej o d\u0142ugo\u015bci 240 mm. Wykonany ze stali wysokow\u0119glowej, kt\u00f3ra jest wytrzyma\u0142a i twarda. Uniwersalny kszta\u0142t umo\u017cliwia monta\u017c brzeszczotu w wi\u0119kszo\u015bci modeli pi\u0142 szablastych.\u00a0<\/p>\n<p><b>\u2705\u00a0<\/b><b>Zastosowanie:\u00a0<\/b><\/p>\n<p>Brzeszczot umo\u017cliwia szybkie ci\u0119cie drewna 5-210 mm. Przeznaczony do ci\u0119cia drewna i materia\u0142\u00f3w podobnych tj.:<\/p>\n<ul>\n<li>p\u0142yta laminowana<\/li>\n<li>drewno mi\u0119kkie i twarde<\/li>\n<li>sklejki\u00a0<\/li>\n<li>p\u0142yt MDF\u00a0<\/li>\n<\/ul>\n<\/section><\/div>\n<\/section>\n<section class=\"section\">\n<div class=\"item item-12\">\n<section class=\"image-item\">\n                <img decoding=\"async\" src=\"https:\/\/upload.cdn.baselinker.com\/products\/14476\/c7ddaa55f982cee139736c73bfcab470.jpg\" \/><br \/>\n            <\/section>\n<\/p><\/div>\n<\/section>\n","protected":false},"excerpt":{"rendered":"<p>BRZESZCZOT DO DREWNA PI\u0141Y SZABLASTEJ 240x19x1.5mm 5TPI Dane techniczne:\u00a0 Materia\u0142: stal wysokow\u0119glowa Szybkie ci\u0119cie prostolinijne drewna:\u00a05-210 mm Wysoko\u015b\u0107 z\u0119ba: 5 mm D\u0142ugo\u015b\u0107: 240 mm Profesjonalny brzeszczot do pi\u0142y szablastej o d\u0142ugo\u015bci 240 mm. Wykonany ze stali wysokow\u0119glowej, kt\u00f3ra jest wytrzyma\u0142a i twarda. Uniwersalny kszta\u0142t umo\u017cliwia monta\u017c brzeszczotu w wi\u0119kszo\u015bci modeli pi\u0142 szablastych.\u00a0 \u2705\u00a0Zastosowanie:\u00a0 Brzeszczot umo\u017cliwia<br \/><a class=\"more-link\" href=\"https:\/\/bobimarket.pl\/index.php\/produkt\/brzeszczot-do-drewna-pily-szablastej-240x1-5-5tpi\/\"><br \/>\n        Czytaj wi\u0119cej<span class=\"screen-reader-text\"> &#8222;BRZESZCZOT DO DREWNA PI\u0141Y SZABLASTEJ 240&#215;1.5 5TPI&#8221;<\/span><\/a><\/p>\n","protected":false},"featured_media":81191,"template":"","meta":[],"product_cat":[8165],"product_tag":[],"yoast_head":"<!-- This site is optimized with the Yoast SEO plugin v21.0 - https:\/\/yoast.com\/wordpress\/plugins\/seo\/ -->\n<title>BRZESZCZOT DO DREWNA PI\u0141Y SZABLASTEJ 240x1.5 5TPI - BOBIMARKET.pl - Remontuj i urz\u0105dzaj z nami<\/title>\n<meta name=\"robots\" content=\"index, follow, max-snippet:-1, max-image-preview:large, max-video-preview:-1\" \/>\n<link rel=\"canonical\" href=\"https:\/\/bobimarket.pl\/index.php\/produkt\/brzeszczot-do-drewna-pily-szablastej-240x1-5-5tpi\/\" \/>\n<meta property=\"og:locale\" content=\"pl_PL\" \/>\n<meta property=\"og:type\" content=\"article\" \/>\n<meta property=\"og:title\" content=\"BRZESZCZOT DO DREWNA PI\u0141Y SZABLASTEJ 240x1.5 5TPI - BOBIMARKET.pl - Remontuj i urz\u0105dzaj z nami\" \/>\n<meta property=\"og:description\" content=\"BRZESZCZOT DO DREWNA PI\u0141Y SZABLASTEJ 240x19x1.5mm 5TPI Dane techniczne:\u00a0 Materia\u0142: stal wysokow\u0119glowa Szybkie ci\u0119cie prostolinijne drewna:\u00a05-210 mm Wysoko\u015b\u0107 z\u0119ba: 5 mm D\u0142ugo\u015b\u0107: 240 mm Profesjonalny brzeszczot do pi\u0142y szablastej o d\u0142ugo\u015bci 240 mm. Wykonany ze stali wysokow\u0119glowej, kt\u00f3ra jest wytrzyma\u0142a i twarda. Uniwersalny kszta\u0142t umo\u017cliwia monta\u017c brzeszczotu w wi\u0119kszo\u015bci modeli pi\u0142 szablastych.\u00a0 \u2705\u00a0Zastosowanie:\u00a0 Brzeszczot umo\u017cliwia     Czytaj wi\u0119cej &quot;BRZESZCZOT DO DREWNA PI\u0141Y SZABLASTEJ 240&#215;1.5 5TPI&quot;\" \/>\n<meta property=\"og:url\" content=\"https:\/\/bobimarket.pl\/index.php\/produkt\/brzeszczot-do-drewna-pily-szablastej-240x1-5-5tpi\/\" \/>\n<meta property=\"og:site_name\" content=\"BOBIMARKET.pl - Remontuj i urz\u0105dzaj z nami\" \/>\n<meta property=\"article:modified_time\" content=\"2025-02-27T13:37:57+00:00\" \/>\n<meta property=\"og:image\" content=\"https:\/\/upload.cdn.baselinker.com\/products\/14476\/c7ddaa55f982cee139736c73bfcab470.jpg\" \/>\n<meta name=\"twitter:card\" content=\"summary_large_image\" \/>\n<script type=\"application\/ld+json\" class=\"yoast-schema-graph\">{\"@context\":\"https:\/\/schema.org\",\"@graph\":[{\"@type\":\"WebPage\",\"@id\":\"https:\/\/bobimarket.pl\/index.php\/produkt\/brzeszczot-do-drewna-pily-szablastej-240x1-5-5tpi\/\",\"url\":\"https:\/\/bobimarket.pl\/index.php\/produkt\/brzeszczot-do-drewna-pily-szablastej-240x1-5-5tpi\/\",\"name\":\"BRZESZCZOT DO DREWNA PI\u0141Y SZABLASTEJ 240x1.5 5TPI - BOBIMARKET.pl - Remontuj i urz\u0105dzaj z nami\",\"isPartOf\":{\"@id\":\"https:\/\/bobimarket.pl\/#website\"},\"datePublished\":\"2023-08-29T16:21:27+00:00\",\"dateModified\":\"2025-02-27T13:37:57+00:00\",\"breadcrumb\":{\"@id\":\"https:\/\/bobimarket.pl\/index.php\/produkt\/brzeszczot-do-drewna-pily-szablastej-240x1-5-5tpi\/#breadcrumb\"},\"inLanguage\":\"pl-PL\",\"potentialAction\":[{\"@type\":\"ReadAction\",\"target\":[\"https:\/\/bobimarket.pl\/index.php\/produkt\/brzeszczot-do-drewna-pily-szablastej-240x1-5-5tpi\/\"]}]},{\"@type\":\"BreadcrumbList\",\"@id\":\"https:\/\/bobimarket.pl\/index.php\/produkt\/brzeszczot-do-drewna-pily-szablastej-240x1-5-5tpi\/#breadcrumb\",\"itemListElement\":[{\"@type\":\"ListItem\",\"position\":1,\"name\":\"Strona g\u0142\u00f3wna\",\"item\":\"https:\/\/bobimarket.pl\/\"},{\"@type\":\"ListItem\",\"position\":2,\"name\":\"Sklep\",\"item\":\"https:\/\/bobimarket.pl\/index.php\/shop\/\"},{\"@type\":\"ListItem\",\"position\":3,\"name\":\"BRZESZCZOT DO DREWNA PI\u0141Y SZABLASTEJ 240&#215;1.5 5TPI\"}]},{\"@type\":\"WebSite\",\"@id\":\"https:\/\/bobimarket.pl\/#website\",\"url\":\"https:\/\/bobimarket.pl\/\",\"name\":\"BOBIMARKET.pl - Remontuj i urz\u0105dzaj z nami\",\"description\":\"Remontuj i urz\u0105dzaj z nami\",\"publisher\":{\"@id\":\"https:\/\/bobimarket.pl\/#organization\"},\"potentialAction\":[{\"@type\":\"SearchAction\",\"target\":{\"@type\":\"EntryPoint\",\"urlTemplate\":\"https:\/\/bobimarket.pl\/?s={search_term_string}\"},\"query-input\":\"required name=search_term_string\"}],\"inLanguage\":\"pl-PL\"},{\"@type\":\"Organization\",\"@id\":\"https:\/\/bobimarket.pl\/#organization\",\"name\":\"BOBIMARKET.pl\",\"url\":\"https:\/\/bobimarket.pl\/\",\"logo\":{\"@type\":\"ImageObject\",\"inLanguage\":\"pl-PL\",\"@id\":\"https:\/\/bobimarket.pl\/#\/schema\/logo\/image\/\",\"url\":\"https:\/\/bobimarket.pl\/wp-content\/uploads\/2021\/11\/slogan.png\",\"contentUrl\":\"https:\/\/bobimarket.pl\/wp-content\/uploads\/2021\/11\/slogan.png\",\"width\":2000,\"height\":384,\"caption\":\"BOBIMARKET.pl\"},\"image\":{\"@id\":\"https:\/\/bobimarket.pl\/#\/schema\/logo\/image\/\"}}]}<\/script>\n<!-- \/ Yoast SEO plugin. -->","yoast_head_json":{"title":"BRZESZCZOT DO DREWNA PI\u0141Y SZABLASTEJ 240x1.5 5TPI - BOBIMARKET.pl - Remontuj i urz\u0105dzaj z nami","robots":{"index":"index","follow":"follow","max-snippet":"max-snippet:-1","max-image-preview":"max-image-preview:large","max-video-preview":"max-video-preview:-1"},"canonical":"https:\/\/bobimarket.pl\/index.php\/produkt\/brzeszczot-do-drewna-pily-szablastej-240x1-5-5tpi\/","og_locale":"pl_PL","og_type":"article","og_title":"BRZESZCZOT DO DREWNA PI\u0141Y SZABLASTEJ 240x1.5 5TPI - BOBIMARKET.pl - Remontuj i urz\u0105dzaj z nami","og_description":"BRZESZCZOT DO DREWNA PI\u0141Y SZABLASTEJ 240x19x1.5mm 5TPI Dane techniczne:\u00a0 Materia\u0142: stal wysokow\u0119glowa Szybkie ci\u0119cie prostolinijne drewna:\u00a05-210 mm Wysoko\u015b\u0107 z\u0119ba: 5 mm D\u0142ugo\u015b\u0107: 240 mm Profesjonalny brzeszczot do pi\u0142y szablastej o d\u0142ugo\u015bci 240 mm. Wykonany ze stali wysokow\u0119glowej, kt\u00f3ra jest wytrzyma\u0142a i twarda. Uniwersalny kszta\u0142t umo\u017cliwia monta\u017c brzeszczotu w wi\u0119kszo\u015bci modeli pi\u0142 szablastych.\u00a0 \u2705\u00a0Zastosowanie:\u00a0 Brzeszczot umo\u017cliwia     Czytaj wi\u0119cej \"BRZESZCZOT DO DREWNA PI\u0141Y SZABLASTEJ 240&#215;1.5 5TPI\"","og_url":"https:\/\/bobimarket.pl\/index.php\/produkt\/brzeszczot-do-drewna-pily-szablastej-240x1-5-5tpi\/","og_site_name":"BOBIMARKET.pl - Remontuj i urz\u0105dzaj z nami","article_modified_time":"2025-02-27T13:37:57+00:00","og_image":[{"url":"https:\/\/upload.cdn.baselinker.com\/products\/14476\/c7ddaa55f982cee139736c73bfcab470.jpg"}],"twitter_card":"summary_large_image","schema":{"@context":"https:\/\/schema.org","@graph":[{"@type":"WebPage","@id":"https:\/\/bobimarket.pl\/index.php\/produkt\/brzeszczot-do-drewna-pily-szablastej-240x1-5-5tpi\/","url":"https:\/\/bobimarket.pl\/index.php\/produkt\/brzeszczot-do-drewna-pily-szablastej-240x1-5-5tpi\/","name":"BRZESZCZOT DO DREWNA PI\u0141Y SZABLASTEJ 240x1.5 5TPI - BOBIMARKET.pl - Remontuj i urz\u0105dzaj z nami","isPartOf":{"@id":"https:\/\/bobimarket.pl\/#website"},"datePublished":"2023-08-29T16:21:27+00:00","dateModified":"2025-02-27T13:37:57+00:00","breadcrumb":{"@id":"https:\/\/bobimarket.pl\/index.php\/produkt\/brzeszczot-do-drewna-pily-szablastej-240x1-5-5tpi\/#breadcrumb"},"inLanguage":"pl-PL","potentialAction":[{"@type":"ReadAction","target":["https:\/\/bobimarket.pl\/index.php\/produkt\/brzeszczot-do-drewna-pily-szablastej-240x1-5-5tpi\/"]}]},{"@type":"BreadcrumbList","@id":"https:\/\/bobimarket.pl\/index.php\/produkt\/brzeszczot-do-drewna-pily-szablastej-240x1-5-5tpi\/#breadcrumb","itemListElement":[{"@type":"ListItem","position":1,"name":"Strona g\u0142\u00f3wna","item":"https:\/\/bobimarket.pl\/"},{"@type":"ListItem","position":2,"name":"Sklep","item":"https:\/\/bobimarket.pl\/index.php\/shop\/"},{"@type":"ListItem","position":3,"name":"BRZESZCZOT DO DREWNA PI\u0141Y SZABLASTEJ 240&#215;1.5 5TPI"}]},{"@type":"WebSite","@id":"https:\/\/bobimarket.pl\/#website","url":"https:\/\/bobimarket.pl\/","name":"BOBIMARKET.pl - Remontuj i urz\u0105dzaj z nami","description":"Remontuj i urz\u0105dzaj z nami","publisher":{"@id":"https:\/\/bobimarket.pl\/#organization"},"potentialAction":[{"@type":"SearchAction","target":{"@type":"EntryPoint","urlTemplate":"https:\/\/bobimarket.pl\/?s={search_term_string}"},"query-input":"required name=search_term_string"}],"inLanguage":"pl-PL"},{"@type":"Organization","@id":"https:\/\/bobimarket.pl\/#organization","name":"BOBIMARKET.pl","url":"https:\/\/bobimarket.pl\/","logo":{"@type":"ImageObject","inLanguage":"pl-PL","@id":"https:\/\/bobimarket.pl\/#\/schema\/logo\/image\/","url":"https:\/\/bobimarket.pl\/wp-content\/uploads\/2021\/11\/slogan.png","contentUrl":"https:\/\/bobimarket.pl\/wp-content\/uploads\/2021\/11\/slogan.png","width":2000,"height":384,"caption":"BOBIMARKET.pl"},"image":{"@id":"https:\/\/bobimarket.pl\/#\/schema\/logo\/image\/"}}]}},"_links":{"self":[{"href":"https:\/\/bobimarket.pl\/index.php\/wp-json\/wp\/v2\/product\/81196"}],"collection":[{"href":"https:\/\/bobimarket.pl\/index.php\/wp-json\/wp\/v2\/product"}],"about":[{"href":"https:\/\/bobimarket.pl\/index.php\/wp-json\/wp\/v2\/types\/product"}],"wp:featuredmedia":[{"embeddable":true,"href":"https:\/\/bobimarket.pl\/index.php\/wp-json\/wp\/v2\/media\/81191"}],"wp:attachment":[{"href":"https:\/\/bobimarket.pl\/index.php\/wp-json\/wp\/v2\/media?parent=81196"}],"wp:term":[{"taxonomy":"product_cat","embeddable":true,"href":"https:\/\/bobimarket.pl\/index.php\/wp-json\/wp\/v2\/product_cat?post=81196"},{"taxonomy":"product_tag","embeddable":true,"href":"https:\/\/bobimarket.pl\/index.php\/wp-json\/wp\/v2\/product_tag?post=81196"}],"curies":[{"name":"wp","href":"https:\/\/api.w.org\/{rel}","templated":true}]}}