{"id":81202,"date":"2023-08-29T16:21:59","date_gmt":"2023-08-29T16:21:59","guid":{"rendered":"https:\/\/bobimarket.pl\/index.php\/produkt\/grabie-grabki-plastikowe-do-trawy-lisci-20-zebow\/"},"modified":"2025-02-27T13:38:01","modified_gmt":"2025-02-27T13:38:01","slug":"grabie-grabki-plastikowe-do-trawy-lisci-20-zebow","status":"publish","type":"product","link":"https:\/\/bobimarket.pl\/index.php\/produkt\/grabie-grabki-plastikowe-do-trawy-lisci-20-zebow\/","title":{"rendered":"GRABIE GRABKI PLASTIKOWE DO TRAWY LI\u015aCI 20 Z\u0118B\u00d3W"},"content":{"rendered":"<section class=\"section\">\n<div class=\"item item-12\">\n<section class=\"text-item\">\n<h2>GRABIE GRABKI PLASTIKOWE DO TRAWY LI\u015aCI 20 Z\u0118B\u00d3W 43CM<\/h2>\n<p><b>DANE TECHNICZNE :<\/b><\/p>\n<ul>\n<li>Ilo\u015bc z\u0119b\u00f3w: 20<\/li>\n<li>Szeroko\u015b\u0107 robocza: 43 cm<\/li>\n<li>Materia\u0142: tworzywo<\/li>\n<li>Bez trzonka<\/li>\n<\/ul>\n<p>Uwaga! Grabie w zale\u017cno\u015bci od dostawy mog\u0105 r\u00f3\u017cni\u0107 si\u0119 kolorem. Kolor wybieramy losowo.\u00a0<\/p>\n<\/section><\/div>\n<\/section>\n<section class=\"section\">\n<div class=\"item item-12\">\n<section class=\"image-item\">\n            <img decoding=\"async\" src=\"https:\/\/upload.cdn.baselinker.com\/products\/14476\/170556960532051788644758c3cbf71c.jpg\" \/><br \/>\n        <\/section>\n<\/p><\/div>\n<\/section>\n<section class=\"section\">\n<div class=\"item item-12\">\n<section class=\"text-item\">\n<h2>Doskona\u0142y pomocnik w wykonywani prac w ogrodzie!<\/h2>\n<p>Solidne\u00a0grabie plastikowe wykonane z wytrzyma\u0142ego tworzywa, dodatkowo wzmacniane. Wyprodukowane w Polsce. Nie posiadaj\u0105 trzonka.\u00a0<\/p>\n<p><b>Zastosowanie<\/b>:<\/p>\n<p>Grabie s\u0105 trwa\u0142e i por\u0119czne. Idealnie nadaj\u0105 si\u0119 do grabienia trawy, li\u015bci w sadzie lub przydomowym ogrodzie.\u00a0Niezb\u0119dne w ka\u017cdym gospodarstwie domowym oraz rolnym.<\/p>\n<ul>\n<li>Z ich pomoc\u0105 jesienne grabienie li\u015bcie stanie si\u0119 przyjemno\u015bci\u0105, a nie przykrym obowi\u0105zkiem.<\/li>\n<li>Latem pomog\u0105 w piel\u0119gnacji ogrodu i grabienie \u015bwie\u017co skoszonej trawy.\u00a0<\/li>\n<\/ul>\n<\/section><\/div>\n<\/section>\n<section class=\"section\">\n<div class=\"item item-12\">\n<section class=\"image-item\">\n            <img decoding=\"async\" src=\"https:\/\/upload.cdn.baselinker.com\/products\/14476\/7585a7106001af66ff3c00478b9ab217.jpg\" \/><br \/>\n        <\/section>\n<\/p><\/div>\n<\/section>\n","protected":false},"excerpt":{"rendered":"<p>GRABIE GRABKI PLASTIKOWE DO TRAWY LI\u015aCI 20 Z\u0118B\u00d3W 43CM DANE TECHNICZNE : Ilo\u015bc z\u0119b\u00f3w: 20 Szeroko\u015b\u0107 robocza: 43 cm Materia\u0142: tworzywo Bez trzonka Uwaga! Grabie w zale\u017cno\u015bci od dostawy mog\u0105 r\u00f3\u017cni\u0107 si\u0119 kolorem. Kolor wybieramy losowo.\u00a0 Doskona\u0142y pomocnik w wykonywani prac w ogrodzie! Solidne\u00a0grabie plastikowe wykonane z wytrzyma\u0142ego tworzywa, dodatkowo wzmacniane. Wyprodukowane w Polsce. Nie<br \/><a class=\"more-link\" href=\"https:\/\/bobimarket.pl\/index.php\/produkt\/grabie-grabki-plastikowe-do-trawy-lisci-20-zebow\/\"><br \/>\n        Czytaj wi\u0119cej<span class=\"screen-reader-text\"> &#8222;GRABIE GRABKI PLASTIKOWE DO TRAWY LI\u015aCI 20 Z\u0118B\u00d3W&#8221;<\/span><\/a><\/p>\n","protected":false},"featured_media":81197,"template":"","meta":[],"product_cat":[8166],"product_tag":[],"yoast_head":"<!-- This site is optimized with the Yoast SEO plugin v21.0 - https:\/\/yoast.com\/wordpress\/plugins\/seo\/ -->\n<title>GRABIE GRABKI PLASTIKOWE DO TRAWY LI\u015aCI 20 Z\u0118B\u00d3W - BOBIMARKET.pl - Remontuj i urz\u0105dzaj z nami<\/title>\n<meta name=\"robots\" content=\"index, follow, max-snippet:-1, max-image-preview:large, max-video-preview:-1\" \/>\n<link rel=\"canonical\" href=\"https:\/\/bobimarket.pl\/index.php\/produkt\/grabie-grabki-plastikowe-do-trawy-lisci-20-zebow\/\" \/>\n<meta property=\"og:locale\" content=\"pl_PL\" \/>\n<meta property=\"og:type\" content=\"article\" \/>\n<meta property=\"og:title\" content=\"GRABIE GRABKI PLASTIKOWE DO TRAWY LI\u015aCI 20 Z\u0118B\u00d3W - BOBIMARKET.pl - Remontuj i urz\u0105dzaj z nami\" \/>\n<meta property=\"og:description\" content=\"GRABIE GRABKI PLASTIKOWE DO TRAWY LI\u015aCI 20 Z\u0118B\u00d3W 43CM DANE TECHNICZNE : Ilo\u015bc z\u0119b\u00f3w: 20 Szeroko\u015b\u0107 robocza: 43 cm Materia\u0142: tworzywo Bez trzonka Uwaga! Grabie w zale\u017cno\u015bci od dostawy mog\u0105 r\u00f3\u017cni\u0107 si\u0119 kolorem. Kolor wybieramy losowo.\u00a0 Doskona\u0142y pomocnik w wykonywani prac w ogrodzie! Solidne\u00a0grabie plastikowe wykonane z wytrzyma\u0142ego tworzywa, dodatkowo wzmacniane. Wyprodukowane w Polsce. Nie     Czytaj wi\u0119cej &quot;GRABIE GRABKI PLASTIKOWE DO TRAWY LI\u015aCI 20 Z\u0118B\u00d3W&quot;\" \/>\n<meta property=\"og:url\" content=\"https:\/\/bobimarket.pl\/index.php\/produkt\/grabie-grabki-plastikowe-do-trawy-lisci-20-zebow\/\" \/>\n<meta property=\"og:site_name\" content=\"BOBIMARKET.pl - Remontuj i urz\u0105dzaj z nami\" \/>\n<meta property=\"article:modified_time\" content=\"2025-02-27T13:38:01+00:00\" \/>\n<meta property=\"og:image\" content=\"https:\/\/upload.cdn.baselinker.com\/products\/14476\/170556960532051788644758c3cbf71c.jpg\" \/>\n<meta name=\"twitter:card\" content=\"summary_large_image\" \/>\n<meta name=\"twitter:label1\" content=\"Szacowany czas czytania\" \/>\n\t<meta name=\"twitter:data1\" content=\"1 minuta\" \/>\n<script type=\"application\/ld+json\" class=\"yoast-schema-graph\">{\"@context\":\"https:\/\/schema.org\",\"@graph\":[{\"@type\":\"WebPage\",\"@id\":\"https:\/\/bobimarket.pl\/index.php\/produkt\/grabie-grabki-plastikowe-do-trawy-lisci-20-zebow\/\",\"url\":\"https:\/\/bobimarket.pl\/index.php\/produkt\/grabie-grabki-plastikowe-do-trawy-lisci-20-zebow\/\",\"name\":\"GRABIE GRABKI PLASTIKOWE DO TRAWY LI\u015aCI 20 Z\u0118B\u00d3W - BOBIMARKET.pl - Remontuj i urz\u0105dzaj z nami\",\"isPartOf\":{\"@id\":\"https:\/\/bobimarket.pl\/#website\"},\"datePublished\":\"2023-08-29T16:21:59+00:00\",\"dateModified\":\"2025-02-27T13:38:01+00:00\",\"breadcrumb\":{\"@id\":\"https:\/\/bobimarket.pl\/index.php\/produkt\/grabie-grabki-plastikowe-do-trawy-lisci-20-zebow\/#breadcrumb\"},\"inLanguage\":\"pl-PL\",\"potentialAction\":[{\"@type\":\"ReadAction\",\"target\":[\"https:\/\/bobimarket.pl\/index.php\/produkt\/grabie-grabki-plastikowe-do-trawy-lisci-20-zebow\/\"]}]},{\"@type\":\"BreadcrumbList\",\"@id\":\"https:\/\/bobimarket.pl\/index.php\/produkt\/grabie-grabki-plastikowe-do-trawy-lisci-20-zebow\/#breadcrumb\",\"itemListElement\":[{\"@type\":\"ListItem\",\"position\":1,\"name\":\"Strona g\u0142\u00f3wna\",\"item\":\"https:\/\/bobimarket.pl\/\"},{\"@type\":\"ListItem\",\"position\":2,\"name\":\"Sklep\",\"item\":\"https:\/\/bobimarket.pl\/index.php\/shop\/\"},{\"@type\":\"ListItem\",\"position\":3,\"name\":\"GRABIE GRABKI PLASTIKOWE DO TRAWY LI\u015aCI 20 Z\u0118B\u00d3W\"}]},{\"@type\":\"WebSite\",\"@id\":\"https:\/\/bobimarket.pl\/#website\",\"url\":\"https:\/\/bobimarket.pl\/\",\"name\":\"BOBIMARKET.pl - Remontuj i urz\u0105dzaj z nami\",\"description\":\"Remontuj i urz\u0105dzaj z nami\",\"publisher\":{\"@id\":\"https:\/\/bobimarket.pl\/#organization\"},\"potentialAction\":[{\"@type\":\"SearchAction\",\"target\":{\"@type\":\"EntryPoint\",\"urlTemplate\":\"https:\/\/bobimarket.pl\/?s={search_term_string}\"},\"query-input\":\"required name=search_term_string\"}],\"inLanguage\":\"pl-PL\"},{\"@type\":\"Organization\",\"@id\":\"https:\/\/bobimarket.pl\/#organization\",\"name\":\"BOBIMARKET.pl\",\"url\":\"https:\/\/bobimarket.pl\/\",\"logo\":{\"@type\":\"ImageObject\",\"inLanguage\":\"pl-PL\",\"@id\":\"https:\/\/bobimarket.pl\/#\/schema\/logo\/image\/\",\"url\":\"https:\/\/bobimarket.pl\/wp-content\/uploads\/2021\/11\/slogan.png\",\"contentUrl\":\"https:\/\/bobimarket.pl\/wp-content\/uploads\/2021\/11\/slogan.png\",\"width\":2000,\"height\":384,\"caption\":\"BOBIMARKET.pl\"},\"image\":{\"@id\":\"https:\/\/bobimarket.pl\/#\/schema\/logo\/image\/\"}}]}<\/script>\n<!-- \/ Yoast SEO plugin. -->","yoast_head_json":{"title":"GRABIE GRABKI PLASTIKOWE DO TRAWY LI\u015aCI 20 Z\u0118B\u00d3W - BOBIMARKET.pl - Remontuj i urz\u0105dzaj z nami","robots":{"index":"index","follow":"follow","max-snippet":"max-snippet:-1","max-image-preview":"max-image-preview:large","max-video-preview":"max-video-preview:-1"},"canonical":"https:\/\/bobimarket.pl\/index.php\/produkt\/grabie-grabki-plastikowe-do-trawy-lisci-20-zebow\/","og_locale":"pl_PL","og_type":"article","og_title":"GRABIE GRABKI PLASTIKOWE DO TRAWY LI\u015aCI 20 Z\u0118B\u00d3W - BOBIMARKET.pl - Remontuj i urz\u0105dzaj z nami","og_description":"GRABIE GRABKI PLASTIKOWE DO TRAWY LI\u015aCI 20 Z\u0118B\u00d3W 43CM DANE TECHNICZNE : Ilo\u015bc z\u0119b\u00f3w: 20 Szeroko\u015b\u0107 robocza: 43 cm Materia\u0142: tworzywo Bez trzonka Uwaga! Grabie w zale\u017cno\u015bci od dostawy mog\u0105 r\u00f3\u017cni\u0107 si\u0119 kolorem. Kolor wybieramy losowo.\u00a0 Doskona\u0142y pomocnik w wykonywani prac w ogrodzie! Solidne\u00a0grabie plastikowe wykonane z wytrzyma\u0142ego tworzywa, dodatkowo wzmacniane. Wyprodukowane w Polsce. Nie     Czytaj wi\u0119cej \"GRABIE GRABKI PLASTIKOWE DO TRAWY LI\u015aCI 20 Z\u0118B\u00d3W\"","og_url":"https:\/\/bobimarket.pl\/index.php\/produkt\/grabie-grabki-plastikowe-do-trawy-lisci-20-zebow\/","og_site_name":"BOBIMARKET.pl - Remontuj i urz\u0105dzaj z nami","article_modified_time":"2025-02-27T13:38:01+00:00","og_image":[{"url":"https:\/\/upload.cdn.baselinker.com\/products\/14476\/170556960532051788644758c3cbf71c.jpg"}],"twitter_card":"summary_large_image","twitter_misc":{"Szacowany czas czytania":"1 minuta"},"schema":{"@context":"https:\/\/schema.org","@graph":[{"@type":"WebPage","@id":"https:\/\/bobimarket.pl\/index.php\/produkt\/grabie-grabki-plastikowe-do-trawy-lisci-20-zebow\/","url":"https:\/\/bobimarket.pl\/index.php\/produkt\/grabie-grabki-plastikowe-do-trawy-lisci-20-zebow\/","name":"GRABIE GRABKI PLASTIKOWE DO TRAWY LI\u015aCI 20 Z\u0118B\u00d3W - BOBIMARKET.pl - Remontuj i urz\u0105dzaj z nami","isPartOf":{"@id":"https:\/\/bobimarket.pl\/#website"},"datePublished":"2023-08-29T16:21:59+00:00","dateModified":"2025-02-27T13:38:01+00:00","breadcrumb":{"@id":"https:\/\/bobimarket.pl\/index.php\/produkt\/grabie-grabki-plastikowe-do-trawy-lisci-20-zebow\/#breadcrumb"},"inLanguage":"pl-PL","potentialAction":[{"@type":"ReadAction","target":["https:\/\/bobimarket.pl\/index.php\/produkt\/grabie-grabki-plastikowe-do-trawy-lisci-20-zebow\/"]}]},{"@type":"BreadcrumbList","@id":"https:\/\/bobimarket.pl\/index.php\/produkt\/grabie-grabki-plastikowe-do-trawy-lisci-20-zebow\/#breadcrumb","itemListElement":[{"@type":"ListItem","position":1,"name":"Strona g\u0142\u00f3wna","item":"https:\/\/bobimarket.pl\/"},{"@type":"ListItem","position":2,"name":"Sklep","item":"https:\/\/bobimarket.pl\/index.php\/shop\/"},{"@type":"ListItem","position":3,"name":"GRABIE GRABKI PLASTIKOWE DO TRAWY LI\u015aCI 20 Z\u0118B\u00d3W"}]},{"@type":"WebSite","@id":"https:\/\/bobimarket.pl\/#website","url":"https:\/\/bobimarket.pl\/","name":"BOBIMARKET.pl - Remontuj i urz\u0105dzaj z nami","description":"Remontuj i urz\u0105dzaj z nami","publisher":{"@id":"https:\/\/bobimarket.pl\/#organization"},"potentialAction":[{"@type":"SearchAction","target":{"@type":"EntryPoint","urlTemplate":"https:\/\/bobimarket.pl\/?s={search_term_string}"},"query-input":"required name=search_term_string"}],"inLanguage":"pl-PL"},{"@type":"Organization","@id":"https:\/\/bobimarket.pl\/#organization","name":"BOBIMARKET.pl","url":"https:\/\/bobimarket.pl\/","logo":{"@type":"ImageObject","inLanguage":"pl-PL","@id":"https:\/\/bobimarket.pl\/#\/schema\/logo\/image\/","url":"https:\/\/bobimarket.pl\/wp-content\/uploads\/2021\/11\/slogan.png","contentUrl":"https:\/\/bobimarket.pl\/wp-content\/uploads\/2021\/11\/slogan.png","width":2000,"height":384,"caption":"BOBIMARKET.pl"},"image":{"@id":"https:\/\/bobimarket.pl\/#\/schema\/logo\/image\/"}}]}},"_links":{"self":[{"href":"https:\/\/bobimarket.pl\/index.php\/wp-json\/wp\/v2\/product\/81202"}],"collection":[{"href":"https:\/\/bobimarket.pl\/index.php\/wp-json\/wp\/v2\/product"}],"about":[{"href":"https:\/\/bobimarket.pl\/index.php\/wp-json\/wp\/v2\/types\/product"}],"wp:featuredmedia":[{"embeddable":true,"href":"https:\/\/bobimarket.pl\/index.php\/wp-json\/wp\/v2\/media\/81197"}],"wp:attachment":[{"href":"https:\/\/bobimarket.pl\/index.php\/wp-json\/wp\/v2\/media?parent=81202"}],"wp:term":[{"taxonomy":"product_cat","embeddable":true,"href":"https:\/\/bobimarket.pl\/index.php\/wp-json\/wp\/v2\/product_cat?post=81202"},{"taxonomy":"product_tag","embeddable":true,"href":"https:\/\/bobimarket.pl\/index.php\/wp-json\/wp\/v2\/product_tag?post=81202"}],"curies":[{"name":"wp","href":"https:\/\/api.w.org\/{rel}","templated":true}]}}