{"id":81208,"date":"2023-08-29T16:22:45","date_gmt":"2023-08-29T16:22:45","guid":{"rendered":"https:\/\/bobimarket.pl\/index.php\/produkt\/dziurkacz-rewolwerowy-kaletniczy-skory-paska-gumy\/"},"modified":"2025-02-27T13:38:05","modified_gmt":"2025-02-27T13:38:05","slug":"dziurkacz-rewolwerowy-kaletniczy-skory-paska-gumy","status":"publish","type":"product","link":"https:\/\/bobimarket.pl\/index.php\/produkt\/dziurkacz-rewolwerowy-kaletniczy-skory-paska-gumy\/","title":{"rendered":"DZIURKACZ REWOLWEROWY KALETNICZY SK\u00d3RY PASKA GUMY"},"content":{"rendered":"<section class=\"section\">\n<div class=\"item item-6\">\n<section class=\"image-item\">\n            <img decoding=\"async\" src=\"https:\/\/upload.cdn.baselinker.com\/products\/14476\/78301c5cb7101a3d0138ad7b4ba228e1.jpg\" \/><br \/>\n        <\/section>\n<\/p><\/div>\n<div class=\"item item-6\">\n<section class=\"text-item\">\n<h2>DZIURKACZ REWOLWEROWY KALETNICZY SK\u00d3RY PASKA GUMY<\/h2>\n<p><b>Dane techniczne:<\/b><\/p>\n<ul>\n<li>D\u0142ugo\u015b\u0107: <b>250 mm<\/b><\/li>\n<li>Zakres otwor\u00f3w: <b>2,8 &#8211; 5,1 mm<\/b><\/li>\n<li>Elemety tn\u0105ce:<b> stal hartowana<\/b><\/li>\n<\/ul>\n<\/section><\/div>\n<\/section>\n<section class=\"section\">\n<div class=\"item item-6\">\n<section class=\"image-item\">\n            <img decoding=\"async\" src=\"https:\/\/upload.cdn.baselinker.com\/products\/14476\/e9e51453bf682dd88e4c7c61eb80bbb0.jpg\" \/><br \/>\n        <\/section>\n<\/p><\/div>\n<div class=\"item item-6\">\n<section class=\"text-item\">\n<p>Praktyczne narz\u0119dzie, kt\u00f3re u\u0142atwia wykonywanie otwor\u00f3w w r\u00f3\u017cnego rodzaju materia\u0142ach. Dziurkacz umo\u017cliwia wykonanie otwor\u00f3w o \u015brednicy od <b>2,8 &#8211; 5,1 mm.<\/b><\/p>\n<ul>\n<li>Elementy tn\u0105ce wykonane ze <b>stali hartowanej.<\/b><\/li>\n<li><b>Ergonomiczna r\u0119koje\u015b\u0107<\/b> zapewnia komfort pracy. Dodatkowo r\u0105czki pokryto mi\u0119kkim, gumowym materia\u0142em.<\/li>\n<\/ul>\n<\/section><\/div>\n<\/section>\n<section class=\"section\">\n<div class=\"item item-6\">\n<section class=\"image-item\">\n            <img decoding=\"async\" src=\"https:\/\/upload.cdn.baselinker.com\/products\/14476\/0065387bc1a454a77a4f62ab9d9fc7c1.jpg\" \/><br \/>\n        <\/section>\n<\/p><\/div>\n<div class=\"item item-6\">\n<section class=\"text-item\">\n<p>\u2705 Obrotowa g\u0142owica wyposa\u017cona w<b> tulejki tn\u0105ce<\/b> umo\u017cliwia \u0142atwy wyb\u00f3r odpowiedniej \u015brednicy otworu. Wystarczy przekr\u0119ci\u0107 g\u0142owic\u0119 wok\u00f3\u0142 w\u0142asnej osi.<\/p>\n<p><b>Rozmiary otwor\u00f3w:\u00a0<\/b><\/p>\n<ul>\n<li>2.8 mm<\/li>\n<li>3.2 mm<\/li>\n<li>3.8 mm<\/li>\n<li>4.1 mm<\/li>\n<li>4.5 mm<\/li>\n<li>5.1 mm.<\/li>\n<\/ul>\n<\/section><\/div>\n<\/section>\n<section class=\"section\">\n<div class=\"item item-6\">\n<section class=\"image-item\">\n            <img decoding=\"async\" src=\"https:\/\/upload.cdn.baselinker.com\/products\/14476\/24d3d7820dd3b3c3ba916db76a0b7ed3.jpg\" \/><br \/>\n        <\/section>\n<\/p><\/div>\n<div class=\"item item-6\">\n<section class=\"text-item\">\n<p>\u2705 Sprawdzi si\u0119 do wykonywania otwor\u00f3w w r\u00f3\u017cnego rodzaju materia\u0142ach. Nadaje si\u0119 <b>do obr\u00f3bki<\/b>:<\/p>\n<ul>\n<li>sk\u00f3ry,<\/li>\n<li>materia\u0142\u00f3w sk\u00f3ropodobnych,<\/li>\n<li>tkanin,<\/li>\n<li>gumy,<\/li>\n<li>tektury.<\/li>\n<\/ul>\n<\/section><\/div>\n<\/section>\n","protected":false},"excerpt":{"rendered":"<p>DZIURKACZ REWOLWEROWY KALETNICZY SK\u00d3RY PASKA GUMY Dane techniczne: D\u0142ugo\u015b\u0107: 250 mm Zakres otwor\u00f3w: 2,8 &#8211; 5,1 mm Elemety tn\u0105ce: stal hartowana Praktyczne narz\u0119dzie, kt\u00f3re u\u0142atwia wykonywanie otwor\u00f3w w r\u00f3\u017cnego rodzaju materia\u0142ach. Dziurkacz umo\u017cliwia wykonanie otwor\u00f3w o \u015brednicy od 2,8 &#8211; 5,1 mm. Elementy tn\u0105ce wykonane ze stali hartowanej. Ergonomiczna r\u0119koje\u015b\u0107 zapewnia komfort pracy. Dodatkowo r\u0105czki<br \/><a class=\"more-link\" href=\"https:\/\/bobimarket.pl\/index.php\/produkt\/dziurkacz-rewolwerowy-kaletniczy-skory-paska-gumy\/\"><br \/>\n        Czytaj wi\u0119cej<span class=\"screen-reader-text\"> &#8222;DZIURKACZ REWOLWEROWY KALETNICZY SK\u00d3RY PASKA GUMY&#8221;<\/span><\/a><\/p>\n","protected":false},"featured_media":81203,"template":"","meta":[],"product_cat":[8170],"product_tag":[],"yoast_head":"<!-- This site is optimized with the Yoast SEO plugin v21.0 - https:\/\/yoast.com\/wordpress\/plugins\/seo\/ -->\n<title>DZIURKACZ REWOLWEROWY KALETNICZY SK\u00d3RY PASKA GUMY - BOBIMARKET.pl - Remontuj i urz\u0105dzaj z nami<\/title>\n<meta name=\"robots\" content=\"index, follow, max-snippet:-1, max-image-preview:large, max-video-preview:-1\" \/>\n<link rel=\"canonical\" href=\"https:\/\/bobimarket.pl\/index.php\/produkt\/dziurkacz-rewolwerowy-kaletniczy-skory-paska-gumy\/\" \/>\n<meta property=\"og:locale\" content=\"pl_PL\" \/>\n<meta property=\"og:type\" content=\"article\" \/>\n<meta property=\"og:title\" content=\"DZIURKACZ REWOLWEROWY KALETNICZY SK\u00d3RY PASKA GUMY - BOBIMARKET.pl - Remontuj i urz\u0105dzaj z nami\" \/>\n<meta property=\"og:description\" content=\"DZIURKACZ REWOLWEROWY KALETNICZY SK\u00d3RY PASKA GUMY Dane techniczne: D\u0142ugo\u015b\u0107: 250 mm Zakres otwor\u00f3w: 2,8 &#8211; 5,1 mm Elemety tn\u0105ce: stal hartowana Praktyczne narz\u0119dzie, kt\u00f3re u\u0142atwia wykonywanie otwor\u00f3w w r\u00f3\u017cnego rodzaju materia\u0142ach. Dziurkacz umo\u017cliwia wykonanie otwor\u00f3w o \u015brednicy od 2,8 &#8211; 5,1 mm. Elementy tn\u0105ce wykonane ze stali hartowanej. Ergonomiczna r\u0119koje\u015b\u0107 zapewnia komfort pracy. Dodatkowo r\u0105czki     Czytaj wi\u0119cej &quot;DZIURKACZ REWOLWEROWY KALETNICZY SK\u00d3RY PASKA GUMY&quot;\" \/>\n<meta property=\"og:url\" content=\"https:\/\/bobimarket.pl\/index.php\/produkt\/dziurkacz-rewolwerowy-kaletniczy-skory-paska-gumy\/\" \/>\n<meta property=\"og:site_name\" content=\"BOBIMARKET.pl - Remontuj i urz\u0105dzaj z nami\" \/>\n<meta property=\"article:modified_time\" content=\"2025-02-27T13:38:05+00:00\" \/>\n<meta property=\"og:image\" content=\"https:\/\/upload.cdn.baselinker.com\/products\/14476\/78301c5cb7101a3d0138ad7b4ba228e1.jpg\" \/>\n<meta name=\"twitter:card\" content=\"summary_large_image\" \/>\n<meta name=\"twitter:label1\" content=\"Szacowany czas czytania\" \/>\n\t<meta name=\"twitter:data1\" content=\"1 minuta\" \/>\n<script type=\"application\/ld+json\" class=\"yoast-schema-graph\">{\"@context\":\"https:\/\/schema.org\",\"@graph\":[{\"@type\":\"WebPage\",\"@id\":\"https:\/\/bobimarket.pl\/index.php\/produkt\/dziurkacz-rewolwerowy-kaletniczy-skory-paska-gumy\/\",\"url\":\"https:\/\/bobimarket.pl\/index.php\/produkt\/dziurkacz-rewolwerowy-kaletniczy-skory-paska-gumy\/\",\"name\":\"DZIURKACZ REWOLWEROWY KALETNICZY SK\u00d3RY PASKA GUMY - BOBIMARKET.pl - Remontuj i urz\u0105dzaj z nami\",\"isPartOf\":{\"@id\":\"https:\/\/bobimarket.pl\/#website\"},\"datePublished\":\"2023-08-29T16:22:45+00:00\",\"dateModified\":\"2025-02-27T13:38:05+00:00\",\"breadcrumb\":{\"@id\":\"https:\/\/bobimarket.pl\/index.php\/produkt\/dziurkacz-rewolwerowy-kaletniczy-skory-paska-gumy\/#breadcrumb\"},\"inLanguage\":\"pl-PL\",\"potentialAction\":[{\"@type\":\"ReadAction\",\"target\":[\"https:\/\/bobimarket.pl\/index.php\/produkt\/dziurkacz-rewolwerowy-kaletniczy-skory-paska-gumy\/\"]}]},{\"@type\":\"BreadcrumbList\",\"@id\":\"https:\/\/bobimarket.pl\/index.php\/produkt\/dziurkacz-rewolwerowy-kaletniczy-skory-paska-gumy\/#breadcrumb\",\"itemListElement\":[{\"@type\":\"ListItem\",\"position\":1,\"name\":\"Strona g\u0142\u00f3wna\",\"item\":\"https:\/\/bobimarket.pl\/\"},{\"@type\":\"ListItem\",\"position\":2,\"name\":\"Sklep\",\"item\":\"https:\/\/bobimarket.pl\/index.php\/shop\/\"},{\"@type\":\"ListItem\",\"position\":3,\"name\":\"DZIURKACZ REWOLWEROWY KALETNICZY SK\u00d3RY PASKA GUMY\"}]},{\"@type\":\"WebSite\",\"@id\":\"https:\/\/bobimarket.pl\/#website\",\"url\":\"https:\/\/bobimarket.pl\/\",\"name\":\"BOBIMARKET.pl - Remontuj i urz\u0105dzaj z nami\",\"description\":\"Remontuj i urz\u0105dzaj z nami\",\"publisher\":{\"@id\":\"https:\/\/bobimarket.pl\/#organization\"},\"potentialAction\":[{\"@type\":\"SearchAction\",\"target\":{\"@type\":\"EntryPoint\",\"urlTemplate\":\"https:\/\/bobimarket.pl\/?s={search_term_string}\"},\"query-input\":\"required name=search_term_string\"}],\"inLanguage\":\"pl-PL\"},{\"@type\":\"Organization\",\"@id\":\"https:\/\/bobimarket.pl\/#organization\",\"name\":\"BOBIMARKET.pl\",\"url\":\"https:\/\/bobimarket.pl\/\",\"logo\":{\"@type\":\"ImageObject\",\"inLanguage\":\"pl-PL\",\"@id\":\"https:\/\/bobimarket.pl\/#\/schema\/logo\/image\/\",\"url\":\"https:\/\/bobimarket.pl\/wp-content\/uploads\/2021\/11\/slogan.png\",\"contentUrl\":\"https:\/\/bobimarket.pl\/wp-content\/uploads\/2021\/11\/slogan.png\",\"width\":2000,\"height\":384,\"caption\":\"BOBIMARKET.pl\"},\"image\":{\"@id\":\"https:\/\/bobimarket.pl\/#\/schema\/logo\/image\/\"}}]}<\/script>\n<!-- \/ Yoast SEO plugin. -->","yoast_head_json":{"title":"DZIURKACZ REWOLWEROWY KALETNICZY SK\u00d3RY PASKA GUMY - BOBIMARKET.pl - Remontuj i urz\u0105dzaj z nami","robots":{"index":"index","follow":"follow","max-snippet":"max-snippet:-1","max-image-preview":"max-image-preview:large","max-video-preview":"max-video-preview:-1"},"canonical":"https:\/\/bobimarket.pl\/index.php\/produkt\/dziurkacz-rewolwerowy-kaletniczy-skory-paska-gumy\/","og_locale":"pl_PL","og_type":"article","og_title":"DZIURKACZ REWOLWEROWY KALETNICZY SK\u00d3RY PASKA GUMY - BOBIMARKET.pl - Remontuj i urz\u0105dzaj z nami","og_description":"DZIURKACZ REWOLWEROWY KALETNICZY SK\u00d3RY PASKA GUMY Dane techniczne: D\u0142ugo\u015b\u0107: 250 mm Zakres otwor\u00f3w: 2,8 &#8211; 5,1 mm Elemety tn\u0105ce: stal hartowana Praktyczne narz\u0119dzie, kt\u00f3re u\u0142atwia wykonywanie otwor\u00f3w w r\u00f3\u017cnego rodzaju materia\u0142ach. Dziurkacz umo\u017cliwia wykonanie otwor\u00f3w o \u015brednicy od 2,8 &#8211; 5,1 mm. Elementy tn\u0105ce wykonane ze stali hartowanej. Ergonomiczna r\u0119koje\u015b\u0107 zapewnia komfort pracy. Dodatkowo r\u0105czki     Czytaj wi\u0119cej \"DZIURKACZ REWOLWEROWY KALETNICZY SK\u00d3RY PASKA GUMY\"","og_url":"https:\/\/bobimarket.pl\/index.php\/produkt\/dziurkacz-rewolwerowy-kaletniczy-skory-paska-gumy\/","og_site_name":"BOBIMARKET.pl - Remontuj i urz\u0105dzaj z nami","article_modified_time":"2025-02-27T13:38:05+00:00","og_image":[{"url":"https:\/\/upload.cdn.baselinker.com\/products\/14476\/78301c5cb7101a3d0138ad7b4ba228e1.jpg"}],"twitter_card":"summary_large_image","twitter_misc":{"Szacowany czas czytania":"1 minuta"},"schema":{"@context":"https:\/\/schema.org","@graph":[{"@type":"WebPage","@id":"https:\/\/bobimarket.pl\/index.php\/produkt\/dziurkacz-rewolwerowy-kaletniczy-skory-paska-gumy\/","url":"https:\/\/bobimarket.pl\/index.php\/produkt\/dziurkacz-rewolwerowy-kaletniczy-skory-paska-gumy\/","name":"DZIURKACZ REWOLWEROWY KALETNICZY SK\u00d3RY PASKA GUMY - BOBIMARKET.pl - Remontuj i urz\u0105dzaj z nami","isPartOf":{"@id":"https:\/\/bobimarket.pl\/#website"},"datePublished":"2023-08-29T16:22:45+00:00","dateModified":"2025-02-27T13:38:05+00:00","breadcrumb":{"@id":"https:\/\/bobimarket.pl\/index.php\/produkt\/dziurkacz-rewolwerowy-kaletniczy-skory-paska-gumy\/#breadcrumb"},"inLanguage":"pl-PL","potentialAction":[{"@type":"ReadAction","target":["https:\/\/bobimarket.pl\/index.php\/produkt\/dziurkacz-rewolwerowy-kaletniczy-skory-paska-gumy\/"]}]},{"@type":"BreadcrumbList","@id":"https:\/\/bobimarket.pl\/index.php\/produkt\/dziurkacz-rewolwerowy-kaletniczy-skory-paska-gumy\/#breadcrumb","itemListElement":[{"@type":"ListItem","position":1,"name":"Strona g\u0142\u00f3wna","item":"https:\/\/bobimarket.pl\/"},{"@type":"ListItem","position":2,"name":"Sklep","item":"https:\/\/bobimarket.pl\/index.php\/shop\/"},{"@type":"ListItem","position":3,"name":"DZIURKACZ REWOLWEROWY KALETNICZY SK\u00d3RY PASKA GUMY"}]},{"@type":"WebSite","@id":"https:\/\/bobimarket.pl\/#website","url":"https:\/\/bobimarket.pl\/","name":"BOBIMARKET.pl - Remontuj i urz\u0105dzaj z nami","description":"Remontuj i urz\u0105dzaj z nami","publisher":{"@id":"https:\/\/bobimarket.pl\/#organization"},"potentialAction":[{"@type":"SearchAction","target":{"@type":"EntryPoint","urlTemplate":"https:\/\/bobimarket.pl\/?s={search_term_string}"},"query-input":"required name=search_term_string"}],"inLanguage":"pl-PL"},{"@type":"Organization","@id":"https:\/\/bobimarket.pl\/#organization","name":"BOBIMARKET.pl","url":"https:\/\/bobimarket.pl\/","logo":{"@type":"ImageObject","inLanguage":"pl-PL","@id":"https:\/\/bobimarket.pl\/#\/schema\/logo\/image\/","url":"https:\/\/bobimarket.pl\/wp-content\/uploads\/2021\/11\/slogan.png","contentUrl":"https:\/\/bobimarket.pl\/wp-content\/uploads\/2021\/11\/slogan.png","width":2000,"height":384,"caption":"BOBIMARKET.pl"},"image":{"@id":"https:\/\/bobimarket.pl\/#\/schema\/logo\/image\/"}}]}},"_links":{"self":[{"href":"https:\/\/bobimarket.pl\/index.php\/wp-json\/wp\/v2\/product\/81208"}],"collection":[{"href":"https:\/\/bobimarket.pl\/index.php\/wp-json\/wp\/v2\/product"}],"about":[{"href":"https:\/\/bobimarket.pl\/index.php\/wp-json\/wp\/v2\/types\/product"}],"wp:featuredmedia":[{"embeddable":true,"href":"https:\/\/bobimarket.pl\/index.php\/wp-json\/wp\/v2\/media\/81203"}],"wp:attachment":[{"href":"https:\/\/bobimarket.pl\/index.php\/wp-json\/wp\/v2\/media?parent=81208"}],"wp:term":[{"taxonomy":"product_cat","embeddable":true,"href":"https:\/\/bobimarket.pl\/index.php\/wp-json\/wp\/v2\/product_cat?post=81208"},{"taxonomy":"product_tag","embeddable":true,"href":"https:\/\/bobimarket.pl\/index.php\/wp-json\/wp\/v2\/product_tag?post=81208"}],"curies":[{"name":"wp","href":"https:\/\/api.w.org\/{rel}","templated":true}]}}