{"id":81215,"date":"2023-08-29T16:23:37","date_gmt":"2023-08-29T16:23:37","guid":{"rendered":"https:\/\/bobimarket.pl\/index.php\/produkt\/noz-monterski-do-kabli-przewodow-dla-elektryka\/"},"modified":"2026-02-24T18:25:29","modified_gmt":"2026-02-24T18:25:29","slug":"noz-monterski-do-kabli-przewodow-dla-elektryka","status":"publish","type":"product","link":"https:\/\/bobimarket.pl\/index.php\/produkt\/noz-monterski-do-kabli-przewodow-dla-elektryka\/","title":{"rendered":"N\u00d3\u017b MONTERSKI DO KABLI PRZEWOD\u00d3W DLA ELEKTRYKA"},"content":{"rendered":"<section class=\"section\">\n<div class=\"item item-6\">\n<section class=\"image-item\">\n                <img decoding=\"async\" src=\"https:\/\/upload.cdn.baselinker.com\/products\/14476\/fb10314ebfec65888bd0c596f3b32292.jpg\" \/><br \/>\n            <\/section>\n<\/p><\/div>\n<div class=\"item item-6\">\n<section class=\"text-item\">\n<h2>N\u00d3\u017b MONTERSKI DO KABLI PRZEWOD\u00d3W DLA ELEKTRYKA<\/h2>\n<p><b>Dane techniczne:<\/b><\/p>\n<ul>\n<li>D\u0142ugo\u015b\u0107 ca\u0142kowita: <b>24 cm<\/b><\/li>\n<li>Materia\u0142:<b> stal ,tworzywo ABS, TPR<\/b><\/li>\n<li>Zastosowanie:<b> uniwersalne<\/b><\/li>\n<\/ul>\n<\/section><\/div>\n<\/section>\n<section class=\"section\">\n<div class=\"item item-6\">\n<section class=\"image-item\">\n                <img decoding=\"async\" src=\"https:\/\/upload.cdn.baselinker.com\/products\/14476\/2a537c92fcdd91f20f69326539c19546.jpg\" \/><br \/>\n            <\/section>\n<\/p><\/div>\n<div class=\"item item-6\">\n<section class=\"text-item\">\n<p><b>Praktyczny n\u00f3\u017c monterski dla elektryka!<\/b><\/p>\n<p>Solidny sk\u0142adany n\u00f3\u017c o d\u0142ugo\u015bci 24 cm cm. Wykonany z wytrzyma\u0142ych materia\u0142\u00f3w, co b\u0119dzie owocowa\u0142o d\u0142ugim okresem u\u017cytkowania.<\/p>\n<p>Posiada wygodn\u0105 i wyprofilowan\u0105 r\u0105czk\u0119. Dodatkowo wyposa\u017cony w os\u0142on\u0119 ostrza, kt\u00f3ra podnosi poziom bezpiecze\u0144stwa urz\u0105dzenia podczas u\u017cytkowania.<\/p>\n<ul>\n<li>Ostre kraw\u0119dzie tn\u0105ce<\/li>\n<li>Mo\u017cliwo\u015b\u0107 zawieszenia na pasku<\/li>\n<li>Os\u0142ona z blokad\u0105 bezpiecze\u0144stwa<\/li>\n<\/ul>\n<\/section><\/div>\n<\/section>\n<section class=\"section\">\n<div class=\"item item-6\">\n<section class=\"image-item\">\n                <img decoding=\"async\" src=\"https:\/\/upload.cdn.baselinker.com\/products\/14476\/d8ca4c9996c0b27f24a9d8a003ea30c0.jpg\" \/><br \/>\n            <\/section>\n<\/p><\/div>\n<div class=\"item item-6\">\n<section class=\"text-item\">\n<p><b>\u2705<\/b><b> Zastosowanie:<\/b><\/p>\n<p>No\u017cyk ma wszechstronne zastosowanie i jest bardzo praktycznym narz\u0119dziem. Ma niewielki rozmiar i gwarantuje precyzj\u0119 ci\u0119cia.<\/p>\n<ul>\n<li>Przyda si\u0119 podczas prac monterskich, elektrycznych, budowlanych, hydraulicznych.<\/li>\n<li>Posiada funkcj\u0119 rozdzielania kabli.<\/li>\n<li>S\u0142u\u017cy do szybkiego zdejmowania izolacji\u00a0 kabli PCV<\/li>\n<\/ul>\n<\/section><\/div>\n<\/section>\n<section class=\"section\">\n<div class=\"item item-6\">\n<section class=\"image-item\">\n                <img decoding=\"async\" src=\"https:\/\/upload.cdn.baselinker.com\/products\/14476\/0b888c4198d127b4540958767c9aeb6a.jpg\" \/><br \/>\n            <\/section>\n<\/p><\/div>\n<div class=\"item item-6\">\n<section class=\"image-item\">\n                <img decoding=\"async\" src=\"https:\/\/upload.cdn.baselinker.com\/products\/14476\/a311f839bc0cb8321713278af7b66364.jpg\" \/><br \/>\n            <\/section>\n<\/p><\/div>\n<\/section>\n","protected":false},"excerpt":{"rendered":"<p>N\u00d3\u017b MONTERSKI DO KABLI PRZEWOD\u00d3W DLA ELEKTRYKA Dane techniczne: D\u0142ugo\u015b\u0107 ca\u0142kowita: 24 cm Materia\u0142: stal ,tworzywo ABS, TPR Zastosowanie: uniwersalne Praktyczny n\u00f3\u017c monterski dla elektryka! Solidny sk\u0142adany n\u00f3\u017c o d\u0142ugo\u015bci 24 cm cm. Wykonany z wytrzyma\u0142ych materia\u0142\u00f3w, co b\u0119dzie owocowa\u0142o d\u0142ugim okresem u\u017cytkowania. Posiada wygodn\u0105 i wyprofilowan\u0105 r\u0105czk\u0119. Dodatkowo wyposa\u017cony w os\u0142on\u0119 ostrza, kt\u00f3ra podnosi<br \/><a class=\"more-link\" href=\"https:\/\/bobimarket.pl\/index.php\/produkt\/noz-monterski-do-kabli-przewodow-dla-elektryka\/\"><br \/>\n        Czytaj wi\u0119cej<span class=\"screen-reader-text\"> &#8222;N\u00d3\u017b MONTERSKI DO KABLI PRZEWOD\u00d3W DLA ELEKTRYKA&#8221;<\/span><\/a><\/p>\n","protected":false},"featured_media":81209,"template":"","meta":[],"product_cat":[8172],"product_tag":[],"yoast_head":"<!-- This site is optimized with the Yoast SEO plugin v21.0 - https:\/\/yoast.com\/wordpress\/plugins\/seo\/ -->\n<title>N\u00d3\u017b MONTERSKI DO KABLI PRZEWOD\u00d3W DLA ELEKTRYKA - BOBIMARKET.pl - Remontuj i urz\u0105dzaj z nami<\/title>\n<meta name=\"robots\" content=\"index, follow, max-snippet:-1, max-image-preview:large, max-video-preview:-1\" \/>\n<link rel=\"canonical\" href=\"https:\/\/bobimarket.pl\/index.php\/produkt\/noz-monterski-do-kabli-przewodow-dla-elektryka\/\" \/>\n<meta property=\"og:locale\" content=\"pl_PL\" \/>\n<meta property=\"og:type\" content=\"article\" \/>\n<meta property=\"og:title\" content=\"N\u00d3\u017b MONTERSKI DO KABLI PRZEWOD\u00d3W DLA ELEKTRYKA - BOBIMARKET.pl - Remontuj i urz\u0105dzaj z nami\" \/>\n<meta property=\"og:description\" content=\"N\u00d3\u017b MONTERSKI DO KABLI PRZEWOD\u00d3W DLA ELEKTRYKA Dane techniczne: D\u0142ugo\u015b\u0107 ca\u0142kowita: 24 cm Materia\u0142: stal ,tworzywo ABS, TPR Zastosowanie: uniwersalne Praktyczny n\u00f3\u017c monterski dla elektryka! Solidny sk\u0142adany n\u00f3\u017c o d\u0142ugo\u015bci 24 cm cm. Wykonany z wytrzyma\u0142ych materia\u0142\u00f3w, co b\u0119dzie owocowa\u0142o d\u0142ugim okresem u\u017cytkowania. Posiada wygodn\u0105 i wyprofilowan\u0105 r\u0105czk\u0119. Dodatkowo wyposa\u017cony w os\u0142on\u0119 ostrza, kt\u00f3ra podnosi     Czytaj wi\u0119cej &quot;N\u00d3\u017b MONTERSKI DO KABLI PRZEWOD\u00d3W DLA ELEKTRYKA&quot;\" \/>\n<meta property=\"og:url\" content=\"https:\/\/bobimarket.pl\/index.php\/produkt\/noz-monterski-do-kabli-przewodow-dla-elektryka\/\" \/>\n<meta property=\"og:site_name\" content=\"BOBIMARKET.pl - Remontuj i urz\u0105dzaj z nami\" \/>\n<meta property=\"article:modified_time\" content=\"2026-02-24T18:25:29+00:00\" \/>\n<meta property=\"og:image\" content=\"https:\/\/upload.cdn.baselinker.com\/products\/14476\/fb10314ebfec65888bd0c596f3b32292.jpg\" \/>\n<meta name=\"twitter:card\" content=\"summary_large_image\" \/>\n<meta name=\"twitter:label1\" content=\"Szacowany czas czytania\" \/>\n\t<meta name=\"twitter:data1\" content=\"1 minuta\" \/>\n<script type=\"application\/ld+json\" class=\"yoast-schema-graph\">{\"@context\":\"https:\/\/schema.org\",\"@graph\":[{\"@type\":\"WebPage\",\"@id\":\"https:\/\/bobimarket.pl\/index.php\/produkt\/noz-monterski-do-kabli-przewodow-dla-elektryka\/\",\"url\":\"https:\/\/bobimarket.pl\/index.php\/produkt\/noz-monterski-do-kabli-przewodow-dla-elektryka\/\",\"name\":\"N\u00d3\u017b MONTERSKI DO KABLI PRZEWOD\u00d3W DLA ELEKTRYKA - BOBIMARKET.pl - Remontuj i urz\u0105dzaj z nami\",\"isPartOf\":{\"@id\":\"https:\/\/bobimarket.pl\/#website\"},\"datePublished\":\"2023-08-29T16:23:37+00:00\",\"dateModified\":\"2026-02-24T18:25:29+00:00\",\"breadcrumb\":{\"@id\":\"https:\/\/bobimarket.pl\/index.php\/produkt\/noz-monterski-do-kabli-przewodow-dla-elektryka\/#breadcrumb\"},\"inLanguage\":\"pl-PL\",\"potentialAction\":[{\"@type\":\"ReadAction\",\"target\":[\"https:\/\/bobimarket.pl\/index.php\/produkt\/noz-monterski-do-kabli-przewodow-dla-elektryka\/\"]}]},{\"@type\":\"BreadcrumbList\",\"@id\":\"https:\/\/bobimarket.pl\/index.php\/produkt\/noz-monterski-do-kabli-przewodow-dla-elektryka\/#breadcrumb\",\"itemListElement\":[{\"@type\":\"ListItem\",\"position\":1,\"name\":\"Strona g\u0142\u00f3wna\",\"item\":\"https:\/\/bobimarket.pl\/\"},{\"@type\":\"ListItem\",\"position\":2,\"name\":\"Sklep\",\"item\":\"https:\/\/bobimarket.pl\/index.php\/shop\/\"},{\"@type\":\"ListItem\",\"position\":3,\"name\":\"N\u00d3\u017b MONTERSKI DO KABLI PRZEWOD\u00d3W DLA ELEKTRYKA\"}]},{\"@type\":\"WebSite\",\"@id\":\"https:\/\/bobimarket.pl\/#website\",\"url\":\"https:\/\/bobimarket.pl\/\",\"name\":\"BOBIMARKET.pl - Remontuj i urz\u0105dzaj z nami\",\"description\":\"Remontuj i urz\u0105dzaj z nami\",\"publisher\":{\"@id\":\"https:\/\/bobimarket.pl\/#organization\"},\"potentialAction\":[{\"@type\":\"SearchAction\",\"target\":{\"@type\":\"EntryPoint\",\"urlTemplate\":\"https:\/\/bobimarket.pl\/?s={search_term_string}\"},\"query-input\":\"required name=search_term_string\"}],\"inLanguage\":\"pl-PL\"},{\"@type\":\"Organization\",\"@id\":\"https:\/\/bobimarket.pl\/#organization\",\"name\":\"BOBIMARKET.pl\",\"url\":\"https:\/\/bobimarket.pl\/\",\"logo\":{\"@type\":\"ImageObject\",\"inLanguage\":\"pl-PL\",\"@id\":\"https:\/\/bobimarket.pl\/#\/schema\/logo\/image\/\",\"url\":\"https:\/\/bobimarket.pl\/wp-content\/uploads\/2021\/11\/slogan.png\",\"contentUrl\":\"https:\/\/bobimarket.pl\/wp-content\/uploads\/2021\/11\/slogan.png\",\"width\":2000,\"height\":384,\"caption\":\"BOBIMARKET.pl\"},\"image\":{\"@id\":\"https:\/\/bobimarket.pl\/#\/schema\/logo\/image\/\"}}]}<\/script>\n<!-- \/ Yoast SEO plugin. -->","yoast_head_json":{"title":"N\u00d3\u017b MONTERSKI DO KABLI PRZEWOD\u00d3W DLA ELEKTRYKA - BOBIMARKET.pl - Remontuj i urz\u0105dzaj z nami","robots":{"index":"index","follow":"follow","max-snippet":"max-snippet:-1","max-image-preview":"max-image-preview:large","max-video-preview":"max-video-preview:-1"},"canonical":"https:\/\/bobimarket.pl\/index.php\/produkt\/noz-monterski-do-kabli-przewodow-dla-elektryka\/","og_locale":"pl_PL","og_type":"article","og_title":"N\u00d3\u017b MONTERSKI DO KABLI PRZEWOD\u00d3W DLA ELEKTRYKA - BOBIMARKET.pl - Remontuj i urz\u0105dzaj z nami","og_description":"N\u00d3\u017b MONTERSKI DO KABLI PRZEWOD\u00d3W DLA ELEKTRYKA Dane techniczne: D\u0142ugo\u015b\u0107 ca\u0142kowita: 24 cm Materia\u0142: stal ,tworzywo ABS, TPR Zastosowanie: uniwersalne Praktyczny n\u00f3\u017c monterski dla elektryka! Solidny sk\u0142adany n\u00f3\u017c o d\u0142ugo\u015bci 24 cm cm. Wykonany z wytrzyma\u0142ych materia\u0142\u00f3w, co b\u0119dzie owocowa\u0142o d\u0142ugim okresem u\u017cytkowania. Posiada wygodn\u0105 i wyprofilowan\u0105 r\u0105czk\u0119. Dodatkowo wyposa\u017cony w os\u0142on\u0119 ostrza, kt\u00f3ra podnosi     Czytaj wi\u0119cej \"N\u00d3\u017b MONTERSKI DO KABLI PRZEWOD\u00d3W DLA ELEKTRYKA\"","og_url":"https:\/\/bobimarket.pl\/index.php\/produkt\/noz-monterski-do-kabli-przewodow-dla-elektryka\/","og_site_name":"BOBIMARKET.pl - Remontuj i urz\u0105dzaj z nami","article_modified_time":"2026-02-24T18:25:29+00:00","og_image":[{"url":"https:\/\/upload.cdn.baselinker.com\/products\/14476\/fb10314ebfec65888bd0c596f3b32292.jpg"}],"twitter_card":"summary_large_image","twitter_misc":{"Szacowany czas czytania":"1 minuta"},"schema":{"@context":"https:\/\/schema.org","@graph":[{"@type":"WebPage","@id":"https:\/\/bobimarket.pl\/index.php\/produkt\/noz-monterski-do-kabli-przewodow-dla-elektryka\/","url":"https:\/\/bobimarket.pl\/index.php\/produkt\/noz-monterski-do-kabli-przewodow-dla-elektryka\/","name":"N\u00d3\u017b MONTERSKI DO KABLI PRZEWOD\u00d3W DLA ELEKTRYKA - BOBIMARKET.pl - Remontuj i urz\u0105dzaj z nami","isPartOf":{"@id":"https:\/\/bobimarket.pl\/#website"},"datePublished":"2023-08-29T16:23:37+00:00","dateModified":"2026-02-24T18:25:29+00:00","breadcrumb":{"@id":"https:\/\/bobimarket.pl\/index.php\/produkt\/noz-monterski-do-kabli-przewodow-dla-elektryka\/#breadcrumb"},"inLanguage":"pl-PL","potentialAction":[{"@type":"ReadAction","target":["https:\/\/bobimarket.pl\/index.php\/produkt\/noz-monterski-do-kabli-przewodow-dla-elektryka\/"]}]},{"@type":"BreadcrumbList","@id":"https:\/\/bobimarket.pl\/index.php\/produkt\/noz-monterski-do-kabli-przewodow-dla-elektryka\/#breadcrumb","itemListElement":[{"@type":"ListItem","position":1,"name":"Strona g\u0142\u00f3wna","item":"https:\/\/bobimarket.pl\/"},{"@type":"ListItem","position":2,"name":"Sklep","item":"https:\/\/bobimarket.pl\/index.php\/shop\/"},{"@type":"ListItem","position":3,"name":"N\u00d3\u017b MONTERSKI DO KABLI PRZEWOD\u00d3W DLA ELEKTRYKA"}]},{"@type":"WebSite","@id":"https:\/\/bobimarket.pl\/#website","url":"https:\/\/bobimarket.pl\/","name":"BOBIMARKET.pl - Remontuj i urz\u0105dzaj z nami","description":"Remontuj i urz\u0105dzaj z nami","publisher":{"@id":"https:\/\/bobimarket.pl\/#organization"},"potentialAction":[{"@type":"SearchAction","target":{"@type":"EntryPoint","urlTemplate":"https:\/\/bobimarket.pl\/?s={search_term_string}"},"query-input":"required name=search_term_string"}],"inLanguage":"pl-PL"},{"@type":"Organization","@id":"https:\/\/bobimarket.pl\/#organization","name":"BOBIMARKET.pl","url":"https:\/\/bobimarket.pl\/","logo":{"@type":"ImageObject","inLanguage":"pl-PL","@id":"https:\/\/bobimarket.pl\/#\/schema\/logo\/image\/","url":"https:\/\/bobimarket.pl\/wp-content\/uploads\/2021\/11\/slogan.png","contentUrl":"https:\/\/bobimarket.pl\/wp-content\/uploads\/2021\/11\/slogan.png","width":2000,"height":384,"caption":"BOBIMARKET.pl"},"image":{"@id":"https:\/\/bobimarket.pl\/#\/schema\/logo\/image\/"}}]}},"_links":{"self":[{"href":"https:\/\/bobimarket.pl\/index.php\/wp-json\/wp\/v2\/product\/81215"}],"collection":[{"href":"https:\/\/bobimarket.pl\/index.php\/wp-json\/wp\/v2\/product"}],"about":[{"href":"https:\/\/bobimarket.pl\/index.php\/wp-json\/wp\/v2\/types\/product"}],"wp:featuredmedia":[{"embeddable":true,"href":"https:\/\/bobimarket.pl\/index.php\/wp-json\/wp\/v2\/media\/81209"}],"wp:attachment":[{"href":"https:\/\/bobimarket.pl\/index.php\/wp-json\/wp\/v2\/media?parent=81215"}],"wp:term":[{"taxonomy":"product_cat","embeddable":true,"href":"https:\/\/bobimarket.pl\/index.php\/wp-json\/wp\/v2\/product_cat?post=81215"},{"taxonomy":"product_tag","embeddable":true,"href":"https:\/\/bobimarket.pl\/index.php\/wp-json\/wp\/v2\/product_tag?post=81215"}],"curies":[{"name":"wp","href":"https:\/\/api.w.org\/{rel}","templated":true}]}}