{"id":81255,"date":"2023-08-29T16:25:03","date_gmt":"2023-08-29T16:25:03","guid":{"rendered":"https:\/\/bobimarket.pl\/index.php\/produkt\/wiertlo-do-metalu-tytanowe-hss-tin-62mm-tytan\/"},"modified":"2025-02-27T13:38:40","modified_gmt":"2025-02-27T13:38:40","slug":"wiertlo-do-metalu-tytanowe-hss-tin-62mm-tytan","status":"publish","type":"product","link":"https:\/\/bobimarket.pl\/index.php\/produkt\/wiertlo-do-metalu-tytanowe-hss-tin-62mm-tytan\/","title":{"rendered":"WIERT\u0141O DO METALU TYTANOWE HSS-TIN 6,2mm TYTAN"},"content":{"rendered":"<section class=\"section\">\n<div class=\"item item-6\">\n<section class=\"image-item\">\n                <img decoding=\"async\" src=\"https:\/\/upload.cdn.baselinker.com\/products\/14476\/a1326c1a2eb3712c5faac20ca4e785bd.jpg\" \/><br \/>\n            <\/section>\n<\/p><\/div>\n<div class=\"item item-6\">\n<section class=\"text-item\">\n<h2>WIERT\u0141O DO METALU TYTANOWE HSS-TIN 6,2mm TYTAN<\/h2>\n<p>Dane techniczne:\u00a0\u00a0<\/p>\n<ul>\n<li>\u015arednica wiert\u0142a: <b>6,2<\/b><b>mm<\/b><\/li>\n<li>D\u0142ugo\u015b\u0107: <b>101 <\/b><b>mm<\/b><\/li>\n<li>Materia\u0142:\u00a0<b>stal szybkotn\u0105ca<\/b><\/li>\n<li>Typ mocowania: <b>uchwyt cylindryczny\u00a0<\/b><\/li>\n<li>K\u0105t wierzcho\u0142ka: <b>118\u00b0<\/b><\/li>\n<li>Zgodne z norm\u0105 DIN-338<\/li>\n<\/ul>\n<\/section><\/div>\n<\/section>\n<section class=\"section\">\n<div class=\"item item-6\">\n<section class=\"image-item\">\n                <img decoding=\"async\" src=\"https:\/\/upload.cdn.baselinker.com\/products\/14476\/3607e7e8555604bc976106a027e8eadc.jpg\" \/><br \/>\n            <\/section>\n<\/p><\/div>\n<div class=\"item item-6\">\n<section class=\"text-item\">\n<p>Wiert\u0142o do metalu spiralne prawoskr\u0119tne o spirali typu N. Wykonane\u00a0ze <b>stali szybkotn\u0105cej<\/b>\u00a0 o twardo\u015bci 64\u00b0HRc.\u00a0 K\u0105t wierzcho\u0142ka wynosi 118\u00b0. Wyposa\u017cone w <b>uchwyt cylindryczny<\/b> odpowiadaj\u0105cy \u015brednicy wiert\u0142a. Szlif prosty bez korekty \u015bcinu, nadaj\u0105cy si\u0119 do ostrzenia r\u0119cznego.\u00a0<\/p>\n<ul>\n<li>Powierzchnia wiert\u0142a jest pokryta <b>warstw\u0105 azotku tytanu<\/b>, co wp\u0142ywa na zmniejszenie niebezpiecze\u0144stwo przywierania wi\u00f3r\u00f3w do wiert\u0142a oraz zwi\u0119ksza wydajno\u015b\u0107 wiercenia.<\/li>\n<\/ul>\n<\/section><\/div>\n<\/section>\n<section class=\"section\">\n<div class=\"item item-6\">\n<section class=\"image-item\">\n                <img decoding=\"async\" src=\"https:\/\/upload.cdn.baselinker.com\/products\/14476\/8e9ddfe83f18a2ff1454ffebf56ca1ab.jpg\" \/><br \/>\n            <\/section>\n<\/p><\/div>\n<div class=\"item item-6\">\n<section class=\"text-item\">\n<p><b>\u2705\u00a0Zastosowanie:\u00a0<\/b><\/p>\n<p>Wiert\u0142o przeznaczone do obr\u00f3bki stali stopowych i w\u0119glowych o zwi\u0119kszonej twardo\u015bci tj.\u00a0<\/p>\n<ul>\n<li>\u017celiwo ci\u0105gliwe,<\/li>\n<li>spieki \u017celaza,<\/li>\n<li>metale nie\u017celazne<\/li>\n<li>utwardzone tworzywa sztuczne.\u00a0\u00a0<\/li>\n<\/ul>\n<p><b>UWAGA!\u00a0<\/b><\/p>\n<p>W celu poprawy jako\u015bci wykonywanego otworu zaleca si\u0119 stosowa\u0107 razem z ch\u0142odziwem.<\/p>\n<\/section><\/div>\n<\/section>\n<section class=\"section\">\n<div class=\"item item-12\">\n<section class=\"image-item\">\n                <img decoding=\"async\" src=\"https:\/\/upload.cdn.baselinker.com\/products\/14476\/a1326c1a2eb3712c5faac20ca4e785bd.jpg\" \/><br \/>\n            <\/section>\n<\/p><\/div>\n<\/section>\n","protected":false},"excerpt":{"rendered":"<p>WIERT\u0141O DO METALU TYTANOWE HSS-TIN 6,2mm TYTAN Dane techniczne:\u00a0\u00a0 \u015arednica wiert\u0142a: 6,2mm D\u0142ugo\u015b\u0107: 101 mm Materia\u0142:\u00a0stal szybkotn\u0105ca Typ mocowania: uchwyt cylindryczny\u00a0 K\u0105t wierzcho\u0142ka: 118\u00b0 Zgodne z norm\u0105 DIN-338 Wiert\u0142o do metalu spiralne prawoskr\u0119tne o spirali typu N. Wykonane\u00a0ze stali szybkotn\u0105cej\u00a0 o twardo\u015bci 64\u00b0HRc.\u00a0 K\u0105t wierzcho\u0142ka wynosi 118\u00b0. Wyposa\u017cone w uchwyt cylindryczny odpowiadaj\u0105cy \u015brednicy wiert\u0142a. Szlif<br \/><a class=\"more-link\" href=\"https:\/\/bobimarket.pl\/index.php\/produkt\/wiertlo-do-metalu-tytanowe-hss-tin-62mm-tytan\/\"><br \/>\n        Czytaj wi\u0119cej<span class=\"screen-reader-text\"> &#8222;WIERT\u0141O DO METALU TYTANOWE HSS-TIN 6,2mm TYTAN&#8221;<\/span><\/a><\/p>\n","protected":false},"featured_media":81251,"template":"","meta":[],"product_cat":[8108],"product_tag":[],"yoast_head":"<!-- This site is optimized with the Yoast SEO plugin v21.0 - https:\/\/yoast.com\/wordpress\/plugins\/seo\/ -->\n<title>WIERT\u0141O DO METALU TYTANOWE HSS-TIN 6,2mm TYTAN - BOBIMARKET.pl - Remontuj i urz\u0105dzaj z nami<\/title>\n<meta name=\"robots\" content=\"index, follow, max-snippet:-1, max-image-preview:large, max-video-preview:-1\" \/>\n<link rel=\"canonical\" href=\"https:\/\/bobimarket.pl\/index.php\/produkt\/wiertlo-do-metalu-tytanowe-hss-tin-62mm-tytan\/\" \/>\n<meta property=\"og:locale\" content=\"pl_PL\" \/>\n<meta property=\"og:type\" content=\"article\" \/>\n<meta property=\"og:title\" content=\"WIERT\u0141O DO METALU TYTANOWE HSS-TIN 6,2mm TYTAN - BOBIMARKET.pl - Remontuj i urz\u0105dzaj z nami\" \/>\n<meta property=\"og:description\" content=\"WIERT\u0141O DO METALU TYTANOWE HSS-TIN 6,2mm TYTAN Dane techniczne:\u00a0\u00a0 \u015arednica wiert\u0142a: 6,2mm D\u0142ugo\u015b\u0107: 101 mm Materia\u0142:\u00a0stal szybkotn\u0105ca Typ mocowania: uchwyt cylindryczny\u00a0 K\u0105t wierzcho\u0142ka: 118\u00b0 Zgodne z norm\u0105 DIN-338 Wiert\u0142o do metalu spiralne prawoskr\u0119tne o spirali typu N. Wykonane\u00a0ze stali szybkotn\u0105cej\u00a0 o twardo\u015bci 64\u00b0HRc.\u00a0 K\u0105t wierzcho\u0142ka wynosi 118\u00b0. Wyposa\u017cone w uchwyt cylindryczny odpowiadaj\u0105cy \u015brednicy wiert\u0142a. Szlif     Czytaj wi\u0119cej &quot;WIERT\u0141O DO METALU TYTANOWE HSS-TIN 6,2mm TYTAN&quot;\" \/>\n<meta property=\"og:url\" content=\"https:\/\/bobimarket.pl\/index.php\/produkt\/wiertlo-do-metalu-tytanowe-hss-tin-62mm-tytan\/\" \/>\n<meta property=\"og:site_name\" content=\"BOBIMARKET.pl - Remontuj i urz\u0105dzaj z nami\" \/>\n<meta property=\"article:modified_time\" content=\"2025-02-27T13:38:40+00:00\" \/>\n<meta property=\"og:image\" content=\"https:\/\/upload.cdn.baselinker.com\/products\/14476\/a1326c1a2eb3712c5faac20ca4e785bd.jpg\" \/>\n<meta name=\"twitter:card\" content=\"summary_large_image\" \/>\n<meta name=\"twitter:label1\" content=\"Szacowany czas czytania\" \/>\n\t<meta name=\"twitter:data1\" content=\"1 minuta\" \/>\n<script type=\"application\/ld+json\" class=\"yoast-schema-graph\">{\"@context\":\"https:\/\/schema.org\",\"@graph\":[{\"@type\":\"WebPage\",\"@id\":\"https:\/\/bobimarket.pl\/index.php\/produkt\/wiertlo-do-metalu-tytanowe-hss-tin-62mm-tytan\/\",\"url\":\"https:\/\/bobimarket.pl\/index.php\/produkt\/wiertlo-do-metalu-tytanowe-hss-tin-62mm-tytan\/\",\"name\":\"WIERT\u0141O DO METALU TYTANOWE HSS-TIN 6,2mm TYTAN - BOBIMARKET.pl - Remontuj i urz\u0105dzaj z nami\",\"isPartOf\":{\"@id\":\"https:\/\/bobimarket.pl\/#website\"},\"datePublished\":\"2023-08-29T16:25:03+00:00\",\"dateModified\":\"2025-02-27T13:38:40+00:00\",\"breadcrumb\":{\"@id\":\"https:\/\/bobimarket.pl\/index.php\/produkt\/wiertlo-do-metalu-tytanowe-hss-tin-62mm-tytan\/#breadcrumb\"},\"inLanguage\":\"pl-PL\",\"potentialAction\":[{\"@type\":\"ReadAction\",\"target\":[\"https:\/\/bobimarket.pl\/index.php\/produkt\/wiertlo-do-metalu-tytanowe-hss-tin-62mm-tytan\/\"]}]},{\"@type\":\"BreadcrumbList\",\"@id\":\"https:\/\/bobimarket.pl\/index.php\/produkt\/wiertlo-do-metalu-tytanowe-hss-tin-62mm-tytan\/#breadcrumb\",\"itemListElement\":[{\"@type\":\"ListItem\",\"position\":1,\"name\":\"Strona g\u0142\u00f3wna\",\"item\":\"https:\/\/bobimarket.pl\/\"},{\"@type\":\"ListItem\",\"position\":2,\"name\":\"Sklep\",\"item\":\"https:\/\/bobimarket.pl\/index.php\/shop\/\"},{\"@type\":\"ListItem\",\"position\":3,\"name\":\"WIERT\u0141O DO METALU TYTANOWE HSS-TIN 6,2mm TYTAN\"}]},{\"@type\":\"WebSite\",\"@id\":\"https:\/\/bobimarket.pl\/#website\",\"url\":\"https:\/\/bobimarket.pl\/\",\"name\":\"BOBIMARKET.pl - Remontuj i urz\u0105dzaj z nami\",\"description\":\"Remontuj i urz\u0105dzaj z nami\",\"publisher\":{\"@id\":\"https:\/\/bobimarket.pl\/#organization\"},\"potentialAction\":[{\"@type\":\"SearchAction\",\"target\":{\"@type\":\"EntryPoint\",\"urlTemplate\":\"https:\/\/bobimarket.pl\/?s={search_term_string}\"},\"query-input\":\"required name=search_term_string\"}],\"inLanguage\":\"pl-PL\"},{\"@type\":\"Organization\",\"@id\":\"https:\/\/bobimarket.pl\/#organization\",\"name\":\"BOBIMARKET.pl\",\"url\":\"https:\/\/bobimarket.pl\/\",\"logo\":{\"@type\":\"ImageObject\",\"inLanguage\":\"pl-PL\",\"@id\":\"https:\/\/bobimarket.pl\/#\/schema\/logo\/image\/\",\"url\":\"https:\/\/bobimarket.pl\/wp-content\/uploads\/2021\/11\/slogan.png\",\"contentUrl\":\"https:\/\/bobimarket.pl\/wp-content\/uploads\/2021\/11\/slogan.png\",\"width\":2000,\"height\":384,\"caption\":\"BOBIMARKET.pl\"},\"image\":{\"@id\":\"https:\/\/bobimarket.pl\/#\/schema\/logo\/image\/\"}}]}<\/script>\n<!-- \/ Yoast SEO plugin. -->","yoast_head_json":{"title":"WIERT\u0141O DO METALU TYTANOWE HSS-TIN 6,2mm TYTAN - BOBIMARKET.pl - Remontuj i urz\u0105dzaj z nami","robots":{"index":"index","follow":"follow","max-snippet":"max-snippet:-1","max-image-preview":"max-image-preview:large","max-video-preview":"max-video-preview:-1"},"canonical":"https:\/\/bobimarket.pl\/index.php\/produkt\/wiertlo-do-metalu-tytanowe-hss-tin-62mm-tytan\/","og_locale":"pl_PL","og_type":"article","og_title":"WIERT\u0141O DO METALU TYTANOWE HSS-TIN 6,2mm TYTAN - BOBIMARKET.pl - Remontuj i urz\u0105dzaj z nami","og_description":"WIERT\u0141O DO METALU TYTANOWE HSS-TIN 6,2mm TYTAN Dane techniczne:\u00a0\u00a0 \u015arednica wiert\u0142a: 6,2mm D\u0142ugo\u015b\u0107: 101 mm Materia\u0142:\u00a0stal szybkotn\u0105ca Typ mocowania: uchwyt cylindryczny\u00a0 K\u0105t wierzcho\u0142ka: 118\u00b0 Zgodne z norm\u0105 DIN-338 Wiert\u0142o do metalu spiralne prawoskr\u0119tne o spirali typu N. Wykonane\u00a0ze stali szybkotn\u0105cej\u00a0 o twardo\u015bci 64\u00b0HRc.\u00a0 K\u0105t wierzcho\u0142ka wynosi 118\u00b0. Wyposa\u017cone w uchwyt cylindryczny odpowiadaj\u0105cy \u015brednicy wiert\u0142a. Szlif     Czytaj wi\u0119cej \"WIERT\u0141O DO METALU TYTANOWE HSS-TIN 6,2mm TYTAN\"","og_url":"https:\/\/bobimarket.pl\/index.php\/produkt\/wiertlo-do-metalu-tytanowe-hss-tin-62mm-tytan\/","og_site_name":"BOBIMARKET.pl - Remontuj i urz\u0105dzaj z nami","article_modified_time":"2025-02-27T13:38:40+00:00","og_image":[{"url":"https:\/\/upload.cdn.baselinker.com\/products\/14476\/a1326c1a2eb3712c5faac20ca4e785bd.jpg"}],"twitter_card":"summary_large_image","twitter_misc":{"Szacowany czas czytania":"1 minuta"},"schema":{"@context":"https:\/\/schema.org","@graph":[{"@type":"WebPage","@id":"https:\/\/bobimarket.pl\/index.php\/produkt\/wiertlo-do-metalu-tytanowe-hss-tin-62mm-tytan\/","url":"https:\/\/bobimarket.pl\/index.php\/produkt\/wiertlo-do-metalu-tytanowe-hss-tin-62mm-tytan\/","name":"WIERT\u0141O DO METALU TYTANOWE HSS-TIN 6,2mm TYTAN - BOBIMARKET.pl - Remontuj i urz\u0105dzaj z nami","isPartOf":{"@id":"https:\/\/bobimarket.pl\/#website"},"datePublished":"2023-08-29T16:25:03+00:00","dateModified":"2025-02-27T13:38:40+00:00","breadcrumb":{"@id":"https:\/\/bobimarket.pl\/index.php\/produkt\/wiertlo-do-metalu-tytanowe-hss-tin-62mm-tytan\/#breadcrumb"},"inLanguage":"pl-PL","potentialAction":[{"@type":"ReadAction","target":["https:\/\/bobimarket.pl\/index.php\/produkt\/wiertlo-do-metalu-tytanowe-hss-tin-62mm-tytan\/"]}]},{"@type":"BreadcrumbList","@id":"https:\/\/bobimarket.pl\/index.php\/produkt\/wiertlo-do-metalu-tytanowe-hss-tin-62mm-tytan\/#breadcrumb","itemListElement":[{"@type":"ListItem","position":1,"name":"Strona g\u0142\u00f3wna","item":"https:\/\/bobimarket.pl\/"},{"@type":"ListItem","position":2,"name":"Sklep","item":"https:\/\/bobimarket.pl\/index.php\/shop\/"},{"@type":"ListItem","position":3,"name":"WIERT\u0141O DO METALU TYTANOWE HSS-TIN 6,2mm TYTAN"}]},{"@type":"WebSite","@id":"https:\/\/bobimarket.pl\/#website","url":"https:\/\/bobimarket.pl\/","name":"BOBIMARKET.pl - Remontuj i urz\u0105dzaj z nami","description":"Remontuj i urz\u0105dzaj z nami","publisher":{"@id":"https:\/\/bobimarket.pl\/#organization"},"potentialAction":[{"@type":"SearchAction","target":{"@type":"EntryPoint","urlTemplate":"https:\/\/bobimarket.pl\/?s={search_term_string}"},"query-input":"required name=search_term_string"}],"inLanguage":"pl-PL"},{"@type":"Organization","@id":"https:\/\/bobimarket.pl\/#organization","name":"BOBIMARKET.pl","url":"https:\/\/bobimarket.pl\/","logo":{"@type":"ImageObject","inLanguage":"pl-PL","@id":"https:\/\/bobimarket.pl\/#\/schema\/logo\/image\/","url":"https:\/\/bobimarket.pl\/wp-content\/uploads\/2021\/11\/slogan.png","contentUrl":"https:\/\/bobimarket.pl\/wp-content\/uploads\/2021\/11\/slogan.png","width":2000,"height":384,"caption":"BOBIMARKET.pl"},"image":{"@id":"https:\/\/bobimarket.pl\/#\/schema\/logo\/image\/"}}]}},"_links":{"self":[{"href":"https:\/\/bobimarket.pl\/index.php\/wp-json\/wp\/v2\/product\/81255"}],"collection":[{"href":"https:\/\/bobimarket.pl\/index.php\/wp-json\/wp\/v2\/product"}],"about":[{"href":"https:\/\/bobimarket.pl\/index.php\/wp-json\/wp\/v2\/types\/product"}],"wp:featuredmedia":[{"embeddable":true,"href":"https:\/\/bobimarket.pl\/index.php\/wp-json\/wp\/v2\/media\/81251"}],"wp:attachment":[{"href":"https:\/\/bobimarket.pl\/index.php\/wp-json\/wp\/v2\/media?parent=81255"}],"wp:term":[{"taxonomy":"product_cat","embeddable":true,"href":"https:\/\/bobimarket.pl\/index.php\/wp-json\/wp\/v2\/product_cat?post=81255"},{"taxonomy":"product_tag","embeddable":true,"href":"https:\/\/bobimarket.pl\/index.php\/wp-json\/wp\/v2\/product_tag?post=81255"}],"curies":[{"name":"wp","href":"https:\/\/api.w.org\/{rel}","templated":true}]}}