{"id":81386,"date":"2023-08-29T16:30:43","date_gmt":"2023-08-29T16:30:43","guid":{"rendered":"https:\/\/bobimarket.pl\/index.php\/produkt\/scisk-stolarski-katowy-narozny-uchwyt-75-mm\/"},"modified":"2025-02-27T13:40:29","modified_gmt":"2025-02-27T13:40:29","slug":"scisk-stolarski-katowy-narozny-uchwyt-75-mm","status":"publish","type":"product","link":"https:\/\/bobimarket.pl\/index.php\/produkt\/scisk-stolarski-katowy-narozny-uchwyt-75-mm\/","title":{"rendered":"\u015aCISK STOLARSKI K\u0104TOWY NARO\u017bNY UCHWYT 75 MM"},"content":{"rendered":"<section class=\"section\">\n<div class=\"item item-6\">\n<section class=\"image-item\">\n            <img decoding=\"async\" src=\"https:\/\/upload.cdn.baselinker.com\/products\/14476\/30c9f55687940367415390c21f57afc8.jpg\" \/><br \/>\n        <\/section>\n<\/p><\/div>\n<div class=\"item item-6\">\n<section class=\"text-item\">\n<h2>\u015aCISK STOLARSKI K\u0104TOWY NARO\u017bNY UCHWYT 75 MM<\/h2>\n<p><b>Dane techniczne:<\/b><\/p>\n<ul>\n<li>Rozmiar:<b> 75 mm<\/b><\/li>\n<li>Materia\u0142:<b> metal<\/b><\/li>\n<\/ul>\n<p>\u015acisk stolarski przeznaczony to monta\u017cu po\u0142\u0105cze\u0144 k\u0105towych. Dwie <b>regulowane \u015bruby<\/b> zapewniaj\u0105 r\u00f3wnomierny docisk powierzchni.<\/p>\n<\/section><\/div>\n<\/section>\n<section class=\"section\">\n<div class=\"item item-6\">\n<section class=\"image-item\">\n            <img decoding=\"async\" src=\"https:\/\/upload.cdn.baselinker.com\/products\/14476\/7565e3d3e94bea370607770188237933.jpg\" \/><br \/>\n        <\/section>\n<\/p><\/div>\n<div class=\"item item-6\">\n<section class=\"text-item\">\n<p><b>\u2705Zastosowanie:<\/b><\/p>\n<ul>\n<li>Zapewnia <b>skuteczne i silne dociskanie <\/b>element\u00f3w. Przydatny podczas klejenia ram i naro\u017cnik\u00f3w mebli, skrzyni itp.<\/li>\n<li>Pozwala na <b>\u0142\u0105czenie materia\u0142\u00f3w<\/b> po k\u0105tem 90\u00b0.<\/li>\n<li>Umo\u017cliwia mocowanie materia\u0142u przy ci\u0119ciu pod k\u0105tem 45\u00b0.<\/li>\n<\/ul>\n<\/section><\/div>\n<\/section>\n<section class=\"section\">\n<div class=\"item item-6\">\n<section class=\"image-item\">\n            <img decoding=\"async\" src=\"https:\/\/upload.cdn.baselinker.com\/products\/14476\/aafbcb15a5ad257f6fe6fb8eff0b756b.jpg\" \/><br \/>\n        <\/section>\n<\/p><\/div>\n<div class=\"item item-6\">\n<section class=\"image-item\">\n            <img decoding=\"async\" src=\"https:\/\/upload.cdn.baselinker.com\/products\/14476\/97c6b5bcaf1e2c45b8af0b142032f89b.jpg\" \/><br \/>\n        <\/section>\n<\/p><\/div>\n<\/section>\n","protected":false},"excerpt":{"rendered":"<p>\u015aCISK STOLARSKI K\u0104TOWY NARO\u017bNY UCHWYT 75 MM Dane techniczne: Rozmiar: 75 mm Materia\u0142: metal \u015acisk stolarski przeznaczony to monta\u017cu po\u0142\u0105cze\u0144 k\u0105towych. Dwie regulowane \u015bruby zapewniaj\u0105 r\u00f3wnomierny docisk powierzchni. \u2705Zastosowanie: Zapewnia skuteczne i silne dociskanie element\u00f3w. Przydatny podczas klejenia ram i naro\u017cnik\u00f3w mebli, skrzyni itp. Pozwala na \u0142\u0105czenie materia\u0142\u00f3w po k\u0105tem 90\u00b0. Umo\u017cliwia mocowanie materia\u0142u przy<br \/><a class=\"more-link\" href=\"https:\/\/bobimarket.pl\/index.php\/produkt\/scisk-stolarski-katowy-narozny-uchwyt-75-mm\/\"><br \/>\n        Czytaj wi\u0119cej<span class=\"screen-reader-text\"> &#8222;\u015aCISK STOLARSKI K\u0104TOWY NARO\u017bNY UCHWYT 75 MM&#8221;<\/span><\/a><\/p>\n","protected":false},"featured_media":81374,"template":"","meta":[],"product_cat":[8114],"product_tag":[],"yoast_head":"<!-- This site is optimized with the Yoast SEO plugin v21.0 - https:\/\/yoast.com\/wordpress\/plugins\/seo\/ -->\n<title>\u015aCISK STOLARSKI K\u0104TOWY NARO\u017bNY UCHWYT 75 MM - BOBIMARKET.pl - Remontuj i urz\u0105dzaj z nami<\/title>\n<meta name=\"robots\" content=\"index, follow, max-snippet:-1, max-image-preview:large, max-video-preview:-1\" \/>\n<link rel=\"canonical\" href=\"https:\/\/bobimarket.pl\/index.php\/produkt\/scisk-stolarski-katowy-narozny-uchwyt-75-mm\/\" \/>\n<meta property=\"og:locale\" content=\"pl_PL\" \/>\n<meta property=\"og:type\" content=\"article\" \/>\n<meta property=\"og:title\" content=\"\u015aCISK STOLARSKI K\u0104TOWY NARO\u017bNY UCHWYT 75 MM - BOBIMARKET.pl - Remontuj i urz\u0105dzaj z nami\" \/>\n<meta property=\"og:description\" content=\"\u015aCISK STOLARSKI K\u0104TOWY NARO\u017bNY UCHWYT 75 MM Dane techniczne: Rozmiar: 75 mm Materia\u0142: metal \u015acisk stolarski przeznaczony to monta\u017cu po\u0142\u0105cze\u0144 k\u0105towych. Dwie regulowane \u015bruby zapewniaj\u0105 r\u00f3wnomierny docisk powierzchni. \u2705Zastosowanie: Zapewnia skuteczne i silne dociskanie element\u00f3w. Przydatny podczas klejenia ram i naro\u017cnik\u00f3w mebli, skrzyni itp. Pozwala na \u0142\u0105czenie materia\u0142\u00f3w po k\u0105tem 90\u00b0. Umo\u017cliwia mocowanie materia\u0142u przy     Czytaj wi\u0119cej &quot;\u015aCISK STOLARSKI K\u0104TOWY NARO\u017bNY UCHWYT 75 MM&quot;\" \/>\n<meta property=\"og:url\" content=\"https:\/\/bobimarket.pl\/index.php\/produkt\/scisk-stolarski-katowy-narozny-uchwyt-75-mm\/\" \/>\n<meta property=\"og:site_name\" content=\"BOBIMARKET.pl - Remontuj i urz\u0105dzaj z nami\" \/>\n<meta property=\"article:modified_time\" content=\"2025-02-27T13:40:29+00:00\" \/>\n<meta property=\"og:image\" content=\"https:\/\/upload.cdn.baselinker.com\/products\/14476\/30c9f55687940367415390c21f57afc8.jpg\" \/>\n<meta name=\"twitter:card\" content=\"summary_large_image\" \/>\n<script type=\"application\/ld+json\" class=\"yoast-schema-graph\">{\"@context\":\"https:\/\/schema.org\",\"@graph\":[{\"@type\":\"WebPage\",\"@id\":\"https:\/\/bobimarket.pl\/index.php\/produkt\/scisk-stolarski-katowy-narozny-uchwyt-75-mm\/\",\"url\":\"https:\/\/bobimarket.pl\/index.php\/produkt\/scisk-stolarski-katowy-narozny-uchwyt-75-mm\/\",\"name\":\"\u015aCISK STOLARSKI K\u0104TOWY NARO\u017bNY UCHWYT 75 MM - BOBIMARKET.pl - Remontuj i urz\u0105dzaj z nami\",\"isPartOf\":{\"@id\":\"https:\/\/bobimarket.pl\/#website\"},\"datePublished\":\"2023-08-29T16:30:43+00:00\",\"dateModified\":\"2025-02-27T13:40:29+00:00\",\"breadcrumb\":{\"@id\":\"https:\/\/bobimarket.pl\/index.php\/produkt\/scisk-stolarski-katowy-narozny-uchwyt-75-mm\/#breadcrumb\"},\"inLanguage\":\"pl-PL\",\"potentialAction\":[{\"@type\":\"ReadAction\",\"target\":[\"https:\/\/bobimarket.pl\/index.php\/produkt\/scisk-stolarski-katowy-narozny-uchwyt-75-mm\/\"]}]},{\"@type\":\"BreadcrumbList\",\"@id\":\"https:\/\/bobimarket.pl\/index.php\/produkt\/scisk-stolarski-katowy-narozny-uchwyt-75-mm\/#breadcrumb\",\"itemListElement\":[{\"@type\":\"ListItem\",\"position\":1,\"name\":\"Strona g\u0142\u00f3wna\",\"item\":\"https:\/\/bobimarket.pl\/\"},{\"@type\":\"ListItem\",\"position\":2,\"name\":\"Sklep\",\"item\":\"https:\/\/bobimarket.pl\/index.php\/shop\/\"},{\"@type\":\"ListItem\",\"position\":3,\"name\":\"\u015aCISK STOLARSKI K\u0104TOWY NARO\u017bNY UCHWYT 75 MM\"}]},{\"@type\":\"WebSite\",\"@id\":\"https:\/\/bobimarket.pl\/#website\",\"url\":\"https:\/\/bobimarket.pl\/\",\"name\":\"BOBIMARKET.pl - Remontuj i urz\u0105dzaj z nami\",\"description\":\"Remontuj i urz\u0105dzaj z nami\",\"publisher\":{\"@id\":\"https:\/\/bobimarket.pl\/#organization\"},\"potentialAction\":[{\"@type\":\"SearchAction\",\"target\":{\"@type\":\"EntryPoint\",\"urlTemplate\":\"https:\/\/bobimarket.pl\/?s={search_term_string}\"},\"query-input\":\"required name=search_term_string\"}],\"inLanguage\":\"pl-PL\"},{\"@type\":\"Organization\",\"@id\":\"https:\/\/bobimarket.pl\/#organization\",\"name\":\"BOBIMARKET.pl\",\"url\":\"https:\/\/bobimarket.pl\/\",\"logo\":{\"@type\":\"ImageObject\",\"inLanguage\":\"pl-PL\",\"@id\":\"https:\/\/bobimarket.pl\/#\/schema\/logo\/image\/\",\"url\":\"https:\/\/bobimarket.pl\/wp-content\/uploads\/2021\/11\/slogan.png\",\"contentUrl\":\"https:\/\/bobimarket.pl\/wp-content\/uploads\/2021\/11\/slogan.png\",\"width\":2000,\"height\":384,\"caption\":\"BOBIMARKET.pl\"},\"image\":{\"@id\":\"https:\/\/bobimarket.pl\/#\/schema\/logo\/image\/\"}}]}<\/script>\n<!-- \/ Yoast SEO plugin. -->","yoast_head_json":{"title":"\u015aCISK STOLARSKI K\u0104TOWY NARO\u017bNY UCHWYT 75 MM - BOBIMARKET.pl - Remontuj i urz\u0105dzaj z nami","robots":{"index":"index","follow":"follow","max-snippet":"max-snippet:-1","max-image-preview":"max-image-preview:large","max-video-preview":"max-video-preview:-1"},"canonical":"https:\/\/bobimarket.pl\/index.php\/produkt\/scisk-stolarski-katowy-narozny-uchwyt-75-mm\/","og_locale":"pl_PL","og_type":"article","og_title":"\u015aCISK STOLARSKI K\u0104TOWY NARO\u017bNY UCHWYT 75 MM - BOBIMARKET.pl - Remontuj i urz\u0105dzaj z nami","og_description":"\u015aCISK STOLARSKI K\u0104TOWY NARO\u017bNY UCHWYT 75 MM Dane techniczne: Rozmiar: 75 mm Materia\u0142: metal \u015acisk stolarski przeznaczony to monta\u017cu po\u0142\u0105cze\u0144 k\u0105towych. Dwie regulowane \u015bruby zapewniaj\u0105 r\u00f3wnomierny docisk powierzchni. \u2705Zastosowanie: Zapewnia skuteczne i silne dociskanie element\u00f3w. Przydatny podczas klejenia ram i naro\u017cnik\u00f3w mebli, skrzyni itp. Pozwala na \u0142\u0105czenie materia\u0142\u00f3w po k\u0105tem 90\u00b0. Umo\u017cliwia mocowanie materia\u0142u przy     Czytaj wi\u0119cej \"\u015aCISK STOLARSKI K\u0104TOWY NARO\u017bNY UCHWYT 75 MM\"","og_url":"https:\/\/bobimarket.pl\/index.php\/produkt\/scisk-stolarski-katowy-narozny-uchwyt-75-mm\/","og_site_name":"BOBIMARKET.pl - Remontuj i urz\u0105dzaj z nami","article_modified_time":"2025-02-27T13:40:29+00:00","og_image":[{"url":"https:\/\/upload.cdn.baselinker.com\/products\/14476\/30c9f55687940367415390c21f57afc8.jpg"}],"twitter_card":"summary_large_image","schema":{"@context":"https:\/\/schema.org","@graph":[{"@type":"WebPage","@id":"https:\/\/bobimarket.pl\/index.php\/produkt\/scisk-stolarski-katowy-narozny-uchwyt-75-mm\/","url":"https:\/\/bobimarket.pl\/index.php\/produkt\/scisk-stolarski-katowy-narozny-uchwyt-75-mm\/","name":"\u015aCISK STOLARSKI K\u0104TOWY NARO\u017bNY UCHWYT 75 MM - BOBIMARKET.pl - Remontuj i urz\u0105dzaj z nami","isPartOf":{"@id":"https:\/\/bobimarket.pl\/#website"},"datePublished":"2023-08-29T16:30:43+00:00","dateModified":"2025-02-27T13:40:29+00:00","breadcrumb":{"@id":"https:\/\/bobimarket.pl\/index.php\/produkt\/scisk-stolarski-katowy-narozny-uchwyt-75-mm\/#breadcrumb"},"inLanguage":"pl-PL","potentialAction":[{"@type":"ReadAction","target":["https:\/\/bobimarket.pl\/index.php\/produkt\/scisk-stolarski-katowy-narozny-uchwyt-75-mm\/"]}]},{"@type":"BreadcrumbList","@id":"https:\/\/bobimarket.pl\/index.php\/produkt\/scisk-stolarski-katowy-narozny-uchwyt-75-mm\/#breadcrumb","itemListElement":[{"@type":"ListItem","position":1,"name":"Strona g\u0142\u00f3wna","item":"https:\/\/bobimarket.pl\/"},{"@type":"ListItem","position":2,"name":"Sklep","item":"https:\/\/bobimarket.pl\/index.php\/shop\/"},{"@type":"ListItem","position":3,"name":"\u015aCISK STOLARSKI K\u0104TOWY NARO\u017bNY UCHWYT 75 MM"}]},{"@type":"WebSite","@id":"https:\/\/bobimarket.pl\/#website","url":"https:\/\/bobimarket.pl\/","name":"BOBIMARKET.pl - Remontuj i urz\u0105dzaj z nami","description":"Remontuj i urz\u0105dzaj z nami","publisher":{"@id":"https:\/\/bobimarket.pl\/#organization"},"potentialAction":[{"@type":"SearchAction","target":{"@type":"EntryPoint","urlTemplate":"https:\/\/bobimarket.pl\/?s={search_term_string}"},"query-input":"required name=search_term_string"}],"inLanguage":"pl-PL"},{"@type":"Organization","@id":"https:\/\/bobimarket.pl\/#organization","name":"BOBIMARKET.pl","url":"https:\/\/bobimarket.pl\/","logo":{"@type":"ImageObject","inLanguage":"pl-PL","@id":"https:\/\/bobimarket.pl\/#\/schema\/logo\/image\/","url":"https:\/\/bobimarket.pl\/wp-content\/uploads\/2021\/11\/slogan.png","contentUrl":"https:\/\/bobimarket.pl\/wp-content\/uploads\/2021\/11\/slogan.png","width":2000,"height":384,"caption":"BOBIMARKET.pl"},"image":{"@id":"https:\/\/bobimarket.pl\/#\/schema\/logo\/image\/"}}]}},"_links":{"self":[{"href":"https:\/\/bobimarket.pl\/index.php\/wp-json\/wp\/v2\/product\/81386"}],"collection":[{"href":"https:\/\/bobimarket.pl\/index.php\/wp-json\/wp\/v2\/product"}],"about":[{"href":"https:\/\/bobimarket.pl\/index.php\/wp-json\/wp\/v2\/types\/product"}],"wp:featuredmedia":[{"embeddable":true,"href":"https:\/\/bobimarket.pl\/index.php\/wp-json\/wp\/v2\/media\/81374"}],"wp:attachment":[{"href":"https:\/\/bobimarket.pl\/index.php\/wp-json\/wp\/v2\/media?parent=81386"}],"wp:term":[{"taxonomy":"product_cat","embeddable":true,"href":"https:\/\/bobimarket.pl\/index.php\/wp-json\/wp\/v2\/product_cat?post=81386"},{"taxonomy":"product_tag","embeddable":true,"href":"https:\/\/bobimarket.pl\/index.php\/wp-json\/wp\/v2\/product_tag?post=81386"}],"curies":[{"name":"wp","href":"https:\/\/api.w.org\/{rel}","templated":true}]}}