{"id":81397,"date":"2023-08-29T16:31:48","date_gmt":"2023-08-29T16:31:48","guid":{"rendered":"https:\/\/bobimarket.pl\/index.php\/produkt\/wyciskacz-pistolet-do-mas-uszczelniajacych-600-ml\/"},"modified":"2025-02-27T13:40:37","modified_gmt":"2025-02-27T13:40:37","slug":"wyciskacz-pistolet-do-mas-uszczelniajacych-600-ml","status":"publish","type":"product","link":"https:\/\/bobimarket.pl\/index.php\/produkt\/wyciskacz-pistolet-do-mas-uszczelniajacych-600-ml\/","title":{"rendered":"WYCISKACZ PISTOLET DO MAS USZCZELNIAJ\u0104CYCH 600 ml"},"content":{"rendered":"<section class=\"section\">\n<div class=\"item item-6\">\n<section class=\"image-item\">\n                <img decoding=\"async\" src=\"https:\/\/upload.cdn.baselinker.com\/products\/14476\/08f2176f3d75e1ecb55c912c4393a552.jpg\" \/><br \/>\n            <\/section>\n<\/p><\/div>\n<div class=\"item item-6\">\n<section class=\"text-item\">\n<h2>WYCISKACZ PISTOLET DO MAS USZCZELNIAJ\u0104CYCH<\/h2>\n<p><b>Dane techniczne:<\/b><\/p>\n<ul>\n<li>D\u0142ugo\u015b\u0107 tuby: <b>38 cm<\/b><\/li>\n<li>Szeroko\u015b\u0107 tuby: <b>5 cm<\/b><\/li>\n<li>Pojemno\u015b\u0107:<b> 600 ml<\/b><\/li>\n<li>Materia\u0142: <b>Stal\/ALUMINIUM<\/b><\/li>\n<li>Wzmocniona konstrukcja<\/li>\n<\/ul>\n<\/section><\/div>\n<\/section>\n<section class=\"section\">\n<div class=\"item item-6\">\n<section class=\"image-item\">\n                <img decoding=\"async\" src=\"https:\/\/upload.cdn.baselinker.com\/products\/14476\/4514c79ebd8f9b8308a8268f372c279f.jpg\" \/><br \/>\n            <\/section>\n<\/p><\/div>\n<div class=\"item item-6\">\n<section class=\"text-item\">\n<p>Wyciskacz do mas uszczelniaj\u0105cych o pojemno\u015bci <b>600 ml.<\/b> Przeznaczony do prac remontowych i wyko\u0144czeniowych. Wyciskacz sotsowany jest wypchni\u0119ciemasy z tuby i umo\u017cliwienie jej aplikacji w odpowiednim miejscu.<\/p>\n<ul>\n<li>Solidna konstrukcja oraz aluminiowo-stalowy korpus sprawiaj\u0105, \u017ce pistolet wyr\u00f3\u017cnia si\u0119 d\u0142ug\u0105 \u017cywotno\u015bci\u0105.<\/li>\n<li>Trzpie\u0144 wyciskaj\u0105cy z posuwem bezstopniowym<\/li>\n<li>Tuba chroni pojemnik z silikonem.<\/li>\n<li>Ergonomiczna r\u0119koje\u015b\u0107 zapewnia komfort pracy.<\/li>\n<\/ul>\n<\/section><\/div>\n<\/section>\n<section class=\"section\">\n<div class=\"item item-6\">\n<section class=\"image-item\">\n                <img decoding=\"async\" src=\"https:\/\/upload.cdn.baselinker.com\/products\/14476\/7b9f1fafa49f2b237398d5409f37aeb9.jpg\" \/><br \/>\n            <\/section>\n<\/p><\/div>\n<div class=\"item item-6\">\n<section class=\"text-item\">\n<p>\u2705 <b>ZASTOSOWANIE: <\/b><\/p>\n<p>Pistolet wykorzystywane jest g\u0142\u00f3wnie podczas prac budowlanych i instalacyjnych. Umo\u017cliwia <b>skuteczne i jednocze\u015bnie proste wyciskanie r\u00f3\u017cnego rodzaju standardowych mas z tub<\/b> ( pojemno\u015b\u0107 600 ml).<\/p>\n<p>Specjalnie zaprojektowany nowy mechanizm pistoletu jest w stanie wytrzyma\u0107 du\u017co wi\u0119ksze obci\u0105\u017cenia, a tak\u017ce pracuje l\u017cej od wyciskacza standardowego typu.<\/p>\n<p>Z jego pomoc\u0105 dok\u0142adnie zaaplikujesz wszelkie masy klej\u0105ce i uszczelniaj\u0105ce tj.<\/p>\n<ul>\n<li>silikony,<\/li>\n<li>kleje,<\/li>\n<li>akryle,<\/li>\n<li>pianki itp.<\/li>\n<\/ul>\n<\/section><\/div>\n<\/section>\n<section class=\"section\">\n<div class=\"item item-12\">\n<section class=\"image-item\">\n                <img decoding=\"async\" src=\"https:\/\/upload.cdn.baselinker.com\/products\/14476\/08f2176f3d75e1ecb55c912c4393a552.jpg\" \/><br \/>\n            <\/section>\n<\/p><\/div>\n<\/section>\n","protected":false},"excerpt":{"rendered":"<p>WYCISKACZ PISTOLET DO MAS USZCZELNIAJ\u0104CYCH Dane techniczne: D\u0142ugo\u015b\u0107 tuby: 38 cm Szeroko\u015b\u0107 tuby: 5 cm Pojemno\u015b\u0107: 600 ml Materia\u0142: Stal\/ALUMINIUM Wzmocniona konstrukcja Wyciskacz do mas uszczelniaj\u0105cych o pojemno\u015bci 600 ml. Przeznaczony do prac remontowych i wyko\u0144czeniowych. Wyciskacz sotsowany jest wypchni\u0119ciemasy z tuby i umo\u017cliwienie jej aplikacji w odpowiednim miejscu. Solidna konstrukcja oraz aluminiowo-stalowy korpus sprawiaj\u0105,<br \/><a class=\"more-link\" href=\"https:\/\/bobimarket.pl\/index.php\/produkt\/wyciskacz-pistolet-do-mas-uszczelniajacych-600-ml\/\"><br \/>\n        Czytaj wi\u0119cej<span class=\"screen-reader-text\"> &#8222;WYCISKACZ PISTOLET DO MAS USZCZELNIAJ\u0104CYCH 600 ml&#8221;<\/span><\/a><\/p>\n","protected":false},"featured_media":81393,"template":"","meta":[],"product_cat":[8175],"product_tag":[],"yoast_head":"<!-- This site is optimized with the Yoast SEO plugin v21.0 - https:\/\/yoast.com\/wordpress\/plugins\/seo\/ -->\n<title>WYCISKACZ PISTOLET DO MAS USZCZELNIAJ\u0104CYCH 600 ml - BOBIMARKET.pl - Remontuj i urz\u0105dzaj z nami<\/title>\n<meta name=\"robots\" content=\"index, follow, max-snippet:-1, max-image-preview:large, max-video-preview:-1\" \/>\n<link rel=\"canonical\" href=\"https:\/\/bobimarket.pl\/index.php\/produkt\/wyciskacz-pistolet-do-mas-uszczelniajacych-600-ml\/\" \/>\n<meta property=\"og:locale\" content=\"pl_PL\" \/>\n<meta property=\"og:type\" content=\"article\" \/>\n<meta property=\"og:title\" content=\"WYCISKACZ PISTOLET DO MAS USZCZELNIAJ\u0104CYCH 600 ml - BOBIMARKET.pl - Remontuj i urz\u0105dzaj z nami\" \/>\n<meta property=\"og:description\" content=\"WYCISKACZ PISTOLET DO MAS USZCZELNIAJ\u0104CYCH Dane techniczne: D\u0142ugo\u015b\u0107 tuby: 38 cm Szeroko\u015b\u0107 tuby: 5 cm Pojemno\u015b\u0107: 600 ml Materia\u0142: Stal\/ALUMINIUM Wzmocniona konstrukcja Wyciskacz do mas uszczelniaj\u0105cych o pojemno\u015bci 600 ml. Przeznaczony do prac remontowych i wyko\u0144czeniowych. Wyciskacz sotsowany jest wypchni\u0119ciemasy z tuby i umo\u017cliwienie jej aplikacji w odpowiednim miejscu. Solidna konstrukcja oraz aluminiowo-stalowy korpus sprawiaj\u0105,     Czytaj wi\u0119cej &quot;WYCISKACZ PISTOLET DO MAS USZCZELNIAJ\u0104CYCH 600 ml&quot;\" \/>\n<meta property=\"og:url\" content=\"https:\/\/bobimarket.pl\/index.php\/produkt\/wyciskacz-pistolet-do-mas-uszczelniajacych-600-ml\/\" \/>\n<meta property=\"og:site_name\" content=\"BOBIMARKET.pl - Remontuj i urz\u0105dzaj z nami\" \/>\n<meta property=\"article:modified_time\" content=\"2025-02-27T13:40:37+00:00\" \/>\n<meta property=\"og:image\" content=\"https:\/\/upload.cdn.baselinker.com\/products\/14476\/08f2176f3d75e1ecb55c912c4393a552.jpg\" \/>\n<meta name=\"twitter:card\" content=\"summary_large_image\" \/>\n<meta name=\"twitter:label1\" content=\"Szacowany czas czytania\" \/>\n\t<meta name=\"twitter:data1\" content=\"1 minuta\" \/>\n<script type=\"application\/ld+json\" class=\"yoast-schema-graph\">{\"@context\":\"https:\/\/schema.org\",\"@graph\":[{\"@type\":\"WebPage\",\"@id\":\"https:\/\/bobimarket.pl\/index.php\/produkt\/wyciskacz-pistolet-do-mas-uszczelniajacych-600-ml\/\",\"url\":\"https:\/\/bobimarket.pl\/index.php\/produkt\/wyciskacz-pistolet-do-mas-uszczelniajacych-600-ml\/\",\"name\":\"WYCISKACZ PISTOLET DO MAS USZCZELNIAJ\u0104CYCH 600 ml - BOBIMARKET.pl - Remontuj i urz\u0105dzaj z nami\",\"isPartOf\":{\"@id\":\"https:\/\/bobimarket.pl\/#website\"},\"datePublished\":\"2023-08-29T16:31:48+00:00\",\"dateModified\":\"2025-02-27T13:40:37+00:00\",\"breadcrumb\":{\"@id\":\"https:\/\/bobimarket.pl\/index.php\/produkt\/wyciskacz-pistolet-do-mas-uszczelniajacych-600-ml\/#breadcrumb\"},\"inLanguage\":\"pl-PL\",\"potentialAction\":[{\"@type\":\"ReadAction\",\"target\":[\"https:\/\/bobimarket.pl\/index.php\/produkt\/wyciskacz-pistolet-do-mas-uszczelniajacych-600-ml\/\"]}]},{\"@type\":\"BreadcrumbList\",\"@id\":\"https:\/\/bobimarket.pl\/index.php\/produkt\/wyciskacz-pistolet-do-mas-uszczelniajacych-600-ml\/#breadcrumb\",\"itemListElement\":[{\"@type\":\"ListItem\",\"position\":1,\"name\":\"Strona g\u0142\u00f3wna\",\"item\":\"https:\/\/bobimarket.pl\/\"},{\"@type\":\"ListItem\",\"position\":2,\"name\":\"Sklep\",\"item\":\"https:\/\/bobimarket.pl\/index.php\/shop\/\"},{\"@type\":\"ListItem\",\"position\":3,\"name\":\"WYCISKACZ PISTOLET DO MAS USZCZELNIAJ\u0104CYCH 600 ml\"}]},{\"@type\":\"WebSite\",\"@id\":\"https:\/\/bobimarket.pl\/#website\",\"url\":\"https:\/\/bobimarket.pl\/\",\"name\":\"BOBIMARKET.pl - Remontuj i urz\u0105dzaj z nami\",\"description\":\"Remontuj i urz\u0105dzaj z nami\",\"publisher\":{\"@id\":\"https:\/\/bobimarket.pl\/#organization\"},\"potentialAction\":[{\"@type\":\"SearchAction\",\"target\":{\"@type\":\"EntryPoint\",\"urlTemplate\":\"https:\/\/bobimarket.pl\/?s={search_term_string}\"},\"query-input\":\"required name=search_term_string\"}],\"inLanguage\":\"pl-PL\"},{\"@type\":\"Organization\",\"@id\":\"https:\/\/bobimarket.pl\/#organization\",\"name\":\"BOBIMARKET.pl\",\"url\":\"https:\/\/bobimarket.pl\/\",\"logo\":{\"@type\":\"ImageObject\",\"inLanguage\":\"pl-PL\",\"@id\":\"https:\/\/bobimarket.pl\/#\/schema\/logo\/image\/\",\"url\":\"https:\/\/bobimarket.pl\/wp-content\/uploads\/2021\/11\/slogan.png\",\"contentUrl\":\"https:\/\/bobimarket.pl\/wp-content\/uploads\/2021\/11\/slogan.png\",\"width\":2000,\"height\":384,\"caption\":\"BOBIMARKET.pl\"},\"image\":{\"@id\":\"https:\/\/bobimarket.pl\/#\/schema\/logo\/image\/\"}}]}<\/script>\n<!-- \/ Yoast SEO plugin. -->","yoast_head_json":{"title":"WYCISKACZ PISTOLET DO MAS USZCZELNIAJ\u0104CYCH 600 ml - BOBIMARKET.pl - Remontuj i urz\u0105dzaj z nami","robots":{"index":"index","follow":"follow","max-snippet":"max-snippet:-1","max-image-preview":"max-image-preview:large","max-video-preview":"max-video-preview:-1"},"canonical":"https:\/\/bobimarket.pl\/index.php\/produkt\/wyciskacz-pistolet-do-mas-uszczelniajacych-600-ml\/","og_locale":"pl_PL","og_type":"article","og_title":"WYCISKACZ PISTOLET DO MAS USZCZELNIAJ\u0104CYCH 600 ml - BOBIMARKET.pl - Remontuj i urz\u0105dzaj z nami","og_description":"WYCISKACZ PISTOLET DO MAS USZCZELNIAJ\u0104CYCH Dane techniczne: D\u0142ugo\u015b\u0107 tuby: 38 cm Szeroko\u015b\u0107 tuby: 5 cm Pojemno\u015b\u0107: 600 ml Materia\u0142: Stal\/ALUMINIUM Wzmocniona konstrukcja Wyciskacz do mas uszczelniaj\u0105cych o pojemno\u015bci 600 ml. Przeznaczony do prac remontowych i wyko\u0144czeniowych. Wyciskacz sotsowany jest wypchni\u0119ciemasy z tuby i umo\u017cliwienie jej aplikacji w odpowiednim miejscu. Solidna konstrukcja oraz aluminiowo-stalowy korpus sprawiaj\u0105,     Czytaj wi\u0119cej \"WYCISKACZ PISTOLET DO MAS USZCZELNIAJ\u0104CYCH 600 ml\"","og_url":"https:\/\/bobimarket.pl\/index.php\/produkt\/wyciskacz-pistolet-do-mas-uszczelniajacych-600-ml\/","og_site_name":"BOBIMARKET.pl - Remontuj i urz\u0105dzaj z nami","article_modified_time":"2025-02-27T13:40:37+00:00","og_image":[{"url":"https:\/\/upload.cdn.baselinker.com\/products\/14476\/08f2176f3d75e1ecb55c912c4393a552.jpg"}],"twitter_card":"summary_large_image","twitter_misc":{"Szacowany czas czytania":"1 minuta"},"schema":{"@context":"https:\/\/schema.org","@graph":[{"@type":"WebPage","@id":"https:\/\/bobimarket.pl\/index.php\/produkt\/wyciskacz-pistolet-do-mas-uszczelniajacych-600-ml\/","url":"https:\/\/bobimarket.pl\/index.php\/produkt\/wyciskacz-pistolet-do-mas-uszczelniajacych-600-ml\/","name":"WYCISKACZ PISTOLET DO MAS USZCZELNIAJ\u0104CYCH 600 ml - BOBIMARKET.pl - Remontuj i urz\u0105dzaj z nami","isPartOf":{"@id":"https:\/\/bobimarket.pl\/#website"},"datePublished":"2023-08-29T16:31:48+00:00","dateModified":"2025-02-27T13:40:37+00:00","breadcrumb":{"@id":"https:\/\/bobimarket.pl\/index.php\/produkt\/wyciskacz-pistolet-do-mas-uszczelniajacych-600-ml\/#breadcrumb"},"inLanguage":"pl-PL","potentialAction":[{"@type":"ReadAction","target":["https:\/\/bobimarket.pl\/index.php\/produkt\/wyciskacz-pistolet-do-mas-uszczelniajacych-600-ml\/"]}]},{"@type":"BreadcrumbList","@id":"https:\/\/bobimarket.pl\/index.php\/produkt\/wyciskacz-pistolet-do-mas-uszczelniajacych-600-ml\/#breadcrumb","itemListElement":[{"@type":"ListItem","position":1,"name":"Strona g\u0142\u00f3wna","item":"https:\/\/bobimarket.pl\/"},{"@type":"ListItem","position":2,"name":"Sklep","item":"https:\/\/bobimarket.pl\/index.php\/shop\/"},{"@type":"ListItem","position":3,"name":"WYCISKACZ PISTOLET DO MAS USZCZELNIAJ\u0104CYCH 600 ml"}]},{"@type":"WebSite","@id":"https:\/\/bobimarket.pl\/#website","url":"https:\/\/bobimarket.pl\/","name":"BOBIMARKET.pl - Remontuj i urz\u0105dzaj z nami","description":"Remontuj i urz\u0105dzaj z nami","publisher":{"@id":"https:\/\/bobimarket.pl\/#organization"},"potentialAction":[{"@type":"SearchAction","target":{"@type":"EntryPoint","urlTemplate":"https:\/\/bobimarket.pl\/?s={search_term_string}"},"query-input":"required name=search_term_string"}],"inLanguage":"pl-PL"},{"@type":"Organization","@id":"https:\/\/bobimarket.pl\/#organization","name":"BOBIMARKET.pl","url":"https:\/\/bobimarket.pl\/","logo":{"@type":"ImageObject","inLanguage":"pl-PL","@id":"https:\/\/bobimarket.pl\/#\/schema\/logo\/image\/","url":"https:\/\/bobimarket.pl\/wp-content\/uploads\/2021\/11\/slogan.png","contentUrl":"https:\/\/bobimarket.pl\/wp-content\/uploads\/2021\/11\/slogan.png","width":2000,"height":384,"caption":"BOBIMARKET.pl"},"image":{"@id":"https:\/\/bobimarket.pl\/#\/schema\/logo\/image\/"}}]}},"_links":{"self":[{"href":"https:\/\/bobimarket.pl\/index.php\/wp-json\/wp\/v2\/product\/81397"}],"collection":[{"href":"https:\/\/bobimarket.pl\/index.php\/wp-json\/wp\/v2\/product"}],"about":[{"href":"https:\/\/bobimarket.pl\/index.php\/wp-json\/wp\/v2\/types\/product"}],"wp:featuredmedia":[{"embeddable":true,"href":"https:\/\/bobimarket.pl\/index.php\/wp-json\/wp\/v2\/media\/81393"}],"wp:attachment":[{"href":"https:\/\/bobimarket.pl\/index.php\/wp-json\/wp\/v2\/media?parent=81397"}],"wp:term":[{"taxonomy":"product_cat","embeddable":true,"href":"https:\/\/bobimarket.pl\/index.php\/wp-json\/wp\/v2\/product_cat?post=81397"},{"taxonomy":"product_tag","embeddable":true,"href":"https:\/\/bobimarket.pl\/index.php\/wp-json\/wp\/v2\/product_tag?post=81397"}],"curies":[{"name":"wp","href":"https:\/\/api.w.org\/{rel}","templated":true}]}}