{"id":81435,"date":"2023-08-29T16:34:43","date_gmt":"2023-08-29T16:34:43","guid":{"rendered":"https:\/\/bobimarket.pl\/index.php\/produkt\/gabka-szlifierska-pad-polerski-na-rzep-dysk-125mm\/"},"modified":"2025-02-27T13:40:55","modified_gmt":"2025-02-27T13:40:55","slug":"gabka-szlifierska-pad-polerski-na-rzep-dysk-125mm","status":"publish","type":"product","link":"https:\/\/bobimarket.pl\/index.php\/produkt\/gabka-szlifierska-pad-polerski-na-rzep-dysk-125mm\/","title":{"rendered":"G\u0104BKA SZLIFIERSKA PAD POLERSKI NA RZEP DYSK 125mm"},"content":{"rendered":"<section class=\"section\">\n<div class=\"item item-6\">\n<section class=\"image-item\">\n            <img decoding=\"async\" src=\"https:\/\/upload.cdn.baselinker.com\/products\/14476\/02077c5f6c07318114e6bd45d3ff6ee5.jpg\" \/><br \/>\n        <\/section>\n<\/p><\/div>\n<div class=\"item item-6\">\n<section class=\"text-item\">\n<h2>G\u0104BKA SZLIFIERSKA PAD POLERSKI NA RZEP DYSK 125mm<\/h2>\n<p><b>Dane techniczne:<\/b><\/p>\n<ul>\n<li>\u015arednica: <b>125 mm<\/b><\/li>\n<li>Grubo\u015bc g\u0105bki: <b>25 mm<\/b><\/li>\n<li>Mocowanie: <b>na rzep <\/b><\/li>\n<\/ul>\n<\/section><\/div>\n<\/section>\n<section class=\"section\">\n<div class=\"item item-6\">\n<section class=\"image-item\">\n            <img decoding=\"async\" src=\"https:\/\/upload.cdn.baselinker.com\/products\/14476\/fb09559eb9824a1388e6a90189a4ad59.jpg\" \/><br \/>\n        <\/section>\n<\/p><\/div>\n<div class=\"item item-6\">\n<section class=\"text-item\">\n<p>Solidna i praktyczna g\u0105bka polerska na rzep. Kr\u0105\u017cek ma \u015brednic\u0119 125 mm, a <b>grubo\u015b\u0107 g\u0105bki wynosi 25 mm.<\/b> Kr\u0105\u017cek jest \u0142atwy w monta\u017cu. Rzep umo\u017cliwia monta\u017c\u00a0 bezpo\u015brednio na dyskach roboczym.<\/p>\n<ul>\n<li>G\u0105bka ma optymalny kszta\u0142t i rozmiar, co zapewnia efektywnie wykonan\u0105 prac\u0119.<\/li>\n<li>Istnieje mo\u017cliwo\u015b\u0107 zamontowania na g\u0105bk\u0119 wi\u0105zanego futerka<\/li>\n<li>G\u0105bka gwarantuje r\u00f3wnomierny rozk\u0142ad docisku na polerowanych powierzchniach.<\/li>\n<\/ul>\n<\/section><\/div>\n<\/section>\n<section class=\"section\">\n<div class=\"item item-6\">\n<section class=\"image-item\">\n            <img decoding=\"async\" src=\"https:\/\/upload.cdn.baselinker.com\/products\/14476\/d7c76fb36e86f505500e28739e583731.jpg\" \/><br \/>\n        <\/section>\n<\/p><\/div>\n<div class=\"item item-6\">\n<section class=\"text-item\">\n<p><b>\u2705 Zastosowanie:<\/b><\/p>\n<p>G\u0105bka sprawdzi si\u0119 do przedmiot\u00f3w wymagaj\u0105cych powierzchniowej konserwacji. Sprawi, \u017ce pow\u0142oka nabierze po\u0142ysku i estetycznego wygl\u0105du.<\/p>\n<ul>\n<li>Mo\u017cna j\u0105 wykorzysta\u0107 do polerowania lub nab\u0142yszczania powierzchni lakierowanych.<\/li>\n<li>G\u0105bka dopasowuje si\u0119 do obrabianej powierzchni &#8211; nada si\u0119 zar\u00f3wno do wyr\u00f3wnanych powierzchni jak i tych o mniej regularnych kszta\u0142tach.<\/li>\n<\/ul>\n<\/section><\/div>\n<\/section>\n<section class=\"section\">\n<div class=\"item item-12\">\n<section class=\"image-item\">\n            <img decoding=\"async\" src=\"https:\/\/upload.cdn.baselinker.com\/products\/14476\/fb09559eb9824a1388e6a90189a4ad59.jpg\" \/><br \/>\n        <\/section>\n<\/p><\/div>\n<\/section>\n","protected":false},"excerpt":{"rendered":"<p>G\u0104BKA SZLIFIERSKA PAD POLERSKI NA RZEP DYSK 125mm Dane techniczne: \u015arednica: 125 mm Grubo\u015bc g\u0105bki: 25 mm Mocowanie: na rzep Solidna i praktyczna g\u0105bka polerska na rzep. Kr\u0105\u017cek ma \u015brednic\u0119 125 mm, a grubo\u015b\u0107 g\u0105bki wynosi 25 mm. Kr\u0105\u017cek jest \u0142atwy w monta\u017cu. Rzep umo\u017cliwia monta\u017c\u00a0 bezpo\u015brednio na dyskach roboczym. G\u0105bka ma optymalny kszta\u0142t i<br \/><a class=\"more-link\" href=\"https:\/\/bobimarket.pl\/index.php\/produkt\/gabka-szlifierska-pad-polerski-na-rzep-dysk-125mm\/\"><br \/>\n        Czytaj wi\u0119cej<span class=\"screen-reader-text\"> &#8222;G\u0104BKA SZLIFIERSKA PAD POLERSKI NA RZEP DYSK 125mm&#8221;<\/span><\/a><\/p>\n","protected":false},"featured_media":81429,"template":"","meta":[],"product_cat":[8178],"product_tag":[],"yoast_head":"<!-- This site is optimized with the Yoast SEO plugin v21.0 - https:\/\/yoast.com\/wordpress\/plugins\/seo\/ -->\n<title>G\u0104BKA SZLIFIERSKA PAD POLERSKI NA RZEP DYSK 125mm - BOBIMARKET.pl - Remontuj i urz\u0105dzaj z nami<\/title>\n<meta name=\"robots\" content=\"index, follow, max-snippet:-1, max-image-preview:large, max-video-preview:-1\" \/>\n<link rel=\"canonical\" href=\"https:\/\/bobimarket.pl\/index.php\/produkt\/gabka-szlifierska-pad-polerski-na-rzep-dysk-125mm\/\" \/>\n<meta property=\"og:locale\" content=\"pl_PL\" \/>\n<meta property=\"og:type\" content=\"article\" \/>\n<meta property=\"og:title\" content=\"G\u0104BKA SZLIFIERSKA PAD POLERSKI NA RZEP DYSK 125mm - BOBIMARKET.pl - Remontuj i urz\u0105dzaj z nami\" \/>\n<meta property=\"og:description\" content=\"G\u0104BKA SZLIFIERSKA PAD POLERSKI NA RZEP DYSK 125mm Dane techniczne: \u015arednica: 125 mm Grubo\u015bc g\u0105bki: 25 mm Mocowanie: na rzep Solidna i praktyczna g\u0105bka polerska na rzep. Kr\u0105\u017cek ma \u015brednic\u0119 125 mm, a grubo\u015b\u0107 g\u0105bki wynosi 25 mm. Kr\u0105\u017cek jest \u0142atwy w monta\u017cu. Rzep umo\u017cliwia monta\u017c\u00a0 bezpo\u015brednio na dyskach roboczym. G\u0105bka ma optymalny kszta\u0142t i     Czytaj wi\u0119cej &quot;G\u0104BKA SZLIFIERSKA PAD POLERSKI NA RZEP DYSK 125mm&quot;\" \/>\n<meta property=\"og:url\" content=\"https:\/\/bobimarket.pl\/index.php\/produkt\/gabka-szlifierska-pad-polerski-na-rzep-dysk-125mm\/\" \/>\n<meta property=\"og:site_name\" content=\"BOBIMARKET.pl - Remontuj i urz\u0105dzaj z nami\" \/>\n<meta property=\"article:modified_time\" content=\"2025-02-27T13:40:55+00:00\" \/>\n<meta property=\"og:image\" content=\"https:\/\/upload.cdn.baselinker.com\/products\/14476\/02077c5f6c07318114e6bd45d3ff6ee5.jpg\" \/>\n<meta name=\"twitter:card\" content=\"summary_large_image\" \/>\n<meta name=\"twitter:label1\" content=\"Szacowany czas czytania\" \/>\n\t<meta name=\"twitter:data1\" content=\"1 minuta\" \/>\n<script type=\"application\/ld+json\" class=\"yoast-schema-graph\">{\"@context\":\"https:\/\/schema.org\",\"@graph\":[{\"@type\":\"WebPage\",\"@id\":\"https:\/\/bobimarket.pl\/index.php\/produkt\/gabka-szlifierska-pad-polerski-na-rzep-dysk-125mm\/\",\"url\":\"https:\/\/bobimarket.pl\/index.php\/produkt\/gabka-szlifierska-pad-polerski-na-rzep-dysk-125mm\/\",\"name\":\"G\u0104BKA SZLIFIERSKA PAD POLERSKI NA RZEP DYSK 125mm - BOBIMARKET.pl - Remontuj i urz\u0105dzaj z nami\",\"isPartOf\":{\"@id\":\"https:\/\/bobimarket.pl\/#website\"},\"datePublished\":\"2023-08-29T16:34:43+00:00\",\"dateModified\":\"2025-02-27T13:40:55+00:00\",\"breadcrumb\":{\"@id\":\"https:\/\/bobimarket.pl\/index.php\/produkt\/gabka-szlifierska-pad-polerski-na-rzep-dysk-125mm\/#breadcrumb\"},\"inLanguage\":\"pl-PL\",\"potentialAction\":[{\"@type\":\"ReadAction\",\"target\":[\"https:\/\/bobimarket.pl\/index.php\/produkt\/gabka-szlifierska-pad-polerski-na-rzep-dysk-125mm\/\"]}]},{\"@type\":\"BreadcrumbList\",\"@id\":\"https:\/\/bobimarket.pl\/index.php\/produkt\/gabka-szlifierska-pad-polerski-na-rzep-dysk-125mm\/#breadcrumb\",\"itemListElement\":[{\"@type\":\"ListItem\",\"position\":1,\"name\":\"Strona g\u0142\u00f3wna\",\"item\":\"https:\/\/bobimarket.pl\/\"},{\"@type\":\"ListItem\",\"position\":2,\"name\":\"Sklep\",\"item\":\"https:\/\/bobimarket.pl\/index.php\/shop\/\"},{\"@type\":\"ListItem\",\"position\":3,\"name\":\"G\u0104BKA SZLIFIERSKA PAD POLERSKI NA RZEP DYSK 125mm\"}]},{\"@type\":\"WebSite\",\"@id\":\"https:\/\/bobimarket.pl\/#website\",\"url\":\"https:\/\/bobimarket.pl\/\",\"name\":\"BOBIMARKET.pl - Remontuj i urz\u0105dzaj z nami\",\"description\":\"Remontuj i urz\u0105dzaj z nami\",\"publisher\":{\"@id\":\"https:\/\/bobimarket.pl\/#organization\"},\"potentialAction\":[{\"@type\":\"SearchAction\",\"target\":{\"@type\":\"EntryPoint\",\"urlTemplate\":\"https:\/\/bobimarket.pl\/?s={search_term_string}\"},\"query-input\":\"required name=search_term_string\"}],\"inLanguage\":\"pl-PL\"},{\"@type\":\"Organization\",\"@id\":\"https:\/\/bobimarket.pl\/#organization\",\"name\":\"BOBIMARKET.pl\",\"url\":\"https:\/\/bobimarket.pl\/\",\"logo\":{\"@type\":\"ImageObject\",\"inLanguage\":\"pl-PL\",\"@id\":\"https:\/\/bobimarket.pl\/#\/schema\/logo\/image\/\",\"url\":\"https:\/\/bobimarket.pl\/wp-content\/uploads\/2021\/11\/slogan.png\",\"contentUrl\":\"https:\/\/bobimarket.pl\/wp-content\/uploads\/2021\/11\/slogan.png\",\"width\":2000,\"height\":384,\"caption\":\"BOBIMARKET.pl\"},\"image\":{\"@id\":\"https:\/\/bobimarket.pl\/#\/schema\/logo\/image\/\"}}]}<\/script>\n<!-- \/ Yoast SEO plugin. -->","yoast_head_json":{"title":"G\u0104BKA SZLIFIERSKA PAD POLERSKI NA RZEP DYSK 125mm - BOBIMARKET.pl - Remontuj i urz\u0105dzaj z nami","robots":{"index":"index","follow":"follow","max-snippet":"max-snippet:-1","max-image-preview":"max-image-preview:large","max-video-preview":"max-video-preview:-1"},"canonical":"https:\/\/bobimarket.pl\/index.php\/produkt\/gabka-szlifierska-pad-polerski-na-rzep-dysk-125mm\/","og_locale":"pl_PL","og_type":"article","og_title":"G\u0104BKA SZLIFIERSKA PAD POLERSKI NA RZEP DYSK 125mm - BOBIMARKET.pl - Remontuj i urz\u0105dzaj z nami","og_description":"G\u0104BKA SZLIFIERSKA PAD POLERSKI NA RZEP DYSK 125mm Dane techniczne: \u015arednica: 125 mm Grubo\u015bc g\u0105bki: 25 mm Mocowanie: na rzep Solidna i praktyczna g\u0105bka polerska na rzep. Kr\u0105\u017cek ma \u015brednic\u0119 125 mm, a grubo\u015b\u0107 g\u0105bki wynosi 25 mm. Kr\u0105\u017cek jest \u0142atwy w monta\u017cu. Rzep umo\u017cliwia monta\u017c\u00a0 bezpo\u015brednio na dyskach roboczym. G\u0105bka ma optymalny kszta\u0142t i     Czytaj wi\u0119cej \"G\u0104BKA SZLIFIERSKA PAD POLERSKI NA RZEP DYSK 125mm\"","og_url":"https:\/\/bobimarket.pl\/index.php\/produkt\/gabka-szlifierska-pad-polerski-na-rzep-dysk-125mm\/","og_site_name":"BOBIMARKET.pl - Remontuj i urz\u0105dzaj z nami","article_modified_time":"2025-02-27T13:40:55+00:00","og_image":[{"url":"https:\/\/upload.cdn.baselinker.com\/products\/14476\/02077c5f6c07318114e6bd45d3ff6ee5.jpg"}],"twitter_card":"summary_large_image","twitter_misc":{"Szacowany czas czytania":"1 minuta"},"schema":{"@context":"https:\/\/schema.org","@graph":[{"@type":"WebPage","@id":"https:\/\/bobimarket.pl\/index.php\/produkt\/gabka-szlifierska-pad-polerski-na-rzep-dysk-125mm\/","url":"https:\/\/bobimarket.pl\/index.php\/produkt\/gabka-szlifierska-pad-polerski-na-rzep-dysk-125mm\/","name":"G\u0104BKA SZLIFIERSKA PAD POLERSKI NA RZEP DYSK 125mm - BOBIMARKET.pl - Remontuj i urz\u0105dzaj z nami","isPartOf":{"@id":"https:\/\/bobimarket.pl\/#website"},"datePublished":"2023-08-29T16:34:43+00:00","dateModified":"2025-02-27T13:40:55+00:00","breadcrumb":{"@id":"https:\/\/bobimarket.pl\/index.php\/produkt\/gabka-szlifierska-pad-polerski-na-rzep-dysk-125mm\/#breadcrumb"},"inLanguage":"pl-PL","potentialAction":[{"@type":"ReadAction","target":["https:\/\/bobimarket.pl\/index.php\/produkt\/gabka-szlifierska-pad-polerski-na-rzep-dysk-125mm\/"]}]},{"@type":"BreadcrumbList","@id":"https:\/\/bobimarket.pl\/index.php\/produkt\/gabka-szlifierska-pad-polerski-na-rzep-dysk-125mm\/#breadcrumb","itemListElement":[{"@type":"ListItem","position":1,"name":"Strona g\u0142\u00f3wna","item":"https:\/\/bobimarket.pl\/"},{"@type":"ListItem","position":2,"name":"Sklep","item":"https:\/\/bobimarket.pl\/index.php\/shop\/"},{"@type":"ListItem","position":3,"name":"G\u0104BKA SZLIFIERSKA PAD POLERSKI NA RZEP DYSK 125mm"}]},{"@type":"WebSite","@id":"https:\/\/bobimarket.pl\/#website","url":"https:\/\/bobimarket.pl\/","name":"BOBIMARKET.pl - Remontuj i urz\u0105dzaj z nami","description":"Remontuj i urz\u0105dzaj z nami","publisher":{"@id":"https:\/\/bobimarket.pl\/#organization"},"potentialAction":[{"@type":"SearchAction","target":{"@type":"EntryPoint","urlTemplate":"https:\/\/bobimarket.pl\/?s={search_term_string}"},"query-input":"required name=search_term_string"}],"inLanguage":"pl-PL"},{"@type":"Organization","@id":"https:\/\/bobimarket.pl\/#organization","name":"BOBIMARKET.pl","url":"https:\/\/bobimarket.pl\/","logo":{"@type":"ImageObject","inLanguage":"pl-PL","@id":"https:\/\/bobimarket.pl\/#\/schema\/logo\/image\/","url":"https:\/\/bobimarket.pl\/wp-content\/uploads\/2021\/11\/slogan.png","contentUrl":"https:\/\/bobimarket.pl\/wp-content\/uploads\/2021\/11\/slogan.png","width":2000,"height":384,"caption":"BOBIMARKET.pl"},"image":{"@id":"https:\/\/bobimarket.pl\/#\/schema\/logo\/image\/"}}]}},"_links":{"self":[{"href":"https:\/\/bobimarket.pl\/index.php\/wp-json\/wp\/v2\/product\/81435"}],"collection":[{"href":"https:\/\/bobimarket.pl\/index.php\/wp-json\/wp\/v2\/product"}],"about":[{"href":"https:\/\/bobimarket.pl\/index.php\/wp-json\/wp\/v2\/types\/product"}],"wp:featuredmedia":[{"embeddable":true,"href":"https:\/\/bobimarket.pl\/index.php\/wp-json\/wp\/v2\/media\/81429"}],"wp:attachment":[{"href":"https:\/\/bobimarket.pl\/index.php\/wp-json\/wp\/v2\/media?parent=81435"}],"wp:term":[{"taxonomy":"product_cat","embeddable":true,"href":"https:\/\/bobimarket.pl\/index.php\/wp-json\/wp\/v2\/product_cat?post=81435"},{"taxonomy":"product_tag","embeddable":true,"href":"https:\/\/bobimarket.pl\/index.php\/wp-json\/wp\/v2\/product_tag?post=81435"}],"curies":[{"name":"wp","href":"https:\/\/api.w.org\/{rel}","templated":true}]}}