{"id":81464,"date":"2023-08-29T16:36:57","date_gmt":"2023-08-29T16:36:57","guid":{"rendered":"https:\/\/bobimarket.pl\/index.php\/produkt\/filc-polerski-na-rzep-krazek-czepny-125-mm\/"},"modified":"2025-02-27T13:41:15","modified_gmt":"2025-02-27T13:41:15","slug":"filc-polerski-na-rzep-krazek-czepny-125-mm","status":"publish","type":"product","link":"https:\/\/bobimarket.pl\/index.php\/produkt\/filc-polerski-na-rzep-krazek-czepny-125-mm\/","title":{"rendered":"FILC POLERSKI NA RZEP KR\u0104\u017bEK CZEPNY 125 mm"},"content":{"rendered":"<section class=\"section\">\n<div class=\"item item-6\">\n<section class=\"image-item\">\n            <img decoding=\"async\" src=\"https:\/\/upload.cdn.baselinker.com\/products\/14476\/1fd47e063cf0029855f95daf160b2356.jpg\" \/><br \/>\n        <\/section>\n<\/p><\/div>\n<div class=\"item item-6\">\n<section class=\"text-item\">\n<h2>FILC POLERSKI NA RZEP KR\u0104\u017bEK CZEPNY 125 mm<\/h2>\n<p><b>Dane techniczne:<\/b><\/p>\n<ul>\n<li>\u015arednica: <b>125 mm<\/b><\/li>\n<li>Grubo\u015b\u0107 filcu:<b> 8 mm<\/b><\/li>\n<li>Rodzaj: <b>filc polerski<\/b><\/li>\n<\/ul>\n<\/section><\/div>\n<\/section>\n<section class=\"section\">\n<div class=\"item item-6\">\n<section class=\"image-item\">\n            <img decoding=\"async\" src=\"https:\/\/upload.cdn.baselinker.com\/products\/14476\/55e96b669290927775c3c6251ea21eb9.jpg\" \/><br \/>\n        <\/section>\n<\/p><\/div>\n<div class=\"item item-6\">\n<section class=\"text-item\">\n<p>Solidny i praktyczny filc polerski na rzep. Kr\u0105\u017cek ma <b>\u015brednic\u0119 125<\/b> mm, a <b>grubo\u015b\u0107 filcu wynosi 8 mm<\/b>. Kr\u0105\u017cek jest \u0142atwy w monta\u017cu, dzi\u0119ki zastosowanemu rzepowi mo\u017cna go mocowa\u0107 bezpo\u015brednio na dyskach z rzepem b\u0105d\u017a g\u0105bkach ( podczas prac z nier\u00f3wn\u0105 powierzchni\u0105).<\/p>\n<ul>\n<li>Zwarta budowa filcu sprawia, \u017ce kr\u0105\u017cek charakteryzuje si\u0119 <b>du\u017c\u0105 wytrzyma\u0142o\u015bci\u0105 na \u015bcieranie.<\/b><\/li>\n<\/ul>\n<ul>\n<li>Filc nie rozwarstwia si\u0119 oraz<b> nie pozostawia rys<\/b> na obrabianej powierzchni.<\/li>\n<li>Dysk jest<b> szybki i\u00a0\u0142atwy do monta\u017c<\/b>\u00a0w urz\u0105dzeniach polerskich.<\/li>\n<\/ul>\n<\/section><\/div>\n<\/section>\n<section class=\"section\">\n<div class=\"item item-6\">\n<section class=\"image-item\">\n            <img decoding=\"async\" src=\"https:\/\/upload.cdn.baselinker.com\/products\/14476\/ca409f5e58062c7d3e88b103b830efb9.jpg\" \/><br \/>\n        <\/section>\n<\/p><\/div>\n<div class=\"item item-6\">\n<section class=\"text-item\">\n<p><b>\u2705 Zastosowanie:<\/b><\/p>\n<p>Kr\u0105\u017cek polerski wykonany z filcu ma wszechstronne zastosowanie. Przeznaczony do <b>docierania i polerowania wszelkiego rodzaju powierzchni<\/b> metalowych i nie tylko.\u00a0<\/p>\n<ul>\n<li>Dysk umo\u017cliwia <b>prace zar\u00f3wno na sucho jak i na mokro<\/b> ( z wykorzystaniem past polerskich).<\/li>\n<\/ul>\n<\/section><\/div>\n<\/section>\n<section class=\"section\">\n<div class=\"item item-6\">\n<section class=\"image-item\">\n            <img decoding=\"async\" src=\"https:\/\/upload.cdn.baselinker.com\/products\/14476\/55e96b669290927775c3c6251ea21eb9.jpg\" \/><br \/>\n        <\/section>\n<\/p><\/div>\n<div class=\"item item-6\">\n<section class=\"image-item\">\n            <img decoding=\"async\" src=\"https:\/\/upload.cdn.baselinker.com\/products\/14476\/28663d5a262c102b9b2717ab11eeb5dc.jpg\" \/><br \/>\n        <\/section>\n<\/p><\/div>\n<\/section>\n","protected":false},"excerpt":{"rendered":"<p>FILC POLERSKI NA RZEP KR\u0104\u017bEK CZEPNY 125 mm Dane techniczne: \u015arednica: 125 mm Grubo\u015b\u0107 filcu: 8 mm Rodzaj: filc polerski Solidny i praktyczny filc polerski na rzep. Kr\u0105\u017cek ma \u015brednic\u0119 125 mm, a grubo\u015b\u0107 filcu wynosi 8 mm. Kr\u0105\u017cek jest \u0142atwy w monta\u017cu, dzi\u0119ki zastosowanemu rzepowi mo\u017cna go mocowa\u0107 bezpo\u015brednio na dyskach z rzepem b\u0105d\u017a<br \/><a class=\"more-link\" href=\"https:\/\/bobimarket.pl\/index.php\/produkt\/filc-polerski-na-rzep-krazek-czepny-125-mm\/\"><br \/>\n        Czytaj wi\u0119cej<span class=\"screen-reader-text\"> &#8222;FILC POLERSKI NA RZEP KR\u0104\u017bEK CZEPNY 125 mm&#8221;<\/span><\/a><\/p>\n","protected":false},"featured_media":81459,"template":"","meta":[],"product_cat":[8180],"product_tag":[],"yoast_head":"<!-- This site is optimized with the Yoast SEO plugin v21.0 - https:\/\/yoast.com\/wordpress\/plugins\/seo\/ -->\n<title>FILC POLERSKI NA RZEP KR\u0104\u017bEK CZEPNY 125 mm - BOBIMARKET.pl - Remontuj i urz\u0105dzaj z nami<\/title>\n<meta name=\"robots\" content=\"index, follow, max-snippet:-1, max-image-preview:large, max-video-preview:-1\" \/>\n<link rel=\"canonical\" href=\"https:\/\/bobimarket.pl\/index.php\/produkt\/filc-polerski-na-rzep-krazek-czepny-125-mm\/\" \/>\n<meta property=\"og:locale\" content=\"pl_PL\" \/>\n<meta property=\"og:type\" content=\"article\" \/>\n<meta property=\"og:title\" content=\"FILC POLERSKI NA RZEP KR\u0104\u017bEK CZEPNY 125 mm - BOBIMARKET.pl - Remontuj i urz\u0105dzaj z nami\" \/>\n<meta property=\"og:description\" content=\"FILC POLERSKI NA RZEP KR\u0104\u017bEK CZEPNY 125 mm Dane techniczne: \u015arednica: 125 mm Grubo\u015b\u0107 filcu: 8 mm Rodzaj: filc polerski Solidny i praktyczny filc polerski na rzep. Kr\u0105\u017cek ma \u015brednic\u0119 125 mm, a grubo\u015b\u0107 filcu wynosi 8 mm. Kr\u0105\u017cek jest \u0142atwy w monta\u017cu, dzi\u0119ki zastosowanemu rzepowi mo\u017cna go mocowa\u0107 bezpo\u015brednio na dyskach z rzepem b\u0105d\u017a     Czytaj wi\u0119cej &quot;FILC POLERSKI NA RZEP KR\u0104\u017bEK CZEPNY 125 mm&quot;\" \/>\n<meta property=\"og:url\" content=\"https:\/\/bobimarket.pl\/index.php\/produkt\/filc-polerski-na-rzep-krazek-czepny-125-mm\/\" \/>\n<meta property=\"og:site_name\" content=\"BOBIMARKET.pl - Remontuj i urz\u0105dzaj z nami\" \/>\n<meta property=\"article:modified_time\" content=\"2025-02-27T13:41:15+00:00\" \/>\n<meta property=\"og:image\" content=\"https:\/\/upload.cdn.baselinker.com\/products\/14476\/1fd47e063cf0029855f95daf160b2356.jpg\" \/>\n<meta name=\"twitter:card\" content=\"summary_large_image\" \/>\n<meta name=\"twitter:label1\" content=\"Szacowany czas czytania\" \/>\n\t<meta name=\"twitter:data1\" content=\"1 minuta\" \/>\n<script type=\"application\/ld+json\" class=\"yoast-schema-graph\">{\"@context\":\"https:\/\/schema.org\",\"@graph\":[{\"@type\":\"WebPage\",\"@id\":\"https:\/\/bobimarket.pl\/index.php\/produkt\/filc-polerski-na-rzep-krazek-czepny-125-mm\/\",\"url\":\"https:\/\/bobimarket.pl\/index.php\/produkt\/filc-polerski-na-rzep-krazek-czepny-125-mm\/\",\"name\":\"FILC POLERSKI NA RZEP KR\u0104\u017bEK CZEPNY 125 mm - BOBIMARKET.pl - Remontuj i urz\u0105dzaj z nami\",\"isPartOf\":{\"@id\":\"https:\/\/bobimarket.pl\/#website\"},\"datePublished\":\"2023-08-29T16:36:57+00:00\",\"dateModified\":\"2025-02-27T13:41:15+00:00\",\"breadcrumb\":{\"@id\":\"https:\/\/bobimarket.pl\/index.php\/produkt\/filc-polerski-na-rzep-krazek-czepny-125-mm\/#breadcrumb\"},\"inLanguage\":\"pl-PL\",\"potentialAction\":[{\"@type\":\"ReadAction\",\"target\":[\"https:\/\/bobimarket.pl\/index.php\/produkt\/filc-polerski-na-rzep-krazek-czepny-125-mm\/\"]}]},{\"@type\":\"BreadcrumbList\",\"@id\":\"https:\/\/bobimarket.pl\/index.php\/produkt\/filc-polerski-na-rzep-krazek-czepny-125-mm\/#breadcrumb\",\"itemListElement\":[{\"@type\":\"ListItem\",\"position\":1,\"name\":\"Strona g\u0142\u00f3wna\",\"item\":\"https:\/\/bobimarket.pl\/\"},{\"@type\":\"ListItem\",\"position\":2,\"name\":\"Sklep\",\"item\":\"https:\/\/bobimarket.pl\/index.php\/shop\/\"},{\"@type\":\"ListItem\",\"position\":3,\"name\":\"FILC POLERSKI NA RZEP KR\u0104\u017bEK CZEPNY 125 mm\"}]},{\"@type\":\"WebSite\",\"@id\":\"https:\/\/bobimarket.pl\/#website\",\"url\":\"https:\/\/bobimarket.pl\/\",\"name\":\"BOBIMARKET.pl - Remontuj i urz\u0105dzaj z nami\",\"description\":\"Remontuj i urz\u0105dzaj z nami\",\"publisher\":{\"@id\":\"https:\/\/bobimarket.pl\/#organization\"},\"potentialAction\":[{\"@type\":\"SearchAction\",\"target\":{\"@type\":\"EntryPoint\",\"urlTemplate\":\"https:\/\/bobimarket.pl\/?s={search_term_string}\"},\"query-input\":\"required name=search_term_string\"}],\"inLanguage\":\"pl-PL\"},{\"@type\":\"Organization\",\"@id\":\"https:\/\/bobimarket.pl\/#organization\",\"name\":\"BOBIMARKET.pl\",\"url\":\"https:\/\/bobimarket.pl\/\",\"logo\":{\"@type\":\"ImageObject\",\"inLanguage\":\"pl-PL\",\"@id\":\"https:\/\/bobimarket.pl\/#\/schema\/logo\/image\/\",\"url\":\"https:\/\/bobimarket.pl\/wp-content\/uploads\/2021\/11\/slogan.png\",\"contentUrl\":\"https:\/\/bobimarket.pl\/wp-content\/uploads\/2021\/11\/slogan.png\",\"width\":2000,\"height\":384,\"caption\":\"BOBIMARKET.pl\"},\"image\":{\"@id\":\"https:\/\/bobimarket.pl\/#\/schema\/logo\/image\/\"}}]}<\/script>\n<!-- \/ Yoast SEO plugin. -->","yoast_head_json":{"title":"FILC POLERSKI NA RZEP KR\u0104\u017bEK CZEPNY 125 mm - BOBIMARKET.pl - Remontuj i urz\u0105dzaj z nami","robots":{"index":"index","follow":"follow","max-snippet":"max-snippet:-1","max-image-preview":"max-image-preview:large","max-video-preview":"max-video-preview:-1"},"canonical":"https:\/\/bobimarket.pl\/index.php\/produkt\/filc-polerski-na-rzep-krazek-czepny-125-mm\/","og_locale":"pl_PL","og_type":"article","og_title":"FILC POLERSKI NA RZEP KR\u0104\u017bEK CZEPNY 125 mm - BOBIMARKET.pl - Remontuj i urz\u0105dzaj z nami","og_description":"FILC POLERSKI NA RZEP KR\u0104\u017bEK CZEPNY 125 mm Dane techniczne: \u015arednica: 125 mm Grubo\u015b\u0107 filcu: 8 mm Rodzaj: filc polerski Solidny i praktyczny filc polerski na rzep. Kr\u0105\u017cek ma \u015brednic\u0119 125 mm, a grubo\u015b\u0107 filcu wynosi 8 mm. Kr\u0105\u017cek jest \u0142atwy w monta\u017cu, dzi\u0119ki zastosowanemu rzepowi mo\u017cna go mocowa\u0107 bezpo\u015brednio na dyskach z rzepem b\u0105d\u017a     Czytaj wi\u0119cej \"FILC POLERSKI NA RZEP KR\u0104\u017bEK CZEPNY 125 mm\"","og_url":"https:\/\/bobimarket.pl\/index.php\/produkt\/filc-polerski-na-rzep-krazek-czepny-125-mm\/","og_site_name":"BOBIMARKET.pl - Remontuj i urz\u0105dzaj z nami","article_modified_time":"2025-02-27T13:41:15+00:00","og_image":[{"url":"https:\/\/upload.cdn.baselinker.com\/products\/14476\/1fd47e063cf0029855f95daf160b2356.jpg"}],"twitter_card":"summary_large_image","twitter_misc":{"Szacowany czas czytania":"1 minuta"},"schema":{"@context":"https:\/\/schema.org","@graph":[{"@type":"WebPage","@id":"https:\/\/bobimarket.pl\/index.php\/produkt\/filc-polerski-na-rzep-krazek-czepny-125-mm\/","url":"https:\/\/bobimarket.pl\/index.php\/produkt\/filc-polerski-na-rzep-krazek-czepny-125-mm\/","name":"FILC POLERSKI NA RZEP KR\u0104\u017bEK CZEPNY 125 mm - BOBIMARKET.pl - Remontuj i urz\u0105dzaj z nami","isPartOf":{"@id":"https:\/\/bobimarket.pl\/#website"},"datePublished":"2023-08-29T16:36:57+00:00","dateModified":"2025-02-27T13:41:15+00:00","breadcrumb":{"@id":"https:\/\/bobimarket.pl\/index.php\/produkt\/filc-polerski-na-rzep-krazek-czepny-125-mm\/#breadcrumb"},"inLanguage":"pl-PL","potentialAction":[{"@type":"ReadAction","target":["https:\/\/bobimarket.pl\/index.php\/produkt\/filc-polerski-na-rzep-krazek-czepny-125-mm\/"]}]},{"@type":"BreadcrumbList","@id":"https:\/\/bobimarket.pl\/index.php\/produkt\/filc-polerski-na-rzep-krazek-czepny-125-mm\/#breadcrumb","itemListElement":[{"@type":"ListItem","position":1,"name":"Strona g\u0142\u00f3wna","item":"https:\/\/bobimarket.pl\/"},{"@type":"ListItem","position":2,"name":"Sklep","item":"https:\/\/bobimarket.pl\/index.php\/shop\/"},{"@type":"ListItem","position":3,"name":"FILC POLERSKI NA RZEP KR\u0104\u017bEK CZEPNY 125 mm"}]},{"@type":"WebSite","@id":"https:\/\/bobimarket.pl\/#website","url":"https:\/\/bobimarket.pl\/","name":"BOBIMARKET.pl - Remontuj i urz\u0105dzaj z nami","description":"Remontuj i urz\u0105dzaj z nami","publisher":{"@id":"https:\/\/bobimarket.pl\/#organization"},"potentialAction":[{"@type":"SearchAction","target":{"@type":"EntryPoint","urlTemplate":"https:\/\/bobimarket.pl\/?s={search_term_string}"},"query-input":"required name=search_term_string"}],"inLanguage":"pl-PL"},{"@type":"Organization","@id":"https:\/\/bobimarket.pl\/#organization","name":"BOBIMARKET.pl","url":"https:\/\/bobimarket.pl\/","logo":{"@type":"ImageObject","inLanguage":"pl-PL","@id":"https:\/\/bobimarket.pl\/#\/schema\/logo\/image\/","url":"https:\/\/bobimarket.pl\/wp-content\/uploads\/2021\/11\/slogan.png","contentUrl":"https:\/\/bobimarket.pl\/wp-content\/uploads\/2021\/11\/slogan.png","width":2000,"height":384,"caption":"BOBIMARKET.pl"},"image":{"@id":"https:\/\/bobimarket.pl\/#\/schema\/logo\/image\/"}}]}},"_links":{"self":[{"href":"https:\/\/bobimarket.pl\/index.php\/wp-json\/wp\/v2\/product\/81464"}],"collection":[{"href":"https:\/\/bobimarket.pl\/index.php\/wp-json\/wp\/v2\/product"}],"about":[{"href":"https:\/\/bobimarket.pl\/index.php\/wp-json\/wp\/v2\/types\/product"}],"wp:featuredmedia":[{"embeddable":true,"href":"https:\/\/bobimarket.pl\/index.php\/wp-json\/wp\/v2\/media\/81459"}],"wp:attachment":[{"href":"https:\/\/bobimarket.pl\/index.php\/wp-json\/wp\/v2\/media?parent=81464"}],"wp:term":[{"taxonomy":"product_cat","embeddable":true,"href":"https:\/\/bobimarket.pl\/index.php\/wp-json\/wp\/v2\/product_cat?post=81464"},{"taxonomy":"product_tag","embeddable":true,"href":"https:\/\/bobimarket.pl\/index.php\/wp-json\/wp\/v2\/product_tag?post=81464"}],"curies":[{"name":"wp","href":"https:\/\/api.w.org\/{rel}","templated":true}]}}