{"id":81468,"date":"2023-08-29T16:37:17","date_gmt":"2023-08-29T16:37:17","guid":{"rendered":"https:\/\/bobimarket.pl\/index.php\/produkt\/dysk-do-szlifierki-katowej-na-rzep-gabka-150mm\/"},"modified":"2025-02-27T13:41:19","modified_gmt":"2025-02-27T13:41:19","slug":"dysk-do-szlifierki-katowej-na-rzep-gabka-150mm","status":"publish","type":"product","link":"https:\/\/bobimarket.pl\/index.php\/produkt\/dysk-do-szlifierki-katowej-na-rzep-gabka-150mm\/","title":{"rendered":"DYSK DO SZLIFIERKI K\u0104TOWEJ NA RZEP G\u0104BKA 150MM"},"content":{"rendered":"<section class=\"section\">\n<div class=\"item item-6\">\n<section class=\"image-item\">\n                <img decoding=\"async\" src=\"https:\/\/upload.cdn.baselinker.com\/products\/14476\/b626b55ee0d9e9923e8475cd28783303.jpg\" \/><br \/>\n            <\/section>\n<\/p><\/div>\n<div class=\"item item-6\">\n<section class=\"text-item\">\n<h2>DYSK SZLIFIERSKI POLERSKI 150MM RZEP<\/h2>\n<p><b>DANE TECHNICZNE:<\/b><\/p>\n<ul>\n<li>\u015arednica zewn\u0119trzna: <b>150 mm<\/b><\/li>\n<li>Mocowanie: <b>gwint M14<\/b><\/li>\n<li>Dopuszczalna pr\u0119dko\u015b\u0107: <b>12 500 obr\/min<\/b><\/li>\n<\/ul>\n<\/section><\/div>\n<\/section>\n<section class=\"section\">\n<div class=\"item item-6\">\n<section class=\"image-item\">\n                <img decoding=\"async\" src=\"https:\/\/upload.cdn.baselinker.com\/products\/14476\/32c61d267607c31e70efe9272485ceb6.jpg\" \/><br \/>\n            <\/section>\n<\/p><\/div>\n<div class=\"item item-6\">\n<section class=\"text-item\">\n<p>Wytrzyma\u0142y dysk przeznaczony <b>do szlifierki k\u0105towej z na gwint M14.<\/b>\u00a0\u015arednica zewn\u0119trzna dysku wynosi 150 mm. U\u017cycie dysku sprawia, \u017ce z \u0142atwo\u015bci\u0105 mo\u017cna zmieni\u0107 rodzaj kr\u0105\u017ck\u00f3w, kt\u00f3rymi pracujemy.\u00a0<\/p>\n<p><b>\u2705 <\/b><b>Gruba g\u0105bka<\/b> zapewnia stabiln\u0105 prac\u0119 t\u0142umi\u0105c wibracje. Dodatkowo g\u0105bka <b>u\u0142atwia obr\u00f3bk\u0119<\/b> nier\u00f3wnomiernych powierzchni.\u00a0<\/p>\n<\/section><\/div>\n<\/section>\n<section class=\"section\">\n<div class=\"item item-6\">\n<section class=\"image-item\">\n                <img decoding=\"async\" src=\"https:\/\/upload.cdn.baselinker.com\/products\/14476\/b626b55ee0d9e9923e8475cd28783303.jpg\" \/><br \/>\n            <\/section>\n<\/p><\/div>\n<div class=\"item item-6\">\n<section class=\"text-item\">\n<p><b>\u2705 Zastosowanie:\u00a0<\/b><\/p>\n<p>Dysk s\u0142u\u017cy do polerowania i\u00a0szlifowania za pomoc\u0105 mocowanych kr\u0105\u017ck\u00f3w \u015bciernych. Akcesorium sprawdzi si\u0119 zar\u00f3wno w przydomowych warsztatach jak i u profesjonalist\u00f3w.\u00a0<\/p>\n<ul>\n<li><b>Kr\u0105\u017cki s\u0105 mocowane do dysku za pomoc\u0105 rzepu. <\/b>Zastosowanie dysku umo\u017cliwia szybk\u0105 wymian\u0119 ro\u017cnego rodzaju kr\u0105\u017ck\u00f3w \u015bciernych.\u00a0<\/li>\n<\/ul>\n<\/section><\/div>\n<\/section>\n<section class=\"section\">\n<div class=\"item item-6\">\n<section class=\"image-item\">\n                <img decoding=\"async\" src=\"https:\/\/upload.cdn.baselinker.com\/products\/14476\/b626b55ee0d9e9923e8475cd28783303.jpg\" \/><br \/>\n            <\/section>\n<\/p><\/div>\n<div class=\"item item-6\">\n<section class=\"image-item\">\n                <img decoding=\"async\" src=\"https:\/\/upload.cdn.baselinker.com\/products\/14476\/32c61d267607c31e70efe9272485ceb6.jpg\" \/><br \/>\n            <\/section>\n<\/p><\/div>\n<\/section>\n","protected":false},"excerpt":{"rendered":"<p>DYSK SZLIFIERSKI POLERSKI 150MM RZEP DANE TECHNICZNE: \u015arednica zewn\u0119trzna: 150 mm Mocowanie: gwint M14 Dopuszczalna pr\u0119dko\u015b\u0107: 12 500 obr\/min Wytrzyma\u0142y dysk przeznaczony do szlifierki k\u0105towej z na gwint M14.\u00a0\u015arednica zewn\u0119trzna dysku wynosi 150 mm. U\u017cycie dysku sprawia, \u017ce z \u0142atwo\u015bci\u0105 mo\u017cna zmieni\u0107 rodzaj kr\u0105\u017ck\u00f3w, kt\u00f3rymi pracujemy.\u00a0 \u2705 Gruba g\u0105bka zapewnia stabiln\u0105 prac\u0119 t\u0142umi\u0105c wibracje. Dodatkowo<br \/><a class=\"more-link\" href=\"https:\/\/bobimarket.pl\/index.php\/produkt\/dysk-do-szlifierki-katowej-na-rzep-gabka-150mm\/\"><br \/>\n        Czytaj wi\u0119cej<span class=\"screen-reader-text\"> &#8222;DYSK DO SZLIFIERKI K\u0104TOWEJ NA RZEP G\u0104BKA 150MM&#8221;<\/span><\/a><\/p>\n","protected":false},"featured_media":81465,"template":"","meta":[],"product_cat":[8111],"product_tag":[],"yoast_head":"<!-- This site is optimized with the Yoast SEO plugin v21.0 - https:\/\/yoast.com\/wordpress\/plugins\/seo\/ -->\n<title>DYSK DO SZLIFIERKI K\u0104TOWEJ NA RZEP G\u0104BKA 150MM - BOBIMARKET.pl - Remontuj i urz\u0105dzaj z nami<\/title>\n<meta name=\"robots\" content=\"index, follow, max-snippet:-1, max-image-preview:large, max-video-preview:-1\" \/>\n<link rel=\"canonical\" href=\"https:\/\/bobimarket.pl\/index.php\/produkt\/dysk-do-szlifierki-katowej-na-rzep-gabka-150mm\/\" \/>\n<meta property=\"og:locale\" content=\"pl_PL\" \/>\n<meta property=\"og:type\" content=\"article\" \/>\n<meta property=\"og:title\" content=\"DYSK DO SZLIFIERKI K\u0104TOWEJ NA RZEP G\u0104BKA 150MM - BOBIMARKET.pl - Remontuj i urz\u0105dzaj z nami\" \/>\n<meta property=\"og:description\" content=\"DYSK SZLIFIERSKI POLERSKI 150MM RZEP DANE TECHNICZNE: \u015arednica zewn\u0119trzna: 150 mm Mocowanie: gwint M14 Dopuszczalna pr\u0119dko\u015b\u0107: 12 500 obr\/min Wytrzyma\u0142y dysk przeznaczony do szlifierki k\u0105towej z na gwint M14.\u00a0\u015arednica zewn\u0119trzna dysku wynosi 150 mm. U\u017cycie dysku sprawia, \u017ce z \u0142atwo\u015bci\u0105 mo\u017cna zmieni\u0107 rodzaj kr\u0105\u017ck\u00f3w, kt\u00f3rymi pracujemy.\u00a0 \u2705 Gruba g\u0105bka zapewnia stabiln\u0105 prac\u0119 t\u0142umi\u0105c wibracje. Dodatkowo     Czytaj wi\u0119cej &quot;DYSK DO SZLIFIERKI K\u0104TOWEJ NA RZEP G\u0104BKA 150MM&quot;\" \/>\n<meta property=\"og:url\" content=\"https:\/\/bobimarket.pl\/index.php\/produkt\/dysk-do-szlifierki-katowej-na-rzep-gabka-150mm\/\" \/>\n<meta property=\"og:site_name\" content=\"BOBIMARKET.pl - Remontuj i urz\u0105dzaj z nami\" \/>\n<meta property=\"article:modified_time\" content=\"2025-02-27T13:41:19+00:00\" \/>\n<meta property=\"og:image\" content=\"https:\/\/upload.cdn.baselinker.com\/products\/14476\/b626b55ee0d9e9923e8475cd28783303.jpg\" \/>\n<meta name=\"twitter:card\" content=\"summary_large_image\" \/>\n<meta name=\"twitter:label1\" content=\"Szacowany czas czytania\" \/>\n\t<meta name=\"twitter:data1\" content=\"1 minuta\" \/>\n<script type=\"application\/ld+json\" class=\"yoast-schema-graph\">{\"@context\":\"https:\/\/schema.org\",\"@graph\":[{\"@type\":\"WebPage\",\"@id\":\"https:\/\/bobimarket.pl\/index.php\/produkt\/dysk-do-szlifierki-katowej-na-rzep-gabka-150mm\/\",\"url\":\"https:\/\/bobimarket.pl\/index.php\/produkt\/dysk-do-szlifierki-katowej-na-rzep-gabka-150mm\/\",\"name\":\"DYSK DO SZLIFIERKI K\u0104TOWEJ NA RZEP G\u0104BKA 150MM - BOBIMARKET.pl - Remontuj i urz\u0105dzaj z nami\",\"isPartOf\":{\"@id\":\"https:\/\/bobimarket.pl\/#website\"},\"datePublished\":\"2023-08-29T16:37:17+00:00\",\"dateModified\":\"2025-02-27T13:41:19+00:00\",\"breadcrumb\":{\"@id\":\"https:\/\/bobimarket.pl\/index.php\/produkt\/dysk-do-szlifierki-katowej-na-rzep-gabka-150mm\/#breadcrumb\"},\"inLanguage\":\"pl-PL\",\"potentialAction\":[{\"@type\":\"ReadAction\",\"target\":[\"https:\/\/bobimarket.pl\/index.php\/produkt\/dysk-do-szlifierki-katowej-na-rzep-gabka-150mm\/\"]}]},{\"@type\":\"BreadcrumbList\",\"@id\":\"https:\/\/bobimarket.pl\/index.php\/produkt\/dysk-do-szlifierki-katowej-na-rzep-gabka-150mm\/#breadcrumb\",\"itemListElement\":[{\"@type\":\"ListItem\",\"position\":1,\"name\":\"Strona g\u0142\u00f3wna\",\"item\":\"https:\/\/bobimarket.pl\/\"},{\"@type\":\"ListItem\",\"position\":2,\"name\":\"Sklep\",\"item\":\"https:\/\/bobimarket.pl\/index.php\/shop\/\"},{\"@type\":\"ListItem\",\"position\":3,\"name\":\"DYSK DO SZLIFIERKI K\u0104TOWEJ NA RZEP G\u0104BKA 150MM\"}]},{\"@type\":\"WebSite\",\"@id\":\"https:\/\/bobimarket.pl\/#website\",\"url\":\"https:\/\/bobimarket.pl\/\",\"name\":\"BOBIMARKET.pl - Remontuj i urz\u0105dzaj z nami\",\"description\":\"Remontuj i urz\u0105dzaj z nami\",\"publisher\":{\"@id\":\"https:\/\/bobimarket.pl\/#organization\"},\"potentialAction\":[{\"@type\":\"SearchAction\",\"target\":{\"@type\":\"EntryPoint\",\"urlTemplate\":\"https:\/\/bobimarket.pl\/?s={search_term_string}\"},\"query-input\":\"required name=search_term_string\"}],\"inLanguage\":\"pl-PL\"},{\"@type\":\"Organization\",\"@id\":\"https:\/\/bobimarket.pl\/#organization\",\"name\":\"BOBIMARKET.pl\",\"url\":\"https:\/\/bobimarket.pl\/\",\"logo\":{\"@type\":\"ImageObject\",\"inLanguage\":\"pl-PL\",\"@id\":\"https:\/\/bobimarket.pl\/#\/schema\/logo\/image\/\",\"url\":\"https:\/\/bobimarket.pl\/wp-content\/uploads\/2021\/11\/slogan.png\",\"contentUrl\":\"https:\/\/bobimarket.pl\/wp-content\/uploads\/2021\/11\/slogan.png\",\"width\":2000,\"height\":384,\"caption\":\"BOBIMARKET.pl\"},\"image\":{\"@id\":\"https:\/\/bobimarket.pl\/#\/schema\/logo\/image\/\"}}]}<\/script>\n<!-- \/ Yoast SEO plugin. -->","yoast_head_json":{"title":"DYSK DO SZLIFIERKI K\u0104TOWEJ NA RZEP G\u0104BKA 150MM - BOBIMARKET.pl - Remontuj i urz\u0105dzaj z nami","robots":{"index":"index","follow":"follow","max-snippet":"max-snippet:-1","max-image-preview":"max-image-preview:large","max-video-preview":"max-video-preview:-1"},"canonical":"https:\/\/bobimarket.pl\/index.php\/produkt\/dysk-do-szlifierki-katowej-na-rzep-gabka-150mm\/","og_locale":"pl_PL","og_type":"article","og_title":"DYSK DO SZLIFIERKI K\u0104TOWEJ NA RZEP G\u0104BKA 150MM - BOBIMARKET.pl - Remontuj i urz\u0105dzaj z nami","og_description":"DYSK SZLIFIERSKI POLERSKI 150MM RZEP DANE TECHNICZNE: \u015arednica zewn\u0119trzna: 150 mm Mocowanie: gwint M14 Dopuszczalna pr\u0119dko\u015b\u0107: 12 500 obr\/min Wytrzyma\u0142y dysk przeznaczony do szlifierki k\u0105towej z na gwint M14.\u00a0\u015arednica zewn\u0119trzna dysku wynosi 150 mm. U\u017cycie dysku sprawia, \u017ce z \u0142atwo\u015bci\u0105 mo\u017cna zmieni\u0107 rodzaj kr\u0105\u017ck\u00f3w, kt\u00f3rymi pracujemy.\u00a0 \u2705 Gruba g\u0105bka zapewnia stabiln\u0105 prac\u0119 t\u0142umi\u0105c wibracje. Dodatkowo     Czytaj wi\u0119cej \"DYSK DO SZLIFIERKI K\u0104TOWEJ NA RZEP G\u0104BKA 150MM\"","og_url":"https:\/\/bobimarket.pl\/index.php\/produkt\/dysk-do-szlifierki-katowej-na-rzep-gabka-150mm\/","og_site_name":"BOBIMARKET.pl - Remontuj i urz\u0105dzaj z nami","article_modified_time":"2025-02-27T13:41:19+00:00","og_image":[{"url":"https:\/\/upload.cdn.baselinker.com\/products\/14476\/b626b55ee0d9e9923e8475cd28783303.jpg"}],"twitter_card":"summary_large_image","twitter_misc":{"Szacowany czas czytania":"1 minuta"},"schema":{"@context":"https:\/\/schema.org","@graph":[{"@type":"WebPage","@id":"https:\/\/bobimarket.pl\/index.php\/produkt\/dysk-do-szlifierki-katowej-na-rzep-gabka-150mm\/","url":"https:\/\/bobimarket.pl\/index.php\/produkt\/dysk-do-szlifierki-katowej-na-rzep-gabka-150mm\/","name":"DYSK DO SZLIFIERKI K\u0104TOWEJ NA RZEP G\u0104BKA 150MM - BOBIMARKET.pl - Remontuj i urz\u0105dzaj z nami","isPartOf":{"@id":"https:\/\/bobimarket.pl\/#website"},"datePublished":"2023-08-29T16:37:17+00:00","dateModified":"2025-02-27T13:41:19+00:00","breadcrumb":{"@id":"https:\/\/bobimarket.pl\/index.php\/produkt\/dysk-do-szlifierki-katowej-na-rzep-gabka-150mm\/#breadcrumb"},"inLanguage":"pl-PL","potentialAction":[{"@type":"ReadAction","target":["https:\/\/bobimarket.pl\/index.php\/produkt\/dysk-do-szlifierki-katowej-na-rzep-gabka-150mm\/"]}]},{"@type":"BreadcrumbList","@id":"https:\/\/bobimarket.pl\/index.php\/produkt\/dysk-do-szlifierki-katowej-na-rzep-gabka-150mm\/#breadcrumb","itemListElement":[{"@type":"ListItem","position":1,"name":"Strona g\u0142\u00f3wna","item":"https:\/\/bobimarket.pl\/"},{"@type":"ListItem","position":2,"name":"Sklep","item":"https:\/\/bobimarket.pl\/index.php\/shop\/"},{"@type":"ListItem","position":3,"name":"DYSK DO SZLIFIERKI K\u0104TOWEJ NA RZEP G\u0104BKA 150MM"}]},{"@type":"WebSite","@id":"https:\/\/bobimarket.pl\/#website","url":"https:\/\/bobimarket.pl\/","name":"BOBIMARKET.pl - Remontuj i urz\u0105dzaj z nami","description":"Remontuj i urz\u0105dzaj z nami","publisher":{"@id":"https:\/\/bobimarket.pl\/#organization"},"potentialAction":[{"@type":"SearchAction","target":{"@type":"EntryPoint","urlTemplate":"https:\/\/bobimarket.pl\/?s={search_term_string}"},"query-input":"required name=search_term_string"}],"inLanguage":"pl-PL"},{"@type":"Organization","@id":"https:\/\/bobimarket.pl\/#organization","name":"BOBIMARKET.pl","url":"https:\/\/bobimarket.pl\/","logo":{"@type":"ImageObject","inLanguage":"pl-PL","@id":"https:\/\/bobimarket.pl\/#\/schema\/logo\/image\/","url":"https:\/\/bobimarket.pl\/wp-content\/uploads\/2021\/11\/slogan.png","contentUrl":"https:\/\/bobimarket.pl\/wp-content\/uploads\/2021\/11\/slogan.png","width":2000,"height":384,"caption":"BOBIMARKET.pl"},"image":{"@id":"https:\/\/bobimarket.pl\/#\/schema\/logo\/image\/"}}]}},"_links":{"self":[{"href":"https:\/\/bobimarket.pl\/index.php\/wp-json\/wp\/v2\/product\/81468"}],"collection":[{"href":"https:\/\/bobimarket.pl\/index.php\/wp-json\/wp\/v2\/product"}],"about":[{"href":"https:\/\/bobimarket.pl\/index.php\/wp-json\/wp\/v2\/types\/product"}],"wp:featuredmedia":[{"embeddable":true,"href":"https:\/\/bobimarket.pl\/index.php\/wp-json\/wp\/v2\/media\/81465"}],"wp:attachment":[{"href":"https:\/\/bobimarket.pl\/index.php\/wp-json\/wp\/v2\/media?parent=81468"}],"wp:term":[{"taxonomy":"product_cat","embeddable":true,"href":"https:\/\/bobimarket.pl\/index.php\/wp-json\/wp\/v2\/product_cat?post=81468"},{"taxonomy":"product_tag","embeddable":true,"href":"https:\/\/bobimarket.pl\/index.php\/wp-json\/wp\/v2\/product_tag?post=81468"}],"curies":[{"name":"wp","href":"https:\/\/api.w.org\/{rel}","templated":true}]}}