{"id":81490,"date":"2023-08-29T16:38:54","date_gmt":"2023-08-29T16:38:54","guid":{"rendered":"https:\/\/bobimarket.pl\/index.php\/produkt\/kostka-gabka-diamentowa-do-gresu-kamienia-gr100\/"},"modified":"2025-02-27T13:41:34","modified_gmt":"2025-02-27T13:41:34","slug":"kostka-gabka-diamentowa-do-gresu-kamienia-gr100","status":"publish","type":"product","link":"https:\/\/bobimarket.pl\/index.php\/produkt\/kostka-gabka-diamentowa-do-gresu-kamienia-gr100\/","title":{"rendered":"KOSTKA G\u0104BKA DIAMENTOWA DO GRESU KAMIENIA GR100"},"content":{"rendered":"<section class=\"section\">\n<div class=\"item item-6\">\n<section class=\"image-item\">\n                <img decoding=\"async\" src=\"https:\/\/upload.cdn.baselinker.com\/products\/14476\/d9aba9fac6faa5d9c6545fce9081962b.jpg\" \/><br \/>\n            <\/section>\n<\/p><\/div>\n<div class=\"item item-6\">\n<section class=\"text-item\">\n<h2>KOSTKA G\u0104BKA DIAMENTOWA DO GRESU P\u0141YT KAMIENIA GR100<\/h2>\n<p><b>Dane techniczne:<\/b><\/p>\n<ul>\n<li>Wymiary: <b>94 mm x 60 mm x 32 mm<\/b><\/li>\n<li>Gradacja:<b> 100<\/b><\/li>\n<li>Materia\u0142 g\u0142\u00f3wny: <b>EVA<\/b><\/li>\n<\/ul>\n<\/section><\/div>\n<\/section>\n<section class=\"section\">\n<div class=\"item item-6\">\n<section class=\"image-item\">\n                <img decoding=\"async\" src=\"https:\/\/upload.cdn.baselinker.com\/products\/14476\/a5dc8add09b421903a9bc37da6ae8d47.jpg\" \/><br \/>\n            <\/section>\n<\/p><\/div>\n<div class=\"item item-6\">\n<section class=\"text-item\">\n<p>Praktyczna g\u0105bka <b>z nasypem diamentowym<\/b> o gradacji 100 przeznaczona do szlifowania r\u0119cznego. Idealna do obr\u00f3bki twardych materia\u0142\u00f3w.<\/p>\n<ul>\n<li>Kostka jest przeznaczona zar\u00f3wno do <b>pracy na morko jak i na sucho.<\/b><\/li>\n<li>Niewielki rozmiar jest <b>dopasowany do d\u0142oni<\/b> i u\u0142atwia prac\u0119 w trudno dost\u0119pnych miejscach.<\/li>\n<li>Ergonomi\u0119 uchwytu <b>zapewnia wci\u0119cia boczne<\/b>, kt\u00f3re sprawiaj\u0105, \u017ce r\u0119ka mniej si\u0119 m\u0119czy w ci\u0105gu pracy.<\/li>\n<\/ul>\n<\/section><\/div>\n<\/section>\n<section class=\"section\">\n<div class=\"item item-6\">\n<section class=\"image-item\">\n                <img decoding=\"async\" src=\"https:\/\/upload.cdn.baselinker.com\/products\/14476\/3ad91c1911df0cac126b2a03b5807762.jpg\" \/><br \/>\n            <\/section>\n<\/p><\/div>\n<div class=\"item item-6\">\n<section class=\"text-item\">\n<p><b>\u2705 Zastosowanie:<\/b><\/p>\n<p>G\u0105bki diamentowe przeznaczone <b>do szlifowania gresu, p\u0142ytek pod\u0142ogowych, kamienia naturalnego itp.<\/b><\/p>\n<ul>\n<li>G\u0105bka mo\u017ce si\u0119 przyda\u0107 do wyr\u00f3wnywania ci\u0119tych kraw\u0119dzi p\u0142ytek.<\/li>\n<li>Sprawdzi si\u0119 do wyg\u0142adzania odprysk\u00f3w po ci\u0119ciu tarczami diamentowymi.<\/li>\n<\/ul>\n<\/section><\/div>\n<\/section>\n<section class=\"section\">\n<div class=\"item item-12\">\n<section class=\"image-item\">\n                <img decoding=\"async\" src=\"https:\/\/upload.cdn.baselinker.com\/products\/14476\/d9aba9fac6faa5d9c6545fce9081962b.jpg\" \/><br \/>\n            <\/section>\n<\/p><\/div>\n<\/section>\n","protected":false},"excerpt":{"rendered":"<p>KOSTKA G\u0104BKA DIAMENTOWA DO GRESU P\u0141YT KAMIENIA GR100 Dane techniczne: Wymiary: 94 mm x 60 mm x 32 mm Gradacja: 100 Materia\u0142 g\u0142\u00f3wny: EVA Praktyczna g\u0105bka z nasypem diamentowym o gradacji 100 przeznaczona do szlifowania r\u0119cznego. Idealna do obr\u00f3bki twardych materia\u0142\u00f3w. Kostka jest przeznaczona zar\u00f3wno do pracy na morko jak i na sucho. Niewielki rozmiar<br \/><a class=\"more-link\" href=\"https:\/\/bobimarket.pl\/index.php\/produkt\/kostka-gabka-diamentowa-do-gresu-kamienia-gr100\/\"><br \/>\n        Czytaj wi\u0119cej<span class=\"screen-reader-text\"> &#8222;KOSTKA G\u0104BKA DIAMENTOWA DO GRESU KAMIENIA GR100&#8221;<\/span><\/a><\/p>\n","protected":false},"featured_media":81485,"template":"","meta":[],"product_cat":[8111],"product_tag":[],"yoast_head":"<!-- This site is optimized with the Yoast SEO plugin v21.0 - https:\/\/yoast.com\/wordpress\/plugins\/seo\/ -->\n<title>KOSTKA G\u0104BKA DIAMENTOWA DO GRESU KAMIENIA GR100 - BOBIMARKET.pl - Remontuj i urz\u0105dzaj z nami<\/title>\n<meta name=\"robots\" content=\"index, follow, max-snippet:-1, max-image-preview:large, max-video-preview:-1\" \/>\n<link rel=\"canonical\" href=\"https:\/\/bobimarket.pl\/index.php\/produkt\/kostka-gabka-diamentowa-do-gresu-kamienia-gr100\/\" \/>\n<meta property=\"og:locale\" content=\"pl_PL\" \/>\n<meta property=\"og:type\" content=\"article\" \/>\n<meta property=\"og:title\" content=\"KOSTKA G\u0104BKA DIAMENTOWA DO GRESU KAMIENIA GR100 - BOBIMARKET.pl - Remontuj i urz\u0105dzaj z nami\" \/>\n<meta property=\"og:description\" content=\"KOSTKA G\u0104BKA DIAMENTOWA DO GRESU P\u0141YT KAMIENIA GR100 Dane techniczne: Wymiary: 94 mm x 60 mm x 32 mm Gradacja: 100 Materia\u0142 g\u0142\u00f3wny: EVA Praktyczna g\u0105bka z nasypem diamentowym o gradacji 100 przeznaczona do szlifowania r\u0119cznego. Idealna do obr\u00f3bki twardych materia\u0142\u00f3w. Kostka jest przeznaczona zar\u00f3wno do pracy na morko jak i na sucho. Niewielki rozmiar     Czytaj wi\u0119cej &quot;KOSTKA G\u0104BKA DIAMENTOWA DO GRESU KAMIENIA GR100&quot;\" \/>\n<meta property=\"og:url\" content=\"https:\/\/bobimarket.pl\/index.php\/produkt\/kostka-gabka-diamentowa-do-gresu-kamienia-gr100\/\" \/>\n<meta property=\"og:site_name\" content=\"BOBIMARKET.pl - Remontuj i urz\u0105dzaj z nami\" \/>\n<meta property=\"article:modified_time\" content=\"2025-02-27T13:41:34+00:00\" \/>\n<meta property=\"og:image\" content=\"https:\/\/upload.cdn.baselinker.com\/products\/14476\/d9aba9fac6faa5d9c6545fce9081962b.jpg\" \/>\n<meta name=\"twitter:card\" content=\"summary_large_image\" \/>\n<meta name=\"twitter:label1\" content=\"Szacowany czas czytania\" \/>\n\t<meta name=\"twitter:data1\" content=\"1 minuta\" \/>\n<script type=\"application\/ld+json\" class=\"yoast-schema-graph\">{\"@context\":\"https:\/\/schema.org\",\"@graph\":[{\"@type\":\"WebPage\",\"@id\":\"https:\/\/bobimarket.pl\/index.php\/produkt\/kostka-gabka-diamentowa-do-gresu-kamienia-gr100\/\",\"url\":\"https:\/\/bobimarket.pl\/index.php\/produkt\/kostka-gabka-diamentowa-do-gresu-kamienia-gr100\/\",\"name\":\"KOSTKA G\u0104BKA DIAMENTOWA DO GRESU KAMIENIA GR100 - BOBIMARKET.pl - Remontuj i urz\u0105dzaj z nami\",\"isPartOf\":{\"@id\":\"https:\/\/bobimarket.pl\/#website\"},\"datePublished\":\"2023-08-29T16:38:54+00:00\",\"dateModified\":\"2025-02-27T13:41:34+00:00\",\"breadcrumb\":{\"@id\":\"https:\/\/bobimarket.pl\/index.php\/produkt\/kostka-gabka-diamentowa-do-gresu-kamienia-gr100\/#breadcrumb\"},\"inLanguage\":\"pl-PL\",\"potentialAction\":[{\"@type\":\"ReadAction\",\"target\":[\"https:\/\/bobimarket.pl\/index.php\/produkt\/kostka-gabka-diamentowa-do-gresu-kamienia-gr100\/\"]}]},{\"@type\":\"BreadcrumbList\",\"@id\":\"https:\/\/bobimarket.pl\/index.php\/produkt\/kostka-gabka-diamentowa-do-gresu-kamienia-gr100\/#breadcrumb\",\"itemListElement\":[{\"@type\":\"ListItem\",\"position\":1,\"name\":\"Strona g\u0142\u00f3wna\",\"item\":\"https:\/\/bobimarket.pl\/\"},{\"@type\":\"ListItem\",\"position\":2,\"name\":\"Sklep\",\"item\":\"https:\/\/bobimarket.pl\/index.php\/shop\/\"},{\"@type\":\"ListItem\",\"position\":3,\"name\":\"KOSTKA G\u0104BKA DIAMENTOWA DO GRESU KAMIENIA GR100\"}]},{\"@type\":\"WebSite\",\"@id\":\"https:\/\/bobimarket.pl\/#website\",\"url\":\"https:\/\/bobimarket.pl\/\",\"name\":\"BOBIMARKET.pl - Remontuj i urz\u0105dzaj z nami\",\"description\":\"Remontuj i urz\u0105dzaj z nami\",\"publisher\":{\"@id\":\"https:\/\/bobimarket.pl\/#organization\"},\"potentialAction\":[{\"@type\":\"SearchAction\",\"target\":{\"@type\":\"EntryPoint\",\"urlTemplate\":\"https:\/\/bobimarket.pl\/?s={search_term_string}\"},\"query-input\":\"required name=search_term_string\"}],\"inLanguage\":\"pl-PL\"},{\"@type\":\"Organization\",\"@id\":\"https:\/\/bobimarket.pl\/#organization\",\"name\":\"BOBIMARKET.pl\",\"url\":\"https:\/\/bobimarket.pl\/\",\"logo\":{\"@type\":\"ImageObject\",\"inLanguage\":\"pl-PL\",\"@id\":\"https:\/\/bobimarket.pl\/#\/schema\/logo\/image\/\",\"url\":\"https:\/\/bobimarket.pl\/wp-content\/uploads\/2021\/11\/slogan.png\",\"contentUrl\":\"https:\/\/bobimarket.pl\/wp-content\/uploads\/2021\/11\/slogan.png\",\"width\":2000,\"height\":384,\"caption\":\"BOBIMARKET.pl\"},\"image\":{\"@id\":\"https:\/\/bobimarket.pl\/#\/schema\/logo\/image\/\"}}]}<\/script>\n<!-- \/ Yoast SEO plugin. -->","yoast_head_json":{"title":"KOSTKA G\u0104BKA DIAMENTOWA DO GRESU KAMIENIA GR100 - BOBIMARKET.pl - Remontuj i urz\u0105dzaj z nami","robots":{"index":"index","follow":"follow","max-snippet":"max-snippet:-1","max-image-preview":"max-image-preview:large","max-video-preview":"max-video-preview:-1"},"canonical":"https:\/\/bobimarket.pl\/index.php\/produkt\/kostka-gabka-diamentowa-do-gresu-kamienia-gr100\/","og_locale":"pl_PL","og_type":"article","og_title":"KOSTKA G\u0104BKA DIAMENTOWA DO GRESU KAMIENIA GR100 - BOBIMARKET.pl - Remontuj i urz\u0105dzaj z nami","og_description":"KOSTKA G\u0104BKA DIAMENTOWA DO GRESU P\u0141YT KAMIENIA GR100 Dane techniczne: Wymiary: 94 mm x 60 mm x 32 mm Gradacja: 100 Materia\u0142 g\u0142\u00f3wny: EVA Praktyczna g\u0105bka z nasypem diamentowym o gradacji 100 przeznaczona do szlifowania r\u0119cznego. Idealna do obr\u00f3bki twardych materia\u0142\u00f3w. Kostka jest przeznaczona zar\u00f3wno do pracy na morko jak i na sucho. Niewielki rozmiar     Czytaj wi\u0119cej \"KOSTKA G\u0104BKA DIAMENTOWA DO GRESU KAMIENIA GR100\"","og_url":"https:\/\/bobimarket.pl\/index.php\/produkt\/kostka-gabka-diamentowa-do-gresu-kamienia-gr100\/","og_site_name":"BOBIMARKET.pl - Remontuj i urz\u0105dzaj z nami","article_modified_time":"2025-02-27T13:41:34+00:00","og_image":[{"url":"https:\/\/upload.cdn.baselinker.com\/products\/14476\/d9aba9fac6faa5d9c6545fce9081962b.jpg"}],"twitter_card":"summary_large_image","twitter_misc":{"Szacowany czas czytania":"1 minuta"},"schema":{"@context":"https:\/\/schema.org","@graph":[{"@type":"WebPage","@id":"https:\/\/bobimarket.pl\/index.php\/produkt\/kostka-gabka-diamentowa-do-gresu-kamienia-gr100\/","url":"https:\/\/bobimarket.pl\/index.php\/produkt\/kostka-gabka-diamentowa-do-gresu-kamienia-gr100\/","name":"KOSTKA G\u0104BKA DIAMENTOWA DO GRESU KAMIENIA GR100 - BOBIMARKET.pl - Remontuj i urz\u0105dzaj z nami","isPartOf":{"@id":"https:\/\/bobimarket.pl\/#website"},"datePublished":"2023-08-29T16:38:54+00:00","dateModified":"2025-02-27T13:41:34+00:00","breadcrumb":{"@id":"https:\/\/bobimarket.pl\/index.php\/produkt\/kostka-gabka-diamentowa-do-gresu-kamienia-gr100\/#breadcrumb"},"inLanguage":"pl-PL","potentialAction":[{"@type":"ReadAction","target":["https:\/\/bobimarket.pl\/index.php\/produkt\/kostka-gabka-diamentowa-do-gresu-kamienia-gr100\/"]}]},{"@type":"BreadcrumbList","@id":"https:\/\/bobimarket.pl\/index.php\/produkt\/kostka-gabka-diamentowa-do-gresu-kamienia-gr100\/#breadcrumb","itemListElement":[{"@type":"ListItem","position":1,"name":"Strona g\u0142\u00f3wna","item":"https:\/\/bobimarket.pl\/"},{"@type":"ListItem","position":2,"name":"Sklep","item":"https:\/\/bobimarket.pl\/index.php\/shop\/"},{"@type":"ListItem","position":3,"name":"KOSTKA G\u0104BKA DIAMENTOWA DO GRESU KAMIENIA GR100"}]},{"@type":"WebSite","@id":"https:\/\/bobimarket.pl\/#website","url":"https:\/\/bobimarket.pl\/","name":"BOBIMARKET.pl - Remontuj i urz\u0105dzaj z nami","description":"Remontuj i urz\u0105dzaj z nami","publisher":{"@id":"https:\/\/bobimarket.pl\/#organization"},"potentialAction":[{"@type":"SearchAction","target":{"@type":"EntryPoint","urlTemplate":"https:\/\/bobimarket.pl\/?s={search_term_string}"},"query-input":"required name=search_term_string"}],"inLanguage":"pl-PL"},{"@type":"Organization","@id":"https:\/\/bobimarket.pl\/#organization","name":"BOBIMARKET.pl","url":"https:\/\/bobimarket.pl\/","logo":{"@type":"ImageObject","inLanguage":"pl-PL","@id":"https:\/\/bobimarket.pl\/#\/schema\/logo\/image\/","url":"https:\/\/bobimarket.pl\/wp-content\/uploads\/2021\/11\/slogan.png","contentUrl":"https:\/\/bobimarket.pl\/wp-content\/uploads\/2021\/11\/slogan.png","width":2000,"height":384,"caption":"BOBIMARKET.pl"},"image":{"@id":"https:\/\/bobimarket.pl\/#\/schema\/logo\/image\/"}}]}},"_links":{"self":[{"href":"https:\/\/bobimarket.pl\/index.php\/wp-json\/wp\/v2\/product\/81490"}],"collection":[{"href":"https:\/\/bobimarket.pl\/index.php\/wp-json\/wp\/v2\/product"}],"about":[{"href":"https:\/\/bobimarket.pl\/index.php\/wp-json\/wp\/v2\/types\/product"}],"wp:featuredmedia":[{"embeddable":true,"href":"https:\/\/bobimarket.pl\/index.php\/wp-json\/wp\/v2\/media\/81485"}],"wp:attachment":[{"href":"https:\/\/bobimarket.pl\/index.php\/wp-json\/wp\/v2\/media?parent=81490"}],"wp:term":[{"taxonomy":"product_cat","embeddable":true,"href":"https:\/\/bobimarket.pl\/index.php\/wp-json\/wp\/v2\/product_cat?post=81490"},{"taxonomy":"product_tag","embeddable":true,"href":"https:\/\/bobimarket.pl\/index.php\/wp-json\/wp\/v2\/product_tag?post=81490"}],"curies":[{"name":"wp","href":"https:\/\/api.w.org\/{rel}","templated":true}]}}