{"id":81509,"date":"2023-08-29T16:40:35","date_gmt":"2023-08-29T16:40:35","guid":{"rendered":"https:\/\/bobimarket.pl\/index.php\/produkt\/welna-stalowa-wata-do-polerowania-typ-1-200g\/"},"modified":"2025-02-27T13:41:46","modified_gmt":"2025-02-27T13:41:46","slug":"welna-stalowa-wata-do-polerowania-typ-1-200g","status":"publish","type":"product","link":"https:\/\/bobimarket.pl\/index.php\/produkt\/welna-stalowa-wata-do-polerowania-typ-1-200g\/","title":{"rendered":"WE\u0141NA STALOWA WATA DO POLEROWANIA TYP 1 200G"},"content":{"rendered":"<section class=\"section\">\n<div class=\"item item-6\">\n<section class=\"image-item\">\n            <img decoding=\"async\" src=\"https:\/\/upload.cdn.baselinker.com\/products\/14476\/7c3def1c20a81b9fcd18e30835d3d789.jpg\" \/><br \/>\n        <\/section>\n<\/p><\/div>\n<div class=\"item item-6\">\n<section class=\"text-item\">\n<h2>WE\u0141NA STALOWA WATA DO POLEROWANIA TYP 1 200G<\/h2>\n<p><b>Dane techniczne:<\/b><\/p>\n<ul>\n<li>Gradacja:<b> 1<\/b><\/li>\n<li>Waga: <b>200g<\/b><\/li>\n<\/ul>\n<p>\u00a0<\/p>\n<\/section><\/div>\n<\/section>\n<section class=\"section\">\n<div class=\"item item-6\">\n<section class=\"image-item\">\n            <img decoding=\"async\" src=\"https:\/\/upload.cdn.baselinker.com\/products\/14476\/a50686e50ede77ed93f07c933c92f896.jpg\" \/><br \/>\n        <\/section>\n<\/p><\/div>\n<div class=\"item item-6\">\n<section class=\"text-item\">\n<p><b>Praktyczny produkt sprawdzaj\u0105cy si\u0119 podczas prac renowacyjno-naprawczych!<\/b><\/p>\n<p>Wysokiej jako\u015bci we\u0142na stalowa o <b>gradacji 1<\/b>. Pakowana po <b>200g<\/b>. We\u0142na idealnie sprawdzi si\u0119 do czyszczenia ro\u017cnego rodzaju powierzchni i ma podobne zastosowanie co papiery \u015bcierne.<\/p>\n<p>R\u00f3\u017cne gradacje sprawiaj\u0105, \u017ce we\u0142na ma szerokie zastosowanie i mo\u017cna jej u\u017cywa\u0107 zar\u00f3wno do szlifowania, czyszczenia, wyg\u0142adzania, a nawet polerowania.<\/p>\n<\/section><\/div>\n<\/section>\n<section class=\"section\">\n<div class=\"item item-6\">\n<section class=\"image-item\">\n            <img decoding=\"async\" src=\"https:\/\/upload.cdn.baselinker.com\/products\/14476\/fac3de8dcda4ed99e7d47ff0946bd0b8.jpg\" \/><br \/>\n        <\/section>\n<\/p><\/div>\n<div class=\"item item-6\">\n<section class=\"text-item\">\n<p>Gradacja <b>1\u00a0<\/b> jest to we\u0142na <b>grubsza<\/b> i sztywniejsza. \u015awietnie sprawdzi sie do \u015bcierania pow\u0142ok podk\u0142adowych, czyszczenia tworzyw sztucznych, aluminium oraz mocnego czyszczenia drewna.<\/p>\n<p><b>\u2705 Zastosowanie:<\/b><\/p>\n<p>We\u0142ny stalowej o gradacji 1 mo\u017cna jej uzy\u0107 do:<\/p>\n<ul>\n<li>przygotowania, wyg\u0142adzenia s\u0142oi w drewnie,<\/li>\n<li>czyszczenia miedzianych rur, kszta\u0142tek,<\/li>\n<li>odb\u0142yszczania pomalowanych powierzchni przed na\u0142o\u017ceniem pow\u0142oki,<\/li>\n<li>czyszczenia pod\u0142\u00f3g z linoleum<\/li>\n<\/ul>\n<\/section><\/div>\n<\/section>\n<section class=\"section\">\n<div class=\"item item-12\">\n<section class=\"image-item\">\n            <img decoding=\"async\" src=\"https:\/\/upload.cdn.baselinker.com\/products\/14476\/a02c01aff8ef7d7a21359b2b8c178a2a.jpg\" \/><br \/>\n        <\/section>\n<\/p><\/div>\n<\/section>\n","protected":false},"excerpt":{"rendered":"<p>WE\u0141NA STALOWA WATA DO POLEROWANIA TYP 1 200G Dane techniczne: Gradacja: 1 Waga: 200g \u00a0 Praktyczny produkt sprawdzaj\u0105cy si\u0119 podczas prac renowacyjno-naprawczych! Wysokiej jako\u015bci we\u0142na stalowa o gradacji 1. Pakowana po 200g. We\u0142na idealnie sprawdzi si\u0119 do czyszczenia ro\u017cnego rodzaju powierzchni i ma podobne zastosowanie co papiery \u015bcierne. R\u00f3\u017cne gradacje sprawiaj\u0105, \u017ce we\u0142na ma szerokie<br \/><a class=\"more-link\" href=\"https:\/\/bobimarket.pl\/index.php\/produkt\/welna-stalowa-wata-do-polerowania-typ-1-200g\/\"><br \/>\n        Czytaj wi\u0119cej<span class=\"screen-reader-text\"> &#8222;WE\u0141NA STALOWA WATA DO POLEROWANIA TYP 1 200G&#8221;<\/span><\/a><\/p>\n","protected":false},"featured_media":81503,"template":"","meta":[],"product_cat":[8182],"product_tag":[],"yoast_head":"<!-- This site is optimized with the Yoast SEO plugin v21.0 - https:\/\/yoast.com\/wordpress\/plugins\/seo\/ -->\n<title>WE\u0141NA STALOWA WATA DO POLEROWANIA TYP 1 200G - BOBIMARKET.pl - Remontuj i urz\u0105dzaj z nami<\/title>\n<meta name=\"robots\" content=\"index, follow, max-snippet:-1, max-image-preview:large, max-video-preview:-1\" \/>\n<link rel=\"canonical\" href=\"https:\/\/bobimarket.pl\/index.php\/produkt\/welna-stalowa-wata-do-polerowania-typ-1-200g\/\" \/>\n<meta property=\"og:locale\" content=\"pl_PL\" \/>\n<meta property=\"og:type\" content=\"article\" \/>\n<meta property=\"og:title\" content=\"WE\u0141NA STALOWA WATA DO POLEROWANIA TYP 1 200G - BOBIMARKET.pl - Remontuj i urz\u0105dzaj z nami\" \/>\n<meta property=\"og:description\" content=\"WE\u0141NA STALOWA WATA DO POLEROWANIA TYP 1 200G Dane techniczne: Gradacja: 1 Waga: 200g \u00a0 Praktyczny produkt sprawdzaj\u0105cy si\u0119 podczas prac renowacyjno-naprawczych! Wysokiej jako\u015bci we\u0142na stalowa o gradacji 1. Pakowana po 200g. We\u0142na idealnie sprawdzi si\u0119 do czyszczenia ro\u017cnego rodzaju powierzchni i ma podobne zastosowanie co papiery \u015bcierne. R\u00f3\u017cne gradacje sprawiaj\u0105, \u017ce we\u0142na ma szerokie     Czytaj wi\u0119cej &quot;WE\u0141NA STALOWA WATA DO POLEROWANIA TYP 1 200G&quot;\" \/>\n<meta property=\"og:url\" content=\"https:\/\/bobimarket.pl\/index.php\/produkt\/welna-stalowa-wata-do-polerowania-typ-1-200g\/\" \/>\n<meta property=\"og:site_name\" content=\"BOBIMARKET.pl - Remontuj i urz\u0105dzaj z nami\" \/>\n<meta property=\"article:modified_time\" content=\"2025-02-27T13:41:46+00:00\" \/>\n<meta property=\"og:image\" content=\"https:\/\/upload.cdn.baselinker.com\/products\/14476\/7c3def1c20a81b9fcd18e30835d3d789.jpg\" \/>\n<meta name=\"twitter:card\" content=\"summary_large_image\" \/>\n<meta name=\"twitter:label1\" content=\"Szacowany czas czytania\" \/>\n\t<meta name=\"twitter:data1\" content=\"1 minuta\" \/>\n<script type=\"application\/ld+json\" class=\"yoast-schema-graph\">{\"@context\":\"https:\/\/schema.org\",\"@graph\":[{\"@type\":\"WebPage\",\"@id\":\"https:\/\/bobimarket.pl\/index.php\/produkt\/welna-stalowa-wata-do-polerowania-typ-1-200g\/\",\"url\":\"https:\/\/bobimarket.pl\/index.php\/produkt\/welna-stalowa-wata-do-polerowania-typ-1-200g\/\",\"name\":\"WE\u0141NA STALOWA WATA DO POLEROWANIA TYP 1 200G - BOBIMARKET.pl - Remontuj i urz\u0105dzaj z nami\",\"isPartOf\":{\"@id\":\"https:\/\/bobimarket.pl\/#website\"},\"datePublished\":\"2023-08-29T16:40:35+00:00\",\"dateModified\":\"2025-02-27T13:41:46+00:00\",\"breadcrumb\":{\"@id\":\"https:\/\/bobimarket.pl\/index.php\/produkt\/welna-stalowa-wata-do-polerowania-typ-1-200g\/#breadcrumb\"},\"inLanguage\":\"pl-PL\",\"potentialAction\":[{\"@type\":\"ReadAction\",\"target\":[\"https:\/\/bobimarket.pl\/index.php\/produkt\/welna-stalowa-wata-do-polerowania-typ-1-200g\/\"]}]},{\"@type\":\"BreadcrumbList\",\"@id\":\"https:\/\/bobimarket.pl\/index.php\/produkt\/welna-stalowa-wata-do-polerowania-typ-1-200g\/#breadcrumb\",\"itemListElement\":[{\"@type\":\"ListItem\",\"position\":1,\"name\":\"Strona g\u0142\u00f3wna\",\"item\":\"https:\/\/bobimarket.pl\/\"},{\"@type\":\"ListItem\",\"position\":2,\"name\":\"Sklep\",\"item\":\"https:\/\/bobimarket.pl\/index.php\/shop\/\"},{\"@type\":\"ListItem\",\"position\":3,\"name\":\"WE\u0141NA STALOWA WATA DO POLEROWANIA TYP 1 200G\"}]},{\"@type\":\"WebSite\",\"@id\":\"https:\/\/bobimarket.pl\/#website\",\"url\":\"https:\/\/bobimarket.pl\/\",\"name\":\"BOBIMARKET.pl - Remontuj i urz\u0105dzaj z nami\",\"description\":\"Remontuj i urz\u0105dzaj z nami\",\"publisher\":{\"@id\":\"https:\/\/bobimarket.pl\/#organization\"},\"potentialAction\":[{\"@type\":\"SearchAction\",\"target\":{\"@type\":\"EntryPoint\",\"urlTemplate\":\"https:\/\/bobimarket.pl\/?s={search_term_string}\"},\"query-input\":\"required name=search_term_string\"}],\"inLanguage\":\"pl-PL\"},{\"@type\":\"Organization\",\"@id\":\"https:\/\/bobimarket.pl\/#organization\",\"name\":\"BOBIMARKET.pl\",\"url\":\"https:\/\/bobimarket.pl\/\",\"logo\":{\"@type\":\"ImageObject\",\"inLanguage\":\"pl-PL\",\"@id\":\"https:\/\/bobimarket.pl\/#\/schema\/logo\/image\/\",\"url\":\"https:\/\/bobimarket.pl\/wp-content\/uploads\/2021\/11\/slogan.png\",\"contentUrl\":\"https:\/\/bobimarket.pl\/wp-content\/uploads\/2021\/11\/slogan.png\",\"width\":2000,\"height\":384,\"caption\":\"BOBIMARKET.pl\"},\"image\":{\"@id\":\"https:\/\/bobimarket.pl\/#\/schema\/logo\/image\/\"}}]}<\/script>\n<!-- \/ Yoast SEO plugin. -->","yoast_head_json":{"title":"WE\u0141NA STALOWA WATA DO POLEROWANIA TYP 1 200G - BOBIMARKET.pl - Remontuj i urz\u0105dzaj z nami","robots":{"index":"index","follow":"follow","max-snippet":"max-snippet:-1","max-image-preview":"max-image-preview:large","max-video-preview":"max-video-preview:-1"},"canonical":"https:\/\/bobimarket.pl\/index.php\/produkt\/welna-stalowa-wata-do-polerowania-typ-1-200g\/","og_locale":"pl_PL","og_type":"article","og_title":"WE\u0141NA STALOWA WATA DO POLEROWANIA TYP 1 200G - BOBIMARKET.pl - Remontuj i urz\u0105dzaj z nami","og_description":"WE\u0141NA STALOWA WATA DO POLEROWANIA TYP 1 200G Dane techniczne: Gradacja: 1 Waga: 200g \u00a0 Praktyczny produkt sprawdzaj\u0105cy si\u0119 podczas prac renowacyjno-naprawczych! Wysokiej jako\u015bci we\u0142na stalowa o gradacji 1. Pakowana po 200g. We\u0142na idealnie sprawdzi si\u0119 do czyszczenia ro\u017cnego rodzaju powierzchni i ma podobne zastosowanie co papiery \u015bcierne. R\u00f3\u017cne gradacje sprawiaj\u0105, \u017ce we\u0142na ma szerokie     Czytaj wi\u0119cej \"WE\u0141NA STALOWA WATA DO POLEROWANIA TYP 1 200G\"","og_url":"https:\/\/bobimarket.pl\/index.php\/produkt\/welna-stalowa-wata-do-polerowania-typ-1-200g\/","og_site_name":"BOBIMARKET.pl - Remontuj i urz\u0105dzaj z nami","article_modified_time":"2025-02-27T13:41:46+00:00","og_image":[{"url":"https:\/\/upload.cdn.baselinker.com\/products\/14476\/7c3def1c20a81b9fcd18e30835d3d789.jpg"}],"twitter_card":"summary_large_image","twitter_misc":{"Szacowany czas czytania":"1 minuta"},"schema":{"@context":"https:\/\/schema.org","@graph":[{"@type":"WebPage","@id":"https:\/\/bobimarket.pl\/index.php\/produkt\/welna-stalowa-wata-do-polerowania-typ-1-200g\/","url":"https:\/\/bobimarket.pl\/index.php\/produkt\/welna-stalowa-wata-do-polerowania-typ-1-200g\/","name":"WE\u0141NA STALOWA WATA DO POLEROWANIA TYP 1 200G - BOBIMARKET.pl - Remontuj i urz\u0105dzaj z nami","isPartOf":{"@id":"https:\/\/bobimarket.pl\/#website"},"datePublished":"2023-08-29T16:40:35+00:00","dateModified":"2025-02-27T13:41:46+00:00","breadcrumb":{"@id":"https:\/\/bobimarket.pl\/index.php\/produkt\/welna-stalowa-wata-do-polerowania-typ-1-200g\/#breadcrumb"},"inLanguage":"pl-PL","potentialAction":[{"@type":"ReadAction","target":["https:\/\/bobimarket.pl\/index.php\/produkt\/welna-stalowa-wata-do-polerowania-typ-1-200g\/"]}]},{"@type":"BreadcrumbList","@id":"https:\/\/bobimarket.pl\/index.php\/produkt\/welna-stalowa-wata-do-polerowania-typ-1-200g\/#breadcrumb","itemListElement":[{"@type":"ListItem","position":1,"name":"Strona g\u0142\u00f3wna","item":"https:\/\/bobimarket.pl\/"},{"@type":"ListItem","position":2,"name":"Sklep","item":"https:\/\/bobimarket.pl\/index.php\/shop\/"},{"@type":"ListItem","position":3,"name":"WE\u0141NA STALOWA WATA DO POLEROWANIA TYP 1 200G"}]},{"@type":"WebSite","@id":"https:\/\/bobimarket.pl\/#website","url":"https:\/\/bobimarket.pl\/","name":"BOBIMARKET.pl - Remontuj i urz\u0105dzaj z nami","description":"Remontuj i urz\u0105dzaj z nami","publisher":{"@id":"https:\/\/bobimarket.pl\/#organization"},"potentialAction":[{"@type":"SearchAction","target":{"@type":"EntryPoint","urlTemplate":"https:\/\/bobimarket.pl\/?s={search_term_string}"},"query-input":"required name=search_term_string"}],"inLanguage":"pl-PL"},{"@type":"Organization","@id":"https:\/\/bobimarket.pl\/#organization","name":"BOBIMARKET.pl","url":"https:\/\/bobimarket.pl\/","logo":{"@type":"ImageObject","inLanguage":"pl-PL","@id":"https:\/\/bobimarket.pl\/#\/schema\/logo\/image\/","url":"https:\/\/bobimarket.pl\/wp-content\/uploads\/2021\/11\/slogan.png","contentUrl":"https:\/\/bobimarket.pl\/wp-content\/uploads\/2021\/11\/slogan.png","width":2000,"height":384,"caption":"BOBIMARKET.pl"},"image":{"@id":"https:\/\/bobimarket.pl\/#\/schema\/logo\/image\/"}}]}},"_links":{"self":[{"href":"https:\/\/bobimarket.pl\/index.php\/wp-json\/wp\/v2\/product\/81509"}],"collection":[{"href":"https:\/\/bobimarket.pl\/index.php\/wp-json\/wp\/v2\/product"}],"about":[{"href":"https:\/\/bobimarket.pl\/index.php\/wp-json\/wp\/v2\/types\/product"}],"wp:featuredmedia":[{"embeddable":true,"href":"https:\/\/bobimarket.pl\/index.php\/wp-json\/wp\/v2\/media\/81503"}],"wp:attachment":[{"href":"https:\/\/bobimarket.pl\/index.php\/wp-json\/wp\/v2\/media?parent=81509"}],"wp:term":[{"taxonomy":"product_cat","embeddable":true,"href":"https:\/\/bobimarket.pl\/index.php\/wp-json\/wp\/v2\/product_cat?post=81509"},{"taxonomy":"product_tag","embeddable":true,"href":"https:\/\/bobimarket.pl\/index.php\/wp-json\/wp\/v2\/product_tag?post=81509"}],"curies":[{"name":"wp","href":"https:\/\/api.w.org\/{rel}","templated":true}]}}