{"id":81524,"date":"2023-08-29T16:41:51","date_gmt":"2023-08-29T16:41:51","guid":{"rendered":"https:\/\/bobimarket.pl\/index.php\/produkt\/wyciskacz-pistolet-do-silikonu-potrojnygratis\/"},"modified":"2025-02-27T13:41:53","modified_gmt":"2025-02-27T13:41:53","slug":"wyciskacz-pistolet-do-silikonu-potrojnygratis","status":"publish","type":"product","link":"https:\/\/bobimarket.pl\/index.php\/produkt\/wyciskacz-pistolet-do-silikonu-potrojnygratis\/","title":{"rendered":"WYCISKACZ PISTOLET DO SILIKONU POTR\u00d3JNY+GRATIS"},"content":{"rendered":"<section class=\"section\">\n<div class=\"item item-6\">\n<section class=\"image-item\">\n            <img decoding=\"async\" src=\"https:\/\/upload.cdn.baselinker.com\/products\/14476\/4fc7146359aa96eb60c92742ffc81255.jpg\" \/><br \/>\n        <\/section>\n<\/p><\/div>\n<div class=\"item item-6\">\n<section class=\"text-item\">\n<h2>WYCISKACZ PISTOLET DO SILIKONU POTR\u00d3JNY+GRATIS<\/h2>\n<p><b>Dane techniczne:<\/b><\/p>\n<ul>\n<li>D\u0142ugo\u015b\u0107 ca\u0142kowita: <b>225 mm<\/b><\/li>\n<li>Pojemno\u015b\u0107: <b>do 330 ml<\/b><\/li>\n<li>T\u0142oczysko z 3 pr\u0119t\u00f3w stalowych<\/li>\n<li>Materia\u0142: <b>stal\/ALUMINIUM<\/b><\/li>\n<\/ul>\n<p><b>GRATIS! Do wyciskacza do\u0142\u0105czamy r\u0119kawice robocze!<\/b><\/p>\n<p>R\u0119kawiczki wykonane s\u0105 z dzianiny i pokryte gum\u0105 od strony roboczej. Zako\u0144czone \u015bci\u0105gaczem. Rozmiar r\u0119kawic wysy\u0142any losowo!<\/p>\n<\/section><\/div>\n<\/section>\n<section class=\"section\">\n<div class=\"item item-6\">\n<section class=\"image-item\">\n            <img decoding=\"async\" src=\"https:\/\/upload.cdn.baselinker.com\/products\/14476\/8812998c15fbc3c1a15ef22057ff5bca.jpg\" \/><br \/>\n        <\/section>\n<\/p><\/div>\n<div class=\"item item-6\">\n<section class=\"text-item\">\n<p><b>Wysokiej jako\u015bci profesjonalny wyciskacz, kt\u00f3ry u\u0142atwi Twoj\u0105 prac\u0119! <\/b><\/p>\n<p>Solidny pistolet do mas plastycznych wykonany z blachy stalowej. Trwa\u0142a i solidna konstrukcja, dodatkowo <b>wzmocniona o przet\u0142oczenie wzd\u0142u\u017cne.<\/b> Przeznaczony do wsp\u00f3\u0142pracy z typowymi tubami o pojemno\u015bci 280 &#8211; 310 ml.\u00a0<\/p>\n<ul>\n<li>Wyciskacz zosta\u0142 zaopatrzony w<b> t\u0142oczysko z 3 pr\u0119t\u00f3w stalowych !!!<\/b><\/li>\n<li>Powierzchnia narz\u0119dzia <b>lakierowana proszkowo<\/b>, co stanowi zabezpieczenie przez rdz\u0105.<\/li>\n<li>Szeroki korpus zapewnia du\u017c\u0105 sztywno\u015b\u0107. Ponad narz\u0119dzie jest wyposa\u017cone w <b>wygodny uchwyt<\/b>, kt\u00f3ry gwarantuje komfortowe przeprowadzenie prac.<\/li>\n<li><b>Zapadka<\/b> w tylnej cz\u0119\u015bci wyciskacza s\u0142u\u017cy do odblokowywania t\u0142oka przed jego wycofaniem.<\/li>\n<li>Wyciskacz zosta\u0142 zaopatrzony o<b> silniejszy mechanizm \u015bciskowy.<\/b><\/li>\n<\/ul>\n<\/section><\/div>\n<\/section>\n<section class=\"section\">\n<div class=\"item item-6\">\n<section class=\"image-item\">\n            <img decoding=\"async\" src=\"https:\/\/upload.cdn.baselinker.com\/products\/14476\/4d9092fa37a518fd265329d792b639f0.jpg\" \/><br \/>\n        <\/section>\n<\/p><\/div>\n<div class=\"item item-6\">\n<section class=\"text-item\">\n<h2>Zastosowanie:<\/h2>\n<p><b>\u2705 <\/b>Przeznaczony do \u0142<b>atwego aplikowania<\/b> mas g\u0119stych np. silikon\u00f3w, klej\u00f3w, uszczelniaczy, smar\u00f3w, akryli itp.<\/p>\n<p>\u2705 Narz\u0119dzie pomaga w <b>wygodnym dozowaniu<\/b> mas plastycznych w wyznaczonym miejscu. Umo\u017cliwia przeprowadzenie czystych i szybkich prac remontowych.<\/p>\n<p>\u2705 Pistolet b\u0119dzie przydatne podczas wykonywania wielu prac. Sprawdzi si\u0119 szczeg\u00f3lnie w budownictwie, podczas przeprowadzania prac remontowych, przy instalacjach technicznych i serwisach mechanicznych.<\/p>\n<\/section><\/div>\n<\/section>\n<section class=\"section\">\n<div class=\"item item-6\">\n<section class=\"image-item\">\n            <img decoding=\"async\" src=\"https:\/\/upload.cdn.baselinker.com\/products\/14476\/3e15e6294c97a2a1accd2b9f14075608.jpg\" \/><br \/>\n        <\/section>\n<\/p><\/div>\n<div class=\"item item-6\">\n<section class=\"image-item\">\n            <img decoding=\"async\" src=\"https:\/\/upload.cdn.baselinker.com\/products\/14476\/06b622bfc9281fae8f6b3b8821007323.jpg\" \/><br \/>\n        <\/section>\n<\/p><\/div>\n<\/section>\n<section class=\"section\">\n<div class=\"item item-12\">\n<section class=\"image-item\">\n            <img decoding=\"async\" src=\"https:\/\/upload.cdn.baselinker.com\/products\/14476\/8812998c15fbc3c1a15ef22057ff5bca.jpg\" \/><br \/>\n        <\/section>\n<\/p><\/div>\n<\/section>\n<section class=\"section\">\n<div class=\"item item-12\">\n<section class=\"image-item\">\n            <img decoding=\"async\" src=\"https:\/\/upload.cdn.baselinker.com\/products\/14476\/4d9092fa37a518fd265329d792b639f0.jpg\" \/><br \/>\n        <\/section>\n<\/p><\/div>\n<\/section>\n","protected":false},"excerpt":{"rendered":"<p>WYCISKACZ PISTOLET DO SILIKONU POTR\u00d3JNY+GRATIS Dane techniczne: D\u0142ugo\u015b\u0107 ca\u0142kowita: 225 mm Pojemno\u015b\u0107: do 330 ml T\u0142oczysko z 3 pr\u0119t\u00f3w stalowych Materia\u0142: stal\/ALUMINIUM GRATIS! Do wyciskacza do\u0142\u0105czamy r\u0119kawice robocze! R\u0119kawiczki wykonane s\u0105 z dzianiny i pokryte gum\u0105 od strony roboczej. Zako\u0144czone \u015bci\u0105gaczem. Rozmiar r\u0119kawic wysy\u0142any losowo! Wysokiej jako\u015bci profesjonalny wyciskacz, kt\u00f3ry u\u0142atwi Twoj\u0105 prac\u0119! Solidny pistolet<br \/><a class=\"more-link\" href=\"https:\/\/bobimarket.pl\/index.php\/produkt\/wyciskacz-pistolet-do-silikonu-potrojnygratis\/\"><br \/>\n        Czytaj wi\u0119cej<span class=\"screen-reader-text\"> &#8222;WYCISKACZ PISTOLET DO SILIKONU POTR\u00d3JNY+GRATIS&#8221;<\/span><\/a><\/p>\n","protected":false},"featured_media":81516,"template":"","meta":[],"product_cat":[8175],"product_tag":[],"yoast_head":"<!-- This site is optimized with the Yoast SEO plugin v21.0 - https:\/\/yoast.com\/wordpress\/plugins\/seo\/ -->\n<title>WYCISKACZ PISTOLET DO SILIKONU POTR\u00d3JNY+GRATIS - BOBIMARKET.pl - Remontuj i urz\u0105dzaj z nami<\/title>\n<meta name=\"robots\" content=\"index, follow, max-snippet:-1, max-image-preview:large, max-video-preview:-1\" \/>\n<link rel=\"canonical\" href=\"https:\/\/bobimarket.pl\/index.php\/produkt\/wyciskacz-pistolet-do-silikonu-potrojnygratis\/\" \/>\n<meta property=\"og:locale\" content=\"pl_PL\" \/>\n<meta property=\"og:type\" content=\"article\" \/>\n<meta property=\"og:title\" content=\"WYCISKACZ PISTOLET DO SILIKONU POTR\u00d3JNY+GRATIS - BOBIMARKET.pl - Remontuj i urz\u0105dzaj z nami\" \/>\n<meta property=\"og:description\" content=\"WYCISKACZ PISTOLET DO SILIKONU POTR\u00d3JNY+GRATIS Dane techniczne: D\u0142ugo\u015b\u0107 ca\u0142kowita: 225 mm Pojemno\u015b\u0107: do 330 ml T\u0142oczysko z 3 pr\u0119t\u00f3w stalowych Materia\u0142: stal\/ALUMINIUM GRATIS! Do wyciskacza do\u0142\u0105czamy r\u0119kawice robocze! R\u0119kawiczki wykonane s\u0105 z dzianiny i pokryte gum\u0105 od strony roboczej. Zako\u0144czone \u015bci\u0105gaczem. Rozmiar r\u0119kawic wysy\u0142any losowo! Wysokiej jako\u015bci profesjonalny wyciskacz, kt\u00f3ry u\u0142atwi Twoj\u0105 prac\u0119! Solidny pistolet     Czytaj wi\u0119cej &quot;WYCISKACZ PISTOLET DO SILIKONU POTR\u00d3JNY+GRATIS&quot;\" \/>\n<meta property=\"og:url\" content=\"https:\/\/bobimarket.pl\/index.php\/produkt\/wyciskacz-pistolet-do-silikonu-potrojnygratis\/\" \/>\n<meta property=\"og:site_name\" content=\"BOBIMARKET.pl - Remontuj i urz\u0105dzaj z nami\" \/>\n<meta property=\"article:modified_time\" content=\"2025-02-27T13:41:53+00:00\" \/>\n<meta property=\"og:image\" content=\"https:\/\/upload.cdn.baselinker.com\/products\/14476\/4fc7146359aa96eb60c92742ffc81255.jpg\" \/>\n<meta name=\"twitter:card\" content=\"summary_large_image\" \/>\n<meta name=\"twitter:label1\" content=\"Szacowany czas czytania\" \/>\n\t<meta name=\"twitter:data1\" content=\"1 minuta\" \/>\n<script type=\"application\/ld+json\" class=\"yoast-schema-graph\">{\"@context\":\"https:\/\/schema.org\",\"@graph\":[{\"@type\":\"WebPage\",\"@id\":\"https:\/\/bobimarket.pl\/index.php\/produkt\/wyciskacz-pistolet-do-silikonu-potrojnygratis\/\",\"url\":\"https:\/\/bobimarket.pl\/index.php\/produkt\/wyciskacz-pistolet-do-silikonu-potrojnygratis\/\",\"name\":\"WYCISKACZ PISTOLET DO SILIKONU POTR\u00d3JNY+GRATIS - BOBIMARKET.pl - Remontuj i urz\u0105dzaj z nami\",\"isPartOf\":{\"@id\":\"https:\/\/bobimarket.pl\/#website\"},\"datePublished\":\"2023-08-29T16:41:51+00:00\",\"dateModified\":\"2025-02-27T13:41:53+00:00\",\"breadcrumb\":{\"@id\":\"https:\/\/bobimarket.pl\/index.php\/produkt\/wyciskacz-pistolet-do-silikonu-potrojnygratis\/#breadcrumb\"},\"inLanguage\":\"pl-PL\",\"potentialAction\":[{\"@type\":\"ReadAction\",\"target\":[\"https:\/\/bobimarket.pl\/index.php\/produkt\/wyciskacz-pistolet-do-silikonu-potrojnygratis\/\"]}]},{\"@type\":\"BreadcrumbList\",\"@id\":\"https:\/\/bobimarket.pl\/index.php\/produkt\/wyciskacz-pistolet-do-silikonu-potrojnygratis\/#breadcrumb\",\"itemListElement\":[{\"@type\":\"ListItem\",\"position\":1,\"name\":\"Strona g\u0142\u00f3wna\",\"item\":\"https:\/\/bobimarket.pl\/\"},{\"@type\":\"ListItem\",\"position\":2,\"name\":\"Sklep\",\"item\":\"https:\/\/bobimarket.pl\/index.php\/shop\/\"},{\"@type\":\"ListItem\",\"position\":3,\"name\":\"WYCISKACZ PISTOLET DO SILIKONU POTR\u00d3JNY+GRATIS\"}]},{\"@type\":\"WebSite\",\"@id\":\"https:\/\/bobimarket.pl\/#website\",\"url\":\"https:\/\/bobimarket.pl\/\",\"name\":\"BOBIMARKET.pl - Remontuj i urz\u0105dzaj z nami\",\"description\":\"Remontuj i urz\u0105dzaj z nami\",\"publisher\":{\"@id\":\"https:\/\/bobimarket.pl\/#organization\"},\"potentialAction\":[{\"@type\":\"SearchAction\",\"target\":{\"@type\":\"EntryPoint\",\"urlTemplate\":\"https:\/\/bobimarket.pl\/?s={search_term_string}\"},\"query-input\":\"required name=search_term_string\"}],\"inLanguage\":\"pl-PL\"},{\"@type\":\"Organization\",\"@id\":\"https:\/\/bobimarket.pl\/#organization\",\"name\":\"BOBIMARKET.pl\",\"url\":\"https:\/\/bobimarket.pl\/\",\"logo\":{\"@type\":\"ImageObject\",\"inLanguage\":\"pl-PL\",\"@id\":\"https:\/\/bobimarket.pl\/#\/schema\/logo\/image\/\",\"url\":\"https:\/\/bobimarket.pl\/wp-content\/uploads\/2021\/11\/slogan.png\",\"contentUrl\":\"https:\/\/bobimarket.pl\/wp-content\/uploads\/2021\/11\/slogan.png\",\"width\":2000,\"height\":384,\"caption\":\"BOBIMARKET.pl\"},\"image\":{\"@id\":\"https:\/\/bobimarket.pl\/#\/schema\/logo\/image\/\"}}]}<\/script>\n<!-- \/ Yoast SEO plugin. -->","yoast_head_json":{"title":"WYCISKACZ PISTOLET DO SILIKONU POTR\u00d3JNY+GRATIS - BOBIMARKET.pl - Remontuj i urz\u0105dzaj z nami","robots":{"index":"index","follow":"follow","max-snippet":"max-snippet:-1","max-image-preview":"max-image-preview:large","max-video-preview":"max-video-preview:-1"},"canonical":"https:\/\/bobimarket.pl\/index.php\/produkt\/wyciskacz-pistolet-do-silikonu-potrojnygratis\/","og_locale":"pl_PL","og_type":"article","og_title":"WYCISKACZ PISTOLET DO SILIKONU POTR\u00d3JNY+GRATIS - BOBIMARKET.pl - Remontuj i urz\u0105dzaj z nami","og_description":"WYCISKACZ PISTOLET DO SILIKONU POTR\u00d3JNY+GRATIS Dane techniczne: D\u0142ugo\u015b\u0107 ca\u0142kowita: 225 mm Pojemno\u015b\u0107: do 330 ml T\u0142oczysko z 3 pr\u0119t\u00f3w stalowych Materia\u0142: stal\/ALUMINIUM GRATIS! Do wyciskacza do\u0142\u0105czamy r\u0119kawice robocze! R\u0119kawiczki wykonane s\u0105 z dzianiny i pokryte gum\u0105 od strony roboczej. Zako\u0144czone \u015bci\u0105gaczem. Rozmiar r\u0119kawic wysy\u0142any losowo! Wysokiej jako\u015bci profesjonalny wyciskacz, kt\u00f3ry u\u0142atwi Twoj\u0105 prac\u0119! Solidny pistolet     Czytaj wi\u0119cej \"WYCISKACZ PISTOLET DO SILIKONU POTR\u00d3JNY+GRATIS\"","og_url":"https:\/\/bobimarket.pl\/index.php\/produkt\/wyciskacz-pistolet-do-silikonu-potrojnygratis\/","og_site_name":"BOBIMARKET.pl - Remontuj i urz\u0105dzaj z nami","article_modified_time":"2025-02-27T13:41:53+00:00","og_image":[{"url":"https:\/\/upload.cdn.baselinker.com\/products\/14476\/4fc7146359aa96eb60c92742ffc81255.jpg"}],"twitter_card":"summary_large_image","twitter_misc":{"Szacowany czas czytania":"1 minuta"},"schema":{"@context":"https:\/\/schema.org","@graph":[{"@type":"WebPage","@id":"https:\/\/bobimarket.pl\/index.php\/produkt\/wyciskacz-pistolet-do-silikonu-potrojnygratis\/","url":"https:\/\/bobimarket.pl\/index.php\/produkt\/wyciskacz-pistolet-do-silikonu-potrojnygratis\/","name":"WYCISKACZ PISTOLET DO SILIKONU POTR\u00d3JNY+GRATIS - BOBIMARKET.pl - Remontuj i urz\u0105dzaj z nami","isPartOf":{"@id":"https:\/\/bobimarket.pl\/#website"},"datePublished":"2023-08-29T16:41:51+00:00","dateModified":"2025-02-27T13:41:53+00:00","breadcrumb":{"@id":"https:\/\/bobimarket.pl\/index.php\/produkt\/wyciskacz-pistolet-do-silikonu-potrojnygratis\/#breadcrumb"},"inLanguage":"pl-PL","potentialAction":[{"@type":"ReadAction","target":["https:\/\/bobimarket.pl\/index.php\/produkt\/wyciskacz-pistolet-do-silikonu-potrojnygratis\/"]}]},{"@type":"BreadcrumbList","@id":"https:\/\/bobimarket.pl\/index.php\/produkt\/wyciskacz-pistolet-do-silikonu-potrojnygratis\/#breadcrumb","itemListElement":[{"@type":"ListItem","position":1,"name":"Strona g\u0142\u00f3wna","item":"https:\/\/bobimarket.pl\/"},{"@type":"ListItem","position":2,"name":"Sklep","item":"https:\/\/bobimarket.pl\/index.php\/shop\/"},{"@type":"ListItem","position":3,"name":"WYCISKACZ PISTOLET DO SILIKONU POTR\u00d3JNY+GRATIS"}]},{"@type":"WebSite","@id":"https:\/\/bobimarket.pl\/#website","url":"https:\/\/bobimarket.pl\/","name":"BOBIMARKET.pl - Remontuj i urz\u0105dzaj z nami","description":"Remontuj i urz\u0105dzaj z nami","publisher":{"@id":"https:\/\/bobimarket.pl\/#organization"},"potentialAction":[{"@type":"SearchAction","target":{"@type":"EntryPoint","urlTemplate":"https:\/\/bobimarket.pl\/?s={search_term_string}"},"query-input":"required name=search_term_string"}],"inLanguage":"pl-PL"},{"@type":"Organization","@id":"https:\/\/bobimarket.pl\/#organization","name":"BOBIMARKET.pl","url":"https:\/\/bobimarket.pl\/","logo":{"@type":"ImageObject","inLanguage":"pl-PL","@id":"https:\/\/bobimarket.pl\/#\/schema\/logo\/image\/","url":"https:\/\/bobimarket.pl\/wp-content\/uploads\/2021\/11\/slogan.png","contentUrl":"https:\/\/bobimarket.pl\/wp-content\/uploads\/2021\/11\/slogan.png","width":2000,"height":384,"caption":"BOBIMARKET.pl"},"image":{"@id":"https:\/\/bobimarket.pl\/#\/schema\/logo\/image\/"}}]}},"_links":{"self":[{"href":"https:\/\/bobimarket.pl\/index.php\/wp-json\/wp\/v2\/product\/81524"}],"collection":[{"href":"https:\/\/bobimarket.pl\/index.php\/wp-json\/wp\/v2\/product"}],"about":[{"href":"https:\/\/bobimarket.pl\/index.php\/wp-json\/wp\/v2\/types\/product"}],"wp:featuredmedia":[{"embeddable":true,"href":"https:\/\/bobimarket.pl\/index.php\/wp-json\/wp\/v2\/media\/81516"}],"wp:attachment":[{"href":"https:\/\/bobimarket.pl\/index.php\/wp-json\/wp\/v2\/media?parent=81524"}],"wp:term":[{"taxonomy":"product_cat","embeddable":true,"href":"https:\/\/bobimarket.pl\/index.php\/wp-json\/wp\/v2\/product_cat?post=81524"},{"taxonomy":"product_tag","embeddable":true,"href":"https:\/\/bobimarket.pl\/index.php\/wp-json\/wp\/v2\/product_tag?post=81524"}],"curies":[{"name":"wp","href":"https:\/\/api.w.org\/{rel}","templated":true}]}}