{"id":81529,"date":"2023-08-29T16:42:15","date_gmt":"2023-08-29T16:42:15","guid":{"rendered":"https:\/\/bobimarket.pl\/index.php\/produkt\/folia-ochronna-z-tasma-tasma-ochronna-110cmx30m\/"},"modified":"2025-02-27T13:41:57","modified_gmt":"2025-02-27T13:41:57","slug":"folia-ochronna-z-tasma-tasma-ochronna-110cmx30m","status":"publish","type":"product","link":"https:\/\/bobimarket.pl\/index.php\/produkt\/folia-ochronna-z-tasma-tasma-ochronna-110cmx30m\/","title":{"rendered":"FOLIA OCHRONNA Z TA\u015aM\u0104 TA\u015aMA OCHRONNA 110CMx30M"},"content":{"rendered":"<section class=\"section\">\n<div class=\"item item-6\">\n<section class=\"image-item\">\n                <img decoding=\"async\" src=\"https:\/\/upload.cdn.baselinker.com\/products\/14476\/1390c06e17d2742b547c19482c5c1695.jpg\" \/><br \/>\n            <\/section>\n<\/p><\/div>\n<div class=\"item item-6\">\n<section class=\"text-item\">\n<h2>FOLIA OCHRONNA Z TA\u015aM\u0104 TA\u015aMA OCHRONNA 110CMx30M<\/h2>\n<p><b>Dane techniczne:<\/b><\/p>\n<ul>\n<li>Szeroko\u015b\u0107: <b>110 cm<\/b><\/li>\n<li>D\u0142ugo\u015b\u0107 foli w rolce: <b>30 m<\/b><\/li>\n<li>Ta\u015bma papierowa<\/li>\n<li>Folia HDPE<\/li>\n<\/ul>\n<\/section><\/div>\n<\/section>\n<section class=\"section\">\n<div class=\"item item-6\">\n<section class=\"image-item\">\n                <img decoding=\"async\" src=\"https:\/\/upload.cdn.baselinker.com\/products\/14476\/534dba25b2c9413c65c49acc74845ee8.jpg\" \/><br \/>\n            <\/section>\n<\/p><\/div>\n<div class=\"item item-6\">\n<section class=\"text-item\">\n<p><b>Folia ochronna z ta\u015bma to praktyczne rozwi\u0105zanie, kt\u00f3re u\u0142atwi prace malarskie i remontowe. <\/b><\/p>\n<p>Folia pozwala zaoszcz\u0119dzi\u0107 czas i pieni\u0105dze. Sprawdzi si\u0119 zar\u00f3wno na wi\u0119kszych jak i mniejszych powierzchniach. Jest \u0142atwa w u\u017cytkowania, a jej zastosowanie poprawi komfort wykonywanych prac.<\/p>\n<p><b>\u2705 Zastosowanie:<\/b><\/p>\n<p>Folia jest<b> praktyczna i wielofunkcyjna<\/b>. \u015awietnie sprawdzi si\u0119 podczas r\u00f3\u017cnego rodzaju prac remontowych oraz naprawczych wykonanych zar\u00f3wno na zamkni\u0119tych, jak i otwartych przestrzeniach.<\/p>\n<ul>\n<li>Za pomoc\u0105 folii malarskiej<b> zabezpieczysz r\u00f3\u017cnego rodzaju przedmioty<\/b> przed zniszczeniem, wilgoci\u0105 lub kurzem. Wykorzystasz j\u0105 do ochrony parapet\u00f3w, mebli, list przyokiennych itp.<\/li>\n<li>Odpowiednio roz\u0142o\u017cona stanowi doskona\u0142\u0105 <b>ochron\u0119 przed szkodliwym dzia\u0142aniem wody oraz przed zachlapaniem farb\u0105,<\/b> dlatego przykryte elementy pozostan\u0105 w nienaruszonym stanie.<\/li>\n<\/ul>\n<\/section><\/div>\n<\/section>\n<section class=\"section\">\n<div class=\"item item-6\">\n<section class=\"image-item\">\n                <img decoding=\"async\" src=\"https:\/\/upload.cdn.baselinker.com\/products\/14476\/8329dd66dd577257506259500467be5a.jpg\" \/><br \/>\n            <\/section>\n<\/p><\/div>\n<div class=\"item item-6\">\n<section class=\"text-item\">\n<p>\u2705 Aby folia spe\u0142ni\u0142a swoje zadanie, przed jej u\u017cyciem sprawd\u017a kilka szczeg\u00f3\u0142\u00f3w!<\/p>\n<ul>\n<li><b>Przetestuj ta\u015bm\u0119<\/b> na powierzchni przed jej u\u017cyciem (bezwzgl\u0119dnie zalecane).<\/li>\n<li><b>Zadbaj, aby powierzchnia<\/b>, na kt\u00f3r\u0105 b\u0119dzie naklejana ta\u015bma by\u0142a czysta, sucha, wolna od t\u0142uszczu, oleju, wilgoci, brudu lub innych zanieczyszcze\u0144.<\/li>\n<li>Pami\u0119taj, aby zawsze <b>usun\u0105\u0107 foli\u0119 po malowaniu<\/b>, zanim farba wyschnie.<\/li>\n<\/ul>\n<\/section><\/div>\n<\/section>\n<section class=\"section\">\n<div class=\"item item-6\">\n<section class=\"image-item\">\n                <img decoding=\"async\" src=\"https:\/\/upload.cdn.baselinker.com\/products\/14476\/534dba25b2c9413c65c49acc74845ee8.jpg\" \/><br \/>\n            <\/section>\n<\/p><\/div>\n<div class=\"item item-6\">\n<section class=\"image-item\">\n                <img decoding=\"async\" src=\"https:\/\/upload.cdn.baselinker.com\/products\/14476\/1390c06e17d2742b547c19482c5c1695.jpg\" \/><br \/>\n            <\/section>\n<\/p><\/div>\n<\/section>\n","protected":false},"excerpt":{"rendered":"<p>FOLIA OCHRONNA Z TA\u015aM\u0104 TA\u015aMA OCHRONNA 110CMx30M Dane techniczne: Szeroko\u015b\u0107: 110 cm D\u0142ugo\u015b\u0107 foli w rolce: 30 m Ta\u015bma papierowa Folia HDPE Folia ochronna z ta\u015bma to praktyczne rozwi\u0105zanie, kt\u00f3re u\u0142atwi prace malarskie i remontowe. Folia pozwala zaoszcz\u0119dzi\u0107 czas i pieni\u0105dze. Sprawdzi si\u0119 zar\u00f3wno na wi\u0119kszych jak i mniejszych powierzchniach. Jest \u0142atwa w u\u017cytkowania, a<br \/><a class=\"more-link\" href=\"https:\/\/bobimarket.pl\/index.php\/produkt\/folia-ochronna-z-tasma-tasma-ochronna-110cmx30m\/\"><br \/>\n        Czytaj wi\u0119cej<span class=\"screen-reader-text\"> &#8222;FOLIA OCHRONNA Z TA\u015aM\u0104 TA\u015aMA OCHRONNA 110CMx30M&#8221;<\/span><\/a><\/p>\n","protected":false},"featured_media":81525,"template":"","meta":[],"product_cat":[8173],"product_tag":[],"yoast_head":"<!-- This site is optimized with the Yoast SEO plugin v21.0 - https:\/\/yoast.com\/wordpress\/plugins\/seo\/ -->\n<title>FOLIA OCHRONNA Z TA\u015aM\u0104 TA\u015aMA OCHRONNA 110CMx30M - BOBIMARKET.pl - Remontuj i urz\u0105dzaj z nami<\/title>\n<meta name=\"robots\" content=\"index, follow, max-snippet:-1, max-image-preview:large, max-video-preview:-1\" \/>\n<link rel=\"canonical\" href=\"https:\/\/bobimarket.pl\/index.php\/produkt\/folia-ochronna-z-tasma-tasma-ochronna-110cmx30m\/\" \/>\n<meta property=\"og:locale\" content=\"pl_PL\" \/>\n<meta property=\"og:type\" content=\"article\" \/>\n<meta property=\"og:title\" content=\"FOLIA OCHRONNA Z TA\u015aM\u0104 TA\u015aMA OCHRONNA 110CMx30M - BOBIMARKET.pl - Remontuj i urz\u0105dzaj z nami\" \/>\n<meta property=\"og:description\" content=\"FOLIA OCHRONNA Z TA\u015aM\u0104 TA\u015aMA OCHRONNA 110CMx30M Dane techniczne: Szeroko\u015b\u0107: 110 cm D\u0142ugo\u015b\u0107 foli w rolce: 30 m Ta\u015bma papierowa Folia HDPE Folia ochronna z ta\u015bma to praktyczne rozwi\u0105zanie, kt\u00f3re u\u0142atwi prace malarskie i remontowe. Folia pozwala zaoszcz\u0119dzi\u0107 czas i pieni\u0105dze. Sprawdzi si\u0119 zar\u00f3wno na wi\u0119kszych jak i mniejszych powierzchniach. Jest \u0142atwa w u\u017cytkowania, a     Czytaj wi\u0119cej &quot;FOLIA OCHRONNA Z TA\u015aM\u0104 TA\u015aMA OCHRONNA 110CMx30M&quot;\" \/>\n<meta property=\"og:url\" content=\"https:\/\/bobimarket.pl\/index.php\/produkt\/folia-ochronna-z-tasma-tasma-ochronna-110cmx30m\/\" \/>\n<meta property=\"og:site_name\" content=\"BOBIMARKET.pl - Remontuj i urz\u0105dzaj z nami\" \/>\n<meta property=\"article:modified_time\" content=\"2025-02-27T13:41:57+00:00\" \/>\n<meta property=\"og:image\" content=\"https:\/\/upload.cdn.baselinker.com\/products\/14476\/1390c06e17d2742b547c19482c5c1695.jpg\" \/>\n<meta name=\"twitter:card\" content=\"summary_large_image\" \/>\n<meta name=\"twitter:label1\" content=\"Szacowany czas czytania\" \/>\n\t<meta name=\"twitter:data1\" content=\"1 minuta\" \/>\n<script type=\"application\/ld+json\" class=\"yoast-schema-graph\">{\"@context\":\"https:\/\/schema.org\",\"@graph\":[{\"@type\":\"WebPage\",\"@id\":\"https:\/\/bobimarket.pl\/index.php\/produkt\/folia-ochronna-z-tasma-tasma-ochronna-110cmx30m\/\",\"url\":\"https:\/\/bobimarket.pl\/index.php\/produkt\/folia-ochronna-z-tasma-tasma-ochronna-110cmx30m\/\",\"name\":\"FOLIA OCHRONNA Z TA\u015aM\u0104 TA\u015aMA OCHRONNA 110CMx30M - BOBIMARKET.pl - Remontuj i urz\u0105dzaj z nami\",\"isPartOf\":{\"@id\":\"https:\/\/bobimarket.pl\/#website\"},\"datePublished\":\"2023-08-29T16:42:15+00:00\",\"dateModified\":\"2025-02-27T13:41:57+00:00\",\"breadcrumb\":{\"@id\":\"https:\/\/bobimarket.pl\/index.php\/produkt\/folia-ochronna-z-tasma-tasma-ochronna-110cmx30m\/#breadcrumb\"},\"inLanguage\":\"pl-PL\",\"potentialAction\":[{\"@type\":\"ReadAction\",\"target\":[\"https:\/\/bobimarket.pl\/index.php\/produkt\/folia-ochronna-z-tasma-tasma-ochronna-110cmx30m\/\"]}]},{\"@type\":\"BreadcrumbList\",\"@id\":\"https:\/\/bobimarket.pl\/index.php\/produkt\/folia-ochronna-z-tasma-tasma-ochronna-110cmx30m\/#breadcrumb\",\"itemListElement\":[{\"@type\":\"ListItem\",\"position\":1,\"name\":\"Strona g\u0142\u00f3wna\",\"item\":\"https:\/\/bobimarket.pl\/\"},{\"@type\":\"ListItem\",\"position\":2,\"name\":\"Sklep\",\"item\":\"https:\/\/bobimarket.pl\/index.php\/shop\/\"},{\"@type\":\"ListItem\",\"position\":3,\"name\":\"FOLIA OCHRONNA Z TA\u015aM\u0104 TA\u015aMA OCHRONNA 110CMx30M\"}]},{\"@type\":\"WebSite\",\"@id\":\"https:\/\/bobimarket.pl\/#website\",\"url\":\"https:\/\/bobimarket.pl\/\",\"name\":\"BOBIMARKET.pl - Remontuj i urz\u0105dzaj z nami\",\"description\":\"Remontuj i urz\u0105dzaj z nami\",\"publisher\":{\"@id\":\"https:\/\/bobimarket.pl\/#organization\"},\"potentialAction\":[{\"@type\":\"SearchAction\",\"target\":{\"@type\":\"EntryPoint\",\"urlTemplate\":\"https:\/\/bobimarket.pl\/?s={search_term_string}\"},\"query-input\":\"required name=search_term_string\"}],\"inLanguage\":\"pl-PL\"},{\"@type\":\"Organization\",\"@id\":\"https:\/\/bobimarket.pl\/#organization\",\"name\":\"BOBIMARKET.pl\",\"url\":\"https:\/\/bobimarket.pl\/\",\"logo\":{\"@type\":\"ImageObject\",\"inLanguage\":\"pl-PL\",\"@id\":\"https:\/\/bobimarket.pl\/#\/schema\/logo\/image\/\",\"url\":\"https:\/\/bobimarket.pl\/wp-content\/uploads\/2021\/11\/slogan.png\",\"contentUrl\":\"https:\/\/bobimarket.pl\/wp-content\/uploads\/2021\/11\/slogan.png\",\"width\":2000,\"height\":384,\"caption\":\"BOBIMARKET.pl\"},\"image\":{\"@id\":\"https:\/\/bobimarket.pl\/#\/schema\/logo\/image\/\"}}]}<\/script>\n<!-- \/ Yoast SEO plugin. -->","yoast_head_json":{"title":"FOLIA OCHRONNA Z TA\u015aM\u0104 TA\u015aMA OCHRONNA 110CMx30M - BOBIMARKET.pl - Remontuj i urz\u0105dzaj z nami","robots":{"index":"index","follow":"follow","max-snippet":"max-snippet:-1","max-image-preview":"max-image-preview:large","max-video-preview":"max-video-preview:-1"},"canonical":"https:\/\/bobimarket.pl\/index.php\/produkt\/folia-ochronna-z-tasma-tasma-ochronna-110cmx30m\/","og_locale":"pl_PL","og_type":"article","og_title":"FOLIA OCHRONNA Z TA\u015aM\u0104 TA\u015aMA OCHRONNA 110CMx30M - BOBIMARKET.pl - Remontuj i urz\u0105dzaj z nami","og_description":"FOLIA OCHRONNA Z TA\u015aM\u0104 TA\u015aMA OCHRONNA 110CMx30M Dane techniczne: Szeroko\u015b\u0107: 110 cm D\u0142ugo\u015b\u0107 foli w rolce: 30 m Ta\u015bma papierowa Folia HDPE Folia ochronna z ta\u015bma to praktyczne rozwi\u0105zanie, kt\u00f3re u\u0142atwi prace malarskie i remontowe. Folia pozwala zaoszcz\u0119dzi\u0107 czas i pieni\u0105dze. Sprawdzi si\u0119 zar\u00f3wno na wi\u0119kszych jak i mniejszych powierzchniach. Jest \u0142atwa w u\u017cytkowania, a     Czytaj wi\u0119cej \"FOLIA OCHRONNA Z TA\u015aM\u0104 TA\u015aMA OCHRONNA 110CMx30M\"","og_url":"https:\/\/bobimarket.pl\/index.php\/produkt\/folia-ochronna-z-tasma-tasma-ochronna-110cmx30m\/","og_site_name":"BOBIMARKET.pl - Remontuj i urz\u0105dzaj z nami","article_modified_time":"2025-02-27T13:41:57+00:00","og_image":[{"url":"https:\/\/upload.cdn.baselinker.com\/products\/14476\/1390c06e17d2742b547c19482c5c1695.jpg"}],"twitter_card":"summary_large_image","twitter_misc":{"Szacowany czas czytania":"1 minuta"},"schema":{"@context":"https:\/\/schema.org","@graph":[{"@type":"WebPage","@id":"https:\/\/bobimarket.pl\/index.php\/produkt\/folia-ochronna-z-tasma-tasma-ochronna-110cmx30m\/","url":"https:\/\/bobimarket.pl\/index.php\/produkt\/folia-ochronna-z-tasma-tasma-ochronna-110cmx30m\/","name":"FOLIA OCHRONNA Z TA\u015aM\u0104 TA\u015aMA OCHRONNA 110CMx30M - BOBIMARKET.pl - Remontuj i urz\u0105dzaj z nami","isPartOf":{"@id":"https:\/\/bobimarket.pl\/#website"},"datePublished":"2023-08-29T16:42:15+00:00","dateModified":"2025-02-27T13:41:57+00:00","breadcrumb":{"@id":"https:\/\/bobimarket.pl\/index.php\/produkt\/folia-ochronna-z-tasma-tasma-ochronna-110cmx30m\/#breadcrumb"},"inLanguage":"pl-PL","potentialAction":[{"@type":"ReadAction","target":["https:\/\/bobimarket.pl\/index.php\/produkt\/folia-ochronna-z-tasma-tasma-ochronna-110cmx30m\/"]}]},{"@type":"BreadcrumbList","@id":"https:\/\/bobimarket.pl\/index.php\/produkt\/folia-ochronna-z-tasma-tasma-ochronna-110cmx30m\/#breadcrumb","itemListElement":[{"@type":"ListItem","position":1,"name":"Strona g\u0142\u00f3wna","item":"https:\/\/bobimarket.pl\/"},{"@type":"ListItem","position":2,"name":"Sklep","item":"https:\/\/bobimarket.pl\/index.php\/shop\/"},{"@type":"ListItem","position":3,"name":"FOLIA OCHRONNA Z TA\u015aM\u0104 TA\u015aMA OCHRONNA 110CMx30M"}]},{"@type":"WebSite","@id":"https:\/\/bobimarket.pl\/#website","url":"https:\/\/bobimarket.pl\/","name":"BOBIMARKET.pl - Remontuj i urz\u0105dzaj z nami","description":"Remontuj i urz\u0105dzaj z nami","publisher":{"@id":"https:\/\/bobimarket.pl\/#organization"},"potentialAction":[{"@type":"SearchAction","target":{"@type":"EntryPoint","urlTemplate":"https:\/\/bobimarket.pl\/?s={search_term_string}"},"query-input":"required name=search_term_string"}],"inLanguage":"pl-PL"},{"@type":"Organization","@id":"https:\/\/bobimarket.pl\/#organization","name":"BOBIMARKET.pl","url":"https:\/\/bobimarket.pl\/","logo":{"@type":"ImageObject","inLanguage":"pl-PL","@id":"https:\/\/bobimarket.pl\/#\/schema\/logo\/image\/","url":"https:\/\/bobimarket.pl\/wp-content\/uploads\/2021\/11\/slogan.png","contentUrl":"https:\/\/bobimarket.pl\/wp-content\/uploads\/2021\/11\/slogan.png","width":2000,"height":384,"caption":"BOBIMARKET.pl"},"image":{"@id":"https:\/\/bobimarket.pl\/#\/schema\/logo\/image\/"}}]}},"_links":{"self":[{"href":"https:\/\/bobimarket.pl\/index.php\/wp-json\/wp\/v2\/product\/81529"}],"collection":[{"href":"https:\/\/bobimarket.pl\/index.php\/wp-json\/wp\/v2\/product"}],"about":[{"href":"https:\/\/bobimarket.pl\/index.php\/wp-json\/wp\/v2\/types\/product"}],"wp:featuredmedia":[{"embeddable":true,"href":"https:\/\/bobimarket.pl\/index.php\/wp-json\/wp\/v2\/media\/81525"}],"wp:attachment":[{"href":"https:\/\/bobimarket.pl\/index.php\/wp-json\/wp\/v2\/media?parent=81529"}],"wp:term":[{"taxonomy":"product_cat","embeddable":true,"href":"https:\/\/bobimarket.pl\/index.php\/wp-json\/wp\/v2\/product_cat?post=81529"},{"taxonomy":"product_tag","embeddable":true,"href":"https:\/\/bobimarket.pl\/index.php\/wp-json\/wp\/v2\/product_tag?post=81529"}],"curies":[{"name":"wp","href":"https:\/\/api.w.org\/{rel}","templated":true}]}}