{"id":81536,"date":"2023-08-29T16:43:03","date_gmt":"2023-08-29T16:43:03","guid":{"rendered":"https:\/\/bobimarket.pl\/index.php\/produkt\/zszywacz-tapicerski-taker-metalowy-4-14mm-zszywki\/"},"modified":"2025-02-27T13:42:01","modified_gmt":"2025-02-27T13:42:01","slug":"zszywacz-tapicerski-taker-metalowy-4-14mm-zszywki","status":"publish","type":"product","link":"https:\/\/bobimarket.pl\/index.php\/produkt\/zszywacz-tapicerski-taker-metalowy-4-14mm-zszywki\/","title":{"rendered":"ZSZYWACZ TAPICERSKI TAKER METALOWY 4-14MM +ZSZYWKI"},"content":{"rendered":"<section class=\"section\">\n<div class=\"item item-12\">\n<section class=\"text-item\">\n<h2>ZSZYWACZ TAPICERSKI TAKER METALOWY 4-14MM + ZSZYWKI<\/h2>\n<p><b>Dane techniczne:<\/b><\/p>\n<ul>\n<li>Obs\u0142uguje zszywki: 4-14mm<\/li>\n<li>Regulacja si\u0142y<\/li>\n<li>Blokada uchwytu<\/li>\n<li>Metalowa konstrukcja<\/li>\n<\/ul>\n<p><b>GRATIS! Do zestawu do\u0142\u0105czone opakowanie zszywek 6mm. <\/b><\/p>\n<\/section><\/div>\n<\/section>\n<section class=\"section\">\n<div class=\"item item-12\">\n<section class=\"image-item\">\n            <img decoding=\"async\" src=\"https:\/\/upload.cdn.baselinker.com\/products\/14476\/cf4831c4e0824aa209b9688558523628.jpg\" \/><br \/>\n        <\/section>\n<\/p><\/div>\n<\/section>\n<section class=\"section\">\n<div class=\"item item-12\">\n<section class=\"text-item\">\n<p>Wysokiej jako\u015bci zszywacz umo\u017cliwiaj\u0105cy <b>precyzyjne \u0142\u0105czenie materia\u0142\u00f3w<\/b> z pod\u0142o\u017cem drewnianym lub drewnopodobnym. Nadaje si\u0119 zar\u00f3wno do<b> scalania element\u00f3w<\/b> wykonanych z tworzyw sztucznych, jak i z surowc\u00f3w naturalnych.<\/p>\n<ul>\n<li>Zszywacz jest wygodny i prostu w u\u017cyciu. Zalet\u0105 tego narz\u0119dzie jest <b>regulowana si\u0142a wbijania zszywek<\/b>. Ponadto posiada mo\u017cliwo\u015b\u0107 blokady uchwytu.<\/li>\n<\/ul>\n<p>\u2705 Typowe zszywki tapicerskie do zszywania, <b>rozmiar 6mm.<\/b> W opakowaniu znajduje si\u0119<\/p>\n<p>\u2705 Taker mo\u017cna wykorzysta\u0107 w pracach tapicerskich, dekarskich lub dekoratorskich.<\/p>\n<\/section><\/div>\n<\/section>\n<section class=\"section\">\n<div class=\"item item-12\">\n<section class=\"image-item\">\n            <img decoding=\"async\" src=\"https:\/\/upload.cdn.baselinker.com\/products\/14476\/cf4831c4e0824aa209b9688558523628.jpg\" \/><br \/>\n        <\/section>\n<\/p><\/div>\n<\/section>\n<section class=\"section\">\n<div class=\"item item-6\">\n<section class=\"image-item\">\n            <img decoding=\"async\" src=\"https:\/\/upload.cdn.baselinker.com\/products\/14476\/b202500517e04be831024e7af2f63c64.jpg\" \/><br \/>\n        <\/section>\n<\/p><\/div>\n<div class=\"item item-6\">\n<section class=\"image-item\">\n            <img decoding=\"async\" src=\"https:\/\/upload.cdn.baselinker.com\/products\/14476\/c6bef6ca55014aea6d9c22af3ccd3af1.jpg\" \/><br \/>\n        <\/section>\n<\/p><\/div>\n<\/section>\n<section class=\"section\">\n<div class=\"item item-12\">\n<section class=\"image-item\">\n            <img decoding=\"async\" src=\"https:\/\/upload.cdn.baselinker.com\/products\/14476\/95bf6c87f26a192f2274b8f0937e2b4d.jpg\" \/><br \/>\n        <\/section>\n<\/p><\/div>\n<\/section>\n","protected":false},"excerpt":{"rendered":"<p>ZSZYWACZ TAPICERSKI TAKER METALOWY 4-14MM + ZSZYWKI Dane techniczne: Obs\u0142uguje zszywki: 4-14mm Regulacja si\u0142y Blokada uchwytu Metalowa konstrukcja GRATIS! Do zestawu do\u0142\u0105czone opakowanie zszywek 6mm. Wysokiej jako\u015bci zszywacz umo\u017cliwiaj\u0105cy precyzyjne \u0142\u0105czenie materia\u0142\u00f3w z pod\u0142o\u017cem drewnianym lub drewnopodobnym. Nadaje si\u0119 zar\u00f3wno do scalania element\u00f3w wykonanych z tworzyw sztucznych, jak i z surowc\u00f3w naturalnych. Zszywacz jest wygodny<br \/><a class=\"more-link\" href=\"https:\/\/bobimarket.pl\/index.php\/produkt\/zszywacz-tapicerski-taker-metalowy-4-14mm-zszywki\/\"><br \/>\n        Czytaj wi\u0119cej<span class=\"screen-reader-text\"> &#8222;ZSZYWACZ TAPICERSKI TAKER METALOWY 4-14MM +ZSZYWKI&#8221;<\/span><\/a><\/p>\n","protected":false},"featured_media":81530,"template":"","meta":[],"product_cat":[8076],"product_tag":[],"yoast_head":"<!-- This site is optimized with the Yoast SEO plugin v21.0 - https:\/\/yoast.com\/wordpress\/plugins\/seo\/ -->\n<title>ZSZYWACZ TAPICERSKI TAKER METALOWY 4-14MM +ZSZYWKI - BOBIMARKET.pl - Remontuj i urz\u0105dzaj z nami<\/title>\n<meta name=\"robots\" content=\"index, follow, max-snippet:-1, max-image-preview:large, max-video-preview:-1\" \/>\n<link rel=\"canonical\" href=\"https:\/\/bobimarket.pl\/index.php\/produkt\/zszywacz-tapicerski-taker-metalowy-4-14mm-zszywki\/\" \/>\n<meta property=\"og:locale\" content=\"pl_PL\" \/>\n<meta property=\"og:type\" content=\"article\" \/>\n<meta property=\"og:title\" content=\"ZSZYWACZ TAPICERSKI TAKER METALOWY 4-14MM +ZSZYWKI - BOBIMARKET.pl - Remontuj i urz\u0105dzaj z nami\" \/>\n<meta property=\"og:description\" content=\"ZSZYWACZ TAPICERSKI TAKER METALOWY 4-14MM + ZSZYWKI Dane techniczne: Obs\u0142uguje zszywki: 4-14mm Regulacja si\u0142y Blokada uchwytu Metalowa konstrukcja GRATIS! Do zestawu do\u0142\u0105czone opakowanie zszywek 6mm. Wysokiej jako\u015bci zszywacz umo\u017cliwiaj\u0105cy precyzyjne \u0142\u0105czenie materia\u0142\u00f3w z pod\u0142o\u017cem drewnianym lub drewnopodobnym. Nadaje si\u0119 zar\u00f3wno do scalania element\u00f3w wykonanych z tworzyw sztucznych, jak i z surowc\u00f3w naturalnych. Zszywacz jest wygodny     Czytaj wi\u0119cej &quot;ZSZYWACZ TAPICERSKI TAKER METALOWY 4-14MM +ZSZYWKI&quot;\" \/>\n<meta property=\"og:url\" content=\"https:\/\/bobimarket.pl\/index.php\/produkt\/zszywacz-tapicerski-taker-metalowy-4-14mm-zszywki\/\" \/>\n<meta property=\"og:site_name\" content=\"BOBIMARKET.pl - Remontuj i urz\u0105dzaj z nami\" \/>\n<meta property=\"article:modified_time\" content=\"2025-02-27T13:42:01+00:00\" \/>\n<meta property=\"og:image\" content=\"https:\/\/upload.cdn.baselinker.com\/products\/14476\/cf4831c4e0824aa209b9688558523628.jpg\" \/>\n<meta name=\"twitter:card\" content=\"summary_large_image\" \/>\n<meta name=\"twitter:label1\" content=\"Szacowany czas czytania\" \/>\n\t<meta name=\"twitter:data1\" content=\"1 minuta\" \/>\n<script type=\"application\/ld+json\" class=\"yoast-schema-graph\">{\"@context\":\"https:\/\/schema.org\",\"@graph\":[{\"@type\":\"WebPage\",\"@id\":\"https:\/\/bobimarket.pl\/index.php\/produkt\/zszywacz-tapicerski-taker-metalowy-4-14mm-zszywki\/\",\"url\":\"https:\/\/bobimarket.pl\/index.php\/produkt\/zszywacz-tapicerski-taker-metalowy-4-14mm-zszywki\/\",\"name\":\"ZSZYWACZ TAPICERSKI TAKER METALOWY 4-14MM +ZSZYWKI - BOBIMARKET.pl - Remontuj i urz\u0105dzaj z nami\",\"isPartOf\":{\"@id\":\"https:\/\/bobimarket.pl\/#website\"},\"datePublished\":\"2023-08-29T16:43:03+00:00\",\"dateModified\":\"2025-02-27T13:42:01+00:00\",\"breadcrumb\":{\"@id\":\"https:\/\/bobimarket.pl\/index.php\/produkt\/zszywacz-tapicerski-taker-metalowy-4-14mm-zszywki\/#breadcrumb\"},\"inLanguage\":\"pl-PL\",\"potentialAction\":[{\"@type\":\"ReadAction\",\"target\":[\"https:\/\/bobimarket.pl\/index.php\/produkt\/zszywacz-tapicerski-taker-metalowy-4-14mm-zszywki\/\"]}]},{\"@type\":\"BreadcrumbList\",\"@id\":\"https:\/\/bobimarket.pl\/index.php\/produkt\/zszywacz-tapicerski-taker-metalowy-4-14mm-zszywki\/#breadcrumb\",\"itemListElement\":[{\"@type\":\"ListItem\",\"position\":1,\"name\":\"Strona g\u0142\u00f3wna\",\"item\":\"https:\/\/bobimarket.pl\/\"},{\"@type\":\"ListItem\",\"position\":2,\"name\":\"Sklep\",\"item\":\"https:\/\/bobimarket.pl\/index.php\/shop\/\"},{\"@type\":\"ListItem\",\"position\":3,\"name\":\"ZSZYWACZ TAPICERSKI TAKER METALOWY 4-14MM +ZSZYWKI\"}]},{\"@type\":\"WebSite\",\"@id\":\"https:\/\/bobimarket.pl\/#website\",\"url\":\"https:\/\/bobimarket.pl\/\",\"name\":\"BOBIMARKET.pl - Remontuj i urz\u0105dzaj z nami\",\"description\":\"Remontuj i urz\u0105dzaj z nami\",\"publisher\":{\"@id\":\"https:\/\/bobimarket.pl\/#organization\"},\"potentialAction\":[{\"@type\":\"SearchAction\",\"target\":{\"@type\":\"EntryPoint\",\"urlTemplate\":\"https:\/\/bobimarket.pl\/?s={search_term_string}\"},\"query-input\":\"required name=search_term_string\"}],\"inLanguage\":\"pl-PL\"},{\"@type\":\"Organization\",\"@id\":\"https:\/\/bobimarket.pl\/#organization\",\"name\":\"BOBIMARKET.pl\",\"url\":\"https:\/\/bobimarket.pl\/\",\"logo\":{\"@type\":\"ImageObject\",\"inLanguage\":\"pl-PL\",\"@id\":\"https:\/\/bobimarket.pl\/#\/schema\/logo\/image\/\",\"url\":\"https:\/\/bobimarket.pl\/wp-content\/uploads\/2021\/11\/slogan.png\",\"contentUrl\":\"https:\/\/bobimarket.pl\/wp-content\/uploads\/2021\/11\/slogan.png\",\"width\":2000,\"height\":384,\"caption\":\"BOBIMARKET.pl\"},\"image\":{\"@id\":\"https:\/\/bobimarket.pl\/#\/schema\/logo\/image\/\"}}]}<\/script>\n<!-- \/ Yoast SEO plugin. -->","yoast_head_json":{"title":"ZSZYWACZ TAPICERSKI TAKER METALOWY 4-14MM +ZSZYWKI - BOBIMARKET.pl - Remontuj i urz\u0105dzaj z nami","robots":{"index":"index","follow":"follow","max-snippet":"max-snippet:-1","max-image-preview":"max-image-preview:large","max-video-preview":"max-video-preview:-1"},"canonical":"https:\/\/bobimarket.pl\/index.php\/produkt\/zszywacz-tapicerski-taker-metalowy-4-14mm-zszywki\/","og_locale":"pl_PL","og_type":"article","og_title":"ZSZYWACZ TAPICERSKI TAKER METALOWY 4-14MM +ZSZYWKI - BOBIMARKET.pl - Remontuj i urz\u0105dzaj z nami","og_description":"ZSZYWACZ TAPICERSKI TAKER METALOWY 4-14MM + ZSZYWKI Dane techniczne: Obs\u0142uguje zszywki: 4-14mm Regulacja si\u0142y Blokada uchwytu Metalowa konstrukcja GRATIS! Do zestawu do\u0142\u0105czone opakowanie zszywek 6mm. Wysokiej jako\u015bci zszywacz umo\u017cliwiaj\u0105cy precyzyjne \u0142\u0105czenie materia\u0142\u00f3w z pod\u0142o\u017cem drewnianym lub drewnopodobnym. Nadaje si\u0119 zar\u00f3wno do scalania element\u00f3w wykonanych z tworzyw sztucznych, jak i z surowc\u00f3w naturalnych. Zszywacz jest wygodny     Czytaj wi\u0119cej \"ZSZYWACZ TAPICERSKI TAKER METALOWY 4-14MM +ZSZYWKI\"","og_url":"https:\/\/bobimarket.pl\/index.php\/produkt\/zszywacz-tapicerski-taker-metalowy-4-14mm-zszywki\/","og_site_name":"BOBIMARKET.pl - Remontuj i urz\u0105dzaj z nami","article_modified_time":"2025-02-27T13:42:01+00:00","og_image":[{"url":"https:\/\/upload.cdn.baselinker.com\/products\/14476\/cf4831c4e0824aa209b9688558523628.jpg"}],"twitter_card":"summary_large_image","twitter_misc":{"Szacowany czas czytania":"1 minuta"},"schema":{"@context":"https:\/\/schema.org","@graph":[{"@type":"WebPage","@id":"https:\/\/bobimarket.pl\/index.php\/produkt\/zszywacz-tapicerski-taker-metalowy-4-14mm-zszywki\/","url":"https:\/\/bobimarket.pl\/index.php\/produkt\/zszywacz-tapicerski-taker-metalowy-4-14mm-zszywki\/","name":"ZSZYWACZ TAPICERSKI TAKER METALOWY 4-14MM +ZSZYWKI - BOBIMARKET.pl - Remontuj i urz\u0105dzaj z nami","isPartOf":{"@id":"https:\/\/bobimarket.pl\/#website"},"datePublished":"2023-08-29T16:43:03+00:00","dateModified":"2025-02-27T13:42:01+00:00","breadcrumb":{"@id":"https:\/\/bobimarket.pl\/index.php\/produkt\/zszywacz-tapicerski-taker-metalowy-4-14mm-zszywki\/#breadcrumb"},"inLanguage":"pl-PL","potentialAction":[{"@type":"ReadAction","target":["https:\/\/bobimarket.pl\/index.php\/produkt\/zszywacz-tapicerski-taker-metalowy-4-14mm-zszywki\/"]}]},{"@type":"BreadcrumbList","@id":"https:\/\/bobimarket.pl\/index.php\/produkt\/zszywacz-tapicerski-taker-metalowy-4-14mm-zszywki\/#breadcrumb","itemListElement":[{"@type":"ListItem","position":1,"name":"Strona g\u0142\u00f3wna","item":"https:\/\/bobimarket.pl\/"},{"@type":"ListItem","position":2,"name":"Sklep","item":"https:\/\/bobimarket.pl\/index.php\/shop\/"},{"@type":"ListItem","position":3,"name":"ZSZYWACZ TAPICERSKI TAKER METALOWY 4-14MM +ZSZYWKI"}]},{"@type":"WebSite","@id":"https:\/\/bobimarket.pl\/#website","url":"https:\/\/bobimarket.pl\/","name":"BOBIMARKET.pl - Remontuj i urz\u0105dzaj z nami","description":"Remontuj i urz\u0105dzaj z nami","publisher":{"@id":"https:\/\/bobimarket.pl\/#organization"},"potentialAction":[{"@type":"SearchAction","target":{"@type":"EntryPoint","urlTemplate":"https:\/\/bobimarket.pl\/?s={search_term_string}"},"query-input":"required name=search_term_string"}],"inLanguage":"pl-PL"},{"@type":"Organization","@id":"https:\/\/bobimarket.pl\/#organization","name":"BOBIMARKET.pl","url":"https:\/\/bobimarket.pl\/","logo":{"@type":"ImageObject","inLanguage":"pl-PL","@id":"https:\/\/bobimarket.pl\/#\/schema\/logo\/image\/","url":"https:\/\/bobimarket.pl\/wp-content\/uploads\/2021\/11\/slogan.png","contentUrl":"https:\/\/bobimarket.pl\/wp-content\/uploads\/2021\/11\/slogan.png","width":2000,"height":384,"caption":"BOBIMARKET.pl"},"image":{"@id":"https:\/\/bobimarket.pl\/#\/schema\/logo\/image\/"}}]}},"_links":{"self":[{"href":"https:\/\/bobimarket.pl\/index.php\/wp-json\/wp\/v2\/product\/81536"}],"collection":[{"href":"https:\/\/bobimarket.pl\/index.php\/wp-json\/wp\/v2\/product"}],"about":[{"href":"https:\/\/bobimarket.pl\/index.php\/wp-json\/wp\/v2\/types\/product"}],"wp:featuredmedia":[{"embeddable":true,"href":"https:\/\/bobimarket.pl\/index.php\/wp-json\/wp\/v2\/media\/81530"}],"wp:attachment":[{"href":"https:\/\/bobimarket.pl\/index.php\/wp-json\/wp\/v2\/media?parent=81536"}],"wp:term":[{"taxonomy":"product_cat","embeddable":true,"href":"https:\/\/bobimarket.pl\/index.php\/wp-json\/wp\/v2\/product_cat?post=81536"},{"taxonomy":"product_tag","embeddable":true,"href":"https:\/\/bobimarket.pl\/index.php\/wp-json\/wp\/v2\/product_tag?post=81536"}],"curies":[{"name":"wp","href":"https:\/\/api.w.org\/{rel}","templated":true}]}}