{"id":81553,"date":"2023-08-29T16:44:20","date_gmt":"2023-08-29T16:44:20","guid":{"rendered":"https:\/\/bobimarket.pl\/index.php\/produkt\/ostrzalka-do-pil-lancuchowych-na-kamienie\/"},"modified":"2025-02-27T13:42:05","modified_gmt":"2025-02-27T13:42:05","slug":"ostrzalka-do-pil-lancuchowych-na-kamienie","status":"publish","type":"product","link":"https:\/\/bobimarket.pl\/index.php\/produkt\/ostrzalka-do-pil-lancuchowych-na-kamienie\/","title":{"rendered":"OSTRZA\u0141KA DO PI\u0141 \u0141A\u0143CUCHOWYCH NA KAMIENIE"},"content":{"rendered":"<section class=\"section\">\n<div class=\"item item-12\">\n<section class=\"text-item\">\n<h2>OSTRZA\u0141KA DO PI\u0141 \u0141A\u0143CUCHOWYCH NA KAMIENIE<\/h2>\n<p><b>Dane techniczne:<\/b><\/p>\n<ul>\n<li>Wymiary: <b>14,3 cm x 22,5 cm x 2,6 cm<\/b><\/li>\n<li>Wymiary uchwyt\u00f3w: <b>6 mm x 24 mm<\/b><\/li>\n<li>Materia\u0142: <b>tworzywo sztuczne<\/b><\/li>\n<li>Kompaktowa konstrukcja<\/li>\n<li>Typ urz\u0105dzenia: <b>ostrza\u0142ka do \u0142a\u0144cucha<\/b><\/li>\n<li>2 uchwyty monta\u017cowe<\/li>\n<li>Kamie\u0144 w zestawie<\/li>\n<\/ul>\n<\/section><\/div>\n<\/section>\n<section class=\"section\">\n<div class=\"item item-12\">\n<section class=\"image-item\">\n            <img decoding=\"async\" src=\"https:\/\/upload.cdn.baselinker.com\/products\/14476\/91a1af9166a662b19448101c7ba83bf5.jpg\" \/><br \/>\n        <\/section>\n<\/p><\/div>\n<\/section>\n<section class=\"section\">\n<div class=\"item item-12\">\n<section class=\"text-item\">\n<h2>Je\u017celi chcesz w \u0142atwy i szybki spos\u00f3b naostrzy\u0107 \u0142a\u0144cuch pi\u0142y \u0142a\u0144cuchowej to mamy dla Ciebie idealne rozwi\u0105zanie!<\/h2>\n<p>Praktyczna i solidnie wykonana ostrza\u0142ka, kt\u00f3ra pozwoli naostrzy\u0107 \u0142a\u0144cuch w dowolnie wybranym miejscu. Ostrza\u0142ka jest <b>kompatybilna z wi\u0119kszo\u015bci\u0105 pi\u0142 \u0142a\u0144cuchowych<\/b> z podw\u00f3jnymi otworami dost\u0119pnych na rynku: 14&#8221;\/16&#8221;\/18&#8221;\/20&#8221;. Opr\u00f3cz solidnego wykonania odznacza si\u0119 \u0142atwo\u015bci\u0105 w obs\u0142udze. Jest lekka i por\u0119czna. W zestawie znajduje si\u0119 <b>kamie\u0144 do ostrzenia.<\/b><\/p>\n<\/section><\/div>\n<\/section>\n<section class=\"section\">\n<div class=\"item item-12\">\n<section class=\"image-item\">\n            <img decoding=\"async\" src=\"https:\/\/upload.cdn.baselinker.com\/products\/14476\/bf7ad9edfa433749a5e792696beff9f5.jpg\" \/><br \/>\n        <\/section>\n<\/p><\/div>\n<\/section>\n<section class=\"section\">\n<div class=\"item item-12\">\n<section class=\"text-item\">\n<p>\u2705 Narz\u0119dzie jest<b> wytrzyma\u0142e i \u0142atwe w obs\u0142udze<\/b>. W kr\u00f3tkim czasie pozwala na dok\u0142adne naostrzenie \u0142a\u0144cucha. Daje Ci\u00a0pewno\u015b\u0107, \u017ce <b>zachowane s\u0105\u00a0prawid\u0142owe k\u0105ty\u00a0z\u0119ba tn\u0105cego<\/b>, kt\u00f3re decyduj\u0105 o\u00a0wydajno\u015bci ci\u0119cia\u00a0drewna.<\/p>\n<p>\u2705 Uniwersalne urz\u0105dzenie, kt\u00f3re u\u0142atwi Twoj\u0105 prac\u0119. <b>Pasuje ka\u017cdego typu \u0142a\u0144cuch\u00f3w<\/b> stosowanych w pi\u0142ach spalinowych oraz pilarkach elektrycznych o wszystkich mo\u017cliwych podzia\u0142kach.<\/p>\n<p>\u2705 Narz\u0119dzie zosta\u0142o wyposa\u017cone w dwa uchwyty monta\u017cowe. Ostrza\u0142k\u0119 <b>mo\u017cna dopasowa\u0107 do r\u00f3\u017cnych rodzaj\u00f3w \u0142a\u0144cucha.<\/b> Jeden z uchwyt\u00f3w jest przytwierdzony, a drugi ruchomy i mo\u017cna go wyj\u0105\u0107.<\/p>\n<p>\u2705Ostrza\u0142k\u0119 mo\u017cna stosowa\u0107 w r\u00f3\u017cnych warunkach. <b>Nie wymaga u\u017cycia zasilania.<\/b> Mo\u017ce by\u0107 u\u017cywana w miejscu wykonywania pracy np. lesie lub ogrodzie.<\/p>\n<\/section><\/div>\n<\/section>\n<section class=\"section\">\n<div class=\"item item-12\">\n<section class=\"image-item\">\n            <img decoding=\"async\" src=\"https:\/\/upload.cdn.baselinker.com\/products\/14476\/f770e0588e1380557236c96cb2d3f95d.jpg\" \/><br \/>\n        <\/section>\n<\/p><\/div>\n<\/section>\n<section class=\"section\">\n<div class=\"item item-12\">\n<section class=\"text-item\">\n<p><b>\u2705 Ostrza\u0142ka posiada wiele zalet, kt\u00f3re sprawi\u0105, \u017ce stanie si\u0119 niezast\u0105pionym elementem w\u00a0 Twojej skrzynce narz\u0119dziowej:<\/b><\/p>\n<ul>\n<li>umo\u017cliwia du\u017c\u0105 dok\u0142adno\u015b\u0107 w ostrzeniu, mo\u017cna ja u\u017cywa\u0107 wielokrotnie<\/li>\n<li>jest nie tylko \u0142atwa w obs\u0142udze, ale r\u00f3wnie\u017c \u0142atwa w monta\u017cu, bez trudu zamontujesz j\u0105 na prowadnicy<\/li>\n<li>jest to narz\u0119dzie uniwersalne, kt\u00f3re b\u0119dzie pasowa do ka\u017cdego rodzaju \u0142a\u0144cucha<\/li>\n<li>ostrza\u0142ka zapewnia \u0142atwe ostrzenie \u0142a\u0144cucha bezpo\u015brednio na prowadnicy pilarki<\/li>\n<\/ul>\n<\/section><\/div>\n<\/section>\n<section class=\"section\">\n<div class=\"item item-12\">\n<section class=\"image-item\">\n            <img decoding=\"async\" src=\"https:\/\/upload.cdn.baselinker.com\/products\/14476\/9a5954aa2b48072584bcb66e0d3977fa.jpg\" \/><br \/>\n        <\/section>\n<\/p><\/div>\n<\/section>\n<section class=\"section\">\n<div class=\"item item-12\">\n<section class=\"image-item\">\n            <img decoding=\"async\" src=\"https:\/\/upload.cdn.baselinker.com\/products\/14476\/91a1af9166a662b19448101c7ba83bf5.jpg\" \/><br \/>\n        <\/section>\n<\/p><\/div>\n<\/section>\n<section class=\"section\">\n<div class=\"item item-12\">\n<section class=\"image-item\">\n            <img decoding=\"async\" src=\"https:\/\/upload.cdn.baselinker.com\/products\/14476\/bf7ad9edfa433749a5e792696beff9f5.jpg\" \/><br \/>\n        <\/section>\n<\/p><\/div>\n<\/section>\n<section class=\"section\">\n<div class=\"item item-12\">\n<section class=\"image-item\">\n            <img decoding=\"async\" src=\"https:\/\/upload.cdn.baselinker.com\/products\/14476\/ad8fe671cb6ce518d354196325993826.jpg\" \/><br \/>\n        <\/section>\n<\/p><\/div>\n<\/section>\n","protected":false},"excerpt":{"rendered":"<p>OSTRZA\u0141KA DO PI\u0141 \u0141A\u0143CUCHOWYCH NA KAMIENIE Dane techniczne: Wymiary: 14,3 cm x 22,5 cm x 2,6 cm Wymiary uchwyt\u00f3w: 6 mm x 24 mm Materia\u0142: tworzywo sztuczne Kompaktowa konstrukcja Typ urz\u0105dzenia: ostrza\u0142ka do \u0142a\u0144cucha 2 uchwyty monta\u017cowe Kamie\u0144 w zestawie Je\u017celi chcesz w \u0142atwy i szybki spos\u00f3b naostrzy\u0107 \u0142a\u0144cuch pi\u0142y \u0142a\u0144cuchowej to mamy dla Ciebie<br \/><a class=\"more-link\" href=\"https:\/\/bobimarket.pl\/index.php\/produkt\/ostrzalka-do-pil-lancuchowych-na-kamienie\/\"><br \/>\n        Czytaj wi\u0119cej<span class=\"screen-reader-text\"> &#8222;OSTRZA\u0141KA DO PI\u0141 \u0141A\u0143CUCHOWYCH NA KAMIENIE&#8221;<\/span><\/a><\/p>\n","protected":false},"featured_media":81537,"template":"","meta":[],"product_cat":[8184],"product_tag":[],"yoast_head":"<!-- This site is optimized with the Yoast SEO plugin v21.0 - https:\/\/yoast.com\/wordpress\/plugins\/seo\/ -->\n<title>OSTRZA\u0141KA DO PI\u0141 \u0141A\u0143CUCHOWYCH NA KAMIENIE - BOBIMARKET.pl - Remontuj i urz\u0105dzaj z nami<\/title>\n<meta name=\"robots\" content=\"index, follow, max-snippet:-1, max-image-preview:large, max-video-preview:-1\" \/>\n<link rel=\"canonical\" href=\"https:\/\/bobimarket.pl\/index.php\/produkt\/ostrzalka-do-pil-lancuchowych-na-kamienie\/\" \/>\n<meta property=\"og:locale\" content=\"pl_PL\" \/>\n<meta property=\"og:type\" content=\"article\" \/>\n<meta property=\"og:title\" content=\"OSTRZA\u0141KA DO PI\u0141 \u0141A\u0143CUCHOWYCH NA KAMIENIE - BOBIMARKET.pl - Remontuj i urz\u0105dzaj z nami\" \/>\n<meta property=\"og:description\" content=\"OSTRZA\u0141KA DO PI\u0141 \u0141A\u0143CUCHOWYCH NA KAMIENIE Dane techniczne: Wymiary: 14,3 cm x 22,5 cm x 2,6 cm Wymiary uchwyt\u00f3w: 6 mm x 24 mm Materia\u0142: tworzywo sztuczne Kompaktowa konstrukcja Typ urz\u0105dzenia: ostrza\u0142ka do \u0142a\u0144cucha 2 uchwyty monta\u017cowe Kamie\u0144 w zestawie Je\u017celi chcesz w \u0142atwy i szybki spos\u00f3b naostrzy\u0107 \u0142a\u0144cuch pi\u0142y \u0142a\u0144cuchowej to mamy dla Ciebie     Czytaj wi\u0119cej &quot;OSTRZA\u0141KA DO PI\u0141 \u0141A\u0143CUCHOWYCH NA KAMIENIE&quot;\" \/>\n<meta property=\"og:url\" content=\"https:\/\/bobimarket.pl\/index.php\/produkt\/ostrzalka-do-pil-lancuchowych-na-kamienie\/\" \/>\n<meta property=\"og:site_name\" content=\"BOBIMARKET.pl - Remontuj i urz\u0105dzaj z nami\" \/>\n<meta property=\"article:modified_time\" content=\"2025-02-27T13:42:05+00:00\" \/>\n<meta property=\"og:image\" content=\"https:\/\/upload.cdn.baselinker.com\/products\/14476\/91a1af9166a662b19448101c7ba83bf5.jpg\" \/>\n<meta name=\"twitter:card\" content=\"summary_large_image\" \/>\n<meta name=\"twitter:label1\" content=\"Szacowany czas czytania\" \/>\n\t<meta name=\"twitter:data1\" content=\"2 minuty\" \/>\n<script type=\"application\/ld+json\" class=\"yoast-schema-graph\">{\"@context\":\"https:\/\/schema.org\",\"@graph\":[{\"@type\":\"WebPage\",\"@id\":\"https:\/\/bobimarket.pl\/index.php\/produkt\/ostrzalka-do-pil-lancuchowych-na-kamienie\/\",\"url\":\"https:\/\/bobimarket.pl\/index.php\/produkt\/ostrzalka-do-pil-lancuchowych-na-kamienie\/\",\"name\":\"OSTRZA\u0141KA DO PI\u0141 \u0141A\u0143CUCHOWYCH NA KAMIENIE - BOBIMARKET.pl - Remontuj i urz\u0105dzaj z nami\",\"isPartOf\":{\"@id\":\"https:\/\/bobimarket.pl\/#website\"},\"datePublished\":\"2023-08-29T16:44:20+00:00\",\"dateModified\":\"2025-02-27T13:42:05+00:00\",\"breadcrumb\":{\"@id\":\"https:\/\/bobimarket.pl\/index.php\/produkt\/ostrzalka-do-pil-lancuchowych-na-kamienie\/#breadcrumb\"},\"inLanguage\":\"pl-PL\",\"potentialAction\":[{\"@type\":\"ReadAction\",\"target\":[\"https:\/\/bobimarket.pl\/index.php\/produkt\/ostrzalka-do-pil-lancuchowych-na-kamienie\/\"]}]},{\"@type\":\"BreadcrumbList\",\"@id\":\"https:\/\/bobimarket.pl\/index.php\/produkt\/ostrzalka-do-pil-lancuchowych-na-kamienie\/#breadcrumb\",\"itemListElement\":[{\"@type\":\"ListItem\",\"position\":1,\"name\":\"Strona g\u0142\u00f3wna\",\"item\":\"https:\/\/bobimarket.pl\/\"},{\"@type\":\"ListItem\",\"position\":2,\"name\":\"Sklep\",\"item\":\"https:\/\/bobimarket.pl\/index.php\/shop\/\"},{\"@type\":\"ListItem\",\"position\":3,\"name\":\"OSTRZA\u0141KA DO PI\u0141 \u0141A\u0143CUCHOWYCH NA KAMIENIE\"}]},{\"@type\":\"WebSite\",\"@id\":\"https:\/\/bobimarket.pl\/#website\",\"url\":\"https:\/\/bobimarket.pl\/\",\"name\":\"BOBIMARKET.pl - Remontuj i urz\u0105dzaj z nami\",\"description\":\"Remontuj i urz\u0105dzaj z nami\",\"publisher\":{\"@id\":\"https:\/\/bobimarket.pl\/#organization\"},\"potentialAction\":[{\"@type\":\"SearchAction\",\"target\":{\"@type\":\"EntryPoint\",\"urlTemplate\":\"https:\/\/bobimarket.pl\/?s={search_term_string}\"},\"query-input\":\"required name=search_term_string\"}],\"inLanguage\":\"pl-PL\"},{\"@type\":\"Organization\",\"@id\":\"https:\/\/bobimarket.pl\/#organization\",\"name\":\"BOBIMARKET.pl\",\"url\":\"https:\/\/bobimarket.pl\/\",\"logo\":{\"@type\":\"ImageObject\",\"inLanguage\":\"pl-PL\",\"@id\":\"https:\/\/bobimarket.pl\/#\/schema\/logo\/image\/\",\"url\":\"https:\/\/bobimarket.pl\/wp-content\/uploads\/2021\/11\/slogan.png\",\"contentUrl\":\"https:\/\/bobimarket.pl\/wp-content\/uploads\/2021\/11\/slogan.png\",\"width\":2000,\"height\":384,\"caption\":\"BOBIMARKET.pl\"},\"image\":{\"@id\":\"https:\/\/bobimarket.pl\/#\/schema\/logo\/image\/\"}}]}<\/script>\n<!-- \/ Yoast SEO plugin. -->","yoast_head_json":{"title":"OSTRZA\u0141KA DO PI\u0141 \u0141A\u0143CUCHOWYCH NA KAMIENIE - BOBIMARKET.pl - Remontuj i urz\u0105dzaj z nami","robots":{"index":"index","follow":"follow","max-snippet":"max-snippet:-1","max-image-preview":"max-image-preview:large","max-video-preview":"max-video-preview:-1"},"canonical":"https:\/\/bobimarket.pl\/index.php\/produkt\/ostrzalka-do-pil-lancuchowych-na-kamienie\/","og_locale":"pl_PL","og_type":"article","og_title":"OSTRZA\u0141KA DO PI\u0141 \u0141A\u0143CUCHOWYCH NA KAMIENIE - BOBIMARKET.pl - Remontuj i urz\u0105dzaj z nami","og_description":"OSTRZA\u0141KA DO PI\u0141 \u0141A\u0143CUCHOWYCH NA KAMIENIE Dane techniczne: Wymiary: 14,3 cm x 22,5 cm x 2,6 cm Wymiary uchwyt\u00f3w: 6 mm x 24 mm Materia\u0142: tworzywo sztuczne Kompaktowa konstrukcja Typ urz\u0105dzenia: ostrza\u0142ka do \u0142a\u0144cucha 2 uchwyty monta\u017cowe Kamie\u0144 w zestawie Je\u017celi chcesz w \u0142atwy i szybki spos\u00f3b naostrzy\u0107 \u0142a\u0144cuch pi\u0142y \u0142a\u0144cuchowej to mamy dla Ciebie     Czytaj wi\u0119cej \"OSTRZA\u0141KA DO PI\u0141 \u0141A\u0143CUCHOWYCH NA KAMIENIE\"","og_url":"https:\/\/bobimarket.pl\/index.php\/produkt\/ostrzalka-do-pil-lancuchowych-na-kamienie\/","og_site_name":"BOBIMARKET.pl - Remontuj i urz\u0105dzaj z nami","article_modified_time":"2025-02-27T13:42:05+00:00","og_image":[{"url":"https:\/\/upload.cdn.baselinker.com\/products\/14476\/91a1af9166a662b19448101c7ba83bf5.jpg"}],"twitter_card":"summary_large_image","twitter_misc":{"Szacowany czas czytania":"2 minuty"},"schema":{"@context":"https:\/\/schema.org","@graph":[{"@type":"WebPage","@id":"https:\/\/bobimarket.pl\/index.php\/produkt\/ostrzalka-do-pil-lancuchowych-na-kamienie\/","url":"https:\/\/bobimarket.pl\/index.php\/produkt\/ostrzalka-do-pil-lancuchowych-na-kamienie\/","name":"OSTRZA\u0141KA DO PI\u0141 \u0141A\u0143CUCHOWYCH NA KAMIENIE - BOBIMARKET.pl - Remontuj i urz\u0105dzaj z nami","isPartOf":{"@id":"https:\/\/bobimarket.pl\/#website"},"datePublished":"2023-08-29T16:44:20+00:00","dateModified":"2025-02-27T13:42:05+00:00","breadcrumb":{"@id":"https:\/\/bobimarket.pl\/index.php\/produkt\/ostrzalka-do-pil-lancuchowych-na-kamienie\/#breadcrumb"},"inLanguage":"pl-PL","potentialAction":[{"@type":"ReadAction","target":["https:\/\/bobimarket.pl\/index.php\/produkt\/ostrzalka-do-pil-lancuchowych-na-kamienie\/"]}]},{"@type":"BreadcrumbList","@id":"https:\/\/bobimarket.pl\/index.php\/produkt\/ostrzalka-do-pil-lancuchowych-na-kamienie\/#breadcrumb","itemListElement":[{"@type":"ListItem","position":1,"name":"Strona g\u0142\u00f3wna","item":"https:\/\/bobimarket.pl\/"},{"@type":"ListItem","position":2,"name":"Sklep","item":"https:\/\/bobimarket.pl\/index.php\/shop\/"},{"@type":"ListItem","position":3,"name":"OSTRZA\u0141KA DO PI\u0141 \u0141A\u0143CUCHOWYCH NA KAMIENIE"}]},{"@type":"WebSite","@id":"https:\/\/bobimarket.pl\/#website","url":"https:\/\/bobimarket.pl\/","name":"BOBIMARKET.pl - Remontuj i urz\u0105dzaj z nami","description":"Remontuj i urz\u0105dzaj z nami","publisher":{"@id":"https:\/\/bobimarket.pl\/#organization"},"potentialAction":[{"@type":"SearchAction","target":{"@type":"EntryPoint","urlTemplate":"https:\/\/bobimarket.pl\/?s={search_term_string}"},"query-input":"required name=search_term_string"}],"inLanguage":"pl-PL"},{"@type":"Organization","@id":"https:\/\/bobimarket.pl\/#organization","name":"BOBIMARKET.pl","url":"https:\/\/bobimarket.pl\/","logo":{"@type":"ImageObject","inLanguage":"pl-PL","@id":"https:\/\/bobimarket.pl\/#\/schema\/logo\/image\/","url":"https:\/\/bobimarket.pl\/wp-content\/uploads\/2021\/11\/slogan.png","contentUrl":"https:\/\/bobimarket.pl\/wp-content\/uploads\/2021\/11\/slogan.png","width":2000,"height":384,"caption":"BOBIMARKET.pl"},"image":{"@id":"https:\/\/bobimarket.pl\/#\/schema\/logo\/image\/"}}]}},"_links":{"self":[{"href":"https:\/\/bobimarket.pl\/index.php\/wp-json\/wp\/v2\/product\/81553"}],"collection":[{"href":"https:\/\/bobimarket.pl\/index.php\/wp-json\/wp\/v2\/product"}],"about":[{"href":"https:\/\/bobimarket.pl\/index.php\/wp-json\/wp\/v2\/types\/product"}],"wp:featuredmedia":[{"embeddable":true,"href":"https:\/\/bobimarket.pl\/index.php\/wp-json\/wp\/v2\/media\/81537"}],"wp:attachment":[{"href":"https:\/\/bobimarket.pl\/index.php\/wp-json\/wp\/v2\/media?parent=81553"}],"wp:term":[{"taxonomy":"product_cat","embeddable":true,"href":"https:\/\/bobimarket.pl\/index.php\/wp-json\/wp\/v2\/product_cat?post=81553"},{"taxonomy":"product_tag","embeddable":true,"href":"https:\/\/bobimarket.pl\/index.php\/wp-json\/wp\/v2\/product_tag?post=81553"}],"curies":[{"name":"wp","href":"https:\/\/api.w.org\/{rel}","templated":true}]}}