{"id":81559,"date":"2023-08-29T16:44:54","date_gmt":"2023-08-29T16:44:54","guid":{"rendered":"https:\/\/bobimarket.pl\/index.php\/produkt\/miara-zwijana-metrowka-tasma-stalowa-50m\/"},"modified":"2025-02-27T13:42:09","modified_gmt":"2025-02-27T13:42:09","slug":"miara-zwijana-metrowka-tasma-stalowa-50m","status":"publish","type":"product","link":"https:\/\/bobimarket.pl\/index.php\/produkt\/miara-zwijana-metrowka-tasma-stalowa-50m\/","title":{"rendered":"MIARA ZWIJANA METR\u00d3WKA TA\u015aMA STALOWA 50M"},"content":{"rendered":"<section class=\"section\">\n<div class=\"item item-6\">\n<section class=\"image-item\">\n                <img decoding=\"async\" src=\"https:\/\/upload.cdn.baselinker.com\/products\/14476\/2e82fbe82d516daaae44f6043d70e388.jpg\" \/><br \/>\n            <\/section>\n<\/p><\/div>\n<div class=\"item item-6\">\n<section class=\"text-item\">\n<h2>MIARA ZWIJANA METR\u00d3WKA TA\u015aMA STALOWA 50M<\/h2>\n<p><b>Dane techniczne:<\/b><\/p>\n<ul>\n<li>D\u0142ugo\u015b\u0107: <b>50 m<\/b><\/li>\n<li>Szeroko\u015b\u0107: <b>10 mm<\/b><\/li>\n<li>\u015arednica obudowy: <b>135 mm<\/b><\/li>\n<li>Materia\u0142: <b>tworzywo ABS, stal <\/b><\/li>\n<\/ul>\n<\/section><\/div>\n<\/section>\n<section class=\"section\">\n<div class=\"item item-6\">\n<section class=\"image-item\">\n                <img decoding=\"async\" src=\"https:\/\/upload.cdn.baselinker.com\/products\/14476\/2a787bece973a774221cb69fe11f2d68.jpg\" \/><br \/>\n            <\/section>\n<\/p><\/div>\n<div class=\"item item-6\">\n<section class=\"text-item\">\n<p><b>Podstawowym element wyposa\u017cenia skrzynki narz\u0119dziowej!<\/b><\/p>\n<p>Praktyczna miara o d\u0142ugo\u015bci <b>50 metr\u00f3w. <\/b>Ta\u015bma jest\u00a0zwini\u0119ta na wytrzyma\u0142ej rolce i zamkni\u0119ta w\u00a0lekkiej i odpornej obudowie wykonanej z tworzywa. Miara zwijana jest za pomoc\u0105 sk\u0142adanej korbki.<\/p>\n<ul>\n<li>Posiada<b> dok\u0142adn\u0105 i czyteln\u0105 podzia\u0142k\u0119<\/b> oraz metalowy zaczep na ko\u0144cu ta\u015bmy. Elementy te u\u0142atwiaj\u0105 wykonywanie pomiar\u00f3w.<\/li>\n<li>Ma niewielki rozmiar i <b>zajmuje ma\u0142o miejsca<\/b>. Bez trudno zmie\u015bci si\u0119 w skrzynce z narz\u0119dziami lub zostanie przypi\u0119ta do pasa narz\u0119dziowego.<\/li>\n<li><b>Specjalny uchwyt<\/b> u\u0142atwi jej trzymanie, ta\u015bma nie wy\u015blizguje si\u0119 z r\u0105k.<\/li>\n<\/ul>\n<\/section><\/div>\n<\/section>\n<section class=\"section\">\n<div class=\"item item-6\">\n<section class=\"image-item\">\n                <img decoding=\"async\" src=\"https:\/\/upload.cdn.baselinker.com\/products\/14476\/7acb34477c371feff66ba2e0e1727b96.jpg\" \/><br \/>\n            <\/section>\n<\/p><\/div>\n<div class=\"item item-6\">\n<section class=\"text-item\">\n<p><b>\u2705<\/b><b> Zastosowanie:<\/b><\/p>\n<p>Zwijana metr\u00f3wka to podstawa wyposa\u017cenia przybornika z narz\u0119dziami ka\u017cdego domowego majsterkowicza b\u0105d\u017a profesjonalisty.<\/p>\n<ul>\n<li>Przyda si\u0119 <b>na ka\u017cdym placu budowy.<\/b> Swoje zastosowanie znajdzie r\u00f3wnie\u017c podczas \u00a0prac wyko\u0144czeniowych, malarskich. monta\u017cowych itp.<\/li>\n<li>Pozwala na <b>odmierzenie odleg\u0142o\u015bci i wymierzenie przestrzeni.<\/b> Umo\u017cliwia precyzyjne dokonanie pomiar\u00f3w r\u00f3\u017cnych element\u00f3w.<\/li>\n<\/ul>\n<\/section><\/div>\n<\/section>\n<section class=\"section\">\n<div class=\"item item-12\">\n<section class=\"image-item\">\n                <img decoding=\"async\" src=\"https:\/\/upload.cdn.baselinker.com\/products\/14476\/2a787bece973a774221cb69fe11f2d68.jpg\" \/><br \/>\n            <\/section>\n<\/p><\/div>\n<\/section>\n<section class=\"section\">\n<div class=\"item item-12\">\n<section class=\"image-item\">\n                <img decoding=\"async\" src=\"https:\/\/upload.cdn.baselinker.com\/products\/14476\/2e82fbe82d516daaae44f6043d70e388.jpg\" \/><br \/>\n            <\/section>\n<\/p><\/div>\n<\/section>\n<section class=\"section\">\n<div class=\"item item-12\">\n<section class=\"image-item\">\n                <img decoding=\"async\" src=\"https:\/\/upload.cdn.baselinker.com\/products\/14476\/7acb34477c371feff66ba2e0e1727b96.jpg\" \/><br \/>\n            <\/section>\n<\/p><\/div>\n<\/section>\n<section class=\"section\">\n<div class=\"item item-12\">\n<section class=\"image-item\">\n                <img decoding=\"async\" src=\"https:\/\/upload.cdn.baselinker.com\/products\/14476\/9e60ffa0b53c4862bdae50cc0c8c7223.jpg\" \/><br \/>\n            <\/section>\n<\/p><\/div>\n<\/section>\n","protected":false},"excerpt":{"rendered":"<p>MIARA ZWIJANA METR\u00d3WKA TA\u015aMA STALOWA 50M Dane techniczne: D\u0142ugo\u015b\u0107: 50 m Szeroko\u015b\u0107: 10 mm \u015arednica obudowy: 135 mm Materia\u0142: tworzywo ABS, stal Podstawowym element wyposa\u017cenia skrzynki narz\u0119dziowej! Praktyczna miara o d\u0142ugo\u015bci 50 metr\u00f3w. Ta\u015bma jest\u00a0zwini\u0119ta na wytrzyma\u0142ej rolce i zamkni\u0119ta w\u00a0lekkiej i odpornej obudowie wykonanej z tworzywa. Miara zwijana jest za pomoc\u0105 sk\u0142adanej korbki. Posiada<br \/><a class=\"more-link\" href=\"https:\/\/bobimarket.pl\/index.php\/produkt\/miara-zwijana-metrowka-tasma-stalowa-50m\/\"><br \/>\n        Czytaj wi\u0119cej<span class=\"screen-reader-text\"> &#8222;MIARA ZWIJANA METR\u00d3WKA TA\u015aMA STALOWA 50M&#8221;<\/span><\/a><\/p>\n","protected":false},"featured_media":81554,"template":"","meta":[],"product_cat":[8078],"product_tag":[],"yoast_head":"<!-- This site is optimized with the Yoast SEO plugin v21.0 - https:\/\/yoast.com\/wordpress\/plugins\/seo\/ -->\n<title>MIARA ZWIJANA METR\u00d3WKA TA\u015aMA STALOWA 50M - BOBIMARKET.pl - Remontuj i urz\u0105dzaj z nami<\/title>\n<meta name=\"robots\" content=\"index, follow, max-snippet:-1, max-image-preview:large, max-video-preview:-1\" \/>\n<link rel=\"canonical\" href=\"https:\/\/bobimarket.pl\/index.php\/produkt\/miara-zwijana-metrowka-tasma-stalowa-50m\/\" \/>\n<meta property=\"og:locale\" content=\"pl_PL\" \/>\n<meta property=\"og:type\" content=\"article\" \/>\n<meta property=\"og:title\" content=\"MIARA ZWIJANA METR\u00d3WKA TA\u015aMA STALOWA 50M - BOBIMARKET.pl - Remontuj i urz\u0105dzaj z nami\" \/>\n<meta property=\"og:description\" content=\"MIARA ZWIJANA METR\u00d3WKA TA\u015aMA STALOWA 50M Dane techniczne: D\u0142ugo\u015b\u0107: 50 m Szeroko\u015b\u0107: 10 mm \u015arednica obudowy: 135 mm Materia\u0142: tworzywo ABS, stal Podstawowym element wyposa\u017cenia skrzynki narz\u0119dziowej! Praktyczna miara o d\u0142ugo\u015bci 50 metr\u00f3w. Ta\u015bma jest\u00a0zwini\u0119ta na wytrzyma\u0142ej rolce i zamkni\u0119ta w\u00a0lekkiej i odpornej obudowie wykonanej z tworzywa. Miara zwijana jest za pomoc\u0105 sk\u0142adanej korbki. Posiada     Czytaj wi\u0119cej &quot;MIARA ZWIJANA METR\u00d3WKA TA\u015aMA STALOWA 50M&quot;\" \/>\n<meta property=\"og:url\" content=\"https:\/\/bobimarket.pl\/index.php\/produkt\/miara-zwijana-metrowka-tasma-stalowa-50m\/\" \/>\n<meta property=\"og:site_name\" content=\"BOBIMARKET.pl - Remontuj i urz\u0105dzaj z nami\" \/>\n<meta property=\"article:modified_time\" content=\"2025-02-27T13:42:09+00:00\" \/>\n<meta property=\"og:image\" content=\"https:\/\/upload.cdn.baselinker.com\/products\/14476\/2e82fbe82d516daaae44f6043d70e388.jpg\" \/>\n<meta name=\"twitter:card\" content=\"summary_large_image\" \/>\n<meta name=\"twitter:label1\" content=\"Szacowany czas czytania\" \/>\n\t<meta name=\"twitter:data1\" content=\"1 minuta\" \/>\n<script type=\"application\/ld+json\" class=\"yoast-schema-graph\">{\"@context\":\"https:\/\/schema.org\",\"@graph\":[{\"@type\":\"WebPage\",\"@id\":\"https:\/\/bobimarket.pl\/index.php\/produkt\/miara-zwijana-metrowka-tasma-stalowa-50m\/\",\"url\":\"https:\/\/bobimarket.pl\/index.php\/produkt\/miara-zwijana-metrowka-tasma-stalowa-50m\/\",\"name\":\"MIARA ZWIJANA METR\u00d3WKA TA\u015aMA STALOWA 50M - BOBIMARKET.pl - Remontuj i urz\u0105dzaj z nami\",\"isPartOf\":{\"@id\":\"https:\/\/bobimarket.pl\/#website\"},\"datePublished\":\"2023-08-29T16:44:54+00:00\",\"dateModified\":\"2025-02-27T13:42:09+00:00\",\"breadcrumb\":{\"@id\":\"https:\/\/bobimarket.pl\/index.php\/produkt\/miara-zwijana-metrowka-tasma-stalowa-50m\/#breadcrumb\"},\"inLanguage\":\"pl-PL\",\"potentialAction\":[{\"@type\":\"ReadAction\",\"target\":[\"https:\/\/bobimarket.pl\/index.php\/produkt\/miara-zwijana-metrowka-tasma-stalowa-50m\/\"]}]},{\"@type\":\"BreadcrumbList\",\"@id\":\"https:\/\/bobimarket.pl\/index.php\/produkt\/miara-zwijana-metrowka-tasma-stalowa-50m\/#breadcrumb\",\"itemListElement\":[{\"@type\":\"ListItem\",\"position\":1,\"name\":\"Strona g\u0142\u00f3wna\",\"item\":\"https:\/\/bobimarket.pl\/\"},{\"@type\":\"ListItem\",\"position\":2,\"name\":\"Sklep\",\"item\":\"https:\/\/bobimarket.pl\/index.php\/shop\/\"},{\"@type\":\"ListItem\",\"position\":3,\"name\":\"MIARA ZWIJANA METR\u00d3WKA TA\u015aMA STALOWA 50M\"}]},{\"@type\":\"WebSite\",\"@id\":\"https:\/\/bobimarket.pl\/#website\",\"url\":\"https:\/\/bobimarket.pl\/\",\"name\":\"BOBIMARKET.pl - Remontuj i urz\u0105dzaj z nami\",\"description\":\"Remontuj i urz\u0105dzaj z nami\",\"publisher\":{\"@id\":\"https:\/\/bobimarket.pl\/#organization\"},\"potentialAction\":[{\"@type\":\"SearchAction\",\"target\":{\"@type\":\"EntryPoint\",\"urlTemplate\":\"https:\/\/bobimarket.pl\/?s={search_term_string}\"},\"query-input\":\"required name=search_term_string\"}],\"inLanguage\":\"pl-PL\"},{\"@type\":\"Organization\",\"@id\":\"https:\/\/bobimarket.pl\/#organization\",\"name\":\"BOBIMARKET.pl\",\"url\":\"https:\/\/bobimarket.pl\/\",\"logo\":{\"@type\":\"ImageObject\",\"inLanguage\":\"pl-PL\",\"@id\":\"https:\/\/bobimarket.pl\/#\/schema\/logo\/image\/\",\"url\":\"https:\/\/bobimarket.pl\/wp-content\/uploads\/2021\/11\/slogan.png\",\"contentUrl\":\"https:\/\/bobimarket.pl\/wp-content\/uploads\/2021\/11\/slogan.png\",\"width\":2000,\"height\":384,\"caption\":\"BOBIMARKET.pl\"},\"image\":{\"@id\":\"https:\/\/bobimarket.pl\/#\/schema\/logo\/image\/\"}}]}<\/script>\n<!-- \/ Yoast SEO plugin. -->","yoast_head_json":{"title":"MIARA ZWIJANA METR\u00d3WKA TA\u015aMA STALOWA 50M - BOBIMARKET.pl - Remontuj i urz\u0105dzaj z nami","robots":{"index":"index","follow":"follow","max-snippet":"max-snippet:-1","max-image-preview":"max-image-preview:large","max-video-preview":"max-video-preview:-1"},"canonical":"https:\/\/bobimarket.pl\/index.php\/produkt\/miara-zwijana-metrowka-tasma-stalowa-50m\/","og_locale":"pl_PL","og_type":"article","og_title":"MIARA ZWIJANA METR\u00d3WKA TA\u015aMA STALOWA 50M - BOBIMARKET.pl - Remontuj i urz\u0105dzaj z nami","og_description":"MIARA ZWIJANA METR\u00d3WKA TA\u015aMA STALOWA 50M Dane techniczne: D\u0142ugo\u015b\u0107: 50 m Szeroko\u015b\u0107: 10 mm \u015arednica obudowy: 135 mm Materia\u0142: tworzywo ABS, stal Podstawowym element wyposa\u017cenia skrzynki narz\u0119dziowej! Praktyczna miara o d\u0142ugo\u015bci 50 metr\u00f3w. Ta\u015bma jest\u00a0zwini\u0119ta na wytrzyma\u0142ej rolce i zamkni\u0119ta w\u00a0lekkiej i odpornej obudowie wykonanej z tworzywa. Miara zwijana jest za pomoc\u0105 sk\u0142adanej korbki. Posiada     Czytaj wi\u0119cej \"MIARA ZWIJANA METR\u00d3WKA TA\u015aMA STALOWA 50M\"","og_url":"https:\/\/bobimarket.pl\/index.php\/produkt\/miara-zwijana-metrowka-tasma-stalowa-50m\/","og_site_name":"BOBIMARKET.pl - Remontuj i urz\u0105dzaj z nami","article_modified_time":"2025-02-27T13:42:09+00:00","og_image":[{"url":"https:\/\/upload.cdn.baselinker.com\/products\/14476\/2e82fbe82d516daaae44f6043d70e388.jpg"}],"twitter_card":"summary_large_image","twitter_misc":{"Szacowany czas czytania":"1 minuta"},"schema":{"@context":"https:\/\/schema.org","@graph":[{"@type":"WebPage","@id":"https:\/\/bobimarket.pl\/index.php\/produkt\/miara-zwijana-metrowka-tasma-stalowa-50m\/","url":"https:\/\/bobimarket.pl\/index.php\/produkt\/miara-zwijana-metrowka-tasma-stalowa-50m\/","name":"MIARA ZWIJANA METR\u00d3WKA TA\u015aMA STALOWA 50M - BOBIMARKET.pl - Remontuj i urz\u0105dzaj z nami","isPartOf":{"@id":"https:\/\/bobimarket.pl\/#website"},"datePublished":"2023-08-29T16:44:54+00:00","dateModified":"2025-02-27T13:42:09+00:00","breadcrumb":{"@id":"https:\/\/bobimarket.pl\/index.php\/produkt\/miara-zwijana-metrowka-tasma-stalowa-50m\/#breadcrumb"},"inLanguage":"pl-PL","potentialAction":[{"@type":"ReadAction","target":["https:\/\/bobimarket.pl\/index.php\/produkt\/miara-zwijana-metrowka-tasma-stalowa-50m\/"]}]},{"@type":"BreadcrumbList","@id":"https:\/\/bobimarket.pl\/index.php\/produkt\/miara-zwijana-metrowka-tasma-stalowa-50m\/#breadcrumb","itemListElement":[{"@type":"ListItem","position":1,"name":"Strona g\u0142\u00f3wna","item":"https:\/\/bobimarket.pl\/"},{"@type":"ListItem","position":2,"name":"Sklep","item":"https:\/\/bobimarket.pl\/index.php\/shop\/"},{"@type":"ListItem","position":3,"name":"MIARA ZWIJANA METR\u00d3WKA TA\u015aMA STALOWA 50M"}]},{"@type":"WebSite","@id":"https:\/\/bobimarket.pl\/#website","url":"https:\/\/bobimarket.pl\/","name":"BOBIMARKET.pl - Remontuj i urz\u0105dzaj z nami","description":"Remontuj i urz\u0105dzaj z nami","publisher":{"@id":"https:\/\/bobimarket.pl\/#organization"},"potentialAction":[{"@type":"SearchAction","target":{"@type":"EntryPoint","urlTemplate":"https:\/\/bobimarket.pl\/?s={search_term_string}"},"query-input":"required name=search_term_string"}],"inLanguage":"pl-PL"},{"@type":"Organization","@id":"https:\/\/bobimarket.pl\/#organization","name":"BOBIMARKET.pl","url":"https:\/\/bobimarket.pl\/","logo":{"@type":"ImageObject","inLanguage":"pl-PL","@id":"https:\/\/bobimarket.pl\/#\/schema\/logo\/image\/","url":"https:\/\/bobimarket.pl\/wp-content\/uploads\/2021\/11\/slogan.png","contentUrl":"https:\/\/bobimarket.pl\/wp-content\/uploads\/2021\/11\/slogan.png","width":2000,"height":384,"caption":"BOBIMARKET.pl"},"image":{"@id":"https:\/\/bobimarket.pl\/#\/schema\/logo\/image\/"}}]}},"_links":{"self":[{"href":"https:\/\/bobimarket.pl\/index.php\/wp-json\/wp\/v2\/product\/81559"}],"collection":[{"href":"https:\/\/bobimarket.pl\/index.php\/wp-json\/wp\/v2\/product"}],"about":[{"href":"https:\/\/bobimarket.pl\/index.php\/wp-json\/wp\/v2\/types\/product"}],"wp:featuredmedia":[{"embeddable":true,"href":"https:\/\/bobimarket.pl\/index.php\/wp-json\/wp\/v2\/media\/81554"}],"wp:attachment":[{"href":"https:\/\/bobimarket.pl\/index.php\/wp-json\/wp\/v2\/media?parent=81559"}],"wp:term":[{"taxonomy":"product_cat","embeddable":true,"href":"https:\/\/bobimarket.pl\/index.php\/wp-json\/wp\/v2\/product_cat?post=81559"},{"taxonomy":"product_tag","embeddable":true,"href":"https:\/\/bobimarket.pl\/index.php\/wp-json\/wp\/v2\/product_tag?post=81559"}],"curies":[{"name":"wp","href":"https:\/\/api.w.org\/{rel}","templated":true}]}}